{"id":5389,"date":"2022-12-15T13:22:39","date_gmt":"2022-12-15T12:22:39","guid":{"rendered":"https:\/\/www.werecycle.ch\/?post_type=product&#038;p=5389"},"modified":"2026-01-29T11:11:50","modified_gmt":"2026-01-29T10:11:50","slug":"aevor-daypack-chilled-rose","status":"publish","type":"product","link":"https:\/\/www.werecycle.ch\/en\/shop\/bekleidung\/taschen-rucksaecke\/aevor-daypack-chilled-rose\/","title":{"rendered":"AEVOR Daypack Chilled Rose"},"content":{"rendered":"<p>Der praktischer Rucksack der Marke AEVOR aus strapazierf\u00e4higem und wasserabweisendem Material bietet einen grossz\u00fcgigen Stauraum und ein gepolstertes Laptopfach. Der sportliche und gleichzeitig edle Rucksack zeichnet sich durch geschickte Aufteilung der Taschen und ein schickes Design aus. Das Volumen l\u00e4sst sich von 18 auf 28 Liter erweitern. Dieser Rucksack besteht zu 50% aus recycelten PET-Flaschen, dies ist schonend f\u00fcr die Umwelt und sorgt f\u00fcr weniger M\u00fcll in der Natur. Nicht umsonst wurde er mit dem &#8222;German Design Award 2017&#8220; ausgezeichnet.<\/p>\n<p>&nbsp;<\/p>\n<ul>\n<li>wasserdichtes Aussenmaterial<\/li>\n<li>erweiterbar von 18 auf 28 Liter<\/li>\n<li>Aussenstoffe zu 100 % aus recycelten PET-Flaschen<\/li>\n<li>gepolstertes 15\u201c Laptopfach (bis 34 x 25 x 2 cm)<\/li>\n<li>zwei Mesh-Innentaschen<\/li>\n<li>verstecktes Zipper-Fach am R\u00fccken<\/li>\n<li>Zipper Front-Fach<\/li>\n<li>grosses Hauptfach mit umlaufendem 2-Wege Zipper<\/li>\n<li>stufenlos verstellbarer Brustgurt<\/li>\n<li>lackierte Aluschnallen<\/li>\n<li>atmungsaktives gepolstertes R\u00fcckenteil<\/li>\n<li>ergonomische Schultergurte<\/li>\n<li>schneller Zugang durch Zipper von oben<\/li>\n<\/ul>\n<p>&nbsp;<\/p>\n<ul>\n<li>Gewicht: 850 g<\/li>\n<li>Gr\u00f6sse: 34 x 14 x 48 cm<\/li>\n<li>Volumen: 18 &#8211; 28 Liter erweiterbar<\/li>\n<li>Farbe: Chilled Rose<\/li>\n<\/ul>\n<p>&nbsp;<\/p>\n<p><img decoding=\"async\" class=\"alignnone wp-image-5289\" src=\"https:\/\/www.werecycle.ch\/wp-content\/uploads\/2022\/12\/aevor-garn.webp\" alt=\"\" width=\"176\" height=\"120\" \/> <strong>Recyceltes Material &#8211; fair hergestellt<\/strong><\/p>\n<p>Bestehend aus recyceltem PET, Fair Wair, Bio-Baumwolle, bluesign<\/p>\n<p><img decoding=\"async\" class=\"alignnone wp-image-5290\" src=\"https:\/\/www.werecycle.ch\/wp-content\/uploads\/2022\/12\/aevor-rucksack.webp\" alt=\"\" width=\"176\" height=\"120\" \/><strong>Es war einmal eine PET Flasche<\/strong><\/p>\n<p>Nachhaltig bis zum Schluss<\/p>","protected":false},"excerpt":{"rendered":"<p>Der sportliche und gleichzeitig edle Rucksack zeichnet sich durch geschickte Aufteilung der Taschen und ein schickes Design aus. Das Volumen l\u00e4sst sich von 18 auf 28 Liter erweitern<\/p>\n<p>Volumen: 18 &#8211; 28 Liter<br \/>\nGewicht: 850 Gramm<\/p>","protected":false},"featured_media":5398,"template":"","meta":{"ocean_post_layout":"","ocean_both_sidebars_style":"","ocean_both_sidebars_content_width":0,"ocean_both_sidebars_sidebars_width":0,"ocean_sidebar":"0","ocean_second_sidebar":"0","ocean_disable_margins":"enable","ocean_add_body_class":"","ocean_shortcode_before_top_bar":"","ocean_shortcode_after_top_bar":"","ocean_shortcode_before_header":"","ocean_shortcode_after_header":"","ocean_has_shortcode":"","ocean_shortcode_after_title":"","ocean_shortcode_before_footer_widgets":"","ocean_shortcode_after_footer_widgets":"","ocean_shortcode_before_footer_bottom":"","ocean_shortcode_after_footer_bottom":"","ocean_display_top_bar":"default","ocean_display_header":"default","ocean_header_style":"","ocean_center_header_left_menu":"0","ocean_custom_header_template":"0","ocean_custom_logo":0,"ocean_custom_retina_logo":0,"ocean_custom_logo_max_width":0,"ocean_custom_logo_tablet_max_width":0,"ocean_custom_logo_mobile_max_width":0,"ocean_custom_logo_max_height":0,"ocean_custom_logo_tablet_max_height":0,"ocean_custom_logo_mobile_max_height":0,"ocean_header_custom_menu":"0","ocean_menu_typo_font_family":"0","ocean_menu_typo_font_subset":"","ocean_menu_typo_font_size":0,"ocean_menu_typo_font_size_tablet":0,"ocean_menu_typo_font_size_mobile":0,"ocean_menu_typo_font_size_unit":"px","ocean_menu_typo_font_weight":"","ocean_menu_typo_font_weight_tablet":"","ocean_menu_typo_font_weight_mobile":"","ocean_menu_typo_transform":"","ocean_menu_typo_transform_tablet":"","ocean_menu_typo_transform_mobile":"","ocean_menu_typo_line_height":0,"ocean_menu_typo_line_height_tablet":0,"ocean_menu_typo_line_height_mobile":0,"ocean_menu_typo_line_height_unit":"","ocean_menu_typo_spacing":0,"ocean_menu_typo_spacing_tablet":0,"ocean_menu_typo_spacing_mobile":0,"ocean_menu_typo_spacing_unit":"","ocean_menu_link_color":"","ocean_menu_link_color_hover":"","ocean_menu_link_color_active":"","ocean_menu_link_background":"","ocean_menu_link_hover_background":"","ocean_menu_link_active_background":"","ocean_menu_social_links_bg":"","ocean_menu_social_hover_links_bg":"","ocean_menu_social_links_color":"","ocean_menu_social_hover_links_color":"","ocean_disable_title":"default","ocean_disable_heading":"default","ocean_post_title":"","ocean_post_subheading":"","ocean_post_title_style":"","ocean_post_title_background_color":"","ocean_post_title_background":0,"ocean_post_title_bg_image_position":"","ocean_post_title_bg_image_attachment":"","ocean_post_title_bg_image_repeat":"","ocean_post_title_bg_image_size":"","ocean_post_title_height":0,"ocean_post_title_bg_overlay":0.5,"ocean_post_title_bg_overlay_color":"","ocean_disable_breadcrumbs":"default","ocean_breadcrumbs_color":"","ocean_breadcrumbs_separator_color":"","ocean_breadcrumbs_links_color":"","ocean_breadcrumbs_links_hover_color":"","ocean_display_footer_widgets":"default","ocean_display_footer_bottom":"default","ocean_custom_footer_template":"0","ofc_meta_disable_footer_callout":"","ofc_meta_callout_button_url":"","ofc_meta_callout_button_txt":"","ofc_meta_callout_text":"","osh_disable_topbar_sticky":"default","osh_disable_header_sticky":"default","osh_sticky_header_style":"default","osh_sticky_header_effect":"","osh_custom_sticky_logo":0,"osh_custom_retina_sticky_logo":0,"osh_custom_sticky_logo_height":0,"osh_background_color":"","osh_links_color":"","osh_links_hover_color":"","osh_links_active_color":"","osh_links_bg_color":"","osh_links_hover_bg_color":"","osh_links_active_bg_color":"","osh_menu_social_links_color":"","osh_menu_social_hover_links_color":""},"product_brand":[2686],"product_cat":[71],"product_tag":[342,348,344,237],"class_list":{"0":"post-5389","1":"product","2":"type-product","3":"status-publish","4":"has-post-thumbnail","6":"product_brand-aevor","7":"product_cat-taschen-rucksaecke","8":"product_tag-aevor","9":"product_tag-chilled-rose","10":"product_tag-daypack","11":"product_tag-rucksack","12":"product_shipping_class-paket","14":"entry","15":"has-media","17":"first","18":"instock","19":"taxable","20":"shipping-taxable","21":"purchasable","22":"product-type-simple","23":"col","24":"span_1_of_3","25":"owp-content-center","26":"item-entry","27":"owp-thumbs-layout-horizontal","28":"owp-btn-normal","29":"owp-tabs-layout-horizontal","30":"circle-sale"},"yoast_head":"<!-- This site is optimized with the Yoast SEO plugin v27.5 - https:\/\/yoast.com\/product\/yoast-seo-wordpress\/ -->\n<title>AEVOR Daypack Chilled Rose - WeRecycle.ch | WR Group AG<\/title>\n<meta name=\"description\" content=\"Der sportliche und gleichzeitig edle Rucksack von AEVOR. Das Volumen l\u00e4sst sich von 18 auf 28 Liter erweitern. Volumen: 18 - 28 Liter Gewicht: 850 Gramm\" \/>\n<meta name=\"robots\" content=\"index, follow, max-snippet:-1, max-image-preview:large, max-video-preview:-1\" \/>\n<link rel=\"canonical\" href=\"https:\/\/www.werecycle.ch\/en\/shop\/bekleidung\/taschen-rucksaecke\/aevor-daypack-chilled-rose\/\" \/>\n<meta property=\"og:locale\" content=\"en_GB\" \/>\n<meta property=\"og:type\" content=\"article\" \/>\n<meta property=\"og:title\" content=\"AEVOR Daypack Chilled Rose - WeRecycle.ch | WR Group AG\" \/>\n<meta property=\"og:description\" content=\"Der sportliche und gleichzeitig edle Rucksack von AEVOR. Das Volumen l\u00e4sst sich von 18 auf 28 Liter erweitern. Volumen: 18 - 28 Liter Gewicht: 850 Gramm\" \/>\n<meta property=\"og:url\" content=\"https:\/\/www.werecycle.ch\/en\/shop\/bekleidung\/taschen-rucksaecke\/aevor-daypack-chilled-rose\/\" \/>\n<meta property=\"og:site_name\" content=\"WeRecycle.ch | WR Group AG\" \/>\n<meta property=\"article:publisher\" content=\"https:\/\/www.facebook.com\/www.werecycle.ch\" \/>\n<meta property=\"article:modified_time\" content=\"2026-01-29T10:11:50+00:00\" \/>\n<meta property=\"og:image\" content=\"https:\/\/www.werecycle.ch\/wp-content\/uploads\/2022\/12\/481003.webp\" \/>\n\t<meta property=\"og:image:width\" content=\"1200\" \/>\n\t<meta property=\"og:image:height\" content=\"1200\" \/>\n\t<meta property=\"og:image:type\" content=\"image\/webp\" \/>\n<meta name=\"twitter:card\" content=\"summary_large_image\" \/>\n<script type=\"application\/ld+json\" class=\"yoast-schema-graph\">{\"@context\":\"https:\\\/\\\/schema.org\",\"@graph\":[{\"@type\":\"WebPage\",\"@id\":\"https:\\\/\\\/www.werecycle.ch\\\/shop\\\/bekleidung\\\/taschen-rucksaecke\\\/aevor-daypack-chilled-rose\\\/\",\"url\":\"https:\\\/\\\/www.werecycle.ch\\\/shop\\\/bekleidung\\\/taschen-rucksaecke\\\/aevor-daypack-chilled-rose\\\/\",\"name\":\"AEVOR Daypack Chilled Rose - WeRecycle.ch | WR Group AG\",\"isPartOf\":{\"@id\":\"https:\\\/\\\/www.werecycle.ch\\\/de\\\/#website\"},\"primaryImageOfPage\":{\"@id\":\"https:\\\/\\\/www.werecycle.ch\\\/shop\\\/bekleidung\\\/taschen-rucksaecke\\\/aevor-daypack-chilled-rose\\\/#primaryimage\"},\"image\":{\"@id\":\"https:\\\/\\\/www.werecycle.ch\\\/shop\\\/bekleidung\\\/taschen-rucksaecke\\\/aevor-daypack-chilled-rose\\\/#primaryimage\"},\"thumbnailUrl\":\"https:\\\/\\\/www.werecycle.ch\\\/wp-content\\\/uploads\\\/2022\\\/12\\\/481003.webp\",\"datePublished\":\"2022-12-15T12:22:39+00:00\",\"dateModified\":\"2026-01-29T10:11:50+00:00\",\"description\":\"Der sportliche und gleichzeitig edle Rucksack von AEVOR. Das Volumen l\u00e4sst sich von 18 auf 28 Liter erweitern. Volumen: 18 - 28 Liter Gewicht: 850 Gramm\",\"breadcrumb\":{\"@id\":\"https:\\\/\\\/www.werecycle.ch\\\/shop\\\/bekleidung\\\/taschen-rucksaecke\\\/aevor-daypack-chilled-rose\\\/#breadcrumb\"},\"inLanguage\":\"en-GB\",\"potentialAction\":[{\"@type\":\"ReadAction\",\"target\":[\"https:\\\/\\\/www.werecycle.ch\\\/shop\\\/bekleidung\\\/taschen-rucksaecke\\\/aevor-daypack-chilled-rose\\\/\"]}]},{\"@type\":\"ImageObject\",\"inLanguage\":\"en-GB\",\"@id\":\"https:\\\/\\\/www.werecycle.ch\\\/shop\\\/bekleidung\\\/taschen-rucksaecke\\\/aevor-daypack-chilled-rose\\\/#primaryimage\",\"url\":\"https:\\\/\\\/www.werecycle.ch\\\/wp-content\\\/uploads\\\/2022\\\/12\\\/481003.webp\",\"contentUrl\":\"https:\\\/\\\/www.werecycle.ch\\\/wp-content\\\/uploads\\\/2022\\\/12\\\/481003.webp\",\"width\":1200,\"height\":1200},{\"@type\":\"BreadcrumbList\",\"@id\":\"https:\\\/\\\/www.werecycle.ch\\\/shop\\\/bekleidung\\\/taschen-rucksaecke\\\/aevor-daypack-chilled-rose\\\/#breadcrumb\",\"itemListElement\":[{\"@type\":\"ListItem\",\"position\":1,\"name\":\"Startseite\",\"item\":\"https:\\\/\\\/www.werecycle.ch\\\/\"},{\"@type\":\"ListItem\",\"position\":2,\"name\":\"Shop\",\"item\":\"https:\\\/\\\/www.werecycle.ch\\\/de\\\/shop\\\/\"},{\"@type\":\"ListItem\",\"position\":3,\"name\":\"AEVOR Daypack Chilled Rose\"}]},{\"@type\":\"WebSite\",\"@id\":\"https:\\\/\\\/www.werecycle.ch\\\/de\\\/#website\",\"url\":\"https:\\\/\\\/www.werecycle.ch\\\/de\\\/\",\"name\":\"WeRecycle.ch | Recycling Services AG\",\"description\":\"\",\"publisher\":{\"@id\":\"https:\\\/\\\/www.werecycle.ch\\\/de\\\/#organization\"},\"potentialAction\":[{\"@type\":\"SearchAction\",\"target\":{\"@type\":\"EntryPoint\",\"urlTemplate\":\"https:\\\/\\\/www.werecycle.ch\\\/de\\\/?s={search_term_string}\"},\"query-input\":{\"@type\":\"PropertyValueSpecification\",\"valueRequired\":true,\"valueName\":\"search_term_string\"}}],\"inLanguage\":\"en-GB\"},{\"@type\":\"Organization\",\"@id\":\"https:\\\/\\\/www.werecycle.ch\\\/de\\\/#organization\",\"name\":\"WeRecycle.ch | Recycling Services AG\",\"url\":\"https:\\\/\\\/www.werecycle.ch\\\/de\\\/\",\"logo\":{\"@type\":\"ImageObject\",\"inLanguage\":\"en-GB\",\"@id\":\"https:\\\/\\\/www.werecycle.ch\\\/de\\\/#\\\/schema\\\/logo\\\/image\\\/\",\"url\":\"https:\\\/\\\/www.werecycle.ch\\\/wp-content\\\/uploads\\\/2022\\\/09\\\/logo_werecycle.webp\",\"contentUrl\":\"https:\\\/\\\/www.werecycle.ch\\\/wp-content\\\/uploads\\\/2022\\\/09\\\/logo_werecycle.webp\",\"width\":1423,\"height\":427,\"caption\":\"WeRecycle.ch | Recycling Services AG\"},\"image\":{\"@id\":\"https:\\\/\\\/www.werecycle.ch\\\/de\\\/#\\\/schema\\\/logo\\\/image\\\/\"},\"sameAs\":[\"https:\\\/\\\/www.facebook.com\\\/www.werecycle.ch\"]}]}<\/script>\n<!-- \/ Yoast SEO plugin. -->","yoast_head_json":{"title":"AEVOR Daypack Chilled Rose - WeRecycle.ch | WR Group AG","description":"Der sportliche und gleichzeitig edle Rucksack von AEVOR. Das Volumen l\u00e4sst sich von 18 auf 28 Liter erweitern. Volumen: 18 - 28 Liter Gewicht: 850 Gramm","robots":{"index":"index","follow":"follow","max-snippet":"max-snippet:-1","max-image-preview":"max-image-preview:large","max-video-preview":"max-video-preview:-1"},"canonical":"https:\/\/www.werecycle.ch\/en\/shop\/bekleidung\/taschen-rucksaecke\/aevor-daypack-chilled-rose\/","og_locale":"en_GB","og_type":"article","og_title":"AEVOR Daypack Chilled Rose - WeRecycle.ch | WR Group AG","og_description":"Der sportliche und gleichzeitig edle Rucksack von AEVOR. Das Volumen l\u00e4sst sich von 18 auf 28 Liter erweitern. Volumen: 18 - 28 Liter Gewicht: 850 Gramm","og_url":"https:\/\/www.werecycle.ch\/en\/shop\/bekleidung\/taschen-rucksaecke\/aevor-daypack-chilled-rose\/","og_site_name":"WeRecycle.ch | WR Group AG","article_publisher":"https:\/\/www.facebook.com\/www.werecycle.ch","article_modified_time":"2026-01-29T10:11:50+00:00","og_image":[{"width":1200,"height":1200,"url":"https:\/\/www.werecycle.ch\/wp-content\/uploads\/2022\/12\/481003.webp","type":"image\/webp"}],"twitter_card":"summary_large_image","schema":{"@context":"https:\/\/schema.org","@graph":[{"@type":"WebPage","@id":"https:\/\/www.werecycle.ch\/shop\/bekleidung\/taschen-rucksaecke\/aevor-daypack-chilled-rose\/","url":"https:\/\/www.werecycle.ch\/shop\/bekleidung\/taschen-rucksaecke\/aevor-daypack-chilled-rose\/","name":"AEVOR Daypack Chilled Rose - WeRecycle.ch | WR Group AG","isPartOf":{"@id":"https:\/\/www.werecycle.ch\/de\/#website"},"primaryImageOfPage":{"@id":"https:\/\/www.werecycle.ch\/shop\/bekleidung\/taschen-rucksaecke\/aevor-daypack-chilled-rose\/#primaryimage"},"image":{"@id":"https:\/\/www.werecycle.ch\/shop\/bekleidung\/taschen-rucksaecke\/aevor-daypack-chilled-rose\/#primaryimage"},"thumbnailUrl":"https:\/\/www.werecycle.ch\/wp-content\/uploads\/2022\/12\/481003.webp","datePublished":"2022-12-15T12:22:39+00:00","dateModified":"2026-01-29T10:11:50+00:00","description":"Der sportliche und gleichzeitig edle Rucksack von AEVOR. Das Volumen l\u00e4sst sich von 18 auf 28 Liter erweitern. Volumen: 18 - 28 Liter Gewicht: 850 Gramm","breadcrumb":{"@id":"https:\/\/www.werecycle.ch\/shop\/bekleidung\/taschen-rucksaecke\/aevor-daypack-chilled-rose\/#breadcrumb"},"inLanguage":"en-GB","potentialAction":[{"@type":"ReadAction","target":["https:\/\/www.werecycle.ch\/shop\/bekleidung\/taschen-rucksaecke\/aevor-daypack-chilled-rose\/"]}]},{"@type":"ImageObject","inLanguage":"en-GB","@id":"https:\/\/www.werecycle.ch\/shop\/bekleidung\/taschen-rucksaecke\/aevor-daypack-chilled-rose\/#primaryimage","url":"https:\/\/www.werecycle.ch\/wp-content\/uploads\/2022\/12\/481003.webp","contentUrl":"https:\/\/www.werecycle.ch\/wp-content\/uploads\/2022\/12\/481003.webp","width":1200,"height":1200},{"@type":"BreadcrumbList","@id":"https:\/\/www.werecycle.ch\/shop\/bekleidung\/taschen-rucksaecke\/aevor-daypack-chilled-rose\/#breadcrumb","itemListElement":[{"@type":"ListItem","position":1,"name":"Startseite","item":"https:\/\/www.werecycle.ch\/"},{"@type":"ListItem","position":2,"name":"Shop","item":"https:\/\/www.werecycle.ch\/de\/shop\/"},{"@type":"ListItem","position":3,"name":"AEVOR Daypack Chilled Rose"}]},{"@type":"WebSite","@id":"https:\/\/www.werecycle.ch\/de\/#website","url":"https:\/\/www.werecycle.ch\/de\/","name":"WeRecycle.ch | Recycling Services AG","description":"","publisher":{"@id":"https:\/\/www.werecycle.ch\/de\/#organization"},"potentialAction":[{"@type":"SearchAction","target":{"@type":"EntryPoint","urlTemplate":"https:\/\/www.werecycle.ch\/de\/?s={search_term_string}"},"query-input":{"@type":"PropertyValueSpecification","valueRequired":true,"valueName":"search_term_string"}}],"inLanguage":"en-GB"},{"@type":"Organization","@id":"https:\/\/www.werecycle.ch\/de\/#organization","name":"WeRecycle.ch | Recycling Services AG","url":"https:\/\/www.werecycle.ch\/de\/","logo":{"@type":"ImageObject","inLanguage":"en-GB","@id":"https:\/\/www.werecycle.ch\/de\/#\/schema\/logo\/image\/","url":"https:\/\/www.werecycle.ch\/wp-content\/uploads\/2022\/09\/logo_werecycle.webp","contentUrl":"https:\/\/www.werecycle.ch\/wp-content\/uploads\/2022\/09\/logo_werecycle.webp","width":1423,"height":427,"caption":"WeRecycle.ch | Recycling Services AG"},"image":{"@id":"https:\/\/www.werecycle.ch\/de\/#\/schema\/logo\/image\/"},"sameAs":["https:\/\/www.facebook.com\/www.werecycle.ch"]}]}},"tiered_pricing_type":"fixed","tiered_pricing_fixed_rules":[],"tiered_pricing_product_settings":{"layout":"default","base_unit_name":{"singular":null,"plural":null},"default_variation":null},"tiered_pricing_minimum_quantity":null,"tiered_pricing_roles_data":[],"tiered_pricing_percentage_rules":[],"_links":{"self":[{"href":"https:\/\/www.werecycle.ch\/en\/wp-json\/wp\/v2\/product\/5389","targetHints":{"allow":["GET"]}}],"collection":[{"href":"https:\/\/www.werecycle.ch\/en\/wp-json\/wp\/v2\/product"}],"about":[{"href":"https:\/\/www.werecycle.ch\/en\/wp-json\/wp\/v2\/types\/product"}],"wp:featuredmedia":[{"embeddable":true,"href":"https:\/\/www.werecycle.ch\/en\/wp-json\/wp\/v2\/media\/5398"}],"wp:attachment":[{"href":"https:\/\/www.werecycle.ch\/en\/wp-json\/wp\/v2\/media?parent=5389"}],"wp:term":[{"taxonomy":"product_brand","embeddable":true,"href":"https:\/\/www.werecycle.ch\/en\/wp-json\/wp\/v2\/product_brand?post=5389"},{"taxonomy":"product_cat","embeddable":true,"href":"https:\/\/www.werecycle.ch\/en\/wp-json\/wp\/v2\/product_cat?post=5389"},{"taxonomy":"product_tag","embeddable":true,"href":"https:\/\/www.werecycle.ch\/en\/wp-json\/wp\/v2\/product_tag?post=5389"}],"curies":[{"name":"wp","href":"https:\/\/api.w.org\/{rel}","templated":true}]}}