{"id":3084,"date":"2022-10-25T15:15:26","date_gmt":"2022-10-25T13:15:26","guid":{"rendered":"https:\/\/www.werecycle.ch\/?post_type=product&#038;p=3084"},"modified":"2025-07-22T06:59:11","modified_gmt":"2025-07-22T05:59:11","slug":"bettyhula-koerperfeuchtigkeitscreme-rum-blackcurrant-120ml","status":"publish","type":"product","link":"https:\/\/www.werecycle.ch\/en\/shop\/wohlbefinden-wellness\/koerperpflege\/bettyhula-koerperfeuchtigkeitscreme-rum-blackcurrant-120ml\/","title":{"rendered":"Bettyhula K\u00f6rperfeuchtigkeitscreme Rum &amp; Blackcurrant"},"content":{"rendered":"<div>\n<div>RUM &amp; SCHWARZE JOHANNISBEERE: Inspiriert von den pazifischen Inseln entf\u00fchrt dieser Duft mit seinem s\u00fc\u00dfen, fruchtigen Urlaubsaroma an einen sonnenverw\u00f6hnten Strand.<\/div>\n<div><\/div>\n<div>Jeden Tag liebevoll aufgetragen, wird Ihre Haut mit unserer Mischung aus Sheabutter, Kakaobutter, Kokosnuss\u00f6l und Aloe Vera wieder jung. Diese nat\u00fcrlichen Inhaltsstoffe, die sorgf\u00e4ltig aufgrund ihrer pflegenden Eigenschaften ausgew\u00e4hlt wurden, hinterlassen ein weiches Hautgef\u00fchl, ein strahlendes Aussehen und einen herrlichen Duft. Gut zur Linderung von Anzeichen von Dehnungsstreifen, ver\u00e4ngstigter, trockener\/empfindlicher Haut und zur Linderung von Sonnenbrand.<\/div>\n<\/div>\n<div>\n<ul>\n<li>Inhalt: 120ml<\/li>\n<li>nat\u00fcrliche Zutaten<\/li>\n<li>Frei von F\u00fcllstoffen &amp; Silikonen<\/li>\n<li>besonders hautvertr\u00e4glich<\/li>\n<li>Hochwertige Inhaltsstoffe<\/li>\n<li>edles Glasgef\u00e4ss<\/li>\n<\/ul>\n<\/div>","protected":false},"excerpt":{"rendered":"<div>\n<p class=\"product--title\">RUM &amp; SCHWARZE JOHANNISBEERE: Inspiriert von den pazifischen Inseln entf\u00fchrt dieser Duft mit seinem s\u00fc\u00dfen, fruchtigen Urlaubsaroma an einen sonnenverw\u00f6hnten Strand.<\/p>\n<\/div>\n<div>120ml K\u00f6rperfeuchtigkeitscreme aus nat\u00fcrlichen Zutaten &#8211; Frei von F\u00fcllstoffen und Silikonen, Linderung bei Sonnenbrand<\/div>\n<div><\/div>\n<div><\/div>\n<div>\n<p><strong><span style=\"color: #0fc789;\">AUSVERKAUF\u00a0<\/span><\/strong><\/p>\n<p><strong>Artikel lieferbar solange Vorrat.<br \/>\n<\/strong>Die R\u00fcckgabe ist ausgeschlossen.<\/p>\n<\/div>","protected":false},"featured_media":3085,"template":"","meta":{"ocean_post_layout":"","ocean_both_sidebars_style":"","ocean_both_sidebars_content_width":0,"ocean_both_sidebars_sidebars_width":0,"ocean_sidebar":"0","ocean_second_sidebar":"0","ocean_disable_margins":"enable","ocean_add_body_class":"","ocean_shortcode_before_top_bar":"","ocean_shortcode_after_top_bar":"","ocean_shortcode_before_header":"","ocean_shortcode_after_header":"","ocean_has_shortcode":"","ocean_shortcode_after_title":"","ocean_shortcode_before_footer_widgets":"","ocean_shortcode_after_footer_widgets":"","ocean_shortcode_before_footer_bottom":"","ocean_shortcode_after_footer_bottom":"","ocean_display_top_bar":"default","ocean_display_header":"default","ocean_header_style":"","ocean_center_header_left_menu":"0","ocean_custom_header_template":"0","ocean_custom_logo":0,"ocean_custom_retina_logo":0,"ocean_custom_logo_max_width":0,"ocean_custom_logo_tablet_max_width":0,"ocean_custom_logo_mobile_max_width":0,"ocean_custom_logo_max_height":0,"ocean_custom_logo_tablet_max_height":0,"ocean_custom_logo_mobile_max_height":0,"ocean_header_custom_menu":"0","ocean_menu_typo_font_family":"0","ocean_menu_typo_font_subset":"","ocean_menu_typo_font_size":0,"ocean_menu_typo_font_size_tablet":0,"ocean_menu_typo_font_size_mobile":0,"ocean_menu_typo_font_size_unit":"px","ocean_menu_typo_font_weight":"","ocean_menu_typo_font_weight_tablet":"","ocean_menu_typo_font_weight_mobile":"","ocean_menu_typo_transform":"","ocean_menu_typo_transform_tablet":"","ocean_menu_typo_transform_mobile":"","ocean_menu_typo_line_height":0,"ocean_menu_typo_line_height_tablet":0,"ocean_menu_typo_line_height_mobile":0,"ocean_menu_typo_line_height_unit":"","ocean_menu_typo_spacing":0,"ocean_menu_typo_spacing_tablet":0,"ocean_menu_typo_spacing_mobile":0,"ocean_menu_typo_spacing_unit":"","ocean_menu_link_color":"","ocean_menu_link_color_hover":"","ocean_menu_link_color_active":"","ocean_menu_link_background":"","ocean_menu_link_hover_background":"","ocean_menu_link_active_background":"","ocean_menu_social_links_bg":"","ocean_menu_social_hover_links_bg":"","ocean_menu_social_links_color":"","ocean_menu_social_hover_links_color":"","ocean_disable_title":"default","ocean_disable_heading":"default","ocean_post_title":"","ocean_post_subheading":"","ocean_post_title_style":"","ocean_post_title_background_color":"","ocean_post_title_background":0,"ocean_post_title_bg_image_position":"","ocean_post_title_bg_image_attachment":"","ocean_post_title_bg_image_repeat":"","ocean_post_title_bg_image_size":"","ocean_post_title_height":0,"ocean_post_title_bg_overlay":0.5,"ocean_post_title_bg_overlay_color":"","ocean_disable_breadcrumbs":"default","ocean_breadcrumbs_color":"","ocean_breadcrumbs_separator_color":"","ocean_breadcrumbs_links_color":"","ocean_breadcrumbs_links_hover_color":"","ocean_display_footer_widgets":"default","ocean_display_footer_bottom":"default","ocean_custom_footer_template":"0","ofc_meta_disable_footer_callout":"","ofc_meta_callout_button_url":"","ofc_meta_callout_button_txt":"","ofc_meta_callout_text":"","osh_disable_topbar_sticky":"default","osh_disable_header_sticky":"default","osh_sticky_header_style":"default","osh_sticky_header_effect":"","osh_custom_sticky_logo":0,"osh_custom_retina_sticky_logo":0,"osh_custom_sticky_logo_height":0,"osh_background_color":"","osh_links_color":"","osh_links_hover_color":"","osh_links_active_color":"","osh_links_bg_color":"","osh_links_hover_bg_color":"","osh_links_active_bg_color":"","osh_menu_social_links_color":"","osh_menu_social_hover_links_color":""},"product_brand":[2623],"product_cat":[785,78,80,60],"product_tag":[1361,146,197,921,2605,158,159],"class_list":{"0":"post-3084","1":"product","2":"type-product","3":"status-publish","4":"has-post-thumbnail","6":"product_brand-bettyhula","7":"product_cat-ausverkauf","8":"product_cat-koerperpflege","9":"product_cat-kosmetik","10":"product_cat-wohlbefinden-wellness","11":"product_tag-bettyhula","12":"product_tag-biologisch","13":"product_tag-feuchtigkeitscreme","14":"product_tag-koerperpflege","15":"product_tag-naturkosmetik","16":"product_tag-rum","17":"product_tag-schwarze-johannisbeere","19":"entry","20":"has-media","22":"first","23":"instock","24":"sale","25":"taxable","26":"shipping-taxable","27":"purchasable","28":"product-type-simple","29":"col","30":"span_1_of_3","31":"owp-content-center","32":"item-entry","33":"owp-thumbs-layout-horizontal","34":"owp-btn-normal","35":"owp-tabs-layout-horizontal","36":"circle-sale"},"yoast_head":"<!-- This site is optimized with the Yoast SEO plugin v27.5 - https:\/\/yoast.com\/product\/yoast-seo-wordpress\/ -->\n<title>Bettyhula K\u00f6rperfeuchtigkeitscreme Rum &amp; Blackcurrant - WeRecycle.ch | WR Group AG<\/title>\n<meta name=\"description\" content=\"Inspiriert von den pazifischen Inseln entf\u00fchrt dieser Duft mit seinem s\u00fc\u00dfen, fruchtigen Urlaubsaroma an einen sonnenverw\u00f6hnten Strand. Im edlen Glasgef\u00e4ss.\" \/>\n<meta name=\"robots\" content=\"index, follow, max-snippet:-1, max-image-preview:large, max-video-preview:-1\" \/>\n<link rel=\"canonical\" href=\"https:\/\/www.werecycle.ch\/en\/shop\/wohlbefinden-wellness\/koerperpflege\/bettyhula-koerperfeuchtigkeitscreme-rum-blackcurrant-120ml\/\" \/>\n<meta property=\"og:locale\" content=\"en_GB\" \/>\n<meta property=\"og:type\" content=\"article\" \/>\n<meta property=\"og:title\" content=\"Bettyhula K\u00f6rperfeuchtigkeitscreme Rum &amp; Blackcurrant - WeRecycle.ch | WR Group AG\" \/>\n<meta property=\"og:description\" content=\"Inspiriert von den pazifischen Inseln entf\u00fchrt dieser Duft mit seinem s\u00fc\u00dfen, fruchtigen Urlaubsaroma an einen sonnenverw\u00f6hnten Strand. Im edlen Glasgef\u00e4ss.\" \/>\n<meta property=\"og:url\" content=\"https:\/\/www.werecycle.ch\/en\/shop\/wohlbefinden-wellness\/koerperpflege\/bettyhula-koerperfeuchtigkeitscreme-rum-blackcurrant-120ml\/\" \/>\n<meta property=\"og:site_name\" content=\"WeRecycle.ch | WR Group AG\" \/>\n<meta property=\"article:publisher\" content=\"https:\/\/www.facebook.com\/www.werecycle.ch\" \/>\n<meta property=\"article:modified_time\" content=\"2025-07-22T05:59:11+00:00\" \/>\n<meta property=\"og:image\" content=\"https:\/\/www.werecycle.ch\/wp-content\/uploads\/2022\/10\/211020.webp\" \/>\n\t<meta property=\"og:image:width\" content=\"600\" \/>\n\t<meta property=\"og:image:height\" content=\"600\" \/>\n\t<meta property=\"og:image:type\" content=\"image\/webp\" \/>\n<meta name=\"twitter:card\" content=\"summary_large_image\" \/>\n<script type=\"application\/ld+json\" class=\"yoast-schema-graph\">{\"@context\":\"https:\\\/\\\/schema.org\",\"@graph\":[{\"@type\":\"WebPage\",\"@id\":\"https:\\\/\\\/www.werecycle.ch\\\/shop\\\/wohlbefinden-wellness\\\/koerperpflege\\\/bettyhula-koerperfeuchtigkeitscreme-rum-blackcurrant-120ml\\\/\",\"url\":\"https:\\\/\\\/www.werecycle.ch\\\/shop\\\/wohlbefinden-wellness\\\/koerperpflege\\\/bettyhula-koerperfeuchtigkeitscreme-rum-blackcurrant-120ml\\\/\",\"name\":\"Bettyhula K\u00f6rperfeuchtigkeitscreme Rum &amp; Blackcurrant - WeRecycle.ch | WR Group AG\",\"isPartOf\":{\"@id\":\"https:\\\/\\\/www.werecycle.ch\\\/de\\\/#website\"},\"primaryImageOfPage\":{\"@id\":\"https:\\\/\\\/www.werecycle.ch\\\/shop\\\/wohlbefinden-wellness\\\/koerperpflege\\\/bettyhula-koerperfeuchtigkeitscreme-rum-blackcurrant-120ml\\\/#primaryimage\"},\"image\":{\"@id\":\"https:\\\/\\\/www.werecycle.ch\\\/shop\\\/wohlbefinden-wellness\\\/koerperpflege\\\/bettyhula-koerperfeuchtigkeitscreme-rum-blackcurrant-120ml\\\/#primaryimage\"},\"thumbnailUrl\":\"https:\\\/\\\/www.werecycle.ch\\\/wp-content\\\/uploads\\\/2022\\\/10\\\/211020.webp\",\"datePublished\":\"2022-10-25T13:15:26+00:00\",\"dateModified\":\"2025-07-22T05:59:11+00:00\",\"description\":\"Inspiriert von den pazifischen Inseln entf\u00fchrt dieser Duft mit seinem s\u00fc\u00dfen, fruchtigen Urlaubsaroma an einen sonnenverw\u00f6hnten Strand. Im edlen Glasgef\u00e4ss.\",\"breadcrumb\":{\"@id\":\"https:\\\/\\\/www.werecycle.ch\\\/shop\\\/wohlbefinden-wellness\\\/koerperpflege\\\/bettyhula-koerperfeuchtigkeitscreme-rum-blackcurrant-120ml\\\/#breadcrumb\"},\"inLanguage\":\"en-GB\",\"potentialAction\":[{\"@type\":\"ReadAction\",\"target\":[\"https:\\\/\\\/www.werecycle.ch\\\/shop\\\/wohlbefinden-wellness\\\/koerperpflege\\\/bettyhula-koerperfeuchtigkeitscreme-rum-blackcurrant-120ml\\\/\"]}]},{\"@type\":\"ImageObject\",\"inLanguage\":\"en-GB\",\"@id\":\"https:\\\/\\\/www.werecycle.ch\\\/shop\\\/wohlbefinden-wellness\\\/koerperpflege\\\/bettyhula-koerperfeuchtigkeitscreme-rum-blackcurrant-120ml\\\/#primaryimage\",\"url\":\"https:\\\/\\\/www.werecycle.ch\\\/wp-content\\\/uploads\\\/2022\\\/10\\\/211020.webp\",\"contentUrl\":\"https:\\\/\\\/www.werecycle.ch\\\/wp-content\\\/uploads\\\/2022\\\/10\\\/211020.webp\",\"width\":600,\"height\":600},{\"@type\":\"BreadcrumbList\",\"@id\":\"https:\\\/\\\/www.werecycle.ch\\\/shop\\\/wohlbefinden-wellness\\\/koerperpflege\\\/bettyhula-koerperfeuchtigkeitscreme-rum-blackcurrant-120ml\\\/#breadcrumb\",\"itemListElement\":[{\"@type\":\"ListItem\",\"position\":1,\"name\":\"Startseite\",\"item\":\"https:\\\/\\\/www.werecycle.ch\\\/\"},{\"@type\":\"ListItem\",\"position\":2,\"name\":\"Shop\",\"item\":\"https:\\\/\\\/www.werecycle.ch\\\/de\\\/shop\\\/\"},{\"@type\":\"ListItem\",\"position\":3,\"name\":\"Bettyhula K\u00f6rperfeuchtigkeitscreme Rum &amp; Blackcurrant\"}]},{\"@type\":\"WebSite\",\"@id\":\"https:\\\/\\\/www.werecycle.ch\\\/de\\\/#website\",\"url\":\"https:\\\/\\\/www.werecycle.ch\\\/de\\\/\",\"name\":\"WeRecycle.ch | Recycling Services AG\",\"description\":\"\",\"publisher\":{\"@id\":\"https:\\\/\\\/www.werecycle.ch\\\/de\\\/#organization\"},\"potentialAction\":[{\"@type\":\"SearchAction\",\"target\":{\"@type\":\"EntryPoint\",\"urlTemplate\":\"https:\\\/\\\/www.werecycle.ch\\\/de\\\/?s={search_term_string}\"},\"query-input\":{\"@type\":\"PropertyValueSpecification\",\"valueRequired\":true,\"valueName\":\"search_term_string\"}}],\"inLanguage\":\"en-GB\"},{\"@type\":\"Organization\",\"@id\":\"https:\\\/\\\/www.werecycle.ch\\\/de\\\/#organization\",\"name\":\"WeRecycle.ch | Recycling Services AG\",\"url\":\"https:\\\/\\\/www.werecycle.ch\\\/de\\\/\",\"logo\":{\"@type\":\"ImageObject\",\"inLanguage\":\"en-GB\",\"@id\":\"https:\\\/\\\/www.werecycle.ch\\\/de\\\/#\\\/schema\\\/logo\\\/image\\\/\",\"url\":\"https:\\\/\\\/www.werecycle.ch\\\/wp-content\\\/uploads\\\/2022\\\/09\\\/logo_werecycle.webp\",\"contentUrl\":\"https:\\\/\\\/www.werecycle.ch\\\/wp-content\\\/uploads\\\/2022\\\/09\\\/logo_werecycle.webp\",\"width\":1423,\"height\":427,\"caption\":\"WeRecycle.ch | Recycling Services AG\"},\"image\":{\"@id\":\"https:\\\/\\\/www.werecycle.ch\\\/de\\\/#\\\/schema\\\/logo\\\/image\\\/\"},\"sameAs\":[\"https:\\\/\\\/www.facebook.com\\\/www.werecycle.ch\"]}]}<\/script>\n<!-- \/ Yoast SEO plugin. -->","yoast_head_json":{"title":"Bettyhula K\u00f6rperfeuchtigkeitscreme Rum &amp; Blackcurrant - WeRecycle.ch | WR Group AG","description":"Inspiriert von den pazifischen Inseln entf\u00fchrt dieser Duft mit seinem s\u00fc\u00dfen, fruchtigen Urlaubsaroma an einen sonnenverw\u00f6hnten Strand. Im edlen Glasgef\u00e4ss.","robots":{"index":"index","follow":"follow","max-snippet":"max-snippet:-1","max-image-preview":"max-image-preview:large","max-video-preview":"max-video-preview:-1"},"canonical":"https:\/\/www.werecycle.ch\/en\/shop\/wohlbefinden-wellness\/koerperpflege\/bettyhula-koerperfeuchtigkeitscreme-rum-blackcurrant-120ml\/","og_locale":"en_GB","og_type":"article","og_title":"Bettyhula K\u00f6rperfeuchtigkeitscreme Rum &amp; Blackcurrant - WeRecycle.ch | WR Group AG","og_description":"Inspiriert von den pazifischen Inseln entf\u00fchrt dieser Duft mit seinem s\u00fc\u00dfen, fruchtigen Urlaubsaroma an einen sonnenverw\u00f6hnten Strand. Im edlen Glasgef\u00e4ss.","og_url":"https:\/\/www.werecycle.ch\/en\/shop\/wohlbefinden-wellness\/koerperpflege\/bettyhula-koerperfeuchtigkeitscreme-rum-blackcurrant-120ml\/","og_site_name":"WeRecycle.ch | WR Group AG","article_publisher":"https:\/\/www.facebook.com\/www.werecycle.ch","article_modified_time":"2025-07-22T05:59:11+00:00","og_image":[{"width":600,"height":600,"url":"https:\/\/www.werecycle.ch\/wp-content\/uploads\/2022\/10\/211020.webp","type":"image\/webp"}],"twitter_card":"summary_large_image","schema":{"@context":"https:\/\/schema.org","@graph":[{"@type":"WebPage","@id":"https:\/\/www.werecycle.ch\/shop\/wohlbefinden-wellness\/koerperpflege\/bettyhula-koerperfeuchtigkeitscreme-rum-blackcurrant-120ml\/","url":"https:\/\/www.werecycle.ch\/shop\/wohlbefinden-wellness\/koerperpflege\/bettyhula-koerperfeuchtigkeitscreme-rum-blackcurrant-120ml\/","name":"Bettyhula K\u00f6rperfeuchtigkeitscreme Rum &amp; Blackcurrant - WeRecycle.ch | WR Group AG","isPartOf":{"@id":"https:\/\/www.werecycle.ch\/de\/#website"},"primaryImageOfPage":{"@id":"https:\/\/www.werecycle.ch\/shop\/wohlbefinden-wellness\/koerperpflege\/bettyhula-koerperfeuchtigkeitscreme-rum-blackcurrant-120ml\/#primaryimage"},"image":{"@id":"https:\/\/www.werecycle.ch\/shop\/wohlbefinden-wellness\/koerperpflege\/bettyhula-koerperfeuchtigkeitscreme-rum-blackcurrant-120ml\/#primaryimage"},"thumbnailUrl":"https:\/\/www.werecycle.ch\/wp-content\/uploads\/2022\/10\/211020.webp","datePublished":"2022-10-25T13:15:26+00:00","dateModified":"2025-07-22T05:59:11+00:00","description":"Inspiriert von den pazifischen Inseln entf\u00fchrt dieser Duft mit seinem s\u00fc\u00dfen, fruchtigen Urlaubsaroma an einen sonnenverw\u00f6hnten Strand. Im edlen Glasgef\u00e4ss.","breadcrumb":{"@id":"https:\/\/www.werecycle.ch\/shop\/wohlbefinden-wellness\/koerperpflege\/bettyhula-koerperfeuchtigkeitscreme-rum-blackcurrant-120ml\/#breadcrumb"},"inLanguage":"en-GB","potentialAction":[{"@type":"ReadAction","target":["https:\/\/www.werecycle.ch\/shop\/wohlbefinden-wellness\/koerperpflege\/bettyhula-koerperfeuchtigkeitscreme-rum-blackcurrant-120ml\/"]}]},{"@type":"ImageObject","inLanguage":"en-GB","@id":"https:\/\/www.werecycle.ch\/shop\/wohlbefinden-wellness\/koerperpflege\/bettyhula-koerperfeuchtigkeitscreme-rum-blackcurrant-120ml\/#primaryimage","url":"https:\/\/www.werecycle.ch\/wp-content\/uploads\/2022\/10\/211020.webp","contentUrl":"https:\/\/www.werecycle.ch\/wp-content\/uploads\/2022\/10\/211020.webp","width":600,"height":600},{"@type":"BreadcrumbList","@id":"https:\/\/www.werecycle.ch\/shop\/wohlbefinden-wellness\/koerperpflege\/bettyhula-koerperfeuchtigkeitscreme-rum-blackcurrant-120ml\/#breadcrumb","itemListElement":[{"@type":"ListItem","position":1,"name":"Startseite","item":"https:\/\/www.werecycle.ch\/"},{"@type":"ListItem","position":2,"name":"Shop","item":"https:\/\/www.werecycle.ch\/de\/shop\/"},{"@type":"ListItem","position":3,"name":"Bettyhula K\u00f6rperfeuchtigkeitscreme Rum &amp; Blackcurrant"}]},{"@type":"WebSite","@id":"https:\/\/www.werecycle.ch\/de\/#website","url":"https:\/\/www.werecycle.ch\/de\/","name":"WeRecycle.ch | Recycling Services AG","description":"","publisher":{"@id":"https:\/\/www.werecycle.ch\/de\/#organization"},"potentialAction":[{"@type":"SearchAction","target":{"@type":"EntryPoint","urlTemplate":"https:\/\/www.werecycle.ch\/de\/?s={search_term_string}"},"query-input":{"@type":"PropertyValueSpecification","valueRequired":true,"valueName":"search_term_string"}}],"inLanguage":"en-GB"},{"@type":"Organization","@id":"https:\/\/www.werecycle.ch\/de\/#organization","name":"WeRecycle.ch | Recycling Services AG","url":"https:\/\/www.werecycle.ch\/de\/","logo":{"@type":"ImageObject","inLanguage":"en-GB","@id":"https:\/\/www.werecycle.ch\/de\/#\/schema\/logo\/image\/","url":"https:\/\/www.werecycle.ch\/wp-content\/uploads\/2022\/09\/logo_werecycle.webp","contentUrl":"https:\/\/www.werecycle.ch\/wp-content\/uploads\/2022\/09\/logo_werecycle.webp","width":1423,"height":427,"caption":"WeRecycle.ch | Recycling Services AG"},"image":{"@id":"https:\/\/www.werecycle.ch\/de\/#\/schema\/logo\/image\/"},"sameAs":["https:\/\/www.facebook.com\/www.werecycle.ch"]}]}},"tiered_pricing_type":"fixed","tiered_pricing_fixed_rules":[],"tiered_pricing_product_settings":{"layout":"default","base_unit_name":{"singular":null,"plural":null},"default_variation":null},"tiered_pricing_minimum_quantity":null,"tiered_pricing_roles_data":[],"tiered_pricing_percentage_rules":[],"_links":{"self":[{"href":"https:\/\/www.werecycle.ch\/en\/wp-json\/wp\/v2\/product\/3084","targetHints":{"allow":["GET"]}}],"collection":[{"href":"https:\/\/www.werecycle.ch\/en\/wp-json\/wp\/v2\/product"}],"about":[{"href":"https:\/\/www.werecycle.ch\/en\/wp-json\/wp\/v2\/types\/product"}],"wp:featuredmedia":[{"embeddable":true,"href":"https:\/\/www.werecycle.ch\/en\/wp-json\/wp\/v2\/media\/3085"}],"wp:attachment":[{"href":"https:\/\/www.werecycle.ch\/en\/wp-json\/wp\/v2\/media?parent=3084"}],"wp:term":[{"taxonomy":"product_brand","embeddable":true,"href":"https:\/\/www.werecycle.ch\/en\/wp-json\/wp\/v2\/product_brand?post=3084"},{"taxonomy":"product_cat","embeddable":true,"href":"https:\/\/www.werecycle.ch\/en\/wp-json\/wp\/v2\/product_cat?post=3084"},{"taxonomy":"product_tag","embeddable":true,"href":"https:\/\/www.werecycle.ch\/en\/wp-json\/wp\/v2\/product_tag?post=3084"}],"curies":[{"name":"wp","href":"https:\/\/api.w.org\/{rel}","templated":true}]}}