{"id":2701,"date":"2022-10-19T11:25:11","date_gmt":"2022-10-19T10:25:11","guid":{"rendered":"https:\/\/www.werecycle.ch\/?post_type=product&#038;p=2701"},"modified":"2025-06-18T09:33:06","modified_gmt":"2025-06-18T08:33:06","slug":"cashmere-diffusor-premium-selection-swiss-200ml","status":"publish","type":"product","link":"https:\/\/www.werecycle.ch\/en\/shop\/wohlbefinden-wellness\/duefte\/cashmere-diffusor-premium-selection-swiss-200ml\/","title":{"rendered":"Cashmere Diffusor Premium Selection Swiss"},"content":{"rendered":"<div>\n<p class=\"product--title\">Cashmere Diffusor Premium Selection Swiss<\/p>\n<\/div>\n<div>\n<div>Dieser edle warme Cashmere-Duft verzaubert die Gem\u00fcter und niemand kann sich dieser Magie entziehen.<\/div>\n<\/div>\n<div><\/div>\n<div>\n<div>Mit edlem, echten Schweizer Nussholzaufsatz aus dem Engadin. Von Hand sorgf\u00e4ltig gedreht. Weiss satiniertes Glas, veredelt in der Umgebung von bl\u00fchenden Obstb\u00e4umen im sch\u00f6nen Thurgau. Verpackt in der schweizerischen Bodenseeregion.<\/div>\n<div><\/div>\n<div>Stilvolle Aroma-Kultur. Aussergew\u00f6hnliche Sch\u00f6nheit und Qualit\u00e4t. Von der Natur inspiriert, einzigartig in der Zusammensetzung. Tauchen Sie ab in eine wunderbare Welt der D\u00fcfte, geniessen Sie mit allen Sinnen den Wohlgeruch der Entspannung.<\/div>\n<div><\/div>\n<div>Wir verwenden nur die besten Aromen aus erlesenen Produkten. Sanft, ausgeglichen und doch kr\u00e4ftig und energetisierend. Mit gr\u00f6sster Sorgfalt ausgesucht, entworfen und gefertigt. F\u00fcr ein neues, nie dagewesenes Wohlbefinden am sch\u00f6nsten Ort der Welt: Ihrem Zuhause.<\/div>\n<\/div>\n<div>\n<div><\/div>\n<ul>\n<li>Inhalt: 200ml<\/li>\n<li>Set inkl. 10 Holzsticks<\/li>\n<li>In der Schweiz hergestellt<\/li>\n<li>Refiller &amp; Ersatz-Holzsticks erh\u00e4ltlich<\/li>\n<\/ul>\n<\/div>","protected":false},"excerpt":{"rendered":"<div>Cashmere Diffusor Premium Selection Swiss &#8211; 200ml<\/div>\n<div><\/div>\n<div>\n<div>Dieser edle warme Cashmere-Duft verzaubert die Gem\u00fcter und niemand kann sich dieser Magie entziehen.<\/div>\n<\/div>\n<div><\/div>\n<div>\n<p><strong><span style=\"color: #0fc789;\">AUSVERKAUF\u00a0<\/span><\/strong><\/p>\n<p><strong>Artikel lieferbar solange Vorrat.<br \/>\n<\/strong>Die R\u00fcckgabe ist ausgeschlossen.<\/p>\n<\/div>","protected":false},"featured_media":2702,"template":"","meta":{"ocean_post_layout":"","ocean_both_sidebars_style":"","ocean_both_sidebars_content_width":0,"ocean_both_sidebars_sidebars_width":0,"ocean_sidebar":"0","ocean_second_sidebar":"0","ocean_disable_margins":"enable","ocean_add_body_class":"","ocean_shortcode_before_top_bar":"","ocean_shortcode_after_top_bar":"","ocean_shortcode_before_header":"","ocean_shortcode_after_header":"","ocean_has_shortcode":"","ocean_shortcode_after_title":"","ocean_shortcode_before_footer_widgets":"","ocean_shortcode_after_footer_widgets":"","ocean_shortcode_before_footer_bottom":"","ocean_shortcode_after_footer_bottom":"","ocean_display_top_bar":"default","ocean_display_header":"default","ocean_header_style":"","ocean_center_header_left_menu":"0","ocean_custom_header_template":"0","ocean_custom_logo":0,"ocean_custom_retina_logo":0,"ocean_custom_logo_max_width":0,"ocean_custom_logo_tablet_max_width":0,"ocean_custom_logo_mobile_max_width":0,"ocean_custom_logo_max_height":0,"ocean_custom_logo_tablet_max_height":0,"ocean_custom_logo_mobile_max_height":0,"ocean_header_custom_menu":"0","ocean_menu_typo_font_family":"0","ocean_menu_typo_font_subset":"","ocean_menu_typo_font_size":0,"ocean_menu_typo_font_size_tablet":0,"ocean_menu_typo_font_size_mobile":0,"ocean_menu_typo_font_size_unit":"px","ocean_menu_typo_font_weight":"","ocean_menu_typo_font_weight_tablet":"","ocean_menu_typo_font_weight_mobile":"","ocean_menu_typo_transform":"","ocean_menu_typo_transform_tablet":"","ocean_menu_typo_transform_mobile":"","ocean_menu_typo_line_height":0,"ocean_menu_typo_line_height_tablet":0,"ocean_menu_typo_line_height_mobile":0,"ocean_menu_typo_line_height_unit":"","ocean_menu_typo_spacing":0,"ocean_menu_typo_spacing_tablet":0,"ocean_menu_typo_spacing_mobile":0,"ocean_menu_typo_spacing_unit":"","ocean_menu_link_color":"","ocean_menu_link_color_hover":"","ocean_menu_link_color_active":"","ocean_menu_link_background":"","ocean_menu_link_hover_background":"","ocean_menu_link_active_background":"","ocean_menu_social_links_bg":"","ocean_menu_social_hover_links_bg":"","ocean_menu_social_links_color":"","ocean_menu_social_hover_links_color":"","ocean_disable_title":"default","ocean_disable_heading":"default","ocean_post_title":"","ocean_post_subheading":"","ocean_post_title_style":"","ocean_post_title_background_color":"","ocean_post_title_background":0,"ocean_post_title_bg_image_position":"","ocean_post_title_bg_image_attachment":"","ocean_post_title_bg_image_repeat":"","ocean_post_title_bg_image_size":"","ocean_post_title_height":0,"ocean_post_title_bg_overlay":0.5,"ocean_post_title_bg_overlay_color":"","ocean_disable_breadcrumbs":"default","ocean_breadcrumbs_color":"","ocean_breadcrumbs_separator_color":"","ocean_breadcrumbs_links_color":"","ocean_breadcrumbs_links_hover_color":"","ocean_display_footer_widgets":"default","ocean_display_footer_bottom":"default","ocean_custom_footer_template":"0","ofc_meta_disable_footer_callout":"","ofc_meta_callout_button_url":"","ofc_meta_callout_button_txt":"","ofc_meta_callout_text":"","osh_disable_topbar_sticky":"default","osh_disable_header_sticky":"default","osh_sticky_header_style":"default","osh_sticky_header_effect":"","osh_custom_sticky_logo":0,"osh_custom_retina_sticky_logo":0,"osh_custom_sticky_logo_height":0,"osh_background_color":"","osh_links_color":"","osh_links_hover_color":"","osh_links_active_color":"","osh_links_bg_color":"","osh_links_hover_bg_color":"","osh_links_active_bg_color":"","osh_menu_social_links_color":"","osh_menu_social_hover_links_color":""},"product_brand":[2606],"product_cat":[785,79,60],"product_tag":[84,314,82,125,127,115],"class_list":{"0":"post-2701","1":"product","2":"type-product","3":"status-publish","4":"has-post-thumbnail","6":"product_brand-laroma","7":"product_cat-ausverkauf","8":"product_cat-duefte","9":"product_cat-wohlbefinden-wellness","10":"product_tag-cashmere","11":"product_tag-diffusor","12":"product_tag-laroma","13":"product_tag-premium-selection-swiss","14":"product_tag-raumduft","15":"product_tag-swiss-made","17":"entry","18":"has-media","20":"first","21":"instock","22":"sale","23":"taxable","24":"shipping-taxable","25":"purchasable","26":"product-type-simple","27":"col","28":"span_1_of_3","29":"owp-content-center","30":"item-entry","31":"owp-thumbs-layout-horizontal","32":"owp-btn-normal","33":"owp-tabs-layout-horizontal","34":"has-no-thumbnails","35":"circle-sale"},"yoast_head":"<!-- This site is optimized with the Yoast SEO plugin v27.5 - https:\/\/yoast.com\/product\/yoast-seo-wordpress\/ -->\n<title>Cashmere Diffusor Premium Selection Swiss - WeRecycle.ch | WR Group AG<\/title>\n<meta name=\"description\" content=\"Laroma Cashmere Diffusor Premium Selection Swiss - 200ml Dieser edle warme Cashmere-Duft verzaubert die Gem\u00fcter. Niemand kann sich dieser Magie entziehen.\" \/>\n<meta name=\"robots\" content=\"index, follow, max-snippet:-1, max-image-preview:large, max-video-preview:-1\" \/>\n<link rel=\"canonical\" href=\"https:\/\/www.werecycle.ch\/en\/shop\/wohlbefinden-wellness\/duefte\/cashmere-diffusor-premium-selection-swiss-200ml\/\" \/>\n<meta property=\"og:locale\" content=\"en_GB\" \/>\n<meta property=\"og:type\" content=\"article\" \/>\n<meta property=\"og:title\" content=\"Cashmere Diffusor Premium Selection Swiss - WeRecycle.ch | WR Group AG\" \/>\n<meta property=\"og:description\" content=\"Laroma Cashmere Diffusor Premium Selection Swiss - 200ml Dieser edle warme Cashmere-Duft verzaubert die Gem\u00fcter. Niemand kann sich dieser Magie entziehen.\" \/>\n<meta property=\"og:url\" content=\"https:\/\/www.werecycle.ch\/en\/shop\/wohlbefinden-wellness\/duefte\/cashmere-diffusor-premium-selection-swiss-200ml\/\" \/>\n<meta property=\"og:site_name\" content=\"WeRecycle.ch | WR Group AG\" \/>\n<meta property=\"article:publisher\" content=\"https:\/\/www.facebook.com\/www.werecycle.ch\" \/>\n<meta property=\"article:modified_time\" content=\"2025-06-18T08:33:06+00:00\" \/>\n<meta property=\"og:image\" content=\"https:\/\/www.werecycle.ch\/wp-content\/uploads\/2022\/10\/218006.webp\" \/>\n\t<meta property=\"og:image:width\" content=\"1200\" \/>\n\t<meta property=\"og:image:height\" content=\"1200\" \/>\n\t<meta property=\"og:image:type\" content=\"image\/webp\" \/>\n<meta name=\"twitter:card\" content=\"summary_large_image\" \/>\n<script type=\"application\/ld+json\" class=\"yoast-schema-graph\">{\"@context\":\"https:\\\/\\\/schema.org\",\"@graph\":[{\"@type\":\"WebPage\",\"@id\":\"https:\\\/\\\/www.werecycle.ch\\\/shop\\\/wohlbefinden-wellness\\\/duefte\\\/cashmere-diffusor-premium-selection-swiss-200ml\\\/\",\"url\":\"https:\\\/\\\/www.werecycle.ch\\\/shop\\\/wohlbefinden-wellness\\\/duefte\\\/cashmere-diffusor-premium-selection-swiss-200ml\\\/\",\"name\":\"Cashmere Diffusor Premium Selection Swiss - WeRecycle.ch | WR Group AG\",\"isPartOf\":{\"@id\":\"https:\\\/\\\/www.werecycle.ch\\\/de\\\/#website\"},\"primaryImageOfPage\":{\"@id\":\"https:\\\/\\\/www.werecycle.ch\\\/shop\\\/wohlbefinden-wellness\\\/duefte\\\/cashmere-diffusor-premium-selection-swiss-200ml\\\/#primaryimage\"},\"image\":{\"@id\":\"https:\\\/\\\/www.werecycle.ch\\\/shop\\\/wohlbefinden-wellness\\\/duefte\\\/cashmere-diffusor-premium-selection-swiss-200ml\\\/#primaryimage\"},\"thumbnailUrl\":\"https:\\\/\\\/www.werecycle.ch\\\/wp-content\\\/uploads\\\/2022\\\/10\\\/218006.webp\",\"datePublished\":\"2022-10-19T10:25:11+00:00\",\"dateModified\":\"2025-06-18T08:33:06+00:00\",\"description\":\"Laroma Cashmere Diffusor Premium Selection Swiss - 200ml Dieser edle warme Cashmere-Duft verzaubert die Gem\u00fcter. Niemand kann sich dieser Magie entziehen.\",\"breadcrumb\":{\"@id\":\"https:\\\/\\\/www.werecycle.ch\\\/shop\\\/wohlbefinden-wellness\\\/duefte\\\/cashmere-diffusor-premium-selection-swiss-200ml\\\/#breadcrumb\"},\"inLanguage\":\"en-GB\",\"potentialAction\":[{\"@type\":\"ReadAction\",\"target\":[\"https:\\\/\\\/www.werecycle.ch\\\/shop\\\/wohlbefinden-wellness\\\/duefte\\\/cashmere-diffusor-premium-selection-swiss-200ml\\\/\"]}]},{\"@type\":\"ImageObject\",\"inLanguage\":\"en-GB\",\"@id\":\"https:\\\/\\\/www.werecycle.ch\\\/shop\\\/wohlbefinden-wellness\\\/duefte\\\/cashmere-diffusor-premium-selection-swiss-200ml\\\/#primaryimage\",\"url\":\"https:\\\/\\\/www.werecycle.ch\\\/wp-content\\\/uploads\\\/2022\\\/10\\\/218006.webp\",\"contentUrl\":\"https:\\\/\\\/www.werecycle.ch\\\/wp-content\\\/uploads\\\/2022\\\/10\\\/218006.webp\",\"width\":1200,\"height\":1200},{\"@type\":\"BreadcrumbList\",\"@id\":\"https:\\\/\\\/www.werecycle.ch\\\/shop\\\/wohlbefinden-wellness\\\/duefte\\\/cashmere-diffusor-premium-selection-swiss-200ml\\\/#breadcrumb\",\"itemListElement\":[{\"@type\":\"ListItem\",\"position\":1,\"name\":\"Startseite\",\"item\":\"https:\\\/\\\/www.werecycle.ch\\\/\"},{\"@type\":\"ListItem\",\"position\":2,\"name\":\"Shop\",\"item\":\"https:\\\/\\\/www.werecycle.ch\\\/de\\\/shop\\\/\"},{\"@type\":\"ListItem\",\"position\":3,\"name\":\"Cashmere Diffusor Premium Selection Swiss\"}]},{\"@type\":\"WebSite\",\"@id\":\"https:\\\/\\\/www.werecycle.ch\\\/de\\\/#website\",\"url\":\"https:\\\/\\\/www.werecycle.ch\\\/de\\\/\",\"name\":\"WeRecycle.ch | Recycling Services AG\",\"description\":\"\",\"publisher\":{\"@id\":\"https:\\\/\\\/www.werecycle.ch\\\/de\\\/#organization\"},\"potentialAction\":[{\"@type\":\"SearchAction\",\"target\":{\"@type\":\"EntryPoint\",\"urlTemplate\":\"https:\\\/\\\/www.werecycle.ch\\\/de\\\/?s={search_term_string}\"},\"query-input\":{\"@type\":\"PropertyValueSpecification\",\"valueRequired\":true,\"valueName\":\"search_term_string\"}}],\"inLanguage\":\"en-GB\"},{\"@type\":\"Organization\",\"@id\":\"https:\\\/\\\/www.werecycle.ch\\\/de\\\/#organization\",\"name\":\"WeRecycle.ch | Recycling Services AG\",\"url\":\"https:\\\/\\\/www.werecycle.ch\\\/de\\\/\",\"logo\":{\"@type\":\"ImageObject\",\"inLanguage\":\"en-GB\",\"@id\":\"https:\\\/\\\/www.werecycle.ch\\\/de\\\/#\\\/schema\\\/logo\\\/image\\\/\",\"url\":\"https:\\\/\\\/www.werecycle.ch\\\/wp-content\\\/uploads\\\/2022\\\/09\\\/logo_werecycle.webp\",\"contentUrl\":\"https:\\\/\\\/www.werecycle.ch\\\/wp-content\\\/uploads\\\/2022\\\/09\\\/logo_werecycle.webp\",\"width\":1423,\"height\":427,\"caption\":\"WeRecycle.ch | Recycling Services AG\"},\"image\":{\"@id\":\"https:\\\/\\\/www.werecycle.ch\\\/de\\\/#\\\/schema\\\/logo\\\/image\\\/\"},\"sameAs\":[\"https:\\\/\\\/www.facebook.com\\\/www.werecycle.ch\"]}]}<\/script>\n<!-- \/ Yoast SEO plugin. -->","yoast_head_json":{"title":"Cashmere Diffusor Premium Selection Swiss - WeRecycle.ch | WR Group AG","description":"Laroma Cashmere Diffusor Premium Selection Swiss - 200ml Dieser edle warme Cashmere-Duft verzaubert die Gem\u00fcter. Niemand kann sich dieser Magie entziehen.","robots":{"index":"index","follow":"follow","max-snippet":"max-snippet:-1","max-image-preview":"max-image-preview:large","max-video-preview":"max-video-preview:-1"},"canonical":"https:\/\/www.werecycle.ch\/en\/shop\/wohlbefinden-wellness\/duefte\/cashmere-diffusor-premium-selection-swiss-200ml\/","og_locale":"en_GB","og_type":"article","og_title":"Cashmere Diffusor Premium Selection Swiss - WeRecycle.ch | WR Group AG","og_description":"Laroma Cashmere Diffusor Premium Selection Swiss - 200ml Dieser edle warme Cashmere-Duft verzaubert die Gem\u00fcter. Niemand kann sich dieser Magie entziehen.","og_url":"https:\/\/www.werecycle.ch\/en\/shop\/wohlbefinden-wellness\/duefte\/cashmere-diffusor-premium-selection-swiss-200ml\/","og_site_name":"WeRecycle.ch | WR Group AG","article_publisher":"https:\/\/www.facebook.com\/www.werecycle.ch","article_modified_time":"2025-06-18T08:33:06+00:00","og_image":[{"width":1200,"height":1200,"url":"https:\/\/www.werecycle.ch\/wp-content\/uploads\/2022\/10\/218006.webp","type":"image\/webp"}],"twitter_card":"summary_large_image","schema":{"@context":"https:\/\/schema.org","@graph":[{"@type":"WebPage","@id":"https:\/\/www.werecycle.ch\/shop\/wohlbefinden-wellness\/duefte\/cashmere-diffusor-premium-selection-swiss-200ml\/","url":"https:\/\/www.werecycle.ch\/shop\/wohlbefinden-wellness\/duefte\/cashmere-diffusor-premium-selection-swiss-200ml\/","name":"Cashmere Diffusor Premium Selection Swiss - WeRecycle.ch | WR Group AG","isPartOf":{"@id":"https:\/\/www.werecycle.ch\/de\/#website"},"primaryImageOfPage":{"@id":"https:\/\/www.werecycle.ch\/shop\/wohlbefinden-wellness\/duefte\/cashmere-diffusor-premium-selection-swiss-200ml\/#primaryimage"},"image":{"@id":"https:\/\/www.werecycle.ch\/shop\/wohlbefinden-wellness\/duefte\/cashmere-diffusor-premium-selection-swiss-200ml\/#primaryimage"},"thumbnailUrl":"https:\/\/www.werecycle.ch\/wp-content\/uploads\/2022\/10\/218006.webp","datePublished":"2022-10-19T10:25:11+00:00","dateModified":"2025-06-18T08:33:06+00:00","description":"Laroma Cashmere Diffusor Premium Selection Swiss - 200ml Dieser edle warme Cashmere-Duft verzaubert die Gem\u00fcter. Niemand kann sich dieser Magie entziehen.","breadcrumb":{"@id":"https:\/\/www.werecycle.ch\/shop\/wohlbefinden-wellness\/duefte\/cashmere-diffusor-premium-selection-swiss-200ml\/#breadcrumb"},"inLanguage":"en-GB","potentialAction":[{"@type":"ReadAction","target":["https:\/\/www.werecycle.ch\/shop\/wohlbefinden-wellness\/duefte\/cashmere-diffusor-premium-selection-swiss-200ml\/"]}]},{"@type":"ImageObject","inLanguage":"en-GB","@id":"https:\/\/www.werecycle.ch\/shop\/wohlbefinden-wellness\/duefte\/cashmere-diffusor-premium-selection-swiss-200ml\/#primaryimage","url":"https:\/\/www.werecycle.ch\/wp-content\/uploads\/2022\/10\/218006.webp","contentUrl":"https:\/\/www.werecycle.ch\/wp-content\/uploads\/2022\/10\/218006.webp","width":1200,"height":1200},{"@type":"BreadcrumbList","@id":"https:\/\/www.werecycle.ch\/shop\/wohlbefinden-wellness\/duefte\/cashmere-diffusor-premium-selection-swiss-200ml\/#breadcrumb","itemListElement":[{"@type":"ListItem","position":1,"name":"Startseite","item":"https:\/\/www.werecycle.ch\/"},{"@type":"ListItem","position":2,"name":"Shop","item":"https:\/\/www.werecycle.ch\/de\/shop\/"},{"@type":"ListItem","position":3,"name":"Cashmere Diffusor Premium Selection Swiss"}]},{"@type":"WebSite","@id":"https:\/\/www.werecycle.ch\/de\/#website","url":"https:\/\/www.werecycle.ch\/de\/","name":"WeRecycle.ch | Recycling Services AG","description":"","publisher":{"@id":"https:\/\/www.werecycle.ch\/de\/#organization"},"potentialAction":[{"@type":"SearchAction","target":{"@type":"EntryPoint","urlTemplate":"https:\/\/www.werecycle.ch\/de\/?s={search_term_string}"},"query-input":{"@type":"PropertyValueSpecification","valueRequired":true,"valueName":"search_term_string"}}],"inLanguage":"en-GB"},{"@type":"Organization","@id":"https:\/\/www.werecycle.ch\/de\/#organization","name":"WeRecycle.ch | Recycling Services AG","url":"https:\/\/www.werecycle.ch\/de\/","logo":{"@type":"ImageObject","inLanguage":"en-GB","@id":"https:\/\/www.werecycle.ch\/de\/#\/schema\/logo\/image\/","url":"https:\/\/www.werecycle.ch\/wp-content\/uploads\/2022\/09\/logo_werecycle.webp","contentUrl":"https:\/\/www.werecycle.ch\/wp-content\/uploads\/2022\/09\/logo_werecycle.webp","width":1423,"height":427,"caption":"WeRecycle.ch | Recycling Services AG"},"image":{"@id":"https:\/\/www.werecycle.ch\/de\/#\/schema\/logo\/image\/"},"sameAs":["https:\/\/www.facebook.com\/www.werecycle.ch"]}]}},"tiered_pricing_type":"fixed","tiered_pricing_fixed_rules":[],"tiered_pricing_product_settings":{"layout":"default","base_unit_name":{"singular":null,"plural":null},"default_variation":null},"tiered_pricing_minimum_quantity":null,"tiered_pricing_roles_data":[],"tiered_pricing_percentage_rules":[],"_links":{"self":[{"href":"https:\/\/www.werecycle.ch\/en\/wp-json\/wp\/v2\/product\/2701","targetHints":{"allow":["GET"]}}],"collection":[{"href":"https:\/\/www.werecycle.ch\/en\/wp-json\/wp\/v2\/product"}],"about":[{"href":"https:\/\/www.werecycle.ch\/en\/wp-json\/wp\/v2\/types\/product"}],"wp:featuredmedia":[{"embeddable":true,"href":"https:\/\/www.werecycle.ch\/en\/wp-json\/wp\/v2\/media\/2702"}],"wp:attachment":[{"href":"https:\/\/www.werecycle.ch\/en\/wp-json\/wp\/v2\/media?parent=2701"}],"wp:term":[{"taxonomy":"product_brand","embeddable":true,"href":"https:\/\/www.werecycle.ch\/en\/wp-json\/wp\/v2\/product_brand?post=2701"},{"taxonomy":"product_cat","embeddable":true,"href":"https:\/\/www.werecycle.ch\/en\/wp-json\/wp\/v2\/product_cat?post=2701"},{"taxonomy":"product_tag","embeddable":true,"href":"https:\/\/www.werecycle.ch\/en\/wp-json\/wp\/v2\/product_tag?post=2701"}],"curies":[{"name":"wp","href":"https:\/\/api.w.org\/{rel}","templated":true}]}}