{"id":25754,"date":"2025-02-02T15:31:00","date_gmt":"2025-02-02T14:31:00","guid":{"rendered":"https:\/\/www.werecycle.ch\/?post_type=product&#038;p=25754"},"modified":"2025-06-24T10:40:59","modified_gmt":"2025-06-24T09:40:59","slug":"andermatt-biogarten-wurmhumus","status":"publish","type":"product","link":"https:\/\/www.werecycle.ch\/en\/shop\/garten-outdoor\/andermatt-biogarten-wurmhumus\/","title":{"rendered":"Bio Wurmhumus 1,5 Liter"},"content":{"rendered":"<p>Wurmhumus ist ein D\u00fcnger und Bodenverbesserer. Er enth\u00e4lt wertvolle Pflanzenn\u00e4hrstoffe und Mineralien. Kompostw\u00fcrmer wandeln organische Abf\u00e4lle in Wurmhumus, einen wertvollen Naturd\u00fcnger, um.<\/p>\n<p>Er ist pH-neutral bis leicht sauer, verbessert die Struktur der Erde und erh\u00f6ht die Aufnahme von Mineralien und Wasser. Die Mineralien und N\u00e4hrstoffe werden langsam freigesetzt.<\/p>\n<p>Der Wurmhumus kann unterschiedlich verwendet werden. Als Fl\u00fcssigd\u00fcnger, f\u00fcr Topfpflanzen, Aussaaten, Setzlingen bis hin zu Stauden und Str\u00e4uchern. Als Hauptanwendung wird der Wurmhumus leicht in die Pflanzerde eingearbeitet oder beim Umtopfen der Erde beigemischt.<\/p>\n<p>&nbsp;<\/p>\n<ul>\n<li>Inhalt: 1,5 Liter<\/li>\n<li>Verwendungsort: Aussen, Innen, Gew\u00e4chshaus<\/li>\n<li>Lagerung: k\u00fchl und trocken lagern<\/li>\n<li>Haltbarkeit: Mehrere Jahre haltbar<\/li>\n<li>Geeignet f\u00fcr Beeren, Gem\u00fcse, Kr\u00e4uter, Obst, Saatgut, Zimmerpflanzen, Zierpflanzen, Zierb\u00e4ume<\/li>\n<li>Wirkstoff und Gehalt: N\u00e4hrstoffgehalte: Gesamtsticktoff (N) 0.5%, Phosphat (P2O5) 0.2%, Kali (K2O) 0.1%, Kalziumoxid (CaO) 1.2%, Magnesiumoxid (MgO) 0.4%, Organischer Kohlenstoff (Corg) 29.4%, Trockensubstanz (TS) 42%, Corg\/N Verh\u00e4ltnis 34.1. pH-Wert 5.5.<\/li>\n<\/ul>\n<h4>Anwendung:<\/h4>\n<ul>\n<li>Als Fl\u00fcssigd\u00fcnger: 0,1 L Wurmhumus in 1 Liter Wasser geben, gut aufr\u00fchren und 24 Stunden stehen lassen. Vor dem Giessen nochmals gut aufr\u00fchren. Zum D\u00fcngen von Topfpflanzen, Balkonkisten oder zum Angiessen von Setzlingen.<\/li>\n<li>Kleine Topfpflanzen: Monatlich 1 geh\u00e4uften Teel\u00f6ffel, bei sehr grossen Gef\u00e4ssen j\u00e4hrlich etwa 0,5\u20131 L Wurmhumus auf die Oberfl\u00e4che der Erde ausbringen und leicht einmischen.<\/li>\n<li>Umtopfen: Mit 1 L Wurmhumus lassen sich ca.4 L Blumenerde anreichern.<\/li>\n<li>Aussaaten: Der Aussaaterde kann man bis 20% Wurmhumus beimischen (ein Teil Wurmhumus auf vier Teile Erde).<\/li>\n<li>Setzlinge: Pflanzerde mit 5\u201330% Wurmhumus mischen. Pflanzfl\u00e4che mit 0,1 L Wurmhumus pro m<sup>2<\/sup>\u00a0(Schwachzehrer) bis 1 L Wurmhumus pro m<sup>2<\/sup>\u00a0(Starkzehrer, z.B. Tomaten) bestreuen und einarbeiten.<\/li>\n<li>Bodenverbesserung \/ D\u00fcngung: Jeden Fr\u00fchling pro m<sup>2<\/sup>\u00a0bis 0,3 L Wurmhumus streuen und einarbeiten. Geeignet f\u00fcr Rasen, Stauden, Str\u00e4ucher, Beeren, Obst und auch f\u00fcr Moorbeete.<\/li>\n<li style=\"list-style-type: none;\"><\/li>\n<\/ul>\n<p><strong>Hinweis<\/strong>: Ein \u00dcberd\u00fcngen ist bei Einhalten der angegebenen Anwendungsmengen kaum m\u00f6glich. H\u00f6here Anwendungsmengen f\u00fchren zu Verschlammung und zu hohem Anteil an Humus.<\/p>\n<h4>Warnhinweis:<\/h4>\n<p>Darf nicht in die H\u00e4nde von Kindern gelangen<\/p>","protected":false},"excerpt":{"rendered":"<p>1,5 Liter Wurmhumus. Wurmhumus ist ein D\u00fcnger und Bodenverbesserer. Er enth\u00e4lt wertvolle Pflanzenn\u00e4hrstoffe und Mineralien.<br \/>\nAnwendungsbereich: Geeignet f\u00fcr Beeren, Gem\u00fcse, Kr\u00e4uter, Obst, Saatgut, Zimmerpflanzen, Zierpflanzen, Zierb\u00e4ume<\/p>","protected":false},"featured_media":25756,"template":"","meta":{"ocean_post_layout":"","ocean_both_sidebars_style":"","ocean_both_sidebars_content_width":0,"ocean_both_sidebars_sidebars_width":0,"ocean_sidebar":"0","ocean_second_sidebar":"0","ocean_disable_margins":"enable","ocean_add_body_class":"","ocean_shortcode_before_top_bar":"","ocean_shortcode_after_top_bar":"","ocean_shortcode_before_header":"","ocean_shortcode_after_header":"","ocean_has_shortcode":"","ocean_shortcode_after_title":"","ocean_shortcode_before_footer_widgets":"","ocean_shortcode_after_footer_widgets":"","ocean_shortcode_before_footer_bottom":"","ocean_shortcode_after_footer_bottom":"","ocean_display_top_bar":"default","ocean_display_header":"default","ocean_header_style":"","ocean_center_header_left_menu":"0","ocean_custom_header_template":"0","ocean_custom_logo":0,"ocean_custom_retina_logo":0,"ocean_custom_logo_max_width":0,"ocean_custom_logo_tablet_max_width":0,"ocean_custom_logo_mobile_max_width":0,"ocean_custom_logo_max_height":0,"ocean_custom_logo_tablet_max_height":0,"ocean_custom_logo_mobile_max_height":0,"ocean_header_custom_menu":"0","ocean_menu_typo_font_family":"0","ocean_menu_typo_font_subset":"","ocean_menu_typo_font_size":0,"ocean_menu_typo_font_size_tablet":0,"ocean_menu_typo_font_size_mobile":0,"ocean_menu_typo_font_size_unit":"px","ocean_menu_typo_font_weight":"","ocean_menu_typo_font_weight_tablet":"","ocean_menu_typo_font_weight_mobile":"","ocean_menu_typo_transform":"","ocean_menu_typo_transform_tablet":"","ocean_menu_typo_transform_mobile":"","ocean_menu_typo_line_height":0,"ocean_menu_typo_line_height_tablet":0,"ocean_menu_typo_line_height_mobile":0,"ocean_menu_typo_line_height_unit":"","ocean_menu_typo_spacing":0,"ocean_menu_typo_spacing_tablet":0,"ocean_menu_typo_spacing_mobile":0,"ocean_menu_typo_spacing_unit":"","ocean_menu_link_color":"","ocean_menu_link_color_hover":"","ocean_menu_link_color_active":"","ocean_menu_link_background":"","ocean_menu_link_hover_background":"","ocean_menu_link_active_background":"","ocean_menu_social_links_bg":"","ocean_menu_social_hover_links_bg":"","ocean_menu_social_links_color":"","ocean_menu_social_hover_links_color":"","ocean_disable_title":"default","ocean_disable_heading":"default","ocean_post_title":"","ocean_post_subheading":"","ocean_post_title_style":"","ocean_post_title_background_color":"","ocean_post_title_background":0,"ocean_post_title_bg_image_position":"","ocean_post_title_bg_image_attachment":"","ocean_post_title_bg_image_repeat":"","ocean_post_title_bg_image_size":"","ocean_post_title_height":0,"ocean_post_title_bg_overlay":0.5,"ocean_post_title_bg_overlay_color":"","ocean_disable_breadcrumbs":"default","ocean_breadcrumbs_color":"","ocean_breadcrumbs_separator_color":"","ocean_breadcrumbs_links_color":"","ocean_breadcrumbs_links_hover_color":"","ocean_display_footer_widgets":"default","ocean_display_footer_bottom":"default","ocean_custom_footer_template":"0","ofc_meta_disable_footer_callout":"","ofc_meta_callout_button_url":"","ofc_meta_callout_button_txt":"","ofc_meta_callout_text":"","osh_disable_topbar_sticky":"default","osh_disable_header_sticky":"default","osh_sticky_header_style":"default","osh_sticky_header_effect":"","osh_custom_sticky_logo":0,"osh_custom_retina_sticky_logo":0,"osh_custom_sticky_logo_height":0,"osh_background_color":"","osh_links_color":"","osh_links_hover_color":"","osh_links_active_color":"","osh_links_bg_color":"","osh_links_hover_bg_color":"","osh_links_active_bg_color":"","osh_menu_social_links_color":"","osh_menu_social_hover_links_color":""},"product_brand":[2608],"product_cat":[434],"product_tag":[861,1914,1913,2523,2524],"class_list":{"0":"post-25754","1":"product","2":"type-product","3":"status-publish","4":"has-post-thumbnail","6":"product_brand-andermatt-biogarten","7":"product_cat-garten-outdoor","8":"product_tag-andermatt-biogarten","9":"product_tag-duengemittel","10":"product_tag-duenger","11":"product_tag-humus","12":"product_tag-wurmhumus","13":"product_shipping_class-paket","15":"entry","16":"has-media","18":"first","19":"instock","20":"taxable","21":"shipping-taxable","22":"purchasable","23":"product-type-simple","24":"col","25":"span_1_of_3","26":"owp-content-center","27":"item-entry","28":"owp-thumbs-layout-horizontal","29":"owp-btn-normal","30":"owp-tabs-layout-horizontal","31":"circle-sale"},"yoast_head":"<!-- This site is optimized with the Yoast SEO plugin v27.4 - https:\/\/yoast.com\/product\/yoast-seo-wordpress\/ -->\n<title>Bio Wurmhumus 1,5 Liter - WeRecycle.ch | WR Group AG<\/title>\n<meta name=\"description\" content=\"1,5 Liter Andermatt Biogarten Wurmhumus. Wurmhumus ist ein D\u00fcnger und Bodenverbesserer. Er enth\u00e4lt wertvolle Pflanzenn\u00e4hrstoffe und Mineralien.\" \/>\n<meta name=\"robots\" content=\"index, follow, max-snippet:-1, max-image-preview:large, max-video-preview:-1\" \/>\n<link rel=\"canonical\" href=\"https:\/\/www.werecycle.ch\/en\/shop\/garten-outdoor\/andermatt-biogarten-wurmhumus\/\" \/>\n<meta property=\"og:locale\" content=\"en_GB\" \/>\n<meta property=\"og:type\" content=\"article\" \/>\n<meta property=\"og:title\" content=\"Bio Wurmhumus 1,5 Liter - WeRecycle.ch | WR Group AG\" \/>\n<meta property=\"og:description\" content=\"1,5 Liter Andermatt Biogarten Wurmhumus. Wurmhumus ist ein D\u00fcnger und Bodenverbesserer. Er enth\u00e4lt wertvolle Pflanzenn\u00e4hrstoffe und Mineralien.\" \/>\n<meta property=\"og:url\" content=\"https:\/\/www.werecycle.ch\/en\/shop\/garten-outdoor\/andermatt-biogarten-wurmhumus\/\" \/>\n<meta property=\"og:site_name\" content=\"WeRecycle.ch | WR Group AG\" \/>\n<meta property=\"article:publisher\" content=\"https:\/\/www.facebook.com\/www.werecycle.ch\" \/>\n<meta property=\"article:modified_time\" content=\"2025-06-24T09:40:59+00:00\" \/>\n<meta property=\"og:image\" content=\"https:\/\/www.werecycle.ch\/wp-content\/uploads\/2025\/03\/277437.webp\" \/>\n\t<meta property=\"og:image:width\" content=\"1000\" \/>\n\t<meta property=\"og:image:height\" content=\"1000\" \/>\n\t<meta property=\"og:image:type\" content=\"image\/webp\" \/>\n<meta name=\"twitter:card\" content=\"summary_large_image\" \/>\n<script type=\"application\/ld+json\" class=\"yoast-schema-graph\">{\"@context\":\"https:\\\/\\\/schema.org\",\"@graph\":[{\"@type\":\"WebPage\",\"@id\":\"https:\\\/\\\/www.werecycle.ch\\\/shop\\\/garten-outdoor\\\/andermatt-biogarten-wurmhumus\\\/\",\"url\":\"https:\\\/\\\/www.werecycle.ch\\\/shop\\\/garten-outdoor\\\/andermatt-biogarten-wurmhumus\\\/\",\"name\":\"Bio Wurmhumus 1,5 Liter - WeRecycle.ch | WR Group AG\",\"isPartOf\":{\"@id\":\"https:\\\/\\\/www.werecycle.ch\\\/de\\\/#website\"},\"primaryImageOfPage\":{\"@id\":\"https:\\\/\\\/www.werecycle.ch\\\/shop\\\/garten-outdoor\\\/andermatt-biogarten-wurmhumus\\\/#primaryimage\"},\"image\":{\"@id\":\"https:\\\/\\\/www.werecycle.ch\\\/shop\\\/garten-outdoor\\\/andermatt-biogarten-wurmhumus\\\/#primaryimage\"},\"thumbnailUrl\":\"https:\\\/\\\/www.werecycle.ch\\\/wp-content\\\/uploads\\\/2025\\\/03\\\/277437.webp\",\"datePublished\":\"2025-02-02T14:31:00+00:00\",\"dateModified\":\"2025-06-24T09:40:59+00:00\",\"description\":\"1,5 Liter Andermatt Biogarten Wurmhumus. Wurmhumus ist ein D\u00fcnger und Bodenverbesserer. Er enth\u00e4lt wertvolle Pflanzenn\u00e4hrstoffe und Mineralien.\",\"breadcrumb\":{\"@id\":\"https:\\\/\\\/www.werecycle.ch\\\/shop\\\/garten-outdoor\\\/andermatt-biogarten-wurmhumus\\\/#breadcrumb\"},\"inLanguage\":\"en-GB\",\"potentialAction\":[{\"@type\":\"ReadAction\",\"target\":[\"https:\\\/\\\/www.werecycle.ch\\\/shop\\\/garten-outdoor\\\/andermatt-biogarten-wurmhumus\\\/\"]}]},{\"@type\":\"ImageObject\",\"inLanguage\":\"en-GB\",\"@id\":\"https:\\\/\\\/www.werecycle.ch\\\/shop\\\/garten-outdoor\\\/andermatt-biogarten-wurmhumus\\\/#primaryimage\",\"url\":\"https:\\\/\\\/www.werecycle.ch\\\/wp-content\\\/uploads\\\/2025\\\/03\\\/277437.webp\",\"contentUrl\":\"https:\\\/\\\/www.werecycle.ch\\\/wp-content\\\/uploads\\\/2025\\\/03\\\/277437.webp\",\"width\":1000,\"height\":1000},{\"@type\":\"BreadcrumbList\",\"@id\":\"https:\\\/\\\/www.werecycle.ch\\\/shop\\\/garten-outdoor\\\/andermatt-biogarten-wurmhumus\\\/#breadcrumb\",\"itemListElement\":[{\"@type\":\"ListItem\",\"position\":1,\"name\":\"Startseite\",\"item\":\"https:\\\/\\\/www.werecycle.ch\\\/\"},{\"@type\":\"ListItem\",\"position\":2,\"name\":\"Shop\",\"item\":\"https:\\\/\\\/www.werecycle.ch\\\/de\\\/shop\\\/\"},{\"@type\":\"ListItem\",\"position\":3,\"name\":\"Bio Wurmhumus 1,5 Liter\"}]},{\"@type\":\"WebSite\",\"@id\":\"https:\\\/\\\/www.werecycle.ch\\\/de\\\/#website\",\"url\":\"https:\\\/\\\/www.werecycle.ch\\\/de\\\/\",\"name\":\"WeRecycle.ch | Recycling Services AG\",\"description\":\"\",\"publisher\":{\"@id\":\"https:\\\/\\\/www.werecycle.ch\\\/de\\\/#organization\"},\"potentialAction\":[{\"@type\":\"SearchAction\",\"target\":{\"@type\":\"EntryPoint\",\"urlTemplate\":\"https:\\\/\\\/www.werecycle.ch\\\/de\\\/?s={search_term_string}\"},\"query-input\":{\"@type\":\"PropertyValueSpecification\",\"valueRequired\":true,\"valueName\":\"search_term_string\"}}],\"inLanguage\":\"en-GB\"},{\"@type\":\"Organization\",\"@id\":\"https:\\\/\\\/www.werecycle.ch\\\/de\\\/#organization\",\"name\":\"WeRecycle.ch | Recycling Services AG\",\"url\":\"https:\\\/\\\/www.werecycle.ch\\\/de\\\/\",\"logo\":{\"@type\":\"ImageObject\",\"inLanguage\":\"en-GB\",\"@id\":\"https:\\\/\\\/www.werecycle.ch\\\/de\\\/#\\\/schema\\\/logo\\\/image\\\/\",\"url\":\"https:\\\/\\\/www.werecycle.ch\\\/wp-content\\\/uploads\\\/2022\\\/09\\\/logo_werecycle.webp\",\"contentUrl\":\"https:\\\/\\\/www.werecycle.ch\\\/wp-content\\\/uploads\\\/2022\\\/09\\\/logo_werecycle.webp\",\"width\":1423,\"height\":427,\"caption\":\"WeRecycle.ch | Recycling Services AG\"},\"image\":{\"@id\":\"https:\\\/\\\/www.werecycle.ch\\\/de\\\/#\\\/schema\\\/logo\\\/image\\\/\"},\"sameAs\":[\"https:\\\/\\\/www.facebook.com\\\/www.werecycle.ch\"]}]}<\/script>\n<!-- \/ Yoast SEO plugin. -->","yoast_head_json":{"title":"Bio Wurmhumus 1,5 Liter - WeRecycle.ch | WR Group AG","description":"1,5 Liter Andermatt Biogarten Wurmhumus. Wurmhumus ist ein D\u00fcnger und Bodenverbesserer. Er enth\u00e4lt wertvolle Pflanzenn\u00e4hrstoffe und Mineralien.","robots":{"index":"index","follow":"follow","max-snippet":"max-snippet:-1","max-image-preview":"max-image-preview:large","max-video-preview":"max-video-preview:-1"},"canonical":"https:\/\/www.werecycle.ch\/en\/shop\/garten-outdoor\/andermatt-biogarten-wurmhumus\/","og_locale":"en_GB","og_type":"article","og_title":"Bio Wurmhumus 1,5 Liter - WeRecycle.ch | WR Group AG","og_description":"1,5 Liter Andermatt Biogarten Wurmhumus. Wurmhumus ist ein D\u00fcnger und Bodenverbesserer. Er enth\u00e4lt wertvolle Pflanzenn\u00e4hrstoffe und Mineralien.","og_url":"https:\/\/www.werecycle.ch\/en\/shop\/garten-outdoor\/andermatt-biogarten-wurmhumus\/","og_site_name":"WeRecycle.ch | WR Group AG","article_publisher":"https:\/\/www.facebook.com\/www.werecycle.ch","article_modified_time":"2025-06-24T09:40:59+00:00","og_image":[{"width":1000,"height":1000,"url":"https:\/\/www.werecycle.ch\/wp-content\/uploads\/2025\/03\/277437.webp","type":"image\/webp"}],"twitter_card":"summary_large_image","schema":{"@context":"https:\/\/schema.org","@graph":[{"@type":"WebPage","@id":"https:\/\/www.werecycle.ch\/shop\/garten-outdoor\/andermatt-biogarten-wurmhumus\/","url":"https:\/\/www.werecycle.ch\/shop\/garten-outdoor\/andermatt-biogarten-wurmhumus\/","name":"Bio Wurmhumus 1,5 Liter - WeRecycle.ch | WR Group AG","isPartOf":{"@id":"https:\/\/www.werecycle.ch\/de\/#website"},"primaryImageOfPage":{"@id":"https:\/\/www.werecycle.ch\/shop\/garten-outdoor\/andermatt-biogarten-wurmhumus\/#primaryimage"},"image":{"@id":"https:\/\/www.werecycle.ch\/shop\/garten-outdoor\/andermatt-biogarten-wurmhumus\/#primaryimage"},"thumbnailUrl":"https:\/\/www.werecycle.ch\/wp-content\/uploads\/2025\/03\/277437.webp","datePublished":"2025-02-02T14:31:00+00:00","dateModified":"2025-06-24T09:40:59+00:00","description":"1,5 Liter Andermatt Biogarten Wurmhumus. Wurmhumus ist ein D\u00fcnger und Bodenverbesserer. Er enth\u00e4lt wertvolle Pflanzenn\u00e4hrstoffe und Mineralien.","breadcrumb":{"@id":"https:\/\/www.werecycle.ch\/shop\/garten-outdoor\/andermatt-biogarten-wurmhumus\/#breadcrumb"},"inLanguage":"en-GB","potentialAction":[{"@type":"ReadAction","target":["https:\/\/www.werecycle.ch\/shop\/garten-outdoor\/andermatt-biogarten-wurmhumus\/"]}]},{"@type":"ImageObject","inLanguage":"en-GB","@id":"https:\/\/www.werecycle.ch\/shop\/garten-outdoor\/andermatt-biogarten-wurmhumus\/#primaryimage","url":"https:\/\/www.werecycle.ch\/wp-content\/uploads\/2025\/03\/277437.webp","contentUrl":"https:\/\/www.werecycle.ch\/wp-content\/uploads\/2025\/03\/277437.webp","width":1000,"height":1000},{"@type":"BreadcrumbList","@id":"https:\/\/www.werecycle.ch\/shop\/garten-outdoor\/andermatt-biogarten-wurmhumus\/#breadcrumb","itemListElement":[{"@type":"ListItem","position":1,"name":"Startseite","item":"https:\/\/www.werecycle.ch\/"},{"@type":"ListItem","position":2,"name":"Shop","item":"https:\/\/www.werecycle.ch\/de\/shop\/"},{"@type":"ListItem","position":3,"name":"Bio Wurmhumus 1,5 Liter"}]},{"@type":"WebSite","@id":"https:\/\/www.werecycle.ch\/de\/#website","url":"https:\/\/www.werecycle.ch\/de\/","name":"WeRecycle.ch | Recycling Services AG","description":"","publisher":{"@id":"https:\/\/www.werecycle.ch\/de\/#organization"},"potentialAction":[{"@type":"SearchAction","target":{"@type":"EntryPoint","urlTemplate":"https:\/\/www.werecycle.ch\/de\/?s={search_term_string}"},"query-input":{"@type":"PropertyValueSpecification","valueRequired":true,"valueName":"search_term_string"}}],"inLanguage":"en-GB"},{"@type":"Organization","@id":"https:\/\/www.werecycle.ch\/de\/#organization","name":"WeRecycle.ch | Recycling Services AG","url":"https:\/\/www.werecycle.ch\/de\/","logo":{"@type":"ImageObject","inLanguage":"en-GB","@id":"https:\/\/www.werecycle.ch\/de\/#\/schema\/logo\/image\/","url":"https:\/\/www.werecycle.ch\/wp-content\/uploads\/2022\/09\/logo_werecycle.webp","contentUrl":"https:\/\/www.werecycle.ch\/wp-content\/uploads\/2022\/09\/logo_werecycle.webp","width":1423,"height":427,"caption":"WeRecycle.ch | Recycling Services AG"},"image":{"@id":"https:\/\/www.werecycle.ch\/de\/#\/schema\/logo\/image\/"},"sameAs":["https:\/\/www.facebook.com\/www.werecycle.ch"]}]}},"tiered_pricing_type":"fixed","tiered_pricing_fixed_rules":[],"tiered_pricing_product_settings":{"layout":"default","base_unit_name":{"singular":null,"plural":null},"default_variation":null},"tiered_pricing_minimum_quantity":null,"tiered_pricing_roles_data":[],"tiered_pricing_percentage_rules":[],"_links":{"self":[{"href":"https:\/\/www.werecycle.ch\/en\/wp-json\/wp\/v2\/product\/25754","targetHints":{"allow":["GET"]}}],"collection":[{"href":"https:\/\/www.werecycle.ch\/en\/wp-json\/wp\/v2\/product"}],"about":[{"href":"https:\/\/www.werecycle.ch\/en\/wp-json\/wp\/v2\/types\/product"}],"wp:featuredmedia":[{"embeddable":true,"href":"https:\/\/www.werecycle.ch\/en\/wp-json\/wp\/v2\/media\/25756"}],"wp:attachment":[{"href":"https:\/\/www.werecycle.ch\/en\/wp-json\/wp\/v2\/media?parent=25754"}],"wp:term":[{"taxonomy":"product_brand","embeddable":true,"href":"https:\/\/www.werecycle.ch\/en\/wp-json\/wp\/v2\/product_brand?post=25754"},{"taxonomy":"product_cat","embeddable":true,"href":"https:\/\/www.werecycle.ch\/en\/wp-json\/wp\/v2\/product_cat?post=25754"},{"taxonomy":"product_tag","embeddable":true,"href":"https:\/\/www.werecycle.ch\/en\/wp-json\/wp\/v2\/product_tag?post=25754"}],"curies":[{"name":"wp","href":"https:\/\/api.w.org\/{rel}","templated":true}]}}