{"id":25748,"date":"2025-01-12T15:10:42","date_gmt":"2025-01-12T14:10:42","guid":{"rendered":"https:\/\/www.werecycle.ch\/?post_type=product&#038;p=25748"},"modified":"2025-06-24T10:41:04","modified_gmt":"2025-06-24T09:41:04","slug":"andermatt-biogarten-hochbeetduenger-700g","status":"publish","type":"product","link":"https:\/\/www.werecycle.ch\/en\/shop\/garten-outdoor\/andermatt-biogarten-hochbeetduenger-700g\/","title":{"rendered":"Bio Hochbeetd\u00fcnger fest 0,7 kg"},"content":{"rendered":"<p>Der vegane Hochbeetd\u00fcnger ist ein ausgewogener Mehrn\u00e4hrstoffd\u00fcnger, der die Pflanzen im Hochbeet langanhaltend mit allen wichtigen Hauptn\u00e4hrstoffen versorgt. Das Bodenleben wird gef\u00f6rdert und tr\u00e4gt so zu widerstandsf\u00e4higen Pflanzen bei. Durch die mikrogranul\u00f6se Form der organischen Substanz wird der D\u00fcnger im Boden langsam abgebaut und verhilft so zu einer langanhaltenden D\u00fcngewirkung. Der ausgewogene N\u00e4hrstoffgehalt deckt den Bedarf von Gem\u00fcse und Kr\u00e4utern optimal ab.<\/p>\n<p>Der Hochbeetd\u00fcnger besteht zu 100% aus pflanzlichen Rohstoffen.<\/p>\n<p>&nbsp;<\/p>\n<ul>\n<li>Inhalt: 0,7 kg<\/li>\n<li>Verwendungsort: Aussen<\/li>\n<li>Lagerung: k\u00fchl und trocken lagern<\/li>\n<li>Haltbarkeit: Mehrere Jahre haltbar<\/li>\n<li>Geeignet f\u00fcr Gem\u00fcse, Kr\u00e4uter, Zierpflanzen<\/li>\n<li>Wirkstoff und Gehalt: N\u00e4hrstoffgehalte: 5% Gesamtstickstoff (N), 5% organisch \u00adgebundener Stickstoff (NO), 1,5% Gesamtphosphat (P2O5), 2% \u00adwasserl\u00f6sliches Kali (K2O), 3% Kali (K2O), 75% organische \u00adSubstanz pflanzlicher Herkunft (OS)<\/li>\n<\/ul>\n<h4>Anwendung:<\/h4>\n<ul>\n<li>Den D\u00fcnger im Fr\u00fchling vor der Aussaat, dem Auspflanzen oder bei bestehenden Kulturen in die oberste Erdschicht im Wurzelbereich einarbeiten.<\/li>\n<li>Bei der Kombination mit Kompost oder Mist und zur Nachd\u00fcngung k\u00f6nnen die aufgef\u00fchrten D\u00fcngermengen halbiert werden.<\/li>\n<li>Starkzehrer (Tomaten, Paprika, K\u00fcrbis und Kohlgew\u00e4chse, Kartoffeln, Rosen etc.) und Bl\u00fctenpflanzen: 150 bis 200 g D\u00fcnger pro m2. Nachd\u00fcngung im Sommer.<\/li>\n<li>Mittel- (Spinat, Kopfsalat, Endivien, R\u00fcebli, Kr\u00e4uter) und Schwachzehrer (Erbsen, Zwiebeln, Radiesli, N\u00fcsslisalat): 80 bis 150 g D\u00fcnger pro m2.<\/li>\n<li style=\"list-style-type: none;\"><\/li>\n<\/ul>\n<p>&nbsp;<\/p>\n<h4>Warnhinweis:<\/h4>\n<p>Darf nicht in die H\u00e4nde von Kindern gelangen<\/p>","protected":false},"excerpt":{"rendered":"<p>0,7 kg rein pflanzlicher Hochbeetd\u00fcnger. Deckt den ausgewogenen N\u00e4hrstoffgehalt von Gem\u00fcse und Kr\u00e4utern optimal ab.<br \/>\nAnwendungsbereich: Geeignet f\u00fcr Gem\u00fcse, Kr\u00e4uter, Zierpflanzen<\/p>","protected":false},"featured_media":25751,"template":"","meta":{"ocean_post_layout":"","ocean_both_sidebars_style":"","ocean_both_sidebars_content_width":0,"ocean_both_sidebars_sidebars_width":0,"ocean_sidebar":"0","ocean_second_sidebar":"0","ocean_disable_margins":"enable","ocean_add_body_class":"","ocean_shortcode_before_top_bar":"","ocean_shortcode_after_top_bar":"","ocean_shortcode_before_header":"","ocean_shortcode_after_header":"","ocean_has_shortcode":"","ocean_shortcode_after_title":"","ocean_shortcode_before_footer_widgets":"","ocean_shortcode_after_footer_widgets":"","ocean_shortcode_before_footer_bottom":"","ocean_shortcode_after_footer_bottom":"","ocean_display_top_bar":"default","ocean_display_header":"default","ocean_header_style":"","ocean_center_header_left_menu":"0","ocean_custom_header_template":"0","ocean_custom_logo":0,"ocean_custom_retina_logo":0,"ocean_custom_logo_max_width":0,"ocean_custom_logo_tablet_max_width":0,"ocean_custom_logo_mobile_max_width":0,"ocean_custom_logo_max_height":0,"ocean_custom_logo_tablet_max_height":0,"ocean_custom_logo_mobile_max_height":0,"ocean_header_custom_menu":"0","ocean_menu_typo_font_family":"0","ocean_menu_typo_font_subset":"","ocean_menu_typo_font_size":0,"ocean_menu_typo_font_size_tablet":0,"ocean_menu_typo_font_size_mobile":0,"ocean_menu_typo_font_size_unit":"px","ocean_menu_typo_font_weight":"","ocean_menu_typo_font_weight_tablet":"","ocean_menu_typo_font_weight_mobile":"","ocean_menu_typo_transform":"","ocean_menu_typo_transform_tablet":"","ocean_menu_typo_transform_mobile":"","ocean_menu_typo_line_height":0,"ocean_menu_typo_line_height_tablet":0,"ocean_menu_typo_line_height_mobile":0,"ocean_menu_typo_line_height_unit":"","ocean_menu_typo_spacing":0,"ocean_menu_typo_spacing_tablet":0,"ocean_menu_typo_spacing_mobile":0,"ocean_menu_typo_spacing_unit":"","ocean_menu_link_color":"","ocean_menu_link_color_hover":"","ocean_menu_link_color_active":"","ocean_menu_link_background":"","ocean_menu_link_hover_background":"","ocean_menu_link_active_background":"","ocean_menu_social_links_bg":"","ocean_menu_social_hover_links_bg":"","ocean_menu_social_links_color":"","ocean_menu_social_hover_links_color":"","ocean_disable_title":"default","ocean_disable_heading":"default","ocean_post_title":"","ocean_post_subheading":"","ocean_post_title_style":"","ocean_post_title_background_color":"","ocean_post_title_background":0,"ocean_post_title_bg_image_position":"","ocean_post_title_bg_image_attachment":"","ocean_post_title_bg_image_repeat":"","ocean_post_title_bg_image_size":"","ocean_post_title_height":0,"ocean_post_title_bg_overlay":0.5,"ocean_post_title_bg_overlay_color":"","ocean_disable_breadcrumbs":"default","ocean_breadcrumbs_color":"","ocean_breadcrumbs_separator_color":"","ocean_breadcrumbs_links_color":"","ocean_breadcrumbs_links_hover_color":"","ocean_display_footer_widgets":"default","ocean_display_footer_bottom":"default","ocean_custom_footer_template":"0","ofc_meta_disable_footer_callout":"","ofc_meta_callout_button_url":"","ofc_meta_callout_button_txt":"","ofc_meta_callout_text":"","osh_disable_topbar_sticky":"default","osh_disable_header_sticky":"default","osh_sticky_header_style":"default","osh_sticky_header_effect":"","osh_custom_sticky_logo":0,"osh_custom_retina_sticky_logo":0,"osh_custom_sticky_logo_height":0,"osh_background_color":"","osh_links_color":"","osh_links_hover_color":"","osh_links_active_color":"","osh_links_bg_color":"","osh_links_hover_bg_color":"","osh_links_active_bg_color":"","osh_menu_social_links_color":"","osh_menu_social_hover_links_color":""},"product_brand":[2608],"product_cat":[434],"product_tag":[861,1914,1913,1723],"class_list":{"0":"post-25748","1":"product","2":"type-product","3":"status-publish","4":"has-post-thumbnail","6":"product_brand-andermatt-biogarten","7":"product_cat-garten-outdoor","8":"product_tag-andermatt-biogarten","9":"product_tag-duengemittel","10":"product_tag-duenger","11":"product_tag-hochbeet","12":"product_shipping_class-paket","14":"entry","15":"has-media","17":"first","18":"instock","19":"taxable","20":"shipping-taxable","21":"purchasable","22":"product-type-simple","23":"col","24":"span_1_of_3","25":"owp-content-center","26":"item-entry","27":"owp-thumbs-layout-horizontal","28":"owp-btn-normal","29":"owp-tabs-layout-horizontal","30":"circle-sale"},"yoast_head":"<!-- This site is optimized with the Yoast SEO plugin v27.4 - https:\/\/yoast.com\/product\/yoast-seo-wordpress\/ -->\n<title>Bio Hochbeetd\u00fcnger fest 0,7 kg - WeRecycle.ch | WR Group AG<\/title>\n<meta name=\"description\" content=\"0,7 kg rein pflanzlicher Hochbeetd\u00fcnger. Deckt den ausgewogenen N\u00e4hrstoffgehalt von Gem\u00fcse und Kr\u00e4utern optimal ab. Feststoffd\u00fcnger von Andermatt Biogarten.\" \/>\n<meta name=\"robots\" content=\"index, follow, max-snippet:-1, max-image-preview:large, max-video-preview:-1\" \/>\n<link rel=\"canonical\" href=\"https:\/\/www.werecycle.ch\/en\/shop\/garten-outdoor\/andermatt-biogarten-hochbeetduenger-700g\/\" \/>\n<meta property=\"og:locale\" content=\"en_GB\" \/>\n<meta property=\"og:type\" content=\"article\" \/>\n<meta property=\"og:title\" content=\"Bio Hochbeetd\u00fcnger fest 0,7 kg - WeRecycle.ch | WR Group AG\" \/>\n<meta property=\"og:description\" content=\"0,7 kg rein pflanzlicher Hochbeetd\u00fcnger. Deckt den ausgewogenen N\u00e4hrstoffgehalt von Gem\u00fcse und Kr\u00e4utern optimal ab. Feststoffd\u00fcnger von Andermatt Biogarten.\" \/>\n<meta property=\"og:url\" content=\"https:\/\/www.werecycle.ch\/en\/shop\/garten-outdoor\/andermatt-biogarten-hochbeetduenger-700g\/\" \/>\n<meta property=\"og:site_name\" content=\"WeRecycle.ch | WR Group AG\" \/>\n<meta property=\"article:publisher\" content=\"https:\/\/www.facebook.com\/www.werecycle.ch\" \/>\n<meta property=\"article:modified_time\" content=\"2025-06-24T09:41:04+00:00\" \/>\n<meta property=\"og:image\" content=\"https:\/\/www.werecycle.ch\/wp-content\/uploads\/2025\/03\/276670.webp\" \/>\n\t<meta property=\"og:image:width\" content=\"1000\" \/>\n\t<meta property=\"og:image:height\" content=\"1000\" \/>\n\t<meta property=\"og:image:type\" content=\"image\/webp\" \/>\n<meta name=\"twitter:card\" content=\"summary_large_image\" \/>\n<script type=\"application\/ld+json\" class=\"yoast-schema-graph\">{\"@context\":\"https:\\\/\\\/schema.org\",\"@graph\":[{\"@type\":\"WebPage\",\"@id\":\"https:\\\/\\\/www.werecycle.ch\\\/shop\\\/garten-outdoor\\\/andermatt-biogarten-hochbeetduenger-700g\\\/\",\"url\":\"https:\\\/\\\/www.werecycle.ch\\\/shop\\\/garten-outdoor\\\/andermatt-biogarten-hochbeetduenger-700g\\\/\",\"name\":\"Bio Hochbeetd\u00fcnger fest 0,7 kg - WeRecycle.ch | WR Group AG\",\"isPartOf\":{\"@id\":\"https:\\\/\\\/www.werecycle.ch\\\/de\\\/#website\"},\"primaryImageOfPage\":{\"@id\":\"https:\\\/\\\/www.werecycle.ch\\\/shop\\\/garten-outdoor\\\/andermatt-biogarten-hochbeetduenger-700g\\\/#primaryimage\"},\"image\":{\"@id\":\"https:\\\/\\\/www.werecycle.ch\\\/shop\\\/garten-outdoor\\\/andermatt-biogarten-hochbeetduenger-700g\\\/#primaryimage\"},\"thumbnailUrl\":\"https:\\\/\\\/www.werecycle.ch\\\/wp-content\\\/uploads\\\/2025\\\/03\\\/276670.webp\",\"datePublished\":\"2025-01-12T14:10:42+00:00\",\"dateModified\":\"2025-06-24T09:41:04+00:00\",\"description\":\"0,7 kg rein pflanzlicher Hochbeetd\u00fcnger. Deckt den ausgewogenen N\u00e4hrstoffgehalt von Gem\u00fcse und Kr\u00e4utern optimal ab. Feststoffd\u00fcnger von Andermatt Biogarten.\",\"breadcrumb\":{\"@id\":\"https:\\\/\\\/www.werecycle.ch\\\/shop\\\/garten-outdoor\\\/andermatt-biogarten-hochbeetduenger-700g\\\/#breadcrumb\"},\"inLanguage\":\"en-GB\",\"potentialAction\":[{\"@type\":\"ReadAction\",\"target\":[\"https:\\\/\\\/www.werecycle.ch\\\/shop\\\/garten-outdoor\\\/andermatt-biogarten-hochbeetduenger-700g\\\/\"]}]},{\"@type\":\"ImageObject\",\"inLanguage\":\"en-GB\",\"@id\":\"https:\\\/\\\/www.werecycle.ch\\\/shop\\\/garten-outdoor\\\/andermatt-biogarten-hochbeetduenger-700g\\\/#primaryimage\",\"url\":\"https:\\\/\\\/www.werecycle.ch\\\/wp-content\\\/uploads\\\/2025\\\/03\\\/276670.webp\",\"contentUrl\":\"https:\\\/\\\/www.werecycle.ch\\\/wp-content\\\/uploads\\\/2025\\\/03\\\/276670.webp\",\"width\":1000,\"height\":1000},{\"@type\":\"BreadcrumbList\",\"@id\":\"https:\\\/\\\/www.werecycle.ch\\\/shop\\\/garten-outdoor\\\/andermatt-biogarten-hochbeetduenger-700g\\\/#breadcrumb\",\"itemListElement\":[{\"@type\":\"ListItem\",\"position\":1,\"name\":\"Startseite\",\"item\":\"https:\\\/\\\/www.werecycle.ch\\\/\"},{\"@type\":\"ListItem\",\"position\":2,\"name\":\"Shop\",\"item\":\"https:\\\/\\\/www.werecycle.ch\\\/de\\\/shop\\\/\"},{\"@type\":\"ListItem\",\"position\":3,\"name\":\"Bio Hochbeetd\u00fcnger fest 0,7 kg\"}]},{\"@type\":\"WebSite\",\"@id\":\"https:\\\/\\\/www.werecycle.ch\\\/de\\\/#website\",\"url\":\"https:\\\/\\\/www.werecycle.ch\\\/de\\\/\",\"name\":\"WeRecycle.ch | Recycling Services AG\",\"description\":\"\",\"publisher\":{\"@id\":\"https:\\\/\\\/www.werecycle.ch\\\/de\\\/#organization\"},\"potentialAction\":[{\"@type\":\"SearchAction\",\"target\":{\"@type\":\"EntryPoint\",\"urlTemplate\":\"https:\\\/\\\/www.werecycle.ch\\\/de\\\/?s={search_term_string}\"},\"query-input\":{\"@type\":\"PropertyValueSpecification\",\"valueRequired\":true,\"valueName\":\"search_term_string\"}}],\"inLanguage\":\"en-GB\"},{\"@type\":\"Organization\",\"@id\":\"https:\\\/\\\/www.werecycle.ch\\\/de\\\/#organization\",\"name\":\"WeRecycle.ch | Recycling Services AG\",\"url\":\"https:\\\/\\\/www.werecycle.ch\\\/de\\\/\",\"logo\":{\"@type\":\"ImageObject\",\"inLanguage\":\"en-GB\",\"@id\":\"https:\\\/\\\/www.werecycle.ch\\\/de\\\/#\\\/schema\\\/logo\\\/image\\\/\",\"url\":\"https:\\\/\\\/www.werecycle.ch\\\/wp-content\\\/uploads\\\/2022\\\/09\\\/logo_werecycle.webp\",\"contentUrl\":\"https:\\\/\\\/www.werecycle.ch\\\/wp-content\\\/uploads\\\/2022\\\/09\\\/logo_werecycle.webp\",\"width\":1423,\"height\":427,\"caption\":\"WeRecycle.ch | Recycling Services AG\"},\"image\":{\"@id\":\"https:\\\/\\\/www.werecycle.ch\\\/de\\\/#\\\/schema\\\/logo\\\/image\\\/\"},\"sameAs\":[\"https:\\\/\\\/www.facebook.com\\\/www.werecycle.ch\"]}]}<\/script>\n<!-- \/ Yoast SEO plugin. -->","yoast_head_json":{"title":"Bio Hochbeetd\u00fcnger fest 0,7 kg - WeRecycle.ch | WR Group AG","description":"0,7 kg rein pflanzlicher Hochbeetd\u00fcnger. Deckt den ausgewogenen N\u00e4hrstoffgehalt von Gem\u00fcse und Kr\u00e4utern optimal ab. Feststoffd\u00fcnger von Andermatt Biogarten.","robots":{"index":"index","follow":"follow","max-snippet":"max-snippet:-1","max-image-preview":"max-image-preview:large","max-video-preview":"max-video-preview:-1"},"canonical":"https:\/\/www.werecycle.ch\/en\/shop\/garten-outdoor\/andermatt-biogarten-hochbeetduenger-700g\/","og_locale":"en_GB","og_type":"article","og_title":"Bio Hochbeetd\u00fcnger fest 0,7 kg - WeRecycle.ch | WR Group AG","og_description":"0,7 kg rein pflanzlicher Hochbeetd\u00fcnger. Deckt den ausgewogenen N\u00e4hrstoffgehalt von Gem\u00fcse und Kr\u00e4utern optimal ab. Feststoffd\u00fcnger von Andermatt Biogarten.","og_url":"https:\/\/www.werecycle.ch\/en\/shop\/garten-outdoor\/andermatt-biogarten-hochbeetduenger-700g\/","og_site_name":"WeRecycle.ch | WR Group AG","article_publisher":"https:\/\/www.facebook.com\/www.werecycle.ch","article_modified_time":"2025-06-24T09:41:04+00:00","og_image":[{"width":1000,"height":1000,"url":"https:\/\/www.werecycle.ch\/wp-content\/uploads\/2025\/03\/276670.webp","type":"image\/webp"}],"twitter_card":"summary_large_image","schema":{"@context":"https:\/\/schema.org","@graph":[{"@type":"WebPage","@id":"https:\/\/www.werecycle.ch\/shop\/garten-outdoor\/andermatt-biogarten-hochbeetduenger-700g\/","url":"https:\/\/www.werecycle.ch\/shop\/garten-outdoor\/andermatt-biogarten-hochbeetduenger-700g\/","name":"Bio Hochbeetd\u00fcnger fest 0,7 kg - WeRecycle.ch | WR Group AG","isPartOf":{"@id":"https:\/\/www.werecycle.ch\/de\/#website"},"primaryImageOfPage":{"@id":"https:\/\/www.werecycle.ch\/shop\/garten-outdoor\/andermatt-biogarten-hochbeetduenger-700g\/#primaryimage"},"image":{"@id":"https:\/\/www.werecycle.ch\/shop\/garten-outdoor\/andermatt-biogarten-hochbeetduenger-700g\/#primaryimage"},"thumbnailUrl":"https:\/\/www.werecycle.ch\/wp-content\/uploads\/2025\/03\/276670.webp","datePublished":"2025-01-12T14:10:42+00:00","dateModified":"2025-06-24T09:41:04+00:00","description":"0,7 kg rein pflanzlicher Hochbeetd\u00fcnger. Deckt den ausgewogenen N\u00e4hrstoffgehalt von Gem\u00fcse und Kr\u00e4utern optimal ab. Feststoffd\u00fcnger von Andermatt Biogarten.","breadcrumb":{"@id":"https:\/\/www.werecycle.ch\/shop\/garten-outdoor\/andermatt-biogarten-hochbeetduenger-700g\/#breadcrumb"},"inLanguage":"en-GB","potentialAction":[{"@type":"ReadAction","target":["https:\/\/www.werecycle.ch\/shop\/garten-outdoor\/andermatt-biogarten-hochbeetduenger-700g\/"]}]},{"@type":"ImageObject","inLanguage":"en-GB","@id":"https:\/\/www.werecycle.ch\/shop\/garten-outdoor\/andermatt-biogarten-hochbeetduenger-700g\/#primaryimage","url":"https:\/\/www.werecycle.ch\/wp-content\/uploads\/2025\/03\/276670.webp","contentUrl":"https:\/\/www.werecycle.ch\/wp-content\/uploads\/2025\/03\/276670.webp","width":1000,"height":1000},{"@type":"BreadcrumbList","@id":"https:\/\/www.werecycle.ch\/shop\/garten-outdoor\/andermatt-biogarten-hochbeetduenger-700g\/#breadcrumb","itemListElement":[{"@type":"ListItem","position":1,"name":"Startseite","item":"https:\/\/www.werecycle.ch\/"},{"@type":"ListItem","position":2,"name":"Shop","item":"https:\/\/www.werecycle.ch\/de\/shop\/"},{"@type":"ListItem","position":3,"name":"Bio Hochbeetd\u00fcnger fest 0,7 kg"}]},{"@type":"WebSite","@id":"https:\/\/www.werecycle.ch\/de\/#website","url":"https:\/\/www.werecycle.ch\/de\/","name":"WeRecycle.ch | Recycling Services AG","description":"","publisher":{"@id":"https:\/\/www.werecycle.ch\/de\/#organization"},"potentialAction":[{"@type":"SearchAction","target":{"@type":"EntryPoint","urlTemplate":"https:\/\/www.werecycle.ch\/de\/?s={search_term_string}"},"query-input":{"@type":"PropertyValueSpecification","valueRequired":true,"valueName":"search_term_string"}}],"inLanguage":"en-GB"},{"@type":"Organization","@id":"https:\/\/www.werecycle.ch\/de\/#organization","name":"WeRecycle.ch | Recycling Services AG","url":"https:\/\/www.werecycle.ch\/de\/","logo":{"@type":"ImageObject","inLanguage":"en-GB","@id":"https:\/\/www.werecycle.ch\/de\/#\/schema\/logo\/image\/","url":"https:\/\/www.werecycle.ch\/wp-content\/uploads\/2022\/09\/logo_werecycle.webp","contentUrl":"https:\/\/www.werecycle.ch\/wp-content\/uploads\/2022\/09\/logo_werecycle.webp","width":1423,"height":427,"caption":"WeRecycle.ch | Recycling Services AG"},"image":{"@id":"https:\/\/www.werecycle.ch\/de\/#\/schema\/logo\/image\/"},"sameAs":["https:\/\/www.facebook.com\/www.werecycle.ch"]}]}},"tiered_pricing_type":"fixed","tiered_pricing_fixed_rules":[],"tiered_pricing_product_settings":{"layout":"default","base_unit_name":{"singular":null,"plural":null},"default_variation":null},"tiered_pricing_minimum_quantity":null,"tiered_pricing_roles_data":[],"tiered_pricing_percentage_rules":[],"_links":{"self":[{"href":"https:\/\/www.werecycle.ch\/en\/wp-json\/wp\/v2\/product\/25748","targetHints":{"allow":["GET"]}}],"collection":[{"href":"https:\/\/www.werecycle.ch\/en\/wp-json\/wp\/v2\/product"}],"about":[{"href":"https:\/\/www.werecycle.ch\/en\/wp-json\/wp\/v2\/types\/product"}],"wp:featuredmedia":[{"embeddable":true,"href":"https:\/\/www.werecycle.ch\/en\/wp-json\/wp\/v2\/media\/25751"}],"wp:attachment":[{"href":"https:\/\/www.werecycle.ch\/en\/wp-json\/wp\/v2\/media?parent=25748"}],"wp:term":[{"taxonomy":"product_brand","embeddable":true,"href":"https:\/\/www.werecycle.ch\/en\/wp-json\/wp\/v2\/product_brand?post=25748"},{"taxonomy":"product_cat","embeddable":true,"href":"https:\/\/www.werecycle.ch\/en\/wp-json\/wp\/v2\/product_cat?post=25748"},{"taxonomy":"product_tag","embeddable":true,"href":"https:\/\/www.werecycle.ch\/en\/wp-json\/wp\/v2\/product_tag?post=25748"}],"curies":[{"name":"wp","href":"https:\/\/api.w.org\/{rel}","templated":true}]}}