{"id":22151,"date":"2024-09-23T13:34:20","date_gmt":"2024-09-23T12:34:20","guid":{"rendered":"https:\/\/www.werecycle.ch\/?post_type=product&#038;p=22151"},"modified":"2024-10-29T14:25:48","modified_gmt":"2024-10-29T13:25:48","slug":"ravensburger-nobody-is-perfect-extra-edition","status":"publish","type":"product","link":"https:\/\/www.werecycle.ch\/en\/shop\/freizeit\/gesellschaftsspiele\/ravensburger-nobody-is-perfect-extra-edition\/","title":{"rendered":"Nobody is perfect Extra Edition"},"content":{"rendered":"<p>Wer bei \u201eNobody is perfect Extra Edition\u201c merkw\u00fcrdige Begriffe glaubw\u00fcrdig erkl\u00e4rt, kuriose Ereignisse \u00fcberzeugend weiterspinnt, Zitate genial vervollst\u00e4ndigt und auf vorgegebene W\u00f6rter eine passende Frage findet, hat die besten Chancen auf den Sieg. Das Partyspiel eignet sich perfekt f\u00fcr 3 bis 6 Spieler und kann auch als Erweiterung zum Originalspiel dienen.<\/p>\n<p>Wer wei\u00df schon, was mit &#8222;Servitut&#8220; gemeint ist? Wer findet eine freche Frage zur Antwort \u201eerr\u00f6ten\u201c? Und wie endet nochmal dieses Zitat von Oscar Wilde? Wer keine Ahnung hat, daf\u00fcr aber auf alles eine Antwort aus dem \u00c4rmel sch\u00fcttelt, ist hier genau richtig. Denn auch hier gilt: Wer besser spinnt, gewinnt. Kreativ sein und einen tollen Spieleabend mit Freunden haben.<\/p>\n<p>&nbsp;<\/p>\n<ul>\n<li>Inhalt: 1 Spielplan, 10 Spielfiguren, 10 Tippsteine, 152 Karten mit \u00fcber 900 Aufgaben, 1 Dekodierer, 1 Schreibblock<\/li>\n<li>Spieleranzahl 3 \u2013 6<\/li>\n<li>Altersempfehlung: ab 14 Jahren<\/li>\n<li>Spielanleitung: Deutsch<\/li>\n<\/ul>","protected":false},"excerpt":{"rendered":"<div>Wieder ganz nach dem Motto ,, Wer besser spinnt, gewinnt&#8220;, erwarten die Spieler bei der Extra-Edition 600 v\u00f6llig neue Begriffe und zwei Zusatzkategorien, um die Mitspieler zu verwirren. Gilt auch als Erweiterung f\u00fcr das Originalspiel.<\/div>","protected":false},"featured_media":22153,"template":"","meta":{"ocean_post_layout":"","ocean_both_sidebars_style":"","ocean_both_sidebars_content_width":0,"ocean_both_sidebars_sidebars_width":0,"ocean_sidebar":"0","ocean_second_sidebar":"0","ocean_disable_margins":"enable","ocean_add_body_class":"","ocean_shortcode_before_top_bar":"","ocean_shortcode_after_top_bar":"","ocean_shortcode_before_header":"","ocean_shortcode_after_header":"","ocean_has_shortcode":"","ocean_shortcode_after_title":"","ocean_shortcode_before_footer_widgets":"","ocean_shortcode_after_footer_widgets":"","ocean_shortcode_before_footer_bottom":"","ocean_shortcode_after_footer_bottom":"","ocean_display_top_bar":"default","ocean_display_header":"default","ocean_header_style":"","ocean_center_header_left_menu":"0","ocean_custom_header_template":"0","ocean_custom_logo":0,"ocean_custom_retina_logo":0,"ocean_custom_logo_max_width":0,"ocean_custom_logo_tablet_max_width":0,"ocean_custom_logo_mobile_max_width":0,"ocean_custom_logo_max_height":0,"ocean_custom_logo_tablet_max_height":0,"ocean_custom_logo_mobile_max_height":0,"ocean_header_custom_menu":"0","ocean_menu_typo_font_family":"0","ocean_menu_typo_font_subset":"","ocean_menu_typo_font_size":0,"ocean_menu_typo_font_size_tablet":0,"ocean_menu_typo_font_size_mobile":0,"ocean_menu_typo_font_size_unit":"px","ocean_menu_typo_font_weight":"","ocean_menu_typo_font_weight_tablet":"","ocean_menu_typo_font_weight_mobile":"","ocean_menu_typo_transform":"","ocean_menu_typo_transform_tablet":"","ocean_menu_typo_transform_mobile":"","ocean_menu_typo_line_height":0,"ocean_menu_typo_line_height_tablet":0,"ocean_menu_typo_line_height_mobile":0,"ocean_menu_typo_line_height_unit":"","ocean_menu_typo_spacing":0,"ocean_menu_typo_spacing_tablet":0,"ocean_menu_typo_spacing_mobile":0,"ocean_menu_typo_spacing_unit":"","ocean_menu_link_color":"","ocean_menu_link_color_hover":"","ocean_menu_link_color_active":"","ocean_menu_link_background":"","ocean_menu_link_hover_background":"","ocean_menu_link_active_background":"","ocean_menu_social_links_bg":"","ocean_menu_social_hover_links_bg":"","ocean_menu_social_links_color":"","ocean_menu_social_hover_links_color":"","ocean_disable_title":"default","ocean_disable_heading":"default","ocean_post_title":"","ocean_post_subheading":"","ocean_post_title_style":"","ocean_post_title_background_color":"","ocean_post_title_background":0,"ocean_post_title_bg_image_position":"","ocean_post_title_bg_image_attachment":"","ocean_post_title_bg_image_repeat":"","ocean_post_title_bg_image_size":"","ocean_post_title_height":0,"ocean_post_title_bg_overlay":0.5,"ocean_post_title_bg_overlay_color":"","ocean_disable_breadcrumbs":"default","ocean_breadcrumbs_color":"","ocean_breadcrumbs_separator_color":"","ocean_breadcrumbs_links_color":"","ocean_breadcrumbs_links_hover_color":"","ocean_display_footer_widgets":"default","ocean_display_footer_bottom":"default","ocean_custom_footer_template":"0","ofc_meta_disable_footer_callout":"","ofc_meta_callout_button_url":"","ofc_meta_callout_button_txt":"","ofc_meta_callout_text":"","osh_disable_topbar_sticky":"default","osh_disable_header_sticky":"default","osh_sticky_header_style":"default","osh_sticky_header_effect":"","osh_custom_sticky_logo":0,"osh_custom_retina_sticky_logo":0,"osh_custom_sticky_logo_height":0,"osh_background_color":"","osh_links_color":"","osh_links_hover_color":"","osh_links_active_color":"","osh_links_bg_color":"","osh_links_hover_bg_color":"","osh_links_active_bg_color":"","osh_menu_social_links_color":"","osh_menu_social_hover_links_color":""},"product_brand":[],"product_cat":[89,2297],"product_tag":[2268,963,1249,1580,2269,104],"class_list":{"0":"post-22151","1":"product","2":"type-product","3":"status-publish","4":"has-post-thumbnail","6":"product_cat-geschenke","7":"product_cat-gesellschaftsspiele","8":"product_tag-erwachsenenspiele","9":"product_tag-gesellschaftsspiel","10":"product_tag-kreativitaet","11":"product_tag-ravensburger","12":"product_tag-spiel","13":"product_tag-spiele","15":"entry","16":"has-media","18":"first","19":"instock","20":"taxable","21":"shipping-taxable","22":"purchasable","23":"product-type-simple","24":"col","25":"span_1_of_3","26":"owp-content-center","27":"item-entry","28":"owp-thumbs-layout-horizontal","29":"owp-btn-normal","30":"owp-tabs-layout-horizontal","31":"circle-sale"},"yoast_head":"<!-- This site is optimized with the Yoast SEO plugin v27.4 - https:\/\/yoast.com\/product\/yoast-seo-wordpress\/ -->\n<title>Nobody is perfect Extra Edition - WeRecycle.ch | WR Group AG<\/title>\n<meta name=\"description\" content=\"Extra-Edition mit 600 v\u00f6llig neuen Begriffe und zwei Zusatzkategorien. Kreative Erweiterung f\u00fcr das Gesellschaftsspiel f\u00fcr 3-6 Spieler ab 14 Jahren\" \/>\n<meta name=\"robots\" content=\"index, follow, max-snippet:-1, max-image-preview:large, max-video-preview:-1\" \/>\n<link rel=\"canonical\" href=\"https:\/\/www.werecycle.ch\/en\/shop\/freizeit\/gesellschaftsspiele\/ravensburger-nobody-is-perfect-extra-edition\/\" \/>\n<meta property=\"og:locale\" content=\"en_GB\" \/>\n<meta property=\"og:type\" content=\"article\" \/>\n<meta property=\"og:title\" content=\"Nobody is perfect Extra Edition - WeRecycle.ch | WR Group AG\" \/>\n<meta property=\"og:description\" content=\"Extra-Edition mit 600 v\u00f6llig neuen Begriffe und zwei Zusatzkategorien. Kreative Erweiterung f\u00fcr das Gesellschaftsspiel f\u00fcr 3-6 Spieler ab 14 Jahren\" \/>\n<meta property=\"og:url\" content=\"https:\/\/www.werecycle.ch\/en\/shop\/freizeit\/gesellschaftsspiele\/ravensburger-nobody-is-perfect-extra-edition\/\" \/>\n<meta property=\"og:site_name\" content=\"WeRecycle.ch | WR Group AG\" \/>\n<meta property=\"article:publisher\" content=\"https:\/\/www.facebook.com\/www.werecycle.ch\" \/>\n<meta property=\"article:modified_time\" content=\"2024-10-29T13:25:48+00:00\" \/>\n<meta property=\"og:image\" content=\"https:\/\/www.werecycle.ch\/wp-content\/uploads\/2024\/10\/316846.webp\" \/>\n\t<meta property=\"og:image:width\" content=\"1024\" \/>\n\t<meta property=\"og:image:height\" content=\"1024\" \/>\n\t<meta property=\"og:image:type\" content=\"image\/webp\" \/>\n<meta name=\"twitter:card\" content=\"summary_large_image\" \/>\n<script type=\"application\/ld+json\" class=\"yoast-schema-graph\">{\"@context\":\"https:\\\/\\\/schema.org\",\"@graph\":[{\"@type\":\"WebPage\",\"@id\":\"https:\\\/\\\/www.werecycle.ch\\\/shop\\\/freizeit\\\/gesellschaftsspiele\\\/ravensburger-nobody-is-perfect-extra-edition\\\/\",\"url\":\"https:\\\/\\\/www.werecycle.ch\\\/shop\\\/freizeit\\\/gesellschaftsspiele\\\/ravensburger-nobody-is-perfect-extra-edition\\\/\",\"name\":\"Nobody is perfect Extra Edition - WeRecycle.ch | WR Group AG\",\"isPartOf\":{\"@id\":\"https:\\\/\\\/www.werecycle.ch\\\/de\\\/#website\"},\"primaryImageOfPage\":{\"@id\":\"https:\\\/\\\/www.werecycle.ch\\\/shop\\\/freizeit\\\/gesellschaftsspiele\\\/ravensburger-nobody-is-perfect-extra-edition\\\/#primaryimage\"},\"image\":{\"@id\":\"https:\\\/\\\/www.werecycle.ch\\\/shop\\\/freizeit\\\/gesellschaftsspiele\\\/ravensburger-nobody-is-perfect-extra-edition\\\/#primaryimage\"},\"thumbnailUrl\":\"https:\\\/\\\/www.werecycle.ch\\\/wp-content\\\/uploads\\\/2024\\\/10\\\/316846.webp\",\"datePublished\":\"2024-09-23T12:34:20+00:00\",\"dateModified\":\"2024-10-29T13:25:48+00:00\",\"description\":\"Extra-Edition mit 600 v\u00f6llig neuen Begriffe und zwei Zusatzkategorien. Kreative Erweiterung f\u00fcr das Gesellschaftsspiel f\u00fcr 3-6 Spieler ab 14 Jahren\",\"breadcrumb\":{\"@id\":\"https:\\\/\\\/www.werecycle.ch\\\/shop\\\/freizeit\\\/gesellschaftsspiele\\\/ravensburger-nobody-is-perfect-extra-edition\\\/#breadcrumb\"},\"inLanguage\":\"en-GB\",\"potentialAction\":[{\"@type\":\"ReadAction\",\"target\":[\"https:\\\/\\\/www.werecycle.ch\\\/shop\\\/freizeit\\\/gesellschaftsspiele\\\/ravensburger-nobody-is-perfect-extra-edition\\\/\"]}]},{\"@type\":\"ImageObject\",\"inLanguage\":\"en-GB\",\"@id\":\"https:\\\/\\\/www.werecycle.ch\\\/shop\\\/freizeit\\\/gesellschaftsspiele\\\/ravensburger-nobody-is-perfect-extra-edition\\\/#primaryimage\",\"url\":\"https:\\\/\\\/www.werecycle.ch\\\/wp-content\\\/uploads\\\/2024\\\/10\\\/316846.webp\",\"contentUrl\":\"https:\\\/\\\/www.werecycle.ch\\\/wp-content\\\/uploads\\\/2024\\\/10\\\/316846.webp\",\"width\":1024,\"height\":1024},{\"@type\":\"BreadcrumbList\",\"@id\":\"https:\\\/\\\/www.werecycle.ch\\\/shop\\\/freizeit\\\/gesellschaftsspiele\\\/ravensburger-nobody-is-perfect-extra-edition\\\/#breadcrumb\",\"itemListElement\":[{\"@type\":\"ListItem\",\"position\":1,\"name\":\"Startseite\",\"item\":\"https:\\\/\\\/www.werecycle.ch\\\/\"},{\"@type\":\"ListItem\",\"position\":2,\"name\":\"Shop\",\"item\":\"https:\\\/\\\/www.werecycle.ch\\\/de\\\/shop\\\/\"},{\"@type\":\"ListItem\",\"position\":3,\"name\":\"Nobody is perfect Extra Edition\"}]},{\"@type\":\"WebSite\",\"@id\":\"https:\\\/\\\/www.werecycle.ch\\\/de\\\/#website\",\"url\":\"https:\\\/\\\/www.werecycle.ch\\\/de\\\/\",\"name\":\"WeRecycle.ch | Recycling Services AG\",\"description\":\"\",\"publisher\":{\"@id\":\"https:\\\/\\\/www.werecycle.ch\\\/de\\\/#organization\"},\"potentialAction\":[{\"@type\":\"SearchAction\",\"target\":{\"@type\":\"EntryPoint\",\"urlTemplate\":\"https:\\\/\\\/www.werecycle.ch\\\/de\\\/?s={search_term_string}\"},\"query-input\":{\"@type\":\"PropertyValueSpecification\",\"valueRequired\":true,\"valueName\":\"search_term_string\"}}],\"inLanguage\":\"en-GB\"},{\"@type\":\"Organization\",\"@id\":\"https:\\\/\\\/www.werecycle.ch\\\/de\\\/#organization\",\"name\":\"WeRecycle.ch | Recycling Services AG\",\"url\":\"https:\\\/\\\/www.werecycle.ch\\\/de\\\/\",\"logo\":{\"@type\":\"ImageObject\",\"inLanguage\":\"en-GB\",\"@id\":\"https:\\\/\\\/www.werecycle.ch\\\/de\\\/#\\\/schema\\\/logo\\\/image\\\/\",\"url\":\"https:\\\/\\\/www.werecycle.ch\\\/wp-content\\\/uploads\\\/2022\\\/09\\\/logo_werecycle.webp\",\"contentUrl\":\"https:\\\/\\\/www.werecycle.ch\\\/wp-content\\\/uploads\\\/2022\\\/09\\\/logo_werecycle.webp\",\"width\":1423,\"height\":427,\"caption\":\"WeRecycle.ch | Recycling Services AG\"},\"image\":{\"@id\":\"https:\\\/\\\/www.werecycle.ch\\\/de\\\/#\\\/schema\\\/logo\\\/image\\\/\"},\"sameAs\":[\"https:\\\/\\\/www.facebook.com\\\/www.werecycle.ch\"]}]}<\/script>\n<!-- \/ Yoast SEO plugin. -->","yoast_head_json":{"title":"Nobody is perfect Extra Edition - WeRecycle.ch | WR Group AG","description":"Extra-Edition mit 600 v\u00f6llig neuen Begriffe und zwei Zusatzkategorien. Kreative Erweiterung f\u00fcr das Gesellschaftsspiel f\u00fcr 3-6 Spieler ab 14 Jahren","robots":{"index":"index","follow":"follow","max-snippet":"max-snippet:-1","max-image-preview":"max-image-preview:large","max-video-preview":"max-video-preview:-1"},"canonical":"https:\/\/www.werecycle.ch\/en\/shop\/freizeit\/gesellschaftsspiele\/ravensburger-nobody-is-perfect-extra-edition\/","og_locale":"en_GB","og_type":"article","og_title":"Nobody is perfect Extra Edition - WeRecycle.ch | WR Group AG","og_description":"Extra-Edition mit 600 v\u00f6llig neuen Begriffe und zwei Zusatzkategorien. Kreative Erweiterung f\u00fcr das Gesellschaftsspiel f\u00fcr 3-6 Spieler ab 14 Jahren","og_url":"https:\/\/www.werecycle.ch\/en\/shop\/freizeit\/gesellschaftsspiele\/ravensburger-nobody-is-perfect-extra-edition\/","og_site_name":"WeRecycle.ch | WR Group AG","article_publisher":"https:\/\/www.facebook.com\/www.werecycle.ch","article_modified_time":"2024-10-29T13:25:48+00:00","og_image":[{"width":1024,"height":1024,"url":"https:\/\/www.werecycle.ch\/wp-content\/uploads\/2024\/10\/316846.webp","type":"image\/webp"}],"twitter_card":"summary_large_image","schema":{"@context":"https:\/\/schema.org","@graph":[{"@type":"WebPage","@id":"https:\/\/www.werecycle.ch\/shop\/freizeit\/gesellschaftsspiele\/ravensburger-nobody-is-perfect-extra-edition\/","url":"https:\/\/www.werecycle.ch\/shop\/freizeit\/gesellschaftsspiele\/ravensburger-nobody-is-perfect-extra-edition\/","name":"Nobody is perfect Extra Edition - WeRecycle.ch | WR Group AG","isPartOf":{"@id":"https:\/\/www.werecycle.ch\/de\/#website"},"primaryImageOfPage":{"@id":"https:\/\/www.werecycle.ch\/shop\/freizeit\/gesellschaftsspiele\/ravensburger-nobody-is-perfect-extra-edition\/#primaryimage"},"image":{"@id":"https:\/\/www.werecycle.ch\/shop\/freizeit\/gesellschaftsspiele\/ravensburger-nobody-is-perfect-extra-edition\/#primaryimage"},"thumbnailUrl":"https:\/\/www.werecycle.ch\/wp-content\/uploads\/2024\/10\/316846.webp","datePublished":"2024-09-23T12:34:20+00:00","dateModified":"2024-10-29T13:25:48+00:00","description":"Extra-Edition mit 600 v\u00f6llig neuen Begriffe und zwei Zusatzkategorien. Kreative Erweiterung f\u00fcr das Gesellschaftsspiel f\u00fcr 3-6 Spieler ab 14 Jahren","breadcrumb":{"@id":"https:\/\/www.werecycle.ch\/shop\/freizeit\/gesellschaftsspiele\/ravensburger-nobody-is-perfect-extra-edition\/#breadcrumb"},"inLanguage":"en-GB","potentialAction":[{"@type":"ReadAction","target":["https:\/\/www.werecycle.ch\/shop\/freizeit\/gesellschaftsspiele\/ravensburger-nobody-is-perfect-extra-edition\/"]}]},{"@type":"ImageObject","inLanguage":"en-GB","@id":"https:\/\/www.werecycle.ch\/shop\/freizeit\/gesellschaftsspiele\/ravensburger-nobody-is-perfect-extra-edition\/#primaryimage","url":"https:\/\/www.werecycle.ch\/wp-content\/uploads\/2024\/10\/316846.webp","contentUrl":"https:\/\/www.werecycle.ch\/wp-content\/uploads\/2024\/10\/316846.webp","width":1024,"height":1024},{"@type":"BreadcrumbList","@id":"https:\/\/www.werecycle.ch\/shop\/freizeit\/gesellschaftsspiele\/ravensburger-nobody-is-perfect-extra-edition\/#breadcrumb","itemListElement":[{"@type":"ListItem","position":1,"name":"Startseite","item":"https:\/\/www.werecycle.ch\/"},{"@type":"ListItem","position":2,"name":"Shop","item":"https:\/\/www.werecycle.ch\/de\/shop\/"},{"@type":"ListItem","position":3,"name":"Nobody is perfect Extra Edition"}]},{"@type":"WebSite","@id":"https:\/\/www.werecycle.ch\/de\/#website","url":"https:\/\/www.werecycle.ch\/de\/","name":"WeRecycle.ch | Recycling Services AG","description":"","publisher":{"@id":"https:\/\/www.werecycle.ch\/de\/#organization"},"potentialAction":[{"@type":"SearchAction","target":{"@type":"EntryPoint","urlTemplate":"https:\/\/www.werecycle.ch\/de\/?s={search_term_string}"},"query-input":{"@type":"PropertyValueSpecification","valueRequired":true,"valueName":"search_term_string"}}],"inLanguage":"en-GB"},{"@type":"Organization","@id":"https:\/\/www.werecycle.ch\/de\/#organization","name":"WeRecycle.ch | Recycling Services AG","url":"https:\/\/www.werecycle.ch\/de\/","logo":{"@type":"ImageObject","inLanguage":"en-GB","@id":"https:\/\/www.werecycle.ch\/de\/#\/schema\/logo\/image\/","url":"https:\/\/www.werecycle.ch\/wp-content\/uploads\/2022\/09\/logo_werecycle.webp","contentUrl":"https:\/\/www.werecycle.ch\/wp-content\/uploads\/2022\/09\/logo_werecycle.webp","width":1423,"height":427,"caption":"WeRecycle.ch | Recycling Services AG"},"image":{"@id":"https:\/\/www.werecycle.ch\/de\/#\/schema\/logo\/image\/"},"sameAs":["https:\/\/www.facebook.com\/www.werecycle.ch"]}]}},"tiered_pricing_type":"fixed","tiered_pricing_fixed_rules":[],"tiered_pricing_product_settings":{"layout":"default","base_unit_name":{"singular":null,"plural":null},"default_variation":null},"tiered_pricing_minimum_quantity":null,"tiered_pricing_roles_data":[],"tiered_pricing_percentage_rules":[],"_links":{"self":[{"href":"https:\/\/www.werecycle.ch\/en\/wp-json\/wp\/v2\/product\/22151","targetHints":{"allow":["GET"]}}],"collection":[{"href":"https:\/\/www.werecycle.ch\/en\/wp-json\/wp\/v2\/product"}],"about":[{"href":"https:\/\/www.werecycle.ch\/en\/wp-json\/wp\/v2\/types\/product"}],"wp:featuredmedia":[{"embeddable":true,"href":"https:\/\/www.werecycle.ch\/en\/wp-json\/wp\/v2\/media\/22153"}],"wp:attachment":[{"href":"https:\/\/www.werecycle.ch\/en\/wp-json\/wp\/v2\/media?parent=22151"}],"wp:term":[{"taxonomy":"product_brand","embeddable":true,"href":"https:\/\/www.werecycle.ch\/en\/wp-json\/wp\/v2\/product_brand?post=22151"},{"taxonomy":"product_cat","embeddable":true,"href":"https:\/\/www.werecycle.ch\/en\/wp-json\/wp\/v2\/product_cat?post=22151"},{"taxonomy":"product_tag","embeddable":true,"href":"https:\/\/www.werecycle.ch\/en\/wp-json\/wp\/v2\/product_tag?post=22151"}],"curies":[{"name":"wp","href":"https:\/\/api.w.org\/{rel}","templated":true}]}}