{"id":18746,"date":"2024-06-06T13:45:06","date_gmt":"2024-06-06T12:45:06","guid":{"rendered":"https:\/\/www.werecycle.ch\/?post_type=product&#038;p=18746"},"modified":"2024-09-11T12:38:48","modified_gmt":"2024-09-11T11:38:48","slug":"rotho-komposteimer-albula","status":"publish","type":"product","link":"https:\/\/www.werecycle.ch\/en\/shop\/recycling-entsorgung\/abfalleimer\/rotho-komposteimer-albula\/","title":{"rendered":"Rotho Komposteimer Albula"},"content":{"rendered":"<div class=\"ProductDescription-BulletPoints\">\n<p class=\"ProductDescription-Lead\">Praktischer kleinen Abfalleimer f\u00fcr K\u00fcchenabf\u00e4lle, Kompost, Biom\u00fcll und mehr. Der Deckel l\u00e4sst sich komplett \u00f6ffnen und auch abnehmen, sodass man Karotten oder Kartoffeln direkt \u00fcber dem Eimer sch\u00e4len kann und nichts daneben geht, der Eimer verf\u00fcgt auch \u00fcber eine Vorrichtung, um ihn an der Schrankt\u00fcr oder Schublade einzuh\u00e4ngen. Dank dem bequemen Trageriemen l\u00e4sst sich der Eimer dann einfach auf den Balkon oder in den Garten tragen. Die Eimer aus Recycling Kunststoff sind in verschiedenen Farben erh\u00e4ltlich und eignen sich auch bestens als Tischabfalleimer, f\u00fcr das Sammeln leerer Kaffeekapseln oder zur Aufbewahrung von Waschmittel, Geschirrsp\u00fcltabs etc. Sie sind einfach mit Wasser und Sp\u00fclmittel zu reinigen.<\/p>\n<div class=\"ProductDescription-Paragraph\">\n<p>Als Schweizer Traditionsunternehmen stellt die Rotho Kunststoff AG seit \u00fcber 125 Jahren Produkte aus nachhaltigem Kunststoff her. Die Nachhaltigkeit spielt f\u00fcr die Rotho Kunststoff AG eine grosse Rolle. Als produzierendes Unternehmen von Erzeugnissen aus Kunststoff, sind wir uns unserer Verantwortung der nachhaltigen Produktion und Entsorgung bewusst. Wir verzichten daher bei allen Produkten und Verpackungen auf die Verwendung von sch\u00e4dlichen Zusatzstoffen wie PVC und BPA. Dar\u00fcber hinaus stellen wir sicher, dass alle Produkte zu 100% recycelbar sind.<\/p>\n<p>&nbsp;<\/p>\n<\/div>\n<ul class=\"cds-List cds-List--Bulleted\">\n<li>Fassungsverm\u00f6gen: 3,2 Liter<\/li>\n<li>Material: Recycling Kunststoff<\/li>\n<li>Form: Oval<\/li>\n<li>Abnehmbarer Deckel<\/li>\n<li>Marke: Rotho<\/li>\n<li>Material: Recycling Kunststoff, PP (Polypropylen) &#8211; BPA-frei<\/li>\n<li>H\u00f6he: 15 cm<\/li>\n<li>Breite: 17,2 cm<\/li>\n<li>Tiefe: 22,2 cm<\/li>\n<\/ul>\n<\/div>","protected":false},"excerpt":{"rendered":"<p>Rotho Kompostbeh\u00e4lter aus Recycling Kunststoff mit abnehmbarem Deckel und Tragegriff.<\/p>\n<p>3,2 Liter Fassungsverm\u00f6gen.<\/p>","protected":false},"featured_media":18751,"template":"","meta":{"ocean_post_layout":"","ocean_both_sidebars_style":"","ocean_both_sidebars_content_width":0,"ocean_both_sidebars_sidebars_width":0,"ocean_sidebar":"0","ocean_second_sidebar":"0","ocean_disable_margins":"enable","ocean_add_body_class":"","ocean_shortcode_before_top_bar":"","ocean_shortcode_after_top_bar":"","ocean_shortcode_before_header":"","ocean_shortcode_after_header":"","ocean_has_shortcode":"","ocean_shortcode_after_title":"","ocean_shortcode_before_footer_widgets":"","ocean_shortcode_after_footer_widgets":"","ocean_shortcode_before_footer_bottom":"","ocean_shortcode_after_footer_bottom":"","ocean_display_top_bar":"default","ocean_display_header":"default","ocean_header_style":"","ocean_center_header_left_menu":"0","ocean_custom_header_template":"0","ocean_custom_logo":0,"ocean_custom_retina_logo":0,"ocean_custom_logo_max_width":0,"ocean_custom_logo_tablet_max_width":0,"ocean_custom_logo_mobile_max_width":0,"ocean_custom_logo_max_height":0,"ocean_custom_logo_tablet_max_height":0,"ocean_custom_logo_mobile_max_height":0,"ocean_header_custom_menu":"0","ocean_menu_typo_font_family":"0","ocean_menu_typo_font_subset":"","ocean_menu_typo_font_size":0,"ocean_menu_typo_font_size_tablet":0,"ocean_menu_typo_font_size_mobile":0,"ocean_menu_typo_font_size_unit":"px","ocean_menu_typo_font_weight":"","ocean_menu_typo_font_weight_tablet":"","ocean_menu_typo_font_weight_mobile":"","ocean_menu_typo_transform":"","ocean_menu_typo_transform_tablet":"","ocean_menu_typo_transform_mobile":"","ocean_menu_typo_line_height":0,"ocean_menu_typo_line_height_tablet":0,"ocean_menu_typo_line_height_mobile":0,"ocean_menu_typo_line_height_unit":"","ocean_menu_typo_spacing":0,"ocean_menu_typo_spacing_tablet":0,"ocean_menu_typo_spacing_mobile":0,"ocean_menu_typo_spacing_unit":"","ocean_menu_link_color":"","ocean_menu_link_color_hover":"","ocean_menu_link_color_active":"","ocean_menu_link_background":"","ocean_menu_link_hover_background":"","ocean_menu_link_active_background":"","ocean_menu_social_links_bg":"","ocean_menu_social_hover_links_bg":"","ocean_menu_social_links_color":"","ocean_menu_social_hover_links_color":"","ocean_disable_title":"default","ocean_disable_heading":"default","ocean_post_title":"","ocean_post_subheading":"","ocean_post_title_style":"","ocean_post_title_background_color":"","ocean_post_title_background":0,"ocean_post_title_bg_image_position":"","ocean_post_title_bg_image_attachment":"","ocean_post_title_bg_image_repeat":"","ocean_post_title_bg_image_size":"","ocean_post_title_height":0,"ocean_post_title_bg_overlay":0.5,"ocean_post_title_bg_overlay_color":"","ocean_disable_breadcrumbs":"default","ocean_breadcrumbs_color":"","ocean_breadcrumbs_separator_color":"","ocean_breadcrumbs_links_color":"","ocean_breadcrumbs_links_hover_color":"","ocean_display_footer_widgets":"default","ocean_display_footer_bottom":"default","ocean_custom_footer_template":"0","ofc_meta_disable_footer_callout":"","ofc_meta_callout_button_url":"","ofc_meta_callout_button_txt":"","ofc_meta_callout_text":"","osh_disable_topbar_sticky":"default","osh_disable_header_sticky":"default","osh_sticky_header_style":"default","osh_sticky_header_effect":"","osh_custom_sticky_logo":0,"osh_custom_retina_sticky_logo":0,"osh_custom_sticky_logo_height":0,"osh_background_color":"","osh_links_color":"","osh_links_hover_color":"","osh_links_active_color":"","osh_links_bg_color":"","osh_links_hover_bg_color":"","osh_links_active_bg_color":"","osh_menu_social_links_color":"","osh_menu_social_hover_links_color":""},"product_brand":[],"product_cat":[495,93],"product_tag":[518,516,517,1047,561],"class_list":{"0":"post-18746","1":"product","2":"type-product","3":"status-publish","4":"has-post-thumbnail","6":"product_cat-abfalleimer","7":"product_cat-recycling-entsorgung","8":"product_tag-gruengut","9":"product_tag-kompost","10":"product_tag-komposteimer","11":"product_tag-recyclingkunststoff","12":"product_tag-rotho","13":"product_shipping_class-paket","15":"entry","16":"has-media","18":"first","19":"instock","20":"taxable","21":"shipping-taxable","22":"purchasable","23":"product-type-variable","24":"has-default-attributes","25":"col","26":"span_1_of_3","27":"owp-content-center","28":"item-entry","29":"owp-thumbs-layout-horizontal","30":"owp-btn-normal","31":"owp-tabs-layout-horizontal","32":"circle-sale"},"yoast_head":"<!-- This site is optimized with the Yoast SEO plugin v27.4 - https:\/\/yoast.com\/product\/yoast-seo-wordpress\/ -->\n<title>Rotho Komposteimer Albula - WeRecycle.ch | WR Group AG<\/title>\n<meta name=\"description\" content=\"Rotho Komposteimer mit abnehmbarem Deckel und Tragegriff. 3,2 Liter Fassungsverm\u00f6gen. Perfekt zur einfachen Entsorgung von R\u00fcstabf\u00e4llen in der K\u00fcche.\" \/>\n<meta name=\"robots\" content=\"index, follow, max-snippet:-1, max-image-preview:large, max-video-preview:-1\" \/>\n<link rel=\"canonical\" href=\"https:\/\/www.werecycle.ch\/en\/shop\/recycling-entsorgung\/abfalleimer\/rotho-komposteimer-albula\/\" \/>\n<meta property=\"og:locale\" content=\"en_GB\" \/>\n<meta property=\"og:type\" content=\"article\" \/>\n<meta property=\"og:title\" content=\"Rotho Komposteimer Albula - WeRecycle.ch | WR Group AG\" \/>\n<meta property=\"og:description\" content=\"Rotho Komposteimer mit abnehmbarem Deckel und Tragegriff. 3,2 Liter Fassungsverm\u00f6gen. Perfekt zur einfachen Entsorgung von R\u00fcstabf\u00e4llen in der K\u00fcche.\" \/>\n<meta property=\"og:url\" content=\"https:\/\/www.werecycle.ch\/en\/shop\/recycling-entsorgung\/abfalleimer\/rotho-komposteimer-albula\/\" \/>\n<meta property=\"og:site_name\" content=\"WeRecycle.ch | WR Group AG\" \/>\n<meta property=\"article:publisher\" content=\"https:\/\/www.facebook.com\/www.werecycle.ch\" \/>\n<meta property=\"article:modified_time\" content=\"2024-09-11T11:38:48+00:00\" \/>\n<meta property=\"og:image\" content=\"https:\/\/www.werecycle.ch\/wp-content\/uploads\/2024\/06\/505092.webp\" \/>\n\t<meta property=\"og:image:width\" content=\"800\" \/>\n\t<meta property=\"og:image:height\" content=\"800\" \/>\n\t<meta property=\"og:image:type\" content=\"image\/webp\" \/>\n<meta name=\"twitter:card\" content=\"summary_large_image\" \/>\n<script type=\"application\/ld+json\" class=\"yoast-schema-graph\">{\"@context\":\"https:\\\/\\\/schema.org\",\"@graph\":[{\"@type\":\"WebPage\",\"@id\":\"https:\\\/\\\/www.werecycle.ch\\\/shop\\\/recycling-entsorgung\\\/abfalleimer\\\/rotho-komposteimer-albula\\\/\",\"url\":\"https:\\\/\\\/www.werecycle.ch\\\/shop\\\/recycling-entsorgung\\\/abfalleimer\\\/rotho-komposteimer-albula\\\/\",\"name\":\"Rotho Komposteimer Albula - WeRecycle.ch | WR Group AG\",\"isPartOf\":{\"@id\":\"https:\\\/\\\/www.werecycle.ch\\\/de\\\/#website\"},\"primaryImageOfPage\":{\"@id\":\"https:\\\/\\\/www.werecycle.ch\\\/shop\\\/recycling-entsorgung\\\/abfalleimer\\\/rotho-komposteimer-albula\\\/#primaryimage\"},\"image\":{\"@id\":\"https:\\\/\\\/www.werecycle.ch\\\/shop\\\/recycling-entsorgung\\\/abfalleimer\\\/rotho-komposteimer-albula\\\/#primaryimage\"},\"thumbnailUrl\":\"https:\\\/\\\/www.werecycle.ch\\\/wp-content\\\/uploads\\\/2024\\\/06\\\/505092.webp\",\"datePublished\":\"2024-06-06T12:45:06+00:00\",\"dateModified\":\"2024-09-11T11:38:48+00:00\",\"description\":\"Rotho Komposteimer mit abnehmbarem Deckel und Tragegriff. 3,2 Liter Fassungsverm\u00f6gen. Perfekt zur einfachen Entsorgung von R\u00fcstabf\u00e4llen in der K\u00fcche.\",\"breadcrumb\":{\"@id\":\"https:\\\/\\\/www.werecycle.ch\\\/shop\\\/recycling-entsorgung\\\/abfalleimer\\\/rotho-komposteimer-albula\\\/#breadcrumb\"},\"inLanguage\":\"en-GB\",\"potentialAction\":[{\"@type\":\"ReadAction\",\"target\":[\"https:\\\/\\\/www.werecycle.ch\\\/shop\\\/recycling-entsorgung\\\/abfalleimer\\\/rotho-komposteimer-albula\\\/\"]}]},{\"@type\":\"ImageObject\",\"inLanguage\":\"en-GB\",\"@id\":\"https:\\\/\\\/www.werecycle.ch\\\/shop\\\/recycling-entsorgung\\\/abfalleimer\\\/rotho-komposteimer-albula\\\/#primaryimage\",\"url\":\"https:\\\/\\\/www.werecycle.ch\\\/wp-content\\\/uploads\\\/2024\\\/06\\\/505092.webp\",\"contentUrl\":\"https:\\\/\\\/www.werecycle.ch\\\/wp-content\\\/uploads\\\/2024\\\/06\\\/505092.webp\",\"width\":800,\"height\":800},{\"@type\":\"BreadcrumbList\",\"@id\":\"https:\\\/\\\/www.werecycle.ch\\\/shop\\\/recycling-entsorgung\\\/abfalleimer\\\/rotho-komposteimer-albula\\\/#breadcrumb\",\"itemListElement\":[{\"@type\":\"ListItem\",\"position\":1,\"name\":\"Startseite\",\"item\":\"https:\\\/\\\/www.werecycle.ch\\\/\"},{\"@type\":\"ListItem\",\"position\":2,\"name\":\"Shop\",\"item\":\"https:\\\/\\\/www.werecycle.ch\\\/de\\\/shop\\\/\"},{\"@type\":\"ListItem\",\"position\":3,\"name\":\"Rotho Komposteimer Albula\"}]},{\"@type\":\"WebSite\",\"@id\":\"https:\\\/\\\/www.werecycle.ch\\\/de\\\/#website\",\"url\":\"https:\\\/\\\/www.werecycle.ch\\\/de\\\/\",\"name\":\"WeRecycle.ch | Recycling Services AG\",\"description\":\"\",\"publisher\":{\"@id\":\"https:\\\/\\\/www.werecycle.ch\\\/de\\\/#organization\"},\"potentialAction\":[{\"@type\":\"SearchAction\",\"target\":{\"@type\":\"EntryPoint\",\"urlTemplate\":\"https:\\\/\\\/www.werecycle.ch\\\/de\\\/?s={search_term_string}\"},\"query-input\":{\"@type\":\"PropertyValueSpecification\",\"valueRequired\":true,\"valueName\":\"search_term_string\"}}],\"inLanguage\":\"en-GB\"},{\"@type\":\"Organization\",\"@id\":\"https:\\\/\\\/www.werecycle.ch\\\/de\\\/#organization\",\"name\":\"WeRecycle.ch | Recycling Services AG\",\"url\":\"https:\\\/\\\/www.werecycle.ch\\\/de\\\/\",\"logo\":{\"@type\":\"ImageObject\",\"inLanguage\":\"en-GB\",\"@id\":\"https:\\\/\\\/www.werecycle.ch\\\/de\\\/#\\\/schema\\\/logo\\\/image\\\/\",\"url\":\"https:\\\/\\\/www.werecycle.ch\\\/wp-content\\\/uploads\\\/2022\\\/09\\\/logo_werecycle.webp\",\"contentUrl\":\"https:\\\/\\\/www.werecycle.ch\\\/wp-content\\\/uploads\\\/2022\\\/09\\\/logo_werecycle.webp\",\"width\":1423,\"height\":427,\"caption\":\"WeRecycle.ch | Recycling Services AG\"},\"image\":{\"@id\":\"https:\\\/\\\/www.werecycle.ch\\\/de\\\/#\\\/schema\\\/logo\\\/image\\\/\"},\"sameAs\":[\"https:\\\/\\\/www.facebook.com\\\/www.werecycle.ch\"]}]}<\/script>\n<!-- \/ Yoast SEO plugin. -->","yoast_head_json":{"title":"Rotho Komposteimer Albula - WeRecycle.ch | WR Group AG","description":"Rotho Komposteimer mit abnehmbarem Deckel und Tragegriff. 3,2 Liter Fassungsverm\u00f6gen. Perfekt zur einfachen Entsorgung von R\u00fcstabf\u00e4llen in der K\u00fcche.","robots":{"index":"index","follow":"follow","max-snippet":"max-snippet:-1","max-image-preview":"max-image-preview:large","max-video-preview":"max-video-preview:-1"},"canonical":"https:\/\/www.werecycle.ch\/en\/shop\/recycling-entsorgung\/abfalleimer\/rotho-komposteimer-albula\/","og_locale":"en_GB","og_type":"article","og_title":"Rotho Komposteimer Albula - WeRecycle.ch | WR Group AG","og_description":"Rotho Komposteimer mit abnehmbarem Deckel und Tragegriff. 3,2 Liter Fassungsverm\u00f6gen. Perfekt zur einfachen Entsorgung von R\u00fcstabf\u00e4llen in der K\u00fcche.","og_url":"https:\/\/www.werecycle.ch\/en\/shop\/recycling-entsorgung\/abfalleimer\/rotho-komposteimer-albula\/","og_site_name":"WeRecycle.ch | WR Group AG","article_publisher":"https:\/\/www.facebook.com\/www.werecycle.ch","article_modified_time":"2024-09-11T11:38:48+00:00","og_image":[{"width":800,"height":800,"url":"https:\/\/www.werecycle.ch\/wp-content\/uploads\/2024\/06\/505092.webp","type":"image\/webp"}],"twitter_card":"summary_large_image","schema":{"@context":"https:\/\/schema.org","@graph":[{"@type":"WebPage","@id":"https:\/\/www.werecycle.ch\/shop\/recycling-entsorgung\/abfalleimer\/rotho-komposteimer-albula\/","url":"https:\/\/www.werecycle.ch\/shop\/recycling-entsorgung\/abfalleimer\/rotho-komposteimer-albula\/","name":"Rotho Komposteimer Albula - WeRecycle.ch | WR Group AG","isPartOf":{"@id":"https:\/\/www.werecycle.ch\/de\/#website"},"primaryImageOfPage":{"@id":"https:\/\/www.werecycle.ch\/shop\/recycling-entsorgung\/abfalleimer\/rotho-komposteimer-albula\/#primaryimage"},"image":{"@id":"https:\/\/www.werecycle.ch\/shop\/recycling-entsorgung\/abfalleimer\/rotho-komposteimer-albula\/#primaryimage"},"thumbnailUrl":"https:\/\/www.werecycle.ch\/wp-content\/uploads\/2024\/06\/505092.webp","datePublished":"2024-06-06T12:45:06+00:00","dateModified":"2024-09-11T11:38:48+00:00","description":"Rotho Komposteimer mit abnehmbarem Deckel und Tragegriff. 3,2 Liter Fassungsverm\u00f6gen. Perfekt zur einfachen Entsorgung von R\u00fcstabf\u00e4llen in der K\u00fcche.","breadcrumb":{"@id":"https:\/\/www.werecycle.ch\/shop\/recycling-entsorgung\/abfalleimer\/rotho-komposteimer-albula\/#breadcrumb"},"inLanguage":"en-GB","potentialAction":[{"@type":"ReadAction","target":["https:\/\/www.werecycle.ch\/shop\/recycling-entsorgung\/abfalleimer\/rotho-komposteimer-albula\/"]}]},{"@type":"ImageObject","inLanguage":"en-GB","@id":"https:\/\/www.werecycle.ch\/shop\/recycling-entsorgung\/abfalleimer\/rotho-komposteimer-albula\/#primaryimage","url":"https:\/\/www.werecycle.ch\/wp-content\/uploads\/2024\/06\/505092.webp","contentUrl":"https:\/\/www.werecycle.ch\/wp-content\/uploads\/2024\/06\/505092.webp","width":800,"height":800},{"@type":"BreadcrumbList","@id":"https:\/\/www.werecycle.ch\/shop\/recycling-entsorgung\/abfalleimer\/rotho-komposteimer-albula\/#breadcrumb","itemListElement":[{"@type":"ListItem","position":1,"name":"Startseite","item":"https:\/\/www.werecycle.ch\/"},{"@type":"ListItem","position":2,"name":"Shop","item":"https:\/\/www.werecycle.ch\/de\/shop\/"},{"@type":"ListItem","position":3,"name":"Rotho Komposteimer Albula"}]},{"@type":"WebSite","@id":"https:\/\/www.werecycle.ch\/de\/#website","url":"https:\/\/www.werecycle.ch\/de\/","name":"WeRecycle.ch | Recycling Services AG","description":"","publisher":{"@id":"https:\/\/www.werecycle.ch\/de\/#organization"},"potentialAction":[{"@type":"SearchAction","target":{"@type":"EntryPoint","urlTemplate":"https:\/\/www.werecycle.ch\/de\/?s={search_term_string}"},"query-input":{"@type":"PropertyValueSpecification","valueRequired":true,"valueName":"search_term_string"}}],"inLanguage":"en-GB"},{"@type":"Organization","@id":"https:\/\/www.werecycle.ch\/de\/#organization","name":"WeRecycle.ch | Recycling Services AG","url":"https:\/\/www.werecycle.ch\/de\/","logo":{"@type":"ImageObject","inLanguage":"en-GB","@id":"https:\/\/www.werecycle.ch\/de\/#\/schema\/logo\/image\/","url":"https:\/\/www.werecycle.ch\/wp-content\/uploads\/2022\/09\/logo_werecycle.webp","contentUrl":"https:\/\/www.werecycle.ch\/wp-content\/uploads\/2022\/09\/logo_werecycle.webp","width":1423,"height":427,"caption":"WeRecycle.ch | Recycling Services AG"},"image":{"@id":"https:\/\/www.werecycle.ch\/de\/#\/schema\/logo\/image\/"},"sameAs":["https:\/\/www.facebook.com\/www.werecycle.ch"]}]}},"tiered_pricing_type":"fixed","tiered_pricing_fixed_rules":[],"tiered_pricing_product_settings":{"layout":"default","base_unit_name":{"singular":null,"plural":null},"default_variation":null},"tiered_pricing_minimum_quantity":null,"tiered_pricing_roles_data":[],"tiered_pricing_percentage_rules":[],"_links":{"self":[{"href":"https:\/\/www.werecycle.ch\/en\/wp-json\/wp\/v2\/product\/18746","targetHints":{"allow":["GET"]}}],"collection":[{"href":"https:\/\/www.werecycle.ch\/en\/wp-json\/wp\/v2\/product"}],"about":[{"href":"https:\/\/www.werecycle.ch\/en\/wp-json\/wp\/v2\/types\/product"}],"wp:featuredmedia":[{"embeddable":true,"href":"https:\/\/www.werecycle.ch\/en\/wp-json\/wp\/v2\/media\/18751"}],"wp:attachment":[{"href":"https:\/\/www.werecycle.ch\/en\/wp-json\/wp\/v2\/media?parent=18746"}],"wp:term":[{"taxonomy":"product_brand","embeddable":true,"href":"https:\/\/www.werecycle.ch\/en\/wp-json\/wp\/v2\/product_brand?post=18746"},{"taxonomy":"product_cat","embeddable":true,"href":"https:\/\/www.werecycle.ch\/en\/wp-json\/wp\/v2\/product_cat?post=18746"},{"taxonomy":"product_tag","embeddable":true,"href":"https:\/\/www.werecycle.ch\/en\/wp-json\/wp\/v2\/product_tag?post=18746"}],"curies":[{"name":"wp","href":"https:\/\/api.w.org\/{rel}","templated":true}]}}