{"id":17958,"date":"2024-04-23T10:40:52","date_gmt":"2024-04-23T09:40:52","guid":{"rendered":"https:\/\/www.werecycle.ch\/?post_type=product&#038;p=17958"},"modified":"2025-02-14T15:29:10","modified_gmt":"2025-02-14T14:29:10","slug":"stewi-waeschestaender-libelle","status":"publish","type":"product","link":"https:\/\/www.werecycle.ch\/en\/shop\/haushalt-wohnen\/reinigung\/stewi-waeschestaender-libelle\/","title":{"rendered":"STEWI W\u00e4schest\u00e4nder Libelle"},"content":{"rendered":"<ul>\n<li>20 m Trockenl\u00e4nge Libelle\u00ae<\/li>\n<li>Stufenlos h\u00f6henverstellbar von 110 \u2013 175 cm<\/li>\n<li>Trockenfl\u00e4che neigbar<\/li>\n<li>Individuell verstellbarer Kreuzfuss<\/li>\n<li>Platzsparend zum Stab zusammenklappbar<\/li>\n<li>Kann mit Zubeh\u00f6r Sonnendach als Schattenspender eingesetzt werden<\/li>\n<li>Material: Aluminium, W\u00e4scheleine Polyester<\/li>\n<li>5 Jahre Garantie<\/li>\n<\/ul>\n<p>&nbsp;<\/p>\n<h3>Technische Daten<\/h3>\n<p>L\u00e4nge: 150 cm<br \/>\nBreite: 75 cm<br \/>\nGewicht: 6,0 kg<\/p>\n<p>&nbsp;<\/p>\n<h3>Schonend f\u00fcr Kleidung und Umwelt<\/h3>\n<p>W\u00e4schetrocknen ohne den Tumbler ist nicht nur bedeutend schonender zu Deiner W\u00e4sche, sondern tut auch der Umwelt gut: 31,2% (j\u00e4hrlich 18600 GWh) des schweizer Stromverbrauchs stammt von Haushalten, davon gehen 5% (930 GWh) an den Tumbler, dies entspricht etwa der Energieerzeugung eines Kohlekraftwerks.<\/p>\n<h3>Nachhaltigkeit<\/h3>\n<p>STEWI verwendet nur die hochwertigsten Materialien. Alle Einzelteile werden im Werk in Winterthur hergestellt. Bei richtiger Verwendung sind STEWI\u2019s fu\u0308r die Ewigkeit konstruiert. Sollte dennoch ein Missgeschick passieren, gibt es eine Ersatzteilgarantie mit \u00abEwigkeitscharakter\u00bb: fu\u0308r alle STEWIS sind Ersatzteile bestellbar.<\/p>\n<h3>Soziales Engagement<\/h3>\n<p>Seit Jahren werden die Produkte von STEWI in sozialen Einrichtungen in der Schweiz montiert, kontrolliert und verpackt. STEWI arbeitet regional mit Vollzugsanstalten und sozialen Werksta\u0308tten in der Schweiz zusammen. So ko\u0308nnen ho\u0308chste Qualita\u0308tsanspru\u0308che, ein gutes Preis-\/Leistungsverha\u0308ltnis mit sozialem Engagement zum Vorteil fu\u0308r den Kunden vereint werden.<\/p>","protected":false},"excerpt":{"rendered":"<p>STEWI W\u00e4schest\u00e4nder Libelle\u00ae aus hochwertigem Aluminium. Das Modell Libelle\u00ae ist stufenlos h\u00f6henverstellbar und hat insgesamt 20 m Trockenl\u00e4nge.<\/p>","protected":false},"featured_media":17960,"template":"","meta":{"ocean_post_layout":"","ocean_both_sidebars_style":"","ocean_both_sidebars_content_width":0,"ocean_both_sidebars_sidebars_width":0,"ocean_sidebar":"0","ocean_second_sidebar":"0","ocean_disable_margins":"enable","ocean_add_body_class":"","ocean_shortcode_before_top_bar":"","ocean_shortcode_after_top_bar":"","ocean_shortcode_before_header":"","ocean_shortcode_after_header":"","ocean_has_shortcode":"","ocean_shortcode_after_title":"","ocean_shortcode_before_footer_widgets":"","ocean_shortcode_after_footer_widgets":"","ocean_shortcode_before_footer_bottom":"","ocean_shortcode_after_footer_bottom":"","ocean_display_top_bar":"default","ocean_display_header":"default","ocean_header_style":"","ocean_center_header_left_menu":"0","ocean_custom_header_template":"0","ocean_custom_logo":0,"ocean_custom_retina_logo":0,"ocean_custom_logo_max_width":0,"ocean_custom_logo_tablet_max_width":0,"ocean_custom_logo_mobile_max_width":0,"ocean_custom_logo_max_height":0,"ocean_custom_logo_tablet_max_height":0,"ocean_custom_logo_mobile_max_height":0,"ocean_header_custom_menu":"0","ocean_menu_typo_font_family":"0","ocean_menu_typo_font_subset":"","ocean_menu_typo_font_size":0,"ocean_menu_typo_font_size_tablet":0,"ocean_menu_typo_font_size_mobile":0,"ocean_menu_typo_font_size_unit":"px","ocean_menu_typo_font_weight":"","ocean_menu_typo_font_weight_tablet":"","ocean_menu_typo_font_weight_mobile":"","ocean_menu_typo_transform":"","ocean_menu_typo_transform_tablet":"","ocean_menu_typo_transform_mobile":"","ocean_menu_typo_line_height":0,"ocean_menu_typo_line_height_tablet":0,"ocean_menu_typo_line_height_mobile":0,"ocean_menu_typo_line_height_unit":"","ocean_menu_typo_spacing":0,"ocean_menu_typo_spacing_tablet":0,"ocean_menu_typo_spacing_mobile":0,"ocean_menu_typo_spacing_unit":"","ocean_menu_link_color":"","ocean_menu_link_color_hover":"","ocean_menu_link_color_active":"","ocean_menu_link_background":"","ocean_menu_link_hover_background":"","ocean_menu_link_active_background":"","ocean_menu_social_links_bg":"","ocean_menu_social_hover_links_bg":"","ocean_menu_social_links_color":"","ocean_menu_social_hover_links_color":"","ocean_disable_title":"default","ocean_disable_heading":"default","ocean_post_title":"","ocean_post_subheading":"","ocean_post_title_style":"","ocean_post_title_background_color":"","ocean_post_title_background":0,"ocean_post_title_bg_image_position":"","ocean_post_title_bg_image_attachment":"","ocean_post_title_bg_image_repeat":"","ocean_post_title_bg_image_size":"","ocean_post_title_height":0,"ocean_post_title_bg_overlay":0.5,"ocean_post_title_bg_overlay_color":"","ocean_disable_breadcrumbs":"default","ocean_breadcrumbs_color":"","ocean_breadcrumbs_separator_color":"","ocean_breadcrumbs_links_color":"","ocean_breadcrumbs_links_hover_color":"","ocean_display_footer_widgets":"default","ocean_display_footer_bottom":"default","ocean_custom_footer_template":"0","ofc_meta_disable_footer_callout":"","ofc_meta_callout_button_url":"","ofc_meta_callout_button_txt":"","ofc_meta_callout_text":"","osh_disable_topbar_sticky":"default","osh_disable_header_sticky":"default","osh_sticky_header_style":"default","osh_sticky_header_effect":"","osh_custom_sticky_logo":0,"osh_custom_retina_sticky_logo":0,"osh_custom_sticky_logo_height":0,"osh_background_color":"","osh_links_color":"","osh_links_hover_color":"","osh_links_active_color":"","osh_links_bg_color":"","osh_links_hover_bg_color":"","osh_links_active_bg_color":"","osh_menu_social_links_color":"","osh_menu_social_hover_links_color":""},"product_brand":[],"product_cat":[64,434,63],"product_tag":[790,432,1884,1882,115,1885,771,1883],"class_list":{"0":"post-17958","1":"product","2":"type-product","3":"status-publish","4":"has-post-thumbnail","6":"product_cat-energiesparen","7":"product_cat-garten-outdoor","8":"product_cat-reinigung","9":"product_tag-aluminium","10":"product_tag-garten","11":"product_tag-polyester","12":"product_tag-stewi","13":"product_tag-swiss-made","14":"product_tag-trocknen","15":"product_tag-waesche","16":"product_tag-waeschespinne","17":"product_shipping_class-spedition","19":"entry","20":"has-media","22":"first","23":"instock","24":"taxable","25":"shipping-taxable","26":"purchasable","27":"product-type-simple","28":"col","29":"span_1_of_3","30":"owp-content-center","31":"item-entry","32":"owp-thumbs-layout-horizontal","33":"owp-btn-normal","34":"owp-tabs-layout-horizontal","35":"circle-sale"},"yoast_head":"<!-- This site is optimized with the Yoast SEO plugin v27.4 - https:\/\/yoast.com\/product\/yoast-seo-wordpress\/ -->\n<title>STEWI W\u00e4schest\u00e4nder Libelle - WeRecycle.ch | WR Group AG<\/title>\n<meta name=\"description\" content=\"STEWI W\u00e4schest\u00e4nder Libelle\u00ae aus hochwertigem Aluminium. Das Modell Libelle\u00ae ist stufenlos h\u00f6henverstellbar und hat insgesamt 20 m Trockenl\u00e4nge.\" \/>\n<meta name=\"robots\" content=\"index, follow, max-snippet:-1, max-image-preview:large, max-video-preview:-1\" \/>\n<link rel=\"canonical\" href=\"https:\/\/www.werecycle.ch\/en\/shop\/haushalt-wohnen\/reinigung\/stewi-waeschestaender-libelle\/\" \/>\n<meta property=\"og:locale\" content=\"en_GB\" \/>\n<meta property=\"og:type\" content=\"article\" \/>\n<meta property=\"og:title\" content=\"STEWI W\u00e4schest\u00e4nder Libelle - WeRecycle.ch | WR Group AG\" \/>\n<meta property=\"og:description\" content=\"STEWI W\u00e4schest\u00e4nder Libelle\u00ae aus hochwertigem Aluminium. Das Modell Libelle\u00ae ist stufenlos h\u00f6henverstellbar und hat insgesamt 20 m Trockenl\u00e4nge.\" \/>\n<meta property=\"og:url\" content=\"https:\/\/www.werecycle.ch\/en\/shop\/haushalt-wohnen\/reinigung\/stewi-waeschestaender-libelle\/\" \/>\n<meta property=\"og:site_name\" content=\"WeRecycle.ch | WR Group AG\" \/>\n<meta property=\"article:publisher\" content=\"https:\/\/www.facebook.com\/www.werecycle.ch\" \/>\n<meta property=\"article:modified_time\" content=\"2025-02-14T14:29:10+00:00\" \/>\n<meta property=\"og:image\" content=\"https:\/\/www.werecycle.ch\/wp-content\/uploads\/2024\/04\/200298.webp\" \/>\n\t<meta property=\"og:image:width\" content=\"1500\" \/>\n\t<meta property=\"og:image:height\" content=\"1500\" \/>\n\t<meta property=\"og:image:type\" content=\"image\/webp\" \/>\n<meta name=\"twitter:card\" content=\"summary_large_image\" \/>\n<script type=\"application\/ld+json\" class=\"yoast-schema-graph\">{\"@context\":\"https:\\\/\\\/schema.org\",\"@graph\":[{\"@type\":\"WebPage\",\"@id\":\"https:\\\/\\\/www.werecycle.ch\\\/shop\\\/haushalt-wohnen\\\/reinigung\\\/stewi-waeschestaender-libelle\\\/\",\"url\":\"https:\\\/\\\/www.werecycle.ch\\\/shop\\\/haushalt-wohnen\\\/reinigung\\\/stewi-waeschestaender-libelle\\\/\",\"name\":\"STEWI W\u00e4schest\u00e4nder Libelle - WeRecycle.ch | WR Group AG\",\"isPartOf\":{\"@id\":\"https:\\\/\\\/www.werecycle.ch\\\/de\\\/#website\"},\"primaryImageOfPage\":{\"@id\":\"https:\\\/\\\/www.werecycle.ch\\\/shop\\\/haushalt-wohnen\\\/reinigung\\\/stewi-waeschestaender-libelle\\\/#primaryimage\"},\"image\":{\"@id\":\"https:\\\/\\\/www.werecycle.ch\\\/shop\\\/haushalt-wohnen\\\/reinigung\\\/stewi-waeschestaender-libelle\\\/#primaryimage\"},\"thumbnailUrl\":\"https:\\\/\\\/www.werecycle.ch\\\/wp-content\\\/uploads\\\/2024\\\/04\\\/200298.webp\",\"datePublished\":\"2024-04-23T09:40:52+00:00\",\"dateModified\":\"2025-02-14T14:29:10+00:00\",\"description\":\"STEWI W\u00e4schest\u00e4nder Libelle\u00ae aus hochwertigem Aluminium. Das Modell Libelle\u00ae ist stufenlos h\u00f6henverstellbar und hat insgesamt 20 m Trockenl\u00e4nge.\",\"breadcrumb\":{\"@id\":\"https:\\\/\\\/www.werecycle.ch\\\/shop\\\/haushalt-wohnen\\\/reinigung\\\/stewi-waeschestaender-libelle\\\/#breadcrumb\"},\"inLanguage\":\"en-GB\",\"potentialAction\":[{\"@type\":\"ReadAction\",\"target\":[\"https:\\\/\\\/www.werecycle.ch\\\/shop\\\/haushalt-wohnen\\\/reinigung\\\/stewi-waeschestaender-libelle\\\/\"]}]},{\"@type\":\"ImageObject\",\"inLanguage\":\"en-GB\",\"@id\":\"https:\\\/\\\/www.werecycle.ch\\\/shop\\\/haushalt-wohnen\\\/reinigung\\\/stewi-waeschestaender-libelle\\\/#primaryimage\",\"url\":\"https:\\\/\\\/www.werecycle.ch\\\/wp-content\\\/uploads\\\/2024\\\/04\\\/200298.webp\",\"contentUrl\":\"https:\\\/\\\/www.werecycle.ch\\\/wp-content\\\/uploads\\\/2024\\\/04\\\/200298.webp\",\"width\":1500,\"height\":1500},{\"@type\":\"BreadcrumbList\",\"@id\":\"https:\\\/\\\/www.werecycle.ch\\\/shop\\\/haushalt-wohnen\\\/reinigung\\\/stewi-waeschestaender-libelle\\\/#breadcrumb\",\"itemListElement\":[{\"@type\":\"ListItem\",\"position\":1,\"name\":\"Startseite\",\"item\":\"https:\\\/\\\/www.werecycle.ch\\\/\"},{\"@type\":\"ListItem\",\"position\":2,\"name\":\"Shop\",\"item\":\"https:\\\/\\\/www.werecycle.ch\\\/de\\\/shop\\\/\"},{\"@type\":\"ListItem\",\"position\":3,\"name\":\"STEWI W\u00e4schest\u00e4nder Libelle\"}]},{\"@type\":\"WebSite\",\"@id\":\"https:\\\/\\\/www.werecycle.ch\\\/de\\\/#website\",\"url\":\"https:\\\/\\\/www.werecycle.ch\\\/de\\\/\",\"name\":\"WeRecycle.ch | Recycling Services AG\",\"description\":\"\",\"publisher\":{\"@id\":\"https:\\\/\\\/www.werecycle.ch\\\/de\\\/#organization\"},\"potentialAction\":[{\"@type\":\"SearchAction\",\"target\":{\"@type\":\"EntryPoint\",\"urlTemplate\":\"https:\\\/\\\/www.werecycle.ch\\\/de\\\/?s={search_term_string}\"},\"query-input\":{\"@type\":\"PropertyValueSpecification\",\"valueRequired\":true,\"valueName\":\"search_term_string\"}}],\"inLanguage\":\"en-GB\"},{\"@type\":\"Organization\",\"@id\":\"https:\\\/\\\/www.werecycle.ch\\\/de\\\/#organization\",\"name\":\"WeRecycle.ch | Recycling Services AG\",\"url\":\"https:\\\/\\\/www.werecycle.ch\\\/de\\\/\",\"logo\":{\"@type\":\"ImageObject\",\"inLanguage\":\"en-GB\",\"@id\":\"https:\\\/\\\/www.werecycle.ch\\\/de\\\/#\\\/schema\\\/logo\\\/image\\\/\",\"url\":\"https:\\\/\\\/www.werecycle.ch\\\/wp-content\\\/uploads\\\/2022\\\/09\\\/logo_werecycle.webp\",\"contentUrl\":\"https:\\\/\\\/www.werecycle.ch\\\/wp-content\\\/uploads\\\/2022\\\/09\\\/logo_werecycle.webp\",\"width\":1423,\"height\":427,\"caption\":\"WeRecycle.ch | Recycling Services AG\"},\"image\":{\"@id\":\"https:\\\/\\\/www.werecycle.ch\\\/de\\\/#\\\/schema\\\/logo\\\/image\\\/\"},\"sameAs\":[\"https:\\\/\\\/www.facebook.com\\\/www.werecycle.ch\"]}]}<\/script>\n<!-- \/ Yoast SEO plugin. -->","yoast_head_json":{"title":"STEWI W\u00e4schest\u00e4nder Libelle - WeRecycle.ch | WR Group AG","description":"STEWI W\u00e4schest\u00e4nder Libelle\u00ae aus hochwertigem Aluminium. Das Modell Libelle\u00ae ist stufenlos h\u00f6henverstellbar und hat insgesamt 20 m Trockenl\u00e4nge.","robots":{"index":"index","follow":"follow","max-snippet":"max-snippet:-1","max-image-preview":"max-image-preview:large","max-video-preview":"max-video-preview:-1"},"canonical":"https:\/\/www.werecycle.ch\/en\/shop\/haushalt-wohnen\/reinigung\/stewi-waeschestaender-libelle\/","og_locale":"en_GB","og_type":"article","og_title":"STEWI W\u00e4schest\u00e4nder Libelle - WeRecycle.ch | WR Group AG","og_description":"STEWI W\u00e4schest\u00e4nder Libelle\u00ae aus hochwertigem Aluminium. Das Modell Libelle\u00ae ist stufenlos h\u00f6henverstellbar und hat insgesamt 20 m Trockenl\u00e4nge.","og_url":"https:\/\/www.werecycle.ch\/en\/shop\/haushalt-wohnen\/reinigung\/stewi-waeschestaender-libelle\/","og_site_name":"WeRecycle.ch | WR Group AG","article_publisher":"https:\/\/www.facebook.com\/www.werecycle.ch","article_modified_time":"2025-02-14T14:29:10+00:00","og_image":[{"width":1500,"height":1500,"url":"https:\/\/www.werecycle.ch\/wp-content\/uploads\/2024\/04\/200298.webp","type":"image\/webp"}],"twitter_card":"summary_large_image","schema":{"@context":"https:\/\/schema.org","@graph":[{"@type":"WebPage","@id":"https:\/\/www.werecycle.ch\/shop\/haushalt-wohnen\/reinigung\/stewi-waeschestaender-libelle\/","url":"https:\/\/www.werecycle.ch\/shop\/haushalt-wohnen\/reinigung\/stewi-waeschestaender-libelle\/","name":"STEWI W\u00e4schest\u00e4nder Libelle - WeRecycle.ch | WR Group AG","isPartOf":{"@id":"https:\/\/www.werecycle.ch\/de\/#website"},"primaryImageOfPage":{"@id":"https:\/\/www.werecycle.ch\/shop\/haushalt-wohnen\/reinigung\/stewi-waeschestaender-libelle\/#primaryimage"},"image":{"@id":"https:\/\/www.werecycle.ch\/shop\/haushalt-wohnen\/reinigung\/stewi-waeschestaender-libelle\/#primaryimage"},"thumbnailUrl":"https:\/\/www.werecycle.ch\/wp-content\/uploads\/2024\/04\/200298.webp","datePublished":"2024-04-23T09:40:52+00:00","dateModified":"2025-02-14T14:29:10+00:00","description":"STEWI W\u00e4schest\u00e4nder Libelle\u00ae aus hochwertigem Aluminium. Das Modell Libelle\u00ae ist stufenlos h\u00f6henverstellbar und hat insgesamt 20 m Trockenl\u00e4nge.","breadcrumb":{"@id":"https:\/\/www.werecycle.ch\/shop\/haushalt-wohnen\/reinigung\/stewi-waeschestaender-libelle\/#breadcrumb"},"inLanguage":"en-GB","potentialAction":[{"@type":"ReadAction","target":["https:\/\/www.werecycle.ch\/shop\/haushalt-wohnen\/reinigung\/stewi-waeschestaender-libelle\/"]}]},{"@type":"ImageObject","inLanguage":"en-GB","@id":"https:\/\/www.werecycle.ch\/shop\/haushalt-wohnen\/reinigung\/stewi-waeschestaender-libelle\/#primaryimage","url":"https:\/\/www.werecycle.ch\/wp-content\/uploads\/2024\/04\/200298.webp","contentUrl":"https:\/\/www.werecycle.ch\/wp-content\/uploads\/2024\/04\/200298.webp","width":1500,"height":1500},{"@type":"BreadcrumbList","@id":"https:\/\/www.werecycle.ch\/shop\/haushalt-wohnen\/reinigung\/stewi-waeschestaender-libelle\/#breadcrumb","itemListElement":[{"@type":"ListItem","position":1,"name":"Startseite","item":"https:\/\/www.werecycle.ch\/"},{"@type":"ListItem","position":2,"name":"Shop","item":"https:\/\/www.werecycle.ch\/de\/shop\/"},{"@type":"ListItem","position":3,"name":"STEWI W\u00e4schest\u00e4nder Libelle"}]},{"@type":"WebSite","@id":"https:\/\/www.werecycle.ch\/de\/#website","url":"https:\/\/www.werecycle.ch\/de\/","name":"WeRecycle.ch | Recycling Services AG","description":"","publisher":{"@id":"https:\/\/www.werecycle.ch\/de\/#organization"},"potentialAction":[{"@type":"SearchAction","target":{"@type":"EntryPoint","urlTemplate":"https:\/\/www.werecycle.ch\/de\/?s={search_term_string}"},"query-input":{"@type":"PropertyValueSpecification","valueRequired":true,"valueName":"search_term_string"}}],"inLanguage":"en-GB"},{"@type":"Organization","@id":"https:\/\/www.werecycle.ch\/de\/#organization","name":"WeRecycle.ch | Recycling Services AG","url":"https:\/\/www.werecycle.ch\/de\/","logo":{"@type":"ImageObject","inLanguage":"en-GB","@id":"https:\/\/www.werecycle.ch\/de\/#\/schema\/logo\/image\/","url":"https:\/\/www.werecycle.ch\/wp-content\/uploads\/2022\/09\/logo_werecycle.webp","contentUrl":"https:\/\/www.werecycle.ch\/wp-content\/uploads\/2022\/09\/logo_werecycle.webp","width":1423,"height":427,"caption":"WeRecycle.ch | Recycling Services AG"},"image":{"@id":"https:\/\/www.werecycle.ch\/de\/#\/schema\/logo\/image\/"},"sameAs":["https:\/\/www.facebook.com\/www.werecycle.ch"]}]}},"tiered_pricing_type":"fixed","tiered_pricing_fixed_rules":[],"tiered_pricing_product_settings":{"layout":"default","base_unit_name":{"singular":null,"plural":null},"default_variation":null},"tiered_pricing_minimum_quantity":null,"tiered_pricing_roles_data":[],"tiered_pricing_percentage_rules":[],"_links":{"self":[{"href":"https:\/\/www.werecycle.ch\/en\/wp-json\/wp\/v2\/product\/17958","targetHints":{"allow":["GET"]}}],"collection":[{"href":"https:\/\/www.werecycle.ch\/en\/wp-json\/wp\/v2\/product"}],"about":[{"href":"https:\/\/www.werecycle.ch\/en\/wp-json\/wp\/v2\/types\/product"}],"wp:featuredmedia":[{"embeddable":true,"href":"https:\/\/www.werecycle.ch\/en\/wp-json\/wp\/v2\/media\/17960"}],"wp:attachment":[{"href":"https:\/\/www.werecycle.ch\/en\/wp-json\/wp\/v2\/media?parent=17958"}],"wp:term":[{"taxonomy":"product_brand","embeddable":true,"href":"https:\/\/www.werecycle.ch\/en\/wp-json\/wp\/v2\/product_brand?post=17958"},{"taxonomy":"product_cat","embeddable":true,"href":"https:\/\/www.werecycle.ch\/en\/wp-json\/wp\/v2\/product_cat?post=17958"},{"taxonomy":"product_tag","embeddable":true,"href":"https:\/\/www.werecycle.ch\/en\/wp-json\/wp\/v2\/product_tag?post=17958"}],"curies":[{"name":"wp","href":"https:\/\/api.w.org\/{rel}","templated":true}]}}