{"id":17899,"date":"2024-03-18T08:27:17","date_gmt":"2024-03-18T07:27:17","guid":{"rendered":"https:\/\/www.werecycle.ch\/?post_type=product&#038;p=17899"},"modified":"2024-07-17T08:30:14","modified_gmt":"2024-07-17T07:30:14","slug":"brabantia-waeschesammler-waeschebox-schwarz-mit-korkdeckel","status":"publish","type":"product","link":"https:\/\/www.werecycle.ch\/en\/shop\/haushalt-wohnen\/deko-wohnen\/brabantia-waeschesammler-waeschebox-schwarz-mit-korkdeckel\/","title":{"rendered":"Brabantia W\u00e4schesammler mit Korkdeckel"},"content":{"rendered":"<p>Diese W\u00e4schebox von Brabantia hilft Dir nicht nur bei der Sortierung der W\u00e4schest\u00fccke, sondern sie f\u00e4llt ebenso durch ihr nat\u00fcrliches, warm wirkendes Aussehen auf, f\u00fcr welches der Korkdeckel mit der praktischen Quick-Drop-\u00d6ffnung sorgt. Im Inneren der Box befindet sich zudem ein herausnehm- und waschbarer W\u00e4schesack mit Klettverschluss f\u00fcr einen unkomplizierten Transport der W\u00e4sche.<\/p>\n<p>Der Deckel deckt den Inhalt des W\u00e4schekorbs diskret ab. Der integrierte W\u00e4schesack erleichtert den Transport zur Waschmaschine. Der W\u00e4schesack l\u00e4sst sich mit einem Klettverschluss leicht verschliessen. Der Schutzring am Boden der Box verhindert Kratzer auf dem Boden. Die Bel\u00fcftungs\u00f6ffnungen am Korb sorgen daf\u00fcr, dass frische Luft an Ihre W\u00e4sche gelangt. Der Korb ist aus korrosionsbest\u00e4ndigem Material gefertigt und eignet sich hervorragend f\u00fcr das Badezimmer.<\/p>\n<p>&nbsp;<\/p>\n<ul class=\"cds-List cds-List--Bulleted\">\n<li>Farbe: Schwarz<\/li>\n<li>Volumen: 35 l<\/li>\n<li>Material: Edelstahl, Kork<\/li>\n<li>W\u00e4schesack im Inneren herausnehm- und waschbar<\/li>\n<li>Quick-Drop-\u00d6ffnung f\u00fcr einfaches Bef\u00fcllen<\/li>\n<\/ul>","protected":false},"excerpt":{"rendered":"<p>Diskreter Brabantia W\u00e4schesammler aus Edelstahl mit 35 Liter Volumen und herausnehmbarem W\u00e4schesack f\u00fcr unkomplizierten Transport der W\u00e4sche.<\/p>","protected":false},"featured_media":17903,"template":"","meta":{"ocean_post_layout":"","ocean_both_sidebars_style":"","ocean_both_sidebars_content_width":0,"ocean_both_sidebars_sidebars_width":0,"ocean_sidebar":"0","ocean_second_sidebar":"0","ocean_disable_margins":"enable","ocean_add_body_class":"","ocean_shortcode_before_top_bar":"","ocean_shortcode_after_top_bar":"","ocean_shortcode_before_header":"","ocean_shortcode_after_header":"","ocean_has_shortcode":"","ocean_shortcode_after_title":"","ocean_shortcode_before_footer_widgets":"","ocean_shortcode_after_footer_widgets":"","ocean_shortcode_before_footer_bottom":"","ocean_shortcode_after_footer_bottom":"","ocean_display_top_bar":"default","ocean_display_header":"default","ocean_header_style":"","ocean_center_header_left_menu":"0","ocean_custom_header_template":"0","ocean_custom_logo":0,"ocean_custom_retina_logo":0,"ocean_custom_logo_max_width":0,"ocean_custom_logo_tablet_max_width":0,"ocean_custom_logo_mobile_max_width":0,"ocean_custom_logo_max_height":0,"ocean_custom_logo_tablet_max_height":0,"ocean_custom_logo_mobile_max_height":0,"ocean_header_custom_menu":"0","ocean_menu_typo_font_family":"0","ocean_menu_typo_font_subset":"","ocean_menu_typo_font_size":0,"ocean_menu_typo_font_size_tablet":0,"ocean_menu_typo_font_size_mobile":0,"ocean_menu_typo_font_size_unit":"px","ocean_menu_typo_font_weight":"","ocean_menu_typo_font_weight_tablet":"","ocean_menu_typo_font_weight_mobile":"","ocean_menu_typo_transform":"","ocean_menu_typo_transform_tablet":"","ocean_menu_typo_transform_mobile":"","ocean_menu_typo_line_height":0,"ocean_menu_typo_line_height_tablet":0,"ocean_menu_typo_line_height_mobile":0,"ocean_menu_typo_line_height_unit":"","ocean_menu_typo_spacing":0,"ocean_menu_typo_spacing_tablet":0,"ocean_menu_typo_spacing_mobile":0,"ocean_menu_typo_spacing_unit":"","ocean_menu_link_color":"","ocean_menu_link_color_hover":"","ocean_menu_link_color_active":"","ocean_menu_link_background":"","ocean_menu_link_hover_background":"","ocean_menu_link_active_background":"","ocean_menu_social_links_bg":"","ocean_menu_social_hover_links_bg":"","ocean_menu_social_links_color":"","ocean_menu_social_hover_links_color":"","ocean_disable_title":"default","ocean_disable_heading":"default","ocean_post_title":"","ocean_post_subheading":"","ocean_post_title_style":"","ocean_post_title_background_color":"","ocean_post_title_background":0,"ocean_post_title_bg_image_position":"","ocean_post_title_bg_image_attachment":"","ocean_post_title_bg_image_repeat":"","ocean_post_title_bg_image_size":"","ocean_post_title_height":0,"ocean_post_title_bg_overlay":0.5,"ocean_post_title_bg_overlay_color":"","ocean_disable_breadcrumbs":"default","ocean_breadcrumbs_color":"","ocean_breadcrumbs_separator_color":"","ocean_breadcrumbs_links_color":"","ocean_breadcrumbs_links_hover_color":"","ocean_display_footer_widgets":"default","ocean_display_footer_bottom":"default","ocean_custom_footer_template":"0","ofc_meta_disable_footer_callout":"","ofc_meta_callout_button_url":"","ofc_meta_callout_button_txt":"","ofc_meta_callout_text":"","osh_disable_topbar_sticky":"default","osh_disable_header_sticky":"default","osh_sticky_header_style":"default","osh_sticky_header_effect":"","osh_custom_sticky_logo":0,"osh_custom_retina_sticky_logo":0,"osh_custom_sticky_logo_height":0,"osh_background_color":"","osh_links_color":"","osh_links_hover_color":"","osh_links_active_color":"","osh_links_bg_color":"","osh_links_hover_bg_color":"","osh_links_active_bg_color":"","osh_menu_social_links_color":"","osh_menu_social_hover_links_color":""},"product_brand":[],"product_cat":[65],"product_tag":[497,194,106,771,1386,1387],"class_list":{"0":"post-17899","1":"product","2":"type-product","3":"status-publish","4":"has-post-thumbnail","6":"product_cat-deko-wohnen","7":"product_tag-brabantia","8":"product_tag-edelstahl","9":"product_tag-kork","10":"product_tag-waesche","11":"product_tag-waeschekorb","12":"product_tag-waeschesammler","13":"product_shipping_class-paket","15":"entry","16":"has-media","18":"first","19":"instock","20":"taxable","21":"shipping-taxable","22":"purchasable","23":"product-type-simple","24":"col","25":"span_1_of_3","26":"owp-content-center","27":"item-entry","28":"owp-thumbs-layout-horizontal","29":"owp-btn-normal","30":"owp-tabs-layout-horizontal","31":"circle-sale"},"yoast_head":"<!-- This site is optimized with the Yoast SEO plugin v27.4 - https:\/\/yoast.com\/product\/yoast-seo-wordpress\/ -->\n<title>Brabantia W\u00e4schesammler mit Korkdeckel - WeRecycle.ch | WR Group AG<\/title>\n<meta name=\"description\" content=\"Diskreter Brabantia W\u00e4schesammler aus Edelstahl mit 35 Liter Volumen und herausnehmbarem W\u00e4schesack f\u00fcr unkomplizierten Transport der W\u00e4sche.\" \/>\n<meta name=\"robots\" content=\"index, follow, max-snippet:-1, max-image-preview:large, max-video-preview:-1\" \/>\n<link rel=\"canonical\" href=\"https:\/\/www.werecycle.ch\/en\/shop\/haushalt-wohnen\/deko-wohnen\/brabantia-waeschesammler-waeschebox-schwarz-mit-korkdeckel\/\" \/>\n<meta property=\"og:locale\" content=\"en_GB\" \/>\n<meta property=\"og:type\" content=\"article\" \/>\n<meta property=\"og:title\" content=\"Brabantia W\u00e4schesammler mit Korkdeckel - WeRecycle.ch | WR Group AG\" \/>\n<meta property=\"og:description\" content=\"Diskreter Brabantia W\u00e4schesammler aus Edelstahl mit 35 Liter Volumen und herausnehmbarem W\u00e4schesack f\u00fcr unkomplizierten Transport der W\u00e4sche.\" \/>\n<meta property=\"og:url\" content=\"https:\/\/www.werecycle.ch\/en\/shop\/haushalt-wohnen\/deko-wohnen\/brabantia-waeschesammler-waeschebox-schwarz-mit-korkdeckel\/\" \/>\n<meta property=\"og:site_name\" content=\"WeRecycle.ch | WR Group AG\" \/>\n<meta property=\"article:publisher\" content=\"https:\/\/www.facebook.com\/www.werecycle.ch\" \/>\n<meta property=\"article:modified_time\" content=\"2024-07-17T07:30:14+00:00\" \/>\n<meta property=\"og:image\" content=\"https:\/\/www.werecycle.ch\/wp-content\/uploads\/2024\/04\/503711.webp\" \/>\n\t<meta property=\"og:image:width\" content=\"1000\" \/>\n\t<meta property=\"og:image:height\" content=\"1000\" \/>\n\t<meta property=\"og:image:type\" content=\"image\/webp\" \/>\n<meta name=\"twitter:card\" content=\"summary_large_image\" \/>\n<script type=\"application\/ld+json\" class=\"yoast-schema-graph\">{\"@context\":\"https:\\\/\\\/schema.org\",\"@graph\":[{\"@type\":\"WebPage\",\"@id\":\"https:\\\/\\\/www.werecycle.ch\\\/shop\\\/haushalt-wohnen\\\/deko-wohnen\\\/brabantia-waeschesammler-waeschebox-schwarz-mit-korkdeckel\\\/\",\"url\":\"https:\\\/\\\/www.werecycle.ch\\\/shop\\\/haushalt-wohnen\\\/deko-wohnen\\\/brabantia-waeschesammler-waeschebox-schwarz-mit-korkdeckel\\\/\",\"name\":\"Brabantia W\u00e4schesammler mit Korkdeckel - WeRecycle.ch | WR Group AG\",\"isPartOf\":{\"@id\":\"https:\\\/\\\/www.werecycle.ch\\\/de\\\/#website\"},\"primaryImageOfPage\":{\"@id\":\"https:\\\/\\\/www.werecycle.ch\\\/shop\\\/haushalt-wohnen\\\/deko-wohnen\\\/brabantia-waeschesammler-waeschebox-schwarz-mit-korkdeckel\\\/#primaryimage\"},\"image\":{\"@id\":\"https:\\\/\\\/www.werecycle.ch\\\/shop\\\/haushalt-wohnen\\\/deko-wohnen\\\/brabantia-waeschesammler-waeschebox-schwarz-mit-korkdeckel\\\/#primaryimage\"},\"thumbnailUrl\":\"https:\\\/\\\/www.werecycle.ch\\\/wp-content\\\/uploads\\\/2024\\\/04\\\/503711.webp\",\"datePublished\":\"2024-03-18T07:27:17+00:00\",\"dateModified\":\"2024-07-17T07:30:14+00:00\",\"description\":\"Diskreter Brabantia W\u00e4schesammler aus Edelstahl mit 35 Liter Volumen und herausnehmbarem W\u00e4schesack f\u00fcr unkomplizierten Transport der W\u00e4sche.\",\"breadcrumb\":{\"@id\":\"https:\\\/\\\/www.werecycle.ch\\\/shop\\\/haushalt-wohnen\\\/deko-wohnen\\\/brabantia-waeschesammler-waeschebox-schwarz-mit-korkdeckel\\\/#breadcrumb\"},\"inLanguage\":\"en-GB\",\"potentialAction\":[{\"@type\":\"ReadAction\",\"target\":[\"https:\\\/\\\/www.werecycle.ch\\\/shop\\\/haushalt-wohnen\\\/deko-wohnen\\\/brabantia-waeschesammler-waeschebox-schwarz-mit-korkdeckel\\\/\"]}]},{\"@type\":\"ImageObject\",\"inLanguage\":\"en-GB\",\"@id\":\"https:\\\/\\\/www.werecycle.ch\\\/shop\\\/haushalt-wohnen\\\/deko-wohnen\\\/brabantia-waeschesammler-waeschebox-schwarz-mit-korkdeckel\\\/#primaryimage\",\"url\":\"https:\\\/\\\/www.werecycle.ch\\\/wp-content\\\/uploads\\\/2024\\\/04\\\/503711.webp\",\"contentUrl\":\"https:\\\/\\\/www.werecycle.ch\\\/wp-content\\\/uploads\\\/2024\\\/04\\\/503711.webp\",\"width\":1000,\"height\":1000},{\"@type\":\"BreadcrumbList\",\"@id\":\"https:\\\/\\\/www.werecycle.ch\\\/shop\\\/haushalt-wohnen\\\/deko-wohnen\\\/brabantia-waeschesammler-waeschebox-schwarz-mit-korkdeckel\\\/#breadcrumb\",\"itemListElement\":[{\"@type\":\"ListItem\",\"position\":1,\"name\":\"Startseite\",\"item\":\"https:\\\/\\\/www.werecycle.ch\\\/\"},{\"@type\":\"ListItem\",\"position\":2,\"name\":\"Shop\",\"item\":\"https:\\\/\\\/www.werecycle.ch\\\/de\\\/shop\\\/\"},{\"@type\":\"ListItem\",\"position\":3,\"name\":\"Brabantia W\u00e4schesammler mit Korkdeckel\"}]},{\"@type\":\"WebSite\",\"@id\":\"https:\\\/\\\/www.werecycle.ch\\\/de\\\/#website\",\"url\":\"https:\\\/\\\/www.werecycle.ch\\\/de\\\/\",\"name\":\"WeRecycle.ch | Recycling Services AG\",\"description\":\"\",\"publisher\":{\"@id\":\"https:\\\/\\\/www.werecycle.ch\\\/de\\\/#organization\"},\"potentialAction\":[{\"@type\":\"SearchAction\",\"target\":{\"@type\":\"EntryPoint\",\"urlTemplate\":\"https:\\\/\\\/www.werecycle.ch\\\/de\\\/?s={search_term_string}\"},\"query-input\":{\"@type\":\"PropertyValueSpecification\",\"valueRequired\":true,\"valueName\":\"search_term_string\"}}],\"inLanguage\":\"en-GB\"},{\"@type\":\"Organization\",\"@id\":\"https:\\\/\\\/www.werecycle.ch\\\/de\\\/#organization\",\"name\":\"WeRecycle.ch | Recycling Services AG\",\"url\":\"https:\\\/\\\/www.werecycle.ch\\\/de\\\/\",\"logo\":{\"@type\":\"ImageObject\",\"inLanguage\":\"en-GB\",\"@id\":\"https:\\\/\\\/www.werecycle.ch\\\/de\\\/#\\\/schema\\\/logo\\\/image\\\/\",\"url\":\"https:\\\/\\\/www.werecycle.ch\\\/wp-content\\\/uploads\\\/2022\\\/09\\\/logo_werecycle.webp\",\"contentUrl\":\"https:\\\/\\\/www.werecycle.ch\\\/wp-content\\\/uploads\\\/2022\\\/09\\\/logo_werecycle.webp\",\"width\":1423,\"height\":427,\"caption\":\"WeRecycle.ch | Recycling Services AG\"},\"image\":{\"@id\":\"https:\\\/\\\/www.werecycle.ch\\\/de\\\/#\\\/schema\\\/logo\\\/image\\\/\"},\"sameAs\":[\"https:\\\/\\\/www.facebook.com\\\/www.werecycle.ch\"]}]}<\/script>\n<!-- \/ Yoast SEO plugin. -->","yoast_head_json":{"title":"Brabantia W\u00e4schesammler mit Korkdeckel - WeRecycle.ch | WR Group AG","description":"Diskreter Brabantia W\u00e4schesammler aus Edelstahl mit 35 Liter Volumen und herausnehmbarem W\u00e4schesack f\u00fcr unkomplizierten Transport der W\u00e4sche.","robots":{"index":"index","follow":"follow","max-snippet":"max-snippet:-1","max-image-preview":"max-image-preview:large","max-video-preview":"max-video-preview:-1"},"canonical":"https:\/\/www.werecycle.ch\/en\/shop\/haushalt-wohnen\/deko-wohnen\/brabantia-waeschesammler-waeschebox-schwarz-mit-korkdeckel\/","og_locale":"en_GB","og_type":"article","og_title":"Brabantia W\u00e4schesammler mit Korkdeckel - WeRecycle.ch | WR Group AG","og_description":"Diskreter Brabantia W\u00e4schesammler aus Edelstahl mit 35 Liter Volumen und herausnehmbarem W\u00e4schesack f\u00fcr unkomplizierten Transport der W\u00e4sche.","og_url":"https:\/\/www.werecycle.ch\/en\/shop\/haushalt-wohnen\/deko-wohnen\/brabantia-waeschesammler-waeschebox-schwarz-mit-korkdeckel\/","og_site_name":"WeRecycle.ch | WR Group AG","article_publisher":"https:\/\/www.facebook.com\/www.werecycle.ch","article_modified_time":"2024-07-17T07:30:14+00:00","og_image":[{"width":1000,"height":1000,"url":"https:\/\/www.werecycle.ch\/wp-content\/uploads\/2024\/04\/503711.webp","type":"image\/webp"}],"twitter_card":"summary_large_image","schema":{"@context":"https:\/\/schema.org","@graph":[{"@type":"WebPage","@id":"https:\/\/www.werecycle.ch\/shop\/haushalt-wohnen\/deko-wohnen\/brabantia-waeschesammler-waeschebox-schwarz-mit-korkdeckel\/","url":"https:\/\/www.werecycle.ch\/shop\/haushalt-wohnen\/deko-wohnen\/brabantia-waeschesammler-waeschebox-schwarz-mit-korkdeckel\/","name":"Brabantia W\u00e4schesammler mit Korkdeckel - WeRecycle.ch | WR Group AG","isPartOf":{"@id":"https:\/\/www.werecycle.ch\/de\/#website"},"primaryImageOfPage":{"@id":"https:\/\/www.werecycle.ch\/shop\/haushalt-wohnen\/deko-wohnen\/brabantia-waeschesammler-waeschebox-schwarz-mit-korkdeckel\/#primaryimage"},"image":{"@id":"https:\/\/www.werecycle.ch\/shop\/haushalt-wohnen\/deko-wohnen\/brabantia-waeschesammler-waeschebox-schwarz-mit-korkdeckel\/#primaryimage"},"thumbnailUrl":"https:\/\/www.werecycle.ch\/wp-content\/uploads\/2024\/04\/503711.webp","datePublished":"2024-03-18T07:27:17+00:00","dateModified":"2024-07-17T07:30:14+00:00","description":"Diskreter Brabantia W\u00e4schesammler aus Edelstahl mit 35 Liter Volumen und herausnehmbarem W\u00e4schesack f\u00fcr unkomplizierten Transport der W\u00e4sche.","breadcrumb":{"@id":"https:\/\/www.werecycle.ch\/shop\/haushalt-wohnen\/deko-wohnen\/brabantia-waeschesammler-waeschebox-schwarz-mit-korkdeckel\/#breadcrumb"},"inLanguage":"en-GB","potentialAction":[{"@type":"ReadAction","target":["https:\/\/www.werecycle.ch\/shop\/haushalt-wohnen\/deko-wohnen\/brabantia-waeschesammler-waeschebox-schwarz-mit-korkdeckel\/"]}]},{"@type":"ImageObject","inLanguage":"en-GB","@id":"https:\/\/www.werecycle.ch\/shop\/haushalt-wohnen\/deko-wohnen\/brabantia-waeschesammler-waeschebox-schwarz-mit-korkdeckel\/#primaryimage","url":"https:\/\/www.werecycle.ch\/wp-content\/uploads\/2024\/04\/503711.webp","contentUrl":"https:\/\/www.werecycle.ch\/wp-content\/uploads\/2024\/04\/503711.webp","width":1000,"height":1000},{"@type":"BreadcrumbList","@id":"https:\/\/www.werecycle.ch\/shop\/haushalt-wohnen\/deko-wohnen\/brabantia-waeschesammler-waeschebox-schwarz-mit-korkdeckel\/#breadcrumb","itemListElement":[{"@type":"ListItem","position":1,"name":"Startseite","item":"https:\/\/www.werecycle.ch\/"},{"@type":"ListItem","position":2,"name":"Shop","item":"https:\/\/www.werecycle.ch\/de\/shop\/"},{"@type":"ListItem","position":3,"name":"Brabantia W\u00e4schesammler mit Korkdeckel"}]},{"@type":"WebSite","@id":"https:\/\/www.werecycle.ch\/de\/#website","url":"https:\/\/www.werecycle.ch\/de\/","name":"WeRecycle.ch | Recycling Services AG","description":"","publisher":{"@id":"https:\/\/www.werecycle.ch\/de\/#organization"},"potentialAction":[{"@type":"SearchAction","target":{"@type":"EntryPoint","urlTemplate":"https:\/\/www.werecycle.ch\/de\/?s={search_term_string}"},"query-input":{"@type":"PropertyValueSpecification","valueRequired":true,"valueName":"search_term_string"}}],"inLanguage":"en-GB"},{"@type":"Organization","@id":"https:\/\/www.werecycle.ch\/de\/#organization","name":"WeRecycle.ch | Recycling Services AG","url":"https:\/\/www.werecycle.ch\/de\/","logo":{"@type":"ImageObject","inLanguage":"en-GB","@id":"https:\/\/www.werecycle.ch\/de\/#\/schema\/logo\/image\/","url":"https:\/\/www.werecycle.ch\/wp-content\/uploads\/2022\/09\/logo_werecycle.webp","contentUrl":"https:\/\/www.werecycle.ch\/wp-content\/uploads\/2022\/09\/logo_werecycle.webp","width":1423,"height":427,"caption":"WeRecycle.ch | Recycling Services AG"},"image":{"@id":"https:\/\/www.werecycle.ch\/de\/#\/schema\/logo\/image\/"},"sameAs":["https:\/\/www.facebook.com\/www.werecycle.ch"]}]}},"tiered_pricing_type":"fixed","tiered_pricing_fixed_rules":[],"tiered_pricing_product_settings":{"layout":"default","base_unit_name":{"singular":null,"plural":null},"default_variation":null},"tiered_pricing_minimum_quantity":null,"tiered_pricing_roles_data":[],"tiered_pricing_percentage_rules":[],"_links":{"self":[{"href":"https:\/\/www.werecycle.ch\/en\/wp-json\/wp\/v2\/product\/17899","targetHints":{"allow":["GET"]}}],"collection":[{"href":"https:\/\/www.werecycle.ch\/en\/wp-json\/wp\/v2\/product"}],"about":[{"href":"https:\/\/www.werecycle.ch\/en\/wp-json\/wp\/v2\/types\/product"}],"wp:featuredmedia":[{"embeddable":true,"href":"https:\/\/www.werecycle.ch\/en\/wp-json\/wp\/v2\/media\/17903"}],"wp:attachment":[{"href":"https:\/\/www.werecycle.ch\/en\/wp-json\/wp\/v2\/media?parent=17899"}],"wp:term":[{"taxonomy":"product_brand","embeddable":true,"href":"https:\/\/www.werecycle.ch\/en\/wp-json\/wp\/v2\/product_brand?post=17899"},{"taxonomy":"product_cat","embeddable":true,"href":"https:\/\/www.werecycle.ch\/en\/wp-json\/wp\/v2\/product_cat?post=17899"},{"taxonomy":"product_tag","embeddable":true,"href":"https:\/\/www.werecycle.ch\/en\/wp-json\/wp\/v2\/product_tag?post=17899"}],"curies":[{"name":"wp","href":"https:\/\/api.w.org\/{rel}","templated":true}]}}