{"id":17116,"date":"2024-03-01T14:11:54","date_gmt":"2024-03-01T13:11:54","guid":{"rendered":"https:\/\/www.werecycle.ch\/?post_type=product&#038;p=17116"},"modified":"2025-07-24T07:08:54","modified_gmt":"2025-07-24T06:08:54","slug":"einkaufstrolley-aus-recycling-pet","status":"publish","type":"product","link":"https:\/\/www.werecycle.ch\/en\/shop\/haushalt-wohnen\/accessoires\/einkaufstrolley-aus-recycling-pet\/","title":{"rendered":"Einkaufstrolley aus Recycling PET"},"content":{"rendered":"<p>Verbl\u00fcffend leicht werden mit dem Trolley von Reisenthel die Wege zur Arbeit und zum Einkauf: Er wird gerollt statt getragen, sieht richtig gut aus und ist in jeder Hinsicht praktisch.<\/p>\n<p>&nbsp;<\/p>\n<ul class=\"cds-List cds-List--Bulleted\">\n<li>Ger\u00e4umiger Beutel auf R\u00e4dern, Transport auf 2 sanft laufenden Rollen<\/li>\n<li>Aus hochwertigem, wasserabweisendem Polyestergewebe<\/li>\n<li>Zweistufig h\u00f6henverstellbare Teleskopstange, verstaubar<\/li>\n<li>Mit Reissverschluss auf der R\u00fcckseite<\/li>\n<li>Hergestellt aus recycelten PET Flaschen<\/li>\n<li>Gr\u00f6sse (B\/H\/T): 43 x 53 x 21 cm<\/li>\n<li>Volumen: 43 l<\/li>\n<\/ul>\n<p>&nbsp;<\/p>\n<p>Die amfori Business Social Compliance Initiative [amfori BSCI, gegr\u00fcndet 2003 als Business Social Compliance Initiative (BSCI)] ist ein Programm des wirtschaftsnahen Verbandes amfori zur Verbesserung der sozialen Standards in einer weltweiten Wertsch\u00f6pfungskette. Die Organisation mit Sitz in Br\u00fcssel bietet Wirtschaftsunternehmen die \u00dcbernahme oder Anlehnung an einen Verhaltenskodex an sowie ein systematisches \u00dcberwachungs- und Qualifikationssystem. Dieser Kodex beruht auf internationalen Vertr\u00e4gen zum Schutz von Arbeitnehmerrechten, dabei geht es um folgende elf Schl\u00fcsselelemente: Managementpraxis, keine bedenkliche Besch\u00e4ftigung, Arbeitszeit, Verg\u00fctung, Kinderarbeit, Zwangsarbeit (einschliesslich Gefangenenarbeit und Zwangsmassnahmen), Versammlungsfreiheit (inklusive Organisationsfreiheit und Tariffreiheit), Diskriminierung (Geschlecht, Rasse, Religion), Arbeitsbedingungen, Gesundheits- und Sozialeinrichtungen, Gesundheit und Sicherheit am Arbeitsplatz (Arbeitssicherheit), Aspekte des Umweltschutzes und besonderen Schutz junger Angestellter.<\/p>\n","protected":false},"excerpt":{"rendered":"<p>Der nachhaltige &amp; praktische Helfer beim Einkauf: Leichter und stabiler Einkaufstrolley mit verstellbarer Teleskopstange.<\/p>","protected":false},"featured_media":17131,"template":"","meta":{"ocean_post_layout":"","ocean_both_sidebars_style":"","ocean_both_sidebars_content_width":0,"ocean_both_sidebars_sidebars_width":0,"ocean_sidebar":"0","ocean_second_sidebar":"0","ocean_disable_margins":"enable","ocean_add_body_class":"","ocean_shortcode_before_top_bar":"","ocean_shortcode_after_top_bar":"","ocean_shortcode_before_header":"","ocean_shortcode_after_header":"","ocean_has_shortcode":"","ocean_shortcode_after_title":"","ocean_shortcode_before_footer_widgets":"","ocean_shortcode_after_footer_widgets":"","ocean_shortcode_before_footer_bottom":"","ocean_shortcode_after_footer_bottom":"","ocean_display_top_bar":"default","ocean_display_header":"default","ocean_header_style":"","ocean_center_header_left_menu":"0","ocean_custom_header_template":"0","ocean_custom_logo":0,"ocean_custom_retina_logo":0,"ocean_custom_logo_max_width":0,"ocean_custom_logo_tablet_max_width":0,"ocean_custom_logo_mobile_max_width":0,"ocean_custom_logo_max_height":0,"ocean_custom_logo_tablet_max_height":0,"ocean_custom_logo_mobile_max_height":0,"ocean_header_custom_menu":"0","ocean_menu_typo_font_family":"0","ocean_menu_typo_font_subset":"","ocean_menu_typo_font_size":0,"ocean_menu_typo_font_size_tablet":0,"ocean_menu_typo_font_size_mobile":0,"ocean_menu_typo_font_size_unit":"px","ocean_menu_typo_font_weight":"","ocean_menu_typo_font_weight_tablet":"","ocean_menu_typo_font_weight_mobile":"","ocean_menu_typo_transform":"","ocean_menu_typo_transform_tablet":"","ocean_menu_typo_transform_mobile":"","ocean_menu_typo_line_height":0,"ocean_menu_typo_line_height_tablet":0,"ocean_menu_typo_line_height_mobile":0,"ocean_menu_typo_line_height_unit":"","ocean_menu_typo_spacing":0,"ocean_menu_typo_spacing_tablet":0,"ocean_menu_typo_spacing_mobile":0,"ocean_menu_typo_spacing_unit":"","ocean_menu_link_color":"","ocean_menu_link_color_hover":"","ocean_menu_link_color_active":"","ocean_menu_link_background":"","ocean_menu_link_hover_background":"","ocean_menu_link_active_background":"","ocean_menu_social_links_bg":"","ocean_menu_social_hover_links_bg":"","ocean_menu_social_links_color":"","ocean_menu_social_hover_links_color":"","ocean_disable_title":"default","ocean_disable_heading":"default","ocean_post_title":"","ocean_post_subheading":"","ocean_post_title_style":"","ocean_post_title_background_color":"","ocean_post_title_background":0,"ocean_post_title_bg_image_position":"","ocean_post_title_bg_image_attachment":"","ocean_post_title_bg_image_repeat":"","ocean_post_title_bg_image_size":"","ocean_post_title_height":0,"ocean_post_title_bg_overlay":0.5,"ocean_post_title_bg_overlay_color":"","ocean_disable_breadcrumbs":"default","ocean_breadcrumbs_color":"","ocean_breadcrumbs_separator_color":"","ocean_breadcrumbs_links_color":"","ocean_breadcrumbs_links_hover_color":"","ocean_display_footer_widgets":"default","ocean_display_footer_bottom":"default","ocean_custom_footer_template":"0","ofc_meta_disable_footer_callout":"","ofc_meta_callout_button_url":"","ofc_meta_callout_button_txt":"","ofc_meta_callout_text":"","osh_disable_topbar_sticky":"default","osh_disable_header_sticky":"default","osh_sticky_header_style":"default","osh_sticky_header_effect":"","osh_custom_sticky_logo":0,"osh_custom_retina_sticky_logo":0,"osh_custom_sticky_logo_height":0,"osh_background_color":"","osh_links_color":"","osh_links_hover_color":"","osh_links_active_color":"","osh_links_bg_color":"","osh_links_hover_bg_color":"","osh_links_active_bg_color":"","osh_menu_social_links_color":"","osh_menu_social_hover_links_color":""},"product_brand":[],"product_cat":[66],"product_tag":[818,820,1788,468,568,630,628,629],"class_list":{"0":"post-17116","1":"product","2":"type-product","3":"status-publish","4":"has-post-thumbnail","6":"product_cat-accessoires","7":"product_tag-amfori-bsci","8":"product_tag-einkauf","9":"product_tag-einkaufstrolley","10":"product_tag-nachhaltig","11":"product_tag-outdoor","12":"product_tag-recycling-pet","13":"product_tag-reisenthel","14":"product_tag-rpet","16":"entry","17":"has-media","19":"first","20":"instock","21":"taxable","22":"shipping-taxable","23":"purchasable","24":"product-type-variable","25":"has-default-attributes","26":"col","27":"span_1_of_3","28":"owp-content-center","29":"item-entry","30":"owp-thumbs-layout-horizontal","31":"owp-btn-normal","32":"owp-tabs-layout-horizontal","33":"circle-sale"},"yoast_head":"<!-- This site is optimized with the Yoast SEO plugin v27.4 - https:\/\/yoast.com\/product\/yoast-seo-wordpress\/ -->\n<title>Einkaufstrolley aus Recycling PET - WeRecycle.ch | WR Group AG<\/title>\n<meta name=\"description\" content=\"Praktischer, ger\u00e4umiger Einkaufstrolley mit h\u00f6henverstellbarer Teleskopstange. Wasserabweisend. Volumen: 43 Liter. Hergestellt aus recycelten PET Flaschen.\" \/>\n<meta name=\"robots\" content=\"index, follow, max-snippet:-1, max-image-preview:large, max-video-preview:-1\" \/>\n<link rel=\"canonical\" href=\"https:\/\/www.werecycle.ch\/en\/shop\/haushalt-wohnen\/accessoires\/einkaufstrolley-aus-recycling-pet\/\" \/>\n<meta property=\"og:locale\" content=\"en_GB\" \/>\n<meta property=\"og:type\" content=\"article\" \/>\n<meta property=\"og:title\" content=\"Einkaufstrolley aus Recycling PET - WeRecycle.ch | WR Group AG\" \/>\n<meta property=\"og:description\" content=\"Praktischer, ger\u00e4umiger Einkaufstrolley mit h\u00f6henverstellbarer Teleskopstange. Wasserabweisend. Volumen: 43 Liter. Hergestellt aus recycelten PET Flaschen.\" \/>\n<meta property=\"og:url\" content=\"https:\/\/www.werecycle.ch\/en\/shop\/haushalt-wohnen\/accessoires\/einkaufstrolley-aus-recycling-pet\/\" \/>\n<meta property=\"og:site_name\" content=\"WeRecycle.ch | WR Group AG\" \/>\n<meta property=\"article:publisher\" content=\"https:\/\/www.facebook.com\/www.werecycle.ch\" \/>\n<meta property=\"article:modified_time\" content=\"2025-07-24T06:08:54+00:00\" \/>\n<meta property=\"og:image\" content=\"https:\/\/www.werecycle.ch\/wp-content\/uploads\/2024\/03\/507162.webp\" \/>\n\t<meta property=\"og:image:width\" content=\"1000\" \/>\n\t<meta property=\"og:image:height\" content=\"1000\" \/>\n\t<meta property=\"og:image:type\" content=\"image\/webp\" \/>\n<meta name=\"twitter:card\" content=\"summary_large_image\" \/>\n<script type=\"application\/ld+json\" class=\"yoast-schema-graph\">{\"@context\":\"https:\\\/\\\/schema.org\",\"@graph\":[{\"@type\":\"WebPage\",\"@id\":\"https:\\\/\\\/www.werecycle.ch\\\/shop\\\/haushalt-wohnen\\\/accessoires\\\/einkaufstrolley-aus-recycling-pet\\\/\",\"url\":\"https:\\\/\\\/www.werecycle.ch\\\/shop\\\/haushalt-wohnen\\\/accessoires\\\/einkaufstrolley-aus-recycling-pet\\\/\",\"name\":\"Einkaufstrolley aus Recycling PET - WeRecycle.ch | WR Group AG\",\"isPartOf\":{\"@id\":\"https:\\\/\\\/www.werecycle.ch\\\/de\\\/#website\"},\"primaryImageOfPage\":{\"@id\":\"https:\\\/\\\/www.werecycle.ch\\\/shop\\\/haushalt-wohnen\\\/accessoires\\\/einkaufstrolley-aus-recycling-pet\\\/#primaryimage\"},\"image\":{\"@id\":\"https:\\\/\\\/www.werecycle.ch\\\/shop\\\/haushalt-wohnen\\\/accessoires\\\/einkaufstrolley-aus-recycling-pet\\\/#primaryimage\"},\"thumbnailUrl\":\"https:\\\/\\\/www.werecycle.ch\\\/wp-content\\\/uploads\\\/2024\\\/03\\\/507162.webp\",\"datePublished\":\"2024-03-01T13:11:54+00:00\",\"dateModified\":\"2025-07-24T06:08:54+00:00\",\"description\":\"Praktischer, ger\u00e4umiger Einkaufstrolley mit h\u00f6henverstellbarer Teleskopstange. Wasserabweisend. Volumen: 43 Liter. Hergestellt aus recycelten PET Flaschen.\",\"breadcrumb\":{\"@id\":\"https:\\\/\\\/www.werecycle.ch\\\/shop\\\/haushalt-wohnen\\\/accessoires\\\/einkaufstrolley-aus-recycling-pet\\\/#breadcrumb\"},\"inLanguage\":\"en-GB\",\"potentialAction\":[{\"@type\":\"ReadAction\",\"target\":[\"https:\\\/\\\/www.werecycle.ch\\\/shop\\\/haushalt-wohnen\\\/accessoires\\\/einkaufstrolley-aus-recycling-pet\\\/\"]}]},{\"@type\":\"ImageObject\",\"inLanguage\":\"en-GB\",\"@id\":\"https:\\\/\\\/www.werecycle.ch\\\/shop\\\/haushalt-wohnen\\\/accessoires\\\/einkaufstrolley-aus-recycling-pet\\\/#primaryimage\",\"url\":\"https:\\\/\\\/www.werecycle.ch\\\/wp-content\\\/uploads\\\/2024\\\/03\\\/507162.webp\",\"contentUrl\":\"https:\\\/\\\/www.werecycle.ch\\\/wp-content\\\/uploads\\\/2024\\\/03\\\/507162.webp\",\"width\":1000,\"height\":1000},{\"@type\":\"BreadcrumbList\",\"@id\":\"https:\\\/\\\/www.werecycle.ch\\\/shop\\\/haushalt-wohnen\\\/accessoires\\\/einkaufstrolley-aus-recycling-pet\\\/#breadcrumb\",\"itemListElement\":[{\"@type\":\"ListItem\",\"position\":1,\"name\":\"Startseite\",\"item\":\"https:\\\/\\\/www.werecycle.ch\\\/\"},{\"@type\":\"ListItem\",\"position\":2,\"name\":\"Shop\",\"item\":\"https:\\\/\\\/www.werecycle.ch\\\/de\\\/shop\\\/\"},{\"@type\":\"ListItem\",\"position\":3,\"name\":\"Einkaufstrolley aus Recycling PET\"}]},{\"@type\":\"WebSite\",\"@id\":\"https:\\\/\\\/www.werecycle.ch\\\/de\\\/#website\",\"url\":\"https:\\\/\\\/www.werecycle.ch\\\/de\\\/\",\"name\":\"WeRecycle.ch | Recycling Services AG\",\"description\":\"\",\"publisher\":{\"@id\":\"https:\\\/\\\/www.werecycle.ch\\\/de\\\/#organization\"},\"potentialAction\":[{\"@type\":\"SearchAction\",\"target\":{\"@type\":\"EntryPoint\",\"urlTemplate\":\"https:\\\/\\\/www.werecycle.ch\\\/de\\\/?s={search_term_string}\"},\"query-input\":{\"@type\":\"PropertyValueSpecification\",\"valueRequired\":true,\"valueName\":\"search_term_string\"}}],\"inLanguage\":\"en-GB\"},{\"@type\":\"Organization\",\"@id\":\"https:\\\/\\\/www.werecycle.ch\\\/de\\\/#organization\",\"name\":\"WeRecycle.ch | Recycling Services AG\",\"url\":\"https:\\\/\\\/www.werecycle.ch\\\/de\\\/\",\"logo\":{\"@type\":\"ImageObject\",\"inLanguage\":\"en-GB\",\"@id\":\"https:\\\/\\\/www.werecycle.ch\\\/de\\\/#\\\/schema\\\/logo\\\/image\\\/\",\"url\":\"https:\\\/\\\/www.werecycle.ch\\\/wp-content\\\/uploads\\\/2022\\\/09\\\/logo_werecycle.webp\",\"contentUrl\":\"https:\\\/\\\/www.werecycle.ch\\\/wp-content\\\/uploads\\\/2022\\\/09\\\/logo_werecycle.webp\",\"width\":1423,\"height\":427,\"caption\":\"WeRecycle.ch | Recycling Services AG\"},\"image\":{\"@id\":\"https:\\\/\\\/www.werecycle.ch\\\/de\\\/#\\\/schema\\\/logo\\\/image\\\/\"},\"sameAs\":[\"https:\\\/\\\/www.facebook.com\\\/www.werecycle.ch\"]}]}<\/script>\n<!-- \/ Yoast SEO plugin. -->","yoast_head_json":{"title":"Einkaufstrolley aus Recycling PET - WeRecycle.ch | WR Group AG","description":"Praktischer, ger\u00e4umiger Einkaufstrolley mit h\u00f6henverstellbarer Teleskopstange. Wasserabweisend. Volumen: 43 Liter. Hergestellt aus recycelten PET Flaschen.","robots":{"index":"index","follow":"follow","max-snippet":"max-snippet:-1","max-image-preview":"max-image-preview:large","max-video-preview":"max-video-preview:-1"},"canonical":"https:\/\/www.werecycle.ch\/en\/shop\/haushalt-wohnen\/accessoires\/einkaufstrolley-aus-recycling-pet\/","og_locale":"en_GB","og_type":"article","og_title":"Einkaufstrolley aus Recycling PET - WeRecycle.ch | WR Group AG","og_description":"Praktischer, ger\u00e4umiger Einkaufstrolley mit h\u00f6henverstellbarer Teleskopstange. Wasserabweisend. Volumen: 43 Liter. Hergestellt aus recycelten PET Flaschen.","og_url":"https:\/\/www.werecycle.ch\/en\/shop\/haushalt-wohnen\/accessoires\/einkaufstrolley-aus-recycling-pet\/","og_site_name":"WeRecycle.ch | WR Group AG","article_publisher":"https:\/\/www.facebook.com\/www.werecycle.ch","article_modified_time":"2025-07-24T06:08:54+00:00","og_image":[{"width":1000,"height":1000,"url":"https:\/\/www.werecycle.ch\/wp-content\/uploads\/2024\/03\/507162.webp","type":"image\/webp"}],"twitter_card":"summary_large_image","schema":{"@context":"https:\/\/schema.org","@graph":[{"@type":"WebPage","@id":"https:\/\/www.werecycle.ch\/shop\/haushalt-wohnen\/accessoires\/einkaufstrolley-aus-recycling-pet\/","url":"https:\/\/www.werecycle.ch\/shop\/haushalt-wohnen\/accessoires\/einkaufstrolley-aus-recycling-pet\/","name":"Einkaufstrolley aus Recycling PET - WeRecycle.ch | WR Group AG","isPartOf":{"@id":"https:\/\/www.werecycle.ch\/de\/#website"},"primaryImageOfPage":{"@id":"https:\/\/www.werecycle.ch\/shop\/haushalt-wohnen\/accessoires\/einkaufstrolley-aus-recycling-pet\/#primaryimage"},"image":{"@id":"https:\/\/www.werecycle.ch\/shop\/haushalt-wohnen\/accessoires\/einkaufstrolley-aus-recycling-pet\/#primaryimage"},"thumbnailUrl":"https:\/\/www.werecycle.ch\/wp-content\/uploads\/2024\/03\/507162.webp","datePublished":"2024-03-01T13:11:54+00:00","dateModified":"2025-07-24T06:08:54+00:00","description":"Praktischer, ger\u00e4umiger Einkaufstrolley mit h\u00f6henverstellbarer Teleskopstange. Wasserabweisend. Volumen: 43 Liter. Hergestellt aus recycelten PET Flaschen.","breadcrumb":{"@id":"https:\/\/www.werecycle.ch\/shop\/haushalt-wohnen\/accessoires\/einkaufstrolley-aus-recycling-pet\/#breadcrumb"},"inLanguage":"en-GB","potentialAction":[{"@type":"ReadAction","target":["https:\/\/www.werecycle.ch\/shop\/haushalt-wohnen\/accessoires\/einkaufstrolley-aus-recycling-pet\/"]}]},{"@type":"ImageObject","inLanguage":"en-GB","@id":"https:\/\/www.werecycle.ch\/shop\/haushalt-wohnen\/accessoires\/einkaufstrolley-aus-recycling-pet\/#primaryimage","url":"https:\/\/www.werecycle.ch\/wp-content\/uploads\/2024\/03\/507162.webp","contentUrl":"https:\/\/www.werecycle.ch\/wp-content\/uploads\/2024\/03\/507162.webp","width":1000,"height":1000},{"@type":"BreadcrumbList","@id":"https:\/\/www.werecycle.ch\/shop\/haushalt-wohnen\/accessoires\/einkaufstrolley-aus-recycling-pet\/#breadcrumb","itemListElement":[{"@type":"ListItem","position":1,"name":"Startseite","item":"https:\/\/www.werecycle.ch\/"},{"@type":"ListItem","position":2,"name":"Shop","item":"https:\/\/www.werecycle.ch\/de\/shop\/"},{"@type":"ListItem","position":3,"name":"Einkaufstrolley aus Recycling PET"}]},{"@type":"WebSite","@id":"https:\/\/www.werecycle.ch\/de\/#website","url":"https:\/\/www.werecycle.ch\/de\/","name":"WeRecycle.ch | Recycling Services AG","description":"","publisher":{"@id":"https:\/\/www.werecycle.ch\/de\/#organization"},"potentialAction":[{"@type":"SearchAction","target":{"@type":"EntryPoint","urlTemplate":"https:\/\/www.werecycle.ch\/de\/?s={search_term_string}"},"query-input":{"@type":"PropertyValueSpecification","valueRequired":true,"valueName":"search_term_string"}}],"inLanguage":"en-GB"},{"@type":"Organization","@id":"https:\/\/www.werecycle.ch\/de\/#organization","name":"WeRecycle.ch | Recycling Services AG","url":"https:\/\/www.werecycle.ch\/de\/","logo":{"@type":"ImageObject","inLanguage":"en-GB","@id":"https:\/\/www.werecycle.ch\/de\/#\/schema\/logo\/image\/","url":"https:\/\/www.werecycle.ch\/wp-content\/uploads\/2022\/09\/logo_werecycle.webp","contentUrl":"https:\/\/www.werecycle.ch\/wp-content\/uploads\/2022\/09\/logo_werecycle.webp","width":1423,"height":427,"caption":"WeRecycle.ch | Recycling Services AG"},"image":{"@id":"https:\/\/www.werecycle.ch\/de\/#\/schema\/logo\/image\/"},"sameAs":["https:\/\/www.facebook.com\/www.werecycle.ch"]}]}},"tiered_pricing_type":"fixed","tiered_pricing_fixed_rules":[],"tiered_pricing_product_settings":{"layout":"default","base_unit_name":{"singular":null,"plural":null},"default_variation":null},"tiered_pricing_minimum_quantity":null,"tiered_pricing_roles_data":[],"tiered_pricing_percentage_rules":[],"_links":{"self":[{"href":"https:\/\/www.werecycle.ch\/en\/wp-json\/wp\/v2\/product\/17116","targetHints":{"allow":["GET"]}}],"collection":[{"href":"https:\/\/www.werecycle.ch\/en\/wp-json\/wp\/v2\/product"}],"about":[{"href":"https:\/\/www.werecycle.ch\/en\/wp-json\/wp\/v2\/types\/product"}],"wp:featuredmedia":[{"embeddable":true,"href":"https:\/\/www.werecycle.ch\/en\/wp-json\/wp\/v2\/media\/17131"}],"wp:attachment":[{"href":"https:\/\/www.werecycle.ch\/en\/wp-json\/wp\/v2\/media?parent=17116"}],"wp:term":[{"taxonomy":"product_brand","embeddable":true,"href":"https:\/\/www.werecycle.ch\/en\/wp-json\/wp\/v2\/product_brand?post=17116"},{"taxonomy":"product_cat","embeddable":true,"href":"https:\/\/www.werecycle.ch\/en\/wp-json\/wp\/v2\/product_cat?post=17116"},{"taxonomy":"product_tag","embeddable":true,"href":"https:\/\/www.werecycle.ch\/en\/wp-json\/wp\/v2\/product_tag?post=17116"}],"curies":[{"name":"wp","href":"https:\/\/api.w.org\/{rel}","templated":true}]}}