{"id":15835,"date":"2023-11-18T16:03:40","date_gmt":"2023-11-18T15:03:40","guid":{"rendered":"https:\/\/www.werecycle.ch\/?post_type=product&#038;p=15835"},"modified":"2024-07-17T14:47:03","modified_gmt":"2024-07-17T13:47:03","slug":"brotbrett-ahorn-buche-fsc-40cm","status":"publish","type":"product","link":"https:\/\/www.werecycle.ch\/en\/shop\/haushalt-wohnen\/accessoires\/brotbrett-ahorn-buche-fsc-40cm\/","title":{"rendered":"Brotbrett Ahorn \/ Buche 40 cm"},"content":{"rendered":"<p>Qualitativ hochwertig verarbeitetes Brotbrett in schlichtem Design mit hoher Funktionalit\u00e4t. Praktisches Detail: Der Rost kann herausgehoben und die Kr\u00fcmel aus dem Brett gekippt werden. Aus Ahorn- und Buchenholz.<\/p>\n<p>&nbsp;<\/p>\n<ul class=\"cds-List cds-List--Bulleted\">\n<li>Rechteckiges Brotbrett<\/li>\n<li>Herausnehmbarer Rost<\/li>\n<li>Handw\u00e4sche empfohlen<\/li>\n<li>Gr\u00f6sse: 40,5 x 24 x 30 cm<\/li>\n<li>Material: Schweizer Massivholz Ahorn + Buche FSC<\/li>\n<\/ul>\n<p>&nbsp;<\/p>\n<p>Das Atelier Passage begleitet Menschen mit gesundheitlichen Einschr\u00e4nkungen im Rahmen der beruflichen Integration auf ihrem Weg zur\u00fcck ins Berufsleben. In den Werkst\u00e4tten des Atelier Passage werden Arbeitspl\u00e4tze in den Arbeitsbereichen Holzmanufaktur und Dienstleistungen f\u00fcr Menschen mit vorwiegend psychisch bedingten Leistungseinschr\u00e4nkungen angeboten. Die Einschr\u00e4nkungen betreffen zum Beispiel die Belastbarkeit, die Sozialkompetenz, die Konstanz der Leistungen oder das mangelnde Selbstvertrauen.<\/p>\n<p>Die Arbeit im Atelier Passage unterst\u00fctzt die Betreuung durch externe Stellen in dem gemeinsamen Ziel der vermehrten Selbst\u00e4ndigkeit und dem verbesserten psychosozialen Gleichgewicht der Mitarbeitenden.<\/p>","protected":false},"excerpt":{"rendered":"<p>Hochwertiges Brot Schneidebrett mit herausnehmbarem Rost aus Schweizer Massivholz.<br \/>\nEdles Design aus lokaler, sozialer Herstellung.<\/p>\n<p>Masse: 40,5 x 24 x 3 cm<\/p>","protected":false},"featured_media":15836,"template":"","meta":{"ocean_post_layout":"","ocean_both_sidebars_style":"","ocean_both_sidebars_content_width":0,"ocean_both_sidebars_sidebars_width":0,"ocean_sidebar":"0","ocean_second_sidebar":"0","ocean_disable_margins":"enable","ocean_add_body_class":"","ocean_shortcode_before_top_bar":"","ocean_shortcode_after_top_bar":"","ocean_shortcode_before_header":"","ocean_shortcode_after_header":"","ocean_has_shortcode":"","ocean_shortcode_after_title":"","ocean_shortcode_before_footer_widgets":"","ocean_shortcode_after_footer_widgets":"","ocean_shortcode_before_footer_bottom":"","ocean_shortcode_after_footer_bottom":"","ocean_display_top_bar":"default","ocean_display_header":"default","ocean_header_style":"","ocean_center_header_left_menu":"0","ocean_custom_header_template":"0","ocean_custom_logo":0,"ocean_custom_retina_logo":0,"ocean_custom_logo_max_width":0,"ocean_custom_logo_tablet_max_width":0,"ocean_custom_logo_mobile_max_width":0,"ocean_custom_logo_max_height":0,"ocean_custom_logo_tablet_max_height":0,"ocean_custom_logo_mobile_max_height":0,"ocean_header_custom_menu":"0","ocean_menu_typo_font_family":"0","ocean_menu_typo_font_subset":"","ocean_menu_typo_font_size":0,"ocean_menu_typo_font_size_tablet":0,"ocean_menu_typo_font_size_mobile":0,"ocean_menu_typo_font_size_unit":"px","ocean_menu_typo_font_weight":"","ocean_menu_typo_font_weight_tablet":"","ocean_menu_typo_font_weight_mobile":"","ocean_menu_typo_transform":"","ocean_menu_typo_transform_tablet":"","ocean_menu_typo_transform_mobile":"","ocean_menu_typo_line_height":0,"ocean_menu_typo_line_height_tablet":0,"ocean_menu_typo_line_height_mobile":0,"ocean_menu_typo_line_height_unit":"","ocean_menu_typo_spacing":0,"ocean_menu_typo_spacing_tablet":0,"ocean_menu_typo_spacing_mobile":0,"ocean_menu_typo_spacing_unit":"","ocean_menu_link_color":"","ocean_menu_link_color_hover":"","ocean_menu_link_color_active":"","ocean_menu_link_background":"","ocean_menu_link_hover_background":"","ocean_menu_link_active_background":"","ocean_menu_social_links_bg":"","ocean_menu_social_hover_links_bg":"","ocean_menu_social_links_color":"","ocean_menu_social_hover_links_color":"","ocean_disable_title":"default","ocean_disable_heading":"default","ocean_post_title":"","ocean_post_subheading":"","ocean_post_title_style":"","ocean_post_title_background_color":"","ocean_post_title_background":0,"ocean_post_title_bg_image_position":"","ocean_post_title_bg_image_attachment":"","ocean_post_title_bg_image_repeat":"","ocean_post_title_bg_image_size":"","ocean_post_title_height":0,"ocean_post_title_bg_overlay":0.5,"ocean_post_title_bg_overlay_color":"","ocean_disable_breadcrumbs":"default","ocean_breadcrumbs_color":"","ocean_breadcrumbs_separator_color":"","ocean_breadcrumbs_links_color":"","ocean_breadcrumbs_links_hover_color":"","ocean_display_footer_widgets":"default","ocean_display_footer_bottom":"default","ocean_custom_footer_template":"0","ofc_meta_disable_footer_callout":"","ofc_meta_callout_button_url":"","ofc_meta_callout_button_txt":"","ofc_meta_callout_text":"","osh_disable_topbar_sticky":"default","osh_disable_header_sticky":"default","osh_sticky_header_style":"default","osh_sticky_header_effect":"","osh_custom_sticky_logo":0,"osh_custom_retina_sticky_logo":0,"osh_custom_sticky_logo_height":0,"osh_background_color":"","osh_links_color":"","osh_links_hover_color":"","osh_links_active_color":"","osh_links_bg_color":"","osh_links_hover_bg_color":"","osh_links_active_bg_color":"","osh_menu_social_links_color":"","osh_menu_social_hover_links_color":""},"product_brand":[],"product_cat":[66,61],"product_tag":[1146,1646,590,534,589],"class_list":{"0":"post-15835","1":"product","2":"type-product","3":"status-publish","4":"has-post-thumbnail","6":"product_cat-accessoires","7":"product_cat-haushalt-wohnen","8":"product_tag-atelier-passage","9":"product_tag-brotbrett","10":"product_tag-holzbrett","11":"product_tag-kueche","12":"product_tag-schneidebrett","13":"product_shipping_class-paket","15":"entry","16":"has-media","18":"first","19":"instock","20":"taxable","21":"shipping-taxable","22":"purchasable","23":"product-type-simple","24":"col","25":"span_1_of_3","26":"owp-content-center","27":"item-entry","28":"owp-thumbs-layout-horizontal","29":"owp-btn-normal","30":"owp-tabs-layout-horizontal","31":"circle-sale"},"yoast_head":"<!-- This site is optimized with the Yoast SEO plugin v27.4 - https:\/\/yoast.com\/product\/yoast-seo-wordpress\/ -->\n<title>Brotbrett Ahorn \/ Buche 40 cm - WeRecycle.ch | WR Group AG<\/title>\n<meta name=\"description\" content=\"Hochwertiges Brot Schneidebrett mit herausnehmbarem Rost aus Schweizer Massivholz.Edles Design aus lokaler, sozialer Herstellung. 40 x 24 cm\" \/>\n<meta name=\"robots\" content=\"index, follow, max-snippet:-1, max-image-preview:large, max-video-preview:-1\" \/>\n<link rel=\"canonical\" href=\"https:\/\/www.werecycle.ch\/en\/shop\/haushalt-wohnen\/accessoires\/brotbrett-ahorn-buche-fsc-40cm\/\" \/>\n<meta property=\"og:locale\" content=\"en_GB\" \/>\n<meta property=\"og:type\" content=\"article\" \/>\n<meta property=\"og:title\" content=\"Brotbrett Ahorn \/ Buche 40 cm - WeRecycle.ch | WR Group AG\" \/>\n<meta property=\"og:description\" content=\"Hochwertiges Brot Schneidebrett mit herausnehmbarem Rost aus Schweizer Massivholz.Edles Design aus lokaler, sozialer Herstellung. 40 x 24 cm\" \/>\n<meta property=\"og:url\" content=\"https:\/\/www.werecycle.ch\/en\/shop\/haushalt-wohnen\/accessoires\/brotbrett-ahorn-buche-fsc-40cm\/\" \/>\n<meta property=\"og:site_name\" content=\"WeRecycle.ch | WR Group AG\" \/>\n<meta property=\"article:publisher\" content=\"https:\/\/www.facebook.com\/www.werecycle.ch\" \/>\n<meta property=\"article:modified_time\" content=\"2024-07-17T13:47:03+00:00\" \/>\n<meta property=\"og:image\" content=\"https:\/\/www.werecycle.ch\/wp-content\/uploads\/2024\/01\/380908.webp\" \/>\n\t<meta property=\"og:image:width\" content=\"1000\" \/>\n\t<meta property=\"og:image:height\" content=\"1000\" \/>\n\t<meta property=\"og:image:type\" content=\"image\/webp\" \/>\n<meta name=\"twitter:card\" content=\"summary_large_image\" \/>\n<script type=\"application\/ld+json\" class=\"yoast-schema-graph\">{\"@context\":\"https:\\\/\\\/schema.org\",\"@graph\":[{\"@type\":\"WebPage\",\"@id\":\"https:\\\/\\\/www.werecycle.ch\\\/shop\\\/haushalt-wohnen\\\/accessoires\\\/brotbrett-ahorn-buche-fsc-40cm\\\/\",\"url\":\"https:\\\/\\\/www.werecycle.ch\\\/shop\\\/haushalt-wohnen\\\/accessoires\\\/brotbrett-ahorn-buche-fsc-40cm\\\/\",\"name\":\"Brotbrett Ahorn \\\/ Buche 40 cm - WeRecycle.ch | WR Group AG\",\"isPartOf\":{\"@id\":\"https:\\\/\\\/www.werecycle.ch\\\/de\\\/#website\"},\"primaryImageOfPage\":{\"@id\":\"https:\\\/\\\/www.werecycle.ch\\\/shop\\\/haushalt-wohnen\\\/accessoires\\\/brotbrett-ahorn-buche-fsc-40cm\\\/#primaryimage\"},\"image\":{\"@id\":\"https:\\\/\\\/www.werecycle.ch\\\/shop\\\/haushalt-wohnen\\\/accessoires\\\/brotbrett-ahorn-buche-fsc-40cm\\\/#primaryimage\"},\"thumbnailUrl\":\"https:\\\/\\\/www.werecycle.ch\\\/wp-content\\\/uploads\\\/2024\\\/01\\\/380908.webp\",\"datePublished\":\"2023-11-18T15:03:40+00:00\",\"dateModified\":\"2024-07-17T13:47:03+00:00\",\"description\":\"Hochwertiges Brot Schneidebrett mit herausnehmbarem Rost aus Schweizer Massivholz.Edles Design aus lokaler, sozialer Herstellung. 40 x 24 cm\",\"breadcrumb\":{\"@id\":\"https:\\\/\\\/www.werecycle.ch\\\/shop\\\/haushalt-wohnen\\\/accessoires\\\/brotbrett-ahorn-buche-fsc-40cm\\\/#breadcrumb\"},\"inLanguage\":\"en-GB\",\"potentialAction\":[{\"@type\":\"ReadAction\",\"target\":[\"https:\\\/\\\/www.werecycle.ch\\\/shop\\\/haushalt-wohnen\\\/accessoires\\\/brotbrett-ahorn-buche-fsc-40cm\\\/\"]}]},{\"@type\":\"ImageObject\",\"inLanguage\":\"en-GB\",\"@id\":\"https:\\\/\\\/www.werecycle.ch\\\/shop\\\/haushalt-wohnen\\\/accessoires\\\/brotbrett-ahorn-buche-fsc-40cm\\\/#primaryimage\",\"url\":\"https:\\\/\\\/www.werecycle.ch\\\/wp-content\\\/uploads\\\/2024\\\/01\\\/380908.webp\",\"contentUrl\":\"https:\\\/\\\/www.werecycle.ch\\\/wp-content\\\/uploads\\\/2024\\\/01\\\/380908.webp\",\"width\":1000,\"height\":1000},{\"@type\":\"BreadcrumbList\",\"@id\":\"https:\\\/\\\/www.werecycle.ch\\\/shop\\\/haushalt-wohnen\\\/accessoires\\\/brotbrett-ahorn-buche-fsc-40cm\\\/#breadcrumb\",\"itemListElement\":[{\"@type\":\"ListItem\",\"position\":1,\"name\":\"Startseite\",\"item\":\"https:\\\/\\\/www.werecycle.ch\\\/\"},{\"@type\":\"ListItem\",\"position\":2,\"name\":\"Shop\",\"item\":\"https:\\\/\\\/www.werecycle.ch\\\/de\\\/shop\\\/\"},{\"@type\":\"ListItem\",\"position\":3,\"name\":\"Brotbrett Ahorn \\\/ Buche 40 cm\"}]},{\"@type\":\"WebSite\",\"@id\":\"https:\\\/\\\/www.werecycle.ch\\\/de\\\/#website\",\"url\":\"https:\\\/\\\/www.werecycle.ch\\\/de\\\/\",\"name\":\"WeRecycle.ch | Recycling Services AG\",\"description\":\"\",\"publisher\":{\"@id\":\"https:\\\/\\\/www.werecycle.ch\\\/de\\\/#organization\"},\"potentialAction\":[{\"@type\":\"SearchAction\",\"target\":{\"@type\":\"EntryPoint\",\"urlTemplate\":\"https:\\\/\\\/www.werecycle.ch\\\/de\\\/?s={search_term_string}\"},\"query-input\":{\"@type\":\"PropertyValueSpecification\",\"valueRequired\":true,\"valueName\":\"search_term_string\"}}],\"inLanguage\":\"en-GB\"},{\"@type\":\"Organization\",\"@id\":\"https:\\\/\\\/www.werecycle.ch\\\/de\\\/#organization\",\"name\":\"WeRecycle.ch | Recycling Services AG\",\"url\":\"https:\\\/\\\/www.werecycle.ch\\\/de\\\/\",\"logo\":{\"@type\":\"ImageObject\",\"inLanguage\":\"en-GB\",\"@id\":\"https:\\\/\\\/www.werecycle.ch\\\/de\\\/#\\\/schema\\\/logo\\\/image\\\/\",\"url\":\"https:\\\/\\\/www.werecycle.ch\\\/wp-content\\\/uploads\\\/2022\\\/09\\\/logo_werecycle.webp\",\"contentUrl\":\"https:\\\/\\\/www.werecycle.ch\\\/wp-content\\\/uploads\\\/2022\\\/09\\\/logo_werecycle.webp\",\"width\":1423,\"height\":427,\"caption\":\"WeRecycle.ch | Recycling Services AG\"},\"image\":{\"@id\":\"https:\\\/\\\/www.werecycle.ch\\\/de\\\/#\\\/schema\\\/logo\\\/image\\\/\"},\"sameAs\":[\"https:\\\/\\\/www.facebook.com\\\/www.werecycle.ch\"]}]}<\/script>\n<!-- \/ Yoast SEO plugin. -->","yoast_head_json":{"title":"Brotbrett Ahorn \/ Buche 40 cm - WeRecycle.ch | WR Group AG","description":"Hochwertiges Brot Schneidebrett mit herausnehmbarem Rost aus Schweizer Massivholz.Edles Design aus lokaler, sozialer Herstellung. 40 x 24 cm","robots":{"index":"index","follow":"follow","max-snippet":"max-snippet:-1","max-image-preview":"max-image-preview:large","max-video-preview":"max-video-preview:-1"},"canonical":"https:\/\/www.werecycle.ch\/en\/shop\/haushalt-wohnen\/accessoires\/brotbrett-ahorn-buche-fsc-40cm\/","og_locale":"en_GB","og_type":"article","og_title":"Brotbrett Ahorn \/ Buche 40 cm - WeRecycle.ch | WR Group AG","og_description":"Hochwertiges Brot Schneidebrett mit herausnehmbarem Rost aus Schweizer Massivholz.Edles Design aus lokaler, sozialer Herstellung. 40 x 24 cm","og_url":"https:\/\/www.werecycle.ch\/en\/shop\/haushalt-wohnen\/accessoires\/brotbrett-ahorn-buche-fsc-40cm\/","og_site_name":"WeRecycle.ch | WR Group AG","article_publisher":"https:\/\/www.facebook.com\/www.werecycle.ch","article_modified_time":"2024-07-17T13:47:03+00:00","og_image":[{"width":1000,"height":1000,"url":"https:\/\/www.werecycle.ch\/wp-content\/uploads\/2024\/01\/380908.webp","type":"image\/webp"}],"twitter_card":"summary_large_image","schema":{"@context":"https:\/\/schema.org","@graph":[{"@type":"WebPage","@id":"https:\/\/www.werecycle.ch\/shop\/haushalt-wohnen\/accessoires\/brotbrett-ahorn-buche-fsc-40cm\/","url":"https:\/\/www.werecycle.ch\/shop\/haushalt-wohnen\/accessoires\/brotbrett-ahorn-buche-fsc-40cm\/","name":"Brotbrett Ahorn \/ Buche 40 cm - WeRecycle.ch | WR Group AG","isPartOf":{"@id":"https:\/\/www.werecycle.ch\/de\/#website"},"primaryImageOfPage":{"@id":"https:\/\/www.werecycle.ch\/shop\/haushalt-wohnen\/accessoires\/brotbrett-ahorn-buche-fsc-40cm\/#primaryimage"},"image":{"@id":"https:\/\/www.werecycle.ch\/shop\/haushalt-wohnen\/accessoires\/brotbrett-ahorn-buche-fsc-40cm\/#primaryimage"},"thumbnailUrl":"https:\/\/www.werecycle.ch\/wp-content\/uploads\/2024\/01\/380908.webp","datePublished":"2023-11-18T15:03:40+00:00","dateModified":"2024-07-17T13:47:03+00:00","description":"Hochwertiges Brot Schneidebrett mit herausnehmbarem Rost aus Schweizer Massivholz.Edles Design aus lokaler, sozialer Herstellung. 40 x 24 cm","breadcrumb":{"@id":"https:\/\/www.werecycle.ch\/shop\/haushalt-wohnen\/accessoires\/brotbrett-ahorn-buche-fsc-40cm\/#breadcrumb"},"inLanguage":"en-GB","potentialAction":[{"@type":"ReadAction","target":["https:\/\/www.werecycle.ch\/shop\/haushalt-wohnen\/accessoires\/brotbrett-ahorn-buche-fsc-40cm\/"]}]},{"@type":"ImageObject","inLanguage":"en-GB","@id":"https:\/\/www.werecycle.ch\/shop\/haushalt-wohnen\/accessoires\/brotbrett-ahorn-buche-fsc-40cm\/#primaryimage","url":"https:\/\/www.werecycle.ch\/wp-content\/uploads\/2024\/01\/380908.webp","contentUrl":"https:\/\/www.werecycle.ch\/wp-content\/uploads\/2024\/01\/380908.webp","width":1000,"height":1000},{"@type":"BreadcrumbList","@id":"https:\/\/www.werecycle.ch\/shop\/haushalt-wohnen\/accessoires\/brotbrett-ahorn-buche-fsc-40cm\/#breadcrumb","itemListElement":[{"@type":"ListItem","position":1,"name":"Startseite","item":"https:\/\/www.werecycle.ch\/"},{"@type":"ListItem","position":2,"name":"Shop","item":"https:\/\/www.werecycle.ch\/de\/shop\/"},{"@type":"ListItem","position":3,"name":"Brotbrett Ahorn \/ Buche 40 cm"}]},{"@type":"WebSite","@id":"https:\/\/www.werecycle.ch\/de\/#website","url":"https:\/\/www.werecycle.ch\/de\/","name":"WeRecycle.ch | Recycling Services AG","description":"","publisher":{"@id":"https:\/\/www.werecycle.ch\/de\/#organization"},"potentialAction":[{"@type":"SearchAction","target":{"@type":"EntryPoint","urlTemplate":"https:\/\/www.werecycle.ch\/de\/?s={search_term_string}"},"query-input":{"@type":"PropertyValueSpecification","valueRequired":true,"valueName":"search_term_string"}}],"inLanguage":"en-GB"},{"@type":"Organization","@id":"https:\/\/www.werecycle.ch\/de\/#organization","name":"WeRecycle.ch | Recycling Services AG","url":"https:\/\/www.werecycle.ch\/de\/","logo":{"@type":"ImageObject","inLanguage":"en-GB","@id":"https:\/\/www.werecycle.ch\/de\/#\/schema\/logo\/image\/","url":"https:\/\/www.werecycle.ch\/wp-content\/uploads\/2022\/09\/logo_werecycle.webp","contentUrl":"https:\/\/www.werecycle.ch\/wp-content\/uploads\/2022\/09\/logo_werecycle.webp","width":1423,"height":427,"caption":"WeRecycle.ch | Recycling Services AG"},"image":{"@id":"https:\/\/www.werecycle.ch\/de\/#\/schema\/logo\/image\/"},"sameAs":["https:\/\/www.facebook.com\/www.werecycle.ch"]}]}},"tiered_pricing_type":"fixed","tiered_pricing_fixed_rules":[],"tiered_pricing_product_settings":{"layout":"default","base_unit_name":{"singular":null,"plural":null},"default_variation":null},"tiered_pricing_minimum_quantity":null,"tiered_pricing_roles_data":[],"tiered_pricing_percentage_rules":[],"_links":{"self":[{"href":"https:\/\/www.werecycle.ch\/en\/wp-json\/wp\/v2\/product\/15835","targetHints":{"allow":["GET"]}}],"collection":[{"href":"https:\/\/www.werecycle.ch\/en\/wp-json\/wp\/v2\/product"}],"about":[{"href":"https:\/\/www.werecycle.ch\/en\/wp-json\/wp\/v2\/types\/product"}],"wp:featuredmedia":[{"embeddable":true,"href":"https:\/\/www.werecycle.ch\/en\/wp-json\/wp\/v2\/media\/15836"}],"wp:attachment":[{"href":"https:\/\/www.werecycle.ch\/en\/wp-json\/wp\/v2\/media?parent=15835"}],"wp:term":[{"taxonomy":"product_brand","embeddable":true,"href":"https:\/\/www.werecycle.ch\/en\/wp-json\/wp\/v2\/product_brand?post=15835"},{"taxonomy":"product_cat","embeddable":true,"href":"https:\/\/www.werecycle.ch\/en\/wp-json\/wp\/v2\/product_cat?post=15835"},{"taxonomy":"product_tag","embeddable":true,"href":"https:\/\/www.werecycle.ch\/en\/wp-json\/wp\/v2\/product_tag?post=15835"}],"curies":[{"name":"wp","href":"https:\/\/api.w.org\/{rel}","templated":true}]}}