{"id":13186,"date":"2023-10-17T08:05:19","date_gmt":"2023-10-17T06:05:19","guid":{"rendered":"https:\/\/www.werecycle.ch\/?post_type=product&#038;p=13186"},"modified":"2024-10-15T08:16:39","modified_gmt":"2024-10-15T07:16:39","slug":"avakuk-sammelbox-aluminium-110-liter","status":"publish","type":"product","link":"https:\/\/www.werecycle.ch\/en\/shop\/recycling-entsorgung\/sammelboxen\/avakuk-sammelbox-aluminium-110-liter\/","title":{"rendered":"avakuk\u00ae Sammelbox Aluminium 110 Liter"},"content":{"rendered":"<p>Ein hochwertiger avakuk\u00ae 110l Recyclingbeh\u00e4lter aus Aluminium, der sich super in jegliche R\u00e4umlichkeiten einfinden wird. Die Recyclingbox eignet sich besonders f\u00fcr Schulen und andere \u00f6ffentliche Geb\u00e4ude, welche die Brandschutzbestimmungen einhalten m\u00fcssen. Der Beh\u00e4lter wird zu 100% in der Schweiz entwickelt, designt und hergestellt.<\/p>\n<p>&nbsp;<\/p>\n<ul>\n<li>Volumen: 110 Liter<\/li>\n<li>Gewicht: 6.3 Kg<\/li>\n<li>Masse: 350 x 350 x 850 mm<\/li>\n<li>Verwendung: Innen- und Aussenbereich<\/li>\n<li>Material: Eloxiertes Aluminium<\/li>\n<li>Brandschutzklasse: A<\/li>\n<li>Geeignet f\u00fcr: Schulen, \u00f6ffentliche Geb\u00e4ude, Unternehmen<\/li>\n<li>Swiss Made<\/li>\n<li>Hersteller: avakuk\u00ae<\/li>\n<\/ul>","protected":false},"excerpt":{"rendered":"<p>Edle Sammelbox aus Aluminium mit Einwurf und optionalem Schwenkdeckel.<br \/>\nHandgefertigt in der Schweiz.<\/p>\n<p><strong>Lieferdauer: 1-3 Wochen<br \/>\nMengenrabatt: ab 3 St\u00fcck<\/strong><\/p>","protected":false},"featured_media":13189,"template":"","meta":{"ocean_post_layout":"","ocean_both_sidebars_style":"","ocean_both_sidebars_content_width":0,"ocean_both_sidebars_sidebars_width":0,"ocean_sidebar":"0","ocean_second_sidebar":"0","ocean_disable_margins":"enable","ocean_add_body_class":"","ocean_shortcode_before_top_bar":"","ocean_shortcode_after_top_bar":"","ocean_shortcode_before_header":"","ocean_shortcode_after_header":"","ocean_has_shortcode":"","ocean_shortcode_after_title":"","ocean_shortcode_before_footer_widgets":"","ocean_shortcode_after_footer_widgets":"","ocean_shortcode_before_footer_bottom":"","ocean_shortcode_after_footer_bottom":"","ocean_display_top_bar":"default","ocean_display_header":"default","ocean_header_style":"","ocean_center_header_left_menu":"0","ocean_custom_header_template":"0","ocean_custom_logo":0,"ocean_custom_retina_logo":0,"ocean_custom_logo_max_width":0,"ocean_custom_logo_tablet_max_width":0,"ocean_custom_logo_mobile_max_width":0,"ocean_custom_logo_max_height":0,"ocean_custom_logo_tablet_max_height":0,"ocean_custom_logo_mobile_max_height":0,"ocean_header_custom_menu":"0","ocean_menu_typo_font_family":"0","ocean_menu_typo_font_subset":"","ocean_menu_typo_font_size":0,"ocean_menu_typo_font_size_tablet":0,"ocean_menu_typo_font_size_mobile":0,"ocean_menu_typo_font_size_unit":"px","ocean_menu_typo_font_weight":"","ocean_menu_typo_font_weight_tablet":"","ocean_menu_typo_font_weight_mobile":"","ocean_menu_typo_transform":"","ocean_menu_typo_transform_tablet":"","ocean_menu_typo_transform_mobile":"","ocean_menu_typo_line_height":0,"ocean_menu_typo_line_height_tablet":0,"ocean_menu_typo_line_height_mobile":0,"ocean_menu_typo_line_height_unit":"","ocean_menu_typo_spacing":0,"ocean_menu_typo_spacing_tablet":0,"ocean_menu_typo_spacing_mobile":0,"ocean_menu_typo_spacing_unit":"","ocean_menu_link_color":"","ocean_menu_link_color_hover":"","ocean_menu_link_color_active":"","ocean_menu_link_background":"","ocean_menu_link_hover_background":"","ocean_menu_link_active_background":"","ocean_menu_social_links_bg":"","ocean_menu_social_hover_links_bg":"","ocean_menu_social_links_color":"","ocean_menu_social_hover_links_color":"","ocean_disable_title":"default","ocean_disable_heading":"default","ocean_post_title":"","ocean_post_subheading":"","ocean_post_title_style":"","ocean_post_title_background_color":"","ocean_post_title_background":0,"ocean_post_title_bg_image_position":"","ocean_post_title_bg_image_attachment":"","ocean_post_title_bg_image_repeat":"","ocean_post_title_bg_image_size":"","ocean_post_title_height":0,"ocean_post_title_bg_overlay":0.5,"ocean_post_title_bg_overlay_color":"","ocean_disable_breadcrumbs":"default","ocean_breadcrumbs_color":"","ocean_breadcrumbs_separator_color":"","ocean_breadcrumbs_links_color":"","ocean_breadcrumbs_links_hover_color":"","ocean_display_footer_widgets":"default","ocean_display_footer_bottom":"default","ocean_custom_footer_template":"0","ofc_meta_disable_footer_callout":"","ofc_meta_callout_button_url":"","ofc_meta_callout_button_txt":"","ofc_meta_callout_text":"","osh_disable_topbar_sticky":"default","osh_disable_header_sticky":"default","osh_sticky_header_style":"default","osh_sticky_header_effect":"","osh_custom_sticky_logo":0,"osh_custom_retina_sticky_logo":0,"osh_custom_sticky_logo_height":0,"osh_background_color":"","osh_links_color":"","osh_links_hover_color":"","osh_links_active_color":"","osh_links_bg_color":"","osh_links_hover_bg_color":"","osh_links_active_bg_color":"","osh_menu_social_links_color":"","osh_menu_social_hover_links_color":""},"product_brand":[],"product_cat":[495,99],"product_tag":[791,790,1314,1313,1315,512,1312,224],"class_list":{"0":"post-13186","1":"product","2":"type-product","3":"status-publish","4":"has-post-thumbnail","6":"product_cat-abfalleimer","7":"product_cat-sammelboxen","8":"product_tag-alu","9":"product_tag-aluminium","10":"product_tag-behaelter","11":"product_tag-einwurfbox","12":"product_tag-feuerfest","13":"product_tag-recyclingbehaelter","14":"product_tag-recyclingbox","15":"product_tag-sammelbox","17":"entry","18":"has-media","20":"first","21":"instock","22":"taxable","23":"shipping-taxable","24":"purchasable","25":"product-type-variable","26":"has-default-attributes","27":"col","28":"span_1_of_3","29":"owp-content-center","30":"item-entry","31":"owp-thumbs-layout-horizontal","32":"owp-btn-normal","33":"owp-tabs-layout-horizontal","34":"circle-sale"},"yoast_head":"<!-- This site is optimized with the Yoast SEO plugin v27.4 - https:\/\/yoast.com\/product\/yoast-seo-wordpress\/ -->\n<title>avakuk\u00ae Sammelbox Aluminium 110 Liter - WeRecycle.ch | WR Group AG<\/title>\n<meta name=\"description\" content=\"Edle Sammelbox aus Aluminium mit Einwurf. Handgefertigt in der Schweiz. 110 Liter Volumen, geeignet f\u00fcr den Innen- und Aussenbereich. Brandschutzklasse A\" \/>\n<meta name=\"robots\" content=\"index, follow, max-snippet:-1, max-image-preview:large, max-video-preview:-1\" \/>\n<link rel=\"canonical\" href=\"https:\/\/www.werecycle.ch\/en\/shop\/recycling-entsorgung\/sammelboxen\/avakuk-sammelbox-aluminium-110-liter\/\" \/>\n<meta property=\"og:locale\" content=\"en_GB\" \/>\n<meta property=\"og:type\" content=\"article\" \/>\n<meta property=\"og:title\" content=\"avakuk\u00ae Sammelbox Aluminium 110 Liter - WeRecycle.ch | WR Group AG\" \/>\n<meta property=\"og:description\" content=\"Edle Sammelbox aus Aluminium mit Einwurf. Handgefertigt in der Schweiz. 110 Liter Volumen, geeignet f\u00fcr den Innen- und Aussenbereich. Brandschutzklasse A\" \/>\n<meta property=\"og:url\" content=\"https:\/\/www.werecycle.ch\/en\/shop\/recycling-entsorgung\/sammelboxen\/avakuk-sammelbox-aluminium-110-liter\/\" \/>\n<meta property=\"og:site_name\" content=\"WeRecycle.ch | WR Group AG\" \/>\n<meta property=\"article:publisher\" content=\"https:\/\/www.facebook.com\/www.werecycle.ch\" \/>\n<meta property=\"article:modified_time\" content=\"2024-10-15T07:16:39+00:00\" \/>\n<meta property=\"og:image\" content=\"https:\/\/www.werecycle.ch\/wp-content\/uploads\/2023\/10\/148733.webp\" \/>\n\t<meta property=\"og:image:width\" content=\"900\" \/>\n\t<meta property=\"og:image:height\" content=\"900\" \/>\n\t<meta property=\"og:image:type\" content=\"image\/webp\" \/>\n<meta name=\"twitter:card\" content=\"summary_large_image\" \/>\n<script type=\"application\/ld+json\" class=\"yoast-schema-graph\">{\"@context\":\"https:\\\/\\\/schema.org\",\"@graph\":[{\"@type\":\"WebPage\",\"@id\":\"https:\\\/\\\/www.werecycle.ch\\\/shop\\\/recycling-entsorgung\\\/sammelboxen\\\/avakuk-sammelbox-aluminium-110-liter\\\/\",\"url\":\"https:\\\/\\\/www.werecycle.ch\\\/shop\\\/recycling-entsorgung\\\/sammelboxen\\\/avakuk-sammelbox-aluminium-110-liter\\\/\",\"name\":\"avakuk\u00ae Sammelbox Aluminium 110 Liter - WeRecycle.ch | WR Group AG\",\"isPartOf\":{\"@id\":\"https:\\\/\\\/www.werecycle.ch\\\/de\\\/#website\"},\"primaryImageOfPage\":{\"@id\":\"https:\\\/\\\/www.werecycle.ch\\\/shop\\\/recycling-entsorgung\\\/sammelboxen\\\/avakuk-sammelbox-aluminium-110-liter\\\/#primaryimage\"},\"image\":{\"@id\":\"https:\\\/\\\/www.werecycle.ch\\\/shop\\\/recycling-entsorgung\\\/sammelboxen\\\/avakuk-sammelbox-aluminium-110-liter\\\/#primaryimage\"},\"thumbnailUrl\":\"https:\\\/\\\/www.werecycle.ch\\\/wp-content\\\/uploads\\\/2023\\\/10\\\/148733.webp\",\"datePublished\":\"2023-10-17T06:05:19+00:00\",\"dateModified\":\"2024-10-15T07:16:39+00:00\",\"description\":\"Edle Sammelbox aus Aluminium mit Einwurf. Handgefertigt in der Schweiz. 110 Liter Volumen, geeignet f\u00fcr den Innen- und Aussenbereich. Brandschutzklasse A\",\"breadcrumb\":{\"@id\":\"https:\\\/\\\/www.werecycle.ch\\\/shop\\\/recycling-entsorgung\\\/sammelboxen\\\/avakuk-sammelbox-aluminium-110-liter\\\/#breadcrumb\"},\"inLanguage\":\"en-GB\",\"potentialAction\":[{\"@type\":\"ReadAction\",\"target\":[\"https:\\\/\\\/www.werecycle.ch\\\/shop\\\/recycling-entsorgung\\\/sammelboxen\\\/avakuk-sammelbox-aluminium-110-liter\\\/\"]}]},{\"@type\":\"ImageObject\",\"inLanguage\":\"en-GB\",\"@id\":\"https:\\\/\\\/www.werecycle.ch\\\/shop\\\/recycling-entsorgung\\\/sammelboxen\\\/avakuk-sammelbox-aluminium-110-liter\\\/#primaryimage\",\"url\":\"https:\\\/\\\/www.werecycle.ch\\\/wp-content\\\/uploads\\\/2023\\\/10\\\/148733.webp\",\"contentUrl\":\"https:\\\/\\\/www.werecycle.ch\\\/wp-content\\\/uploads\\\/2023\\\/10\\\/148733.webp\",\"width\":900,\"height\":900},{\"@type\":\"BreadcrumbList\",\"@id\":\"https:\\\/\\\/www.werecycle.ch\\\/shop\\\/recycling-entsorgung\\\/sammelboxen\\\/avakuk-sammelbox-aluminium-110-liter\\\/#breadcrumb\",\"itemListElement\":[{\"@type\":\"ListItem\",\"position\":1,\"name\":\"Startseite\",\"item\":\"https:\\\/\\\/www.werecycle.ch\\\/\"},{\"@type\":\"ListItem\",\"position\":2,\"name\":\"Shop\",\"item\":\"https:\\\/\\\/www.werecycle.ch\\\/de\\\/shop\\\/\"},{\"@type\":\"ListItem\",\"position\":3,\"name\":\"avakuk\u00ae Sammelbox Aluminium 110 Liter\"}]},{\"@type\":\"WebSite\",\"@id\":\"https:\\\/\\\/www.werecycle.ch\\\/de\\\/#website\",\"url\":\"https:\\\/\\\/www.werecycle.ch\\\/de\\\/\",\"name\":\"WeRecycle.ch | Recycling Services AG\",\"description\":\"\",\"publisher\":{\"@id\":\"https:\\\/\\\/www.werecycle.ch\\\/de\\\/#organization\"},\"potentialAction\":[{\"@type\":\"SearchAction\",\"target\":{\"@type\":\"EntryPoint\",\"urlTemplate\":\"https:\\\/\\\/www.werecycle.ch\\\/de\\\/?s={search_term_string}\"},\"query-input\":{\"@type\":\"PropertyValueSpecification\",\"valueRequired\":true,\"valueName\":\"search_term_string\"}}],\"inLanguage\":\"en-GB\"},{\"@type\":\"Organization\",\"@id\":\"https:\\\/\\\/www.werecycle.ch\\\/de\\\/#organization\",\"name\":\"WeRecycle.ch | Recycling Services AG\",\"url\":\"https:\\\/\\\/www.werecycle.ch\\\/de\\\/\",\"logo\":{\"@type\":\"ImageObject\",\"inLanguage\":\"en-GB\",\"@id\":\"https:\\\/\\\/www.werecycle.ch\\\/de\\\/#\\\/schema\\\/logo\\\/image\\\/\",\"url\":\"https:\\\/\\\/www.werecycle.ch\\\/wp-content\\\/uploads\\\/2022\\\/09\\\/logo_werecycle.webp\",\"contentUrl\":\"https:\\\/\\\/www.werecycle.ch\\\/wp-content\\\/uploads\\\/2022\\\/09\\\/logo_werecycle.webp\",\"width\":1423,\"height\":427,\"caption\":\"WeRecycle.ch | Recycling Services AG\"},\"image\":{\"@id\":\"https:\\\/\\\/www.werecycle.ch\\\/de\\\/#\\\/schema\\\/logo\\\/image\\\/\"},\"sameAs\":[\"https:\\\/\\\/www.facebook.com\\\/www.werecycle.ch\"]}]}<\/script>\n<!-- \/ Yoast SEO plugin. -->","yoast_head_json":{"title":"avakuk\u00ae Sammelbox Aluminium 110 Liter - WeRecycle.ch | WR Group AG","description":"Edle Sammelbox aus Aluminium mit Einwurf. Handgefertigt in der Schweiz. 110 Liter Volumen, geeignet f\u00fcr den Innen- und Aussenbereich. Brandschutzklasse A","robots":{"index":"index","follow":"follow","max-snippet":"max-snippet:-1","max-image-preview":"max-image-preview:large","max-video-preview":"max-video-preview:-1"},"canonical":"https:\/\/www.werecycle.ch\/en\/shop\/recycling-entsorgung\/sammelboxen\/avakuk-sammelbox-aluminium-110-liter\/","og_locale":"en_GB","og_type":"article","og_title":"avakuk\u00ae Sammelbox Aluminium 110 Liter - WeRecycle.ch | WR Group AG","og_description":"Edle Sammelbox aus Aluminium mit Einwurf. Handgefertigt in der Schweiz. 110 Liter Volumen, geeignet f\u00fcr den Innen- und Aussenbereich. Brandschutzklasse A","og_url":"https:\/\/www.werecycle.ch\/en\/shop\/recycling-entsorgung\/sammelboxen\/avakuk-sammelbox-aluminium-110-liter\/","og_site_name":"WeRecycle.ch | WR Group AG","article_publisher":"https:\/\/www.facebook.com\/www.werecycle.ch","article_modified_time":"2024-10-15T07:16:39+00:00","og_image":[{"width":900,"height":900,"url":"https:\/\/www.werecycle.ch\/wp-content\/uploads\/2023\/10\/148733.webp","type":"image\/webp"}],"twitter_card":"summary_large_image","schema":{"@context":"https:\/\/schema.org","@graph":[{"@type":"WebPage","@id":"https:\/\/www.werecycle.ch\/shop\/recycling-entsorgung\/sammelboxen\/avakuk-sammelbox-aluminium-110-liter\/","url":"https:\/\/www.werecycle.ch\/shop\/recycling-entsorgung\/sammelboxen\/avakuk-sammelbox-aluminium-110-liter\/","name":"avakuk\u00ae Sammelbox Aluminium 110 Liter - WeRecycle.ch | WR Group AG","isPartOf":{"@id":"https:\/\/www.werecycle.ch\/de\/#website"},"primaryImageOfPage":{"@id":"https:\/\/www.werecycle.ch\/shop\/recycling-entsorgung\/sammelboxen\/avakuk-sammelbox-aluminium-110-liter\/#primaryimage"},"image":{"@id":"https:\/\/www.werecycle.ch\/shop\/recycling-entsorgung\/sammelboxen\/avakuk-sammelbox-aluminium-110-liter\/#primaryimage"},"thumbnailUrl":"https:\/\/www.werecycle.ch\/wp-content\/uploads\/2023\/10\/148733.webp","datePublished":"2023-10-17T06:05:19+00:00","dateModified":"2024-10-15T07:16:39+00:00","description":"Edle Sammelbox aus Aluminium mit Einwurf. Handgefertigt in der Schweiz. 110 Liter Volumen, geeignet f\u00fcr den Innen- und Aussenbereich. Brandschutzklasse A","breadcrumb":{"@id":"https:\/\/www.werecycle.ch\/shop\/recycling-entsorgung\/sammelboxen\/avakuk-sammelbox-aluminium-110-liter\/#breadcrumb"},"inLanguage":"en-GB","potentialAction":[{"@type":"ReadAction","target":["https:\/\/www.werecycle.ch\/shop\/recycling-entsorgung\/sammelboxen\/avakuk-sammelbox-aluminium-110-liter\/"]}]},{"@type":"ImageObject","inLanguage":"en-GB","@id":"https:\/\/www.werecycle.ch\/shop\/recycling-entsorgung\/sammelboxen\/avakuk-sammelbox-aluminium-110-liter\/#primaryimage","url":"https:\/\/www.werecycle.ch\/wp-content\/uploads\/2023\/10\/148733.webp","contentUrl":"https:\/\/www.werecycle.ch\/wp-content\/uploads\/2023\/10\/148733.webp","width":900,"height":900},{"@type":"BreadcrumbList","@id":"https:\/\/www.werecycle.ch\/shop\/recycling-entsorgung\/sammelboxen\/avakuk-sammelbox-aluminium-110-liter\/#breadcrumb","itemListElement":[{"@type":"ListItem","position":1,"name":"Startseite","item":"https:\/\/www.werecycle.ch\/"},{"@type":"ListItem","position":2,"name":"Shop","item":"https:\/\/www.werecycle.ch\/de\/shop\/"},{"@type":"ListItem","position":3,"name":"avakuk\u00ae Sammelbox Aluminium 110 Liter"}]},{"@type":"WebSite","@id":"https:\/\/www.werecycle.ch\/de\/#website","url":"https:\/\/www.werecycle.ch\/de\/","name":"WeRecycle.ch | Recycling Services AG","description":"","publisher":{"@id":"https:\/\/www.werecycle.ch\/de\/#organization"},"potentialAction":[{"@type":"SearchAction","target":{"@type":"EntryPoint","urlTemplate":"https:\/\/www.werecycle.ch\/de\/?s={search_term_string}"},"query-input":{"@type":"PropertyValueSpecification","valueRequired":true,"valueName":"search_term_string"}}],"inLanguage":"en-GB"},{"@type":"Organization","@id":"https:\/\/www.werecycle.ch\/de\/#organization","name":"WeRecycle.ch | Recycling Services AG","url":"https:\/\/www.werecycle.ch\/de\/","logo":{"@type":"ImageObject","inLanguage":"en-GB","@id":"https:\/\/www.werecycle.ch\/de\/#\/schema\/logo\/image\/","url":"https:\/\/www.werecycle.ch\/wp-content\/uploads\/2022\/09\/logo_werecycle.webp","contentUrl":"https:\/\/www.werecycle.ch\/wp-content\/uploads\/2022\/09\/logo_werecycle.webp","width":1423,"height":427,"caption":"WeRecycle.ch | Recycling Services AG"},"image":{"@id":"https:\/\/www.werecycle.ch\/de\/#\/schema\/logo\/image\/"},"sameAs":["https:\/\/www.facebook.com\/www.werecycle.ch"]}]}},"tiered_pricing_type":"fixed","tiered_pricing_fixed_rules":[],"tiered_pricing_product_settings":{"layout":"default","base_unit_name":{"singular":null,"plural":null},"default_variation":null},"tiered_pricing_minimum_quantity":null,"tiered_pricing_roles_data":[],"tiered_pricing_percentage_rules":[],"_links":{"self":[{"href":"https:\/\/www.werecycle.ch\/en\/wp-json\/wp\/v2\/product\/13186","targetHints":{"allow":["GET"]}}],"collection":[{"href":"https:\/\/www.werecycle.ch\/en\/wp-json\/wp\/v2\/product"}],"about":[{"href":"https:\/\/www.werecycle.ch\/en\/wp-json\/wp\/v2\/types\/product"}],"wp:featuredmedia":[{"embeddable":true,"href":"https:\/\/www.werecycle.ch\/en\/wp-json\/wp\/v2\/media\/13189"}],"wp:attachment":[{"href":"https:\/\/www.werecycle.ch\/en\/wp-json\/wp\/v2\/media?parent=13186"}],"wp:term":[{"taxonomy":"product_brand","embeddable":true,"href":"https:\/\/www.werecycle.ch\/en\/wp-json\/wp\/v2\/product_brand?post=13186"},{"taxonomy":"product_cat","embeddable":true,"href":"https:\/\/www.werecycle.ch\/en\/wp-json\/wp\/v2\/product_cat?post=13186"},{"taxonomy":"product_tag","embeddable":true,"href":"https:\/\/www.werecycle.ch\/en\/wp-json\/wp\/v2\/product_tag?post=13186"}],"curies":[{"name":"wp","href":"https:\/\/api.w.org\/{rel}","templated":true}]}}