{"id":12677,"date":"2023-07-27T13:05:49","date_gmt":"2023-07-27T11:05:49","guid":{"rendered":"https:\/\/www.werecycle.ch\/?post_type=product&#038;p=12677"},"modified":"2025-07-31T12:33:05","modified_gmt":"2025-07-31T11:33:05","slug":"sanatur-bio-omega-3-90-kapseln","status":"publish","type":"product","link":"https:\/\/www.werecycle.ch\/en\/shop\/wohlbefinden-wellness\/nahrungsergaenzung\/sanatur-bio-omega-3-90-kapseln\/","title":{"rendered":"Sanatur BIO Omega-3, 90 Kapseln"},"content":{"rendered":"<p><strong>CHOLESTERINSPIEGEL*<\/strong><\/p>\n<p><strong>Omega-3 pflanzlich, BIO<\/strong><\/p>\n<p>Bio Nahrungserg\u00e4nzungsmittel mit Alpha-Linolens\u00e4ure<\/p>\n<p>&nbsp;<\/p>\n<p><strong>Alpha-Linolens\u00e4ure (ALA) aus Perilla-\u00d6l (Wilder Sesam)<\/strong><br \/>\nOmega-3 Fetts\u00e4uren, z\u00e4hlen zu den unges\u00e4ttigten Fetts\u00e4uren und \u00fcbernehmen wichtige Aufgaben im K\u00f6rper. Sie geh\u00f6ren in jede gesunde, vollwertige Ern\u00e4hrung. Ein Vertreter dieser Gruppe ist die Alpha-Linolens\u00e4ure (ALA). Das \u00d6l der Perillasamen enth\u00e4lt viel von dieser wertvollen Fetts\u00e4ure. F\u00fcr uns werden die reifen Samen schonend und kalt gepresst und pur in Zellulose-Kapseln gef\u00fcllt. Das ist etwas Besonderes, denn bisher werden \u00d6le in Gelatinekapseln oder in eine aufwendig hergestellte Kapsel auf Maisbasis unter Verwendung von Carragen gef\u00fcllt. Durch das neue Verfahren k\u00f6nnen wir das hochwertige Bio-Perilla-\u00d6l nun sicher und gut gesch\u00fctzt in eine reine Zellulose-Kapsel packen.<\/p>\n<p><strong>Bio-Qualit\u00e4t\u00a0\u00a0 \u2022 Pflanzlich\u00a0\u00a0 \u2022 Vegan\u00a0\u00a0 \u2022 Glutenfrei\u00a0\u00a0 \u2022 Laktosefrei\u00a0\u00a0 \u2022 Carrageenfrei\u00a0\u00a0 \u2022 Pflanzliche Kapselh\u00fclle<\/strong><br \/>\nJEDE Produktlieferung wird unabh\u00e4ngig in Deutschland kontrolliert auf: Pestizide, Schwermetalle und Mikrobiologie<\/p>\n<p><img decoding=\"async\" src=\"https:\/\/shop.sanatur.de\/media\/images\/org\/Qualitaetslogos_SanaturShop_1.jpg\" alt=\"\" \/><\/p>\n<ul>\n<li><strong>*Alpha-Linolens\u00e4ure (ALA) tr\u00e4gt\u00a0<\/strong><strong>zur Aufrechterhaltung eines normalen Cholesterinspiegels im Blut bei<\/strong><\/li>\n<\/ul>\n<p><strong>Das Besondere an Sanatur Omega-3 pflanzlich BIO:<\/strong><br \/>\n&#8211;\u00a0 100% pflanzlich\/vegan<br \/>\n&#8211;\u00a0 aus Perillasamen (Schwarznessel) aus kontrolliert biologischem Anbau<br \/>\n&#8211;\u00a0 \u00d6l &#8211; kaltgepresst und unter Sauerstoffausschluss verarbeitet<br \/>\n&#8211;\u00a0 ca. 330 mg Alpha-Linolens\u00e4ure pro Kapsel<br \/>\n&#8211;\u00a0 vegane Kapsel ohne Carrageen<br \/>\n&#8211;\u00a0 Kapselinhalt frei von Zusatzstoffen<\/p>\n<p>&nbsp;<\/p>\n<h3><strong>PRODUKTDATEN<\/strong><\/h3>\n<p><strong>Zutaten:<\/strong><span style=\"font-size: 16px\"> Bio-Perilla\u00f6l (Perilla frutescens) 84 %, Hydroxypropylmethylcellulose (Kapselh\u00fclle)<br \/>\n<\/span>DE-\u00d6KO-001<br \/>\nNicht-EU-Landwirtschaft<\/p>\n<p><strong>Verzehrempfehlung:\u00a0<\/strong>3 Kapseln t\u00e4glich mit reichlich Fl\u00fcssigkeit verzehren<br \/>\n<strong>Darreichungsform:<\/strong>\u00a0pflanzliche Kapsel<br \/>\n<strong>Verpackung:<\/strong>\u00a0Braunglas<br \/>\n<strong>Inhalt:<\/strong>\u00a090 Kapseln = 53 g<\/p>\n<p>&nbsp;<\/p>\n<p><img fetchpriority=\"high\" decoding=\"async\" class=\"alignnone wp-image-12678 size-full\" src=\"https:\/\/www.werecycle.ch\/wp-content\/uploads\/2023\/09\/700842-3.webp\" alt=\"\" width=\"1015\" height=\"259\" srcset=\"https:\/\/www.werecycle.ch\/wp-content\/uploads\/2023\/09\/700842-3.webp 1015w, https:\/\/www.werecycle.ch\/wp-content\/uploads\/2023\/09\/700842-3-300x77.webp 300w, https:\/\/www.werecycle.ch\/wp-content\/uploads\/2023\/09\/700842-3-768x196.webp 768w, https:\/\/www.werecycle.ch\/wp-content\/uploads\/2023\/09\/700842-3-18x5.webp 18w, https:\/\/www.werecycle.ch\/wp-content\/uploads\/2023\/09\/700842-3-504x129.webp 504w\" sizes=\"(max-width: 1015px) 100vw, 1015px\" \/><\/p>\n<p>&nbsp;<\/p>\n<p>Nahrungserg\u00e4nzungsmittel dienen nicht als Ersatz f\u00fcr eine ausgewogene und abwechslungsreiche Ern\u00e4hrung sowie eine gesunde Lebensweise. Nicht in Reichweite kleiner Kinder aufbewahren. Die empfohlene Tagesdosis darf nicht \u00fcberschritten werden. Lichtgesch\u00fctzt, k\u00fchl und trocken aufbewahren.<\/p>","protected":false},"excerpt":{"rendered":"<p>CHOLESTERINSPIEGEL*<br \/>\nOmega-3 pflanzlich, BIO<br \/>\nBio Nahrungserg\u00e4nzungsmittel mit Alpha-Linolens\u00e4ure<\/p>","protected":false},"featured_media":12679,"template":"","meta":{"ocean_post_layout":"","ocean_both_sidebars_style":"","ocean_both_sidebars_content_width":0,"ocean_both_sidebars_sidebars_width":0,"ocean_sidebar":"0","ocean_second_sidebar":"0","ocean_disable_margins":"enable","ocean_add_body_class":"","ocean_shortcode_before_top_bar":"","ocean_shortcode_after_top_bar":"","ocean_shortcode_before_header":"","ocean_shortcode_after_header":"","ocean_has_shortcode":"","ocean_shortcode_after_title":"","ocean_shortcode_before_footer_widgets":"","ocean_shortcode_after_footer_widgets":"","ocean_shortcode_before_footer_bottom":"","ocean_shortcode_after_footer_bottom":"","ocean_display_top_bar":"default","ocean_display_header":"default","ocean_header_style":"","ocean_center_header_left_menu":"0","ocean_custom_header_template":"0","ocean_custom_logo":0,"ocean_custom_retina_logo":0,"ocean_custom_logo_max_width":0,"ocean_custom_logo_tablet_max_width":0,"ocean_custom_logo_mobile_max_width":0,"ocean_custom_logo_max_height":0,"ocean_custom_logo_tablet_max_height":0,"ocean_custom_logo_mobile_max_height":0,"ocean_header_custom_menu":"0","ocean_menu_typo_font_family":"0","ocean_menu_typo_font_subset":"","ocean_menu_typo_font_size":0,"ocean_menu_typo_font_size_tablet":0,"ocean_menu_typo_font_size_mobile":0,"ocean_menu_typo_font_size_unit":"px","ocean_menu_typo_font_weight":"","ocean_menu_typo_font_weight_tablet":"","ocean_menu_typo_font_weight_mobile":"","ocean_menu_typo_transform":"","ocean_menu_typo_transform_tablet":"","ocean_menu_typo_transform_mobile":"","ocean_menu_typo_line_height":0,"ocean_menu_typo_line_height_tablet":0,"ocean_menu_typo_line_height_mobile":0,"ocean_menu_typo_line_height_unit":"","ocean_menu_typo_spacing":0,"ocean_menu_typo_spacing_tablet":0,"ocean_menu_typo_spacing_mobile":0,"ocean_menu_typo_spacing_unit":"","ocean_menu_link_color":"","ocean_menu_link_color_hover":"","ocean_menu_link_color_active":"","ocean_menu_link_background":"","ocean_menu_link_hover_background":"","ocean_menu_link_active_background":"","ocean_menu_social_links_bg":"","ocean_menu_social_hover_links_bg":"","ocean_menu_social_links_color":"","ocean_menu_social_hover_links_color":"","ocean_disable_title":"default","ocean_disable_heading":"default","ocean_post_title":"","ocean_post_subheading":"","ocean_post_title_style":"","ocean_post_title_background_color":"","ocean_post_title_background":0,"ocean_post_title_bg_image_position":"","ocean_post_title_bg_image_attachment":"","ocean_post_title_bg_image_repeat":"","ocean_post_title_bg_image_size":"","ocean_post_title_height":0,"ocean_post_title_bg_overlay":0.5,"ocean_post_title_bg_overlay_color":"","ocean_disable_breadcrumbs":"default","ocean_breadcrumbs_color":"","ocean_breadcrumbs_separator_color":"","ocean_breadcrumbs_links_color":"","ocean_breadcrumbs_links_hover_color":"","ocean_display_footer_widgets":"default","ocean_display_footer_bottom":"default","ocean_custom_footer_template":"0","ofc_meta_disable_footer_callout":"","ofc_meta_callout_button_url":"","ofc_meta_callout_button_txt":"","ofc_meta_callout_text":"","osh_disable_topbar_sticky":"default","osh_disable_header_sticky":"default","osh_sticky_header_style":"default","osh_sticky_header_effect":"","osh_custom_sticky_logo":0,"osh_custom_retina_sticky_logo":0,"osh_custom_sticky_logo_height":0,"osh_background_color":"","osh_links_color":"","osh_links_hover_color":"","osh_links_active_color":"","osh_links_bg_color":"","osh_links_hover_bg_color":"","osh_links_active_bg_color":"","osh_menu_social_links_color":"","osh_menu_social_hover_links_color":""},"product_brand":[],"product_cat":[1274],"product_tag":[1279,1277,1278,1285,1276,1275,1290,229],"class_list":{"0":"post-12677","1":"product","2":"type-product","3":"status-publish","4":"has-post-thumbnail","6":"product_cat-nahrungsergaenzung","7":"product_tag-bio","8":"product_tag-ernaehrung","9":"product_tag-gesundheit","10":"product_tag-kapseln","11":"product_tag-nahrungsergaenzung","12":"product_tag-sanatur","13":"product_tag-tabletten","14":"product_tag-vegan","15":"product_shipping_class-paket","17":"entry","18":"has-media","20":"first","21":"instock","22":"taxable","23":"shipping-taxable","24":"purchasable","25":"product-type-simple","26":"col","27":"span_1_of_3","28":"owp-content-center","29":"item-entry","30":"owp-thumbs-layout-horizontal","31":"owp-btn-normal","32":"owp-tabs-layout-horizontal","33":"circle-sale"},"yoast_head":"<!-- This site is optimized with the Yoast SEO plugin v27.4 - https:\/\/yoast.com\/product\/yoast-seo-wordpress\/ -->\n<title>Sanatur BIO Omega-3, 90 Kapseln - WeRecycle.ch | WR Group AG<\/title>\n<meta name=\"description\" content=\"Alpha-Linolens\u00e4ure (ALA) aus Perilla-\u00d6l (Wilder Sesam) Omega-3 Fetts\u00e4uren, z\u00e4hlen zu den unges\u00e4ttigten Fetts\u00e4uren und \u00fcbernehmen wichtige Aufgaben im K\u00f6rper.\" \/>\n<meta name=\"robots\" content=\"index, follow, max-snippet:-1, max-image-preview:large, max-video-preview:-1\" \/>\n<link rel=\"canonical\" href=\"https:\/\/www.werecycle.ch\/en\/shop\/wohlbefinden-wellness\/nahrungsergaenzung\/sanatur-bio-omega-3-90-kapseln\/\" \/>\n<meta property=\"og:locale\" content=\"en_GB\" \/>\n<meta property=\"og:type\" content=\"article\" \/>\n<meta property=\"og:title\" content=\"Sanatur BIO Omega-3, 90 Kapseln - WeRecycle.ch | WR Group AG\" \/>\n<meta property=\"og:description\" content=\"Alpha-Linolens\u00e4ure (ALA) aus Perilla-\u00d6l (Wilder Sesam) Omega-3 Fetts\u00e4uren, z\u00e4hlen zu den unges\u00e4ttigten Fetts\u00e4uren und \u00fcbernehmen wichtige Aufgaben im K\u00f6rper.\" \/>\n<meta property=\"og:url\" content=\"https:\/\/www.werecycle.ch\/en\/shop\/wohlbefinden-wellness\/nahrungsergaenzung\/sanatur-bio-omega-3-90-kapseln\/\" \/>\n<meta property=\"og:site_name\" content=\"WeRecycle.ch | WR Group AG\" \/>\n<meta property=\"article:publisher\" content=\"https:\/\/www.facebook.com\/www.werecycle.ch\" \/>\n<meta property=\"article:modified_time\" content=\"2025-07-31T11:33:05+00:00\" \/>\n<meta property=\"og:image\" content=\"https:\/\/www.werecycle.ch\/wp-content\/uploads\/2023\/09\/700842.webp\" \/>\n\t<meta property=\"og:image:width\" content=\"800\" \/>\n\t<meta property=\"og:image:height\" content=\"800\" \/>\n\t<meta property=\"og:image:type\" content=\"image\/webp\" \/>\n<meta name=\"twitter:card\" content=\"summary_large_image\" \/>\n<script type=\"application\/ld+json\" class=\"yoast-schema-graph\">{\"@context\":\"https:\\\/\\\/schema.org\",\"@graph\":[{\"@type\":\"WebPage\",\"@id\":\"https:\\\/\\\/www.werecycle.ch\\\/shop\\\/wohlbefinden-wellness\\\/nahrungsergaenzung\\\/sanatur-bio-omega-3-90-kapseln\\\/\",\"url\":\"https:\\\/\\\/www.werecycle.ch\\\/shop\\\/wohlbefinden-wellness\\\/nahrungsergaenzung\\\/sanatur-bio-omega-3-90-kapseln\\\/\",\"name\":\"Sanatur BIO Omega-3, 90 Kapseln - WeRecycle.ch | WR Group AG\",\"isPartOf\":{\"@id\":\"https:\\\/\\\/www.werecycle.ch\\\/de\\\/#website\"},\"primaryImageOfPage\":{\"@id\":\"https:\\\/\\\/www.werecycle.ch\\\/shop\\\/wohlbefinden-wellness\\\/nahrungsergaenzung\\\/sanatur-bio-omega-3-90-kapseln\\\/#primaryimage\"},\"image\":{\"@id\":\"https:\\\/\\\/www.werecycle.ch\\\/shop\\\/wohlbefinden-wellness\\\/nahrungsergaenzung\\\/sanatur-bio-omega-3-90-kapseln\\\/#primaryimage\"},\"thumbnailUrl\":\"https:\\\/\\\/www.werecycle.ch\\\/wp-content\\\/uploads\\\/2023\\\/09\\\/700842.webp\",\"datePublished\":\"2023-07-27T11:05:49+00:00\",\"dateModified\":\"2025-07-31T11:33:05+00:00\",\"description\":\"Alpha-Linolens\u00e4ure (ALA) aus Perilla-\u00d6l (Wilder Sesam) Omega-3 Fetts\u00e4uren, z\u00e4hlen zu den unges\u00e4ttigten Fetts\u00e4uren und \u00fcbernehmen wichtige Aufgaben im K\u00f6rper.\",\"breadcrumb\":{\"@id\":\"https:\\\/\\\/www.werecycle.ch\\\/shop\\\/wohlbefinden-wellness\\\/nahrungsergaenzung\\\/sanatur-bio-omega-3-90-kapseln\\\/#breadcrumb\"},\"inLanguage\":\"en-GB\",\"potentialAction\":[{\"@type\":\"ReadAction\",\"target\":[\"https:\\\/\\\/www.werecycle.ch\\\/shop\\\/wohlbefinden-wellness\\\/nahrungsergaenzung\\\/sanatur-bio-omega-3-90-kapseln\\\/\"]}]},{\"@type\":\"ImageObject\",\"inLanguage\":\"en-GB\",\"@id\":\"https:\\\/\\\/www.werecycle.ch\\\/shop\\\/wohlbefinden-wellness\\\/nahrungsergaenzung\\\/sanatur-bio-omega-3-90-kapseln\\\/#primaryimage\",\"url\":\"https:\\\/\\\/www.werecycle.ch\\\/wp-content\\\/uploads\\\/2023\\\/09\\\/700842.webp\",\"contentUrl\":\"https:\\\/\\\/www.werecycle.ch\\\/wp-content\\\/uploads\\\/2023\\\/09\\\/700842.webp\",\"width\":800,\"height\":800},{\"@type\":\"BreadcrumbList\",\"@id\":\"https:\\\/\\\/www.werecycle.ch\\\/shop\\\/wohlbefinden-wellness\\\/nahrungsergaenzung\\\/sanatur-bio-omega-3-90-kapseln\\\/#breadcrumb\",\"itemListElement\":[{\"@type\":\"ListItem\",\"position\":1,\"name\":\"Startseite\",\"item\":\"https:\\\/\\\/www.werecycle.ch\\\/\"},{\"@type\":\"ListItem\",\"position\":2,\"name\":\"Shop\",\"item\":\"https:\\\/\\\/www.werecycle.ch\\\/de\\\/shop\\\/\"},{\"@type\":\"ListItem\",\"position\":3,\"name\":\"Sanatur BIO Omega-3, 90 Kapseln\"}]},{\"@type\":\"WebSite\",\"@id\":\"https:\\\/\\\/www.werecycle.ch\\\/de\\\/#website\",\"url\":\"https:\\\/\\\/www.werecycle.ch\\\/de\\\/\",\"name\":\"WeRecycle.ch | Recycling Services AG\",\"description\":\"\",\"publisher\":{\"@id\":\"https:\\\/\\\/www.werecycle.ch\\\/de\\\/#organization\"},\"potentialAction\":[{\"@type\":\"SearchAction\",\"target\":{\"@type\":\"EntryPoint\",\"urlTemplate\":\"https:\\\/\\\/www.werecycle.ch\\\/de\\\/?s={search_term_string}\"},\"query-input\":{\"@type\":\"PropertyValueSpecification\",\"valueRequired\":true,\"valueName\":\"search_term_string\"}}],\"inLanguage\":\"en-GB\"},{\"@type\":\"Organization\",\"@id\":\"https:\\\/\\\/www.werecycle.ch\\\/de\\\/#organization\",\"name\":\"WeRecycle.ch | Recycling Services AG\",\"url\":\"https:\\\/\\\/www.werecycle.ch\\\/de\\\/\",\"logo\":{\"@type\":\"ImageObject\",\"inLanguage\":\"en-GB\",\"@id\":\"https:\\\/\\\/www.werecycle.ch\\\/de\\\/#\\\/schema\\\/logo\\\/image\\\/\",\"url\":\"https:\\\/\\\/www.werecycle.ch\\\/wp-content\\\/uploads\\\/2022\\\/09\\\/logo_werecycle.webp\",\"contentUrl\":\"https:\\\/\\\/www.werecycle.ch\\\/wp-content\\\/uploads\\\/2022\\\/09\\\/logo_werecycle.webp\",\"width\":1423,\"height\":427,\"caption\":\"WeRecycle.ch | Recycling Services AG\"},\"image\":{\"@id\":\"https:\\\/\\\/www.werecycle.ch\\\/de\\\/#\\\/schema\\\/logo\\\/image\\\/\"},\"sameAs\":[\"https:\\\/\\\/www.facebook.com\\\/www.werecycle.ch\"]}]}<\/script>\n<!-- \/ Yoast SEO plugin. -->","yoast_head_json":{"title":"Sanatur BIO Omega-3, 90 Kapseln - WeRecycle.ch | WR Group AG","description":"Alpha-Linolens\u00e4ure (ALA) aus Perilla-\u00d6l (Wilder Sesam) Omega-3 Fetts\u00e4uren, z\u00e4hlen zu den unges\u00e4ttigten Fetts\u00e4uren und \u00fcbernehmen wichtige Aufgaben im K\u00f6rper.","robots":{"index":"index","follow":"follow","max-snippet":"max-snippet:-1","max-image-preview":"max-image-preview:large","max-video-preview":"max-video-preview:-1"},"canonical":"https:\/\/www.werecycle.ch\/en\/shop\/wohlbefinden-wellness\/nahrungsergaenzung\/sanatur-bio-omega-3-90-kapseln\/","og_locale":"en_GB","og_type":"article","og_title":"Sanatur BIO Omega-3, 90 Kapseln - WeRecycle.ch | WR Group AG","og_description":"Alpha-Linolens\u00e4ure (ALA) aus Perilla-\u00d6l (Wilder Sesam) Omega-3 Fetts\u00e4uren, z\u00e4hlen zu den unges\u00e4ttigten Fetts\u00e4uren und \u00fcbernehmen wichtige Aufgaben im K\u00f6rper.","og_url":"https:\/\/www.werecycle.ch\/en\/shop\/wohlbefinden-wellness\/nahrungsergaenzung\/sanatur-bio-omega-3-90-kapseln\/","og_site_name":"WeRecycle.ch | WR Group AG","article_publisher":"https:\/\/www.facebook.com\/www.werecycle.ch","article_modified_time":"2025-07-31T11:33:05+00:00","og_image":[{"width":800,"height":800,"url":"https:\/\/www.werecycle.ch\/wp-content\/uploads\/2023\/09\/700842.webp","type":"image\/webp"}],"twitter_card":"summary_large_image","schema":{"@context":"https:\/\/schema.org","@graph":[{"@type":"WebPage","@id":"https:\/\/www.werecycle.ch\/shop\/wohlbefinden-wellness\/nahrungsergaenzung\/sanatur-bio-omega-3-90-kapseln\/","url":"https:\/\/www.werecycle.ch\/shop\/wohlbefinden-wellness\/nahrungsergaenzung\/sanatur-bio-omega-3-90-kapseln\/","name":"Sanatur BIO Omega-3, 90 Kapseln - WeRecycle.ch | WR Group AG","isPartOf":{"@id":"https:\/\/www.werecycle.ch\/de\/#website"},"primaryImageOfPage":{"@id":"https:\/\/www.werecycle.ch\/shop\/wohlbefinden-wellness\/nahrungsergaenzung\/sanatur-bio-omega-3-90-kapseln\/#primaryimage"},"image":{"@id":"https:\/\/www.werecycle.ch\/shop\/wohlbefinden-wellness\/nahrungsergaenzung\/sanatur-bio-omega-3-90-kapseln\/#primaryimage"},"thumbnailUrl":"https:\/\/www.werecycle.ch\/wp-content\/uploads\/2023\/09\/700842.webp","datePublished":"2023-07-27T11:05:49+00:00","dateModified":"2025-07-31T11:33:05+00:00","description":"Alpha-Linolens\u00e4ure (ALA) aus Perilla-\u00d6l (Wilder Sesam) Omega-3 Fetts\u00e4uren, z\u00e4hlen zu den unges\u00e4ttigten Fetts\u00e4uren und \u00fcbernehmen wichtige Aufgaben im K\u00f6rper.","breadcrumb":{"@id":"https:\/\/www.werecycle.ch\/shop\/wohlbefinden-wellness\/nahrungsergaenzung\/sanatur-bio-omega-3-90-kapseln\/#breadcrumb"},"inLanguage":"en-GB","potentialAction":[{"@type":"ReadAction","target":["https:\/\/www.werecycle.ch\/shop\/wohlbefinden-wellness\/nahrungsergaenzung\/sanatur-bio-omega-3-90-kapseln\/"]}]},{"@type":"ImageObject","inLanguage":"en-GB","@id":"https:\/\/www.werecycle.ch\/shop\/wohlbefinden-wellness\/nahrungsergaenzung\/sanatur-bio-omega-3-90-kapseln\/#primaryimage","url":"https:\/\/www.werecycle.ch\/wp-content\/uploads\/2023\/09\/700842.webp","contentUrl":"https:\/\/www.werecycle.ch\/wp-content\/uploads\/2023\/09\/700842.webp","width":800,"height":800},{"@type":"BreadcrumbList","@id":"https:\/\/www.werecycle.ch\/shop\/wohlbefinden-wellness\/nahrungsergaenzung\/sanatur-bio-omega-3-90-kapseln\/#breadcrumb","itemListElement":[{"@type":"ListItem","position":1,"name":"Startseite","item":"https:\/\/www.werecycle.ch\/"},{"@type":"ListItem","position":2,"name":"Shop","item":"https:\/\/www.werecycle.ch\/de\/shop\/"},{"@type":"ListItem","position":3,"name":"Sanatur BIO Omega-3, 90 Kapseln"}]},{"@type":"WebSite","@id":"https:\/\/www.werecycle.ch\/de\/#website","url":"https:\/\/www.werecycle.ch\/de\/","name":"WeRecycle.ch | Recycling Services AG","description":"","publisher":{"@id":"https:\/\/www.werecycle.ch\/de\/#organization"},"potentialAction":[{"@type":"SearchAction","target":{"@type":"EntryPoint","urlTemplate":"https:\/\/www.werecycle.ch\/de\/?s={search_term_string}"},"query-input":{"@type":"PropertyValueSpecification","valueRequired":true,"valueName":"search_term_string"}}],"inLanguage":"en-GB"},{"@type":"Organization","@id":"https:\/\/www.werecycle.ch\/de\/#organization","name":"WeRecycle.ch | Recycling Services AG","url":"https:\/\/www.werecycle.ch\/de\/","logo":{"@type":"ImageObject","inLanguage":"en-GB","@id":"https:\/\/www.werecycle.ch\/de\/#\/schema\/logo\/image\/","url":"https:\/\/www.werecycle.ch\/wp-content\/uploads\/2022\/09\/logo_werecycle.webp","contentUrl":"https:\/\/www.werecycle.ch\/wp-content\/uploads\/2022\/09\/logo_werecycle.webp","width":1423,"height":427,"caption":"WeRecycle.ch | Recycling Services AG"},"image":{"@id":"https:\/\/www.werecycle.ch\/de\/#\/schema\/logo\/image\/"},"sameAs":["https:\/\/www.facebook.com\/www.werecycle.ch"]}]}},"tiered_pricing_type":"fixed","tiered_pricing_fixed_rules":[],"tiered_pricing_product_settings":{"layout":"default","base_unit_name":{"singular":null,"plural":null},"default_variation":null},"tiered_pricing_minimum_quantity":null,"tiered_pricing_roles_data":[],"tiered_pricing_percentage_rules":[],"_links":{"self":[{"href":"https:\/\/www.werecycle.ch\/en\/wp-json\/wp\/v2\/product\/12677","targetHints":{"allow":["GET"]}}],"collection":[{"href":"https:\/\/www.werecycle.ch\/en\/wp-json\/wp\/v2\/product"}],"about":[{"href":"https:\/\/www.werecycle.ch\/en\/wp-json\/wp\/v2\/types\/product"}],"wp:featuredmedia":[{"embeddable":true,"href":"https:\/\/www.werecycle.ch\/en\/wp-json\/wp\/v2\/media\/12679"}],"wp:attachment":[{"href":"https:\/\/www.werecycle.ch\/en\/wp-json\/wp\/v2\/media?parent=12677"}],"wp:term":[{"taxonomy":"product_brand","embeddable":true,"href":"https:\/\/www.werecycle.ch\/en\/wp-json\/wp\/v2\/product_brand?post=12677"},{"taxonomy":"product_cat","embeddable":true,"href":"https:\/\/www.werecycle.ch\/en\/wp-json\/wp\/v2\/product_cat?post=12677"},{"taxonomy":"product_tag","embeddable":true,"href":"https:\/\/www.werecycle.ch\/en\/wp-json\/wp\/v2\/product_tag?post=12677"}],"curies":[{"name":"wp","href":"https:\/\/api.w.org\/{rel}","templated":true}]}}