{"id":12602,"date":"2023-07-22T13:39:42","date_gmt":"2023-07-22T11:39:42","guid":{"rendered":"https:\/\/www.werecycle.ch\/?post_type=product&#038;p=12602"},"modified":"2025-09-05T10:54:59","modified_gmt":"2025-09-05T09:54:59","slug":"cuboro-kugelbahn-zubehoer-tunnel","status":"publish","type":"product","link":"https:\/\/www.werecycle.ch\/en\/shop\/freizeit\/kinderspiele\/cuboro-kugelbahn-zubehoer-tunnel\/","title":{"rendered":"CUBORO Kugelbahn Zubeh\u00f6r &#8211; TUNNEL"},"content":{"rendered":"<p>Die SPEED Elemente beschleunigen die Kugeln zus\u00e4tzlich und lassen sie l\u00e4ngere Strecken \u00fcberwinden. Extra Sets erweitern die Starter Sets und bieten zus\u00e4tzlichen Spielspass.<\/p>\n<p>Das CUBORO Kugelbahnsystem aus der Schweiz begeistert seit 1986 weltweit alle Generationen.<br \/>\nDas nachhaltige Spielzeug aus naturbelassenem Schweizer Holz inspiriert Klein und Gross und garantiert langlebigen Spielspass. CUBORO steht f\u00fcr zeitloses Design und lebenslanges Lernen.<\/p>\n<p>CUBORO fordert Kinder und Erwachsene entsprechend ihren F\u00e4higkeiten, weckt Experimentierfreude und unterst\u00fctzt das logische Denken. Das Kugelbahnsystem trainiert die Feinmotorik, st\u00e4rkt das r\u00e4umliche Vorstellungsverm\u00f6gen und regt die Kreativit\u00e4t an. Du kannst allein oder in einer Gruppe spielen. CUBORO f\u00f6rdert die Zusammenarbeit \u2013 zuhause, in Kinderg\u00e4rten, Schulen und Teams.<\/p>\n<p>&nbsp;<\/p>\n<ul>\n<li>16 Elemente<\/li>\n<li>5 Kugeln<\/li>\n<li>Material: Schweizer Buchenholz<\/li>\n<li>Altersempfehlung: ab 7 Jahren<\/li>\n<\/ul>","protected":false},"excerpt":{"rendered":"<p class=\"wp-block-heading\"><span class=\"has-inline-color\">TUNNEL<\/span> \u2013 das Extra Set f\u00fcr \u00fcberraschende Tunnelsysteme.<br \/>\nPassend f\u00fcr alle CUBORO Startersets.<\/p>","protected":false},"featured_media":12605,"template":"","meta":{"ocean_post_layout":"","ocean_both_sidebars_style":"","ocean_both_sidebars_content_width":0,"ocean_both_sidebars_sidebars_width":0,"ocean_sidebar":"0","ocean_second_sidebar":"0","ocean_disable_margins":"enable","ocean_add_body_class":"","ocean_shortcode_before_top_bar":"","ocean_shortcode_after_top_bar":"","ocean_shortcode_before_header":"","ocean_shortcode_after_header":"","ocean_has_shortcode":"","ocean_shortcode_after_title":"","ocean_shortcode_before_footer_widgets":"","ocean_shortcode_after_footer_widgets":"","ocean_shortcode_before_footer_bottom":"","ocean_shortcode_after_footer_bottom":"","ocean_display_top_bar":"default","ocean_display_header":"default","ocean_header_style":"","ocean_center_header_left_menu":"0","ocean_custom_header_template":"0","ocean_custom_logo":0,"ocean_custom_retina_logo":0,"ocean_custom_logo_max_width":0,"ocean_custom_logo_tablet_max_width":0,"ocean_custom_logo_mobile_max_width":0,"ocean_custom_logo_max_height":0,"ocean_custom_logo_tablet_max_height":0,"ocean_custom_logo_mobile_max_height":0,"ocean_header_custom_menu":"0","ocean_menu_typo_font_family":"0","ocean_menu_typo_font_subset":"","ocean_menu_typo_font_size":0,"ocean_menu_typo_font_size_tablet":0,"ocean_menu_typo_font_size_mobile":0,"ocean_menu_typo_font_size_unit":"px","ocean_menu_typo_font_weight":"","ocean_menu_typo_font_weight_tablet":"","ocean_menu_typo_font_weight_mobile":"","ocean_menu_typo_transform":"","ocean_menu_typo_transform_tablet":"","ocean_menu_typo_transform_mobile":"","ocean_menu_typo_line_height":0,"ocean_menu_typo_line_height_tablet":0,"ocean_menu_typo_line_height_mobile":0,"ocean_menu_typo_line_height_unit":"","ocean_menu_typo_spacing":0,"ocean_menu_typo_spacing_tablet":0,"ocean_menu_typo_spacing_mobile":0,"ocean_menu_typo_spacing_unit":"","ocean_menu_link_color":"","ocean_menu_link_color_hover":"","ocean_menu_link_color_active":"","ocean_menu_link_background":"","ocean_menu_link_hover_background":"","ocean_menu_link_active_background":"","ocean_menu_social_links_bg":"","ocean_menu_social_hover_links_bg":"","ocean_menu_social_links_color":"","ocean_menu_social_hover_links_color":"","ocean_disable_title":"default","ocean_disable_heading":"default","ocean_post_title":"","ocean_post_subheading":"","ocean_post_title_style":"","ocean_post_title_background_color":"","ocean_post_title_background":0,"ocean_post_title_bg_image_position":"","ocean_post_title_bg_image_attachment":"","ocean_post_title_bg_image_repeat":"","ocean_post_title_bg_image_size":"","ocean_post_title_height":0,"ocean_post_title_bg_overlay":0.5,"ocean_post_title_bg_overlay_color":"","ocean_disable_breadcrumbs":"default","ocean_breadcrumbs_color":"","ocean_breadcrumbs_separator_color":"","ocean_breadcrumbs_links_color":"","ocean_breadcrumbs_links_hover_color":"","ocean_display_footer_widgets":"default","ocean_display_footer_bottom":"default","ocean_custom_footer_template":"0","ofc_meta_disable_footer_callout":"","ofc_meta_callout_button_url":"","ofc_meta_callout_button_txt":"","ofc_meta_callout_text":"","osh_disable_topbar_sticky":"default","osh_disable_header_sticky":"default","osh_sticky_header_style":"default","osh_sticky_header_effect":"","osh_custom_sticky_logo":0,"osh_custom_retina_sticky_logo":0,"osh_custom_sticky_logo_height":0,"osh_background_color":"","osh_links_color":"","osh_links_hover_color":"","osh_links_active_color":"","osh_links_bg_color":"","osh_links_hover_bg_color":"","osh_links_active_bg_color":"","osh_menu_social_links_color":"","osh_menu_social_hover_links_color":""},"product_brand":[2566],"product_cat":[86,286],"product_tag":[1164,1548,1547,962,1165,104,115,1272],"class_list":{"0":"post-12602","1":"product","2":"type-product","3":"status-publish","4":"has-post-thumbnail","6":"product_brand-cuboro","7":"product_cat-freizeit","8":"product_cat-kinderspiele","9":"product_tag-cuboro","10":"product_tag-cuboro-erweiterung","11":"product_tag-cuboro-zubehoer","12":"product_tag-kinderspiel","13":"product_tag-kugelbahn","14":"product_tag-spiele","15":"product_tag-swiss-made","16":"product_tag-tunnel","17":"product_shipping_class-paket","19":"entry","20":"has-media","22":"first","23":"instock","24":"sale","25":"taxable","26":"shipping-taxable","27":"purchasable","28":"product-type-simple","29":"col","30":"span_1_of_3","31":"owp-content-center","32":"item-entry","33":"owp-thumbs-layout-horizontal","34":"owp-btn-normal","35":"owp-tabs-layout-horizontal","36":"circle-sale"},"yoast_head":"<!-- This site is optimized with the Yoast SEO plugin v27.5 - https:\/\/yoast.com\/product\/yoast-seo-wordpress\/ -->\n<title>CUBORO Kugelbahn Zubeh\u00f6r - TUNNEL - WeRecycle.ch | WR Group AG<\/title>\n<meta name=\"description\" content=\"Mit den CUBORO TUNNEL Elementen verschwinden die Kugeln im Innern der Bahn und rollen unsichtbar durch kurven\u00adreiche Tunnel.\" \/>\n<meta name=\"robots\" content=\"index, follow, max-snippet:-1, max-image-preview:large, max-video-preview:-1\" \/>\n<link rel=\"canonical\" href=\"https:\/\/www.werecycle.ch\/en\/shop\/freizeit\/kinderspiele\/cuboro-kugelbahn-zubehoer-tunnel\/\" \/>\n<meta property=\"og:locale\" content=\"en_GB\" \/>\n<meta property=\"og:type\" content=\"article\" \/>\n<meta property=\"og:title\" content=\"CUBORO Kugelbahn Zubeh\u00f6r - TUNNEL - WeRecycle.ch | WR Group AG\" \/>\n<meta property=\"og:description\" content=\"Mit den CUBORO TUNNEL Elementen verschwinden die Kugeln im Innern der Bahn und rollen unsichtbar durch kurven\u00adreiche Tunnel.\" \/>\n<meta property=\"og:url\" content=\"https:\/\/www.werecycle.ch\/en\/shop\/freizeit\/kinderspiele\/cuboro-kugelbahn-zubehoer-tunnel\/\" \/>\n<meta property=\"og:site_name\" content=\"WeRecycle.ch | WR Group AG\" \/>\n<meta property=\"article:publisher\" content=\"https:\/\/www.facebook.com\/www.werecycle.ch\" \/>\n<meta property=\"article:modified_time\" content=\"2025-09-05T09:54:59+00:00\" \/>\n<meta property=\"og:image\" content=\"https:\/\/www.werecycle.ch\/wp-content\/uploads\/2023\/09\/340212.webp\" \/>\n\t<meta property=\"og:image:width\" content=\"1500\" \/>\n\t<meta property=\"og:image:height\" content=\"1500\" \/>\n\t<meta property=\"og:image:type\" content=\"image\/webp\" \/>\n<meta name=\"twitter:card\" content=\"summary_large_image\" \/>\n<script type=\"application\/ld+json\" class=\"yoast-schema-graph\">{\"@context\":\"https:\\\/\\\/schema.org\",\"@graph\":[{\"@type\":\"WebPage\",\"@id\":\"https:\\\/\\\/www.werecycle.ch\\\/shop\\\/freizeit\\\/kinderspiele\\\/cuboro-kugelbahn-zubehoer-tunnel\\\/\",\"url\":\"https:\\\/\\\/www.werecycle.ch\\\/shop\\\/freizeit\\\/kinderspiele\\\/cuboro-kugelbahn-zubehoer-tunnel\\\/\",\"name\":\"CUBORO Kugelbahn Zubeh\u00f6r - TUNNEL - WeRecycle.ch | WR Group AG\",\"isPartOf\":{\"@id\":\"https:\\\/\\\/www.werecycle.ch\\\/de\\\/#website\"},\"primaryImageOfPage\":{\"@id\":\"https:\\\/\\\/www.werecycle.ch\\\/shop\\\/freizeit\\\/kinderspiele\\\/cuboro-kugelbahn-zubehoer-tunnel\\\/#primaryimage\"},\"image\":{\"@id\":\"https:\\\/\\\/www.werecycle.ch\\\/shop\\\/freizeit\\\/kinderspiele\\\/cuboro-kugelbahn-zubehoer-tunnel\\\/#primaryimage\"},\"thumbnailUrl\":\"https:\\\/\\\/www.werecycle.ch\\\/wp-content\\\/uploads\\\/2023\\\/09\\\/340212.webp\",\"datePublished\":\"2023-07-22T11:39:42+00:00\",\"dateModified\":\"2025-09-05T09:54:59+00:00\",\"description\":\"Mit den CUBORO TUNNEL Elementen verschwinden die Kugeln im Innern der Bahn und rollen unsichtbar durch kurven\u00adreiche Tunnel.\",\"breadcrumb\":{\"@id\":\"https:\\\/\\\/www.werecycle.ch\\\/shop\\\/freizeit\\\/kinderspiele\\\/cuboro-kugelbahn-zubehoer-tunnel\\\/#breadcrumb\"},\"inLanguage\":\"en-GB\",\"potentialAction\":[{\"@type\":\"ReadAction\",\"target\":[\"https:\\\/\\\/www.werecycle.ch\\\/shop\\\/freizeit\\\/kinderspiele\\\/cuboro-kugelbahn-zubehoer-tunnel\\\/\"]}]},{\"@type\":\"ImageObject\",\"inLanguage\":\"en-GB\",\"@id\":\"https:\\\/\\\/www.werecycle.ch\\\/shop\\\/freizeit\\\/kinderspiele\\\/cuboro-kugelbahn-zubehoer-tunnel\\\/#primaryimage\",\"url\":\"https:\\\/\\\/www.werecycle.ch\\\/wp-content\\\/uploads\\\/2023\\\/09\\\/340212.webp\",\"contentUrl\":\"https:\\\/\\\/www.werecycle.ch\\\/wp-content\\\/uploads\\\/2023\\\/09\\\/340212.webp\",\"width\":1500,\"height\":1500},{\"@type\":\"BreadcrumbList\",\"@id\":\"https:\\\/\\\/www.werecycle.ch\\\/shop\\\/freizeit\\\/kinderspiele\\\/cuboro-kugelbahn-zubehoer-tunnel\\\/#breadcrumb\",\"itemListElement\":[{\"@type\":\"ListItem\",\"position\":1,\"name\":\"Startseite\",\"item\":\"https:\\\/\\\/www.werecycle.ch\\\/\"},{\"@type\":\"ListItem\",\"position\":2,\"name\":\"Shop\",\"item\":\"https:\\\/\\\/www.werecycle.ch\\\/de\\\/shop\\\/\"},{\"@type\":\"ListItem\",\"position\":3,\"name\":\"CUBORO Kugelbahn Zubeh\u00f6r &#8211; TUNNEL\"}]},{\"@type\":\"WebSite\",\"@id\":\"https:\\\/\\\/www.werecycle.ch\\\/de\\\/#website\",\"url\":\"https:\\\/\\\/www.werecycle.ch\\\/de\\\/\",\"name\":\"WeRecycle.ch | Recycling Services AG\",\"description\":\"\",\"publisher\":{\"@id\":\"https:\\\/\\\/www.werecycle.ch\\\/de\\\/#organization\"},\"potentialAction\":[{\"@type\":\"SearchAction\",\"target\":{\"@type\":\"EntryPoint\",\"urlTemplate\":\"https:\\\/\\\/www.werecycle.ch\\\/de\\\/?s={search_term_string}\"},\"query-input\":{\"@type\":\"PropertyValueSpecification\",\"valueRequired\":true,\"valueName\":\"search_term_string\"}}],\"inLanguage\":\"en-GB\"},{\"@type\":\"Organization\",\"@id\":\"https:\\\/\\\/www.werecycle.ch\\\/de\\\/#organization\",\"name\":\"WeRecycle.ch | Recycling Services AG\",\"url\":\"https:\\\/\\\/www.werecycle.ch\\\/de\\\/\",\"logo\":{\"@type\":\"ImageObject\",\"inLanguage\":\"en-GB\",\"@id\":\"https:\\\/\\\/www.werecycle.ch\\\/de\\\/#\\\/schema\\\/logo\\\/image\\\/\",\"url\":\"https:\\\/\\\/www.werecycle.ch\\\/wp-content\\\/uploads\\\/2022\\\/09\\\/logo_werecycle.webp\",\"contentUrl\":\"https:\\\/\\\/www.werecycle.ch\\\/wp-content\\\/uploads\\\/2022\\\/09\\\/logo_werecycle.webp\",\"width\":1423,\"height\":427,\"caption\":\"WeRecycle.ch | Recycling Services AG\"},\"image\":{\"@id\":\"https:\\\/\\\/www.werecycle.ch\\\/de\\\/#\\\/schema\\\/logo\\\/image\\\/\"},\"sameAs\":[\"https:\\\/\\\/www.facebook.com\\\/www.werecycle.ch\"]}]}<\/script>\n<!-- \/ Yoast SEO plugin. -->","yoast_head_json":{"title":"CUBORO Kugelbahn Zubeh\u00f6r - TUNNEL - WeRecycle.ch | WR Group AG","description":"Mit den CUBORO TUNNEL Elementen verschwinden die Kugeln im Innern der Bahn und rollen unsichtbar durch kurven\u00adreiche Tunnel.","robots":{"index":"index","follow":"follow","max-snippet":"max-snippet:-1","max-image-preview":"max-image-preview:large","max-video-preview":"max-video-preview:-1"},"canonical":"https:\/\/www.werecycle.ch\/en\/shop\/freizeit\/kinderspiele\/cuboro-kugelbahn-zubehoer-tunnel\/","og_locale":"en_GB","og_type":"article","og_title":"CUBORO Kugelbahn Zubeh\u00f6r - TUNNEL - WeRecycle.ch | WR Group AG","og_description":"Mit den CUBORO TUNNEL Elementen verschwinden die Kugeln im Innern der Bahn und rollen unsichtbar durch kurven\u00adreiche Tunnel.","og_url":"https:\/\/www.werecycle.ch\/en\/shop\/freizeit\/kinderspiele\/cuboro-kugelbahn-zubehoer-tunnel\/","og_site_name":"WeRecycle.ch | WR Group AG","article_publisher":"https:\/\/www.facebook.com\/www.werecycle.ch","article_modified_time":"2025-09-05T09:54:59+00:00","og_image":[{"width":1500,"height":1500,"url":"https:\/\/www.werecycle.ch\/wp-content\/uploads\/2023\/09\/340212.webp","type":"image\/webp"}],"twitter_card":"summary_large_image","schema":{"@context":"https:\/\/schema.org","@graph":[{"@type":"WebPage","@id":"https:\/\/www.werecycle.ch\/shop\/freizeit\/kinderspiele\/cuboro-kugelbahn-zubehoer-tunnel\/","url":"https:\/\/www.werecycle.ch\/shop\/freizeit\/kinderspiele\/cuboro-kugelbahn-zubehoer-tunnel\/","name":"CUBORO Kugelbahn Zubeh\u00f6r - TUNNEL - WeRecycle.ch | WR Group AG","isPartOf":{"@id":"https:\/\/www.werecycle.ch\/de\/#website"},"primaryImageOfPage":{"@id":"https:\/\/www.werecycle.ch\/shop\/freizeit\/kinderspiele\/cuboro-kugelbahn-zubehoer-tunnel\/#primaryimage"},"image":{"@id":"https:\/\/www.werecycle.ch\/shop\/freizeit\/kinderspiele\/cuboro-kugelbahn-zubehoer-tunnel\/#primaryimage"},"thumbnailUrl":"https:\/\/www.werecycle.ch\/wp-content\/uploads\/2023\/09\/340212.webp","datePublished":"2023-07-22T11:39:42+00:00","dateModified":"2025-09-05T09:54:59+00:00","description":"Mit den CUBORO TUNNEL Elementen verschwinden die Kugeln im Innern der Bahn und rollen unsichtbar durch kurven\u00adreiche Tunnel.","breadcrumb":{"@id":"https:\/\/www.werecycle.ch\/shop\/freizeit\/kinderspiele\/cuboro-kugelbahn-zubehoer-tunnel\/#breadcrumb"},"inLanguage":"en-GB","potentialAction":[{"@type":"ReadAction","target":["https:\/\/www.werecycle.ch\/shop\/freizeit\/kinderspiele\/cuboro-kugelbahn-zubehoer-tunnel\/"]}]},{"@type":"ImageObject","inLanguage":"en-GB","@id":"https:\/\/www.werecycle.ch\/shop\/freizeit\/kinderspiele\/cuboro-kugelbahn-zubehoer-tunnel\/#primaryimage","url":"https:\/\/www.werecycle.ch\/wp-content\/uploads\/2023\/09\/340212.webp","contentUrl":"https:\/\/www.werecycle.ch\/wp-content\/uploads\/2023\/09\/340212.webp","width":1500,"height":1500},{"@type":"BreadcrumbList","@id":"https:\/\/www.werecycle.ch\/shop\/freizeit\/kinderspiele\/cuboro-kugelbahn-zubehoer-tunnel\/#breadcrumb","itemListElement":[{"@type":"ListItem","position":1,"name":"Startseite","item":"https:\/\/www.werecycle.ch\/"},{"@type":"ListItem","position":2,"name":"Shop","item":"https:\/\/www.werecycle.ch\/de\/shop\/"},{"@type":"ListItem","position":3,"name":"CUBORO Kugelbahn Zubeh\u00f6r &#8211; TUNNEL"}]},{"@type":"WebSite","@id":"https:\/\/www.werecycle.ch\/de\/#website","url":"https:\/\/www.werecycle.ch\/de\/","name":"WeRecycle.ch | Recycling Services AG","description":"","publisher":{"@id":"https:\/\/www.werecycle.ch\/de\/#organization"},"potentialAction":[{"@type":"SearchAction","target":{"@type":"EntryPoint","urlTemplate":"https:\/\/www.werecycle.ch\/de\/?s={search_term_string}"},"query-input":{"@type":"PropertyValueSpecification","valueRequired":true,"valueName":"search_term_string"}}],"inLanguage":"en-GB"},{"@type":"Organization","@id":"https:\/\/www.werecycle.ch\/de\/#organization","name":"WeRecycle.ch | Recycling Services AG","url":"https:\/\/www.werecycle.ch\/de\/","logo":{"@type":"ImageObject","inLanguage":"en-GB","@id":"https:\/\/www.werecycle.ch\/de\/#\/schema\/logo\/image\/","url":"https:\/\/www.werecycle.ch\/wp-content\/uploads\/2022\/09\/logo_werecycle.webp","contentUrl":"https:\/\/www.werecycle.ch\/wp-content\/uploads\/2022\/09\/logo_werecycle.webp","width":1423,"height":427,"caption":"WeRecycle.ch | Recycling Services AG"},"image":{"@id":"https:\/\/www.werecycle.ch\/de\/#\/schema\/logo\/image\/"},"sameAs":["https:\/\/www.facebook.com\/www.werecycle.ch"]}]}},"tiered_pricing_type":"fixed","tiered_pricing_fixed_rules":[],"tiered_pricing_product_settings":{"layout":"default","base_unit_name":{"singular":null,"plural":null},"default_variation":null},"tiered_pricing_minimum_quantity":null,"tiered_pricing_roles_data":[],"tiered_pricing_percentage_rules":[],"_links":{"self":[{"href":"https:\/\/www.werecycle.ch\/en\/wp-json\/wp\/v2\/product\/12602","targetHints":{"allow":["GET"]}}],"collection":[{"href":"https:\/\/www.werecycle.ch\/en\/wp-json\/wp\/v2\/product"}],"about":[{"href":"https:\/\/www.werecycle.ch\/en\/wp-json\/wp\/v2\/types\/product"}],"wp:featuredmedia":[{"embeddable":true,"href":"https:\/\/www.werecycle.ch\/en\/wp-json\/wp\/v2\/media\/12605"}],"wp:attachment":[{"href":"https:\/\/www.werecycle.ch\/en\/wp-json\/wp\/v2\/media?parent=12602"}],"wp:term":[{"taxonomy":"product_brand","embeddable":true,"href":"https:\/\/www.werecycle.ch\/en\/wp-json\/wp\/v2\/product_brand?post=12602"},{"taxonomy":"product_cat","embeddable":true,"href":"https:\/\/www.werecycle.ch\/en\/wp-json\/wp\/v2\/product_cat?post=12602"},{"taxonomy":"product_tag","embeddable":true,"href":"https:\/\/www.werecycle.ch\/en\/wp-json\/wp\/v2\/product_tag?post=12602"}],"curies":[{"name":"wp","href":"https:\/\/api.w.org\/{rel}","templated":true}]}}