{"id":11914,"date":"2023-07-25T10:44:55","date_gmt":"2023-07-25T09:44:55","guid":{"rendered":"https:\/\/www.werecycle.ch\/?post_type=product&#038;p=11914"},"modified":"2025-09-05T10:47:36","modified_gmt":"2025-09-05T09:47:36","slug":"cuboro-standard-32-kugelbahn","status":"publish","type":"product","link":"https:\/\/www.werecycle.ch\/en\/shop\/freizeit\/kinderspiele\/cuboro-standard-32-kugelbahn\/","title":{"rendered":"CUBORO Standard 32 Kugelbahn"},"content":{"rendered":"<p>Standard 32 &#8211; das mittlere Starter Set<\/p>\n<p>Kreiere spannende Kugelbahnen mit allen zentralen W\u00fcrfeln des CUBORO Systems. Extra Sets erweitern die Starter Sets und bieten zus\u00e4tzlichen Spielspass.<\/p>\n<p>Das CUBORO Kugelbahnsystem aus der Schweiz begeistert seit 1986 weltweit alle Generationen.<br \/>\nDas nachhaltige Spielzeug aus naturbelassenem Schweizer Holz inspiriert Klein und Gross und garantiert langlebigen Spielspass. CUBORO steht f\u00fcr zeitloses Design und lebenslanges Lernen.<\/p>\n<p>CUBORO fordert Kinder und Erwachsene entsprechend ihren F\u00e4higkeiten, weckt Experimentierfreude und unterst\u00fctzt das logische Denken. Das Kugelbahnsystem trainiert die Feinmotorik, st\u00e4rkt das r\u00e4umliche Vorstellungsverm\u00f6gen und regt die Kreativit\u00e4t an. Du kannst allein oder in einer Gruppe spielen. CUBORO f\u00f6rdert die Zusammenarbeit \u2013 zuhause, in Kinderg\u00e4rten, Schulen und Teams.<\/p>\n<p>&nbsp;<\/p>\n<ul>\n<li>32 Elemente<\/li>\n<li>5 Kugeln<\/li>\n<li>Material: Schweizer Buchenholz<\/li>\n<li>Altersempfehlung: ab 5 Jahren<\/li>\n<\/ul>\n<p>&nbsp;<\/p>\n<div style=\"position:relative;width:100%;padding-top:56.25%;\">\n  <iframe\n    src=\"https:\/\/www.youtube-nocookie.com\/embed\/1F_fjQuKzRs?rel=0&#038;modestbranding=1&#038;playsinline=1\"\n    title=\"Produktvideo\"\n    frameborder=\"0\"\n    allow=\"accelerometer; autoplay; clipboard-write; encrypted-media; gyroscope; picture-in-picture; web-share\"\n    allowfullscreen\n style=\"position:absolute;inset:0;width:100%;height:100%;\"><br \/>\n  <\/iframe>\n<\/div>","protected":false},"excerpt":{"rendered":"<p>Das CUBORO Kugelbahnsystem aus der Schweiz begeistert seit 1986 weltweit alle Generationen.<br \/>\nDas nachhaltige Spielzeug aus naturbelassenem Schweizer Holz inspiriert Klein und Gross und garantiert langlebigen Spielspass.<\/p>","protected":false},"featured_media":11917,"template":"","meta":{"ocean_post_layout":"","ocean_both_sidebars_style":"","ocean_both_sidebars_content_width":0,"ocean_both_sidebars_sidebars_width":0,"ocean_sidebar":"0","ocean_second_sidebar":"0","ocean_disable_margins":"enable","ocean_add_body_class":"","ocean_shortcode_before_top_bar":"","ocean_shortcode_after_top_bar":"","ocean_shortcode_before_header":"","ocean_shortcode_after_header":"","ocean_has_shortcode":"","ocean_shortcode_after_title":"","ocean_shortcode_before_footer_widgets":"","ocean_shortcode_after_footer_widgets":"","ocean_shortcode_before_footer_bottom":"","ocean_shortcode_after_footer_bottom":"","ocean_display_top_bar":"default","ocean_display_header":"default","ocean_header_style":"","ocean_center_header_left_menu":"0","ocean_custom_header_template":"0","ocean_custom_logo":0,"ocean_custom_retina_logo":0,"ocean_custom_logo_max_width":0,"ocean_custom_logo_tablet_max_width":0,"ocean_custom_logo_mobile_max_width":0,"ocean_custom_logo_max_height":0,"ocean_custom_logo_tablet_max_height":0,"ocean_custom_logo_mobile_max_height":0,"ocean_header_custom_menu":"0","ocean_menu_typo_font_family":"0","ocean_menu_typo_font_subset":"","ocean_menu_typo_font_size":0,"ocean_menu_typo_font_size_tablet":0,"ocean_menu_typo_font_size_mobile":0,"ocean_menu_typo_font_size_unit":"px","ocean_menu_typo_font_weight":"","ocean_menu_typo_font_weight_tablet":"","ocean_menu_typo_font_weight_mobile":"","ocean_menu_typo_transform":"","ocean_menu_typo_transform_tablet":"","ocean_menu_typo_transform_mobile":"","ocean_menu_typo_line_height":0,"ocean_menu_typo_line_height_tablet":0,"ocean_menu_typo_line_height_mobile":0,"ocean_menu_typo_line_height_unit":"","ocean_menu_typo_spacing":0,"ocean_menu_typo_spacing_tablet":0,"ocean_menu_typo_spacing_mobile":0,"ocean_menu_typo_spacing_unit":"","ocean_menu_link_color":"","ocean_menu_link_color_hover":"","ocean_menu_link_color_active":"","ocean_menu_link_background":"","ocean_menu_link_hover_background":"","ocean_menu_link_active_background":"","ocean_menu_social_links_bg":"","ocean_menu_social_hover_links_bg":"","ocean_menu_social_links_color":"","ocean_menu_social_hover_links_color":"","ocean_disable_title":"default","ocean_disable_heading":"default","ocean_post_title":"","ocean_post_subheading":"","ocean_post_title_style":"","ocean_post_title_background_color":"","ocean_post_title_background":0,"ocean_post_title_bg_image_position":"","ocean_post_title_bg_image_attachment":"","ocean_post_title_bg_image_repeat":"","ocean_post_title_bg_image_size":"","ocean_post_title_height":0,"ocean_post_title_bg_overlay":0.5,"ocean_post_title_bg_overlay_color":"","ocean_disable_breadcrumbs":"default","ocean_breadcrumbs_color":"","ocean_breadcrumbs_separator_color":"","ocean_breadcrumbs_links_color":"","ocean_breadcrumbs_links_hover_color":"","ocean_display_footer_widgets":"default","ocean_display_footer_bottom":"default","ocean_custom_footer_template":"0","ofc_meta_disable_footer_callout":"","ofc_meta_callout_button_url":"","ofc_meta_callout_button_txt":"","ofc_meta_callout_text":"","osh_disable_topbar_sticky":"default","osh_disable_header_sticky":"default","osh_sticky_header_style":"default","osh_sticky_header_effect":"","osh_custom_sticky_logo":0,"osh_custom_retina_sticky_logo":0,"osh_custom_sticky_logo_height":0,"osh_background_color":"","osh_links_color":"","osh_links_hover_color":"","osh_links_active_color":"","osh_links_bg_color":"","osh_links_hover_bg_color":"","osh_links_active_bg_color":"","osh_menu_social_links_color":"","osh_menu_social_hover_links_color":""},"product_brand":[2566],"product_cat":[86,89,286],"product_tag":[1119,1164,156,962,1165,1167,104,1168,277,115],"class_list":{"0":"post-11914","1":"product","2":"type-product","3":"status-publish","4":"has-post-thumbnail","6":"product_brand-cuboro","7":"product_cat-freizeit","8":"product_cat-geschenke","9":"product_cat-kinderspiele","10":"product_tag-buchenholz","11":"product_tag-cuboro","12":"product_tag-holz","13":"product_tag-kinderspiel","14":"product_tag-kugelbahn","15":"product_tag-murmeln","16":"product_tag-spiele","17":"product_tag-standard","18":"product_tag-starterset","19":"product_tag-swiss-made","20":"product_shipping_class-paket","22":"entry","23":"has-media","25":"first","26":"instock","27":"sale","28":"taxable","29":"shipping-taxable","30":"purchasable","31":"product-type-simple","32":"col","33":"span_1_of_3","34":"owp-content-center","35":"item-entry","36":"owp-thumbs-layout-horizontal","37":"owp-btn-normal","38":"owp-tabs-layout-horizontal","39":"circle-sale"},"yoast_head":"<!-- This site is optimized with the Yoast SEO plugin v27.3 - https:\/\/yoast.com\/product\/yoast-seo-wordpress\/ -->\n<title>CUBORO Standard 32 Kugelbahn - WeRecycle.ch | WR Group AG<\/title>\n<meta name=\"description\" content=\"Standard 32 - das mittlere Starter Set. Kreiere spannende Kugelbahnen mit allen zentralen W\u00fcrfeln des CUBORO Systems. Extra Sets erweitern die Starter Sets.\" \/>\n<meta name=\"robots\" content=\"index, follow, max-snippet:-1, max-image-preview:large, max-video-preview:-1\" \/>\n<link rel=\"canonical\" href=\"https:\/\/www.werecycle.ch\/en\/shop\/freizeit\/kinderspiele\/cuboro-standard-32-kugelbahn\/\" \/>\n<meta property=\"og:locale\" content=\"en_GB\" \/>\n<meta property=\"og:type\" content=\"article\" \/>\n<meta property=\"og:title\" content=\"CUBORO Standard 32 Kugelbahn - WeRecycle.ch | WR Group AG\" \/>\n<meta property=\"og:description\" content=\"Standard 32 - das mittlere Starter Set. Kreiere spannende Kugelbahnen mit allen zentralen W\u00fcrfeln des CUBORO Systems. Extra Sets erweitern die Starter Sets.\" \/>\n<meta property=\"og:url\" content=\"https:\/\/www.werecycle.ch\/en\/shop\/freizeit\/kinderspiele\/cuboro-standard-32-kugelbahn\/\" \/>\n<meta property=\"og:site_name\" content=\"WeRecycle.ch | WR Group AG\" \/>\n<meta property=\"article:publisher\" content=\"https:\/\/www.facebook.com\/www.werecycle.ch\" \/>\n<meta property=\"article:modified_time\" content=\"2025-09-05T09:47:36+00:00\" \/>\n<meta property=\"og:image\" content=\"https:\/\/www.werecycle.ch\/wp-content\/uploads\/2023\/08\/340203.webp\" \/>\n\t<meta property=\"og:image:width\" content=\"1500\" \/>\n\t<meta property=\"og:image:height\" content=\"1500\" \/>\n\t<meta property=\"og:image:type\" content=\"image\/webp\" \/>\n<meta name=\"twitter:card\" content=\"summary_large_image\" \/>\n<script type=\"application\/ld+json\" class=\"yoast-schema-graph\">{\"@context\":\"https:\\\/\\\/schema.org\",\"@graph\":[{\"@type\":\"WebPage\",\"@id\":\"https:\\\/\\\/www.werecycle.ch\\\/shop\\\/freizeit\\\/kinderspiele\\\/cuboro-standard-32-kugelbahn\\\/\",\"url\":\"https:\\\/\\\/www.werecycle.ch\\\/shop\\\/freizeit\\\/kinderspiele\\\/cuboro-standard-32-kugelbahn\\\/\",\"name\":\"CUBORO Standard 32 Kugelbahn - WeRecycle.ch | WR Group AG\",\"isPartOf\":{\"@id\":\"https:\\\/\\\/www.werecycle.ch\\\/de\\\/#website\"},\"primaryImageOfPage\":{\"@id\":\"https:\\\/\\\/www.werecycle.ch\\\/shop\\\/freizeit\\\/kinderspiele\\\/cuboro-standard-32-kugelbahn\\\/#primaryimage\"},\"image\":{\"@id\":\"https:\\\/\\\/www.werecycle.ch\\\/shop\\\/freizeit\\\/kinderspiele\\\/cuboro-standard-32-kugelbahn\\\/#primaryimage\"},\"thumbnailUrl\":\"https:\\\/\\\/www.werecycle.ch\\\/wp-content\\\/uploads\\\/2023\\\/08\\\/340203.webp\",\"datePublished\":\"2023-07-25T09:44:55+00:00\",\"dateModified\":\"2025-09-05T09:47:36+00:00\",\"description\":\"Standard 32 - das mittlere Starter Set. Kreiere spannende Kugelbahnen mit allen zentralen W\u00fcrfeln des CUBORO Systems. Extra Sets erweitern die Starter Sets.\",\"breadcrumb\":{\"@id\":\"https:\\\/\\\/www.werecycle.ch\\\/shop\\\/freizeit\\\/kinderspiele\\\/cuboro-standard-32-kugelbahn\\\/#breadcrumb\"},\"inLanguage\":\"en-GB\",\"potentialAction\":[{\"@type\":\"ReadAction\",\"target\":[\"https:\\\/\\\/www.werecycle.ch\\\/shop\\\/freizeit\\\/kinderspiele\\\/cuboro-standard-32-kugelbahn\\\/\"]}]},{\"@type\":\"ImageObject\",\"inLanguage\":\"en-GB\",\"@id\":\"https:\\\/\\\/www.werecycle.ch\\\/shop\\\/freizeit\\\/kinderspiele\\\/cuboro-standard-32-kugelbahn\\\/#primaryimage\",\"url\":\"https:\\\/\\\/www.werecycle.ch\\\/wp-content\\\/uploads\\\/2023\\\/08\\\/340203.webp\",\"contentUrl\":\"https:\\\/\\\/www.werecycle.ch\\\/wp-content\\\/uploads\\\/2023\\\/08\\\/340203.webp\",\"width\":1500,\"height\":1500},{\"@type\":\"BreadcrumbList\",\"@id\":\"https:\\\/\\\/www.werecycle.ch\\\/shop\\\/freizeit\\\/kinderspiele\\\/cuboro-standard-32-kugelbahn\\\/#breadcrumb\",\"itemListElement\":[{\"@type\":\"ListItem\",\"position\":1,\"name\":\"Startseite\",\"item\":\"https:\\\/\\\/www.werecycle.ch\\\/\"},{\"@type\":\"ListItem\",\"position\":2,\"name\":\"Shop\",\"item\":\"https:\\\/\\\/www.werecycle.ch\\\/de\\\/shop\\\/\"},{\"@type\":\"ListItem\",\"position\":3,\"name\":\"CUBORO Standard 32 Kugelbahn\"}]},{\"@type\":\"WebSite\",\"@id\":\"https:\\\/\\\/www.werecycle.ch\\\/de\\\/#website\",\"url\":\"https:\\\/\\\/www.werecycle.ch\\\/de\\\/\",\"name\":\"WeRecycle.ch | Recycling Services AG\",\"description\":\"\",\"publisher\":{\"@id\":\"https:\\\/\\\/www.werecycle.ch\\\/de\\\/#organization\"},\"potentialAction\":[{\"@type\":\"SearchAction\",\"target\":{\"@type\":\"EntryPoint\",\"urlTemplate\":\"https:\\\/\\\/www.werecycle.ch\\\/de\\\/?s={search_term_string}\"},\"query-input\":{\"@type\":\"PropertyValueSpecification\",\"valueRequired\":true,\"valueName\":\"search_term_string\"}}],\"inLanguage\":\"en-GB\"},{\"@type\":\"Organization\",\"@id\":\"https:\\\/\\\/www.werecycle.ch\\\/de\\\/#organization\",\"name\":\"WeRecycle.ch | Recycling Services AG\",\"url\":\"https:\\\/\\\/www.werecycle.ch\\\/de\\\/\",\"logo\":{\"@type\":\"ImageObject\",\"inLanguage\":\"en-GB\",\"@id\":\"https:\\\/\\\/www.werecycle.ch\\\/de\\\/#\\\/schema\\\/logo\\\/image\\\/\",\"url\":\"https:\\\/\\\/www.werecycle.ch\\\/wp-content\\\/uploads\\\/2022\\\/09\\\/logo_werecycle.webp\",\"contentUrl\":\"https:\\\/\\\/www.werecycle.ch\\\/wp-content\\\/uploads\\\/2022\\\/09\\\/logo_werecycle.webp\",\"width\":1423,\"height\":427,\"caption\":\"WeRecycle.ch | Recycling Services AG\"},\"image\":{\"@id\":\"https:\\\/\\\/www.werecycle.ch\\\/de\\\/#\\\/schema\\\/logo\\\/image\\\/\"},\"sameAs\":[\"https:\\\/\\\/www.facebook.com\\\/www.werecycle.ch\"]}]}<\/script>\n<!-- \/ Yoast SEO plugin. -->","yoast_head_json":{"title":"CUBORO Standard 32 Kugelbahn - WeRecycle.ch | WR Group AG","description":"Standard 32 - das mittlere Starter Set. Kreiere spannende Kugelbahnen mit allen zentralen W\u00fcrfeln des CUBORO Systems. Extra Sets erweitern die Starter Sets.","robots":{"index":"index","follow":"follow","max-snippet":"max-snippet:-1","max-image-preview":"max-image-preview:large","max-video-preview":"max-video-preview:-1"},"canonical":"https:\/\/www.werecycle.ch\/en\/shop\/freizeit\/kinderspiele\/cuboro-standard-32-kugelbahn\/","og_locale":"en_GB","og_type":"article","og_title":"CUBORO Standard 32 Kugelbahn - WeRecycle.ch | WR Group AG","og_description":"Standard 32 - das mittlere Starter Set. Kreiere spannende Kugelbahnen mit allen zentralen W\u00fcrfeln des CUBORO Systems. Extra Sets erweitern die Starter Sets.","og_url":"https:\/\/www.werecycle.ch\/en\/shop\/freizeit\/kinderspiele\/cuboro-standard-32-kugelbahn\/","og_site_name":"WeRecycle.ch | WR Group AG","article_publisher":"https:\/\/www.facebook.com\/www.werecycle.ch","article_modified_time":"2025-09-05T09:47:36+00:00","og_image":[{"width":1500,"height":1500,"url":"https:\/\/www.werecycle.ch\/wp-content\/uploads\/2023\/08\/340203.webp","type":"image\/webp"}],"twitter_card":"summary_large_image","schema":{"@context":"https:\/\/schema.org","@graph":[{"@type":"WebPage","@id":"https:\/\/www.werecycle.ch\/shop\/freizeit\/kinderspiele\/cuboro-standard-32-kugelbahn\/","url":"https:\/\/www.werecycle.ch\/shop\/freizeit\/kinderspiele\/cuboro-standard-32-kugelbahn\/","name":"CUBORO Standard 32 Kugelbahn - WeRecycle.ch | WR Group AG","isPartOf":{"@id":"https:\/\/www.werecycle.ch\/de\/#website"},"primaryImageOfPage":{"@id":"https:\/\/www.werecycle.ch\/shop\/freizeit\/kinderspiele\/cuboro-standard-32-kugelbahn\/#primaryimage"},"image":{"@id":"https:\/\/www.werecycle.ch\/shop\/freizeit\/kinderspiele\/cuboro-standard-32-kugelbahn\/#primaryimage"},"thumbnailUrl":"https:\/\/www.werecycle.ch\/wp-content\/uploads\/2023\/08\/340203.webp","datePublished":"2023-07-25T09:44:55+00:00","dateModified":"2025-09-05T09:47:36+00:00","description":"Standard 32 - das mittlere Starter Set. Kreiere spannende Kugelbahnen mit allen zentralen W\u00fcrfeln des CUBORO Systems. Extra Sets erweitern die Starter Sets.","breadcrumb":{"@id":"https:\/\/www.werecycle.ch\/shop\/freizeit\/kinderspiele\/cuboro-standard-32-kugelbahn\/#breadcrumb"},"inLanguage":"en-GB","potentialAction":[{"@type":"ReadAction","target":["https:\/\/www.werecycle.ch\/shop\/freizeit\/kinderspiele\/cuboro-standard-32-kugelbahn\/"]}]},{"@type":"ImageObject","inLanguage":"en-GB","@id":"https:\/\/www.werecycle.ch\/shop\/freizeit\/kinderspiele\/cuboro-standard-32-kugelbahn\/#primaryimage","url":"https:\/\/www.werecycle.ch\/wp-content\/uploads\/2023\/08\/340203.webp","contentUrl":"https:\/\/www.werecycle.ch\/wp-content\/uploads\/2023\/08\/340203.webp","width":1500,"height":1500},{"@type":"BreadcrumbList","@id":"https:\/\/www.werecycle.ch\/shop\/freizeit\/kinderspiele\/cuboro-standard-32-kugelbahn\/#breadcrumb","itemListElement":[{"@type":"ListItem","position":1,"name":"Startseite","item":"https:\/\/www.werecycle.ch\/"},{"@type":"ListItem","position":2,"name":"Shop","item":"https:\/\/www.werecycle.ch\/de\/shop\/"},{"@type":"ListItem","position":3,"name":"CUBORO Standard 32 Kugelbahn"}]},{"@type":"WebSite","@id":"https:\/\/www.werecycle.ch\/de\/#website","url":"https:\/\/www.werecycle.ch\/de\/","name":"WeRecycle.ch | Recycling Services AG","description":"","publisher":{"@id":"https:\/\/www.werecycle.ch\/de\/#organization"},"potentialAction":[{"@type":"SearchAction","target":{"@type":"EntryPoint","urlTemplate":"https:\/\/www.werecycle.ch\/de\/?s={search_term_string}"},"query-input":{"@type":"PropertyValueSpecification","valueRequired":true,"valueName":"search_term_string"}}],"inLanguage":"en-GB"},{"@type":"Organization","@id":"https:\/\/www.werecycle.ch\/de\/#organization","name":"WeRecycle.ch | Recycling Services AG","url":"https:\/\/www.werecycle.ch\/de\/","logo":{"@type":"ImageObject","inLanguage":"en-GB","@id":"https:\/\/www.werecycle.ch\/de\/#\/schema\/logo\/image\/","url":"https:\/\/www.werecycle.ch\/wp-content\/uploads\/2022\/09\/logo_werecycle.webp","contentUrl":"https:\/\/www.werecycle.ch\/wp-content\/uploads\/2022\/09\/logo_werecycle.webp","width":1423,"height":427,"caption":"WeRecycle.ch | Recycling Services AG"},"image":{"@id":"https:\/\/www.werecycle.ch\/de\/#\/schema\/logo\/image\/"},"sameAs":["https:\/\/www.facebook.com\/www.werecycle.ch"]}]}},"tiered_pricing_type":"fixed","tiered_pricing_fixed_rules":[],"tiered_pricing_product_settings":{"layout":"default","base_unit_name":{"singular":null,"plural":null},"default_variation":null},"tiered_pricing_minimum_quantity":null,"tiered_pricing_roles_data":[],"tiered_pricing_percentage_rules":[],"_links":{"self":[{"href":"https:\/\/www.werecycle.ch\/en\/wp-json\/wp\/v2\/product\/11914","targetHints":{"allow":["GET"]}}],"collection":[{"href":"https:\/\/www.werecycle.ch\/en\/wp-json\/wp\/v2\/product"}],"about":[{"href":"https:\/\/www.werecycle.ch\/en\/wp-json\/wp\/v2\/types\/product"}],"wp:featuredmedia":[{"embeddable":true,"href":"https:\/\/www.werecycle.ch\/en\/wp-json\/wp\/v2\/media\/11917"}],"wp:attachment":[{"href":"https:\/\/www.werecycle.ch\/en\/wp-json\/wp\/v2\/media?parent=11914"}],"wp:term":[{"taxonomy":"product_brand","embeddable":true,"href":"https:\/\/www.werecycle.ch\/en\/wp-json\/wp\/v2\/product_brand?post=11914"},{"taxonomy":"product_cat","embeddable":true,"href":"https:\/\/www.werecycle.ch\/en\/wp-json\/wp\/v2\/product_cat?post=11914"},{"taxonomy":"product_tag","embeddable":true,"href":"https:\/\/www.werecycle.ch\/en\/wp-json\/wp\/v2\/product_tag?post=11914"}],"curies":[{"name":"wp","href":"https:\/\/api.w.org\/{rel}","templated":true}]}}