{"id":10794,"date":"2023-04-12T13:19:53","date_gmt":"2023-04-12T12:19:53","guid":{"rendered":"https:\/\/www.werecycle.ch\/?post_type=product&#038;p=10794"},"modified":"2026-03-25T14:36:45","modified_gmt":"2026-03-25T13:36:45","slug":"nachhaltige-bambus-haarbuerste","status":"publish","type":"product","link":"https:\/\/www.werecycle.ch\/en\/shop\/wohlbefinden-wellness\/koerperpflege\/nachhaltige-bambus-haarbuerste\/","title":{"rendered":"Bambus Haarb\u00fcrste"},"content":{"rendered":"<p>Die Bambus Haarb\u00fcrste ist eine nachhaltige Alternative zu herk\u00f6mmlichen Haarb\u00fcrsten aus Plastik. Solide verarbeitet und extrem leicht.<\/p>\n<p>Die Haarb\u00fcrste entwirrt und k\u00e4mmt das Haar auf schonende Weise. Bei regelm\u00e4ssiger Anwendung verteilt sich das Haarfett gleichm\u00e4ssig im Haar f\u00fcr einen nat\u00fcrlich gesunden Glanz. Durch die abgerundeten B\u00fcrstenspitzen wird beim B\u00fcrsten der Haare die Kopfhaut massiert, was die Durchblutung f\u00f6rdert und demzufolge einen gesunden Haarwuchs beg\u00fcnstigt.<\/p>\n<p>&nbsp;<\/p>\n<ul>\n<li>Plastikfrei, leicht, solid und langlebig<\/li>\n<li>Abgerundete Bambusborsten<\/li>\n<li>Erm\u00f6glicht antistatisches B\u00fcrsten<\/li>\n<li>Entwirrt und k\u00e4mmt das Haar<\/li>\n<li>Massiert die Kopfhaut<\/li>\n<li>F\u00fcr alle Haartypen geeignet<\/li>\n<\/ul>","protected":false},"excerpt":{"rendered":"<p>Ultraleichte Bambus Haarb\u00fcrste mit abgerundeten B\u00fcrstenspitzen.<\/p>","protected":false},"featured_media":10800,"template":"","meta":{"ocean_post_layout":"","ocean_both_sidebars_style":"","ocean_both_sidebars_content_width":0,"ocean_both_sidebars_sidebars_width":0,"ocean_sidebar":"0","ocean_second_sidebar":"0","ocean_disable_margins":"enable","ocean_add_body_class":"","ocean_shortcode_before_top_bar":"","ocean_shortcode_after_top_bar":"","ocean_shortcode_before_header":"","ocean_shortcode_after_header":"","ocean_has_shortcode":"","ocean_shortcode_after_title":"","ocean_shortcode_before_footer_widgets":"","ocean_shortcode_after_footer_widgets":"","ocean_shortcode_before_footer_bottom":"","ocean_shortcode_after_footer_bottom":"","ocean_display_top_bar":"default","ocean_display_header":"default","ocean_header_style":"","ocean_center_header_left_menu":"0","ocean_custom_header_template":"0","ocean_custom_logo":0,"ocean_custom_retina_logo":0,"ocean_custom_logo_max_width":0,"ocean_custom_logo_tablet_max_width":0,"ocean_custom_logo_mobile_max_width":0,"ocean_custom_logo_max_height":0,"ocean_custom_logo_tablet_max_height":0,"ocean_custom_logo_mobile_max_height":0,"ocean_header_custom_menu":"0","ocean_menu_typo_font_family":"0","ocean_menu_typo_font_subset":"","ocean_menu_typo_font_size":0,"ocean_menu_typo_font_size_tablet":0,"ocean_menu_typo_font_size_mobile":0,"ocean_menu_typo_font_size_unit":"px","ocean_menu_typo_font_weight":"","ocean_menu_typo_font_weight_tablet":"","ocean_menu_typo_font_weight_mobile":"","ocean_menu_typo_transform":"","ocean_menu_typo_transform_tablet":"","ocean_menu_typo_transform_mobile":"","ocean_menu_typo_line_height":0,"ocean_menu_typo_line_height_tablet":0,"ocean_menu_typo_line_height_mobile":0,"ocean_menu_typo_line_height_unit":"","ocean_menu_typo_spacing":0,"ocean_menu_typo_spacing_tablet":0,"ocean_menu_typo_spacing_mobile":0,"ocean_menu_typo_spacing_unit":"","ocean_menu_link_color":"","ocean_menu_link_color_hover":"","ocean_menu_link_color_active":"","ocean_menu_link_background":"","ocean_menu_link_hover_background":"","ocean_menu_link_active_background":"","ocean_menu_social_links_bg":"","ocean_menu_social_hover_links_bg":"","ocean_menu_social_links_color":"","ocean_menu_social_hover_links_color":"","ocean_disable_title":"default","ocean_disable_heading":"default","ocean_post_title":"","ocean_post_subheading":"","ocean_post_title_style":"","ocean_post_title_background_color":"","ocean_post_title_background":0,"ocean_post_title_bg_image_position":"","ocean_post_title_bg_image_attachment":"","ocean_post_title_bg_image_repeat":"","ocean_post_title_bg_image_size":"","ocean_post_title_height":0,"ocean_post_title_bg_overlay":0.5,"ocean_post_title_bg_overlay_color":"","ocean_disable_breadcrumbs":"default","ocean_breadcrumbs_color":"","ocean_breadcrumbs_separator_color":"","ocean_breadcrumbs_links_color":"","ocean_breadcrumbs_links_hover_color":"","ocean_display_footer_widgets":"default","ocean_display_footer_bottom":"default","ocean_custom_footer_template":"0","ofc_meta_disable_footer_callout":"","ofc_meta_callout_button_url":"","ofc_meta_callout_button_txt":"","ofc_meta_callout_text":"","osh_disable_topbar_sticky":"default","osh_disable_header_sticky":"default","osh_sticky_header_style":"default","osh_sticky_header_effect":"","osh_custom_sticky_logo":0,"osh_custom_retina_sticky_logo":0,"osh_custom_sticky_logo_height":0,"osh_background_color":"","osh_links_color":"","osh_links_hover_color":"","osh_links_active_color":"","osh_links_bg_color":"","osh_links_hover_bg_color":"","osh_links_active_bg_color":"","osh_menu_social_links_color":"","osh_menu_social_hover_links_color":""},"product_brand":[2704],"product_cat":[78,60],"product_tag":[378,827,952,953,468,845,946],"class_list":{"0":"post-10794","1":"product","2":"type-product","3":"status-publish","4":"has-post-thumbnail","6":"product_brand-sh-line","7":"product_cat-koerperpflege","8":"product_cat-wohlbefinden-wellness","9":"product_tag-bambus","10":"product_tag-buerste","11":"product_tag-haarbuerste","12":"product_tag-haare","13":"product_tag-nachhaltig","14":"product_tag-nachhaltigkeit","15":"product_tag-pflege","17":"entry","18":"has-media","20":"first","21":"instock","22":"taxable","23":"shipping-taxable","24":"purchasable","25":"product-type-variable","26":"has-default-attributes","27":"col","28":"span_1_of_3","29":"owp-content-center","30":"item-entry","31":"owp-thumbs-layout-horizontal","32":"owp-btn-normal","33":"owp-tabs-layout-horizontal","34":"circle-sale"},"yoast_head":"<!-- This site is optimized with the Yoast SEO plugin v27.4 - https:\/\/yoast.com\/product\/yoast-seo-wordpress\/ -->\n<title>Bambus Haarb\u00fcrste - WeRecycle.ch | WR Group AG<\/title>\n<meta name=\"description\" content=\"Die nachhaltige Bambus Haarb\u00fcrste mit abgerundeten B\u00fcrstenspitzen ist extrem leicht und pflegt Haare und Kopfhaut. L\u00e4nge ca. 20 cm\" \/>\n<meta name=\"robots\" content=\"index, follow, max-snippet:-1, max-image-preview:large, max-video-preview:-1\" \/>\n<link rel=\"canonical\" href=\"https:\/\/www.werecycle.ch\/en\/shop\/wohlbefinden-wellness\/koerperpflege\/nachhaltige-bambus-haarbuerste\/\" \/>\n<meta property=\"og:locale\" content=\"en_GB\" \/>\n<meta property=\"og:type\" content=\"article\" \/>\n<meta property=\"og:title\" content=\"Bambus Haarb\u00fcrste - WeRecycle.ch | WR Group AG\" \/>\n<meta property=\"og:description\" content=\"Die nachhaltige Bambus Haarb\u00fcrste mit abgerundeten B\u00fcrstenspitzen ist extrem leicht und pflegt Haare und Kopfhaut. L\u00e4nge ca. 20 cm\" \/>\n<meta property=\"og:url\" content=\"https:\/\/www.werecycle.ch\/en\/shop\/wohlbefinden-wellness\/koerperpflege\/nachhaltige-bambus-haarbuerste\/\" \/>\n<meta property=\"og:site_name\" content=\"WeRecycle.ch | WR Group AG\" \/>\n<meta property=\"article:publisher\" content=\"https:\/\/www.facebook.com\/www.werecycle.ch\" \/>\n<meta property=\"article:modified_time\" content=\"2026-03-25T13:36:45+00:00\" \/>\n<meta property=\"og:image\" content=\"https:\/\/www.werecycle.ch\/wp-content\/uploads\/2023\/06\/220611.webp\" \/>\n\t<meta property=\"og:image:width\" content=\"1000\" \/>\n\t<meta property=\"og:image:height\" content=\"1000\" \/>\n\t<meta property=\"og:image:type\" content=\"image\/webp\" \/>\n<meta name=\"twitter:card\" content=\"summary_large_image\" \/>\n<script type=\"application\/ld+json\" class=\"yoast-schema-graph\">{\"@context\":\"https:\\\/\\\/schema.org\",\"@graph\":[{\"@type\":\"WebPage\",\"@id\":\"https:\\\/\\\/www.werecycle.ch\\\/shop\\\/wohlbefinden-wellness\\\/koerperpflege\\\/nachhaltige-bambus-haarbuerste\\\/\",\"url\":\"https:\\\/\\\/www.werecycle.ch\\\/shop\\\/wohlbefinden-wellness\\\/koerperpflege\\\/nachhaltige-bambus-haarbuerste\\\/\",\"name\":\"Bambus Haarb\u00fcrste - WeRecycle.ch | WR Group AG\",\"isPartOf\":{\"@id\":\"https:\\\/\\\/www.werecycle.ch\\\/de\\\/#website\"},\"primaryImageOfPage\":{\"@id\":\"https:\\\/\\\/www.werecycle.ch\\\/shop\\\/wohlbefinden-wellness\\\/koerperpflege\\\/nachhaltige-bambus-haarbuerste\\\/#primaryimage\"},\"image\":{\"@id\":\"https:\\\/\\\/www.werecycle.ch\\\/shop\\\/wohlbefinden-wellness\\\/koerperpflege\\\/nachhaltige-bambus-haarbuerste\\\/#primaryimage\"},\"thumbnailUrl\":\"https:\\\/\\\/www.werecycle.ch\\\/wp-content\\\/uploads\\\/2023\\\/06\\\/220611.webp\",\"datePublished\":\"2023-04-12T12:19:53+00:00\",\"dateModified\":\"2026-03-25T13:36:45+00:00\",\"description\":\"Die nachhaltige Bambus Haarb\u00fcrste mit abgerundeten B\u00fcrstenspitzen ist extrem leicht und pflegt Haare und Kopfhaut. L\u00e4nge ca. 20 cm\",\"breadcrumb\":{\"@id\":\"https:\\\/\\\/www.werecycle.ch\\\/shop\\\/wohlbefinden-wellness\\\/koerperpflege\\\/nachhaltige-bambus-haarbuerste\\\/#breadcrumb\"},\"inLanguage\":\"en-GB\",\"potentialAction\":[{\"@type\":\"ReadAction\",\"target\":[\"https:\\\/\\\/www.werecycle.ch\\\/shop\\\/wohlbefinden-wellness\\\/koerperpflege\\\/nachhaltige-bambus-haarbuerste\\\/\"]}]},{\"@type\":\"ImageObject\",\"inLanguage\":\"en-GB\",\"@id\":\"https:\\\/\\\/www.werecycle.ch\\\/shop\\\/wohlbefinden-wellness\\\/koerperpflege\\\/nachhaltige-bambus-haarbuerste\\\/#primaryimage\",\"url\":\"https:\\\/\\\/www.werecycle.ch\\\/wp-content\\\/uploads\\\/2023\\\/06\\\/220611.webp\",\"contentUrl\":\"https:\\\/\\\/www.werecycle.ch\\\/wp-content\\\/uploads\\\/2023\\\/06\\\/220611.webp\",\"width\":1000,\"height\":1000},{\"@type\":\"BreadcrumbList\",\"@id\":\"https:\\\/\\\/www.werecycle.ch\\\/shop\\\/wohlbefinden-wellness\\\/koerperpflege\\\/nachhaltige-bambus-haarbuerste\\\/#breadcrumb\",\"itemListElement\":[{\"@type\":\"ListItem\",\"position\":1,\"name\":\"Startseite\",\"item\":\"https:\\\/\\\/www.werecycle.ch\\\/\"},{\"@type\":\"ListItem\",\"position\":2,\"name\":\"Shop\",\"item\":\"https:\\\/\\\/www.werecycle.ch\\\/de\\\/shop\\\/\"},{\"@type\":\"ListItem\",\"position\":3,\"name\":\"Bambus Haarb\u00fcrste\"}]},{\"@type\":\"WebSite\",\"@id\":\"https:\\\/\\\/www.werecycle.ch\\\/de\\\/#website\",\"url\":\"https:\\\/\\\/www.werecycle.ch\\\/de\\\/\",\"name\":\"WeRecycle.ch | Recycling Services AG\",\"description\":\"\",\"publisher\":{\"@id\":\"https:\\\/\\\/www.werecycle.ch\\\/de\\\/#organization\"},\"potentialAction\":[{\"@type\":\"SearchAction\",\"target\":{\"@type\":\"EntryPoint\",\"urlTemplate\":\"https:\\\/\\\/www.werecycle.ch\\\/de\\\/?s={search_term_string}\"},\"query-input\":{\"@type\":\"PropertyValueSpecification\",\"valueRequired\":true,\"valueName\":\"search_term_string\"}}],\"inLanguage\":\"en-GB\"},{\"@type\":\"Organization\",\"@id\":\"https:\\\/\\\/www.werecycle.ch\\\/de\\\/#organization\",\"name\":\"WeRecycle.ch | Recycling Services AG\",\"url\":\"https:\\\/\\\/www.werecycle.ch\\\/de\\\/\",\"logo\":{\"@type\":\"ImageObject\",\"inLanguage\":\"en-GB\",\"@id\":\"https:\\\/\\\/www.werecycle.ch\\\/de\\\/#\\\/schema\\\/logo\\\/image\\\/\",\"url\":\"https:\\\/\\\/www.werecycle.ch\\\/wp-content\\\/uploads\\\/2022\\\/09\\\/logo_werecycle.webp\",\"contentUrl\":\"https:\\\/\\\/www.werecycle.ch\\\/wp-content\\\/uploads\\\/2022\\\/09\\\/logo_werecycle.webp\",\"width\":1423,\"height\":427,\"caption\":\"WeRecycle.ch | Recycling Services AG\"},\"image\":{\"@id\":\"https:\\\/\\\/www.werecycle.ch\\\/de\\\/#\\\/schema\\\/logo\\\/image\\\/\"},\"sameAs\":[\"https:\\\/\\\/www.facebook.com\\\/www.werecycle.ch\"]}]}<\/script>\n<!-- \/ Yoast SEO plugin. -->","yoast_head_json":{"title":"Bambus Haarb\u00fcrste - WeRecycle.ch | WR Group AG","description":"Die nachhaltige Bambus Haarb\u00fcrste mit abgerundeten B\u00fcrstenspitzen ist extrem leicht und pflegt Haare und Kopfhaut. L\u00e4nge ca. 20 cm","robots":{"index":"index","follow":"follow","max-snippet":"max-snippet:-1","max-image-preview":"max-image-preview:large","max-video-preview":"max-video-preview:-1"},"canonical":"https:\/\/www.werecycle.ch\/en\/shop\/wohlbefinden-wellness\/koerperpflege\/nachhaltige-bambus-haarbuerste\/","og_locale":"en_GB","og_type":"article","og_title":"Bambus Haarb\u00fcrste - WeRecycle.ch | WR Group AG","og_description":"Die nachhaltige Bambus Haarb\u00fcrste mit abgerundeten B\u00fcrstenspitzen ist extrem leicht und pflegt Haare und Kopfhaut. L\u00e4nge ca. 20 cm","og_url":"https:\/\/www.werecycle.ch\/en\/shop\/wohlbefinden-wellness\/koerperpflege\/nachhaltige-bambus-haarbuerste\/","og_site_name":"WeRecycle.ch | WR Group AG","article_publisher":"https:\/\/www.facebook.com\/www.werecycle.ch","article_modified_time":"2026-03-25T13:36:45+00:00","og_image":[{"width":1000,"height":1000,"url":"https:\/\/www.werecycle.ch\/wp-content\/uploads\/2023\/06\/220611.webp","type":"image\/webp"}],"twitter_card":"summary_large_image","schema":{"@context":"https:\/\/schema.org","@graph":[{"@type":"WebPage","@id":"https:\/\/www.werecycle.ch\/shop\/wohlbefinden-wellness\/koerperpflege\/nachhaltige-bambus-haarbuerste\/","url":"https:\/\/www.werecycle.ch\/shop\/wohlbefinden-wellness\/koerperpflege\/nachhaltige-bambus-haarbuerste\/","name":"Bambus Haarb\u00fcrste - WeRecycle.ch | WR Group AG","isPartOf":{"@id":"https:\/\/www.werecycle.ch\/de\/#website"},"primaryImageOfPage":{"@id":"https:\/\/www.werecycle.ch\/shop\/wohlbefinden-wellness\/koerperpflege\/nachhaltige-bambus-haarbuerste\/#primaryimage"},"image":{"@id":"https:\/\/www.werecycle.ch\/shop\/wohlbefinden-wellness\/koerperpflege\/nachhaltige-bambus-haarbuerste\/#primaryimage"},"thumbnailUrl":"https:\/\/www.werecycle.ch\/wp-content\/uploads\/2023\/06\/220611.webp","datePublished":"2023-04-12T12:19:53+00:00","dateModified":"2026-03-25T13:36:45+00:00","description":"Die nachhaltige Bambus Haarb\u00fcrste mit abgerundeten B\u00fcrstenspitzen ist extrem leicht und pflegt Haare und Kopfhaut. L\u00e4nge ca. 20 cm","breadcrumb":{"@id":"https:\/\/www.werecycle.ch\/shop\/wohlbefinden-wellness\/koerperpflege\/nachhaltige-bambus-haarbuerste\/#breadcrumb"},"inLanguage":"en-GB","potentialAction":[{"@type":"ReadAction","target":["https:\/\/www.werecycle.ch\/shop\/wohlbefinden-wellness\/koerperpflege\/nachhaltige-bambus-haarbuerste\/"]}]},{"@type":"ImageObject","inLanguage":"en-GB","@id":"https:\/\/www.werecycle.ch\/shop\/wohlbefinden-wellness\/koerperpflege\/nachhaltige-bambus-haarbuerste\/#primaryimage","url":"https:\/\/www.werecycle.ch\/wp-content\/uploads\/2023\/06\/220611.webp","contentUrl":"https:\/\/www.werecycle.ch\/wp-content\/uploads\/2023\/06\/220611.webp","width":1000,"height":1000},{"@type":"BreadcrumbList","@id":"https:\/\/www.werecycle.ch\/shop\/wohlbefinden-wellness\/koerperpflege\/nachhaltige-bambus-haarbuerste\/#breadcrumb","itemListElement":[{"@type":"ListItem","position":1,"name":"Startseite","item":"https:\/\/www.werecycle.ch\/"},{"@type":"ListItem","position":2,"name":"Shop","item":"https:\/\/www.werecycle.ch\/de\/shop\/"},{"@type":"ListItem","position":3,"name":"Bambus Haarb\u00fcrste"}]},{"@type":"WebSite","@id":"https:\/\/www.werecycle.ch\/de\/#website","url":"https:\/\/www.werecycle.ch\/de\/","name":"WeRecycle.ch | Recycling Services AG","description":"","publisher":{"@id":"https:\/\/www.werecycle.ch\/de\/#organization"},"potentialAction":[{"@type":"SearchAction","target":{"@type":"EntryPoint","urlTemplate":"https:\/\/www.werecycle.ch\/de\/?s={search_term_string}"},"query-input":{"@type":"PropertyValueSpecification","valueRequired":true,"valueName":"search_term_string"}}],"inLanguage":"en-GB"},{"@type":"Organization","@id":"https:\/\/www.werecycle.ch\/de\/#organization","name":"WeRecycle.ch | Recycling Services AG","url":"https:\/\/www.werecycle.ch\/de\/","logo":{"@type":"ImageObject","inLanguage":"en-GB","@id":"https:\/\/www.werecycle.ch\/de\/#\/schema\/logo\/image\/","url":"https:\/\/www.werecycle.ch\/wp-content\/uploads\/2022\/09\/logo_werecycle.webp","contentUrl":"https:\/\/www.werecycle.ch\/wp-content\/uploads\/2022\/09\/logo_werecycle.webp","width":1423,"height":427,"caption":"WeRecycle.ch | Recycling Services AG"},"image":{"@id":"https:\/\/www.werecycle.ch\/de\/#\/schema\/logo\/image\/"},"sameAs":["https:\/\/www.facebook.com\/www.werecycle.ch"]}]}},"tiered_pricing_type":"fixed","tiered_pricing_fixed_rules":[],"tiered_pricing_product_settings":{"layout":"default","base_unit_name":{"singular":null,"plural":null},"default_variation":null},"tiered_pricing_minimum_quantity":null,"tiered_pricing_roles_data":[],"tiered_pricing_percentage_rules":[],"_links":{"self":[{"href":"https:\/\/www.werecycle.ch\/en\/wp-json\/wp\/v2\/product\/10794","targetHints":{"allow":["GET"]}}],"collection":[{"href":"https:\/\/www.werecycle.ch\/en\/wp-json\/wp\/v2\/product"}],"about":[{"href":"https:\/\/www.werecycle.ch\/en\/wp-json\/wp\/v2\/types\/product"}],"wp:featuredmedia":[{"embeddable":true,"href":"https:\/\/www.werecycle.ch\/en\/wp-json\/wp\/v2\/media\/10800"}],"wp:attachment":[{"href":"https:\/\/www.werecycle.ch\/en\/wp-json\/wp\/v2\/media?parent=10794"}],"wp:term":[{"taxonomy":"product_brand","embeddable":true,"href":"https:\/\/www.werecycle.ch\/en\/wp-json\/wp\/v2\/product_brand?post=10794"},{"taxonomy":"product_cat","embeddable":true,"href":"https:\/\/www.werecycle.ch\/en\/wp-json\/wp\/v2\/product_cat?post=10794"},{"taxonomy":"product_tag","embeddable":true,"href":"https:\/\/www.werecycle.ch\/en\/wp-json\/wp\/v2\/product_tag?post=10794"}],"curies":[{"name":"wp","href":"https:\/\/api.w.org\/{rel}","templated":true}]}}