{"id":9461,"date":"2023-04-30T09:51:28","date_gmt":"2023-04-30T08:51:28","guid":{"rendered":"https:\/\/www.werecycle.ch\/?post_type=product&#038;p=9461"},"modified":"2026-04-24T11:55:29","modified_gmt":"2026-04-24T09:55:29","slug":"koziol-picknick-suppenteller-22cm","status":"publish","type":"product","link":"https:\/\/www.werecycle.ch\/de\/shop\/freizeit\/outdoor-camping\/koziol-picknick-suppenteller-22cm\/","title":{"rendered":"Koziol Picknick Suppen- &#038; Pastateller"},"content":{"rendered":"<p>Der universelle Teller von Koziol f\u00fcr Gartenfeste, Picknicks oder Glamping und alle Anl\u00e4sse, die vorzugsweise draussen stattfinden. Die Aussenseite tr\u00e4gt eine lebendige Facettenstruktur, die Innenseite ist hochgl\u00e4nzend poliert. Seine solide Qualit\u00e4t und breite Standfl\u00e4che vermitteln jederzeit und \u00fcberall das gute Gef\u00fchl hochwertigen Dinierens. Ideal f\u00fcr alle Outdoor-Aktivit\u00e4ten, bei denen man auf stilvolles Geschirr keineswegs verzichten m\u00f6chte.<\/p>\n<p>Der biozirk\u00fcl\u00e4re Kunststoff wird aus entsorgtem Sonnenblumen- und Raps\u00f6l generiert. Diese \u00d6le werden in einem bestimmten Recyclingverfahren in Kunststoff umgewandelt.<\/p>\n<p>&nbsp;<\/p>\n<ul class=\"cds-List cds-List--Bulleted\">\n<li>Set mit 4 St\u00fcck<\/li>\n<li>Material: Biozirkul\u00e4rer Kunststoff<\/li>\n<li>Durchmesser: 22 cm<\/li>\n<li>H\u00f6he: 3,5 cm<\/li>\n<li>Sicherer Stand<\/li>\n<li>Stapelbar: Ja<\/li>\n<li>Sp\u00fclmaschinenfest: Ja<\/li>\n<\/ul>\n<p>&nbsp;<\/p>\n<div class=\"ProductDescription-Paragraph\">\n<h4 class=\"ProductDescription-ParagraphTitle\">Koziol: Ein Familienunternehmen mit Tradition<\/h4>\n<p>Die Firma Koziol produziert ausschliesslich in Deutschland und setzt zu 100% auf thermoplastische Kunststoffe. In Erbach entstehen innovative, kunstvolle und spannende Ideen unter Verwendung von umweltfreundlichen Materialien. Alle Produktionsabf\u00e4lle werden vollumf\u00e4nglich recycelt. Koziol steht f\u00fcr sch\u00f6nes und witziges Design und stellt Gebrauchsartikel in allen Formen und Farben her.<\/p>\n<\/div>\n<div class=\"ProductDescription-Paragraph\">\n<h4 class=\"ProductDescription-ParagraphTitle\">Wiederverwendbar<\/h4>\n<p>Wiederverwendbare Produkte zeichnen sich aus durch Mehrfachverwendung und Langlebigkeit. G\u00e4ngige Einwegprodukte aus dem allt\u00e4glichen Leben k\u00f6nnen so durch wiederverwendbare Alternativen sinnvoll ersetzt werden. Diese m\u00fcssen auch nach mehrfachem Gebrauch nicht weggeworfen werden.<\/p>\n<\/div>\n","protected":false},"excerpt":{"rendered":"<p>Set mit 4 St\u00fcck.<\/p>\n<p>Das perfekte Suppen- und Pastateller-Set f\u00fcrs Picknick oder Camping aus bruchsicherem, biozirkul\u00e4rem Kunststoff (Kunststoff aus entsorgtem Sonnenblumen- und Raps\u00f6l).<\/p>\n","protected":false},"featured_media":9475,"template":"","meta":{"ocean_post_layout":"","ocean_both_sidebars_style":"","ocean_both_sidebars_content_width":0,"ocean_both_sidebars_sidebars_width":0,"ocean_sidebar":"0","ocean_second_sidebar":"0","ocean_disable_margins":"enable","ocean_add_body_class":"","ocean_shortcode_before_top_bar":"","ocean_shortcode_after_top_bar":"","ocean_shortcode_before_header":"","ocean_shortcode_after_header":"","ocean_has_shortcode":"","ocean_shortcode_after_title":"","ocean_shortcode_before_footer_widgets":"","ocean_shortcode_after_footer_widgets":"","ocean_shortcode_before_footer_bottom":"","ocean_shortcode_after_footer_bottom":"","ocean_display_top_bar":"default","ocean_display_header":"default","ocean_header_style":"","ocean_center_header_left_menu":"0","ocean_custom_header_template":"0","ocean_custom_logo":0,"ocean_custom_retina_logo":0,"ocean_custom_logo_max_width":0,"ocean_custom_logo_tablet_max_width":0,"ocean_custom_logo_mobile_max_width":0,"ocean_custom_logo_max_height":0,"ocean_custom_logo_tablet_max_height":0,"ocean_custom_logo_mobile_max_height":0,"ocean_header_custom_menu":"0","ocean_menu_typo_font_family":"0","ocean_menu_typo_font_subset":"","ocean_menu_typo_font_size":0,"ocean_menu_typo_font_size_tablet":0,"ocean_menu_typo_font_size_mobile":0,"ocean_menu_typo_font_size_unit":"px","ocean_menu_typo_font_weight":"","ocean_menu_typo_font_weight_tablet":"","ocean_menu_typo_font_weight_mobile":"","ocean_menu_typo_transform":"","ocean_menu_typo_transform_tablet":"","ocean_menu_typo_transform_mobile":"","ocean_menu_typo_line_height":0,"ocean_menu_typo_line_height_tablet":0,"ocean_menu_typo_line_height_mobile":0,"ocean_menu_typo_line_height_unit":"","ocean_menu_typo_spacing":0,"ocean_menu_typo_spacing_tablet":0,"ocean_menu_typo_spacing_mobile":0,"ocean_menu_typo_spacing_unit":"","ocean_menu_link_color":"","ocean_menu_link_color_hover":"","ocean_menu_link_color_active":"","ocean_menu_link_background":"","ocean_menu_link_hover_background":"","ocean_menu_link_active_background":"","ocean_menu_social_links_bg":"","ocean_menu_social_hover_links_bg":"","ocean_menu_social_links_color":"","ocean_menu_social_hover_links_color":"","ocean_disable_title":"default","ocean_disable_heading":"default","ocean_post_title":"","ocean_post_subheading":"","ocean_post_title_style":"","ocean_post_title_background_color":"","ocean_post_title_background":0,"ocean_post_title_bg_image_position":"","ocean_post_title_bg_image_attachment":"","ocean_post_title_bg_image_repeat":"","ocean_post_title_bg_image_size":"","ocean_post_title_height":0,"ocean_post_title_bg_overlay":0.5,"ocean_post_title_bg_overlay_color":"","ocean_disable_breadcrumbs":"default","ocean_breadcrumbs_color":"","ocean_breadcrumbs_separator_color":"","ocean_breadcrumbs_links_color":"","ocean_breadcrumbs_links_hover_color":"","ocean_display_footer_widgets":"default","ocean_display_footer_bottom":"default","ocean_custom_footer_template":"0","ofc_meta_disable_footer_callout":"","ofc_meta_callout_button_url":"","ofc_meta_callout_button_txt":"","ofc_meta_callout_text":"","osh_disable_topbar_sticky":"default","osh_disable_header_sticky":"default","osh_sticky_header_style":"default","osh_sticky_header_effect":"","osh_custom_sticky_logo":0,"osh_custom_retina_sticky_logo":0,"osh_custom_sticky_logo_height":0,"osh_background_color":"","osh_links_color":"","osh_links_hover_color":"","osh_links_active_color":"","osh_links_bg_color":"","osh_links_hover_bg_color":"","osh_links_active_bg_color":"","osh_menu_social_links_color":"","osh_menu_social_hover_links_color":""},"product_brand":[],"product_cat":[2735],"product_tag":[546,543,545,541,740,741,422,394,544],"class_list":{"0":"post-9461","1":"product","2":"type-product","3":"status-publish","4":"has-post-thumbnail","6":"product_cat-outdoor-camping","7":"product_tag-biokunststoff","8":"product_tag-biozirkulaerer-kunststoff","9":"product_tag-essen","10":"product_tag-koziol","11":"product_tag-picknick","12":"product_tag-teller","13":"product_tag-togo","14":"product_tag-upycling","15":"product_tag-wiederverwendbar","16":"product_shipping_class-paket","18":"entry","19":"has-media","21":"first","22":"instock","23":"taxable","24":"shipping-taxable","25":"purchasable","26":"product-type-variable","27":"has-default-attributes","28":"col","29":"span_1_of_3","30":"owp-content-center","31":"item-entry","32":"owp-thumbs-layout-horizontal","33":"owp-btn-normal","34":"owp-tabs-layout-horizontal","35":"circle-sale"},"yoast_head":"<!-- This site is optimized with the Yoast SEO plugin v27.5 - https:\/\/yoast.com\/product\/yoast-seo-wordpress\/ -->\n<title>Koziol Picknick Suppen- &amp; Pastateller - WeRecycle.ch | WR Group AG<\/title>\n<meta name=\"description\" content=\"Tiefe Suppen- &amp; Pastateller im Set f\u00fcrs Picknick oder Camping aus bruchsicherem, biozirkul\u00e4rem Kunststoff (Kunststoff aus entsorgtem Sonnenblumen- und Raps\u00f6l).\" \/>\n<meta name=\"robots\" content=\"index, follow, max-snippet:-1, max-image-preview:large, max-video-preview:-1\" \/>\n<link rel=\"canonical\" href=\"https:\/\/www.werecycle.ch\/de\/shop\/freizeit\/outdoor-camping\/koziol-picknick-suppenteller-22cm\/\" \/>\n<meta property=\"og:locale\" content=\"de_DE\" \/>\n<meta property=\"og:type\" content=\"article\" \/>\n<meta property=\"og:title\" content=\"Koziol Picknick Suppen- &amp; Pastateller - WeRecycle.ch | WR Group AG\" \/>\n<meta property=\"og:description\" content=\"Tiefe Suppen- &amp; Pastateller im Set f\u00fcrs Picknick oder Camping aus bruchsicherem, biozirkul\u00e4rem Kunststoff (Kunststoff aus entsorgtem Sonnenblumen- und Raps\u00f6l).\" \/>\n<meta property=\"og:url\" content=\"https:\/\/www.werecycle.ch\/de\/shop\/freizeit\/outdoor-camping\/koziol-picknick-suppenteller-22cm\/\" \/>\n<meta property=\"og:site_name\" content=\"WeRecycle.ch | WR Group AG\" \/>\n<meta property=\"article:publisher\" content=\"https:\/\/www.facebook.com\/www.werecycle.ch\" \/>\n<meta property=\"article:modified_time\" content=\"2026-04-24T09:55:29+00:00\" \/>\n<meta property=\"og:image\" content=\"https:\/\/www.werecycle.ch\/wp-content\/uploads\/2023\/05\/508337.webp\" \/>\n\t<meta property=\"og:image:width\" content=\"1500\" \/>\n\t<meta property=\"og:image:height\" content=\"1500\" \/>\n\t<meta property=\"og:image:type\" content=\"image\/webp\" \/>\n<meta name=\"twitter:card\" content=\"summary_large_image\" \/>\n<script type=\"application\/ld+json\" class=\"yoast-schema-graph\">{\"@context\":\"https:\\\/\\\/schema.org\",\"@graph\":[{\"@type\":\"WebPage\",\"@id\":\"https:\\\/\\\/www.werecycle.ch\\\/shop\\\/freizeit\\\/outdoor-camping\\\/koziol-picknick-suppenteller-22cm\\\/\",\"url\":\"https:\\\/\\\/www.werecycle.ch\\\/shop\\\/freizeit\\\/outdoor-camping\\\/koziol-picknick-suppenteller-22cm\\\/\",\"name\":\"Koziol Picknick Suppen- & Pastateller - WeRecycle.ch | WR Group AG\",\"isPartOf\":{\"@id\":\"https:\\\/\\\/www.werecycle.ch\\\/de\\\/#website\"},\"primaryImageOfPage\":{\"@id\":\"https:\\\/\\\/www.werecycle.ch\\\/shop\\\/freizeit\\\/outdoor-camping\\\/koziol-picknick-suppenteller-22cm\\\/#primaryimage\"},\"image\":{\"@id\":\"https:\\\/\\\/www.werecycle.ch\\\/shop\\\/freizeit\\\/outdoor-camping\\\/koziol-picknick-suppenteller-22cm\\\/#primaryimage\"},\"thumbnailUrl\":\"https:\\\/\\\/www.werecycle.ch\\\/wp-content\\\/uploads\\\/2023\\\/05\\\/508337.webp\",\"datePublished\":\"2023-04-30T08:51:28+00:00\",\"dateModified\":\"2026-04-24T09:55:29+00:00\",\"description\":\"Tiefe Suppen- & Pastateller im Set f\u00fcrs Picknick oder Camping aus bruchsicherem, biozirkul\u00e4rem Kunststoff (Kunststoff aus entsorgtem Sonnenblumen- und Raps\u00f6l).\",\"breadcrumb\":{\"@id\":\"https:\\\/\\\/www.werecycle.ch\\\/shop\\\/freizeit\\\/outdoor-camping\\\/koziol-picknick-suppenteller-22cm\\\/#breadcrumb\"},\"inLanguage\":\"de\",\"potentialAction\":[{\"@type\":\"ReadAction\",\"target\":[\"https:\\\/\\\/www.werecycle.ch\\\/shop\\\/freizeit\\\/outdoor-camping\\\/koziol-picknick-suppenteller-22cm\\\/\"]}]},{\"@type\":\"ImageObject\",\"inLanguage\":\"de\",\"@id\":\"https:\\\/\\\/www.werecycle.ch\\\/shop\\\/freizeit\\\/outdoor-camping\\\/koziol-picknick-suppenteller-22cm\\\/#primaryimage\",\"url\":\"https:\\\/\\\/www.werecycle.ch\\\/wp-content\\\/uploads\\\/2023\\\/05\\\/508337.webp\",\"contentUrl\":\"https:\\\/\\\/www.werecycle.ch\\\/wp-content\\\/uploads\\\/2023\\\/05\\\/508337.webp\",\"width\":1500,\"height\":1500},{\"@type\":\"BreadcrumbList\",\"@id\":\"https:\\\/\\\/www.werecycle.ch\\\/shop\\\/freizeit\\\/outdoor-camping\\\/koziol-picknick-suppenteller-22cm\\\/#breadcrumb\",\"itemListElement\":[{\"@type\":\"ListItem\",\"position\":1,\"name\":\"Startseite\",\"item\":\"https:\\\/\\\/www.werecycle.ch\\\/\"},{\"@type\":\"ListItem\",\"position\":2,\"name\":\"Shop\",\"item\":\"https:\\\/\\\/www.werecycle.ch\\\/de\\\/shop\\\/\"},{\"@type\":\"ListItem\",\"position\":3,\"name\":\"Koziol Picknick Suppen- &#038; Pastateller\"}]},{\"@type\":\"WebSite\",\"@id\":\"https:\\\/\\\/www.werecycle.ch\\\/de\\\/#website\",\"url\":\"https:\\\/\\\/www.werecycle.ch\\\/de\\\/\",\"name\":\"WeRecycle.ch | Recycling Services AG\",\"description\":\"\",\"publisher\":{\"@id\":\"https:\\\/\\\/www.werecycle.ch\\\/de\\\/#organization\"},\"potentialAction\":[{\"@type\":\"SearchAction\",\"target\":{\"@type\":\"EntryPoint\",\"urlTemplate\":\"https:\\\/\\\/www.werecycle.ch\\\/de\\\/?s={search_term_string}\"},\"query-input\":{\"@type\":\"PropertyValueSpecification\",\"valueRequired\":true,\"valueName\":\"search_term_string\"}}],\"inLanguage\":\"de\"},{\"@type\":\"Organization\",\"@id\":\"https:\\\/\\\/www.werecycle.ch\\\/de\\\/#organization\",\"name\":\"WeRecycle.ch | Recycling Services AG\",\"url\":\"https:\\\/\\\/www.werecycle.ch\\\/de\\\/\",\"logo\":{\"@type\":\"ImageObject\",\"inLanguage\":\"de\",\"@id\":\"https:\\\/\\\/www.werecycle.ch\\\/de\\\/#\\\/schema\\\/logo\\\/image\\\/\",\"url\":\"https:\\\/\\\/www.werecycle.ch\\\/wp-content\\\/uploads\\\/2022\\\/09\\\/logo_werecycle.webp\",\"contentUrl\":\"https:\\\/\\\/www.werecycle.ch\\\/wp-content\\\/uploads\\\/2022\\\/09\\\/logo_werecycle.webp\",\"width\":1423,\"height\":427,\"caption\":\"WeRecycle.ch | Recycling Services AG\"},\"image\":{\"@id\":\"https:\\\/\\\/www.werecycle.ch\\\/de\\\/#\\\/schema\\\/logo\\\/image\\\/\"},\"sameAs\":[\"https:\\\/\\\/www.facebook.com\\\/www.werecycle.ch\"]}]}<\/script>\n<!-- \/ Yoast SEO plugin. -->","yoast_head_json":{"title":"Koziol Picknick Suppen- & Pastateller - WeRecycle.ch | WR Group AG","description":"Tiefe Suppen- & Pastateller im Set f\u00fcrs Picknick oder Camping aus bruchsicherem, biozirkul\u00e4rem Kunststoff (Kunststoff aus entsorgtem Sonnenblumen- und Raps\u00f6l).","robots":{"index":"index","follow":"follow","max-snippet":"max-snippet:-1","max-image-preview":"max-image-preview:large","max-video-preview":"max-video-preview:-1"},"canonical":"https:\/\/www.werecycle.ch\/de\/shop\/freizeit\/outdoor-camping\/koziol-picknick-suppenteller-22cm\/","og_locale":"de_DE","og_type":"article","og_title":"Koziol Picknick Suppen- & Pastateller - WeRecycle.ch | WR Group AG","og_description":"Tiefe Suppen- & Pastateller im Set f\u00fcrs Picknick oder Camping aus bruchsicherem, biozirkul\u00e4rem Kunststoff (Kunststoff aus entsorgtem Sonnenblumen- und Raps\u00f6l).","og_url":"https:\/\/www.werecycle.ch\/de\/shop\/freizeit\/outdoor-camping\/koziol-picknick-suppenteller-22cm\/","og_site_name":"WeRecycle.ch | WR Group AG","article_publisher":"https:\/\/www.facebook.com\/www.werecycle.ch","article_modified_time":"2026-04-24T09:55:29+00:00","og_image":[{"width":1500,"height":1500,"url":"https:\/\/www.werecycle.ch\/wp-content\/uploads\/2023\/05\/508337.webp","type":"image\/webp"}],"twitter_card":"summary_large_image","schema":{"@context":"https:\/\/schema.org","@graph":[{"@type":"WebPage","@id":"https:\/\/www.werecycle.ch\/shop\/freizeit\/outdoor-camping\/koziol-picknick-suppenteller-22cm\/","url":"https:\/\/www.werecycle.ch\/shop\/freizeit\/outdoor-camping\/koziol-picknick-suppenteller-22cm\/","name":"Koziol Picknick Suppen- & Pastateller - WeRecycle.ch | WR Group AG","isPartOf":{"@id":"https:\/\/www.werecycle.ch\/de\/#website"},"primaryImageOfPage":{"@id":"https:\/\/www.werecycle.ch\/shop\/freizeit\/outdoor-camping\/koziol-picknick-suppenteller-22cm\/#primaryimage"},"image":{"@id":"https:\/\/www.werecycle.ch\/shop\/freizeit\/outdoor-camping\/koziol-picknick-suppenteller-22cm\/#primaryimage"},"thumbnailUrl":"https:\/\/www.werecycle.ch\/wp-content\/uploads\/2023\/05\/508337.webp","datePublished":"2023-04-30T08:51:28+00:00","dateModified":"2026-04-24T09:55:29+00:00","description":"Tiefe Suppen- & Pastateller im Set f\u00fcrs Picknick oder Camping aus bruchsicherem, biozirkul\u00e4rem Kunststoff (Kunststoff aus entsorgtem Sonnenblumen- und Raps\u00f6l).","breadcrumb":{"@id":"https:\/\/www.werecycle.ch\/shop\/freizeit\/outdoor-camping\/koziol-picknick-suppenteller-22cm\/#breadcrumb"},"inLanguage":"de","potentialAction":[{"@type":"ReadAction","target":["https:\/\/www.werecycle.ch\/shop\/freizeit\/outdoor-camping\/koziol-picknick-suppenteller-22cm\/"]}]},{"@type":"ImageObject","inLanguage":"de","@id":"https:\/\/www.werecycle.ch\/shop\/freizeit\/outdoor-camping\/koziol-picknick-suppenteller-22cm\/#primaryimage","url":"https:\/\/www.werecycle.ch\/wp-content\/uploads\/2023\/05\/508337.webp","contentUrl":"https:\/\/www.werecycle.ch\/wp-content\/uploads\/2023\/05\/508337.webp","width":1500,"height":1500},{"@type":"BreadcrumbList","@id":"https:\/\/www.werecycle.ch\/shop\/freizeit\/outdoor-camping\/koziol-picknick-suppenteller-22cm\/#breadcrumb","itemListElement":[{"@type":"ListItem","position":1,"name":"Startseite","item":"https:\/\/www.werecycle.ch\/"},{"@type":"ListItem","position":2,"name":"Shop","item":"https:\/\/www.werecycle.ch\/de\/shop\/"},{"@type":"ListItem","position":3,"name":"Koziol Picknick Suppen- &#038; Pastateller"}]},{"@type":"WebSite","@id":"https:\/\/www.werecycle.ch\/de\/#website","url":"https:\/\/www.werecycle.ch\/de\/","name":"WeRecycle.ch | Recycling Services AG","description":"","publisher":{"@id":"https:\/\/www.werecycle.ch\/de\/#organization"},"potentialAction":[{"@type":"SearchAction","target":{"@type":"EntryPoint","urlTemplate":"https:\/\/www.werecycle.ch\/de\/?s={search_term_string}"},"query-input":{"@type":"PropertyValueSpecification","valueRequired":true,"valueName":"search_term_string"}}],"inLanguage":"de"},{"@type":"Organization","@id":"https:\/\/www.werecycle.ch\/de\/#organization","name":"WeRecycle.ch | Recycling Services AG","url":"https:\/\/www.werecycle.ch\/de\/","logo":{"@type":"ImageObject","inLanguage":"de","@id":"https:\/\/www.werecycle.ch\/de\/#\/schema\/logo\/image\/","url":"https:\/\/www.werecycle.ch\/wp-content\/uploads\/2022\/09\/logo_werecycle.webp","contentUrl":"https:\/\/www.werecycle.ch\/wp-content\/uploads\/2022\/09\/logo_werecycle.webp","width":1423,"height":427,"caption":"WeRecycle.ch | Recycling Services AG"},"image":{"@id":"https:\/\/www.werecycle.ch\/de\/#\/schema\/logo\/image\/"},"sameAs":["https:\/\/www.facebook.com\/www.werecycle.ch"]}]}},"tiered_pricing_type":"fixed","tiered_pricing_fixed_rules":[],"tiered_pricing_product_settings":{"layout":"default","base_unit_name":{"singular":null,"plural":null},"default_variation":null},"tiered_pricing_minimum_quantity":null,"tiered_pricing_roles_data":[],"tiered_pricing_percentage_rules":[],"_links":{"self":[{"href":"https:\/\/www.werecycle.ch\/de\/wp-json\/wp\/v2\/product\/9461","targetHints":{"allow":["GET"]}}],"collection":[{"href":"https:\/\/www.werecycle.ch\/de\/wp-json\/wp\/v2\/product"}],"about":[{"href":"https:\/\/www.werecycle.ch\/de\/wp-json\/wp\/v2\/types\/product"}],"wp:featuredmedia":[{"embeddable":true,"href":"https:\/\/www.werecycle.ch\/de\/wp-json\/wp\/v2\/media\/9475"}],"wp:attachment":[{"href":"https:\/\/www.werecycle.ch\/de\/wp-json\/wp\/v2\/media?parent=9461"}],"wp:term":[{"taxonomy":"product_brand","embeddable":true,"href":"https:\/\/www.werecycle.ch\/de\/wp-json\/wp\/v2\/product_brand?post=9461"},{"taxonomy":"product_cat","embeddable":true,"href":"https:\/\/www.werecycle.ch\/de\/wp-json\/wp\/v2\/product_cat?post=9461"},{"taxonomy":"product_tag","embeddable":true,"href":"https:\/\/www.werecycle.ch\/de\/wp-json\/wp\/v2\/product_tag?post=9461"}],"curies":[{"name":"wp","href":"https:\/\/api.w.org\/{rel}","templated":true}]}}