{"id":8243,"date":"2023-04-04T15:03:46","date_gmt":"2023-04-04T14:03:46","guid":{"rendered":"https:\/\/www.werecycle.ch\/?post_type=product&#038;p=8243"},"modified":"2024-07-18T07:46:57","modified_gmt":"2024-07-18T06:46:57","slug":"brabantia-abfalleimer-touch-bin-30-liter","status":"publish","type":"product","link":"https:\/\/www.werecycle.ch\/de\/shop\/recycling-entsorgung\/abfalleimer\/brabantia-abfalleimer-touch-bin-30-liter\/","title":{"rendered":"Abfalleimer Touch Bin 30 Liter"},"content":{"rendered":"<div class=\"ProductDescription-BulletPoints\">\n<p>Bist Du bereit f\u00fcr den n\u00e4chsten Schritt beim Organisieren Deines Zuhauses?<br \/>\nHol&#8216; Dir den Brabantia Touch Bin 30 Liter. Ber\u00fchre einfach den Deckel und er \u00f6ffnet sich ganz leicht. Es ist wirklich kinderleicht \u2013 das \u00d6ffnen, das Auswechseln der M\u00fcllbeutel, das Reinigen&#8230; Zudem verf\u00fcgt dieser Touch Bin \u00fcber ein rundes Design, ist robust und schont Deinen Boden dank des Schutzrandes. Erlebe jahrelangen, intensiven und problemlosen Einsatz mit 30 Litern zu einem guten Preis-Leistungs-Verh\u00e4ltnis.<\/p>\n<ul class=\"cds-List cds-List--Bulleted\">\n<li>Fassungsverm\u00f6gen: 30 Liter<\/li>\n<li>Material: Edelstahl<\/li>\n<li>Form: Rund<\/li>\n<li>1 Beh\u00e4lter<\/li>\n<li>Gleitsichere Bodenunterseite<\/li>\n<li>10 Jahre Hersteller-Garantie<\/li>\n<li>Produktion in Belgien<\/li>\n<li>\n<div>H\u00f6he: 70,5 cm<\/div>\n<\/li>\n<li>\n<div>L\u00e4nge: 31,8 cm<\/div>\n<\/li>\n<li>\n<div>Breite: 29,5 cm<\/div>\n<\/li>\n<li>\n<div>Durchmesser: 29,5 cm<\/div>\n<\/li>\n<\/ul>\n<p>&nbsp;<\/p>\n<\/div>\n<div class=\"ProductDescription-Paragraph\">\n<p><img fetchpriority=\"high\" decoding=\"async\" class=\"alignnone size-medium wp-image-8199\" src=\"https:\/\/www.werecycle.ch\/wp-content\/uploads\/2023\/04\/508706-masse-300x300.webp\" alt=\"\" width=\"300\" height=\"300\" srcset=\"https:\/\/www.werecycle.ch\/wp-content\/uploads\/2023\/04\/508706-masse-300x300.webp 300w, https:\/\/www.werecycle.ch\/wp-content\/uploads\/2023\/04\/508706-masse-150x150.webp 150w, https:\/\/www.werecycle.ch\/wp-content\/uploads\/2023\/04\/508706-masse-12x12.webp 12w, https:\/\/www.werecycle.ch\/wp-content\/uploads\/2023\/04\/508706-masse-265x265.webp 265w, https:\/\/www.werecycle.ch\/wp-content\/uploads\/2023\/04\/508706-masse-100x100.webp 100w, https:\/\/www.werecycle.ch\/wp-content\/uploads\/2023\/04\/508706-masse.webp 350w\" sizes=\"(max-width: 300px) 100vw, 300px\" \/><\/p>\n<\/div>\n","protected":false},"excerpt":{"rendered":"<p>Der Brabantia Touch Bin 30 Liter aus hochwertigem Edelstahl \u00f6ffnet sich wie von Zauberhand. Ber\u00fchre einfach den Deckel und er \u00f6ffnet sich ganz leicht.<\/p>\n","protected":false},"featured_media":8249,"template":"","meta":{"ocean_post_layout":"","ocean_both_sidebars_style":"","ocean_both_sidebars_content_width":0,"ocean_both_sidebars_sidebars_width":0,"ocean_sidebar":"0","ocean_second_sidebar":"0","ocean_disable_margins":"enable","ocean_add_body_class":"","ocean_shortcode_before_top_bar":"","ocean_shortcode_after_top_bar":"","ocean_shortcode_before_header":"","ocean_shortcode_after_header":"","ocean_has_shortcode":"","ocean_shortcode_after_title":"","ocean_shortcode_before_footer_widgets":"","ocean_shortcode_after_footer_widgets":"","ocean_shortcode_before_footer_bottom":"","ocean_shortcode_after_footer_bottom":"","ocean_display_top_bar":"default","ocean_display_header":"default","ocean_header_style":"","ocean_center_header_left_menu":"0","ocean_custom_header_template":"0","ocean_custom_logo":0,"ocean_custom_retina_logo":0,"ocean_custom_logo_max_width":0,"ocean_custom_logo_tablet_max_width":0,"ocean_custom_logo_mobile_max_width":0,"ocean_custom_logo_max_height":0,"ocean_custom_logo_tablet_max_height":0,"ocean_custom_logo_mobile_max_height":0,"ocean_header_custom_menu":"0","ocean_menu_typo_font_family":"0","ocean_menu_typo_font_subset":"","ocean_menu_typo_font_size":0,"ocean_menu_typo_font_size_tablet":0,"ocean_menu_typo_font_size_mobile":0,"ocean_menu_typo_font_size_unit":"px","ocean_menu_typo_font_weight":"","ocean_menu_typo_font_weight_tablet":"","ocean_menu_typo_font_weight_mobile":"","ocean_menu_typo_transform":"","ocean_menu_typo_transform_tablet":"","ocean_menu_typo_transform_mobile":"","ocean_menu_typo_line_height":0,"ocean_menu_typo_line_height_tablet":0,"ocean_menu_typo_line_height_mobile":0,"ocean_menu_typo_line_height_unit":"","ocean_menu_typo_spacing":0,"ocean_menu_typo_spacing_tablet":0,"ocean_menu_typo_spacing_mobile":0,"ocean_menu_typo_spacing_unit":"","ocean_menu_link_color":"","ocean_menu_link_color_hover":"","ocean_menu_link_color_active":"","ocean_menu_link_background":"","ocean_menu_link_hover_background":"","ocean_menu_link_active_background":"","ocean_menu_social_links_bg":"","ocean_menu_social_hover_links_bg":"","ocean_menu_social_links_color":"","ocean_menu_social_hover_links_color":"","ocean_disable_title":"default","ocean_disable_heading":"default","ocean_post_title":"","ocean_post_subheading":"","ocean_post_title_style":"","ocean_post_title_background_color":"","ocean_post_title_background":0,"ocean_post_title_bg_image_position":"","ocean_post_title_bg_image_attachment":"","ocean_post_title_bg_image_repeat":"","ocean_post_title_bg_image_size":"","ocean_post_title_height":0,"ocean_post_title_bg_overlay":0.5,"ocean_post_title_bg_overlay_color":"","ocean_disable_breadcrumbs":"default","ocean_breadcrumbs_color":"","ocean_breadcrumbs_separator_color":"","ocean_breadcrumbs_links_color":"","ocean_breadcrumbs_links_hover_color":"","ocean_display_footer_widgets":"default","ocean_display_footer_bottom":"default","ocean_custom_footer_template":"0","ofc_meta_disable_footer_callout":"","ofc_meta_callout_button_url":"","ofc_meta_callout_button_txt":"","ofc_meta_callout_text":"","osh_disable_topbar_sticky":"default","osh_disable_header_sticky":"default","osh_sticky_header_style":"default","osh_sticky_header_effect":"","osh_custom_sticky_logo":0,"osh_custom_retina_sticky_logo":0,"osh_custom_sticky_logo_height":0,"osh_background_color":"","osh_links_color":"","osh_links_hover_color":"","osh_links_active_color":"","osh_links_bg_color":"","osh_links_hover_bg_color":"","osh_links_active_bg_color":"","osh_menu_social_links_color":"","osh_menu_social_hover_links_color":""},"product_brand":[],"product_cat":[495,93],"product_tag":[499,496,497,194,514],"class_list":{"0":"post-8243","1":"product","2":"type-product","3":"status-publish","4":"has-post-thumbnail","6":"product_cat-abfalleimer","7":"product_cat-recycling-entsorgung","8":"product_tag-30-liter","9":"product_tag-abfalleimer","10":"product_tag-brabantia","11":"product_tag-edelstahl","12":"product_tag-touch-bin","13":"product_shipping_class-paket","15":"entry","16":"has-media","18":"first","19":"instock","20":"taxable","21":"shipping-taxable","22":"purchasable","23":"product-type-variable","24":"has-default-attributes","25":"col","26":"span_1_of_3","27":"owp-content-center","28":"item-entry","29":"owp-thumbs-layout-horizontal","30":"owp-btn-normal","31":"owp-tabs-layout-horizontal","32":"circle-sale"},"yoast_head":"<!-- This site is optimized with the Yoast SEO plugin v27.5 - https:\/\/yoast.com\/product\/yoast-seo-wordpress\/ -->\n<title>Abfalleimer Touch Bin 30 Liter - WeRecycle.ch | WR Group AG<\/title>\n<meta name=\"description\" content=\"Der Brabantia Touch Bin 30 Liter aus hochwertigem Edelstahl \u00f6ffnet sich wie von Zauberhand. Ber\u00fchre einfach den Deckel und er \u00f6ffnet sich ganz leicht.\" \/>\n<meta name=\"robots\" content=\"index, follow, max-snippet:-1, max-image-preview:large, max-video-preview:-1\" \/>\n<link rel=\"canonical\" href=\"https:\/\/www.werecycle.ch\/de\/shop\/recycling-entsorgung\/abfalleimer\/brabantia-abfalleimer-touch-bin-30-liter\/\" \/>\n<meta property=\"og:locale\" content=\"de_DE\" \/>\n<meta property=\"og:type\" content=\"article\" \/>\n<meta property=\"og:title\" content=\"Abfalleimer Touch Bin 30 Liter - WeRecycle.ch | WR Group AG\" \/>\n<meta property=\"og:description\" content=\"Der Brabantia Touch Bin 30 Liter aus hochwertigem Edelstahl \u00f6ffnet sich wie von Zauberhand. Ber\u00fchre einfach den Deckel und er \u00f6ffnet sich ganz leicht.\" \/>\n<meta property=\"og:url\" content=\"https:\/\/www.werecycle.ch\/de\/shop\/recycling-entsorgung\/abfalleimer\/brabantia-abfalleimer-touch-bin-30-liter\/\" \/>\n<meta property=\"og:site_name\" content=\"WeRecycle.ch | WR Group AG\" \/>\n<meta property=\"article:publisher\" content=\"https:\/\/www.facebook.com\/www.werecycle.ch\" \/>\n<meta property=\"article:modified_time\" content=\"2024-07-18T06:46:57+00:00\" \/>\n<meta property=\"og:image\" content=\"https:\/\/www.werecycle.ch\/wp-content\/uploads\/2023\/04\/508178.webp\" \/>\n\t<meta property=\"og:image:width\" content=\"1200\" \/>\n\t<meta property=\"og:image:height\" content=\"1200\" \/>\n\t<meta property=\"og:image:type\" content=\"image\/webp\" \/>\n<meta name=\"twitter:card\" content=\"summary_large_image\" \/>\n<script type=\"application\/ld+json\" class=\"yoast-schema-graph\">{\"@context\":\"https:\\\/\\\/schema.org\",\"@graph\":[{\"@type\":\"WebPage\",\"@id\":\"https:\\\/\\\/www.werecycle.ch\\\/shop\\\/recycling-entsorgung\\\/abfalleimer\\\/brabantia-abfalleimer-touch-bin-30-liter\\\/\",\"url\":\"https:\\\/\\\/www.werecycle.ch\\\/shop\\\/recycling-entsorgung\\\/abfalleimer\\\/brabantia-abfalleimer-touch-bin-30-liter\\\/\",\"name\":\"Abfalleimer Touch Bin 30 Liter - WeRecycle.ch | WR Group AG\",\"isPartOf\":{\"@id\":\"https:\\\/\\\/www.werecycle.ch\\\/de\\\/#website\"},\"primaryImageOfPage\":{\"@id\":\"https:\\\/\\\/www.werecycle.ch\\\/shop\\\/recycling-entsorgung\\\/abfalleimer\\\/brabantia-abfalleimer-touch-bin-30-liter\\\/#primaryimage\"},\"image\":{\"@id\":\"https:\\\/\\\/www.werecycle.ch\\\/shop\\\/recycling-entsorgung\\\/abfalleimer\\\/brabantia-abfalleimer-touch-bin-30-liter\\\/#primaryimage\"},\"thumbnailUrl\":\"https:\\\/\\\/www.werecycle.ch\\\/wp-content\\\/uploads\\\/2023\\\/04\\\/508178.webp\",\"datePublished\":\"2023-04-04T14:03:46+00:00\",\"dateModified\":\"2024-07-18T06:46:57+00:00\",\"description\":\"Der Brabantia Touch Bin 30 Liter aus hochwertigem Edelstahl \u00f6ffnet sich wie von Zauberhand. Ber\u00fchre einfach den Deckel und er \u00f6ffnet sich ganz leicht.\",\"breadcrumb\":{\"@id\":\"https:\\\/\\\/www.werecycle.ch\\\/shop\\\/recycling-entsorgung\\\/abfalleimer\\\/brabantia-abfalleimer-touch-bin-30-liter\\\/#breadcrumb\"},\"inLanguage\":\"de\",\"potentialAction\":[{\"@type\":\"ReadAction\",\"target\":[\"https:\\\/\\\/www.werecycle.ch\\\/shop\\\/recycling-entsorgung\\\/abfalleimer\\\/brabantia-abfalleimer-touch-bin-30-liter\\\/\"]}]},{\"@type\":\"ImageObject\",\"inLanguage\":\"de\",\"@id\":\"https:\\\/\\\/www.werecycle.ch\\\/shop\\\/recycling-entsorgung\\\/abfalleimer\\\/brabantia-abfalleimer-touch-bin-30-liter\\\/#primaryimage\",\"url\":\"https:\\\/\\\/www.werecycle.ch\\\/wp-content\\\/uploads\\\/2023\\\/04\\\/508178.webp\",\"contentUrl\":\"https:\\\/\\\/www.werecycle.ch\\\/wp-content\\\/uploads\\\/2023\\\/04\\\/508178.webp\",\"width\":1200,\"height\":1200},{\"@type\":\"BreadcrumbList\",\"@id\":\"https:\\\/\\\/www.werecycle.ch\\\/shop\\\/recycling-entsorgung\\\/abfalleimer\\\/brabantia-abfalleimer-touch-bin-30-liter\\\/#breadcrumb\",\"itemListElement\":[{\"@type\":\"ListItem\",\"position\":1,\"name\":\"Startseite\",\"item\":\"https:\\\/\\\/www.werecycle.ch\\\/\"},{\"@type\":\"ListItem\",\"position\":2,\"name\":\"Shop\",\"item\":\"https:\\\/\\\/www.werecycle.ch\\\/de\\\/shop\\\/\"},{\"@type\":\"ListItem\",\"position\":3,\"name\":\"Abfalleimer Touch Bin 30 Liter\"}]},{\"@type\":\"WebSite\",\"@id\":\"https:\\\/\\\/www.werecycle.ch\\\/de\\\/#website\",\"url\":\"https:\\\/\\\/www.werecycle.ch\\\/de\\\/\",\"name\":\"WeRecycle.ch | Recycling Services AG\",\"description\":\"\",\"publisher\":{\"@id\":\"https:\\\/\\\/www.werecycle.ch\\\/de\\\/#organization\"},\"potentialAction\":[{\"@type\":\"SearchAction\",\"target\":{\"@type\":\"EntryPoint\",\"urlTemplate\":\"https:\\\/\\\/www.werecycle.ch\\\/de\\\/?s={search_term_string}\"},\"query-input\":{\"@type\":\"PropertyValueSpecification\",\"valueRequired\":true,\"valueName\":\"search_term_string\"}}],\"inLanguage\":\"de\"},{\"@type\":\"Organization\",\"@id\":\"https:\\\/\\\/www.werecycle.ch\\\/de\\\/#organization\",\"name\":\"WeRecycle.ch | Recycling Services AG\",\"url\":\"https:\\\/\\\/www.werecycle.ch\\\/de\\\/\",\"logo\":{\"@type\":\"ImageObject\",\"inLanguage\":\"de\",\"@id\":\"https:\\\/\\\/www.werecycle.ch\\\/de\\\/#\\\/schema\\\/logo\\\/image\\\/\",\"url\":\"https:\\\/\\\/www.werecycle.ch\\\/wp-content\\\/uploads\\\/2022\\\/09\\\/logo_werecycle.webp\",\"contentUrl\":\"https:\\\/\\\/www.werecycle.ch\\\/wp-content\\\/uploads\\\/2022\\\/09\\\/logo_werecycle.webp\",\"width\":1423,\"height\":427,\"caption\":\"WeRecycle.ch | Recycling Services AG\"},\"image\":{\"@id\":\"https:\\\/\\\/www.werecycle.ch\\\/de\\\/#\\\/schema\\\/logo\\\/image\\\/\"},\"sameAs\":[\"https:\\\/\\\/www.facebook.com\\\/www.werecycle.ch\"]}]}<\/script>\n<!-- \/ Yoast SEO plugin. -->","yoast_head_json":{"title":"Abfalleimer Touch Bin 30 Liter - WeRecycle.ch | WR Group AG","description":"Der Brabantia Touch Bin 30 Liter aus hochwertigem Edelstahl \u00f6ffnet sich wie von Zauberhand. Ber\u00fchre einfach den Deckel und er \u00f6ffnet sich ganz leicht.","robots":{"index":"index","follow":"follow","max-snippet":"max-snippet:-1","max-image-preview":"max-image-preview:large","max-video-preview":"max-video-preview:-1"},"canonical":"https:\/\/www.werecycle.ch\/de\/shop\/recycling-entsorgung\/abfalleimer\/brabantia-abfalleimer-touch-bin-30-liter\/","og_locale":"de_DE","og_type":"article","og_title":"Abfalleimer Touch Bin 30 Liter - WeRecycle.ch | WR Group AG","og_description":"Der Brabantia Touch Bin 30 Liter aus hochwertigem Edelstahl \u00f6ffnet sich wie von Zauberhand. Ber\u00fchre einfach den Deckel und er \u00f6ffnet sich ganz leicht.","og_url":"https:\/\/www.werecycle.ch\/de\/shop\/recycling-entsorgung\/abfalleimer\/brabantia-abfalleimer-touch-bin-30-liter\/","og_site_name":"WeRecycle.ch | WR Group AG","article_publisher":"https:\/\/www.facebook.com\/www.werecycle.ch","article_modified_time":"2024-07-18T06:46:57+00:00","og_image":[{"width":1200,"height":1200,"url":"https:\/\/www.werecycle.ch\/wp-content\/uploads\/2023\/04\/508178.webp","type":"image\/webp"}],"twitter_card":"summary_large_image","schema":{"@context":"https:\/\/schema.org","@graph":[{"@type":"WebPage","@id":"https:\/\/www.werecycle.ch\/shop\/recycling-entsorgung\/abfalleimer\/brabantia-abfalleimer-touch-bin-30-liter\/","url":"https:\/\/www.werecycle.ch\/shop\/recycling-entsorgung\/abfalleimer\/brabantia-abfalleimer-touch-bin-30-liter\/","name":"Abfalleimer Touch Bin 30 Liter - WeRecycle.ch | WR Group AG","isPartOf":{"@id":"https:\/\/www.werecycle.ch\/de\/#website"},"primaryImageOfPage":{"@id":"https:\/\/www.werecycle.ch\/shop\/recycling-entsorgung\/abfalleimer\/brabantia-abfalleimer-touch-bin-30-liter\/#primaryimage"},"image":{"@id":"https:\/\/www.werecycle.ch\/shop\/recycling-entsorgung\/abfalleimer\/brabantia-abfalleimer-touch-bin-30-liter\/#primaryimage"},"thumbnailUrl":"https:\/\/www.werecycle.ch\/wp-content\/uploads\/2023\/04\/508178.webp","datePublished":"2023-04-04T14:03:46+00:00","dateModified":"2024-07-18T06:46:57+00:00","description":"Der Brabantia Touch Bin 30 Liter aus hochwertigem Edelstahl \u00f6ffnet sich wie von Zauberhand. Ber\u00fchre einfach den Deckel und er \u00f6ffnet sich ganz leicht.","breadcrumb":{"@id":"https:\/\/www.werecycle.ch\/shop\/recycling-entsorgung\/abfalleimer\/brabantia-abfalleimer-touch-bin-30-liter\/#breadcrumb"},"inLanguage":"de","potentialAction":[{"@type":"ReadAction","target":["https:\/\/www.werecycle.ch\/shop\/recycling-entsorgung\/abfalleimer\/brabantia-abfalleimer-touch-bin-30-liter\/"]}]},{"@type":"ImageObject","inLanguage":"de","@id":"https:\/\/www.werecycle.ch\/shop\/recycling-entsorgung\/abfalleimer\/brabantia-abfalleimer-touch-bin-30-liter\/#primaryimage","url":"https:\/\/www.werecycle.ch\/wp-content\/uploads\/2023\/04\/508178.webp","contentUrl":"https:\/\/www.werecycle.ch\/wp-content\/uploads\/2023\/04\/508178.webp","width":1200,"height":1200},{"@type":"BreadcrumbList","@id":"https:\/\/www.werecycle.ch\/shop\/recycling-entsorgung\/abfalleimer\/brabantia-abfalleimer-touch-bin-30-liter\/#breadcrumb","itemListElement":[{"@type":"ListItem","position":1,"name":"Startseite","item":"https:\/\/www.werecycle.ch\/"},{"@type":"ListItem","position":2,"name":"Shop","item":"https:\/\/www.werecycle.ch\/de\/shop\/"},{"@type":"ListItem","position":3,"name":"Abfalleimer Touch Bin 30 Liter"}]},{"@type":"WebSite","@id":"https:\/\/www.werecycle.ch\/de\/#website","url":"https:\/\/www.werecycle.ch\/de\/","name":"WeRecycle.ch | Recycling Services AG","description":"","publisher":{"@id":"https:\/\/www.werecycle.ch\/de\/#organization"},"potentialAction":[{"@type":"SearchAction","target":{"@type":"EntryPoint","urlTemplate":"https:\/\/www.werecycle.ch\/de\/?s={search_term_string}"},"query-input":{"@type":"PropertyValueSpecification","valueRequired":true,"valueName":"search_term_string"}}],"inLanguage":"de"},{"@type":"Organization","@id":"https:\/\/www.werecycle.ch\/de\/#organization","name":"WeRecycle.ch | Recycling Services AG","url":"https:\/\/www.werecycle.ch\/de\/","logo":{"@type":"ImageObject","inLanguage":"de","@id":"https:\/\/www.werecycle.ch\/de\/#\/schema\/logo\/image\/","url":"https:\/\/www.werecycle.ch\/wp-content\/uploads\/2022\/09\/logo_werecycle.webp","contentUrl":"https:\/\/www.werecycle.ch\/wp-content\/uploads\/2022\/09\/logo_werecycle.webp","width":1423,"height":427,"caption":"WeRecycle.ch | Recycling Services AG"},"image":{"@id":"https:\/\/www.werecycle.ch\/de\/#\/schema\/logo\/image\/"},"sameAs":["https:\/\/www.facebook.com\/www.werecycle.ch"]}]}},"tiered_pricing_type":"fixed","tiered_pricing_fixed_rules":[],"tiered_pricing_product_settings":{"layout":"default","base_unit_name":{"singular":null,"plural":null},"default_variation":null},"tiered_pricing_minimum_quantity":null,"tiered_pricing_roles_data":[],"tiered_pricing_percentage_rules":[],"_links":{"self":[{"href":"https:\/\/www.werecycle.ch\/de\/wp-json\/wp\/v2\/product\/8243","targetHints":{"allow":["GET"]}}],"collection":[{"href":"https:\/\/www.werecycle.ch\/de\/wp-json\/wp\/v2\/product"}],"about":[{"href":"https:\/\/www.werecycle.ch\/de\/wp-json\/wp\/v2\/types\/product"}],"wp:featuredmedia":[{"embeddable":true,"href":"https:\/\/www.werecycle.ch\/de\/wp-json\/wp\/v2\/media\/8249"}],"wp:attachment":[{"href":"https:\/\/www.werecycle.ch\/de\/wp-json\/wp\/v2\/media?parent=8243"}],"wp:term":[{"taxonomy":"product_brand","embeddable":true,"href":"https:\/\/www.werecycle.ch\/de\/wp-json\/wp\/v2\/product_brand?post=8243"},{"taxonomy":"product_cat","embeddable":true,"href":"https:\/\/www.werecycle.ch\/de\/wp-json\/wp\/v2\/product_cat?post=8243"},{"taxonomy":"product_tag","embeddable":true,"href":"https:\/\/www.werecycle.ch\/de\/wp-json\/wp\/v2\/product_tag?post=8243"}],"curies":[{"name":"wp","href":"https:\/\/api.w.org\/{rel}","templated":true}]}}