{"id":7687,"date":"2023-03-16T14:34:01","date_gmt":"2023-03-16T13:34:01","guid":{"rendered":"https:\/\/www.werecycle.ch\/?post_type=product&#038;p=7687"},"modified":"2025-07-15T14:20:36","modified_gmt":"2025-07-15T13:20:36","slug":"fair-zone-pflanzenbinder-kabelbinder","status":"publish","type":"product","link":"https:\/\/www.werecycle.ch\/de\/shop\/garten-outdoor\/fair-zone-pflanzenbinder-kabelbinder\/","title":{"rendered":"FAIR ZONE Pflanzen &#038; Kabelbinder"},"content":{"rendered":"<p>Zur einfachen Befestigung von Pflanzen, Rankst\u00e4ben, Kabeln, und mehr. Dieses fair gehandelte Produkt besteht aus nat\u00fcrlichen Rohstoffen. Die Fairtrade-Pr\u00e4mie hilft den Produzent*-innen in den Anbaul\u00e4ndern \u2013 Kleinb\u00e4uer*innen und Arbeiter*innen in Plantagen \u2013 ihre Lebens- und Arbeitsbedingungen zu verbessern. Wie das am besten geschieht und wof\u00fcr sie die Fairtrade-Mittel einsetzen, entscheiden sie selbst.<\/p>\n<p>Naturkautschuk ist ein nachwachsender Rohstoff, welcher biologisch abbaubar ist und sich somit wieder in den Kreislauf der Natur einf\u00fcgt. Zudem haben Kautschukb\u00e4ume die tolle Eigenschaft, dass sie eine grosse Menge an CO2 absorbieren k\u00f6nnen \u2013 sie absorbieren sogar mehr CO2, als tropischer Regenwald.<\/p>\n<p>&nbsp;<\/p>\n<ul class=\"a-unordered-list a-vertical a-spacing-mini\">\n<li>Inhalt: 100 g (ca. 55 St\u00fcck)<\/li>\n<li>Farbe: pink<\/li>\n<li>Fairtrade-Naturkautschuk<\/li>\n<li>FSC-zertifiziert<\/li>\n<li>V\u00f6llig plastikfrei<\/li>\n<li>Biologisch abbaubar<\/li>\n<\/ul>\n","protected":false},"excerpt":{"rendered":"<p>Box mit 100 g Naturkautschuk Pflanzenbindern.<br \/>\nEnth\u00e4lt ca. 55 St\u00fcck.<\/p>\n","protected":false},"featured_media":7689,"template":"","meta":{"ocean_post_layout":"","ocean_both_sidebars_style":"","ocean_both_sidebars_content_width":0,"ocean_both_sidebars_sidebars_width":0,"ocean_sidebar":"0","ocean_second_sidebar":"0","ocean_disable_margins":"enable","ocean_add_body_class":"","ocean_shortcode_before_top_bar":"","ocean_shortcode_after_top_bar":"","ocean_shortcode_before_header":"","ocean_shortcode_after_header":"","ocean_has_shortcode":"","ocean_shortcode_after_title":"","ocean_shortcode_before_footer_widgets":"","ocean_shortcode_after_footer_widgets":"","ocean_shortcode_before_footer_bottom":"","ocean_shortcode_after_footer_bottom":"","ocean_display_top_bar":"default","ocean_display_header":"default","ocean_header_style":"","ocean_center_header_left_menu":"0","ocean_custom_header_template":"0","ocean_custom_logo":0,"ocean_custom_retina_logo":0,"ocean_custom_logo_max_width":0,"ocean_custom_logo_tablet_max_width":0,"ocean_custom_logo_mobile_max_width":0,"ocean_custom_logo_max_height":0,"ocean_custom_logo_tablet_max_height":0,"ocean_custom_logo_mobile_max_height":0,"ocean_header_custom_menu":"0","ocean_menu_typo_font_family":"0","ocean_menu_typo_font_subset":"","ocean_menu_typo_font_size":0,"ocean_menu_typo_font_size_tablet":0,"ocean_menu_typo_font_size_mobile":0,"ocean_menu_typo_font_size_unit":"px","ocean_menu_typo_font_weight":"","ocean_menu_typo_font_weight_tablet":"","ocean_menu_typo_font_weight_mobile":"","ocean_menu_typo_transform":"","ocean_menu_typo_transform_tablet":"","ocean_menu_typo_transform_mobile":"","ocean_menu_typo_line_height":0,"ocean_menu_typo_line_height_tablet":0,"ocean_menu_typo_line_height_mobile":0,"ocean_menu_typo_line_height_unit":"","ocean_menu_typo_spacing":0,"ocean_menu_typo_spacing_tablet":0,"ocean_menu_typo_spacing_mobile":0,"ocean_menu_typo_spacing_unit":"","ocean_menu_link_color":"","ocean_menu_link_color_hover":"","ocean_menu_link_color_active":"","ocean_menu_link_background":"","ocean_menu_link_hover_background":"","ocean_menu_link_active_background":"","ocean_menu_social_links_bg":"","ocean_menu_social_hover_links_bg":"","ocean_menu_social_links_color":"","ocean_menu_social_hover_links_color":"","ocean_disable_title":"default","ocean_disable_heading":"default","ocean_post_title":"","ocean_post_subheading":"","ocean_post_title_style":"","ocean_post_title_background_color":"","ocean_post_title_background":0,"ocean_post_title_bg_image_position":"","ocean_post_title_bg_image_attachment":"","ocean_post_title_bg_image_repeat":"","ocean_post_title_bg_image_size":"","ocean_post_title_height":0,"ocean_post_title_bg_overlay":0.5,"ocean_post_title_bg_overlay_color":"","ocean_disable_breadcrumbs":"default","ocean_breadcrumbs_color":"","ocean_breadcrumbs_separator_color":"","ocean_breadcrumbs_links_color":"","ocean_breadcrumbs_links_hover_color":"","ocean_display_footer_widgets":"default","ocean_display_footer_bottom":"default","ocean_custom_footer_template":"0","ofc_meta_disable_footer_callout":"","ofc_meta_callout_button_url":"","ofc_meta_callout_button_txt":"","ofc_meta_callout_text":"","osh_disable_topbar_sticky":"default","osh_disable_header_sticky":"default","osh_sticky_header_style":"default","osh_sticky_header_effect":"","osh_custom_sticky_logo":0,"osh_custom_retina_sticky_logo":0,"osh_custom_sticky_logo_height":0,"osh_background_color":"","osh_links_color":"","osh_links_hover_color":"","osh_links_active_color":"","osh_links_bg_color":"","osh_links_hover_bg_color":"","osh_links_active_bg_color":"","osh_menu_social_links_color":"","osh_menu_social_hover_links_color":""},"product_brand":[2637],"product_cat":[434],"product_tag":[413,477,432,480,437,476,479],"class_list":{"0":"post-7687","1":"product","2":"type-product","3":"status-publish","4":"has-post-thumbnail","6":"product_brand-fair-zone","7":"product_cat-garten-outdoor","8":"product_tag-fair-zone","9":"product_tag-fsc","10":"product_tag-garten","11":"product_tag-kabelbinder","12":"product_tag-kautschuk","13":"product_tag-naturkautschuk","14":"product_tag-pflanzenbinder","15":"product_shipping_class-paket","17":"entry","18":"has-media","20":"first","21":"instock","22":"taxable","23":"shipping-taxable","24":"purchasable","25":"product-type-simple","26":"col","27":"span_1_of_3","28":"owp-content-center","29":"item-entry","30":"owp-thumbs-layout-horizontal","31":"owp-btn-normal","32":"owp-tabs-layout-horizontal","33":"circle-sale"},"yoast_head":"<!-- This site is optimized with the Yoast SEO plugin v27.5 - https:\/\/yoast.com\/product\/yoast-seo-wordpress\/ -->\n<title>FAIR ZONE Pflanzen &amp; Kabelbinder - WeRecycle.ch | WR Group AG<\/title>\n<meta name=\"description\" content=\"Box mit 100 g Naturkautschuk Pflanzenbindern von FAIR ZONE. Enth\u00e4lt ca. 55 St\u00fcck Pflanzenbinder aus FSC-zertifitiertem Naturkautschuk.\" \/>\n<meta name=\"robots\" content=\"index, follow, max-snippet:-1, max-image-preview:large, max-video-preview:-1\" \/>\n<link rel=\"canonical\" href=\"https:\/\/www.werecycle.ch\/de\/shop\/garten-outdoor\/fair-zone-pflanzenbinder-kabelbinder\/\" \/>\n<meta property=\"og:locale\" content=\"de_DE\" \/>\n<meta property=\"og:type\" content=\"article\" \/>\n<meta property=\"og:title\" content=\"FAIR ZONE Pflanzen &amp; Kabelbinder - WeRecycle.ch | WR Group AG\" \/>\n<meta property=\"og:description\" content=\"Box mit 100 g Naturkautschuk Pflanzenbindern von FAIR ZONE. Enth\u00e4lt ca. 55 St\u00fcck Pflanzenbinder aus FSC-zertifitiertem Naturkautschuk.\" \/>\n<meta property=\"og:url\" content=\"https:\/\/www.werecycle.ch\/de\/shop\/garten-outdoor\/fair-zone-pflanzenbinder-kabelbinder\/\" \/>\n<meta property=\"og:site_name\" content=\"WeRecycle.ch | WR Group AG\" \/>\n<meta property=\"article:publisher\" content=\"https:\/\/www.facebook.com\/www.werecycle.ch\" \/>\n<meta property=\"article:modified_time\" content=\"2025-07-15T13:20:36+00:00\" \/>\n<meta property=\"og:image\" content=\"https:\/\/www.werecycle.ch\/wp-content\/uploads\/2023\/03\/560261.jpg.webp\" \/>\n\t<meta property=\"og:image:width\" content=\"800\" \/>\n\t<meta property=\"og:image:height\" content=\"917\" \/>\n\t<meta property=\"og:image:type\" content=\"image\/webp\" \/>\n<meta name=\"twitter:card\" content=\"summary_large_image\" \/>\n<script type=\"application\/ld+json\" class=\"yoast-schema-graph\">{\"@context\":\"https:\\\/\\\/schema.org\",\"@graph\":[{\"@type\":\"WebPage\",\"@id\":\"https:\\\/\\\/www.werecycle.ch\\\/shop\\\/garten-outdoor\\\/fair-zone-pflanzenbinder-kabelbinder\\\/\",\"url\":\"https:\\\/\\\/www.werecycle.ch\\\/shop\\\/garten-outdoor\\\/fair-zone-pflanzenbinder-kabelbinder\\\/\",\"name\":\"FAIR ZONE Pflanzen & Kabelbinder - WeRecycle.ch | WR Group AG\",\"isPartOf\":{\"@id\":\"https:\\\/\\\/www.werecycle.ch\\\/de\\\/#website\"},\"primaryImageOfPage\":{\"@id\":\"https:\\\/\\\/www.werecycle.ch\\\/shop\\\/garten-outdoor\\\/fair-zone-pflanzenbinder-kabelbinder\\\/#primaryimage\"},\"image\":{\"@id\":\"https:\\\/\\\/www.werecycle.ch\\\/shop\\\/garten-outdoor\\\/fair-zone-pflanzenbinder-kabelbinder\\\/#primaryimage\"},\"thumbnailUrl\":\"https:\\\/\\\/www.werecycle.ch\\\/wp-content\\\/uploads\\\/2023\\\/03\\\/560261.jpg.webp\",\"datePublished\":\"2023-03-16T13:34:01+00:00\",\"dateModified\":\"2025-07-15T13:20:36+00:00\",\"description\":\"Box mit 100 g Naturkautschuk Pflanzenbindern von FAIR ZONE. Enth\u00e4lt ca. 55 St\u00fcck Pflanzenbinder aus FSC-zertifitiertem Naturkautschuk.\",\"breadcrumb\":{\"@id\":\"https:\\\/\\\/www.werecycle.ch\\\/shop\\\/garten-outdoor\\\/fair-zone-pflanzenbinder-kabelbinder\\\/#breadcrumb\"},\"inLanguage\":\"de\",\"potentialAction\":[{\"@type\":\"ReadAction\",\"target\":[\"https:\\\/\\\/www.werecycle.ch\\\/shop\\\/garten-outdoor\\\/fair-zone-pflanzenbinder-kabelbinder\\\/\"]}]},{\"@type\":\"ImageObject\",\"inLanguage\":\"de\",\"@id\":\"https:\\\/\\\/www.werecycle.ch\\\/shop\\\/garten-outdoor\\\/fair-zone-pflanzenbinder-kabelbinder\\\/#primaryimage\",\"url\":\"https:\\\/\\\/www.werecycle.ch\\\/wp-content\\\/uploads\\\/2023\\\/03\\\/560261.jpg.webp\",\"contentUrl\":\"https:\\\/\\\/www.werecycle.ch\\\/wp-content\\\/uploads\\\/2023\\\/03\\\/560261.jpg.webp\",\"width\":800,\"height\":917},{\"@type\":\"BreadcrumbList\",\"@id\":\"https:\\\/\\\/www.werecycle.ch\\\/shop\\\/garten-outdoor\\\/fair-zone-pflanzenbinder-kabelbinder\\\/#breadcrumb\",\"itemListElement\":[{\"@type\":\"ListItem\",\"position\":1,\"name\":\"Startseite\",\"item\":\"https:\\\/\\\/www.werecycle.ch\\\/\"},{\"@type\":\"ListItem\",\"position\":2,\"name\":\"Shop\",\"item\":\"https:\\\/\\\/www.werecycle.ch\\\/de\\\/shop\\\/\"},{\"@type\":\"ListItem\",\"position\":3,\"name\":\"FAIR ZONE Pflanzen &#038; Kabelbinder\"}]},{\"@type\":\"WebSite\",\"@id\":\"https:\\\/\\\/www.werecycle.ch\\\/de\\\/#website\",\"url\":\"https:\\\/\\\/www.werecycle.ch\\\/de\\\/\",\"name\":\"WeRecycle.ch | Recycling Services AG\",\"description\":\"\",\"publisher\":{\"@id\":\"https:\\\/\\\/www.werecycle.ch\\\/de\\\/#organization\"},\"potentialAction\":[{\"@type\":\"SearchAction\",\"target\":{\"@type\":\"EntryPoint\",\"urlTemplate\":\"https:\\\/\\\/www.werecycle.ch\\\/de\\\/?s={search_term_string}\"},\"query-input\":{\"@type\":\"PropertyValueSpecification\",\"valueRequired\":true,\"valueName\":\"search_term_string\"}}],\"inLanguage\":\"de\"},{\"@type\":\"Organization\",\"@id\":\"https:\\\/\\\/www.werecycle.ch\\\/de\\\/#organization\",\"name\":\"WeRecycle.ch | Recycling Services AG\",\"url\":\"https:\\\/\\\/www.werecycle.ch\\\/de\\\/\",\"logo\":{\"@type\":\"ImageObject\",\"inLanguage\":\"de\",\"@id\":\"https:\\\/\\\/www.werecycle.ch\\\/de\\\/#\\\/schema\\\/logo\\\/image\\\/\",\"url\":\"https:\\\/\\\/www.werecycle.ch\\\/wp-content\\\/uploads\\\/2022\\\/09\\\/logo_werecycle.webp\",\"contentUrl\":\"https:\\\/\\\/www.werecycle.ch\\\/wp-content\\\/uploads\\\/2022\\\/09\\\/logo_werecycle.webp\",\"width\":1423,\"height\":427,\"caption\":\"WeRecycle.ch | Recycling Services AG\"},\"image\":{\"@id\":\"https:\\\/\\\/www.werecycle.ch\\\/de\\\/#\\\/schema\\\/logo\\\/image\\\/\"},\"sameAs\":[\"https:\\\/\\\/www.facebook.com\\\/www.werecycle.ch\"]}]}<\/script>\n<!-- \/ Yoast SEO plugin. -->","yoast_head_json":{"title":"FAIR ZONE Pflanzen & Kabelbinder - WeRecycle.ch | WR Group AG","description":"Box mit 100 g Naturkautschuk Pflanzenbindern von FAIR ZONE. Enth\u00e4lt ca. 55 St\u00fcck Pflanzenbinder aus FSC-zertifitiertem Naturkautschuk.","robots":{"index":"index","follow":"follow","max-snippet":"max-snippet:-1","max-image-preview":"max-image-preview:large","max-video-preview":"max-video-preview:-1"},"canonical":"https:\/\/www.werecycle.ch\/de\/shop\/garten-outdoor\/fair-zone-pflanzenbinder-kabelbinder\/","og_locale":"de_DE","og_type":"article","og_title":"FAIR ZONE Pflanzen & Kabelbinder - WeRecycle.ch | WR Group AG","og_description":"Box mit 100 g Naturkautschuk Pflanzenbindern von FAIR ZONE. Enth\u00e4lt ca. 55 St\u00fcck Pflanzenbinder aus FSC-zertifitiertem Naturkautschuk.","og_url":"https:\/\/www.werecycle.ch\/de\/shop\/garten-outdoor\/fair-zone-pflanzenbinder-kabelbinder\/","og_site_name":"WeRecycle.ch | WR Group AG","article_publisher":"https:\/\/www.facebook.com\/www.werecycle.ch","article_modified_time":"2025-07-15T13:20:36+00:00","og_image":[{"width":800,"height":917,"url":"https:\/\/www.werecycle.ch\/wp-content\/uploads\/2023\/03\/560261.jpg.webp","type":"image\/webp"}],"twitter_card":"summary_large_image","schema":{"@context":"https:\/\/schema.org","@graph":[{"@type":"WebPage","@id":"https:\/\/www.werecycle.ch\/shop\/garten-outdoor\/fair-zone-pflanzenbinder-kabelbinder\/","url":"https:\/\/www.werecycle.ch\/shop\/garten-outdoor\/fair-zone-pflanzenbinder-kabelbinder\/","name":"FAIR ZONE Pflanzen & Kabelbinder - WeRecycle.ch | WR Group AG","isPartOf":{"@id":"https:\/\/www.werecycle.ch\/de\/#website"},"primaryImageOfPage":{"@id":"https:\/\/www.werecycle.ch\/shop\/garten-outdoor\/fair-zone-pflanzenbinder-kabelbinder\/#primaryimage"},"image":{"@id":"https:\/\/www.werecycle.ch\/shop\/garten-outdoor\/fair-zone-pflanzenbinder-kabelbinder\/#primaryimage"},"thumbnailUrl":"https:\/\/www.werecycle.ch\/wp-content\/uploads\/2023\/03\/560261.jpg.webp","datePublished":"2023-03-16T13:34:01+00:00","dateModified":"2025-07-15T13:20:36+00:00","description":"Box mit 100 g Naturkautschuk Pflanzenbindern von FAIR ZONE. Enth\u00e4lt ca. 55 St\u00fcck Pflanzenbinder aus FSC-zertifitiertem Naturkautschuk.","breadcrumb":{"@id":"https:\/\/www.werecycle.ch\/shop\/garten-outdoor\/fair-zone-pflanzenbinder-kabelbinder\/#breadcrumb"},"inLanguage":"de","potentialAction":[{"@type":"ReadAction","target":["https:\/\/www.werecycle.ch\/shop\/garten-outdoor\/fair-zone-pflanzenbinder-kabelbinder\/"]}]},{"@type":"ImageObject","inLanguage":"de","@id":"https:\/\/www.werecycle.ch\/shop\/garten-outdoor\/fair-zone-pflanzenbinder-kabelbinder\/#primaryimage","url":"https:\/\/www.werecycle.ch\/wp-content\/uploads\/2023\/03\/560261.jpg.webp","contentUrl":"https:\/\/www.werecycle.ch\/wp-content\/uploads\/2023\/03\/560261.jpg.webp","width":800,"height":917},{"@type":"BreadcrumbList","@id":"https:\/\/www.werecycle.ch\/shop\/garten-outdoor\/fair-zone-pflanzenbinder-kabelbinder\/#breadcrumb","itemListElement":[{"@type":"ListItem","position":1,"name":"Startseite","item":"https:\/\/www.werecycle.ch\/"},{"@type":"ListItem","position":2,"name":"Shop","item":"https:\/\/www.werecycle.ch\/de\/shop\/"},{"@type":"ListItem","position":3,"name":"FAIR ZONE Pflanzen &#038; Kabelbinder"}]},{"@type":"WebSite","@id":"https:\/\/www.werecycle.ch\/de\/#website","url":"https:\/\/www.werecycle.ch\/de\/","name":"WeRecycle.ch | Recycling Services AG","description":"","publisher":{"@id":"https:\/\/www.werecycle.ch\/de\/#organization"},"potentialAction":[{"@type":"SearchAction","target":{"@type":"EntryPoint","urlTemplate":"https:\/\/www.werecycle.ch\/de\/?s={search_term_string}"},"query-input":{"@type":"PropertyValueSpecification","valueRequired":true,"valueName":"search_term_string"}}],"inLanguage":"de"},{"@type":"Organization","@id":"https:\/\/www.werecycle.ch\/de\/#organization","name":"WeRecycle.ch | Recycling Services AG","url":"https:\/\/www.werecycle.ch\/de\/","logo":{"@type":"ImageObject","inLanguage":"de","@id":"https:\/\/www.werecycle.ch\/de\/#\/schema\/logo\/image\/","url":"https:\/\/www.werecycle.ch\/wp-content\/uploads\/2022\/09\/logo_werecycle.webp","contentUrl":"https:\/\/www.werecycle.ch\/wp-content\/uploads\/2022\/09\/logo_werecycle.webp","width":1423,"height":427,"caption":"WeRecycle.ch | Recycling Services AG"},"image":{"@id":"https:\/\/www.werecycle.ch\/de\/#\/schema\/logo\/image\/"},"sameAs":["https:\/\/www.facebook.com\/www.werecycle.ch"]}]}},"tiered_pricing_type":"fixed","tiered_pricing_fixed_rules":[],"tiered_pricing_product_settings":{"layout":"default","base_unit_name":{"singular":null,"plural":null},"default_variation":null},"tiered_pricing_minimum_quantity":null,"tiered_pricing_roles_data":[],"tiered_pricing_percentage_rules":[],"_links":{"self":[{"href":"https:\/\/www.werecycle.ch\/de\/wp-json\/wp\/v2\/product\/7687","targetHints":{"allow":["GET"]}}],"collection":[{"href":"https:\/\/www.werecycle.ch\/de\/wp-json\/wp\/v2\/product"}],"about":[{"href":"https:\/\/www.werecycle.ch\/de\/wp-json\/wp\/v2\/types\/product"}],"wp:featuredmedia":[{"embeddable":true,"href":"https:\/\/www.werecycle.ch\/de\/wp-json\/wp\/v2\/media\/7689"}],"wp:attachment":[{"href":"https:\/\/www.werecycle.ch\/de\/wp-json\/wp\/v2\/media?parent=7687"}],"wp:term":[{"taxonomy":"product_brand","embeddable":true,"href":"https:\/\/www.werecycle.ch\/de\/wp-json\/wp\/v2\/product_brand?post=7687"},{"taxonomy":"product_cat","embeddable":true,"href":"https:\/\/www.werecycle.ch\/de\/wp-json\/wp\/v2\/product_cat?post=7687"},{"taxonomy":"product_tag","embeddable":true,"href":"https:\/\/www.werecycle.ch\/de\/wp-json\/wp\/v2\/product_tag?post=7687"}],"curies":[{"name":"wp","href":"https:\/\/api.w.org\/{rel}","templated":true}]}}