{"id":5373,"date":"2022-12-15T11:49:50","date_gmt":"2022-12-15T10:49:50","guid":{"rendered":"https:\/\/www.werecycle.ch\/?post_type=product&#038;p=5373"},"modified":"2026-04-16T12:34:34","modified_gmt":"2026-04-16T10:34:34","slug":"aevor-trip-pack-proof-sundown","status":"publish","type":"product","link":"https:\/\/www.werecycle.ch\/de\/shop\/bekleidung\/taschen-rucksaecke\/aevor-trip-pack-proof-sundown\/","title":{"rendered":"AEVOR Trip Pack Proof Sundown"},"content":{"rendered":"<p>Der Trip Pack Rucksack von AEVOR ist der gute Begleiter durch die City. Der Backpack kommt mit Urban Design, ist bequem gepolstert f\u00fcr deinen t\u00e4glichen Gebrauch und l\u00e4sst sich \u00fcber zwei Wege \u00f6ffnen. Nicht umsonst wurde er mit dem &#8222;German Design Award 2017&#8220; ausgezeichnet.<\/p>\n<p>&nbsp;<\/p>\n<ul>\n<li>wasserdichtes Aussenmaterial<\/li>\n<li>erweiterbar von 26 auf 33 Liter<\/li>\n<li>Aussenstoffe zu 100 % aus recycelten PET-Flaschen<\/li>\n<li>2 Zug\u00e4nge zum Hauptfach: Rolltop System mit Klettverschluss und umlaufender Zipper am R\u00fccken<\/li>\n<li>gepolstertes 15\u201c Laptopfach (bis 38 x 27 x 3 cm)<\/li>\n<li>seitliches Mesh-Flaschenfach<\/li>\n<li>Seitenfach mit Zipper<\/li>\n<li>Brillenfach mit Zipper-Zugang<\/li>\n<li>Kompressionsgurte an der Front<\/li>\n<li>abnehm- und verstellbarer Brustgurt<\/li>\n<li>aluminiumverst\u00e4rkte Verschl\u00fcsse<\/li>\n<li>verst\u00e4rktes, atmungsaktives Mesh-R\u00fcckenteil<\/li>\n<li>ergonomische Schultergurte<\/li>\n<\/ul>\n<p>&nbsp;<\/p>\n<ul>\n<li>Gewicht: 650 g<\/li>\n<li>Gr\u00f6sse: 31 x 18 x 50 cm<\/li>\n<li>Volumen: 26 &#8211; 33 Liter erweiterbar<\/li>\n<li>Farbe: Proof Sundown<\/li>\n<\/ul>\n<p>&nbsp;<\/p>\n<p><img decoding=\"async\" class=\"alignnone wp-image-5289\" src=\"https:\/\/www.werecycle.ch\/wp-content\/uploads\/2022\/12\/aevor-garn.webp\" alt=\"\" width=\"176\" height=\"120\" \/> <strong>Recyceltes Material &#8211; fair hergestellt<\/strong><\/p>\n<p>Bestehend aus recyceltem PET, Fair Wair, Bio-Baumwolle, bluesign<\/p>\n<p><img decoding=\"async\" class=\"alignnone wp-image-5290\" src=\"https:\/\/www.werecycle.ch\/wp-content\/uploads\/2022\/12\/aevor-rucksack.webp\" alt=\"\" width=\"176\" height=\"120\" \/><strong>Es war einmal eine PET Flasche<\/strong><\/p>\n<p>Nachhaltig bis zum Schluss<\/p>\n","protected":false},"excerpt":{"rendered":"<p>Der Trip Pack Rucksack von AEVOR ist der gute Begleiter durch die City. Der Backpack kommt mit Urban Design, ist bequem gepolstert f\u00fcr deinen t\u00e4glichen Gebrauch und l\u00e4sst sich \u00fcber zwei Wege \u00f6ffnen. Hergestellt aus recyceltem PET.<\/p>\n<p>Volumen: 26 &#8211; 33 Liter<br \/>\nGewicht: 650 Gramm<\/p>\n","protected":false},"featured_media":5375,"template":"","meta":{"ocean_post_layout":"","ocean_both_sidebars_style":"","ocean_both_sidebars_content_width":0,"ocean_both_sidebars_sidebars_width":0,"ocean_sidebar":"0","ocean_second_sidebar":"0","ocean_disable_margins":"enable","ocean_add_body_class":"","ocean_shortcode_before_top_bar":"","ocean_shortcode_after_top_bar":"","ocean_shortcode_before_header":"","ocean_shortcode_after_header":"","ocean_has_shortcode":"","ocean_shortcode_after_title":"","ocean_shortcode_before_footer_widgets":"","ocean_shortcode_after_footer_widgets":"","ocean_shortcode_before_footer_bottom":"","ocean_shortcode_after_footer_bottom":"","ocean_display_top_bar":"default","ocean_display_header":"default","ocean_header_style":"","ocean_center_header_left_menu":"0","ocean_custom_header_template":"0","ocean_custom_logo":0,"ocean_custom_retina_logo":0,"ocean_custom_logo_max_width":0,"ocean_custom_logo_tablet_max_width":0,"ocean_custom_logo_mobile_max_width":0,"ocean_custom_logo_max_height":0,"ocean_custom_logo_tablet_max_height":0,"ocean_custom_logo_mobile_max_height":0,"ocean_header_custom_menu":"0","ocean_menu_typo_font_family":"0","ocean_menu_typo_font_subset":"","ocean_menu_typo_font_size":0,"ocean_menu_typo_font_size_tablet":0,"ocean_menu_typo_font_size_mobile":0,"ocean_menu_typo_font_size_unit":"px","ocean_menu_typo_font_weight":"","ocean_menu_typo_font_weight_tablet":"","ocean_menu_typo_font_weight_mobile":"","ocean_menu_typo_transform":"","ocean_menu_typo_transform_tablet":"","ocean_menu_typo_transform_mobile":"","ocean_menu_typo_line_height":0,"ocean_menu_typo_line_height_tablet":0,"ocean_menu_typo_line_height_mobile":0,"ocean_menu_typo_line_height_unit":"","ocean_menu_typo_spacing":0,"ocean_menu_typo_spacing_tablet":0,"ocean_menu_typo_spacing_mobile":0,"ocean_menu_typo_spacing_unit":"","ocean_menu_link_color":"","ocean_menu_link_color_hover":"","ocean_menu_link_color_active":"","ocean_menu_link_background":"","ocean_menu_link_hover_background":"","ocean_menu_link_active_background":"","ocean_menu_social_links_bg":"","ocean_menu_social_hover_links_bg":"","ocean_menu_social_links_color":"","ocean_menu_social_hover_links_color":"","ocean_disable_title":"default","ocean_disable_heading":"default","ocean_post_title":"","ocean_post_subheading":"","ocean_post_title_style":"","ocean_post_title_background_color":"","ocean_post_title_background":0,"ocean_post_title_bg_image_position":"","ocean_post_title_bg_image_attachment":"","ocean_post_title_bg_image_repeat":"","ocean_post_title_bg_image_size":"","ocean_post_title_height":0,"ocean_post_title_bg_overlay":0.5,"ocean_post_title_bg_overlay_color":"","ocean_disable_breadcrumbs":"default","ocean_breadcrumbs_color":"","ocean_breadcrumbs_separator_color":"","ocean_breadcrumbs_links_color":"","ocean_breadcrumbs_links_hover_color":"","ocean_display_footer_widgets":"default","ocean_display_footer_bottom":"default","ocean_custom_footer_template":"0","ofc_meta_disable_footer_callout":"","ofc_meta_callout_button_url":"","ofc_meta_callout_button_txt":"","ofc_meta_callout_text":"","osh_disable_topbar_sticky":"default","osh_disable_header_sticky":"default","osh_sticky_header_style":"default","osh_sticky_header_effect":"","osh_custom_sticky_logo":0,"osh_custom_retina_sticky_logo":0,"osh_custom_sticky_logo_height":0,"osh_background_color":"","osh_links_color":"","osh_links_hover_color":"","osh_links_active_color":"","osh_links_bg_color":"","osh_links_hover_bg_color":"","osh_links_active_bg_color":"","osh_menu_social_links_color":"","osh_menu_social_hover_links_color":""},"product_brand":[2686],"product_cat":[89,71],"product_tag":[342,407,237,2183],"class_list":{"0":"post-5373","1":"product","2":"type-product","3":"status-publish","4":"has-post-thumbnail","6":"product_brand-aevor","7":"product_cat-geschenke","8":"product_cat-taschen-rucksaecke","9":"product_tag-aevor","10":"product_tag-proof-sundown","11":"product_tag-rucksack","12":"product_tag-trippack","13":"product_shipping_class-paket","15":"entry","16":"has-media","18":"first","19":"instock","20":"taxable","21":"shipping-taxable","22":"purchasable","23":"product-type-simple","24":"col","25":"span_1_of_3","26":"owp-content-center","27":"item-entry","28":"owp-thumbs-layout-horizontal","29":"owp-btn-normal","30":"owp-tabs-layout-horizontal","31":"circle-sale"},"yoast_head":"<!-- This site is optimized with the Yoast SEO plugin v27.4 - https:\/\/yoast.com\/product\/yoast-seo-wordpress\/ -->\n<title>AEVOR Trip Pack Proof Sundown - WeRecycle.ch | WR Group AG<\/title>\n<meta name=\"description\" content=\"Der Trip Pack Rucksack von AEVOR ist der gute Begleiter durch die City. Nachhaltig hergestellt aus recyceltem PET. Volumen: 26 - 33 Liter Gewicht: 650 Gramm\" \/>\n<meta name=\"robots\" content=\"index, follow, max-snippet:-1, max-image-preview:large, max-video-preview:-1\" \/>\n<link rel=\"canonical\" href=\"https:\/\/www.werecycle.ch\/de\/shop\/bekleidung\/taschen-rucksaecke\/aevor-trip-pack-proof-sundown\/\" \/>\n<meta property=\"og:locale\" content=\"de_DE\" \/>\n<meta property=\"og:type\" content=\"article\" \/>\n<meta property=\"og:title\" content=\"AEVOR Trip Pack Proof Sundown - WeRecycle.ch | WR Group AG\" \/>\n<meta property=\"og:description\" content=\"Der Trip Pack Rucksack von AEVOR ist der gute Begleiter durch die City. Nachhaltig hergestellt aus recyceltem PET. Volumen: 26 - 33 Liter Gewicht: 650 Gramm\" \/>\n<meta property=\"og:url\" content=\"https:\/\/www.werecycle.ch\/de\/shop\/bekleidung\/taschen-rucksaecke\/aevor-trip-pack-proof-sundown\/\" \/>\n<meta property=\"og:site_name\" content=\"WeRecycle.ch | WR Group AG\" \/>\n<meta property=\"article:publisher\" content=\"https:\/\/www.facebook.com\/www.werecycle.ch\" \/>\n<meta property=\"article:modified_time\" content=\"2026-04-16T10:34:34+00:00\" \/>\n<meta property=\"og:image\" content=\"https:\/\/www.werecycle.ch\/wp-content\/uploads\/2022\/12\/484004.webp\" \/>\n\t<meta property=\"og:image:width\" content=\"1500\" \/>\n\t<meta property=\"og:image:height\" content=\"1500\" \/>\n\t<meta property=\"og:image:type\" content=\"image\/webp\" \/>\n<meta name=\"twitter:card\" content=\"summary_large_image\" \/>\n<script type=\"application\/ld+json\" class=\"yoast-schema-graph\">{\"@context\":\"https:\\\/\\\/schema.org\",\"@graph\":[{\"@type\":\"WebPage\",\"@id\":\"https:\\\/\\\/www.werecycle.ch\\\/shop\\\/bekleidung\\\/taschen-rucksaecke\\\/aevor-trip-pack-proof-sundown\\\/\",\"url\":\"https:\\\/\\\/www.werecycle.ch\\\/shop\\\/bekleidung\\\/taschen-rucksaecke\\\/aevor-trip-pack-proof-sundown\\\/\",\"name\":\"AEVOR Trip Pack Proof Sundown - WeRecycle.ch | WR Group AG\",\"isPartOf\":{\"@id\":\"https:\\\/\\\/www.werecycle.ch\\\/de\\\/#website\"},\"primaryImageOfPage\":{\"@id\":\"https:\\\/\\\/www.werecycle.ch\\\/shop\\\/bekleidung\\\/taschen-rucksaecke\\\/aevor-trip-pack-proof-sundown\\\/#primaryimage\"},\"image\":{\"@id\":\"https:\\\/\\\/www.werecycle.ch\\\/shop\\\/bekleidung\\\/taschen-rucksaecke\\\/aevor-trip-pack-proof-sundown\\\/#primaryimage\"},\"thumbnailUrl\":\"https:\\\/\\\/www.werecycle.ch\\\/wp-content\\\/uploads\\\/2022\\\/12\\\/484004.webp\",\"datePublished\":\"2022-12-15T10:49:50+00:00\",\"dateModified\":\"2026-04-16T10:34:34+00:00\",\"description\":\"Der Trip Pack Rucksack von AEVOR ist der gute Begleiter durch die City. Nachhaltig hergestellt aus recyceltem PET. Volumen: 26 - 33 Liter Gewicht: 650 Gramm\",\"breadcrumb\":{\"@id\":\"https:\\\/\\\/www.werecycle.ch\\\/shop\\\/bekleidung\\\/taschen-rucksaecke\\\/aevor-trip-pack-proof-sundown\\\/#breadcrumb\"},\"inLanguage\":\"de\",\"potentialAction\":[{\"@type\":\"ReadAction\",\"target\":[\"https:\\\/\\\/www.werecycle.ch\\\/shop\\\/bekleidung\\\/taschen-rucksaecke\\\/aevor-trip-pack-proof-sundown\\\/\"]}]},{\"@type\":\"ImageObject\",\"inLanguage\":\"de\",\"@id\":\"https:\\\/\\\/www.werecycle.ch\\\/shop\\\/bekleidung\\\/taschen-rucksaecke\\\/aevor-trip-pack-proof-sundown\\\/#primaryimage\",\"url\":\"https:\\\/\\\/www.werecycle.ch\\\/wp-content\\\/uploads\\\/2022\\\/12\\\/484004.webp\",\"contentUrl\":\"https:\\\/\\\/www.werecycle.ch\\\/wp-content\\\/uploads\\\/2022\\\/12\\\/484004.webp\",\"width\":1500,\"height\":1500},{\"@type\":\"BreadcrumbList\",\"@id\":\"https:\\\/\\\/www.werecycle.ch\\\/shop\\\/bekleidung\\\/taschen-rucksaecke\\\/aevor-trip-pack-proof-sundown\\\/#breadcrumb\",\"itemListElement\":[{\"@type\":\"ListItem\",\"position\":1,\"name\":\"Startseite\",\"item\":\"https:\\\/\\\/www.werecycle.ch\\\/\"},{\"@type\":\"ListItem\",\"position\":2,\"name\":\"Shop\",\"item\":\"https:\\\/\\\/www.werecycle.ch\\\/de\\\/shop\\\/\"},{\"@type\":\"ListItem\",\"position\":3,\"name\":\"AEVOR Trip Pack Proof Sundown\"}]},{\"@type\":\"WebSite\",\"@id\":\"https:\\\/\\\/www.werecycle.ch\\\/de\\\/#website\",\"url\":\"https:\\\/\\\/www.werecycle.ch\\\/de\\\/\",\"name\":\"WeRecycle.ch | Recycling Services AG\",\"description\":\"\",\"publisher\":{\"@id\":\"https:\\\/\\\/www.werecycle.ch\\\/de\\\/#organization\"},\"potentialAction\":[{\"@type\":\"SearchAction\",\"target\":{\"@type\":\"EntryPoint\",\"urlTemplate\":\"https:\\\/\\\/www.werecycle.ch\\\/de\\\/?s={search_term_string}\"},\"query-input\":{\"@type\":\"PropertyValueSpecification\",\"valueRequired\":true,\"valueName\":\"search_term_string\"}}],\"inLanguage\":\"de\"},{\"@type\":\"Organization\",\"@id\":\"https:\\\/\\\/www.werecycle.ch\\\/de\\\/#organization\",\"name\":\"WeRecycle.ch | Recycling Services AG\",\"url\":\"https:\\\/\\\/www.werecycle.ch\\\/de\\\/\",\"logo\":{\"@type\":\"ImageObject\",\"inLanguage\":\"de\",\"@id\":\"https:\\\/\\\/www.werecycle.ch\\\/de\\\/#\\\/schema\\\/logo\\\/image\\\/\",\"url\":\"https:\\\/\\\/www.werecycle.ch\\\/wp-content\\\/uploads\\\/2022\\\/09\\\/logo_werecycle.webp\",\"contentUrl\":\"https:\\\/\\\/www.werecycle.ch\\\/wp-content\\\/uploads\\\/2022\\\/09\\\/logo_werecycle.webp\",\"width\":1423,\"height\":427,\"caption\":\"WeRecycle.ch | Recycling Services AG\"},\"image\":{\"@id\":\"https:\\\/\\\/www.werecycle.ch\\\/de\\\/#\\\/schema\\\/logo\\\/image\\\/\"},\"sameAs\":[\"https:\\\/\\\/www.facebook.com\\\/www.werecycle.ch\"]}]}<\/script>\n<!-- \/ Yoast SEO plugin. -->","yoast_head_json":{"title":"AEVOR Trip Pack Proof Sundown - WeRecycle.ch | WR Group AG","description":"Der Trip Pack Rucksack von AEVOR ist der gute Begleiter durch die City. Nachhaltig hergestellt aus recyceltem PET. Volumen: 26 - 33 Liter Gewicht: 650 Gramm","robots":{"index":"index","follow":"follow","max-snippet":"max-snippet:-1","max-image-preview":"max-image-preview:large","max-video-preview":"max-video-preview:-1"},"canonical":"https:\/\/www.werecycle.ch\/de\/shop\/bekleidung\/taschen-rucksaecke\/aevor-trip-pack-proof-sundown\/","og_locale":"de_DE","og_type":"article","og_title":"AEVOR Trip Pack Proof Sundown - WeRecycle.ch | WR Group AG","og_description":"Der Trip Pack Rucksack von AEVOR ist der gute Begleiter durch die City. Nachhaltig hergestellt aus recyceltem PET. Volumen: 26 - 33 Liter Gewicht: 650 Gramm","og_url":"https:\/\/www.werecycle.ch\/de\/shop\/bekleidung\/taschen-rucksaecke\/aevor-trip-pack-proof-sundown\/","og_site_name":"WeRecycle.ch | WR Group AG","article_publisher":"https:\/\/www.facebook.com\/www.werecycle.ch","article_modified_time":"2026-04-16T10:34:34+00:00","og_image":[{"width":1500,"height":1500,"url":"https:\/\/www.werecycle.ch\/wp-content\/uploads\/2022\/12\/484004.webp","type":"image\/webp"}],"twitter_card":"summary_large_image","schema":{"@context":"https:\/\/schema.org","@graph":[{"@type":"WebPage","@id":"https:\/\/www.werecycle.ch\/shop\/bekleidung\/taschen-rucksaecke\/aevor-trip-pack-proof-sundown\/","url":"https:\/\/www.werecycle.ch\/shop\/bekleidung\/taschen-rucksaecke\/aevor-trip-pack-proof-sundown\/","name":"AEVOR Trip Pack Proof Sundown - WeRecycle.ch | WR Group AG","isPartOf":{"@id":"https:\/\/www.werecycle.ch\/de\/#website"},"primaryImageOfPage":{"@id":"https:\/\/www.werecycle.ch\/shop\/bekleidung\/taschen-rucksaecke\/aevor-trip-pack-proof-sundown\/#primaryimage"},"image":{"@id":"https:\/\/www.werecycle.ch\/shop\/bekleidung\/taschen-rucksaecke\/aevor-trip-pack-proof-sundown\/#primaryimage"},"thumbnailUrl":"https:\/\/www.werecycle.ch\/wp-content\/uploads\/2022\/12\/484004.webp","datePublished":"2022-12-15T10:49:50+00:00","dateModified":"2026-04-16T10:34:34+00:00","description":"Der Trip Pack Rucksack von AEVOR ist der gute Begleiter durch die City. Nachhaltig hergestellt aus recyceltem PET. Volumen: 26 - 33 Liter Gewicht: 650 Gramm","breadcrumb":{"@id":"https:\/\/www.werecycle.ch\/shop\/bekleidung\/taschen-rucksaecke\/aevor-trip-pack-proof-sundown\/#breadcrumb"},"inLanguage":"de","potentialAction":[{"@type":"ReadAction","target":["https:\/\/www.werecycle.ch\/shop\/bekleidung\/taschen-rucksaecke\/aevor-trip-pack-proof-sundown\/"]}]},{"@type":"ImageObject","inLanguage":"de","@id":"https:\/\/www.werecycle.ch\/shop\/bekleidung\/taschen-rucksaecke\/aevor-trip-pack-proof-sundown\/#primaryimage","url":"https:\/\/www.werecycle.ch\/wp-content\/uploads\/2022\/12\/484004.webp","contentUrl":"https:\/\/www.werecycle.ch\/wp-content\/uploads\/2022\/12\/484004.webp","width":1500,"height":1500},{"@type":"BreadcrumbList","@id":"https:\/\/www.werecycle.ch\/shop\/bekleidung\/taschen-rucksaecke\/aevor-trip-pack-proof-sundown\/#breadcrumb","itemListElement":[{"@type":"ListItem","position":1,"name":"Startseite","item":"https:\/\/www.werecycle.ch\/"},{"@type":"ListItem","position":2,"name":"Shop","item":"https:\/\/www.werecycle.ch\/de\/shop\/"},{"@type":"ListItem","position":3,"name":"AEVOR Trip Pack Proof Sundown"}]},{"@type":"WebSite","@id":"https:\/\/www.werecycle.ch\/de\/#website","url":"https:\/\/www.werecycle.ch\/de\/","name":"WeRecycle.ch | Recycling Services AG","description":"","publisher":{"@id":"https:\/\/www.werecycle.ch\/de\/#organization"},"potentialAction":[{"@type":"SearchAction","target":{"@type":"EntryPoint","urlTemplate":"https:\/\/www.werecycle.ch\/de\/?s={search_term_string}"},"query-input":{"@type":"PropertyValueSpecification","valueRequired":true,"valueName":"search_term_string"}}],"inLanguage":"de"},{"@type":"Organization","@id":"https:\/\/www.werecycle.ch\/de\/#organization","name":"WeRecycle.ch | Recycling Services AG","url":"https:\/\/www.werecycle.ch\/de\/","logo":{"@type":"ImageObject","inLanguage":"de","@id":"https:\/\/www.werecycle.ch\/de\/#\/schema\/logo\/image\/","url":"https:\/\/www.werecycle.ch\/wp-content\/uploads\/2022\/09\/logo_werecycle.webp","contentUrl":"https:\/\/www.werecycle.ch\/wp-content\/uploads\/2022\/09\/logo_werecycle.webp","width":1423,"height":427,"caption":"WeRecycle.ch | Recycling Services AG"},"image":{"@id":"https:\/\/www.werecycle.ch\/de\/#\/schema\/logo\/image\/"},"sameAs":["https:\/\/www.facebook.com\/www.werecycle.ch"]}]}},"tiered_pricing_type":"fixed","tiered_pricing_fixed_rules":[],"tiered_pricing_product_settings":{"layout":"default","base_unit_name":{"singular":null,"plural":null},"default_variation":null},"tiered_pricing_minimum_quantity":null,"tiered_pricing_roles_data":[],"tiered_pricing_percentage_rules":[],"_links":{"self":[{"href":"https:\/\/www.werecycle.ch\/de\/wp-json\/wp\/v2\/product\/5373","targetHints":{"allow":["GET"]}}],"collection":[{"href":"https:\/\/www.werecycle.ch\/de\/wp-json\/wp\/v2\/product"}],"about":[{"href":"https:\/\/www.werecycle.ch\/de\/wp-json\/wp\/v2\/types\/product"}],"wp:featuredmedia":[{"embeddable":true,"href":"https:\/\/www.werecycle.ch\/de\/wp-json\/wp\/v2\/media\/5375"}],"wp:attachment":[{"href":"https:\/\/www.werecycle.ch\/de\/wp-json\/wp\/v2\/media?parent=5373"}],"wp:term":[{"taxonomy":"product_brand","embeddable":true,"href":"https:\/\/www.werecycle.ch\/de\/wp-json\/wp\/v2\/product_brand?post=5373"},{"taxonomy":"product_cat","embeddable":true,"href":"https:\/\/www.werecycle.ch\/de\/wp-json\/wp\/v2\/product_cat?post=5373"},{"taxonomy":"product_tag","embeddable":true,"href":"https:\/\/www.werecycle.ch\/de\/wp-json\/wp\/v2\/product_tag?post=5373"}],"curies":[{"name":"wp","href":"https:\/\/api.w.org\/{rel}","templated":true}]}}