{"id":3927,"date":"2022-11-04T15:13:11","date_gmt":"2022-11-04T14:13:11","guid":{"rendered":"https:\/\/www.werecycle.ch\/?post_type=product&#038;p=3927"},"modified":"2025-09-29T13:36:16","modified_gmt":"2025-09-29T12:36:16","slug":"kleandrop-kuechenreiniger-3-tabs","status":"publish","type":"product","link":"https:\/\/www.werecycle.ch\/de\/shop\/haushalt-wohnen\/reinigung\/kleandrop-kuechenreiniger-3-tabs\/","title":{"rendered":"kleandrop K\u00fcchenreiniger &#8211; 3 Tabs"},"content":{"rendered":"<div class=\"accordion__section js-accordion-section is-active\">\n<div class=\"accordion__body js-accordion-body\">\n<div class=\"accordion__section js-accordion-section is-active\">\n<div class=\"accordion__body js-accordion-body\">\n<div class=\"accordion__section js-accordion-section is-active\">\n<div class=\"accordion__body js-accordion-body\">\n<p>Die kleandrop Putzmittel Tabs beinhalten alles was f\u00fcr ein sauberes Zuhause gebraucht wird. Die Putzmitteltabs behandeln nicht nur die Umwelt sondern auch Ihre Haut und Ihr zu Hause schonend und nachhaltig. L\u00e4sst Kalk und Schmutzablagerungen keine Chance. Nachhaltig in Papier verpackt, 100% biologisch abbaubar. Dermatologisch getestet ohne Mikroplastik.<\/p>\n<\/div>\n<p>Unn\u00f6tigen Plastikflaschen vermeiden. Tabs einfach in Wasser aufl\u00f6sen.<\/p>\n<\/div>\n<\/div>\n<\/div>\n<\/div>\n<\/div>\n<h4>Anwendung<\/h4>\n<ol>\n<li>Flasche mit 500ml kaltem Leitungswasser bef\u00fcllen<\/li>\n<li>kleandrop in die Flasche werfen und vollst\u00e4ndig aufl\u00f6sen lassen<\/li>\n<li>Fertig ist dein Putzmittel und der Putzspass kann beginnen \u2013 happy kleaning<\/li>\n<\/ol>\n<p>&nbsp;<\/p>\n<h4>Inhaltsstoffe<\/h4>\n<ul>\n<li>\n<div id=\"shopify-section-template--15905244872870__bea32207-5e6b-4c39-94a3-31d2bd7553e4\" class=\"shopify-section accordions-holder\">\n<div id=\"Faq--template--15905244872870__bea32207-5e6b-4c39-94a3-31d2bd7553e4\" class=\"faq-section section-padding\" data-section-id=\"template--15905244872870__bea32207-5e6b-4c39-94a3-31d2bd7553e4\" data-section-type=\"faq\">\n<section class=\"section-faq accordion\" data-accordion=\"\">\n<div class=\"section__body accordion__body\" data-accordion-body=\"\">\n<div class=\"faq-list-holder\">\n<div class=\"faq-list faq-list--1\">\n<div class=\"faq-list__item\">\n<div class=\"faq-list__item-description\">\n<div class=\"rte faq-list__item-content\">\n<div id=\"shopify-section-template--15905244872870__bea32207-5e6b-4c39-94a3-31d2bd7553e4\" class=\"shopify-section accordions-holder\">\n<div id=\"Faq--template--15905244872870__bea32207-5e6b-4c39-94a3-31d2bd7553e4\" class=\"faq-section section-padding\" data-section-id=\"template--15905244872870__bea32207-5e6b-4c39-94a3-31d2bd7553e4\" data-section-type=\"faq\">\n<section class=\"section-faq accordion\" data-accordion=\"\">\n<div class=\"section__body accordion__body\" data-accordion-body=\"\">\n<div class=\"faq-list-holder\">\n<div class=\"faq-list faq-list--1\">\n<div class=\"faq-list__item\">\n<div class=\"faq-list__item-description\">\n<div class=\"rte faq-list__item-content\">\n<p><span class=\"metafield-multi_line_text_field\">&lt;5 % nichtionische Tenside, anionische Tenside, Bleichmittel auf Sauerstoffbasis. Enth\u00e4lt: Duftstoffe<\/span><\/p>\n<\/div>\n<\/div>\n<\/div>\n<\/div>\n<\/div>\n<\/div>\n<\/section>\n<\/div>\n<\/div>\n<p>&nbsp;<\/p>\n<\/div>\n<\/div>\n<\/div>\n<\/div>\n<\/div>\n<\/div>\n<\/section>\n<\/div>\n<\/div>\n<\/li>\n<\/ul>\n<h4>Gefahrenhinweise<\/h4>\n<ul>\n<li>\n<div id=\"shopify-section-template--15905244872870__8882653c-9c93-4302-8c69-b5b36a51dfb7\" class=\"shopify-section accordions-holder\">\n<div id=\"Faq--template--15905244872870__8882653c-9c93-4302-8c69-b5b36a51dfb7\" class=\"faq-section section-padding\" data-section-id=\"template--15905244872870__8882653c-9c93-4302-8c69-b5b36a51dfb7\" data-section-type=\"faq\">\n<section class=\"section-faq accordion\" data-accordion=\"\">\n<div class=\"section__body accordion__body\" data-accordion-body=\"\">\n<div class=\"faq-list-holder\">\n<div class=\"faq-list faq-list--1\">\n<div class=\"faq-list__item\">\n<div class=\"faq-list__item-description\">\n<div class=\"rte faq-list__item-content\">\n<p><span class=\"metafield-multi_line_text_field\">Gefahrenhinweis: Vollst\u00e4ndige Produktkennzeichnung Achtung! Verursacht schwere Augenreizung. Darf nicht in die H\u00e4nde von Kindern gelangen. Nach Gebrauch gr\u00fcndlich waschen. BEI KONTAKT MIT DEN AUGEN: Einige Minuten lang behutsam mit Wasser sp\u00fclen. Eventuell vorhandene Kontaktlinsen nach M\u00f6glichkeit entfernen. Weiter sp\u00fclen. Bei anhaltender Augenreizung: \u00c4rztlichen Rat einholen\/\u00e4rztliche Hilfe hinzuziehen.<\/span><\/p>\n<\/div>\n<\/div>\n<\/div>\n<\/div>\n<\/div>\n<\/div>\n<\/section>\n<\/div>\n<\/div>\n<\/li>\n<\/ul>\n","protected":false},"excerpt":{"rendered":"<p data-handle=\"treebottle-sleeve\">Die kleandrop Putzmittel Tabs beinhalten alles was f\u00fcr ein sauberes Zuhause gebraucht wird. Die Putzmitteltabs behandeln nicht nur die Umwelt sondern auch Ihre Haut und Ihr zu Hause schonend und nachhaltig.<\/p>\n<p><strong><span style=\"color: #0fc789\">AUSVERKAUF\u00a0<\/span><\/strong><\/p>\n<p><strong>Artikel lieferbar solange Vorrat.<br \/>\n<\/strong>Die R\u00fcckgabe ist ausgeschlossen.<\/p>\n","protected":false},"featured_media":4084,"template":"","meta":{"ocean_post_layout":"","ocean_both_sidebars_style":"","ocean_both_sidebars_content_width":0,"ocean_both_sidebars_sidebars_width":0,"ocean_sidebar":"0","ocean_second_sidebar":"0","ocean_disable_margins":"enable","ocean_add_body_class":"","ocean_shortcode_before_top_bar":"","ocean_shortcode_after_top_bar":"","ocean_shortcode_before_header":"","ocean_shortcode_after_header":"","ocean_has_shortcode":"","ocean_shortcode_after_title":"","ocean_shortcode_before_footer_widgets":"","ocean_shortcode_after_footer_widgets":"","ocean_shortcode_before_footer_bottom":"","ocean_shortcode_after_footer_bottom":"","ocean_display_top_bar":"default","ocean_display_header":"default","ocean_header_style":"","ocean_center_header_left_menu":"0","ocean_custom_header_template":"0","ocean_custom_logo":0,"ocean_custom_retina_logo":0,"ocean_custom_logo_max_width":0,"ocean_custom_logo_tablet_max_width":0,"ocean_custom_logo_mobile_max_width":0,"ocean_custom_logo_max_height":0,"ocean_custom_logo_tablet_max_height":0,"ocean_custom_logo_mobile_max_height":0,"ocean_header_custom_menu":"0","ocean_menu_typo_font_family":"0","ocean_menu_typo_font_subset":"","ocean_menu_typo_font_size":0,"ocean_menu_typo_font_size_tablet":0,"ocean_menu_typo_font_size_mobile":0,"ocean_menu_typo_font_size_unit":"px","ocean_menu_typo_font_weight":"","ocean_menu_typo_font_weight_tablet":"","ocean_menu_typo_font_weight_mobile":"","ocean_menu_typo_transform":"","ocean_menu_typo_transform_tablet":"","ocean_menu_typo_transform_mobile":"","ocean_menu_typo_line_height":0,"ocean_menu_typo_line_height_tablet":0,"ocean_menu_typo_line_height_mobile":0,"ocean_menu_typo_line_height_unit":"","ocean_menu_typo_spacing":0,"ocean_menu_typo_spacing_tablet":0,"ocean_menu_typo_spacing_mobile":0,"ocean_menu_typo_spacing_unit":"","ocean_menu_link_color":"","ocean_menu_link_color_hover":"","ocean_menu_link_color_active":"","ocean_menu_link_background":"","ocean_menu_link_hover_background":"","ocean_menu_link_active_background":"","ocean_menu_social_links_bg":"","ocean_menu_social_hover_links_bg":"","ocean_menu_social_links_color":"","ocean_menu_social_hover_links_color":"","ocean_disable_title":"default","ocean_disable_heading":"default","ocean_post_title":"","ocean_post_subheading":"","ocean_post_title_style":"","ocean_post_title_background_color":"","ocean_post_title_background":0,"ocean_post_title_bg_image_position":"","ocean_post_title_bg_image_attachment":"","ocean_post_title_bg_image_repeat":"","ocean_post_title_bg_image_size":"","ocean_post_title_height":0,"ocean_post_title_bg_overlay":0.5,"ocean_post_title_bg_overlay_color":"","ocean_disable_breadcrumbs":"default","ocean_breadcrumbs_color":"","ocean_breadcrumbs_separator_color":"","ocean_breadcrumbs_links_color":"","ocean_breadcrumbs_links_hover_color":"","ocean_display_footer_widgets":"default","ocean_display_footer_bottom":"default","ocean_custom_footer_template":"0","ofc_meta_disable_footer_callout":"","ofc_meta_callout_button_url":"","ofc_meta_callout_button_txt":"","ofc_meta_callout_text":"","osh_disable_topbar_sticky":"default","osh_disable_header_sticky":"default","osh_sticky_header_style":"default","osh_sticky_header_effect":"","osh_custom_sticky_logo":0,"osh_custom_retina_sticky_logo":0,"osh_custom_sticky_logo_height":0,"osh_background_color":"","osh_links_color":"","osh_links_hover_color":"","osh_links_active_color":"","osh_links_bg_color":"","osh_links_hover_bg_color":"","osh_links_active_bg_color":"","osh_menu_social_links_color":"","osh_menu_social_hover_links_color":""},"product_brand":[],"product_cat":[785,61,63],"product_tag":[273,280,274,276],"class_list":{"0":"post-3927","1":"product","2":"type-product","3":"status-publish","4":"has-post-thumbnail","6":"product_cat-ausverkauf","7":"product_cat-haushalt-wohnen","8":"product_cat-reinigung","9":"product_tag-kleandrop","10":"product_tag-kuechenreiniger","11":"product_tag-putzmittel","12":"product_tag-tabs","13":"product_shipping_class-brief","15":"entry","16":"has-media","18":"first","19":"instock","20":"sale","21":"taxable","22":"shipping-taxable","23":"purchasable","24":"product-type-simple","25":"col","26":"span_1_of_3","27":"owp-content-center","28":"item-entry","29":"owp-thumbs-layout-horizontal","30":"owp-btn-normal","31":"owp-tabs-layout-horizontal","32":"circle-sale"},"yoast_head":"<!-- This site is optimized with the Yoast SEO plugin v27.5 - https:\/\/yoast.com\/product\/yoast-seo-wordpress\/ -->\n<title>kleandrop K\u00fcchenreiniger - 3 Tabs - WeRecycle.ch | WR Group AG<\/title>\n<meta name=\"description\" content=\"Die kleandrop Putzmittel Tabs beinhalten alles was f\u00fcr ein sauberes Zuhause gebraucht wird. Nachf\u00fcllset mit 3 Tabs f\u00fcr 3 Flaschen K\u00fcchenreiniger.\" \/>\n<meta name=\"robots\" content=\"index, follow, max-snippet:-1, max-image-preview:large, max-video-preview:-1\" \/>\n<link rel=\"canonical\" href=\"https:\/\/www.werecycle.ch\/de\/shop\/haushalt-wohnen\/reinigung\/kleandrop-kuechenreiniger-3-tabs\/\" \/>\n<meta property=\"og:locale\" content=\"de_DE\" \/>\n<meta property=\"og:type\" content=\"article\" \/>\n<meta property=\"og:title\" content=\"kleandrop K\u00fcchenreiniger - 3 Tabs - WeRecycle.ch | WR Group AG\" \/>\n<meta property=\"og:description\" content=\"Die kleandrop Putzmittel Tabs beinhalten alles was f\u00fcr ein sauberes Zuhause gebraucht wird. Nachf\u00fcllset mit 3 Tabs f\u00fcr 3 Flaschen K\u00fcchenreiniger.\" \/>\n<meta property=\"og:url\" content=\"https:\/\/www.werecycle.ch\/de\/shop\/haushalt-wohnen\/reinigung\/kleandrop-kuechenreiniger-3-tabs\/\" \/>\n<meta property=\"og:site_name\" content=\"WeRecycle.ch | WR Group AG\" \/>\n<meta property=\"article:publisher\" content=\"https:\/\/www.facebook.com\/www.werecycle.ch\" \/>\n<meta property=\"article:modified_time\" content=\"2025-09-29T12:36:16+00:00\" \/>\n<meta property=\"og:image\" content=\"https:\/\/www.werecycle.ch\/wp-content\/uploads\/2022\/11\/443003.webp\" \/>\n\t<meta property=\"og:image:width\" content=\"600\" \/>\n\t<meta property=\"og:image:height\" content=\"600\" \/>\n\t<meta property=\"og:image:type\" content=\"image\/webp\" \/>\n<meta name=\"twitter:card\" content=\"summary_large_image\" \/>\n<script type=\"application\/ld+json\" class=\"yoast-schema-graph\">{\"@context\":\"https:\\\/\\\/schema.org\",\"@graph\":[{\"@type\":\"WebPage\",\"@id\":\"https:\\\/\\\/www.werecycle.ch\\\/shop\\\/haushalt-wohnen\\\/reinigung\\\/kleandrop-kuechenreiniger-3-tabs\\\/\",\"url\":\"https:\\\/\\\/www.werecycle.ch\\\/shop\\\/haushalt-wohnen\\\/reinigung\\\/kleandrop-kuechenreiniger-3-tabs\\\/\",\"name\":\"kleandrop K\u00fcchenreiniger - 3 Tabs - WeRecycle.ch | WR Group AG\",\"isPartOf\":{\"@id\":\"https:\\\/\\\/www.werecycle.ch\\\/de\\\/#website\"},\"primaryImageOfPage\":{\"@id\":\"https:\\\/\\\/www.werecycle.ch\\\/shop\\\/haushalt-wohnen\\\/reinigung\\\/kleandrop-kuechenreiniger-3-tabs\\\/#primaryimage\"},\"image\":{\"@id\":\"https:\\\/\\\/www.werecycle.ch\\\/shop\\\/haushalt-wohnen\\\/reinigung\\\/kleandrop-kuechenreiniger-3-tabs\\\/#primaryimage\"},\"thumbnailUrl\":\"https:\\\/\\\/www.werecycle.ch\\\/wp-content\\\/uploads\\\/2022\\\/11\\\/443003.webp\",\"datePublished\":\"2022-11-04T14:13:11+00:00\",\"dateModified\":\"2025-09-29T12:36:16+00:00\",\"description\":\"Die kleandrop Putzmittel Tabs beinhalten alles was f\u00fcr ein sauberes Zuhause gebraucht wird. Nachf\u00fcllset mit 3 Tabs f\u00fcr 3 Flaschen K\u00fcchenreiniger.\",\"breadcrumb\":{\"@id\":\"https:\\\/\\\/www.werecycle.ch\\\/shop\\\/haushalt-wohnen\\\/reinigung\\\/kleandrop-kuechenreiniger-3-tabs\\\/#breadcrumb\"},\"inLanguage\":\"de\",\"potentialAction\":[{\"@type\":\"ReadAction\",\"target\":[\"https:\\\/\\\/www.werecycle.ch\\\/shop\\\/haushalt-wohnen\\\/reinigung\\\/kleandrop-kuechenreiniger-3-tabs\\\/\"]}]},{\"@type\":\"ImageObject\",\"inLanguage\":\"de\",\"@id\":\"https:\\\/\\\/www.werecycle.ch\\\/shop\\\/haushalt-wohnen\\\/reinigung\\\/kleandrop-kuechenreiniger-3-tabs\\\/#primaryimage\",\"url\":\"https:\\\/\\\/www.werecycle.ch\\\/wp-content\\\/uploads\\\/2022\\\/11\\\/443003.webp\",\"contentUrl\":\"https:\\\/\\\/www.werecycle.ch\\\/wp-content\\\/uploads\\\/2022\\\/11\\\/443003.webp\",\"width\":600,\"height\":600},{\"@type\":\"BreadcrumbList\",\"@id\":\"https:\\\/\\\/www.werecycle.ch\\\/shop\\\/haushalt-wohnen\\\/reinigung\\\/kleandrop-kuechenreiniger-3-tabs\\\/#breadcrumb\",\"itemListElement\":[{\"@type\":\"ListItem\",\"position\":1,\"name\":\"Startseite\",\"item\":\"https:\\\/\\\/www.werecycle.ch\\\/\"},{\"@type\":\"ListItem\",\"position\":2,\"name\":\"Shop\",\"item\":\"https:\\\/\\\/www.werecycle.ch\\\/de\\\/shop\\\/\"},{\"@type\":\"ListItem\",\"position\":3,\"name\":\"kleandrop K\u00fcchenreiniger &#8211; 3 Tabs\"}]},{\"@type\":\"WebSite\",\"@id\":\"https:\\\/\\\/www.werecycle.ch\\\/de\\\/#website\",\"url\":\"https:\\\/\\\/www.werecycle.ch\\\/de\\\/\",\"name\":\"WeRecycle.ch | Recycling Services AG\",\"description\":\"\",\"publisher\":{\"@id\":\"https:\\\/\\\/www.werecycle.ch\\\/de\\\/#organization\"},\"potentialAction\":[{\"@type\":\"SearchAction\",\"target\":{\"@type\":\"EntryPoint\",\"urlTemplate\":\"https:\\\/\\\/www.werecycle.ch\\\/de\\\/?s={search_term_string}\"},\"query-input\":{\"@type\":\"PropertyValueSpecification\",\"valueRequired\":true,\"valueName\":\"search_term_string\"}}],\"inLanguage\":\"de\"},{\"@type\":\"Organization\",\"@id\":\"https:\\\/\\\/www.werecycle.ch\\\/de\\\/#organization\",\"name\":\"WeRecycle.ch | Recycling Services AG\",\"url\":\"https:\\\/\\\/www.werecycle.ch\\\/de\\\/\",\"logo\":{\"@type\":\"ImageObject\",\"inLanguage\":\"de\",\"@id\":\"https:\\\/\\\/www.werecycle.ch\\\/de\\\/#\\\/schema\\\/logo\\\/image\\\/\",\"url\":\"https:\\\/\\\/www.werecycle.ch\\\/wp-content\\\/uploads\\\/2022\\\/09\\\/logo_werecycle.webp\",\"contentUrl\":\"https:\\\/\\\/www.werecycle.ch\\\/wp-content\\\/uploads\\\/2022\\\/09\\\/logo_werecycle.webp\",\"width\":1423,\"height\":427,\"caption\":\"WeRecycle.ch | Recycling Services AG\"},\"image\":{\"@id\":\"https:\\\/\\\/www.werecycle.ch\\\/de\\\/#\\\/schema\\\/logo\\\/image\\\/\"},\"sameAs\":[\"https:\\\/\\\/www.facebook.com\\\/www.werecycle.ch\"]}]}<\/script>\n<!-- \/ Yoast SEO plugin. -->","yoast_head_json":{"title":"kleandrop K\u00fcchenreiniger - 3 Tabs - WeRecycle.ch | WR Group AG","description":"Die kleandrop Putzmittel Tabs beinhalten alles was f\u00fcr ein sauberes Zuhause gebraucht wird. Nachf\u00fcllset mit 3 Tabs f\u00fcr 3 Flaschen K\u00fcchenreiniger.","robots":{"index":"index","follow":"follow","max-snippet":"max-snippet:-1","max-image-preview":"max-image-preview:large","max-video-preview":"max-video-preview:-1"},"canonical":"https:\/\/www.werecycle.ch\/de\/shop\/haushalt-wohnen\/reinigung\/kleandrop-kuechenreiniger-3-tabs\/","og_locale":"de_DE","og_type":"article","og_title":"kleandrop K\u00fcchenreiniger - 3 Tabs - WeRecycle.ch | WR Group AG","og_description":"Die kleandrop Putzmittel Tabs beinhalten alles was f\u00fcr ein sauberes Zuhause gebraucht wird. Nachf\u00fcllset mit 3 Tabs f\u00fcr 3 Flaschen K\u00fcchenreiniger.","og_url":"https:\/\/www.werecycle.ch\/de\/shop\/haushalt-wohnen\/reinigung\/kleandrop-kuechenreiniger-3-tabs\/","og_site_name":"WeRecycle.ch | WR Group AG","article_publisher":"https:\/\/www.facebook.com\/www.werecycle.ch","article_modified_time":"2025-09-29T12:36:16+00:00","og_image":[{"width":600,"height":600,"url":"https:\/\/www.werecycle.ch\/wp-content\/uploads\/2022\/11\/443003.webp","type":"image\/webp"}],"twitter_card":"summary_large_image","schema":{"@context":"https:\/\/schema.org","@graph":[{"@type":"WebPage","@id":"https:\/\/www.werecycle.ch\/shop\/haushalt-wohnen\/reinigung\/kleandrop-kuechenreiniger-3-tabs\/","url":"https:\/\/www.werecycle.ch\/shop\/haushalt-wohnen\/reinigung\/kleandrop-kuechenreiniger-3-tabs\/","name":"kleandrop K\u00fcchenreiniger - 3 Tabs - WeRecycle.ch | WR Group AG","isPartOf":{"@id":"https:\/\/www.werecycle.ch\/de\/#website"},"primaryImageOfPage":{"@id":"https:\/\/www.werecycle.ch\/shop\/haushalt-wohnen\/reinigung\/kleandrop-kuechenreiniger-3-tabs\/#primaryimage"},"image":{"@id":"https:\/\/www.werecycle.ch\/shop\/haushalt-wohnen\/reinigung\/kleandrop-kuechenreiniger-3-tabs\/#primaryimage"},"thumbnailUrl":"https:\/\/www.werecycle.ch\/wp-content\/uploads\/2022\/11\/443003.webp","datePublished":"2022-11-04T14:13:11+00:00","dateModified":"2025-09-29T12:36:16+00:00","description":"Die kleandrop Putzmittel Tabs beinhalten alles was f\u00fcr ein sauberes Zuhause gebraucht wird. Nachf\u00fcllset mit 3 Tabs f\u00fcr 3 Flaschen K\u00fcchenreiniger.","breadcrumb":{"@id":"https:\/\/www.werecycle.ch\/shop\/haushalt-wohnen\/reinigung\/kleandrop-kuechenreiniger-3-tabs\/#breadcrumb"},"inLanguage":"de","potentialAction":[{"@type":"ReadAction","target":["https:\/\/www.werecycle.ch\/shop\/haushalt-wohnen\/reinigung\/kleandrop-kuechenreiniger-3-tabs\/"]}]},{"@type":"ImageObject","inLanguage":"de","@id":"https:\/\/www.werecycle.ch\/shop\/haushalt-wohnen\/reinigung\/kleandrop-kuechenreiniger-3-tabs\/#primaryimage","url":"https:\/\/www.werecycle.ch\/wp-content\/uploads\/2022\/11\/443003.webp","contentUrl":"https:\/\/www.werecycle.ch\/wp-content\/uploads\/2022\/11\/443003.webp","width":600,"height":600},{"@type":"BreadcrumbList","@id":"https:\/\/www.werecycle.ch\/shop\/haushalt-wohnen\/reinigung\/kleandrop-kuechenreiniger-3-tabs\/#breadcrumb","itemListElement":[{"@type":"ListItem","position":1,"name":"Startseite","item":"https:\/\/www.werecycle.ch\/"},{"@type":"ListItem","position":2,"name":"Shop","item":"https:\/\/www.werecycle.ch\/de\/shop\/"},{"@type":"ListItem","position":3,"name":"kleandrop K\u00fcchenreiniger &#8211; 3 Tabs"}]},{"@type":"WebSite","@id":"https:\/\/www.werecycle.ch\/de\/#website","url":"https:\/\/www.werecycle.ch\/de\/","name":"WeRecycle.ch | Recycling Services AG","description":"","publisher":{"@id":"https:\/\/www.werecycle.ch\/de\/#organization"},"potentialAction":[{"@type":"SearchAction","target":{"@type":"EntryPoint","urlTemplate":"https:\/\/www.werecycle.ch\/de\/?s={search_term_string}"},"query-input":{"@type":"PropertyValueSpecification","valueRequired":true,"valueName":"search_term_string"}}],"inLanguage":"de"},{"@type":"Organization","@id":"https:\/\/www.werecycle.ch\/de\/#organization","name":"WeRecycle.ch | Recycling Services AG","url":"https:\/\/www.werecycle.ch\/de\/","logo":{"@type":"ImageObject","inLanguage":"de","@id":"https:\/\/www.werecycle.ch\/de\/#\/schema\/logo\/image\/","url":"https:\/\/www.werecycle.ch\/wp-content\/uploads\/2022\/09\/logo_werecycle.webp","contentUrl":"https:\/\/www.werecycle.ch\/wp-content\/uploads\/2022\/09\/logo_werecycle.webp","width":1423,"height":427,"caption":"WeRecycle.ch | Recycling Services AG"},"image":{"@id":"https:\/\/www.werecycle.ch\/de\/#\/schema\/logo\/image\/"},"sameAs":["https:\/\/www.facebook.com\/www.werecycle.ch"]}]}},"tiered_pricing_type":"fixed","tiered_pricing_fixed_rules":[],"tiered_pricing_product_settings":{"layout":"default","base_unit_name":{"singular":null,"plural":null},"default_variation":null},"tiered_pricing_minimum_quantity":null,"tiered_pricing_roles_data":[],"tiered_pricing_percentage_rules":[],"_links":{"self":[{"href":"https:\/\/www.werecycle.ch\/de\/wp-json\/wp\/v2\/product\/3927","targetHints":{"allow":["GET"]}}],"collection":[{"href":"https:\/\/www.werecycle.ch\/de\/wp-json\/wp\/v2\/product"}],"about":[{"href":"https:\/\/www.werecycle.ch\/de\/wp-json\/wp\/v2\/types\/product"}],"wp:featuredmedia":[{"embeddable":true,"href":"https:\/\/www.werecycle.ch\/de\/wp-json\/wp\/v2\/media\/4084"}],"wp:attachment":[{"href":"https:\/\/www.werecycle.ch\/de\/wp-json\/wp\/v2\/media?parent=3927"}],"wp:term":[{"taxonomy":"product_brand","embeddable":true,"href":"https:\/\/www.werecycle.ch\/de\/wp-json\/wp\/v2\/product_brand?post=3927"},{"taxonomy":"product_cat","embeddable":true,"href":"https:\/\/www.werecycle.ch\/de\/wp-json\/wp\/v2\/product_cat?post=3927"},{"taxonomy":"product_tag","embeddable":true,"href":"https:\/\/www.werecycle.ch\/de\/wp-json\/wp\/v2\/product_tag?post=3927"}],"curies":[{"name":"wp","href":"https:\/\/api.w.org\/{rel}","templated":true}]}}