{"id":29811,"date":"2025-06-29T08:17:10","date_gmt":"2025-06-29T07:17:10","guid":{"rendered":"https:\/\/www.werecycle.ch\/?post_type=product&#038;p=29811"},"modified":"2025-09-06T19:51:01","modified_gmt":"2025-09-06T18:51:01","slug":"struct-briefkasten-anthrazit-hellgrau","status":"publish","type":"product","link":"https:\/\/www.werecycle.ch\/de\/shop\/garten-outdoor\/struct-briefkasten-anthrazit-hellgrau\/","title":{"rendered":"STRUCT Briefkasten Anthrazit\/Hellgrau"},"content":{"rendered":"<p>Brief- und Ablagekasten nach Schweizer Postnorm<\/p>\n<p>Der Briefkasten von STRUCT vereint schlichtes, zeitloses Design mit hoher Funktionalit\u00e4t. Hergestellt aus pulverbeschichtetem Stahl ist er robust und witterungsbest\u00e4ndig. Die \u00fcberlappende Einwurfklappe sch\u00fctzt Deine Postsendungen zuverl\u00e4ssig vor Schmutz und N\u00e4sse. Das Brieffach ist mit einem Zylinderschloss ausgestattet, das Ablagefach mit einem Magnetverschluss. An der R\u00fcckwand befinden sich vier L\u00f6cher zur Wandmontage. Keine nassen Briefe und Zeitungen mehr mit dem Briefkasten von STRUCT.<\/p>\n<p>&nbsp;<\/p>\n<ul class=\"cds-List cds-AttributesList cds-List--Bulleted cds-AttributesList--WithPadding\">\n<li>Robust und witterungsbest\u00e4ndig<\/li>\n<li>Entspricht der Schweizerischen Post Norm<\/li>\n<li>Einwurf Format: A4<\/li>\n<li>Inklusive 4 Schl\u00fcssel<\/li>\n<li>Hergestellt in der Schweiz<\/li>\n<li>Material: Stahlblech pulverbeschichtet<\/li>\n<li>Farbe: Anthrazit, Hellgrau<\/li>\n<li>Gr\u00f6sse: 414 x 314 x 307 mm<\/li>\n<\/ul>\n","protected":false},"excerpt":{"rendered":"<p>Robuster und witterungsbest\u00e4ndiger Briefkasten aus Stahl in Schweizer Post Norm. Zur Wandmontage.<\/p>\n<p>Inkl. 4 Schl\u00fcssel und Montagematerial (4 Schrauben, 4 D\u00fcbel, 4 Blindstopfen)<\/p>\n","protected":false},"featured_media":29814,"template":"","meta":{"ocean_post_layout":"","ocean_both_sidebars_style":"","ocean_both_sidebars_content_width":0,"ocean_both_sidebars_sidebars_width":0,"ocean_sidebar":"0","ocean_second_sidebar":"0","ocean_disable_margins":"enable","ocean_add_body_class":"","ocean_shortcode_before_top_bar":"","ocean_shortcode_after_top_bar":"","ocean_shortcode_before_header":"","ocean_shortcode_after_header":"","ocean_has_shortcode":"","ocean_shortcode_after_title":"","ocean_shortcode_before_footer_widgets":"","ocean_shortcode_after_footer_widgets":"","ocean_shortcode_before_footer_bottom":"","ocean_shortcode_after_footer_bottom":"","ocean_display_top_bar":"default","ocean_display_header":"default","ocean_header_style":"","ocean_center_header_left_menu":"0","ocean_custom_header_template":"0","ocean_custom_logo":0,"ocean_custom_retina_logo":0,"ocean_custom_logo_max_width":0,"ocean_custom_logo_tablet_max_width":0,"ocean_custom_logo_mobile_max_width":0,"ocean_custom_logo_max_height":0,"ocean_custom_logo_tablet_max_height":0,"ocean_custom_logo_mobile_max_height":0,"ocean_header_custom_menu":"0","ocean_menu_typo_font_family":"0","ocean_menu_typo_font_subset":"","ocean_menu_typo_font_size":0,"ocean_menu_typo_font_size_tablet":0,"ocean_menu_typo_font_size_mobile":0,"ocean_menu_typo_font_size_unit":"px","ocean_menu_typo_font_weight":"","ocean_menu_typo_font_weight_tablet":"","ocean_menu_typo_font_weight_mobile":"","ocean_menu_typo_transform":"","ocean_menu_typo_transform_tablet":"","ocean_menu_typo_transform_mobile":"","ocean_menu_typo_line_height":0,"ocean_menu_typo_line_height_tablet":0,"ocean_menu_typo_line_height_mobile":0,"ocean_menu_typo_line_height_unit":"","ocean_menu_typo_spacing":0,"ocean_menu_typo_spacing_tablet":0,"ocean_menu_typo_spacing_mobile":0,"ocean_menu_typo_spacing_unit":"","ocean_menu_link_color":"","ocean_menu_link_color_hover":"","ocean_menu_link_color_active":"","ocean_menu_link_background":"","ocean_menu_link_hover_background":"","ocean_menu_link_active_background":"","ocean_menu_social_links_bg":"","ocean_menu_social_hover_links_bg":"","ocean_menu_social_links_color":"","ocean_menu_social_hover_links_color":"","ocean_disable_title":"default","ocean_disable_heading":"default","ocean_post_title":"","ocean_post_subheading":"","ocean_post_title_style":"","ocean_post_title_background_color":"","ocean_post_title_background":0,"ocean_post_title_bg_image_position":"","ocean_post_title_bg_image_attachment":"","ocean_post_title_bg_image_repeat":"","ocean_post_title_bg_image_size":"","ocean_post_title_height":0,"ocean_post_title_bg_overlay":0.5,"ocean_post_title_bg_overlay_color":"","ocean_disable_breadcrumbs":"default","ocean_breadcrumbs_color":"","ocean_breadcrumbs_separator_color":"","ocean_breadcrumbs_links_color":"","ocean_breadcrumbs_links_hover_color":"","ocean_display_footer_widgets":"default","ocean_display_footer_bottom":"default","ocean_custom_footer_template":"0","ofc_meta_disable_footer_callout":"","ofc_meta_callout_button_url":"","ofc_meta_callout_button_txt":"","ofc_meta_callout_text":"","osh_disable_topbar_sticky":"default","osh_disable_header_sticky":"default","osh_sticky_header_style":"default","osh_sticky_header_effect":"","osh_custom_sticky_logo":0,"osh_custom_retina_sticky_logo":0,"osh_custom_sticky_logo_height":0,"osh_background_color":"","osh_links_color":"","osh_links_hover_color":"","osh_links_active_color":"","osh_links_bg_color":"","osh_links_hover_bg_color":"","osh_links_active_bg_color":"","osh_menu_social_links_color":"","osh_menu_social_hover_links_color":""},"product_brand":[],"product_cat":[434],"product_tag":[2660,2661,563,1423,2662],"class_list":{"0":"post-29811","1":"product","2":"type-product","3":"status-publish","4":"has-post-thumbnail","6":"product_cat-garten-outdoor","7":"product_tag-briefkasten","8":"product_tag-milchkasten","9":"product_tag-stahl","10":"product_tag-stahlblech","11":"product_tag-struct","13":"entry","14":"has-media","16":"first","17":"instock","18":"taxable","19":"shipping-taxable","20":"purchasable","21":"product-type-simple","22":"col","23":"span_1_of_3","24":"owp-content-center","25":"item-entry","26":"owp-thumbs-layout-horizontal","27":"owp-btn-normal","28":"owp-tabs-layout-horizontal","29":"circle-sale"},"yoast_head":"<!-- This site is optimized with the Yoast SEO plugin v27.4 - https:\/\/yoast.com\/product\/yoast-seo-wordpress\/ -->\n<title>STRUCT Briefkasten Anthrazit\/Hellgrau - WeRecycle.ch | WR Group AG<\/title>\n<meta name=\"description\" content=\"Robuster und witterungsbest\u00e4ndiger Briefkasten aus Stahl in Schweizer Post Norm. Zur Wandmontage. Inkl. 4 Schl\u00fcssel und Montagematerial (Schrauben, D\u00fcbel)\" \/>\n<meta name=\"robots\" content=\"index, follow, max-snippet:-1, max-image-preview:large, max-video-preview:-1\" \/>\n<link rel=\"canonical\" href=\"https:\/\/www.werecycle.ch\/de\/shop\/garten-outdoor\/struct-briefkasten-anthrazit-hellgrau\/\" \/>\n<meta property=\"og:locale\" content=\"de_DE\" \/>\n<meta property=\"og:type\" content=\"article\" \/>\n<meta property=\"og:title\" content=\"STRUCT Briefkasten Anthrazit\/Hellgrau - WeRecycle.ch | WR Group AG\" \/>\n<meta property=\"og:description\" content=\"Robuster und witterungsbest\u00e4ndiger Briefkasten aus Stahl in Schweizer Post Norm. Zur Wandmontage. Inkl. 4 Schl\u00fcssel und Montagematerial (Schrauben, D\u00fcbel)\" \/>\n<meta property=\"og:url\" content=\"https:\/\/www.werecycle.ch\/de\/shop\/garten-outdoor\/struct-briefkasten-anthrazit-hellgrau\/\" \/>\n<meta property=\"og:site_name\" content=\"WeRecycle.ch | WR Group AG\" \/>\n<meta property=\"article:publisher\" content=\"https:\/\/www.facebook.com\/www.werecycle.ch\" \/>\n<meta property=\"article:modified_time\" content=\"2025-09-06T18:51:01+00:00\" \/>\n<meta property=\"og:image\" content=\"https:\/\/www.werecycle.ch\/wp-content\/uploads\/2025\/08\/502432.webp\" \/>\n\t<meta property=\"og:image:width\" content=\"1000\" \/>\n\t<meta property=\"og:image:height\" content=\"1000\" \/>\n\t<meta property=\"og:image:type\" content=\"image\/webp\" \/>\n<meta name=\"twitter:card\" content=\"summary_large_image\" \/>\n<script type=\"application\/ld+json\" class=\"yoast-schema-graph\">{\"@context\":\"https:\\\/\\\/schema.org\",\"@graph\":[{\"@type\":\"WebPage\",\"@id\":\"https:\\\/\\\/www.werecycle.ch\\\/shop\\\/garten-outdoor\\\/struct-briefkasten-anthrazit-hellgrau\\\/\",\"url\":\"https:\\\/\\\/www.werecycle.ch\\\/shop\\\/garten-outdoor\\\/struct-briefkasten-anthrazit-hellgrau\\\/\",\"name\":\"STRUCT Briefkasten Anthrazit\\\/Hellgrau - WeRecycle.ch | WR Group AG\",\"isPartOf\":{\"@id\":\"https:\\\/\\\/www.werecycle.ch\\\/de\\\/#website\"},\"primaryImageOfPage\":{\"@id\":\"https:\\\/\\\/www.werecycle.ch\\\/shop\\\/garten-outdoor\\\/struct-briefkasten-anthrazit-hellgrau\\\/#primaryimage\"},\"image\":{\"@id\":\"https:\\\/\\\/www.werecycle.ch\\\/shop\\\/garten-outdoor\\\/struct-briefkasten-anthrazit-hellgrau\\\/#primaryimage\"},\"thumbnailUrl\":\"https:\\\/\\\/www.werecycle.ch\\\/wp-content\\\/uploads\\\/2025\\\/08\\\/502432.webp\",\"datePublished\":\"2025-06-29T07:17:10+00:00\",\"dateModified\":\"2025-09-06T18:51:01+00:00\",\"description\":\"Robuster und witterungsbest\u00e4ndiger Briefkasten aus Stahl in Schweizer Post Norm. Zur Wandmontage. Inkl. 4 Schl\u00fcssel und Montagematerial (Schrauben, D\u00fcbel)\",\"breadcrumb\":{\"@id\":\"https:\\\/\\\/www.werecycle.ch\\\/shop\\\/garten-outdoor\\\/struct-briefkasten-anthrazit-hellgrau\\\/#breadcrumb\"},\"inLanguage\":\"de\",\"potentialAction\":[{\"@type\":\"ReadAction\",\"target\":[\"https:\\\/\\\/www.werecycle.ch\\\/shop\\\/garten-outdoor\\\/struct-briefkasten-anthrazit-hellgrau\\\/\"]}]},{\"@type\":\"ImageObject\",\"inLanguage\":\"de\",\"@id\":\"https:\\\/\\\/www.werecycle.ch\\\/shop\\\/garten-outdoor\\\/struct-briefkasten-anthrazit-hellgrau\\\/#primaryimage\",\"url\":\"https:\\\/\\\/www.werecycle.ch\\\/wp-content\\\/uploads\\\/2025\\\/08\\\/502432.webp\",\"contentUrl\":\"https:\\\/\\\/www.werecycle.ch\\\/wp-content\\\/uploads\\\/2025\\\/08\\\/502432.webp\",\"width\":1000,\"height\":1000},{\"@type\":\"BreadcrumbList\",\"@id\":\"https:\\\/\\\/www.werecycle.ch\\\/shop\\\/garten-outdoor\\\/struct-briefkasten-anthrazit-hellgrau\\\/#breadcrumb\",\"itemListElement\":[{\"@type\":\"ListItem\",\"position\":1,\"name\":\"Startseite\",\"item\":\"https:\\\/\\\/www.werecycle.ch\\\/\"},{\"@type\":\"ListItem\",\"position\":2,\"name\":\"Shop\",\"item\":\"https:\\\/\\\/www.werecycle.ch\\\/de\\\/shop\\\/\"},{\"@type\":\"ListItem\",\"position\":3,\"name\":\"STRUCT Briefkasten Anthrazit\\\/Hellgrau\"}]},{\"@type\":\"WebSite\",\"@id\":\"https:\\\/\\\/www.werecycle.ch\\\/de\\\/#website\",\"url\":\"https:\\\/\\\/www.werecycle.ch\\\/de\\\/\",\"name\":\"WeRecycle.ch | Recycling Services AG\",\"description\":\"\",\"publisher\":{\"@id\":\"https:\\\/\\\/www.werecycle.ch\\\/de\\\/#organization\"},\"potentialAction\":[{\"@type\":\"SearchAction\",\"target\":{\"@type\":\"EntryPoint\",\"urlTemplate\":\"https:\\\/\\\/www.werecycle.ch\\\/de\\\/?s={search_term_string}\"},\"query-input\":{\"@type\":\"PropertyValueSpecification\",\"valueRequired\":true,\"valueName\":\"search_term_string\"}}],\"inLanguage\":\"de\"},{\"@type\":\"Organization\",\"@id\":\"https:\\\/\\\/www.werecycle.ch\\\/de\\\/#organization\",\"name\":\"WeRecycle.ch | Recycling Services AG\",\"url\":\"https:\\\/\\\/www.werecycle.ch\\\/de\\\/\",\"logo\":{\"@type\":\"ImageObject\",\"inLanguage\":\"de\",\"@id\":\"https:\\\/\\\/www.werecycle.ch\\\/de\\\/#\\\/schema\\\/logo\\\/image\\\/\",\"url\":\"https:\\\/\\\/www.werecycle.ch\\\/wp-content\\\/uploads\\\/2022\\\/09\\\/logo_werecycle.webp\",\"contentUrl\":\"https:\\\/\\\/www.werecycle.ch\\\/wp-content\\\/uploads\\\/2022\\\/09\\\/logo_werecycle.webp\",\"width\":1423,\"height\":427,\"caption\":\"WeRecycle.ch | Recycling Services AG\"},\"image\":{\"@id\":\"https:\\\/\\\/www.werecycle.ch\\\/de\\\/#\\\/schema\\\/logo\\\/image\\\/\"},\"sameAs\":[\"https:\\\/\\\/www.facebook.com\\\/www.werecycle.ch\"]}]}<\/script>\n<!-- \/ Yoast SEO plugin. -->","yoast_head_json":{"title":"STRUCT Briefkasten Anthrazit\/Hellgrau - WeRecycle.ch | WR Group AG","description":"Robuster und witterungsbest\u00e4ndiger Briefkasten aus Stahl in Schweizer Post Norm. Zur Wandmontage. Inkl. 4 Schl\u00fcssel und Montagematerial (Schrauben, D\u00fcbel)","robots":{"index":"index","follow":"follow","max-snippet":"max-snippet:-1","max-image-preview":"max-image-preview:large","max-video-preview":"max-video-preview:-1"},"canonical":"https:\/\/www.werecycle.ch\/de\/shop\/garten-outdoor\/struct-briefkasten-anthrazit-hellgrau\/","og_locale":"de_DE","og_type":"article","og_title":"STRUCT Briefkasten Anthrazit\/Hellgrau - WeRecycle.ch | WR Group AG","og_description":"Robuster und witterungsbest\u00e4ndiger Briefkasten aus Stahl in Schweizer Post Norm. Zur Wandmontage. Inkl. 4 Schl\u00fcssel und Montagematerial (Schrauben, D\u00fcbel)","og_url":"https:\/\/www.werecycle.ch\/de\/shop\/garten-outdoor\/struct-briefkasten-anthrazit-hellgrau\/","og_site_name":"WeRecycle.ch | WR Group AG","article_publisher":"https:\/\/www.facebook.com\/www.werecycle.ch","article_modified_time":"2025-09-06T18:51:01+00:00","og_image":[{"width":1000,"height":1000,"url":"https:\/\/www.werecycle.ch\/wp-content\/uploads\/2025\/08\/502432.webp","type":"image\/webp"}],"twitter_card":"summary_large_image","schema":{"@context":"https:\/\/schema.org","@graph":[{"@type":"WebPage","@id":"https:\/\/www.werecycle.ch\/shop\/garten-outdoor\/struct-briefkasten-anthrazit-hellgrau\/","url":"https:\/\/www.werecycle.ch\/shop\/garten-outdoor\/struct-briefkasten-anthrazit-hellgrau\/","name":"STRUCT Briefkasten Anthrazit\/Hellgrau - WeRecycle.ch | WR Group AG","isPartOf":{"@id":"https:\/\/www.werecycle.ch\/de\/#website"},"primaryImageOfPage":{"@id":"https:\/\/www.werecycle.ch\/shop\/garten-outdoor\/struct-briefkasten-anthrazit-hellgrau\/#primaryimage"},"image":{"@id":"https:\/\/www.werecycle.ch\/shop\/garten-outdoor\/struct-briefkasten-anthrazit-hellgrau\/#primaryimage"},"thumbnailUrl":"https:\/\/www.werecycle.ch\/wp-content\/uploads\/2025\/08\/502432.webp","datePublished":"2025-06-29T07:17:10+00:00","dateModified":"2025-09-06T18:51:01+00:00","description":"Robuster und witterungsbest\u00e4ndiger Briefkasten aus Stahl in Schweizer Post Norm. Zur Wandmontage. Inkl. 4 Schl\u00fcssel und Montagematerial (Schrauben, D\u00fcbel)","breadcrumb":{"@id":"https:\/\/www.werecycle.ch\/shop\/garten-outdoor\/struct-briefkasten-anthrazit-hellgrau\/#breadcrumb"},"inLanguage":"de","potentialAction":[{"@type":"ReadAction","target":["https:\/\/www.werecycle.ch\/shop\/garten-outdoor\/struct-briefkasten-anthrazit-hellgrau\/"]}]},{"@type":"ImageObject","inLanguage":"de","@id":"https:\/\/www.werecycle.ch\/shop\/garten-outdoor\/struct-briefkasten-anthrazit-hellgrau\/#primaryimage","url":"https:\/\/www.werecycle.ch\/wp-content\/uploads\/2025\/08\/502432.webp","contentUrl":"https:\/\/www.werecycle.ch\/wp-content\/uploads\/2025\/08\/502432.webp","width":1000,"height":1000},{"@type":"BreadcrumbList","@id":"https:\/\/www.werecycle.ch\/shop\/garten-outdoor\/struct-briefkasten-anthrazit-hellgrau\/#breadcrumb","itemListElement":[{"@type":"ListItem","position":1,"name":"Startseite","item":"https:\/\/www.werecycle.ch\/"},{"@type":"ListItem","position":2,"name":"Shop","item":"https:\/\/www.werecycle.ch\/de\/shop\/"},{"@type":"ListItem","position":3,"name":"STRUCT Briefkasten Anthrazit\/Hellgrau"}]},{"@type":"WebSite","@id":"https:\/\/www.werecycle.ch\/de\/#website","url":"https:\/\/www.werecycle.ch\/de\/","name":"WeRecycle.ch | Recycling Services AG","description":"","publisher":{"@id":"https:\/\/www.werecycle.ch\/de\/#organization"},"potentialAction":[{"@type":"SearchAction","target":{"@type":"EntryPoint","urlTemplate":"https:\/\/www.werecycle.ch\/de\/?s={search_term_string}"},"query-input":{"@type":"PropertyValueSpecification","valueRequired":true,"valueName":"search_term_string"}}],"inLanguage":"de"},{"@type":"Organization","@id":"https:\/\/www.werecycle.ch\/de\/#organization","name":"WeRecycle.ch | Recycling Services AG","url":"https:\/\/www.werecycle.ch\/de\/","logo":{"@type":"ImageObject","inLanguage":"de","@id":"https:\/\/www.werecycle.ch\/de\/#\/schema\/logo\/image\/","url":"https:\/\/www.werecycle.ch\/wp-content\/uploads\/2022\/09\/logo_werecycle.webp","contentUrl":"https:\/\/www.werecycle.ch\/wp-content\/uploads\/2022\/09\/logo_werecycle.webp","width":1423,"height":427,"caption":"WeRecycle.ch | Recycling Services AG"},"image":{"@id":"https:\/\/www.werecycle.ch\/de\/#\/schema\/logo\/image\/"},"sameAs":["https:\/\/www.facebook.com\/www.werecycle.ch"]}]}},"tiered_pricing_type":"fixed","tiered_pricing_fixed_rules":[],"tiered_pricing_product_settings":{"layout":"default","base_unit_name":{"singular":null,"plural":null},"default_variation":null},"tiered_pricing_minimum_quantity":null,"tiered_pricing_roles_data":[],"tiered_pricing_percentage_rules":[],"_links":{"self":[{"href":"https:\/\/www.werecycle.ch\/de\/wp-json\/wp\/v2\/product\/29811","targetHints":{"allow":["GET"]}}],"collection":[{"href":"https:\/\/www.werecycle.ch\/de\/wp-json\/wp\/v2\/product"}],"about":[{"href":"https:\/\/www.werecycle.ch\/de\/wp-json\/wp\/v2\/types\/product"}],"wp:featuredmedia":[{"embeddable":true,"href":"https:\/\/www.werecycle.ch\/de\/wp-json\/wp\/v2\/media\/29814"}],"wp:attachment":[{"href":"https:\/\/www.werecycle.ch\/de\/wp-json\/wp\/v2\/media?parent=29811"}],"wp:term":[{"taxonomy":"product_brand","embeddable":true,"href":"https:\/\/www.werecycle.ch\/de\/wp-json\/wp\/v2\/product_brand?post=29811"},{"taxonomy":"product_cat","embeddable":true,"href":"https:\/\/www.werecycle.ch\/de\/wp-json\/wp\/v2\/product_cat?post=29811"},{"taxonomy":"product_tag","embeddable":true,"href":"https:\/\/www.werecycle.ch\/de\/wp-json\/wp\/v2\/product_tag?post=29811"}],"curies":[{"name":"wp","href":"https:\/\/api.w.org\/{rel}","templated":true}]}}