{"id":28048,"date":"2025-06-27T08:25:11","date_gmt":"2025-06-27T07:25:11","guid":{"rendered":"https:\/\/www.werecycle.ch\/?post_type=product&#038;p=28048"},"modified":"2026-01-20T09:34:55","modified_gmt":"2026-01-20T08:34:55","slug":"bluu-fred-cleantstone-putzstein-refill","status":"publish","type":"product","link":"https:\/\/www.werecycle.ch\/de\/shop\/haushalt-wohnen\/reinigung\/bluu-fred-cleantstone-putzstein-refill\/","title":{"rendered":"bluu fred cleantstone \u2013 Putzstein Refill"},"content":{"rendered":"<p>F\u00fcr die kratzfreie Reinigung von Chromstahl und Glaskeramik-Kochfelder.<\/p>\n<p>fred cleantstone ist ein Putzstein, der vielseitig einsetzbar sowie kraftvoll ist. Die ultrafeinen sowie nat\u00fcrlichen Abrasivstoffe erm\u00f6glichen eine kratzfreie Reinigung. Der Putzstein reinigt m\u00fchelos selbst hartn\u00e4ckige Verkrustungen auf diversen Oberfl\u00e4chen. Bei der Anwendung auf empfindlichen Materialien empfiehlt es sich, an unauff\u00e4lligen Stellen einen Test durchzuf\u00fchren. Die Inhaltsstoffe sind zu 100% nat\u00fcrlich und daher leicht biologisch abbaubar. 99% der Inhaltsstoffe stammen aus Europa. Obwohl der Putzstein keine unn\u00f6tigen Chemikalien sowie zus\u00e4tzliche Konservierungsstoffe enth\u00e4lt, ist der Putzstein sehr lange haltbar (mehr als 24 Monate).<\/p>\n<p>Der bluu Putzstein ersetzt bis zu 9 Flaschen Scheuermilch und ist daher sehr ergiebig. Dank des speziellen Trocknungsprozesses ist der Putzstein extrakompakt und handlich. Die Dose aus Green PE ist langlebig und nachf\u00fcllbar, sobald der Inhalt aufgebraucht ist.<\/p>\n<p>&nbsp;<\/p>\n<ul>\n<li>Refill &#8211; OHNE DOSE<\/li>\n<li><span class=\"notion-enable-hover\" data-token-index=\"1\">Vielseitig &amp; kraftvoll \u2013 reinigt m\u00fchelos hartn\u00e4ckige Verkrustungen<\/span><\/li>\n<li>Extrakompakt &amp; handlich \u2013 dank speziellem Trocknungsprozess<\/li>\n<li>1<span class=\"notion-enable-hover\" data-token-index=\"1\">00% nat\u00fcrliche Inhaltsstoffe<\/span> \u2013 99% aus Europa<\/li>\n<li>Handgemacht in \u00d6sterreich<\/li>\n<li>Gewicht: 240 g<\/li>\n<\/ul>\n","protected":false},"excerpt":{"rendered":"<p>REFILL &#8211; Ohne Dose<\/p>\n<p>Putzstein f\u00fcr die kratzfreie Reinigung von Chromstahl und Glaskeramik-Kochfelder. Aus 100% nat\u00fcrlichen Inhaltsstoffen, handgemacht in \u00d6sterreich.<\/p>\n","protected":false},"featured_media":28049,"template":"","meta":{"ocean_post_layout":"","ocean_both_sidebars_style":"","ocean_both_sidebars_content_width":0,"ocean_both_sidebars_sidebars_width":0,"ocean_sidebar":"0","ocean_second_sidebar":"0","ocean_disable_margins":"enable","ocean_add_body_class":"","ocean_shortcode_before_top_bar":"","ocean_shortcode_after_top_bar":"","ocean_shortcode_before_header":"","ocean_shortcode_after_header":"","ocean_has_shortcode":"","ocean_shortcode_after_title":"","ocean_shortcode_before_footer_widgets":"","ocean_shortcode_after_footer_widgets":"","ocean_shortcode_before_footer_bottom":"","ocean_shortcode_after_footer_bottom":"","ocean_display_top_bar":"default","ocean_display_header":"default","ocean_header_style":"","ocean_center_header_left_menu":"0","ocean_custom_header_template":"0","ocean_custom_logo":0,"ocean_custom_retina_logo":0,"ocean_custom_logo_max_width":0,"ocean_custom_logo_tablet_max_width":0,"ocean_custom_logo_mobile_max_width":0,"ocean_custom_logo_max_height":0,"ocean_custom_logo_tablet_max_height":0,"ocean_custom_logo_mobile_max_height":0,"ocean_header_custom_menu":"0","ocean_menu_typo_font_family":"0","ocean_menu_typo_font_subset":"","ocean_menu_typo_font_size":0,"ocean_menu_typo_font_size_tablet":0,"ocean_menu_typo_font_size_mobile":0,"ocean_menu_typo_font_size_unit":"px","ocean_menu_typo_font_weight":"","ocean_menu_typo_font_weight_tablet":"","ocean_menu_typo_font_weight_mobile":"","ocean_menu_typo_transform":"","ocean_menu_typo_transform_tablet":"","ocean_menu_typo_transform_mobile":"","ocean_menu_typo_line_height":0,"ocean_menu_typo_line_height_tablet":0,"ocean_menu_typo_line_height_mobile":0,"ocean_menu_typo_line_height_unit":"","ocean_menu_typo_spacing":0,"ocean_menu_typo_spacing_tablet":0,"ocean_menu_typo_spacing_mobile":0,"ocean_menu_typo_spacing_unit":"","ocean_menu_link_color":"","ocean_menu_link_color_hover":"","ocean_menu_link_color_active":"","ocean_menu_link_background":"","ocean_menu_link_hover_background":"","ocean_menu_link_active_background":"","ocean_menu_social_links_bg":"","ocean_menu_social_hover_links_bg":"","ocean_menu_social_links_color":"","ocean_menu_social_hover_links_color":"","ocean_disable_title":"default","ocean_disable_heading":"default","ocean_post_title":"","ocean_post_subheading":"","ocean_post_title_style":"","ocean_post_title_background_color":"","ocean_post_title_background":0,"ocean_post_title_bg_image_position":"","ocean_post_title_bg_image_attachment":"","ocean_post_title_bg_image_repeat":"","ocean_post_title_bg_image_size":"","ocean_post_title_height":0,"ocean_post_title_bg_overlay":0.5,"ocean_post_title_bg_overlay_color":"","ocean_disable_breadcrumbs":"default","ocean_breadcrumbs_color":"","ocean_breadcrumbs_separator_color":"","ocean_breadcrumbs_links_color":"","ocean_breadcrumbs_links_hover_color":"","ocean_display_footer_widgets":"default","ocean_display_footer_bottom":"default","ocean_custom_footer_template":"0","ofc_meta_disable_footer_callout":"","ofc_meta_callout_button_url":"","ofc_meta_callout_button_txt":"","ofc_meta_callout_text":"","osh_disable_topbar_sticky":"default","osh_disable_header_sticky":"default","osh_sticky_header_style":"default","osh_sticky_header_effect":"","osh_custom_sticky_logo":0,"osh_custom_retina_sticky_logo":0,"osh_custom_sticky_logo_height":0,"osh_background_color":"","osh_links_color":"","osh_links_hover_color":"","osh_links_active_color":"","osh_links_bg_color":"","osh_links_hover_bg_color":"","osh_links_active_bg_color":"","osh_menu_social_links_color":"","osh_menu_social_hover_links_color":""},"product_brand":[2617],"product_cat":[63],"product_tag":[226,455],"class_list":{"0":"post-28048","1":"product","2":"type-product","3":"status-publish","4":"has-post-thumbnail","6":"product_brand-bluu","7":"product_cat-reinigung","8":"product_tag-bluu","9":"product_tag-putzstein","10":"product_shipping_class-paket","12":"entry","13":"has-media","15":"first","16":"instock","17":"taxable","18":"shipping-taxable","19":"purchasable","20":"product-type-simple","21":"col","22":"span_1_of_3","23":"owp-content-center","24":"item-entry","25":"owp-thumbs-layout-horizontal","26":"owp-btn-normal","27":"owp-tabs-layout-horizontal","28":"circle-sale"},"yoast_head":"<!-- This site is optimized with the Yoast SEO plugin v27.5 - https:\/\/yoast.com\/product\/yoast-seo-wordpress\/ -->\n<title>bluu fred cleantstone \u2013 Putzstein Refill - WeRecycle.ch | WR Group AG<\/title>\n<meta name=\"description\" content=\"Refill (ohne Dose) f\u00fcr die kratzfreie Reinigung von Chromstahl und Glaskeramik-Kochfelder. Aus 100% nat\u00fcrlichen Inhaltsstoffen, handgemacht in \u00d6sterreich.\" \/>\n<meta name=\"robots\" content=\"index, follow, max-snippet:-1, max-image-preview:large, max-video-preview:-1\" \/>\n<link rel=\"canonical\" href=\"https:\/\/www.werecycle.ch\/de\/shop\/haushalt-wohnen\/reinigung\/bluu-fred-cleantstone-putzstein-refill\/\" \/>\n<meta property=\"og:locale\" content=\"de_DE\" \/>\n<meta property=\"og:type\" content=\"article\" \/>\n<meta property=\"og:title\" content=\"bluu fred cleantstone \u2013 Putzstein Refill - WeRecycle.ch | WR Group AG\" \/>\n<meta property=\"og:description\" content=\"Refill (ohne Dose) f\u00fcr die kratzfreie Reinigung von Chromstahl und Glaskeramik-Kochfelder. Aus 100% nat\u00fcrlichen Inhaltsstoffen, handgemacht in \u00d6sterreich.\" \/>\n<meta property=\"og:url\" content=\"https:\/\/www.werecycle.ch\/de\/shop\/haushalt-wohnen\/reinigung\/bluu-fred-cleantstone-putzstein-refill\/\" \/>\n<meta property=\"og:site_name\" content=\"WeRecycle.ch | WR Group AG\" \/>\n<meta property=\"article:publisher\" content=\"https:\/\/www.facebook.com\/www.werecycle.ch\" \/>\n<meta property=\"article:modified_time\" content=\"2026-01-20T08:34:55+00:00\" \/>\n<meta property=\"og:image\" content=\"https:\/\/www.werecycle.ch\/wp-content\/uploads\/2025\/06\/282115.webp\" \/>\n\t<meta property=\"og:image:width\" content=\"1000\" \/>\n\t<meta property=\"og:image:height\" content=\"1000\" \/>\n\t<meta property=\"og:image:type\" content=\"image\/webp\" \/>\n<meta name=\"twitter:card\" content=\"summary_large_image\" \/>\n<script type=\"application\/ld+json\" class=\"yoast-schema-graph\">{\"@context\":\"https:\\\/\\\/schema.org\",\"@graph\":[{\"@type\":\"WebPage\",\"@id\":\"https:\\\/\\\/www.werecycle.ch\\\/shop\\\/haushalt-wohnen\\\/reinigung\\\/bluu-fred-cleantstone-putzstein-refill\\\/\",\"url\":\"https:\\\/\\\/www.werecycle.ch\\\/shop\\\/haushalt-wohnen\\\/reinigung\\\/bluu-fred-cleantstone-putzstein-refill\\\/\",\"name\":\"bluu fred cleantstone \u2013 Putzstein Refill - WeRecycle.ch | WR Group AG\",\"isPartOf\":{\"@id\":\"https:\\\/\\\/www.werecycle.ch\\\/de\\\/#website\"},\"primaryImageOfPage\":{\"@id\":\"https:\\\/\\\/www.werecycle.ch\\\/shop\\\/haushalt-wohnen\\\/reinigung\\\/bluu-fred-cleantstone-putzstein-refill\\\/#primaryimage\"},\"image\":{\"@id\":\"https:\\\/\\\/www.werecycle.ch\\\/shop\\\/haushalt-wohnen\\\/reinigung\\\/bluu-fred-cleantstone-putzstein-refill\\\/#primaryimage\"},\"thumbnailUrl\":\"https:\\\/\\\/www.werecycle.ch\\\/wp-content\\\/uploads\\\/2025\\\/06\\\/282115.webp\",\"datePublished\":\"2025-06-27T07:25:11+00:00\",\"dateModified\":\"2026-01-20T08:34:55+00:00\",\"description\":\"Refill (ohne Dose) f\u00fcr die kratzfreie Reinigung von Chromstahl und Glaskeramik-Kochfelder. Aus 100% nat\u00fcrlichen Inhaltsstoffen, handgemacht in \u00d6sterreich.\",\"breadcrumb\":{\"@id\":\"https:\\\/\\\/www.werecycle.ch\\\/shop\\\/haushalt-wohnen\\\/reinigung\\\/bluu-fred-cleantstone-putzstein-refill\\\/#breadcrumb\"},\"inLanguage\":\"de\",\"potentialAction\":[{\"@type\":\"ReadAction\",\"target\":[\"https:\\\/\\\/www.werecycle.ch\\\/shop\\\/haushalt-wohnen\\\/reinigung\\\/bluu-fred-cleantstone-putzstein-refill\\\/\"]}]},{\"@type\":\"ImageObject\",\"inLanguage\":\"de\",\"@id\":\"https:\\\/\\\/www.werecycle.ch\\\/shop\\\/haushalt-wohnen\\\/reinigung\\\/bluu-fred-cleantstone-putzstein-refill\\\/#primaryimage\",\"url\":\"https:\\\/\\\/www.werecycle.ch\\\/wp-content\\\/uploads\\\/2025\\\/06\\\/282115.webp\",\"contentUrl\":\"https:\\\/\\\/www.werecycle.ch\\\/wp-content\\\/uploads\\\/2025\\\/06\\\/282115.webp\",\"width\":1000,\"height\":1000},{\"@type\":\"BreadcrumbList\",\"@id\":\"https:\\\/\\\/www.werecycle.ch\\\/shop\\\/haushalt-wohnen\\\/reinigung\\\/bluu-fred-cleantstone-putzstein-refill\\\/#breadcrumb\",\"itemListElement\":[{\"@type\":\"ListItem\",\"position\":1,\"name\":\"Startseite\",\"item\":\"https:\\\/\\\/www.werecycle.ch\\\/\"},{\"@type\":\"ListItem\",\"position\":2,\"name\":\"Shop\",\"item\":\"https:\\\/\\\/www.werecycle.ch\\\/de\\\/shop\\\/\"},{\"@type\":\"ListItem\",\"position\":3,\"name\":\"bluu fred cleantstone \u2013 Putzstein Refill\"}]},{\"@type\":\"WebSite\",\"@id\":\"https:\\\/\\\/www.werecycle.ch\\\/de\\\/#website\",\"url\":\"https:\\\/\\\/www.werecycle.ch\\\/de\\\/\",\"name\":\"WeRecycle.ch | Recycling Services AG\",\"description\":\"\",\"publisher\":{\"@id\":\"https:\\\/\\\/www.werecycle.ch\\\/de\\\/#organization\"},\"potentialAction\":[{\"@type\":\"SearchAction\",\"target\":{\"@type\":\"EntryPoint\",\"urlTemplate\":\"https:\\\/\\\/www.werecycle.ch\\\/de\\\/?s={search_term_string}\"},\"query-input\":{\"@type\":\"PropertyValueSpecification\",\"valueRequired\":true,\"valueName\":\"search_term_string\"}}],\"inLanguage\":\"de\"},{\"@type\":\"Organization\",\"@id\":\"https:\\\/\\\/www.werecycle.ch\\\/de\\\/#organization\",\"name\":\"WeRecycle.ch | Recycling Services AG\",\"url\":\"https:\\\/\\\/www.werecycle.ch\\\/de\\\/\",\"logo\":{\"@type\":\"ImageObject\",\"inLanguage\":\"de\",\"@id\":\"https:\\\/\\\/www.werecycle.ch\\\/de\\\/#\\\/schema\\\/logo\\\/image\\\/\",\"url\":\"https:\\\/\\\/www.werecycle.ch\\\/wp-content\\\/uploads\\\/2022\\\/09\\\/logo_werecycle.webp\",\"contentUrl\":\"https:\\\/\\\/www.werecycle.ch\\\/wp-content\\\/uploads\\\/2022\\\/09\\\/logo_werecycle.webp\",\"width\":1423,\"height\":427,\"caption\":\"WeRecycle.ch | Recycling Services AG\"},\"image\":{\"@id\":\"https:\\\/\\\/www.werecycle.ch\\\/de\\\/#\\\/schema\\\/logo\\\/image\\\/\"},\"sameAs\":[\"https:\\\/\\\/www.facebook.com\\\/www.werecycle.ch\"]}]}<\/script>\n<!-- \/ Yoast SEO plugin. -->","yoast_head_json":{"title":"bluu fred cleantstone \u2013 Putzstein Refill - WeRecycle.ch | WR Group AG","description":"Refill (ohne Dose) f\u00fcr die kratzfreie Reinigung von Chromstahl und Glaskeramik-Kochfelder. Aus 100% nat\u00fcrlichen Inhaltsstoffen, handgemacht in \u00d6sterreich.","robots":{"index":"index","follow":"follow","max-snippet":"max-snippet:-1","max-image-preview":"max-image-preview:large","max-video-preview":"max-video-preview:-1"},"canonical":"https:\/\/www.werecycle.ch\/de\/shop\/haushalt-wohnen\/reinigung\/bluu-fred-cleantstone-putzstein-refill\/","og_locale":"de_DE","og_type":"article","og_title":"bluu fred cleantstone \u2013 Putzstein Refill - WeRecycle.ch | WR Group AG","og_description":"Refill (ohne Dose) f\u00fcr die kratzfreie Reinigung von Chromstahl und Glaskeramik-Kochfelder. Aus 100% nat\u00fcrlichen Inhaltsstoffen, handgemacht in \u00d6sterreich.","og_url":"https:\/\/www.werecycle.ch\/de\/shop\/haushalt-wohnen\/reinigung\/bluu-fred-cleantstone-putzstein-refill\/","og_site_name":"WeRecycle.ch | WR Group AG","article_publisher":"https:\/\/www.facebook.com\/www.werecycle.ch","article_modified_time":"2026-01-20T08:34:55+00:00","og_image":[{"width":1000,"height":1000,"url":"https:\/\/www.werecycle.ch\/wp-content\/uploads\/2025\/06\/282115.webp","type":"image\/webp"}],"twitter_card":"summary_large_image","schema":{"@context":"https:\/\/schema.org","@graph":[{"@type":"WebPage","@id":"https:\/\/www.werecycle.ch\/shop\/haushalt-wohnen\/reinigung\/bluu-fred-cleantstone-putzstein-refill\/","url":"https:\/\/www.werecycle.ch\/shop\/haushalt-wohnen\/reinigung\/bluu-fred-cleantstone-putzstein-refill\/","name":"bluu fred cleantstone \u2013 Putzstein Refill - WeRecycle.ch | WR Group AG","isPartOf":{"@id":"https:\/\/www.werecycle.ch\/de\/#website"},"primaryImageOfPage":{"@id":"https:\/\/www.werecycle.ch\/shop\/haushalt-wohnen\/reinigung\/bluu-fred-cleantstone-putzstein-refill\/#primaryimage"},"image":{"@id":"https:\/\/www.werecycle.ch\/shop\/haushalt-wohnen\/reinigung\/bluu-fred-cleantstone-putzstein-refill\/#primaryimage"},"thumbnailUrl":"https:\/\/www.werecycle.ch\/wp-content\/uploads\/2025\/06\/282115.webp","datePublished":"2025-06-27T07:25:11+00:00","dateModified":"2026-01-20T08:34:55+00:00","description":"Refill (ohne Dose) f\u00fcr die kratzfreie Reinigung von Chromstahl und Glaskeramik-Kochfelder. Aus 100% nat\u00fcrlichen Inhaltsstoffen, handgemacht in \u00d6sterreich.","breadcrumb":{"@id":"https:\/\/www.werecycle.ch\/shop\/haushalt-wohnen\/reinigung\/bluu-fred-cleantstone-putzstein-refill\/#breadcrumb"},"inLanguage":"de","potentialAction":[{"@type":"ReadAction","target":["https:\/\/www.werecycle.ch\/shop\/haushalt-wohnen\/reinigung\/bluu-fred-cleantstone-putzstein-refill\/"]}]},{"@type":"ImageObject","inLanguage":"de","@id":"https:\/\/www.werecycle.ch\/shop\/haushalt-wohnen\/reinigung\/bluu-fred-cleantstone-putzstein-refill\/#primaryimage","url":"https:\/\/www.werecycle.ch\/wp-content\/uploads\/2025\/06\/282115.webp","contentUrl":"https:\/\/www.werecycle.ch\/wp-content\/uploads\/2025\/06\/282115.webp","width":1000,"height":1000},{"@type":"BreadcrumbList","@id":"https:\/\/www.werecycle.ch\/shop\/haushalt-wohnen\/reinigung\/bluu-fred-cleantstone-putzstein-refill\/#breadcrumb","itemListElement":[{"@type":"ListItem","position":1,"name":"Startseite","item":"https:\/\/www.werecycle.ch\/"},{"@type":"ListItem","position":2,"name":"Shop","item":"https:\/\/www.werecycle.ch\/de\/shop\/"},{"@type":"ListItem","position":3,"name":"bluu fred cleantstone \u2013 Putzstein Refill"}]},{"@type":"WebSite","@id":"https:\/\/www.werecycle.ch\/de\/#website","url":"https:\/\/www.werecycle.ch\/de\/","name":"WeRecycle.ch | Recycling Services AG","description":"","publisher":{"@id":"https:\/\/www.werecycle.ch\/de\/#organization"},"potentialAction":[{"@type":"SearchAction","target":{"@type":"EntryPoint","urlTemplate":"https:\/\/www.werecycle.ch\/de\/?s={search_term_string}"},"query-input":{"@type":"PropertyValueSpecification","valueRequired":true,"valueName":"search_term_string"}}],"inLanguage":"de"},{"@type":"Organization","@id":"https:\/\/www.werecycle.ch\/de\/#organization","name":"WeRecycle.ch | Recycling Services AG","url":"https:\/\/www.werecycle.ch\/de\/","logo":{"@type":"ImageObject","inLanguage":"de","@id":"https:\/\/www.werecycle.ch\/de\/#\/schema\/logo\/image\/","url":"https:\/\/www.werecycle.ch\/wp-content\/uploads\/2022\/09\/logo_werecycle.webp","contentUrl":"https:\/\/www.werecycle.ch\/wp-content\/uploads\/2022\/09\/logo_werecycle.webp","width":1423,"height":427,"caption":"WeRecycle.ch | Recycling Services AG"},"image":{"@id":"https:\/\/www.werecycle.ch\/de\/#\/schema\/logo\/image\/"},"sameAs":["https:\/\/www.facebook.com\/www.werecycle.ch"]}]}},"tiered_pricing_type":"fixed","tiered_pricing_fixed_rules":{"2":13.9,"5":13.4},"tiered_pricing_product_settings":{"layout":"default","base_unit_name":{"singular":null,"plural":null},"default_variation":null},"tiered_pricing_minimum_quantity":null,"tiered_pricing_roles_data":[],"tiered_pricing_percentage_rules":[],"_links":{"self":[{"href":"https:\/\/www.werecycle.ch\/de\/wp-json\/wp\/v2\/product\/28048","targetHints":{"allow":["GET"]}}],"collection":[{"href":"https:\/\/www.werecycle.ch\/de\/wp-json\/wp\/v2\/product"}],"about":[{"href":"https:\/\/www.werecycle.ch\/de\/wp-json\/wp\/v2\/types\/product"}],"wp:featuredmedia":[{"embeddable":true,"href":"https:\/\/www.werecycle.ch\/de\/wp-json\/wp\/v2\/media\/28049"}],"wp:attachment":[{"href":"https:\/\/www.werecycle.ch\/de\/wp-json\/wp\/v2\/media?parent=28048"}],"wp:term":[{"taxonomy":"product_brand","embeddable":true,"href":"https:\/\/www.werecycle.ch\/de\/wp-json\/wp\/v2\/product_brand?post=28048"},{"taxonomy":"product_cat","embeddable":true,"href":"https:\/\/www.werecycle.ch\/de\/wp-json\/wp\/v2\/product_cat?post=28048"},{"taxonomy":"product_tag","embeddable":true,"href":"https:\/\/www.werecycle.ch\/de\/wp-json\/wp\/v2\/product_tag?post=28048"}],"curies":[{"name":"wp","href":"https:\/\/api.w.org\/{rel}","templated":true}]}}