{"id":27745,"date":"2025-05-17T14:31:04","date_gmt":"2025-05-17T13:31:04","guid":{"rendered":"https:\/\/www.werecycle.ch\/?post_type=product&#038;p=27745"},"modified":"2026-03-25T09:33:35","modified_gmt":"2026-03-25T08:33:35","slug":"sackhalterung-fuer-kunststoffcontainer-240l","status":"publish","type":"product","link":"https:\/\/www.werecycle.ch\/de\/shop\/recycling-entsorgung\/container\/sackhalterung-fuer-kunststoffcontainer-240l\/","title":{"rendered":"Sackhalterung f\u00fcr Kunststoffcontainer 240l"},"content":{"rendered":"<p>Sackhalterung f\u00fcr Standard Kunststoffcontainer der Gr\u00f6sse 240 Liter<\/p>\n<p>&nbsp;<\/p>\n<ul>\n<li>zur einfachen Nachr\u00fcstung<\/li>\n<li>verhindert das rutschen des Abfallsacks<\/li>\n<li>passend f\u00fcr folgende Marken: Contena Ochsner, Vercon\/Verwo, Landi<\/li>\n<li>Material: Edelstahl<\/li>\n<li>ACHTUNG: Nur geeignet f\u00fcr neue Container mit gebogenem Deckel<\/li>\n<\/ul>\n<p>&nbsp;<\/p>\n<table class=\"tg\">\n<tbody>\n<tr>\n<th class=\"tg-031e\"><img fetchpriority=\"high\" decoding=\"async\" class=\"alignnone wp-image-16418 size-medium\" style=\"font-weight: 400; text-align: start;\" src=\"https:\/\/www.werecycle.ch\/wp-content\/uploads\/2024\/02\/deckel-neu-text-300x300.webp\" alt=\"\" width=\"300\" height=\"300\" srcset=\"https:\/\/www.werecycle.ch\/wp-content\/uploads\/2024\/02\/deckel-neu-text-300x300.webp 300w, https:\/\/www.werecycle.ch\/wp-content\/uploads\/2024\/02\/deckel-neu-text-150x150.webp 150w, https:\/\/www.werecycle.ch\/wp-content\/uploads\/2024\/02\/deckel-neu-text-768x768.webp 768w, https:\/\/www.werecycle.ch\/wp-content\/uploads\/2024\/02\/deckel-neu-text-12x12.webp 12w, https:\/\/www.werecycle.ch\/wp-content\/uploads\/2024\/02\/deckel-neu-text-600x600.webp 600w, https:\/\/www.werecycle.ch\/wp-content\/uploads\/2024\/02\/deckel-neu-text-265x265.webp 265w, https:\/\/www.werecycle.ch\/wp-content\/uploads\/2024\/02\/deckel-neu-text-504x504.webp 504w, https:\/\/www.werecycle.ch\/wp-content\/uploads\/2024\/02\/deckel-neu-text-100x100.webp 100w, https:\/\/www.werecycle.ch\/wp-content\/uploads\/2024\/02\/deckel-neu-text.webp 800w\" sizes=\"(max-width: 300px) 100vw, 300px\" \/><\/th>\n<th class=\"tg-031e\"><img decoding=\"async\" class=\"alignnone wp-image-16417 size-medium\" style=\"font-weight: 400; text-align: start;\" src=\"https:\/\/www.werecycle.ch\/wp-content\/uploads\/2024\/02\/deckel-alt-text-300x300.webp\" alt=\"\" width=\"300\" height=\"300\" srcset=\"https:\/\/www.werecycle.ch\/wp-content\/uploads\/2024\/02\/deckel-alt-text-300x300.webp 300w, https:\/\/www.werecycle.ch\/wp-content\/uploads\/2024\/02\/deckel-alt-text-150x150.webp 150w, https:\/\/www.werecycle.ch\/wp-content\/uploads\/2024\/02\/deckel-alt-text-768x768.webp 768w, https:\/\/www.werecycle.ch\/wp-content\/uploads\/2024\/02\/deckel-alt-text-12x12.webp 12w, https:\/\/www.werecycle.ch\/wp-content\/uploads\/2024\/02\/deckel-alt-text-600x600.webp 600w, https:\/\/www.werecycle.ch\/wp-content\/uploads\/2024\/02\/deckel-alt-text-265x265.webp 265w, https:\/\/www.werecycle.ch\/wp-content\/uploads\/2024\/02\/deckel-alt-text-504x504.webp 504w, https:\/\/www.werecycle.ch\/wp-content\/uploads\/2024\/02\/deckel-alt-text-100x100.webp 100w, https:\/\/www.werecycle.ch\/wp-content\/uploads\/2024\/02\/deckel-alt-text.webp 800w\" sizes=\"(max-width: 300px) 100vw, 300px\" \/><\/th>\n<\/tr>\n<\/tbody>\n<\/table>\n<p>&nbsp;<\/p>\n","protected":false},"excerpt":{"rendered":"<p>Sackhalterung f\u00fcr Kunststoffcontainer der Gr\u00f6sse 240 Liter.<\/p>\n","protected":false},"featured_media":16411,"template":"","meta":{"ocean_post_layout":"","ocean_both_sidebars_style":"","ocean_both_sidebars_content_width":0,"ocean_both_sidebars_sidebars_width":0,"ocean_sidebar":"0","ocean_second_sidebar":"0","ocean_disable_margins":"enable","ocean_add_body_class":"","ocean_shortcode_before_top_bar":"","ocean_shortcode_after_top_bar":"","ocean_shortcode_before_header":"","ocean_shortcode_after_header":"","ocean_has_shortcode":"","ocean_shortcode_after_title":"","ocean_shortcode_before_footer_widgets":"","ocean_shortcode_after_footer_widgets":"","ocean_shortcode_before_footer_bottom":"","ocean_shortcode_after_footer_bottom":"","ocean_display_top_bar":"default","ocean_display_header":"default","ocean_header_style":"","ocean_center_header_left_menu":"0","ocean_custom_header_template":"0","ocean_custom_logo":0,"ocean_custom_retina_logo":0,"ocean_custom_logo_max_width":0,"ocean_custom_logo_tablet_max_width":0,"ocean_custom_logo_mobile_max_width":0,"ocean_custom_logo_max_height":0,"ocean_custom_logo_tablet_max_height":0,"ocean_custom_logo_mobile_max_height":0,"ocean_header_custom_menu":"0","ocean_menu_typo_font_family":"0","ocean_menu_typo_font_subset":"","ocean_menu_typo_font_size":0,"ocean_menu_typo_font_size_tablet":0,"ocean_menu_typo_font_size_mobile":0,"ocean_menu_typo_font_size_unit":"px","ocean_menu_typo_font_weight":"","ocean_menu_typo_font_weight_tablet":"","ocean_menu_typo_font_weight_mobile":"","ocean_menu_typo_transform":"","ocean_menu_typo_transform_tablet":"","ocean_menu_typo_transform_mobile":"","ocean_menu_typo_line_height":0,"ocean_menu_typo_line_height_tablet":0,"ocean_menu_typo_line_height_mobile":0,"ocean_menu_typo_line_height_unit":"","ocean_menu_typo_spacing":0,"ocean_menu_typo_spacing_tablet":0,"ocean_menu_typo_spacing_mobile":0,"ocean_menu_typo_spacing_unit":"","ocean_menu_link_color":"","ocean_menu_link_color_hover":"","ocean_menu_link_color_active":"","ocean_menu_link_background":"","ocean_menu_link_hover_background":"","ocean_menu_link_active_background":"","ocean_menu_social_links_bg":"","ocean_menu_social_hover_links_bg":"","ocean_menu_social_links_color":"","ocean_menu_social_hover_links_color":"","ocean_disable_title":"default","ocean_disable_heading":"default","ocean_post_title":"","ocean_post_subheading":"","ocean_post_title_style":"","ocean_post_title_background_color":"","ocean_post_title_background":0,"ocean_post_title_bg_image_position":"","ocean_post_title_bg_image_attachment":"","ocean_post_title_bg_image_repeat":"","ocean_post_title_bg_image_size":"","ocean_post_title_height":0,"ocean_post_title_bg_overlay":0.5,"ocean_post_title_bg_overlay_color":"","ocean_disable_breadcrumbs":"default","ocean_breadcrumbs_color":"","ocean_breadcrumbs_separator_color":"","ocean_breadcrumbs_links_color":"","ocean_breadcrumbs_links_hover_color":"","ocean_display_footer_widgets":"default","ocean_display_footer_bottom":"default","ocean_custom_footer_template":"0","ofc_meta_disable_footer_callout":"","ofc_meta_callout_button_url":"","ofc_meta_callout_button_txt":"","ofc_meta_callout_text":"","osh_disable_topbar_sticky":"default","osh_disable_header_sticky":"default","osh_sticky_header_style":"default","osh_sticky_header_effect":"","osh_custom_sticky_logo":0,"osh_custom_retina_sticky_logo":0,"osh_custom_sticky_logo_height":0,"osh_background_color":"","osh_links_color":"","osh_links_hover_color":"","osh_links_active_color":"","osh_links_bg_color":"","osh_links_hover_bg_color":"","osh_links_active_bg_color":"","osh_menu_social_links_color":"","osh_menu_social_hover_links_color":""},"product_brand":[2554],"product_cat":[100],"product_tag":[284,1606,285,1605,1604,1603],"class_list":{"0":"post-27745","1":"product","2":"type-product","3":"status-publish","4":"has-post-thumbnail","6":"product_brand-contena-ochsner","7":"product_cat-container","8":"product_tag-contena","9":"product_tag-haltering","10":"product_tag-ochsner","11":"product_tag-sackhalter","12":"product_tag-sackhalterung","13":"product_tag-zubehoer","15":"entry","16":"has-media","18":"first","19":"instock","20":"taxable","21":"shipping-taxable","22":"purchasable","23":"product-type-simple","24":"col","25":"span_1_of_3","26":"owp-content-center","27":"item-entry","28":"owp-thumbs-layout-horizontal","29":"owp-btn-normal","30":"owp-tabs-layout-horizontal","31":"circle-sale"},"yoast_head":"<!-- This site is optimized with the Yoast SEO plugin v27.3 - https:\/\/yoast.com\/product\/yoast-seo-wordpress\/ -->\n<title>Sackhalterung f\u00fcr Kunststoffcontainer 240l - WeRecycle.ch | WR Group AG<\/title>\n<meta name=\"description\" content=\"Halterung f\u00fcr Abfalls\u00e4cke zu Kunststoffcontainer 240l - passend zu allen Standard Kunststoffcontainern. Material: Edelstahl\" \/>\n<meta name=\"robots\" content=\"index, follow, max-snippet:-1, max-image-preview:large, max-video-preview:-1\" \/>\n<link rel=\"canonical\" href=\"https:\/\/www.werecycle.ch\/de\/shop\/recycling-entsorgung\/container\/sackhalterung-fuer-kunststoffcontainer-240l\/\" \/>\n<meta property=\"og:locale\" content=\"de_DE\" \/>\n<meta property=\"og:type\" content=\"article\" \/>\n<meta property=\"og:title\" content=\"Sackhalterung f\u00fcr Kunststoffcontainer 240l - WeRecycle.ch | WR Group AG\" \/>\n<meta property=\"og:description\" content=\"Halterung f\u00fcr Abfalls\u00e4cke zu Kunststoffcontainer 240l - passend zu allen Standard Kunststoffcontainern. Material: Edelstahl\" \/>\n<meta property=\"og:url\" content=\"https:\/\/www.werecycle.ch\/de\/shop\/recycling-entsorgung\/container\/sackhalterung-fuer-kunststoffcontainer-240l\/\" \/>\n<meta property=\"og:site_name\" content=\"WeRecycle.ch | WR Group AG\" \/>\n<meta property=\"article:publisher\" content=\"https:\/\/www.facebook.com\/www.werecycle.ch\" \/>\n<meta property=\"article:modified_time\" content=\"2026-03-25T08:33:35+00:00\" \/>\n<meta property=\"og:image\" content=\"https:\/\/www.werecycle.ch\/wp-content\/uploads\/2024\/01\/129060.webp\" \/>\n\t<meta property=\"og:image:width\" content=\"1200\" \/>\n\t<meta property=\"og:image:height\" content=\"1200\" \/>\n\t<meta property=\"og:image:type\" content=\"image\/webp\" \/>\n<meta name=\"twitter:card\" content=\"summary_large_image\" \/>\n<script type=\"application\/ld+json\" class=\"yoast-schema-graph\">{\"@context\":\"https:\\\/\\\/schema.org\",\"@graph\":[{\"@type\":\"WebPage\",\"@id\":\"https:\\\/\\\/www.werecycle.ch\\\/shop\\\/recycling-entsorgung\\\/container\\\/sackhalterung-fuer-kunststoffcontainer-240l\\\/\",\"url\":\"https:\\\/\\\/www.werecycle.ch\\\/shop\\\/recycling-entsorgung\\\/container\\\/sackhalterung-fuer-kunststoffcontainer-240l\\\/\",\"name\":\"Sackhalterung f\u00fcr Kunststoffcontainer 240l - WeRecycle.ch | WR Group AG\",\"isPartOf\":{\"@id\":\"https:\\\/\\\/www.werecycle.ch\\\/de\\\/#website\"},\"primaryImageOfPage\":{\"@id\":\"https:\\\/\\\/www.werecycle.ch\\\/shop\\\/recycling-entsorgung\\\/container\\\/sackhalterung-fuer-kunststoffcontainer-240l\\\/#primaryimage\"},\"image\":{\"@id\":\"https:\\\/\\\/www.werecycle.ch\\\/shop\\\/recycling-entsorgung\\\/container\\\/sackhalterung-fuer-kunststoffcontainer-240l\\\/#primaryimage\"},\"thumbnailUrl\":\"https:\\\/\\\/www.werecycle.ch\\\/wp-content\\\/uploads\\\/2024\\\/01\\\/129060.webp\",\"datePublished\":\"2025-05-17T13:31:04+00:00\",\"dateModified\":\"2026-03-25T08:33:35+00:00\",\"description\":\"Halterung f\u00fcr Abfalls\u00e4cke zu Kunststoffcontainer 240l - passend zu allen Standard Kunststoffcontainern. Material: Edelstahl\",\"breadcrumb\":{\"@id\":\"https:\\\/\\\/www.werecycle.ch\\\/shop\\\/recycling-entsorgung\\\/container\\\/sackhalterung-fuer-kunststoffcontainer-240l\\\/#breadcrumb\"},\"inLanguage\":\"de\",\"potentialAction\":[{\"@type\":\"ReadAction\",\"target\":[\"https:\\\/\\\/www.werecycle.ch\\\/shop\\\/recycling-entsorgung\\\/container\\\/sackhalterung-fuer-kunststoffcontainer-240l\\\/\"]}]},{\"@type\":\"ImageObject\",\"inLanguage\":\"de\",\"@id\":\"https:\\\/\\\/www.werecycle.ch\\\/shop\\\/recycling-entsorgung\\\/container\\\/sackhalterung-fuer-kunststoffcontainer-240l\\\/#primaryimage\",\"url\":\"https:\\\/\\\/www.werecycle.ch\\\/wp-content\\\/uploads\\\/2024\\\/01\\\/129060.webp\",\"contentUrl\":\"https:\\\/\\\/www.werecycle.ch\\\/wp-content\\\/uploads\\\/2024\\\/01\\\/129060.webp\",\"width\":1200,\"height\":1200},{\"@type\":\"BreadcrumbList\",\"@id\":\"https:\\\/\\\/www.werecycle.ch\\\/shop\\\/recycling-entsorgung\\\/container\\\/sackhalterung-fuer-kunststoffcontainer-240l\\\/#breadcrumb\",\"itemListElement\":[{\"@type\":\"ListItem\",\"position\":1,\"name\":\"Startseite\",\"item\":\"https:\\\/\\\/www.werecycle.ch\\\/\"},{\"@type\":\"ListItem\",\"position\":2,\"name\":\"Shop\",\"item\":\"https:\\\/\\\/www.werecycle.ch\\\/de\\\/shop\\\/\"},{\"@type\":\"ListItem\",\"position\":3,\"name\":\"Sackhalterung f\u00fcr Kunststoffcontainer 240l\"}]},{\"@type\":\"WebSite\",\"@id\":\"https:\\\/\\\/www.werecycle.ch\\\/de\\\/#website\",\"url\":\"https:\\\/\\\/www.werecycle.ch\\\/de\\\/\",\"name\":\"WeRecycle.ch | Recycling Services AG\",\"description\":\"\",\"publisher\":{\"@id\":\"https:\\\/\\\/www.werecycle.ch\\\/de\\\/#organization\"},\"potentialAction\":[{\"@type\":\"SearchAction\",\"target\":{\"@type\":\"EntryPoint\",\"urlTemplate\":\"https:\\\/\\\/www.werecycle.ch\\\/de\\\/?s={search_term_string}\"},\"query-input\":{\"@type\":\"PropertyValueSpecification\",\"valueRequired\":true,\"valueName\":\"search_term_string\"}}],\"inLanguage\":\"de\"},{\"@type\":\"Organization\",\"@id\":\"https:\\\/\\\/www.werecycle.ch\\\/de\\\/#organization\",\"name\":\"WeRecycle.ch | Recycling Services AG\",\"url\":\"https:\\\/\\\/www.werecycle.ch\\\/de\\\/\",\"logo\":{\"@type\":\"ImageObject\",\"inLanguage\":\"de\",\"@id\":\"https:\\\/\\\/www.werecycle.ch\\\/de\\\/#\\\/schema\\\/logo\\\/image\\\/\",\"url\":\"https:\\\/\\\/www.werecycle.ch\\\/wp-content\\\/uploads\\\/2022\\\/09\\\/logo_werecycle.webp\",\"contentUrl\":\"https:\\\/\\\/www.werecycle.ch\\\/wp-content\\\/uploads\\\/2022\\\/09\\\/logo_werecycle.webp\",\"width\":1423,\"height\":427,\"caption\":\"WeRecycle.ch | Recycling Services AG\"},\"image\":{\"@id\":\"https:\\\/\\\/www.werecycle.ch\\\/de\\\/#\\\/schema\\\/logo\\\/image\\\/\"},\"sameAs\":[\"https:\\\/\\\/www.facebook.com\\\/www.werecycle.ch\"]}]}<\/script>\n<!-- \/ Yoast SEO plugin. -->","yoast_head_json":{"title":"Sackhalterung f\u00fcr Kunststoffcontainer 240l - WeRecycle.ch | WR Group AG","description":"Halterung f\u00fcr Abfalls\u00e4cke zu Kunststoffcontainer 240l - passend zu allen Standard Kunststoffcontainern. Material: Edelstahl","robots":{"index":"index","follow":"follow","max-snippet":"max-snippet:-1","max-image-preview":"max-image-preview:large","max-video-preview":"max-video-preview:-1"},"canonical":"https:\/\/www.werecycle.ch\/de\/shop\/recycling-entsorgung\/container\/sackhalterung-fuer-kunststoffcontainer-240l\/","og_locale":"de_DE","og_type":"article","og_title":"Sackhalterung f\u00fcr Kunststoffcontainer 240l - WeRecycle.ch | WR Group AG","og_description":"Halterung f\u00fcr Abfalls\u00e4cke zu Kunststoffcontainer 240l - passend zu allen Standard Kunststoffcontainern. Material: Edelstahl","og_url":"https:\/\/www.werecycle.ch\/de\/shop\/recycling-entsorgung\/container\/sackhalterung-fuer-kunststoffcontainer-240l\/","og_site_name":"WeRecycle.ch | WR Group AG","article_publisher":"https:\/\/www.facebook.com\/www.werecycle.ch","article_modified_time":"2026-03-25T08:33:35+00:00","og_image":[{"width":1200,"height":1200,"url":"https:\/\/www.werecycle.ch\/wp-content\/uploads\/2024\/01\/129060.webp","type":"image\/webp"}],"twitter_card":"summary_large_image","schema":{"@context":"https:\/\/schema.org","@graph":[{"@type":"WebPage","@id":"https:\/\/www.werecycle.ch\/shop\/recycling-entsorgung\/container\/sackhalterung-fuer-kunststoffcontainer-240l\/","url":"https:\/\/www.werecycle.ch\/shop\/recycling-entsorgung\/container\/sackhalterung-fuer-kunststoffcontainer-240l\/","name":"Sackhalterung f\u00fcr Kunststoffcontainer 240l - WeRecycle.ch | WR Group AG","isPartOf":{"@id":"https:\/\/www.werecycle.ch\/de\/#website"},"primaryImageOfPage":{"@id":"https:\/\/www.werecycle.ch\/shop\/recycling-entsorgung\/container\/sackhalterung-fuer-kunststoffcontainer-240l\/#primaryimage"},"image":{"@id":"https:\/\/www.werecycle.ch\/shop\/recycling-entsorgung\/container\/sackhalterung-fuer-kunststoffcontainer-240l\/#primaryimage"},"thumbnailUrl":"https:\/\/www.werecycle.ch\/wp-content\/uploads\/2024\/01\/129060.webp","datePublished":"2025-05-17T13:31:04+00:00","dateModified":"2026-03-25T08:33:35+00:00","description":"Halterung f\u00fcr Abfalls\u00e4cke zu Kunststoffcontainer 240l - passend zu allen Standard Kunststoffcontainern. Material: Edelstahl","breadcrumb":{"@id":"https:\/\/www.werecycle.ch\/shop\/recycling-entsorgung\/container\/sackhalterung-fuer-kunststoffcontainer-240l\/#breadcrumb"},"inLanguage":"de","potentialAction":[{"@type":"ReadAction","target":["https:\/\/www.werecycle.ch\/shop\/recycling-entsorgung\/container\/sackhalterung-fuer-kunststoffcontainer-240l\/"]}]},{"@type":"ImageObject","inLanguage":"de","@id":"https:\/\/www.werecycle.ch\/shop\/recycling-entsorgung\/container\/sackhalterung-fuer-kunststoffcontainer-240l\/#primaryimage","url":"https:\/\/www.werecycle.ch\/wp-content\/uploads\/2024\/01\/129060.webp","contentUrl":"https:\/\/www.werecycle.ch\/wp-content\/uploads\/2024\/01\/129060.webp","width":1200,"height":1200},{"@type":"BreadcrumbList","@id":"https:\/\/www.werecycle.ch\/shop\/recycling-entsorgung\/container\/sackhalterung-fuer-kunststoffcontainer-240l\/#breadcrumb","itemListElement":[{"@type":"ListItem","position":1,"name":"Startseite","item":"https:\/\/www.werecycle.ch\/"},{"@type":"ListItem","position":2,"name":"Shop","item":"https:\/\/www.werecycle.ch\/de\/shop\/"},{"@type":"ListItem","position":3,"name":"Sackhalterung f\u00fcr Kunststoffcontainer 240l"}]},{"@type":"WebSite","@id":"https:\/\/www.werecycle.ch\/de\/#website","url":"https:\/\/www.werecycle.ch\/de\/","name":"WeRecycle.ch | Recycling Services AG","description":"","publisher":{"@id":"https:\/\/www.werecycle.ch\/de\/#organization"},"potentialAction":[{"@type":"SearchAction","target":{"@type":"EntryPoint","urlTemplate":"https:\/\/www.werecycle.ch\/de\/?s={search_term_string}"},"query-input":{"@type":"PropertyValueSpecification","valueRequired":true,"valueName":"search_term_string"}}],"inLanguage":"de"},{"@type":"Organization","@id":"https:\/\/www.werecycle.ch\/de\/#organization","name":"WeRecycle.ch | Recycling Services AG","url":"https:\/\/www.werecycle.ch\/de\/","logo":{"@type":"ImageObject","inLanguage":"de","@id":"https:\/\/www.werecycle.ch\/de\/#\/schema\/logo\/image\/","url":"https:\/\/www.werecycle.ch\/wp-content\/uploads\/2022\/09\/logo_werecycle.webp","contentUrl":"https:\/\/www.werecycle.ch\/wp-content\/uploads\/2022\/09\/logo_werecycle.webp","width":1423,"height":427,"caption":"WeRecycle.ch | Recycling Services AG"},"image":{"@id":"https:\/\/www.werecycle.ch\/de\/#\/schema\/logo\/image\/"},"sameAs":["https:\/\/www.facebook.com\/www.werecycle.ch"]}]}},"tiered_pricing_type":"fixed","tiered_pricing_fixed_rules":[],"tiered_pricing_product_settings":{"layout":"default","base_unit_name":{"singular":null,"plural":null},"default_variation":null},"tiered_pricing_minimum_quantity":null,"tiered_pricing_roles_data":[],"tiered_pricing_percentage_rules":[],"_links":{"self":[{"href":"https:\/\/www.werecycle.ch\/de\/wp-json\/wp\/v2\/product\/27745","targetHints":{"allow":["GET"]}}],"collection":[{"href":"https:\/\/www.werecycle.ch\/de\/wp-json\/wp\/v2\/product"}],"about":[{"href":"https:\/\/www.werecycle.ch\/de\/wp-json\/wp\/v2\/types\/product"}],"wp:featuredmedia":[{"embeddable":true,"href":"https:\/\/www.werecycle.ch\/de\/wp-json\/wp\/v2\/media\/16411"}],"wp:attachment":[{"href":"https:\/\/www.werecycle.ch\/de\/wp-json\/wp\/v2\/media?parent=27745"}],"wp:term":[{"taxonomy":"product_brand","embeddable":true,"href":"https:\/\/www.werecycle.ch\/de\/wp-json\/wp\/v2\/product_brand?post=27745"},{"taxonomy":"product_cat","embeddable":true,"href":"https:\/\/www.werecycle.ch\/de\/wp-json\/wp\/v2\/product_cat?post=27745"},{"taxonomy":"product_tag","embeddable":true,"href":"https:\/\/www.werecycle.ch\/de\/wp-json\/wp\/v2\/product_tag?post=27745"}],"curies":[{"name":"wp","href":"https:\/\/api.w.org\/{rel}","templated":true}]}}