{"id":26308,"date":"2025-04-09T09:39:07","date_gmt":"2025-04-09T08:39:07","guid":{"rendered":"https:\/\/www.werecycle.ch\/?post_type=product&#038;p=26308"},"modified":"2025-06-24T10:40:46","modified_gmt":"2025-06-24T09:40:46","slug":"andermatt-biogarten-pilz-aufzuchtset-austernseitling","status":"publish","type":"product","link":"https:\/\/www.werecycle.ch\/de\/shop\/haushalt-wohnen\/kochen-backen\/andermatt-biogarten-pilz-aufzuchtset-austernseitling\/","title":{"rendered":"Pilz-Aufzuchtset Austernseitling Geschenkset"},"content":{"rendered":"<div>Tauche ein in ein eindrucksvolles Naturerlebnis, bei dem du aus n\u00e4chster N\u00e4he beobachten kannst, wie sich Pilze entwickeln. Aus einer unscheinbaren Startkultur entfaltet sich ein dichtes, weisses Pilzgeflecht, das schliesslich zu hutf\u00f6rmigen Fruchtk\u00f6rpern des Austernseitlings heranw\u00e4chst. Erlebe den Zauber des Wachsens und Erntens in deiner eigenen K\u00fcche. Den beliebten Speisepilz kann man nach der Aufzucht zubereiten und lecker verkosten.<\/div>\n<div><\/div>\n<div>Das Naturama empfiehlt mit seinem G\u00fctesiegel das Aufzuchtset f\u00fcr Schulen und Familien.<\/div>\n<div><\/div>\n<div><\/div>\n<div><strong>Das Pilz-Aufzuchtset enth\u00e4lt:<\/strong><\/div>\n<div>\n<ul>\n<li>1 Becher (wiederverwendbar) und Deckel mit hygienischer L\u00fcftungs\u00f6ffnung<\/li>\n<li>1 Beutel mit Holzpellets<\/li>\n<li>1 Spr\u00fchfl\u00e4schchen<\/li>\n<li>1 Anleitung<\/li>\n<li>1 Banderole zum Ausmalen<\/li>\n<li>Online-Zugang zu Info-Brosch\u00fcre und Aufzucht-Tagebuch<\/li>\n<li>Gutschein f\u00fcr\u00a01 Startkultur mit Pilzgeflecht (kostenlose Lieferung am Wunschtermin)<\/li>\n<\/ul>\n<\/div>\n<p>&nbsp;<\/p>\n<p><strong>Zustellung der Startkultur und Beginn der Aufzucht<br \/>\n<\/strong>Am Zustelltag sollte man das Set sofort aus dem Briefkasten nehmen. Die Startkultur kann sonst \u00fcberhitzen, dies kann die Entwicklung beeintr\u00e4chtigen. Bitte beim Bestellabschluss den Wunschliefertermin angeben.<\/p>\n<p><strong>Wichtige Schritte bei Erhalt der Startkultur<br \/>\n<\/strong>Falls die Aufzucht nicht sofort begonnen wird, sollte man die Startkultur bei ca. 6 \u00b0C aufbewahren. In der K\u00fchlschrankt\u00fcre herrscht in der Regel etwa diese Temperatur. Die Startkultur sollte maximal 5 Tage im K\u00fchlschrank aufbewahrt werden.<\/p>\n<p><strong>Dauer der Aufzucht<br \/>\n<\/strong>Die Entwicklung von der Startkultur bis zur ersten Speisepilzernte dauert 2 bis 3 Wochen (Ferien und Feiertage einplanen). Nach ca. 10 Tagen, in der Phase der Fruchtk\u00f6rperreifung, ist t\u00e4gliches Bespr\u00fchen notwendig, auch \u00fcbers Wochenende. Nach der Ernte kann eine zweite Fruchtung eingeleitet werden. Diese kann bis zu 6 Wochen dauern.<\/p>\n<p><strong>Pflegeaufwand<br \/>\n<\/strong>Um die Pilz-Aufzucht zu starten, ben\u00f6tigt man rund 3 Stunden Zeit, wovon gut 2 Stunden Wartezeiten zwischen den einzelnen Schritten sind. Nach dem Ansetzen der Kultur ben\u00f6tigen die Pilze in den ersten 10 Tagen keine Pflege. Danach bespr\u00fcht man die Pilzkultur w\u00e4hrend rund 7 bis 10 Tagen bis zur Ernte morgens und abends mit frischem Wasser.<\/p>\n","protected":false},"excerpt":{"rendered":"<p>Erlebe den Zauber des Wachsens und Erntens in deiner eigenen K\u00fcche. Den beliebten Speisepilz kann man nach der Aufzucht zubereiten und lecker verkosten.<\/p>\n","protected":false},"featured_media":26312,"template":"","meta":{"ocean_post_layout":"","ocean_both_sidebars_style":"","ocean_both_sidebars_content_width":0,"ocean_both_sidebars_sidebars_width":0,"ocean_sidebar":"0","ocean_second_sidebar":"0","ocean_disable_margins":"enable","ocean_add_body_class":"","ocean_shortcode_before_top_bar":"","ocean_shortcode_after_top_bar":"","ocean_shortcode_before_header":"","ocean_shortcode_after_header":"","ocean_has_shortcode":"","ocean_shortcode_after_title":"","ocean_shortcode_before_footer_widgets":"","ocean_shortcode_after_footer_widgets":"","ocean_shortcode_before_footer_bottom":"","ocean_shortcode_after_footer_bottom":"","ocean_display_top_bar":"default","ocean_display_header":"default","ocean_header_style":"","ocean_center_header_left_menu":"0","ocean_custom_header_template":"0","ocean_custom_logo":0,"ocean_custom_retina_logo":0,"ocean_custom_logo_max_width":0,"ocean_custom_logo_tablet_max_width":0,"ocean_custom_logo_mobile_max_width":0,"ocean_custom_logo_max_height":0,"ocean_custom_logo_tablet_max_height":0,"ocean_custom_logo_mobile_max_height":0,"ocean_header_custom_menu":"0","ocean_menu_typo_font_family":"0","ocean_menu_typo_font_subset":"","ocean_menu_typo_font_size":0,"ocean_menu_typo_font_size_tablet":0,"ocean_menu_typo_font_size_mobile":0,"ocean_menu_typo_font_size_unit":"px","ocean_menu_typo_font_weight":"","ocean_menu_typo_font_weight_tablet":"","ocean_menu_typo_font_weight_mobile":"","ocean_menu_typo_transform":"","ocean_menu_typo_transform_tablet":"","ocean_menu_typo_transform_mobile":"","ocean_menu_typo_line_height":0,"ocean_menu_typo_line_height_tablet":0,"ocean_menu_typo_line_height_mobile":0,"ocean_menu_typo_line_height_unit":"","ocean_menu_typo_spacing":0,"ocean_menu_typo_spacing_tablet":0,"ocean_menu_typo_spacing_mobile":0,"ocean_menu_typo_spacing_unit":"","ocean_menu_link_color":"","ocean_menu_link_color_hover":"","ocean_menu_link_color_active":"","ocean_menu_link_background":"","ocean_menu_link_hover_background":"","ocean_menu_link_active_background":"","ocean_menu_social_links_bg":"","ocean_menu_social_hover_links_bg":"","ocean_menu_social_links_color":"","ocean_menu_social_hover_links_color":"","ocean_disable_title":"default","ocean_disable_heading":"default","ocean_post_title":"","ocean_post_subheading":"","ocean_post_title_style":"","ocean_post_title_background_color":"","ocean_post_title_background":0,"ocean_post_title_bg_image_position":"","ocean_post_title_bg_image_attachment":"","ocean_post_title_bg_image_repeat":"","ocean_post_title_bg_image_size":"","ocean_post_title_height":0,"ocean_post_title_bg_overlay":0.5,"ocean_post_title_bg_overlay_color":"","ocean_disable_breadcrumbs":"default","ocean_breadcrumbs_color":"","ocean_breadcrumbs_separator_color":"","ocean_breadcrumbs_links_color":"","ocean_breadcrumbs_links_hover_color":"","ocean_display_footer_widgets":"default","ocean_display_footer_bottom":"default","ocean_custom_footer_template":"0","ofc_meta_disable_footer_callout":"","ofc_meta_callout_button_url":"","ofc_meta_callout_button_txt":"","ofc_meta_callout_text":"","osh_disable_topbar_sticky":"default","osh_disable_header_sticky":"default","osh_sticky_header_style":"default","osh_sticky_header_effect":"","osh_custom_sticky_logo":0,"osh_custom_retina_sticky_logo":0,"osh_custom_sticky_logo_height":0,"osh_background_color":"","osh_links_color":"","osh_links_hover_color":"","osh_links_active_color":"","osh_links_bg_color":"","osh_links_hover_bg_color":"","osh_links_active_bg_color":"","osh_menu_social_links_color":"","osh_menu_social_hover_links_color":""},"product_brand":[2608],"product_cat":[434,89,1440],"product_tag":[861,2538,2540,534,2539],"class_list":{"0":"post-26308","1":"product","2":"type-product","3":"status-publish","4":"has-post-thumbnail","6":"product_brand-andermatt-biogarten","7":"product_cat-garten-outdoor","8":"product_cat-geschenke","9":"product_cat-kochen-backen","10":"product_tag-andermatt-biogarten","11":"product_tag-aufzuchtset","12":"product_tag-austernseitling","13":"product_tag-kueche","14":"product_tag-pilze","15":"product_shipping_class-paket","17":"entry","18":"has-media","20":"first","21":"instock","22":"taxable","23":"shipping-taxable","24":"purchasable","25":"product-type-simple","26":"col","27":"span_1_of_3","28":"owp-content-center","29":"item-entry","30":"owp-thumbs-layout-horizontal","31":"owp-btn-normal","32":"owp-tabs-layout-horizontal","33":"circle-sale"},"yoast_head":"<!-- This site is optimized with the Yoast SEO plugin v27.4 - https:\/\/yoast.com\/product\/yoast-seo-wordpress\/ -->\n<title>Pilz-Aufzuchtset Austernseitling Geschenkset - WeRecycle.ch | WR Group AG<\/title>\n<meta name=\"description\" content=\"Erlebe den Zauber des Wachsens und Erntens in deiner eigenen K\u00fcche. Den beliebten Speisepilz kann man nach der Aufzucht zubereiten und lecker verkosten.\" \/>\n<meta name=\"robots\" content=\"index, follow, max-snippet:-1, max-image-preview:large, max-video-preview:-1\" \/>\n<link rel=\"canonical\" href=\"https:\/\/www.werecycle.ch\/de\/shop\/haushalt-wohnen\/kochen-backen\/andermatt-biogarten-pilz-aufzuchtset-austernseitling\/\" \/>\n<meta property=\"og:locale\" content=\"de_DE\" \/>\n<meta property=\"og:type\" content=\"article\" \/>\n<meta property=\"og:title\" content=\"Pilz-Aufzuchtset Austernseitling Geschenkset - WeRecycle.ch | WR Group AG\" \/>\n<meta property=\"og:description\" content=\"Erlebe den Zauber des Wachsens und Erntens in deiner eigenen K\u00fcche. Den beliebten Speisepilz kann man nach der Aufzucht zubereiten und lecker verkosten.\" \/>\n<meta property=\"og:url\" content=\"https:\/\/www.werecycle.ch\/de\/shop\/haushalt-wohnen\/kochen-backen\/andermatt-biogarten-pilz-aufzuchtset-austernseitling\/\" \/>\n<meta property=\"og:site_name\" content=\"WeRecycle.ch | WR Group AG\" \/>\n<meta property=\"article:publisher\" content=\"https:\/\/www.facebook.com\/www.werecycle.ch\" \/>\n<meta property=\"article:modified_time\" content=\"2025-06-24T09:40:46+00:00\" \/>\n<meta property=\"og:image\" content=\"https:\/\/www.werecycle.ch\/wp-content\/uploads\/2025\/04\/277430.webp\" \/>\n\t<meta property=\"og:image:width\" content=\"1200\" \/>\n\t<meta property=\"og:image:height\" content=\"1200\" \/>\n\t<meta property=\"og:image:type\" content=\"image\/webp\" \/>\n<meta name=\"twitter:card\" content=\"summary_large_image\" \/>\n<script type=\"application\/ld+json\" class=\"yoast-schema-graph\">{\"@context\":\"https:\\\/\\\/schema.org\",\"@graph\":[{\"@type\":\"WebPage\",\"@id\":\"https:\\\/\\\/www.werecycle.ch\\\/shop\\\/haushalt-wohnen\\\/kochen-backen\\\/andermatt-biogarten-pilz-aufzuchtset-austernseitling\\\/\",\"url\":\"https:\\\/\\\/www.werecycle.ch\\\/shop\\\/haushalt-wohnen\\\/kochen-backen\\\/andermatt-biogarten-pilz-aufzuchtset-austernseitling\\\/\",\"name\":\"Pilz-Aufzuchtset Austernseitling Geschenkset - WeRecycle.ch | WR Group AG\",\"isPartOf\":{\"@id\":\"https:\\\/\\\/www.werecycle.ch\\\/de\\\/#website\"},\"primaryImageOfPage\":{\"@id\":\"https:\\\/\\\/www.werecycle.ch\\\/shop\\\/haushalt-wohnen\\\/kochen-backen\\\/andermatt-biogarten-pilz-aufzuchtset-austernseitling\\\/#primaryimage\"},\"image\":{\"@id\":\"https:\\\/\\\/www.werecycle.ch\\\/shop\\\/haushalt-wohnen\\\/kochen-backen\\\/andermatt-biogarten-pilz-aufzuchtset-austernseitling\\\/#primaryimage\"},\"thumbnailUrl\":\"https:\\\/\\\/www.werecycle.ch\\\/wp-content\\\/uploads\\\/2025\\\/04\\\/277430.webp\",\"datePublished\":\"2025-04-09T08:39:07+00:00\",\"dateModified\":\"2025-06-24T09:40:46+00:00\",\"description\":\"Erlebe den Zauber des Wachsens und Erntens in deiner eigenen K\u00fcche. Den beliebten Speisepilz kann man nach der Aufzucht zubereiten und lecker verkosten.\",\"breadcrumb\":{\"@id\":\"https:\\\/\\\/www.werecycle.ch\\\/shop\\\/haushalt-wohnen\\\/kochen-backen\\\/andermatt-biogarten-pilz-aufzuchtset-austernseitling\\\/#breadcrumb\"},\"inLanguage\":\"de\",\"potentialAction\":[{\"@type\":\"ReadAction\",\"target\":[\"https:\\\/\\\/www.werecycle.ch\\\/shop\\\/haushalt-wohnen\\\/kochen-backen\\\/andermatt-biogarten-pilz-aufzuchtset-austernseitling\\\/\"]}]},{\"@type\":\"ImageObject\",\"inLanguage\":\"de\",\"@id\":\"https:\\\/\\\/www.werecycle.ch\\\/shop\\\/haushalt-wohnen\\\/kochen-backen\\\/andermatt-biogarten-pilz-aufzuchtset-austernseitling\\\/#primaryimage\",\"url\":\"https:\\\/\\\/www.werecycle.ch\\\/wp-content\\\/uploads\\\/2025\\\/04\\\/277430.webp\",\"contentUrl\":\"https:\\\/\\\/www.werecycle.ch\\\/wp-content\\\/uploads\\\/2025\\\/04\\\/277430.webp\",\"width\":1200,\"height\":1200},{\"@type\":\"BreadcrumbList\",\"@id\":\"https:\\\/\\\/www.werecycle.ch\\\/shop\\\/haushalt-wohnen\\\/kochen-backen\\\/andermatt-biogarten-pilz-aufzuchtset-austernseitling\\\/#breadcrumb\",\"itemListElement\":[{\"@type\":\"ListItem\",\"position\":1,\"name\":\"Startseite\",\"item\":\"https:\\\/\\\/www.werecycle.ch\\\/\"},{\"@type\":\"ListItem\",\"position\":2,\"name\":\"Shop\",\"item\":\"https:\\\/\\\/www.werecycle.ch\\\/de\\\/shop\\\/\"},{\"@type\":\"ListItem\",\"position\":3,\"name\":\"Pilz-Aufzuchtset Austernseitling Geschenkset\"}]},{\"@type\":\"WebSite\",\"@id\":\"https:\\\/\\\/www.werecycle.ch\\\/de\\\/#website\",\"url\":\"https:\\\/\\\/www.werecycle.ch\\\/de\\\/\",\"name\":\"WeRecycle.ch | Recycling Services AG\",\"description\":\"\",\"publisher\":{\"@id\":\"https:\\\/\\\/www.werecycle.ch\\\/de\\\/#organization\"},\"potentialAction\":[{\"@type\":\"SearchAction\",\"target\":{\"@type\":\"EntryPoint\",\"urlTemplate\":\"https:\\\/\\\/www.werecycle.ch\\\/de\\\/?s={search_term_string}\"},\"query-input\":{\"@type\":\"PropertyValueSpecification\",\"valueRequired\":true,\"valueName\":\"search_term_string\"}}],\"inLanguage\":\"de\"},{\"@type\":\"Organization\",\"@id\":\"https:\\\/\\\/www.werecycle.ch\\\/de\\\/#organization\",\"name\":\"WeRecycle.ch | Recycling Services AG\",\"url\":\"https:\\\/\\\/www.werecycle.ch\\\/de\\\/\",\"logo\":{\"@type\":\"ImageObject\",\"inLanguage\":\"de\",\"@id\":\"https:\\\/\\\/www.werecycle.ch\\\/de\\\/#\\\/schema\\\/logo\\\/image\\\/\",\"url\":\"https:\\\/\\\/www.werecycle.ch\\\/wp-content\\\/uploads\\\/2022\\\/09\\\/logo_werecycle.webp\",\"contentUrl\":\"https:\\\/\\\/www.werecycle.ch\\\/wp-content\\\/uploads\\\/2022\\\/09\\\/logo_werecycle.webp\",\"width\":1423,\"height\":427,\"caption\":\"WeRecycle.ch | Recycling Services AG\"},\"image\":{\"@id\":\"https:\\\/\\\/www.werecycle.ch\\\/de\\\/#\\\/schema\\\/logo\\\/image\\\/\"},\"sameAs\":[\"https:\\\/\\\/www.facebook.com\\\/www.werecycle.ch\"]}]}<\/script>\n<!-- \/ Yoast SEO plugin. -->","yoast_head_json":{"title":"Pilz-Aufzuchtset Austernseitling Geschenkset - WeRecycle.ch | WR Group AG","description":"Erlebe den Zauber des Wachsens und Erntens in deiner eigenen K\u00fcche. Den beliebten Speisepilz kann man nach der Aufzucht zubereiten und lecker verkosten.","robots":{"index":"index","follow":"follow","max-snippet":"max-snippet:-1","max-image-preview":"max-image-preview:large","max-video-preview":"max-video-preview:-1"},"canonical":"https:\/\/www.werecycle.ch\/de\/shop\/haushalt-wohnen\/kochen-backen\/andermatt-biogarten-pilz-aufzuchtset-austernseitling\/","og_locale":"de_DE","og_type":"article","og_title":"Pilz-Aufzuchtset Austernseitling Geschenkset - WeRecycle.ch | WR Group AG","og_description":"Erlebe den Zauber des Wachsens und Erntens in deiner eigenen K\u00fcche. Den beliebten Speisepilz kann man nach der Aufzucht zubereiten und lecker verkosten.","og_url":"https:\/\/www.werecycle.ch\/de\/shop\/haushalt-wohnen\/kochen-backen\/andermatt-biogarten-pilz-aufzuchtset-austernseitling\/","og_site_name":"WeRecycle.ch | WR Group AG","article_publisher":"https:\/\/www.facebook.com\/www.werecycle.ch","article_modified_time":"2025-06-24T09:40:46+00:00","og_image":[{"width":1200,"height":1200,"url":"https:\/\/www.werecycle.ch\/wp-content\/uploads\/2025\/04\/277430.webp","type":"image\/webp"}],"twitter_card":"summary_large_image","schema":{"@context":"https:\/\/schema.org","@graph":[{"@type":"WebPage","@id":"https:\/\/www.werecycle.ch\/shop\/haushalt-wohnen\/kochen-backen\/andermatt-biogarten-pilz-aufzuchtset-austernseitling\/","url":"https:\/\/www.werecycle.ch\/shop\/haushalt-wohnen\/kochen-backen\/andermatt-biogarten-pilz-aufzuchtset-austernseitling\/","name":"Pilz-Aufzuchtset Austernseitling Geschenkset - WeRecycle.ch | WR Group AG","isPartOf":{"@id":"https:\/\/www.werecycle.ch\/de\/#website"},"primaryImageOfPage":{"@id":"https:\/\/www.werecycle.ch\/shop\/haushalt-wohnen\/kochen-backen\/andermatt-biogarten-pilz-aufzuchtset-austernseitling\/#primaryimage"},"image":{"@id":"https:\/\/www.werecycle.ch\/shop\/haushalt-wohnen\/kochen-backen\/andermatt-biogarten-pilz-aufzuchtset-austernseitling\/#primaryimage"},"thumbnailUrl":"https:\/\/www.werecycle.ch\/wp-content\/uploads\/2025\/04\/277430.webp","datePublished":"2025-04-09T08:39:07+00:00","dateModified":"2025-06-24T09:40:46+00:00","description":"Erlebe den Zauber des Wachsens und Erntens in deiner eigenen K\u00fcche. Den beliebten Speisepilz kann man nach der Aufzucht zubereiten und lecker verkosten.","breadcrumb":{"@id":"https:\/\/www.werecycle.ch\/shop\/haushalt-wohnen\/kochen-backen\/andermatt-biogarten-pilz-aufzuchtset-austernseitling\/#breadcrumb"},"inLanguage":"de","potentialAction":[{"@type":"ReadAction","target":["https:\/\/www.werecycle.ch\/shop\/haushalt-wohnen\/kochen-backen\/andermatt-biogarten-pilz-aufzuchtset-austernseitling\/"]}]},{"@type":"ImageObject","inLanguage":"de","@id":"https:\/\/www.werecycle.ch\/shop\/haushalt-wohnen\/kochen-backen\/andermatt-biogarten-pilz-aufzuchtset-austernseitling\/#primaryimage","url":"https:\/\/www.werecycle.ch\/wp-content\/uploads\/2025\/04\/277430.webp","contentUrl":"https:\/\/www.werecycle.ch\/wp-content\/uploads\/2025\/04\/277430.webp","width":1200,"height":1200},{"@type":"BreadcrumbList","@id":"https:\/\/www.werecycle.ch\/shop\/haushalt-wohnen\/kochen-backen\/andermatt-biogarten-pilz-aufzuchtset-austernseitling\/#breadcrumb","itemListElement":[{"@type":"ListItem","position":1,"name":"Startseite","item":"https:\/\/www.werecycle.ch\/"},{"@type":"ListItem","position":2,"name":"Shop","item":"https:\/\/www.werecycle.ch\/de\/shop\/"},{"@type":"ListItem","position":3,"name":"Pilz-Aufzuchtset Austernseitling Geschenkset"}]},{"@type":"WebSite","@id":"https:\/\/www.werecycle.ch\/de\/#website","url":"https:\/\/www.werecycle.ch\/de\/","name":"WeRecycle.ch | Recycling Services AG","description":"","publisher":{"@id":"https:\/\/www.werecycle.ch\/de\/#organization"},"potentialAction":[{"@type":"SearchAction","target":{"@type":"EntryPoint","urlTemplate":"https:\/\/www.werecycle.ch\/de\/?s={search_term_string}"},"query-input":{"@type":"PropertyValueSpecification","valueRequired":true,"valueName":"search_term_string"}}],"inLanguage":"de"},{"@type":"Organization","@id":"https:\/\/www.werecycle.ch\/de\/#organization","name":"WeRecycle.ch | Recycling Services AG","url":"https:\/\/www.werecycle.ch\/de\/","logo":{"@type":"ImageObject","inLanguage":"de","@id":"https:\/\/www.werecycle.ch\/de\/#\/schema\/logo\/image\/","url":"https:\/\/www.werecycle.ch\/wp-content\/uploads\/2022\/09\/logo_werecycle.webp","contentUrl":"https:\/\/www.werecycle.ch\/wp-content\/uploads\/2022\/09\/logo_werecycle.webp","width":1423,"height":427,"caption":"WeRecycle.ch | Recycling Services AG"},"image":{"@id":"https:\/\/www.werecycle.ch\/de\/#\/schema\/logo\/image\/"},"sameAs":["https:\/\/www.facebook.com\/www.werecycle.ch"]}]}},"tiered_pricing_type":"fixed","tiered_pricing_fixed_rules":[],"tiered_pricing_product_settings":{"layout":"default","base_unit_name":{"singular":null,"plural":null},"default_variation":null},"tiered_pricing_minimum_quantity":null,"tiered_pricing_roles_data":[],"tiered_pricing_percentage_rules":[],"_links":{"self":[{"href":"https:\/\/www.werecycle.ch\/de\/wp-json\/wp\/v2\/product\/26308","targetHints":{"allow":["GET"]}}],"collection":[{"href":"https:\/\/www.werecycle.ch\/de\/wp-json\/wp\/v2\/product"}],"about":[{"href":"https:\/\/www.werecycle.ch\/de\/wp-json\/wp\/v2\/types\/product"}],"wp:featuredmedia":[{"embeddable":true,"href":"https:\/\/www.werecycle.ch\/de\/wp-json\/wp\/v2\/media\/26312"}],"wp:attachment":[{"href":"https:\/\/www.werecycle.ch\/de\/wp-json\/wp\/v2\/media?parent=26308"}],"wp:term":[{"taxonomy":"product_brand","embeddable":true,"href":"https:\/\/www.werecycle.ch\/de\/wp-json\/wp\/v2\/product_brand?post=26308"},{"taxonomy":"product_cat","embeddable":true,"href":"https:\/\/www.werecycle.ch\/de\/wp-json\/wp\/v2\/product_cat?post=26308"},{"taxonomy":"product_tag","embeddable":true,"href":"https:\/\/www.werecycle.ch\/de\/wp-json\/wp\/v2\/product_tag?post=26308"}],"curies":[{"name":"wp","href":"https:\/\/api.w.org\/{rel}","templated":true}]}}