{"id":26004,"date":"2025-03-26T13:39:35","date_gmt":"2025-03-26T12:39:35","guid":{"rendered":"https:\/\/www.werecycle.ch\/?post_type=product&#038;p=26004"},"modified":"2026-03-25T14:12:27","modified_gmt":"2026-03-25T13:12:27","slug":"bambus-pflanzenschilder-20stk","status":"publish","type":"product","link":"https:\/\/www.werecycle.ch\/de\/shop\/garten-outdoor\/bambus-pflanzenschilder-20stk\/","title":{"rendered":"Bambus Pflanzenschilder, 20 Stk."},"content":{"rendered":"<p>Pflanzenschilder sind ein sch\u00f6ner und n\u00fctzlicher Blickfang in Beeten oder Pflanzt\u00f6pfen. Sie geben Dir einen guten \u00dcberblick, wo im Beet welche Pflanze w\u00e4chst. Beschriftet mit wasserfestem Stift, fallen die Stecketiketten aus nat\u00fcrlichem Bambus auch in Kr\u00e4utert\u00f6pfen positiv auf.<\/p>\n<p>&nbsp;<\/p>\n<ul class=\"cds-List cds-AttributesList cds-List--Bulleted cds-AttributesList--WithPadding\">\n<li>Aus Bambus zum Beschriften von Pflanzen im Gem\u00fcse- oder Blumenbeet<\/li>\n<li>100% nachhaltiges, nachwachsendes Material<\/li>\n<li>Beschreibbar mit wasserfestem Stift<\/li>\n<li>F\u00fcr langj\u00e4hrige Nutzung im Aussenbereich<\/li>\n<li>Gr\u00f6sse: 5,8 x 10 cm<\/li>\n<li>20 St\u00fcck<\/li>\n<\/ul>\n","protected":false},"excerpt":{"rendered":"<p>Die nachhaltigen Bambus Pflanzenschilder geben Dir einen guten \u00dcberblick, wo im Beet welche Pflanze w\u00e4chst.<\/p>\n<p>Set mit 20 St\u00fcck.<\/p>\n","protected":false},"featured_media":26008,"template":"","meta":{"ocean_post_layout":"","ocean_both_sidebars_style":"","ocean_both_sidebars_content_width":0,"ocean_both_sidebars_sidebars_width":0,"ocean_sidebar":"0","ocean_second_sidebar":"0","ocean_disable_margins":"enable","ocean_add_body_class":"","ocean_shortcode_before_top_bar":"","ocean_shortcode_after_top_bar":"","ocean_shortcode_before_header":"","ocean_shortcode_after_header":"","ocean_has_shortcode":"","ocean_shortcode_after_title":"","ocean_shortcode_before_footer_widgets":"","ocean_shortcode_after_footer_widgets":"","ocean_shortcode_before_footer_bottom":"","ocean_shortcode_after_footer_bottom":"","ocean_display_top_bar":"default","ocean_display_header":"default","ocean_header_style":"","ocean_center_header_left_menu":"0","ocean_custom_header_template":"0","ocean_custom_logo":0,"ocean_custom_retina_logo":0,"ocean_custom_logo_max_width":0,"ocean_custom_logo_tablet_max_width":0,"ocean_custom_logo_mobile_max_width":0,"ocean_custom_logo_max_height":0,"ocean_custom_logo_tablet_max_height":0,"ocean_custom_logo_mobile_max_height":0,"ocean_header_custom_menu":"0","ocean_menu_typo_font_family":"0","ocean_menu_typo_font_subset":"","ocean_menu_typo_font_size":0,"ocean_menu_typo_font_size_tablet":0,"ocean_menu_typo_font_size_mobile":0,"ocean_menu_typo_font_size_unit":"px","ocean_menu_typo_font_weight":"","ocean_menu_typo_font_weight_tablet":"","ocean_menu_typo_font_weight_mobile":"","ocean_menu_typo_transform":"","ocean_menu_typo_transform_tablet":"","ocean_menu_typo_transform_mobile":"","ocean_menu_typo_line_height":0,"ocean_menu_typo_line_height_tablet":0,"ocean_menu_typo_line_height_mobile":0,"ocean_menu_typo_line_height_unit":"","ocean_menu_typo_spacing":0,"ocean_menu_typo_spacing_tablet":0,"ocean_menu_typo_spacing_mobile":0,"ocean_menu_typo_spacing_unit":"","ocean_menu_link_color":"","ocean_menu_link_color_hover":"","ocean_menu_link_color_active":"","ocean_menu_link_background":"","ocean_menu_link_hover_background":"","ocean_menu_link_active_background":"","ocean_menu_social_links_bg":"","ocean_menu_social_hover_links_bg":"","ocean_menu_social_links_color":"","ocean_menu_social_hover_links_color":"","ocean_disable_title":"default","ocean_disable_heading":"default","ocean_post_title":"","ocean_post_subheading":"","ocean_post_title_style":"","ocean_post_title_background_color":"","ocean_post_title_background":0,"ocean_post_title_bg_image_position":"","ocean_post_title_bg_image_attachment":"","ocean_post_title_bg_image_repeat":"","ocean_post_title_bg_image_size":"","ocean_post_title_height":0,"ocean_post_title_bg_overlay":0.5,"ocean_post_title_bg_overlay_color":"","ocean_disable_breadcrumbs":"default","ocean_breadcrumbs_color":"","ocean_breadcrumbs_separator_color":"","ocean_breadcrumbs_links_color":"","ocean_breadcrumbs_links_hover_color":"","ocean_display_footer_widgets":"default","ocean_display_footer_bottom":"default","ocean_custom_footer_template":"0","ofc_meta_disable_footer_callout":"","ofc_meta_callout_button_url":"","ofc_meta_callout_button_txt":"","ofc_meta_callout_text":"","osh_disable_topbar_sticky":"default","osh_disable_header_sticky":"default","osh_sticky_header_style":"default","osh_sticky_header_effect":"","osh_custom_sticky_logo":0,"osh_custom_retina_sticky_logo":0,"osh_custom_sticky_logo_height":0,"osh_background_color":"","osh_links_color":"","osh_links_hover_color":"","osh_links_active_color":"","osh_links_bg_color":"","osh_links_hover_bg_color":"","osh_links_active_bg_color":"","osh_menu_social_links_color":"","osh_menu_social_hover_links_color":""},"product_brand":[2704],"product_cat":[434],"product_tag":[2422,378,2421,1096,2424,432,868,2423,568],"class_list":{"0":"post-26004","1":"product","2":"type-product","3":"status-publish","4":"has-post-thumbnail","6":"product_brand-sh-line","7":"product_cat-garten-outdoor","8":"product_tag-anpflanzen","9":"product_tag-bambus","10":"product_tag-beschriftung","11":"product_tag-blumen","12":"product_tag-blumenbeet","13":"product_tag-garten","14":"product_tag-gemuese","15":"product_tag-gemuesebeet","16":"product_tag-outdoor","18":"entry","19":"has-media","21":"first","22":"instock","23":"taxable","24":"shipping-taxable","25":"purchasable","26":"product-type-simple","27":"col","28":"span_1_of_3","29":"owp-content-center","30":"item-entry","31":"owp-thumbs-layout-horizontal","32":"owp-btn-normal","33":"owp-tabs-layout-horizontal","34":"circle-sale"},"yoast_head":"<!-- This site is optimized with the Yoast SEO plugin v27.4 - https:\/\/yoast.com\/product\/yoast-seo-wordpress\/ -->\n<title>Bambus Pflanzenschilder, 20 Stk. - WeRecycle.ch | WR Group AG<\/title>\n<meta name=\"description\" content=\"Die nachhaltigen Bambus Pflanzenschilder geben Dir einen guten \u00dcberblick, wo im Beet welche Pflanze w\u00e4chst. Set mit 20 St\u00fcck.\" \/>\n<meta name=\"robots\" content=\"index, follow, max-snippet:-1, max-image-preview:large, max-video-preview:-1\" \/>\n<link rel=\"canonical\" href=\"https:\/\/www.werecycle.ch\/de\/shop\/garten-outdoor\/bambus-pflanzenschilder-20stk\/\" \/>\n<meta property=\"og:locale\" content=\"de_DE\" \/>\n<meta property=\"og:type\" content=\"article\" \/>\n<meta property=\"og:title\" content=\"Bambus Pflanzenschilder, 20 Stk. - WeRecycle.ch | WR Group AG\" \/>\n<meta property=\"og:description\" content=\"Die nachhaltigen Bambus Pflanzenschilder geben Dir einen guten \u00dcberblick, wo im Beet welche Pflanze w\u00e4chst. Set mit 20 St\u00fcck.\" \/>\n<meta property=\"og:url\" content=\"https:\/\/www.werecycle.ch\/de\/shop\/garten-outdoor\/bambus-pflanzenschilder-20stk\/\" \/>\n<meta property=\"og:site_name\" content=\"WeRecycle.ch | WR Group AG\" \/>\n<meta property=\"article:publisher\" content=\"https:\/\/www.facebook.com\/www.werecycle.ch\" \/>\n<meta property=\"article:modified_time\" content=\"2026-03-25T13:12:27+00:00\" \/>\n<meta property=\"og:image\" content=\"https:\/\/www.werecycle.ch\/wp-content\/uploads\/2025\/03\/220518.webp\" \/>\n\t<meta property=\"og:image:width\" content=\"800\" \/>\n\t<meta property=\"og:image:height\" content=\"800\" \/>\n\t<meta property=\"og:image:type\" content=\"image\/webp\" \/>\n<meta name=\"twitter:card\" content=\"summary_large_image\" \/>\n<script type=\"application\/ld+json\" class=\"yoast-schema-graph\">{\"@context\":\"https:\\\/\\\/schema.org\",\"@graph\":[{\"@type\":\"WebPage\",\"@id\":\"https:\\\/\\\/www.werecycle.ch\\\/shop\\\/garten-outdoor\\\/bambus-pflanzenschilder-20stk\\\/\",\"url\":\"https:\\\/\\\/www.werecycle.ch\\\/shop\\\/garten-outdoor\\\/bambus-pflanzenschilder-20stk\\\/\",\"name\":\"Bambus Pflanzenschilder, 20 Stk. - WeRecycle.ch | WR Group AG\",\"isPartOf\":{\"@id\":\"https:\\\/\\\/www.werecycle.ch\\\/de\\\/#website\"},\"primaryImageOfPage\":{\"@id\":\"https:\\\/\\\/www.werecycle.ch\\\/shop\\\/garten-outdoor\\\/bambus-pflanzenschilder-20stk\\\/#primaryimage\"},\"image\":{\"@id\":\"https:\\\/\\\/www.werecycle.ch\\\/shop\\\/garten-outdoor\\\/bambus-pflanzenschilder-20stk\\\/#primaryimage\"},\"thumbnailUrl\":\"https:\\\/\\\/www.werecycle.ch\\\/wp-content\\\/uploads\\\/2025\\\/03\\\/220518.webp\",\"datePublished\":\"2025-03-26T12:39:35+00:00\",\"dateModified\":\"2026-03-25T13:12:27+00:00\",\"description\":\"Die nachhaltigen Bambus Pflanzenschilder geben Dir einen guten \u00dcberblick, wo im Beet welche Pflanze w\u00e4chst. Set mit 20 St\u00fcck.\",\"breadcrumb\":{\"@id\":\"https:\\\/\\\/www.werecycle.ch\\\/shop\\\/garten-outdoor\\\/bambus-pflanzenschilder-20stk\\\/#breadcrumb\"},\"inLanguage\":\"de\",\"potentialAction\":[{\"@type\":\"ReadAction\",\"target\":[\"https:\\\/\\\/www.werecycle.ch\\\/shop\\\/garten-outdoor\\\/bambus-pflanzenschilder-20stk\\\/\"]}]},{\"@type\":\"ImageObject\",\"inLanguage\":\"de\",\"@id\":\"https:\\\/\\\/www.werecycle.ch\\\/shop\\\/garten-outdoor\\\/bambus-pflanzenschilder-20stk\\\/#primaryimage\",\"url\":\"https:\\\/\\\/www.werecycle.ch\\\/wp-content\\\/uploads\\\/2025\\\/03\\\/220518.webp\",\"contentUrl\":\"https:\\\/\\\/www.werecycle.ch\\\/wp-content\\\/uploads\\\/2025\\\/03\\\/220518.webp\",\"width\":800,\"height\":800},{\"@type\":\"BreadcrumbList\",\"@id\":\"https:\\\/\\\/www.werecycle.ch\\\/shop\\\/garten-outdoor\\\/bambus-pflanzenschilder-20stk\\\/#breadcrumb\",\"itemListElement\":[{\"@type\":\"ListItem\",\"position\":1,\"name\":\"Startseite\",\"item\":\"https:\\\/\\\/www.werecycle.ch\\\/\"},{\"@type\":\"ListItem\",\"position\":2,\"name\":\"Shop\",\"item\":\"https:\\\/\\\/www.werecycle.ch\\\/de\\\/shop\\\/\"},{\"@type\":\"ListItem\",\"position\":3,\"name\":\"Bambus Pflanzenschilder, 20 Stk.\"}]},{\"@type\":\"WebSite\",\"@id\":\"https:\\\/\\\/www.werecycle.ch\\\/de\\\/#website\",\"url\":\"https:\\\/\\\/www.werecycle.ch\\\/de\\\/\",\"name\":\"WeRecycle.ch | Recycling Services AG\",\"description\":\"\",\"publisher\":{\"@id\":\"https:\\\/\\\/www.werecycle.ch\\\/de\\\/#organization\"},\"potentialAction\":[{\"@type\":\"SearchAction\",\"target\":{\"@type\":\"EntryPoint\",\"urlTemplate\":\"https:\\\/\\\/www.werecycle.ch\\\/de\\\/?s={search_term_string}\"},\"query-input\":{\"@type\":\"PropertyValueSpecification\",\"valueRequired\":true,\"valueName\":\"search_term_string\"}}],\"inLanguage\":\"de\"},{\"@type\":\"Organization\",\"@id\":\"https:\\\/\\\/www.werecycle.ch\\\/de\\\/#organization\",\"name\":\"WeRecycle.ch | Recycling Services AG\",\"url\":\"https:\\\/\\\/www.werecycle.ch\\\/de\\\/\",\"logo\":{\"@type\":\"ImageObject\",\"inLanguage\":\"de\",\"@id\":\"https:\\\/\\\/www.werecycle.ch\\\/de\\\/#\\\/schema\\\/logo\\\/image\\\/\",\"url\":\"https:\\\/\\\/www.werecycle.ch\\\/wp-content\\\/uploads\\\/2022\\\/09\\\/logo_werecycle.webp\",\"contentUrl\":\"https:\\\/\\\/www.werecycle.ch\\\/wp-content\\\/uploads\\\/2022\\\/09\\\/logo_werecycle.webp\",\"width\":1423,\"height\":427,\"caption\":\"WeRecycle.ch | Recycling Services AG\"},\"image\":{\"@id\":\"https:\\\/\\\/www.werecycle.ch\\\/de\\\/#\\\/schema\\\/logo\\\/image\\\/\"},\"sameAs\":[\"https:\\\/\\\/www.facebook.com\\\/www.werecycle.ch\"]}]}<\/script>\n<!-- \/ Yoast SEO plugin. -->","yoast_head_json":{"title":"Bambus Pflanzenschilder, 20 Stk. - WeRecycle.ch | WR Group AG","description":"Die nachhaltigen Bambus Pflanzenschilder geben Dir einen guten \u00dcberblick, wo im Beet welche Pflanze w\u00e4chst. Set mit 20 St\u00fcck.","robots":{"index":"index","follow":"follow","max-snippet":"max-snippet:-1","max-image-preview":"max-image-preview:large","max-video-preview":"max-video-preview:-1"},"canonical":"https:\/\/www.werecycle.ch\/de\/shop\/garten-outdoor\/bambus-pflanzenschilder-20stk\/","og_locale":"de_DE","og_type":"article","og_title":"Bambus Pflanzenschilder, 20 Stk. - WeRecycle.ch | WR Group AG","og_description":"Die nachhaltigen Bambus Pflanzenschilder geben Dir einen guten \u00dcberblick, wo im Beet welche Pflanze w\u00e4chst. Set mit 20 St\u00fcck.","og_url":"https:\/\/www.werecycle.ch\/de\/shop\/garten-outdoor\/bambus-pflanzenschilder-20stk\/","og_site_name":"WeRecycle.ch | WR Group AG","article_publisher":"https:\/\/www.facebook.com\/www.werecycle.ch","article_modified_time":"2026-03-25T13:12:27+00:00","og_image":[{"width":800,"height":800,"url":"https:\/\/www.werecycle.ch\/wp-content\/uploads\/2025\/03\/220518.webp","type":"image\/webp"}],"twitter_card":"summary_large_image","schema":{"@context":"https:\/\/schema.org","@graph":[{"@type":"WebPage","@id":"https:\/\/www.werecycle.ch\/shop\/garten-outdoor\/bambus-pflanzenschilder-20stk\/","url":"https:\/\/www.werecycle.ch\/shop\/garten-outdoor\/bambus-pflanzenschilder-20stk\/","name":"Bambus Pflanzenschilder, 20 Stk. - WeRecycle.ch | WR Group AG","isPartOf":{"@id":"https:\/\/www.werecycle.ch\/de\/#website"},"primaryImageOfPage":{"@id":"https:\/\/www.werecycle.ch\/shop\/garten-outdoor\/bambus-pflanzenschilder-20stk\/#primaryimage"},"image":{"@id":"https:\/\/www.werecycle.ch\/shop\/garten-outdoor\/bambus-pflanzenschilder-20stk\/#primaryimage"},"thumbnailUrl":"https:\/\/www.werecycle.ch\/wp-content\/uploads\/2025\/03\/220518.webp","datePublished":"2025-03-26T12:39:35+00:00","dateModified":"2026-03-25T13:12:27+00:00","description":"Die nachhaltigen Bambus Pflanzenschilder geben Dir einen guten \u00dcberblick, wo im Beet welche Pflanze w\u00e4chst. Set mit 20 St\u00fcck.","breadcrumb":{"@id":"https:\/\/www.werecycle.ch\/shop\/garten-outdoor\/bambus-pflanzenschilder-20stk\/#breadcrumb"},"inLanguage":"de","potentialAction":[{"@type":"ReadAction","target":["https:\/\/www.werecycle.ch\/shop\/garten-outdoor\/bambus-pflanzenschilder-20stk\/"]}]},{"@type":"ImageObject","inLanguage":"de","@id":"https:\/\/www.werecycle.ch\/shop\/garten-outdoor\/bambus-pflanzenschilder-20stk\/#primaryimage","url":"https:\/\/www.werecycle.ch\/wp-content\/uploads\/2025\/03\/220518.webp","contentUrl":"https:\/\/www.werecycle.ch\/wp-content\/uploads\/2025\/03\/220518.webp","width":800,"height":800},{"@type":"BreadcrumbList","@id":"https:\/\/www.werecycle.ch\/shop\/garten-outdoor\/bambus-pflanzenschilder-20stk\/#breadcrumb","itemListElement":[{"@type":"ListItem","position":1,"name":"Startseite","item":"https:\/\/www.werecycle.ch\/"},{"@type":"ListItem","position":2,"name":"Shop","item":"https:\/\/www.werecycle.ch\/de\/shop\/"},{"@type":"ListItem","position":3,"name":"Bambus Pflanzenschilder, 20 Stk."}]},{"@type":"WebSite","@id":"https:\/\/www.werecycle.ch\/de\/#website","url":"https:\/\/www.werecycle.ch\/de\/","name":"WeRecycle.ch | Recycling Services AG","description":"","publisher":{"@id":"https:\/\/www.werecycle.ch\/de\/#organization"},"potentialAction":[{"@type":"SearchAction","target":{"@type":"EntryPoint","urlTemplate":"https:\/\/www.werecycle.ch\/de\/?s={search_term_string}"},"query-input":{"@type":"PropertyValueSpecification","valueRequired":true,"valueName":"search_term_string"}}],"inLanguage":"de"},{"@type":"Organization","@id":"https:\/\/www.werecycle.ch\/de\/#organization","name":"WeRecycle.ch | Recycling Services AG","url":"https:\/\/www.werecycle.ch\/de\/","logo":{"@type":"ImageObject","inLanguage":"de","@id":"https:\/\/www.werecycle.ch\/de\/#\/schema\/logo\/image\/","url":"https:\/\/www.werecycle.ch\/wp-content\/uploads\/2022\/09\/logo_werecycle.webp","contentUrl":"https:\/\/www.werecycle.ch\/wp-content\/uploads\/2022\/09\/logo_werecycle.webp","width":1423,"height":427,"caption":"WeRecycle.ch | Recycling Services AG"},"image":{"@id":"https:\/\/www.werecycle.ch\/de\/#\/schema\/logo\/image\/"},"sameAs":["https:\/\/www.facebook.com\/www.werecycle.ch"]}]}},"tiered_pricing_type":"fixed","tiered_pricing_fixed_rules":[],"tiered_pricing_product_settings":{"layout":"default","base_unit_name":{"singular":null,"plural":null},"default_variation":null},"tiered_pricing_minimum_quantity":null,"tiered_pricing_roles_data":[],"tiered_pricing_percentage_rules":[],"_links":{"self":[{"href":"https:\/\/www.werecycle.ch\/de\/wp-json\/wp\/v2\/product\/26004","targetHints":{"allow":["GET"]}}],"collection":[{"href":"https:\/\/www.werecycle.ch\/de\/wp-json\/wp\/v2\/product"}],"about":[{"href":"https:\/\/www.werecycle.ch\/de\/wp-json\/wp\/v2\/types\/product"}],"wp:featuredmedia":[{"embeddable":true,"href":"https:\/\/www.werecycle.ch\/de\/wp-json\/wp\/v2\/media\/26008"}],"wp:attachment":[{"href":"https:\/\/www.werecycle.ch\/de\/wp-json\/wp\/v2\/media?parent=26004"}],"wp:term":[{"taxonomy":"product_brand","embeddable":true,"href":"https:\/\/www.werecycle.ch\/de\/wp-json\/wp\/v2\/product_brand?post=26004"},{"taxonomy":"product_cat","embeddable":true,"href":"https:\/\/www.werecycle.ch\/de\/wp-json\/wp\/v2\/product_cat?post=26004"},{"taxonomy":"product_tag","embeddable":true,"href":"https:\/\/www.werecycle.ch\/de\/wp-json\/wp\/v2\/product_tag?post=26004"}],"curies":[{"name":"wp","href":"https:\/\/api.w.org\/{rel}","templated":true}]}}