{"id":25743,"date":"2025-03-12T14:37:39","date_gmt":"2025-03-12T13:37:39","guid":{"rendered":"https:\/\/www.werecycle.ch\/?post_type=product&#038;p=25743"},"modified":"2026-04-28T14:35:01","modified_gmt":"2026-04-28T12:35:01","slug":"andermatt-biogarten-carbovit-feststoffduenger-700g","status":"publish","type":"product","link":"https:\/\/www.werecycle.ch\/de\/shop\/garten-outdoor\/andermatt-biogarten-carbovit-feststoffduenger-700g\/","title":{"rendered":"Bio CarboVit Feststoffd\u00fcnger 0,7 kg"},"content":{"rendered":"<p>CarboVit ist ein rein pflanzlicher Kohlenstoffd\u00fcnger, inspiriert von der fruchtbaren Erde &#8222;Terra Preta&#8220; der indigenen V\u00f6lker im Amazonas. Die darin enthaltene aktivierte Pflanzenkohle dient als Depot f\u00fcr N\u00e4hrstoffe, Wasser und Mikroorganismen in der Erde. CarboVit tr\u00e4gt damit zur langfristigen Fruchtbarkeit der Erde bei.<\/p>\n<p>Pflanzenkohle hat eine positive Wirkung auf die Bodenstruktur. Sie bewahrt N\u00e4hrstoffe und Mineralien vor der Auswaschung, stabilisiert den pH-Wert und beugt einer Versalzung der Erde vor. Die bereits enthaltenen Mikroorganismen f\u00f6rdern die Freisetzung von gebundenen N\u00e4hrstoffen, wodurch diese f\u00fcr die Pflanzen umgehend verf\u00fcgbar werden. Die Pflanzenkohle selbst wird sehr langsam abgebaut und dient deshalb als Kohlenstoffsenke. Das heisst es kann f\u00fcr lange Zeit Kohlenstoff im Boden gebunden werden, ohne dass dieses als CO<sub>2<\/sub>\u00a0zur\u00fcck in die Atmosph\u00e4re gelangen kann.<\/p>\n<p>Bei einem regelm\u00e4ssigen Einsatz von CarboVit entsteht eine immer gr\u00f6sser werdende Schicht aus fruchtbarer Erde<\/p>\n<p>&nbsp;<\/p>\n<ul>\n<li>Inhalt: 0,7 kg<\/li>\n<li>Verwendungsort: Aussen, Innen<\/li>\n<li>Lagerung: k\u00fchl und trocken lagern<\/li>\n<li>Haltbarkeit: Mehrere Jahre haltbar<\/li>\n<li>Geeignet f\u00fcr Gem\u00fcse, Zierpflanzen, Kr\u00e4uter, Obst, Beeren, Zimmerpflanzen, Zierb\u00e4ume<\/li>\n<li>Wirkstoff und Gehalt: N\u00e4hrstoffgehalte: Gesamtstickstoff (\u200aN, 3\u200a%\u200a), Phosphat (\u200aP2O5, 1\u200a%\u200a), Kali (\u200aK2O, 1,5\u200a%\u200a), Calciumoxid (\u200aCaO, 5,5\u200a%\u200a), Magnesiumoxid (\u200aMgO, 1\u200a%\u200a), Schwefel \u00ad\u00ad(S,\u00a00,5\u200a%),\u00a0organische Substanz (OS, 73\u200a%) aus pflanzlichen Stoffen, Kohlen und lebenden Mikroorganismen, Trockensubstanz (\u200aTS, 90\u200a%\u200a), 1,3\u2009\u00d7\u2009104 KBE\/g \u00adLactobacillus, 3,3\u2009\u00d7\u200910 KBE\/g Saccharomyces, 1,6\u2009\u00d7\u200910 KBE\/g Rhodopseudomonas<\/li>\n<\/ul>\n<h4><\/h4>\n<p>Anwendung<\/p>\n<ul>\n<li>J\u00e4hrlich 50 bis 250 g CarboVit pro m<sup>2<\/sup>\u00a0(je nach Humusgehalt der Erde) vor der Aussaat\/Pflanzung gleichm\u00e4ssig in die oberste Erdschicht einarbeiten. Bei humusarmer Erde empfiehlt sich, eine Nachd\u00fcngung im August mit 50 g pro m<sup>2<\/sup>\u00a0durchzuf\u00fchren.<\/li>\n<li>Bei Topfpflanzen CarboVit in das gesamte Substrat mit bis zu 80 g pro 10 Liter dazu mischen.<\/li>\n<li style=\"list-style-type: none;\"><\/li>\n<\/ul>\n<p>&nbsp;<\/p>\n<h4>Warnhinweis:<\/h4>\n<p>Darf nicht in die H\u00e4nde von Kindern gelangen<\/p>\n","protected":false},"excerpt":{"rendered":"<p>0,7 kg rein pflanzlicher Kohlenstoffd\u00fcnger, inspiriert von der fruchtbaren Erde &#8222;Terra Preta&#8220; der indigenen V\u00f6lker im Amazonas.<br \/>\nAnwendungsbereich: Geeignet f\u00fcr Gem\u00fcse, Zierpflanzen, Kr\u00e4uter, Obst, Beeren, Zimmerpflanzen, Zierb\u00e4ume<\/p>\n","protected":false},"featured_media":25746,"template":"","meta":{"ocean_post_layout":"","ocean_both_sidebars_style":"","ocean_both_sidebars_content_width":0,"ocean_both_sidebars_sidebars_width":0,"ocean_sidebar":"0","ocean_second_sidebar":"0","ocean_disable_margins":"enable","ocean_add_body_class":"","ocean_shortcode_before_top_bar":"","ocean_shortcode_after_top_bar":"","ocean_shortcode_before_header":"","ocean_shortcode_after_header":"","ocean_has_shortcode":"","ocean_shortcode_after_title":"","ocean_shortcode_before_footer_widgets":"","ocean_shortcode_after_footer_widgets":"","ocean_shortcode_before_footer_bottom":"","ocean_shortcode_after_footer_bottom":"","ocean_display_top_bar":"default","ocean_display_header":"default","ocean_header_style":"","ocean_center_header_left_menu":"0","ocean_custom_header_template":"0","ocean_custom_logo":0,"ocean_custom_retina_logo":0,"ocean_custom_logo_max_width":0,"ocean_custom_logo_tablet_max_width":0,"ocean_custom_logo_mobile_max_width":0,"ocean_custom_logo_max_height":0,"ocean_custom_logo_tablet_max_height":0,"ocean_custom_logo_mobile_max_height":0,"ocean_header_custom_menu":"0","ocean_menu_typo_font_family":"0","ocean_menu_typo_font_subset":"","ocean_menu_typo_font_size":0,"ocean_menu_typo_font_size_tablet":0,"ocean_menu_typo_font_size_mobile":0,"ocean_menu_typo_font_size_unit":"px","ocean_menu_typo_font_weight":"","ocean_menu_typo_font_weight_tablet":"","ocean_menu_typo_font_weight_mobile":"","ocean_menu_typo_transform":"","ocean_menu_typo_transform_tablet":"","ocean_menu_typo_transform_mobile":"","ocean_menu_typo_line_height":0,"ocean_menu_typo_line_height_tablet":0,"ocean_menu_typo_line_height_mobile":0,"ocean_menu_typo_line_height_unit":"","ocean_menu_typo_spacing":0,"ocean_menu_typo_spacing_tablet":0,"ocean_menu_typo_spacing_mobile":0,"ocean_menu_typo_spacing_unit":"","ocean_menu_link_color":"","ocean_menu_link_color_hover":"","ocean_menu_link_color_active":"","ocean_menu_link_background":"","ocean_menu_link_hover_background":"","ocean_menu_link_active_background":"","ocean_menu_social_links_bg":"","ocean_menu_social_hover_links_bg":"","ocean_menu_social_links_color":"","ocean_menu_social_hover_links_color":"","ocean_disable_title":"default","ocean_disable_heading":"default","ocean_post_title":"","ocean_post_subheading":"","ocean_post_title_style":"","ocean_post_title_background_color":"","ocean_post_title_background":0,"ocean_post_title_bg_image_position":"","ocean_post_title_bg_image_attachment":"","ocean_post_title_bg_image_repeat":"","ocean_post_title_bg_image_size":"","ocean_post_title_height":0,"ocean_post_title_bg_overlay":0.5,"ocean_post_title_bg_overlay_color":"","ocean_disable_breadcrumbs":"default","ocean_breadcrumbs_color":"","ocean_breadcrumbs_separator_color":"","ocean_breadcrumbs_links_color":"","ocean_breadcrumbs_links_hover_color":"","ocean_display_footer_widgets":"default","ocean_display_footer_bottom":"default","ocean_custom_footer_template":"0","ofc_meta_disable_footer_callout":"","ofc_meta_callout_button_url":"","ofc_meta_callout_button_txt":"","ofc_meta_callout_text":"","osh_disable_topbar_sticky":"default","osh_disable_header_sticky":"default","osh_sticky_header_style":"default","osh_sticky_header_effect":"","osh_custom_sticky_logo":0,"osh_custom_retina_sticky_logo":0,"osh_custom_sticky_logo_height":0,"osh_background_color":"","osh_links_color":"","osh_links_hover_color":"","osh_links_active_color":"","osh_links_bg_color":"","osh_links_hover_bg_color":"","osh_links_active_bg_color":"","osh_menu_social_links_color":"","osh_menu_social_hover_links_color":""},"product_brand":[2608],"product_cat":[434],"product_tag":[861,2522,1914,1913],"class_list":{"0":"post-25743","1":"product","2":"type-product","3":"status-publish","4":"has-post-thumbnail","6":"product_brand-andermatt-biogarten","7":"product_cat-garten-outdoor","8":"product_tag-andermatt-biogarten","9":"product_tag-carbovit","10":"product_tag-duengemittel","11":"product_tag-duenger","12":"product_shipping_class-paket","14":"entry","15":"has-media","17":"first","18":"instock","19":"taxable","20":"shipping-taxable","21":"purchasable","22":"product-type-simple","23":"col","24":"span_1_of_3","25":"owp-content-center","26":"item-entry","27":"owp-thumbs-layout-horizontal","28":"owp-btn-normal","29":"owp-tabs-layout-horizontal","30":"circle-sale"},"yoast_head":"<!-- This site is optimized with the Yoast SEO plugin v27.5 - https:\/\/yoast.com\/product\/yoast-seo-wordpress\/ -->\n<title>Bio CarboVit Feststoffd\u00fcnger 0,7 kg - WeRecycle.ch | WR Group AG<\/title>\n<meta name=\"description\" content=\"0,7 kg rein pflanzlicher Kohlenstoffd\u00fcnger, inspiriert von der fruchtbaren Erde \u00abTerra Preta\u00bb der indigenen V\u00f6lker im Amazonas.\" \/>\n<meta name=\"robots\" content=\"index, follow, max-snippet:-1, max-image-preview:large, max-video-preview:-1\" \/>\n<link rel=\"canonical\" href=\"https:\/\/www.werecycle.ch\/de\/shop\/garten-outdoor\/andermatt-biogarten-carbovit-feststoffduenger-700g\/\" \/>\n<meta property=\"og:locale\" content=\"de_DE\" \/>\n<meta property=\"og:type\" content=\"article\" \/>\n<meta property=\"og:title\" content=\"Bio CarboVit Feststoffd\u00fcnger 0,7 kg - WeRecycle.ch | WR Group AG\" \/>\n<meta property=\"og:description\" content=\"0,7 kg rein pflanzlicher Kohlenstoffd\u00fcnger, inspiriert von der fruchtbaren Erde \u00abTerra Preta\u00bb der indigenen V\u00f6lker im Amazonas.\" \/>\n<meta property=\"og:url\" content=\"https:\/\/www.werecycle.ch\/de\/shop\/garten-outdoor\/andermatt-biogarten-carbovit-feststoffduenger-700g\/\" \/>\n<meta property=\"og:site_name\" content=\"WeRecycle.ch | WR Group AG\" \/>\n<meta property=\"article:publisher\" content=\"https:\/\/www.facebook.com\/www.werecycle.ch\" \/>\n<meta property=\"article:modified_time\" content=\"2026-04-28T12:35:01+00:00\" \/>\n<meta property=\"og:image\" content=\"https:\/\/www.werecycle.ch\/wp-content\/uploads\/2025\/03\/274499.webp\" \/>\n\t<meta property=\"og:image:width\" content=\"1000\" \/>\n\t<meta property=\"og:image:height\" content=\"1000\" \/>\n\t<meta property=\"og:image:type\" content=\"image\/webp\" \/>\n<meta name=\"twitter:card\" content=\"summary_large_image\" \/>\n<script type=\"application\/ld+json\" class=\"yoast-schema-graph\">{\"@context\":\"https:\\\/\\\/schema.org\",\"@graph\":[{\"@type\":\"WebPage\",\"@id\":\"https:\\\/\\\/www.werecycle.ch\\\/shop\\\/garten-outdoor\\\/andermatt-biogarten-carbovit-feststoffduenger-700g\\\/\",\"url\":\"https:\\\/\\\/www.werecycle.ch\\\/shop\\\/garten-outdoor\\\/andermatt-biogarten-carbovit-feststoffduenger-700g\\\/\",\"name\":\"Bio CarboVit Feststoffd\u00fcnger 0,7 kg - WeRecycle.ch | WR Group AG\",\"isPartOf\":{\"@id\":\"https:\\\/\\\/www.werecycle.ch\\\/de\\\/#website\"},\"primaryImageOfPage\":{\"@id\":\"https:\\\/\\\/www.werecycle.ch\\\/shop\\\/garten-outdoor\\\/andermatt-biogarten-carbovit-feststoffduenger-700g\\\/#primaryimage\"},\"image\":{\"@id\":\"https:\\\/\\\/www.werecycle.ch\\\/shop\\\/garten-outdoor\\\/andermatt-biogarten-carbovit-feststoffduenger-700g\\\/#primaryimage\"},\"thumbnailUrl\":\"https:\\\/\\\/www.werecycle.ch\\\/wp-content\\\/uploads\\\/2025\\\/03\\\/274499.webp\",\"datePublished\":\"2025-03-12T13:37:39+00:00\",\"dateModified\":\"2026-04-28T12:35:01+00:00\",\"description\":\"0,7 kg rein pflanzlicher Kohlenstoffd\u00fcnger, inspiriert von der fruchtbaren Erde \u00abTerra Preta\u00bb der indigenen V\u00f6lker im Amazonas.\",\"breadcrumb\":{\"@id\":\"https:\\\/\\\/www.werecycle.ch\\\/shop\\\/garten-outdoor\\\/andermatt-biogarten-carbovit-feststoffduenger-700g\\\/#breadcrumb\"},\"inLanguage\":\"de\",\"potentialAction\":[{\"@type\":\"ReadAction\",\"target\":[\"https:\\\/\\\/www.werecycle.ch\\\/shop\\\/garten-outdoor\\\/andermatt-biogarten-carbovit-feststoffduenger-700g\\\/\"]}]},{\"@type\":\"ImageObject\",\"inLanguage\":\"de\",\"@id\":\"https:\\\/\\\/www.werecycle.ch\\\/shop\\\/garten-outdoor\\\/andermatt-biogarten-carbovit-feststoffduenger-700g\\\/#primaryimage\",\"url\":\"https:\\\/\\\/www.werecycle.ch\\\/wp-content\\\/uploads\\\/2025\\\/03\\\/274499.webp\",\"contentUrl\":\"https:\\\/\\\/www.werecycle.ch\\\/wp-content\\\/uploads\\\/2025\\\/03\\\/274499.webp\",\"width\":1000,\"height\":1000},{\"@type\":\"BreadcrumbList\",\"@id\":\"https:\\\/\\\/www.werecycle.ch\\\/shop\\\/garten-outdoor\\\/andermatt-biogarten-carbovit-feststoffduenger-700g\\\/#breadcrumb\",\"itemListElement\":[{\"@type\":\"ListItem\",\"position\":1,\"name\":\"Startseite\",\"item\":\"https:\\\/\\\/www.werecycle.ch\\\/\"},{\"@type\":\"ListItem\",\"position\":2,\"name\":\"Shop\",\"item\":\"https:\\\/\\\/www.werecycle.ch\\\/de\\\/shop\\\/\"},{\"@type\":\"ListItem\",\"position\":3,\"name\":\"Bio CarboVit Feststoffd\u00fcnger 0,7 kg\"}]},{\"@type\":\"WebSite\",\"@id\":\"https:\\\/\\\/www.werecycle.ch\\\/de\\\/#website\",\"url\":\"https:\\\/\\\/www.werecycle.ch\\\/de\\\/\",\"name\":\"WeRecycle.ch | Recycling Services AG\",\"description\":\"\",\"publisher\":{\"@id\":\"https:\\\/\\\/www.werecycle.ch\\\/de\\\/#organization\"},\"potentialAction\":[{\"@type\":\"SearchAction\",\"target\":{\"@type\":\"EntryPoint\",\"urlTemplate\":\"https:\\\/\\\/www.werecycle.ch\\\/de\\\/?s={search_term_string}\"},\"query-input\":{\"@type\":\"PropertyValueSpecification\",\"valueRequired\":true,\"valueName\":\"search_term_string\"}}],\"inLanguage\":\"de\"},{\"@type\":\"Organization\",\"@id\":\"https:\\\/\\\/www.werecycle.ch\\\/de\\\/#organization\",\"name\":\"WeRecycle.ch | Recycling Services AG\",\"url\":\"https:\\\/\\\/www.werecycle.ch\\\/de\\\/\",\"logo\":{\"@type\":\"ImageObject\",\"inLanguage\":\"de\",\"@id\":\"https:\\\/\\\/www.werecycle.ch\\\/de\\\/#\\\/schema\\\/logo\\\/image\\\/\",\"url\":\"https:\\\/\\\/www.werecycle.ch\\\/wp-content\\\/uploads\\\/2022\\\/09\\\/logo_werecycle.webp\",\"contentUrl\":\"https:\\\/\\\/www.werecycle.ch\\\/wp-content\\\/uploads\\\/2022\\\/09\\\/logo_werecycle.webp\",\"width\":1423,\"height\":427,\"caption\":\"WeRecycle.ch | Recycling Services AG\"},\"image\":{\"@id\":\"https:\\\/\\\/www.werecycle.ch\\\/de\\\/#\\\/schema\\\/logo\\\/image\\\/\"},\"sameAs\":[\"https:\\\/\\\/www.facebook.com\\\/www.werecycle.ch\"]}]}<\/script>\n<!-- \/ Yoast SEO plugin. -->","yoast_head_json":{"title":"Bio CarboVit Feststoffd\u00fcnger 0,7 kg - WeRecycle.ch | WR Group AG","description":"0,7 kg rein pflanzlicher Kohlenstoffd\u00fcnger, inspiriert von der fruchtbaren Erde \u00abTerra Preta\u00bb der indigenen V\u00f6lker im Amazonas.","robots":{"index":"index","follow":"follow","max-snippet":"max-snippet:-1","max-image-preview":"max-image-preview:large","max-video-preview":"max-video-preview:-1"},"canonical":"https:\/\/www.werecycle.ch\/de\/shop\/garten-outdoor\/andermatt-biogarten-carbovit-feststoffduenger-700g\/","og_locale":"de_DE","og_type":"article","og_title":"Bio CarboVit Feststoffd\u00fcnger 0,7 kg - WeRecycle.ch | WR Group AG","og_description":"0,7 kg rein pflanzlicher Kohlenstoffd\u00fcnger, inspiriert von der fruchtbaren Erde \u00abTerra Preta\u00bb der indigenen V\u00f6lker im Amazonas.","og_url":"https:\/\/www.werecycle.ch\/de\/shop\/garten-outdoor\/andermatt-biogarten-carbovit-feststoffduenger-700g\/","og_site_name":"WeRecycle.ch | WR Group AG","article_publisher":"https:\/\/www.facebook.com\/www.werecycle.ch","article_modified_time":"2026-04-28T12:35:01+00:00","og_image":[{"width":1000,"height":1000,"url":"https:\/\/www.werecycle.ch\/wp-content\/uploads\/2025\/03\/274499.webp","type":"image\/webp"}],"twitter_card":"summary_large_image","schema":{"@context":"https:\/\/schema.org","@graph":[{"@type":"WebPage","@id":"https:\/\/www.werecycle.ch\/shop\/garten-outdoor\/andermatt-biogarten-carbovit-feststoffduenger-700g\/","url":"https:\/\/www.werecycle.ch\/shop\/garten-outdoor\/andermatt-biogarten-carbovit-feststoffduenger-700g\/","name":"Bio CarboVit Feststoffd\u00fcnger 0,7 kg - WeRecycle.ch | WR Group AG","isPartOf":{"@id":"https:\/\/www.werecycle.ch\/de\/#website"},"primaryImageOfPage":{"@id":"https:\/\/www.werecycle.ch\/shop\/garten-outdoor\/andermatt-biogarten-carbovit-feststoffduenger-700g\/#primaryimage"},"image":{"@id":"https:\/\/www.werecycle.ch\/shop\/garten-outdoor\/andermatt-biogarten-carbovit-feststoffduenger-700g\/#primaryimage"},"thumbnailUrl":"https:\/\/www.werecycle.ch\/wp-content\/uploads\/2025\/03\/274499.webp","datePublished":"2025-03-12T13:37:39+00:00","dateModified":"2026-04-28T12:35:01+00:00","description":"0,7 kg rein pflanzlicher Kohlenstoffd\u00fcnger, inspiriert von der fruchtbaren Erde \u00abTerra Preta\u00bb der indigenen V\u00f6lker im Amazonas.","breadcrumb":{"@id":"https:\/\/www.werecycle.ch\/shop\/garten-outdoor\/andermatt-biogarten-carbovit-feststoffduenger-700g\/#breadcrumb"},"inLanguage":"de","potentialAction":[{"@type":"ReadAction","target":["https:\/\/www.werecycle.ch\/shop\/garten-outdoor\/andermatt-biogarten-carbovit-feststoffduenger-700g\/"]}]},{"@type":"ImageObject","inLanguage":"de","@id":"https:\/\/www.werecycle.ch\/shop\/garten-outdoor\/andermatt-biogarten-carbovit-feststoffduenger-700g\/#primaryimage","url":"https:\/\/www.werecycle.ch\/wp-content\/uploads\/2025\/03\/274499.webp","contentUrl":"https:\/\/www.werecycle.ch\/wp-content\/uploads\/2025\/03\/274499.webp","width":1000,"height":1000},{"@type":"BreadcrumbList","@id":"https:\/\/www.werecycle.ch\/shop\/garten-outdoor\/andermatt-biogarten-carbovit-feststoffduenger-700g\/#breadcrumb","itemListElement":[{"@type":"ListItem","position":1,"name":"Startseite","item":"https:\/\/www.werecycle.ch\/"},{"@type":"ListItem","position":2,"name":"Shop","item":"https:\/\/www.werecycle.ch\/de\/shop\/"},{"@type":"ListItem","position":3,"name":"Bio CarboVit Feststoffd\u00fcnger 0,7 kg"}]},{"@type":"WebSite","@id":"https:\/\/www.werecycle.ch\/de\/#website","url":"https:\/\/www.werecycle.ch\/de\/","name":"WeRecycle.ch | Recycling Services AG","description":"","publisher":{"@id":"https:\/\/www.werecycle.ch\/de\/#organization"},"potentialAction":[{"@type":"SearchAction","target":{"@type":"EntryPoint","urlTemplate":"https:\/\/www.werecycle.ch\/de\/?s={search_term_string}"},"query-input":{"@type":"PropertyValueSpecification","valueRequired":true,"valueName":"search_term_string"}}],"inLanguage":"de"},{"@type":"Organization","@id":"https:\/\/www.werecycle.ch\/de\/#organization","name":"WeRecycle.ch | Recycling Services AG","url":"https:\/\/www.werecycle.ch\/de\/","logo":{"@type":"ImageObject","inLanguage":"de","@id":"https:\/\/www.werecycle.ch\/de\/#\/schema\/logo\/image\/","url":"https:\/\/www.werecycle.ch\/wp-content\/uploads\/2022\/09\/logo_werecycle.webp","contentUrl":"https:\/\/www.werecycle.ch\/wp-content\/uploads\/2022\/09\/logo_werecycle.webp","width":1423,"height":427,"caption":"WeRecycle.ch | Recycling Services AG"},"image":{"@id":"https:\/\/www.werecycle.ch\/de\/#\/schema\/logo\/image\/"},"sameAs":["https:\/\/www.facebook.com\/www.werecycle.ch"]}]}},"tiered_pricing_type":"fixed","tiered_pricing_fixed_rules":[],"tiered_pricing_product_settings":{"layout":"default","base_unit_name":{"singular":null,"plural":null},"default_variation":null},"tiered_pricing_minimum_quantity":null,"tiered_pricing_roles_data":[],"tiered_pricing_percentage_rules":[],"_links":{"self":[{"href":"https:\/\/www.werecycle.ch\/de\/wp-json\/wp\/v2\/product\/25743","targetHints":{"allow":["GET"]}}],"collection":[{"href":"https:\/\/www.werecycle.ch\/de\/wp-json\/wp\/v2\/product"}],"about":[{"href":"https:\/\/www.werecycle.ch\/de\/wp-json\/wp\/v2\/types\/product"}],"wp:featuredmedia":[{"embeddable":true,"href":"https:\/\/www.werecycle.ch\/de\/wp-json\/wp\/v2\/media\/25746"}],"wp:attachment":[{"href":"https:\/\/www.werecycle.ch\/de\/wp-json\/wp\/v2\/media?parent=25743"}],"wp:term":[{"taxonomy":"product_brand","embeddable":true,"href":"https:\/\/www.werecycle.ch\/de\/wp-json\/wp\/v2\/product_brand?post=25743"},{"taxonomy":"product_cat","embeddable":true,"href":"https:\/\/www.werecycle.ch\/de\/wp-json\/wp\/v2\/product_cat?post=25743"},{"taxonomy":"product_tag","embeddable":true,"href":"https:\/\/www.werecycle.ch\/de\/wp-json\/wp\/v2\/product_tag?post=25743"}],"curies":[{"name":"wp","href":"https:\/\/api.w.org\/{rel}","templated":true}]}}