{"id":23388,"date":"2024-11-01T15:15:08","date_gmt":"2024-11-01T14:15:08","guid":{"rendered":"https:\/\/www.werecycle.ch\/?post_type=product&#038;p=23388"},"modified":"2026-04-23T15:36:06","modified_gmt":"2026-04-23T13:36:06","slug":"treecer-pachakuna-enhanced","status":"publish","type":"product","link":"https:\/\/www.werecycle.ch\/de\/shop\/freizeit\/gesellschaftsspiele\/treecer-pachakuna-enhanced\/","title":{"rendered":"P&#8217;achakuna &#8211; Enhanced"},"content":{"rendered":"<p>P&#8217;achakuna ist ein cleveres 2-Spieler-Spielerlebnis auf einem einzigartigen, modularen Spielbrett. Beide Spieler gehen ihre eigenen Wege auf demselben Spielfeld, sind aber nie vollst\u00e4ndig voneinander getrennt. Die Spielregeln sind leicht zu erlernen und erm\u00f6glichen einen schnellen und unkomplizierten Einstieg. Allerdings sind die Spieltiefe und der hohe Wiederspielwert nicht zu untersch\u00e4tzen.<\/p>\n<p><strong>Jetzt mit verbesserten Komponenten: Beidseitig bedruckte Llama-Meeples und U-f\u00f6rmige Resourcen!<\/strong><\/p>\n<p>&nbsp;<\/p>\n<div class=\"variant_options\">\n<form class=\"wd-100 mt-20\" method=\"post\">\n<div>\n<ul>\n<li>Altersempfehlung: ab 8 Jahren<\/li>\n<li>Spieldauer: 30 &#8211; 60 min<\/li>\n<li>F\u00fcr 2 Spieler<\/li>\n<li>Sprache: Deutsch, Englisch, Franz\u00f6sisch, Niederl\u00e4ndisch (8 weitere Sprachen als Download erh\u00e4ltlich)<\/li>\n<li>Farbenfroh illustriertes, modulares Spielfeld mit vielen versteckten Details<\/li>\n<li>Jedes Spiel enth\u00e4lt ein authentisches Stoffs\u00e4ckchen, welches in Bolivien hergestellt wurde<\/li>\n<li>Hochwertige Komponenten, hergestellt aus FSC zertifiziertem Papier\/Karton\/Holz<\/li>\n<\/ul>\n<\/div>\n<\/form>\n<\/div>\n","protected":false},"excerpt":{"rendered":"<p>P&#8217;achakuna ist ein cleveres 2-Spieler-Spielerlebnis auf einem einzigartigen, modularen Spielbrett. Beide Spieler gehen ihre eigenen Wege auf demselben Spielfeld, sind aber nie vollst\u00e4ndig voneinander getrennt.<\/p>\n","protected":false},"featured_media":23391,"template":"","meta":{"ocean_post_layout":"","ocean_both_sidebars_style":"","ocean_both_sidebars_content_width":0,"ocean_both_sidebars_sidebars_width":0,"ocean_sidebar":"0","ocean_second_sidebar":"0","ocean_disable_margins":"enable","ocean_add_body_class":"","ocean_shortcode_before_top_bar":"","ocean_shortcode_after_top_bar":"","ocean_shortcode_before_header":"","ocean_shortcode_after_header":"","ocean_has_shortcode":"","ocean_shortcode_after_title":"","ocean_shortcode_before_footer_widgets":"","ocean_shortcode_after_footer_widgets":"","ocean_shortcode_before_footer_bottom":"","ocean_shortcode_after_footer_bottom":"","ocean_display_top_bar":"default","ocean_display_header":"default","ocean_header_style":"","ocean_center_header_left_menu":"0","ocean_custom_header_template":"0","ocean_custom_logo":0,"ocean_custom_retina_logo":0,"ocean_custom_logo_max_width":0,"ocean_custom_logo_tablet_max_width":0,"ocean_custom_logo_mobile_max_width":0,"ocean_custom_logo_max_height":0,"ocean_custom_logo_tablet_max_height":0,"ocean_custom_logo_mobile_max_height":0,"ocean_header_custom_menu":"0","ocean_menu_typo_font_family":"0","ocean_menu_typo_font_subset":"","ocean_menu_typo_font_size":0,"ocean_menu_typo_font_size_tablet":0,"ocean_menu_typo_font_size_mobile":0,"ocean_menu_typo_font_size_unit":"px","ocean_menu_typo_font_weight":"","ocean_menu_typo_font_weight_tablet":"","ocean_menu_typo_font_weight_mobile":"","ocean_menu_typo_transform":"","ocean_menu_typo_transform_tablet":"","ocean_menu_typo_transform_mobile":"","ocean_menu_typo_line_height":0,"ocean_menu_typo_line_height_tablet":0,"ocean_menu_typo_line_height_mobile":0,"ocean_menu_typo_line_height_unit":"","ocean_menu_typo_spacing":0,"ocean_menu_typo_spacing_tablet":0,"ocean_menu_typo_spacing_mobile":0,"ocean_menu_typo_spacing_unit":"","ocean_menu_link_color":"","ocean_menu_link_color_hover":"","ocean_menu_link_color_active":"","ocean_menu_link_background":"","ocean_menu_link_hover_background":"","ocean_menu_link_active_background":"","ocean_menu_social_links_bg":"","ocean_menu_social_hover_links_bg":"","ocean_menu_social_links_color":"","ocean_menu_social_hover_links_color":"","ocean_disable_title":"default","ocean_disable_heading":"default","ocean_post_title":"","ocean_post_subheading":"","ocean_post_title_style":"","ocean_post_title_background_color":"","ocean_post_title_background":0,"ocean_post_title_bg_image_position":"","ocean_post_title_bg_image_attachment":"","ocean_post_title_bg_image_repeat":"","ocean_post_title_bg_image_size":"","ocean_post_title_height":0,"ocean_post_title_bg_overlay":0.5,"ocean_post_title_bg_overlay_color":"","ocean_disable_breadcrumbs":"default","ocean_breadcrumbs_color":"","ocean_breadcrumbs_separator_color":"","ocean_breadcrumbs_links_color":"","ocean_breadcrumbs_links_hover_color":"","ocean_display_footer_widgets":"default","ocean_display_footer_bottom":"default","ocean_custom_footer_template":"0","ofc_meta_disable_footer_callout":"","ofc_meta_callout_button_url":"","ofc_meta_callout_button_txt":"","ofc_meta_callout_text":"","osh_disable_topbar_sticky":"default","osh_disable_header_sticky":"default","osh_sticky_header_style":"default","osh_sticky_header_effect":"","osh_custom_sticky_logo":0,"osh_custom_retina_sticky_logo":0,"osh_custom_sticky_logo_height":0,"osh_background_color":"","osh_links_color":"","osh_links_hover_color":"","osh_links_active_color":"","osh_links_bg_color":"","osh_links_hover_bg_color":"","osh_links_active_bg_color":"","osh_menu_social_links_color":"","osh_menu_social_hover_links_color":""},"product_brand":[],"product_cat":[2297],"product_tag":[487,963,2388,104,1156,1157,2387],"class_list":{"0":"post-23388","1":"product","2":"type-product","3":"status-publish","4":"has-post-thumbnail","6":"product_cat-gesellschaftsspiele","7":"product_tag-brettspiel","8":"product_tag-gesellschaftsspiel","9":"product_tag-pachakuna","10":"product_tag-spiele","11":"product_tag-strategie","12":"product_tag-strategiespiel","13":"product_tag-treecer","14":"product_shipping_class-paket","16":"entry","17":"has-media","19":"first","20":"instock","21":"sale","22":"taxable","23":"shipping-taxable","24":"purchasable","25":"product-type-simple","26":"col","27":"span_1_of_3","28":"owp-content-center","29":"item-entry","30":"owp-thumbs-layout-horizontal","31":"owp-btn-normal","32":"owp-tabs-layout-horizontal","33":"circle-sale"},"yoast_head":"<!-- This site is optimized with the Yoast SEO plugin v27.5 - https:\/\/yoast.com\/product\/yoast-seo-wordpress\/ -->\n<title>P&#039;achakuna - Enhanced - WeRecycle.ch | WR Group AG<\/title>\n<meta name=\"description\" content=\"P&#039;achakuna ist ein cleveres 2-Spieler-Spielerlebnis auf einem einzigartigen, modularen Spielbrett. Beide Spieler gehen ihre eigenen Wege auf demselben Spielfeld, sind aber nie vollst\u00e4ndig voneinander getrennt.\" \/>\n<meta name=\"robots\" content=\"index, follow, max-snippet:-1, max-image-preview:large, max-video-preview:-1\" \/>\n<link rel=\"canonical\" href=\"https:\/\/www.werecycle.ch\/de\/shop\/freizeit\/gesellschaftsspiele\/treecer-pachakuna-enhanced\/\" \/>\n<meta property=\"og:locale\" content=\"de_DE\" \/>\n<meta property=\"og:type\" content=\"article\" \/>\n<meta property=\"og:title\" content=\"P&#039;achakuna - Enhanced - WeRecycle.ch | WR Group AG\" \/>\n<meta property=\"og:description\" content=\"P&#039;achakuna ist ein cleveres 2-Spieler-Spielerlebnis auf einem einzigartigen, modularen Spielbrett. Beide Spieler gehen ihre eigenen Wege auf demselben Spielfeld, sind aber nie vollst\u00e4ndig voneinander getrennt.\" \/>\n<meta property=\"og:url\" content=\"https:\/\/www.werecycle.ch\/de\/shop\/freizeit\/gesellschaftsspiele\/treecer-pachakuna-enhanced\/\" \/>\n<meta property=\"og:site_name\" content=\"WeRecycle.ch | WR Group AG\" \/>\n<meta property=\"article:publisher\" content=\"https:\/\/www.facebook.com\/www.werecycle.ch\" \/>\n<meta property=\"article:modified_time\" content=\"2026-04-23T13:36:06+00:00\" \/>\n<meta property=\"og:image\" content=\"https:\/\/www.werecycle.ch\/wp-content\/uploads\/2024\/11\/490002.webp\" \/>\n\t<meta property=\"og:image:width\" content=\"2000\" \/>\n\t<meta property=\"og:image:height\" content=\"1833\" \/>\n\t<meta property=\"og:image:type\" content=\"image\/webp\" \/>\n<meta name=\"twitter:card\" content=\"summary_large_image\" \/>\n<script type=\"application\/ld+json\" class=\"yoast-schema-graph\">{\"@context\":\"https:\\\/\\\/schema.org\",\"@graph\":[{\"@type\":\"WebPage\",\"@id\":\"https:\\\/\\\/www.werecycle.ch\\\/shop\\\/freizeit\\\/gesellschaftsspiele\\\/treecer-pachakuna-enhanced\\\/\",\"url\":\"https:\\\/\\\/www.werecycle.ch\\\/shop\\\/freizeit\\\/gesellschaftsspiele\\\/treecer-pachakuna-enhanced\\\/\",\"name\":\"P'achakuna - Enhanced - WeRecycle.ch | WR Group AG\",\"isPartOf\":{\"@id\":\"https:\\\/\\\/www.werecycle.ch\\\/de\\\/#website\"},\"primaryImageOfPage\":{\"@id\":\"https:\\\/\\\/www.werecycle.ch\\\/shop\\\/freizeit\\\/gesellschaftsspiele\\\/treecer-pachakuna-enhanced\\\/#primaryimage\"},\"image\":{\"@id\":\"https:\\\/\\\/www.werecycle.ch\\\/shop\\\/freizeit\\\/gesellschaftsspiele\\\/treecer-pachakuna-enhanced\\\/#primaryimage\"},\"thumbnailUrl\":\"https:\\\/\\\/www.werecycle.ch\\\/wp-content\\\/uploads\\\/2024\\\/11\\\/490002.webp\",\"datePublished\":\"2024-11-01T14:15:08+00:00\",\"dateModified\":\"2026-04-23T13:36:06+00:00\",\"description\":\"P'achakuna ist ein cleveres 2-Spieler-Spielerlebnis auf einem einzigartigen, modularen Spielbrett. Beide Spieler gehen ihre eigenen Wege auf demselben Spielfeld, sind aber nie vollst\u00e4ndig voneinander getrennt.\",\"breadcrumb\":{\"@id\":\"https:\\\/\\\/www.werecycle.ch\\\/shop\\\/freizeit\\\/gesellschaftsspiele\\\/treecer-pachakuna-enhanced\\\/#breadcrumb\"},\"inLanguage\":\"de\",\"potentialAction\":[{\"@type\":\"ReadAction\",\"target\":[\"https:\\\/\\\/www.werecycle.ch\\\/shop\\\/freizeit\\\/gesellschaftsspiele\\\/treecer-pachakuna-enhanced\\\/\"]}]},{\"@type\":\"ImageObject\",\"inLanguage\":\"de\",\"@id\":\"https:\\\/\\\/www.werecycle.ch\\\/shop\\\/freizeit\\\/gesellschaftsspiele\\\/treecer-pachakuna-enhanced\\\/#primaryimage\",\"url\":\"https:\\\/\\\/www.werecycle.ch\\\/wp-content\\\/uploads\\\/2024\\\/11\\\/490002.webp\",\"contentUrl\":\"https:\\\/\\\/www.werecycle.ch\\\/wp-content\\\/uploads\\\/2024\\\/11\\\/490002.webp\",\"width\":2000,\"height\":1833},{\"@type\":\"BreadcrumbList\",\"@id\":\"https:\\\/\\\/www.werecycle.ch\\\/shop\\\/freizeit\\\/gesellschaftsspiele\\\/treecer-pachakuna-enhanced\\\/#breadcrumb\",\"itemListElement\":[{\"@type\":\"ListItem\",\"position\":1,\"name\":\"Startseite\",\"item\":\"https:\\\/\\\/www.werecycle.ch\\\/\"},{\"@type\":\"ListItem\",\"position\":2,\"name\":\"Shop\",\"item\":\"https:\\\/\\\/www.werecycle.ch\\\/de\\\/shop\\\/\"},{\"@type\":\"ListItem\",\"position\":3,\"name\":\"P&#8217;achakuna &#8211; Enhanced\"}]},{\"@type\":\"WebSite\",\"@id\":\"https:\\\/\\\/www.werecycle.ch\\\/de\\\/#website\",\"url\":\"https:\\\/\\\/www.werecycle.ch\\\/de\\\/\",\"name\":\"WeRecycle.ch | Recycling Services AG\",\"description\":\"\",\"publisher\":{\"@id\":\"https:\\\/\\\/www.werecycle.ch\\\/de\\\/#organization\"},\"potentialAction\":[{\"@type\":\"SearchAction\",\"target\":{\"@type\":\"EntryPoint\",\"urlTemplate\":\"https:\\\/\\\/www.werecycle.ch\\\/de\\\/?s={search_term_string}\"},\"query-input\":{\"@type\":\"PropertyValueSpecification\",\"valueRequired\":true,\"valueName\":\"search_term_string\"}}],\"inLanguage\":\"de\"},{\"@type\":\"Organization\",\"@id\":\"https:\\\/\\\/www.werecycle.ch\\\/de\\\/#organization\",\"name\":\"WeRecycle.ch | Recycling Services AG\",\"url\":\"https:\\\/\\\/www.werecycle.ch\\\/de\\\/\",\"logo\":{\"@type\":\"ImageObject\",\"inLanguage\":\"de\",\"@id\":\"https:\\\/\\\/www.werecycle.ch\\\/de\\\/#\\\/schema\\\/logo\\\/image\\\/\",\"url\":\"https:\\\/\\\/www.werecycle.ch\\\/wp-content\\\/uploads\\\/2022\\\/09\\\/logo_werecycle.webp\",\"contentUrl\":\"https:\\\/\\\/www.werecycle.ch\\\/wp-content\\\/uploads\\\/2022\\\/09\\\/logo_werecycle.webp\",\"width\":1423,\"height\":427,\"caption\":\"WeRecycle.ch | Recycling Services AG\"},\"image\":{\"@id\":\"https:\\\/\\\/www.werecycle.ch\\\/de\\\/#\\\/schema\\\/logo\\\/image\\\/\"},\"sameAs\":[\"https:\\\/\\\/www.facebook.com\\\/www.werecycle.ch\"]}]}<\/script>\n<!-- \/ Yoast SEO plugin. -->","yoast_head_json":{"title":"P'achakuna - Enhanced - WeRecycle.ch | WR Group AG","description":"P'achakuna ist ein cleveres 2-Spieler-Spielerlebnis auf einem einzigartigen, modularen Spielbrett. Beide Spieler gehen ihre eigenen Wege auf demselben Spielfeld, sind aber nie vollst\u00e4ndig voneinander getrennt.","robots":{"index":"index","follow":"follow","max-snippet":"max-snippet:-1","max-image-preview":"max-image-preview:large","max-video-preview":"max-video-preview:-1"},"canonical":"https:\/\/www.werecycle.ch\/de\/shop\/freizeit\/gesellschaftsspiele\/treecer-pachakuna-enhanced\/","og_locale":"de_DE","og_type":"article","og_title":"P'achakuna - Enhanced - WeRecycle.ch | WR Group AG","og_description":"P'achakuna ist ein cleveres 2-Spieler-Spielerlebnis auf einem einzigartigen, modularen Spielbrett. Beide Spieler gehen ihre eigenen Wege auf demselben Spielfeld, sind aber nie vollst\u00e4ndig voneinander getrennt.","og_url":"https:\/\/www.werecycle.ch\/de\/shop\/freizeit\/gesellschaftsspiele\/treecer-pachakuna-enhanced\/","og_site_name":"WeRecycle.ch | WR Group AG","article_publisher":"https:\/\/www.facebook.com\/www.werecycle.ch","article_modified_time":"2026-04-23T13:36:06+00:00","og_image":[{"width":2000,"height":1833,"url":"https:\/\/www.werecycle.ch\/wp-content\/uploads\/2024\/11\/490002.webp","type":"image\/webp"}],"twitter_card":"summary_large_image","schema":{"@context":"https:\/\/schema.org","@graph":[{"@type":"WebPage","@id":"https:\/\/www.werecycle.ch\/shop\/freizeit\/gesellschaftsspiele\/treecer-pachakuna-enhanced\/","url":"https:\/\/www.werecycle.ch\/shop\/freizeit\/gesellschaftsspiele\/treecer-pachakuna-enhanced\/","name":"P'achakuna - Enhanced - WeRecycle.ch | WR Group AG","isPartOf":{"@id":"https:\/\/www.werecycle.ch\/de\/#website"},"primaryImageOfPage":{"@id":"https:\/\/www.werecycle.ch\/shop\/freizeit\/gesellschaftsspiele\/treecer-pachakuna-enhanced\/#primaryimage"},"image":{"@id":"https:\/\/www.werecycle.ch\/shop\/freizeit\/gesellschaftsspiele\/treecer-pachakuna-enhanced\/#primaryimage"},"thumbnailUrl":"https:\/\/www.werecycle.ch\/wp-content\/uploads\/2024\/11\/490002.webp","datePublished":"2024-11-01T14:15:08+00:00","dateModified":"2026-04-23T13:36:06+00:00","description":"P'achakuna ist ein cleveres 2-Spieler-Spielerlebnis auf einem einzigartigen, modularen Spielbrett. Beide Spieler gehen ihre eigenen Wege auf demselben Spielfeld, sind aber nie vollst\u00e4ndig voneinander getrennt.","breadcrumb":{"@id":"https:\/\/www.werecycle.ch\/shop\/freizeit\/gesellschaftsspiele\/treecer-pachakuna-enhanced\/#breadcrumb"},"inLanguage":"de","potentialAction":[{"@type":"ReadAction","target":["https:\/\/www.werecycle.ch\/shop\/freizeit\/gesellschaftsspiele\/treecer-pachakuna-enhanced\/"]}]},{"@type":"ImageObject","inLanguage":"de","@id":"https:\/\/www.werecycle.ch\/shop\/freizeit\/gesellschaftsspiele\/treecer-pachakuna-enhanced\/#primaryimage","url":"https:\/\/www.werecycle.ch\/wp-content\/uploads\/2024\/11\/490002.webp","contentUrl":"https:\/\/www.werecycle.ch\/wp-content\/uploads\/2024\/11\/490002.webp","width":2000,"height":1833},{"@type":"BreadcrumbList","@id":"https:\/\/www.werecycle.ch\/shop\/freizeit\/gesellschaftsspiele\/treecer-pachakuna-enhanced\/#breadcrumb","itemListElement":[{"@type":"ListItem","position":1,"name":"Startseite","item":"https:\/\/www.werecycle.ch\/"},{"@type":"ListItem","position":2,"name":"Shop","item":"https:\/\/www.werecycle.ch\/de\/shop\/"},{"@type":"ListItem","position":3,"name":"P&#8217;achakuna &#8211; Enhanced"}]},{"@type":"WebSite","@id":"https:\/\/www.werecycle.ch\/de\/#website","url":"https:\/\/www.werecycle.ch\/de\/","name":"WeRecycle.ch | Recycling Services AG","description":"","publisher":{"@id":"https:\/\/www.werecycle.ch\/de\/#organization"},"potentialAction":[{"@type":"SearchAction","target":{"@type":"EntryPoint","urlTemplate":"https:\/\/www.werecycle.ch\/de\/?s={search_term_string}"},"query-input":{"@type":"PropertyValueSpecification","valueRequired":true,"valueName":"search_term_string"}}],"inLanguage":"de"},{"@type":"Organization","@id":"https:\/\/www.werecycle.ch\/de\/#organization","name":"WeRecycle.ch | Recycling Services AG","url":"https:\/\/www.werecycle.ch\/de\/","logo":{"@type":"ImageObject","inLanguage":"de","@id":"https:\/\/www.werecycle.ch\/de\/#\/schema\/logo\/image\/","url":"https:\/\/www.werecycle.ch\/wp-content\/uploads\/2022\/09\/logo_werecycle.webp","contentUrl":"https:\/\/www.werecycle.ch\/wp-content\/uploads\/2022\/09\/logo_werecycle.webp","width":1423,"height":427,"caption":"WeRecycle.ch | Recycling Services AG"},"image":{"@id":"https:\/\/www.werecycle.ch\/de\/#\/schema\/logo\/image\/"},"sameAs":["https:\/\/www.facebook.com\/www.werecycle.ch"]}]}},"tiered_pricing_type":"fixed","tiered_pricing_fixed_rules":[],"tiered_pricing_product_settings":{"layout":"default","base_unit_name":{"singular":null,"plural":null},"default_variation":null},"tiered_pricing_minimum_quantity":null,"tiered_pricing_roles_data":[],"tiered_pricing_percentage_rules":[],"_links":{"self":[{"href":"https:\/\/www.werecycle.ch\/de\/wp-json\/wp\/v2\/product\/23388","targetHints":{"allow":["GET"]}}],"collection":[{"href":"https:\/\/www.werecycle.ch\/de\/wp-json\/wp\/v2\/product"}],"about":[{"href":"https:\/\/www.werecycle.ch\/de\/wp-json\/wp\/v2\/types\/product"}],"wp:featuredmedia":[{"embeddable":true,"href":"https:\/\/www.werecycle.ch\/de\/wp-json\/wp\/v2\/media\/23391"}],"wp:attachment":[{"href":"https:\/\/www.werecycle.ch\/de\/wp-json\/wp\/v2\/media?parent=23388"}],"wp:term":[{"taxonomy":"product_brand","embeddable":true,"href":"https:\/\/www.werecycle.ch\/de\/wp-json\/wp\/v2\/product_brand?post=23388"},{"taxonomy":"product_cat","embeddable":true,"href":"https:\/\/www.werecycle.ch\/de\/wp-json\/wp\/v2\/product_cat?post=23388"},{"taxonomy":"product_tag","embeddable":true,"href":"https:\/\/www.werecycle.ch\/de\/wp-json\/wp\/v2\/product_tag?post=23388"}],"curies":[{"name":"wp","href":"https:\/\/api.w.org\/{rel}","templated":true}]}}