{"id":22097,"date":"2024-09-23T09:31:25","date_gmt":"2024-09-23T08:31:25","guid":{"rendered":"https:\/\/www.werecycle.ch\/?post_type=product&#038;p=22097"},"modified":"2025-06-25T10:39:13","modified_gmt":"2025-06-25T09:39:13","slug":"ravensburger-memory-paw-patrol","status":"publish","type":"product","link":"https:\/\/www.werecycle.ch\/de\/shop\/freizeit\/kinderspiele\/ravensburger-memory-paw-patrol\/","title":{"rendered":"Memory\u00ae Paw Patrol"},"content":{"rendered":"<p>Rauf aufs Feld: Es werden allerhand Maschinen gebraucht! M\u00e4hdrescher, Feldh\u00e4cksler, Traktoren oder Teleskoplader.<\/p>\n<p>In diesem memory\u00ae\u201c sind viele landwirtschaftliche Nutzfahrzeuge der Marke CLAAS abgebildet. Wer findet zwei gleiche Bildkarten? Sobald ein Spieler zwei gleiche Traktoren, M\u00e4hdrescher oder Feldh\u00e4cksler aufgedeckt hat, darf er beide Karten nehmen und nochmals zwei Karten aufdecken. Wer die meisten Bildpaare findet, gewinnt!<\/p>\n<p>Die Spieler trainieren spielerisch ihr Ged\u00e4chtnis und ihre Konzentration. Das grosse Interesse der Kinder f\u00fcr die eindrucksvollen Landmaschinen garantiert ein grosses Spielvergn\u00fcgen!<\/p>\n<p>memory\u00ae &#8211; der weltbekannte Spieleklassiker begeistert seit Jahrzehnten Kinder und Erwachsene von 3 \u2013 99 Jahren. Die genial einfachen Spielregeln machen es zum perfekten Familienspiel, bei dem die Kleinen oftmals gegen die Grossen gewinnen.<\/p>\n<p>&nbsp;<\/p>\n<ul>\n<li>64 Bildkarten (32 Bildpaare)<\/li>\n<li>Spieleranzahl: 2 &#8211; 8<\/li>\n<li>Altersempfehlung: ab 6 Jahren<\/li>\n<\/ul>\n","protected":false},"excerpt":{"rendered":"<p>memory\u00ae &#8211; der ber\u00fchmte Spieleklassiker mit tollen Bildern der beliebten Hunde-Helden aus der TV-Serie Paw Patrol. Die spannende Suche nach den passenden Bildpaaren f\u00f6rdert spielerisch Konzentration und Ged\u00e4chtnis.<\/p>\n","protected":false},"featured_media":22099,"template":"","meta":{"ocean_post_layout":"","ocean_both_sidebars_style":"","ocean_both_sidebars_content_width":0,"ocean_both_sidebars_sidebars_width":0,"ocean_sidebar":"0","ocean_second_sidebar":"0","ocean_disable_margins":"enable","ocean_add_body_class":"","ocean_shortcode_before_top_bar":"","ocean_shortcode_after_top_bar":"","ocean_shortcode_before_header":"","ocean_shortcode_after_header":"","ocean_has_shortcode":"","ocean_shortcode_after_title":"","ocean_shortcode_before_footer_widgets":"","ocean_shortcode_after_footer_widgets":"","ocean_shortcode_before_footer_bottom":"","ocean_shortcode_after_footer_bottom":"","ocean_display_top_bar":"default","ocean_display_header":"default","ocean_header_style":"","ocean_center_header_left_menu":"0","ocean_custom_header_template":"0","ocean_custom_logo":0,"ocean_custom_retina_logo":0,"ocean_custom_logo_max_width":0,"ocean_custom_logo_tablet_max_width":0,"ocean_custom_logo_mobile_max_width":0,"ocean_custom_logo_max_height":0,"ocean_custom_logo_tablet_max_height":0,"ocean_custom_logo_mobile_max_height":0,"ocean_header_custom_menu":"0","ocean_menu_typo_font_family":"0","ocean_menu_typo_font_subset":"","ocean_menu_typo_font_size":0,"ocean_menu_typo_font_size_tablet":0,"ocean_menu_typo_font_size_mobile":0,"ocean_menu_typo_font_size_unit":"px","ocean_menu_typo_font_weight":"","ocean_menu_typo_font_weight_tablet":"","ocean_menu_typo_font_weight_mobile":"","ocean_menu_typo_transform":"","ocean_menu_typo_transform_tablet":"","ocean_menu_typo_transform_mobile":"","ocean_menu_typo_line_height":0,"ocean_menu_typo_line_height_tablet":0,"ocean_menu_typo_line_height_mobile":0,"ocean_menu_typo_line_height_unit":"","ocean_menu_typo_spacing":0,"ocean_menu_typo_spacing_tablet":0,"ocean_menu_typo_spacing_mobile":0,"ocean_menu_typo_spacing_unit":"","ocean_menu_link_color":"","ocean_menu_link_color_hover":"","ocean_menu_link_color_active":"","ocean_menu_link_background":"","ocean_menu_link_hover_background":"","ocean_menu_link_active_background":"","ocean_menu_social_links_bg":"","ocean_menu_social_hover_links_bg":"","ocean_menu_social_links_color":"","ocean_menu_social_hover_links_color":"","ocean_disable_title":"default","ocean_disable_heading":"default","ocean_post_title":"","ocean_post_subheading":"","ocean_post_title_style":"","ocean_post_title_background_color":"","ocean_post_title_background":0,"ocean_post_title_bg_image_position":"","ocean_post_title_bg_image_attachment":"","ocean_post_title_bg_image_repeat":"","ocean_post_title_bg_image_size":"","ocean_post_title_height":0,"ocean_post_title_bg_overlay":0.5,"ocean_post_title_bg_overlay_color":"","ocean_disable_breadcrumbs":"default","ocean_breadcrumbs_color":"","ocean_breadcrumbs_separator_color":"","ocean_breadcrumbs_links_color":"","ocean_breadcrumbs_links_hover_color":"","ocean_display_footer_widgets":"default","ocean_display_footer_bottom":"default","ocean_custom_footer_template":"0","ofc_meta_disable_footer_callout":"","ofc_meta_callout_button_url":"","ofc_meta_callout_button_txt":"","ofc_meta_callout_text":"","osh_disable_topbar_sticky":"default","osh_disable_header_sticky":"default","osh_sticky_header_style":"default","osh_sticky_header_effect":"","osh_custom_sticky_logo":0,"osh_custom_retina_sticky_logo":0,"osh_custom_sticky_logo_height":0,"osh_background_color":"","osh_links_color":"","osh_links_hover_color":"","osh_links_active_color":"","osh_links_bg_color":"","osh_links_hover_bg_color":"","osh_links_active_bg_color":"","osh_menu_social_links_color":"","osh_menu_social_hover_links_color":""},"product_brand":[2616],"product_cat":[89,286],"product_tag":[318,846,962,105,1582,2274,1580,104],"class_list":{"0":"post-22097","1":"product","2":"type-product","3":"status-publish","4":"has-post-thumbnail","6":"product_brand-ravensburger","7":"product_cat-geschenke","8":"product_cat-kinderspiele","9":"product_tag-geschenk","10":"product_tag-geschenkidee","11":"product_tag-kinderspiel","12":"product_tag-memory","13":"product_tag-merkspiel","14":"product_tag-paw-patrol","15":"product_tag-ravensburger","16":"product_tag-spiele","18":"entry","19":"has-media","21":"first","22":"instock","23":"taxable","24":"shipping-taxable","25":"purchasable","26":"product-type-simple","27":"col","28":"span_1_of_3","29":"owp-content-center","30":"item-entry","31":"owp-thumbs-layout-horizontal","32":"owp-btn-normal","33":"owp-tabs-layout-horizontal","34":"circle-sale"},"yoast_head":"<!-- This site is optimized with the Yoast SEO plugin v27.4 - https:\/\/yoast.com\/product\/yoast-seo-wordpress\/ -->\n<title>Memory\u00ae Paw Patrol - WeRecycle.ch | WR Group AG<\/title>\n<meta name=\"description\" content=\"Der ber\u00fchmte Spieleklassiker mit tollen Bildern der beliebten Hunde-Helden aus der TV-Serie Paw Patrol. Spannende Suche nach den passenden Bildpaaren zur Konzentration und Ged\u00e4chtnistraining.\" \/>\n<meta name=\"robots\" content=\"index, follow, max-snippet:-1, max-image-preview:large, max-video-preview:-1\" \/>\n<link rel=\"canonical\" href=\"https:\/\/www.werecycle.ch\/de\/shop\/freizeit\/kinderspiele\/ravensburger-memory-paw-patrol\/\" \/>\n<meta property=\"og:locale\" content=\"de_DE\" \/>\n<meta property=\"og:type\" content=\"article\" \/>\n<meta property=\"og:title\" content=\"Memory\u00ae Paw Patrol - WeRecycle.ch | WR Group AG\" \/>\n<meta property=\"og:description\" content=\"Der ber\u00fchmte Spieleklassiker mit tollen Bildern der beliebten Hunde-Helden aus der TV-Serie Paw Patrol. Spannende Suche nach den passenden Bildpaaren zur Konzentration und Ged\u00e4chtnistraining.\" \/>\n<meta property=\"og:url\" content=\"https:\/\/www.werecycle.ch\/de\/shop\/freizeit\/kinderspiele\/ravensburger-memory-paw-patrol\/\" \/>\n<meta property=\"og:site_name\" content=\"WeRecycle.ch | WR Group AG\" \/>\n<meta property=\"article:publisher\" content=\"https:\/\/www.facebook.com\/www.werecycle.ch\" \/>\n<meta property=\"article:modified_time\" content=\"2025-06-25T09:39:13+00:00\" \/>\n<meta property=\"og:image\" content=\"https:\/\/www.werecycle.ch\/wp-content\/uploads\/2024\/10\/310887.webp\" \/>\n\t<meta property=\"og:image:width\" content=\"1024\" \/>\n\t<meta property=\"og:image:height\" content=\"1024\" \/>\n\t<meta property=\"og:image:type\" content=\"image\/webp\" \/>\n<meta name=\"twitter:card\" content=\"summary_large_image\" \/>\n<script type=\"application\/ld+json\" class=\"yoast-schema-graph\">{\"@context\":\"https:\\\/\\\/schema.org\",\"@graph\":[{\"@type\":\"WebPage\",\"@id\":\"https:\\\/\\\/www.werecycle.ch\\\/shop\\\/freizeit\\\/kinderspiele\\\/ravensburger-memory-paw-patrol\\\/\",\"url\":\"https:\\\/\\\/www.werecycle.ch\\\/shop\\\/freizeit\\\/kinderspiele\\\/ravensburger-memory-paw-patrol\\\/\",\"name\":\"Memory\u00ae Paw Patrol - WeRecycle.ch | WR Group AG\",\"isPartOf\":{\"@id\":\"https:\\\/\\\/www.werecycle.ch\\\/de\\\/#website\"},\"primaryImageOfPage\":{\"@id\":\"https:\\\/\\\/www.werecycle.ch\\\/shop\\\/freizeit\\\/kinderspiele\\\/ravensburger-memory-paw-patrol\\\/#primaryimage\"},\"image\":{\"@id\":\"https:\\\/\\\/www.werecycle.ch\\\/shop\\\/freizeit\\\/kinderspiele\\\/ravensburger-memory-paw-patrol\\\/#primaryimage\"},\"thumbnailUrl\":\"https:\\\/\\\/www.werecycle.ch\\\/wp-content\\\/uploads\\\/2024\\\/10\\\/310887.webp\",\"datePublished\":\"2024-09-23T08:31:25+00:00\",\"dateModified\":\"2025-06-25T09:39:13+00:00\",\"description\":\"Der ber\u00fchmte Spieleklassiker mit tollen Bildern der beliebten Hunde-Helden aus der TV-Serie Paw Patrol. Spannende Suche nach den passenden Bildpaaren zur Konzentration und Ged\u00e4chtnistraining.\",\"breadcrumb\":{\"@id\":\"https:\\\/\\\/www.werecycle.ch\\\/shop\\\/freizeit\\\/kinderspiele\\\/ravensburger-memory-paw-patrol\\\/#breadcrumb\"},\"inLanguage\":\"de\",\"potentialAction\":[{\"@type\":\"ReadAction\",\"target\":[\"https:\\\/\\\/www.werecycle.ch\\\/shop\\\/freizeit\\\/kinderspiele\\\/ravensburger-memory-paw-patrol\\\/\"]}]},{\"@type\":\"ImageObject\",\"inLanguage\":\"de\",\"@id\":\"https:\\\/\\\/www.werecycle.ch\\\/shop\\\/freizeit\\\/kinderspiele\\\/ravensburger-memory-paw-patrol\\\/#primaryimage\",\"url\":\"https:\\\/\\\/www.werecycle.ch\\\/wp-content\\\/uploads\\\/2024\\\/10\\\/310887.webp\",\"contentUrl\":\"https:\\\/\\\/www.werecycle.ch\\\/wp-content\\\/uploads\\\/2024\\\/10\\\/310887.webp\",\"width\":1024,\"height\":1024},{\"@type\":\"BreadcrumbList\",\"@id\":\"https:\\\/\\\/www.werecycle.ch\\\/shop\\\/freizeit\\\/kinderspiele\\\/ravensburger-memory-paw-patrol\\\/#breadcrumb\",\"itemListElement\":[{\"@type\":\"ListItem\",\"position\":1,\"name\":\"Startseite\",\"item\":\"https:\\\/\\\/www.werecycle.ch\\\/\"},{\"@type\":\"ListItem\",\"position\":2,\"name\":\"Shop\",\"item\":\"https:\\\/\\\/www.werecycle.ch\\\/de\\\/shop\\\/\"},{\"@type\":\"ListItem\",\"position\":3,\"name\":\"Memory\u00ae Paw Patrol\"}]},{\"@type\":\"WebSite\",\"@id\":\"https:\\\/\\\/www.werecycle.ch\\\/de\\\/#website\",\"url\":\"https:\\\/\\\/www.werecycle.ch\\\/de\\\/\",\"name\":\"WeRecycle.ch | Recycling Services AG\",\"description\":\"\",\"publisher\":{\"@id\":\"https:\\\/\\\/www.werecycle.ch\\\/de\\\/#organization\"},\"potentialAction\":[{\"@type\":\"SearchAction\",\"target\":{\"@type\":\"EntryPoint\",\"urlTemplate\":\"https:\\\/\\\/www.werecycle.ch\\\/de\\\/?s={search_term_string}\"},\"query-input\":{\"@type\":\"PropertyValueSpecification\",\"valueRequired\":true,\"valueName\":\"search_term_string\"}}],\"inLanguage\":\"de\"},{\"@type\":\"Organization\",\"@id\":\"https:\\\/\\\/www.werecycle.ch\\\/de\\\/#organization\",\"name\":\"WeRecycle.ch | Recycling Services AG\",\"url\":\"https:\\\/\\\/www.werecycle.ch\\\/de\\\/\",\"logo\":{\"@type\":\"ImageObject\",\"inLanguage\":\"de\",\"@id\":\"https:\\\/\\\/www.werecycle.ch\\\/de\\\/#\\\/schema\\\/logo\\\/image\\\/\",\"url\":\"https:\\\/\\\/www.werecycle.ch\\\/wp-content\\\/uploads\\\/2022\\\/09\\\/logo_werecycle.webp\",\"contentUrl\":\"https:\\\/\\\/www.werecycle.ch\\\/wp-content\\\/uploads\\\/2022\\\/09\\\/logo_werecycle.webp\",\"width\":1423,\"height\":427,\"caption\":\"WeRecycle.ch | Recycling Services AG\"},\"image\":{\"@id\":\"https:\\\/\\\/www.werecycle.ch\\\/de\\\/#\\\/schema\\\/logo\\\/image\\\/\"},\"sameAs\":[\"https:\\\/\\\/www.facebook.com\\\/www.werecycle.ch\"]}]}<\/script>\n<!-- \/ Yoast SEO plugin. -->","yoast_head_json":{"title":"Memory\u00ae Paw Patrol - WeRecycle.ch | WR Group AG","description":"Der ber\u00fchmte Spieleklassiker mit tollen Bildern der beliebten Hunde-Helden aus der TV-Serie Paw Patrol. Spannende Suche nach den passenden Bildpaaren zur Konzentration und Ged\u00e4chtnistraining.","robots":{"index":"index","follow":"follow","max-snippet":"max-snippet:-1","max-image-preview":"max-image-preview:large","max-video-preview":"max-video-preview:-1"},"canonical":"https:\/\/www.werecycle.ch\/de\/shop\/freizeit\/kinderspiele\/ravensburger-memory-paw-patrol\/","og_locale":"de_DE","og_type":"article","og_title":"Memory\u00ae Paw Patrol - WeRecycle.ch | WR Group AG","og_description":"Der ber\u00fchmte Spieleklassiker mit tollen Bildern der beliebten Hunde-Helden aus der TV-Serie Paw Patrol. Spannende Suche nach den passenden Bildpaaren zur Konzentration und Ged\u00e4chtnistraining.","og_url":"https:\/\/www.werecycle.ch\/de\/shop\/freizeit\/kinderspiele\/ravensburger-memory-paw-patrol\/","og_site_name":"WeRecycle.ch | WR Group AG","article_publisher":"https:\/\/www.facebook.com\/www.werecycle.ch","article_modified_time":"2025-06-25T09:39:13+00:00","og_image":[{"width":1024,"height":1024,"url":"https:\/\/www.werecycle.ch\/wp-content\/uploads\/2024\/10\/310887.webp","type":"image\/webp"}],"twitter_card":"summary_large_image","schema":{"@context":"https:\/\/schema.org","@graph":[{"@type":"WebPage","@id":"https:\/\/www.werecycle.ch\/shop\/freizeit\/kinderspiele\/ravensburger-memory-paw-patrol\/","url":"https:\/\/www.werecycle.ch\/shop\/freizeit\/kinderspiele\/ravensburger-memory-paw-patrol\/","name":"Memory\u00ae Paw Patrol - WeRecycle.ch | WR Group AG","isPartOf":{"@id":"https:\/\/www.werecycle.ch\/de\/#website"},"primaryImageOfPage":{"@id":"https:\/\/www.werecycle.ch\/shop\/freizeit\/kinderspiele\/ravensburger-memory-paw-patrol\/#primaryimage"},"image":{"@id":"https:\/\/www.werecycle.ch\/shop\/freizeit\/kinderspiele\/ravensburger-memory-paw-patrol\/#primaryimage"},"thumbnailUrl":"https:\/\/www.werecycle.ch\/wp-content\/uploads\/2024\/10\/310887.webp","datePublished":"2024-09-23T08:31:25+00:00","dateModified":"2025-06-25T09:39:13+00:00","description":"Der ber\u00fchmte Spieleklassiker mit tollen Bildern der beliebten Hunde-Helden aus der TV-Serie Paw Patrol. Spannende Suche nach den passenden Bildpaaren zur Konzentration und Ged\u00e4chtnistraining.","breadcrumb":{"@id":"https:\/\/www.werecycle.ch\/shop\/freizeit\/kinderspiele\/ravensburger-memory-paw-patrol\/#breadcrumb"},"inLanguage":"de","potentialAction":[{"@type":"ReadAction","target":["https:\/\/www.werecycle.ch\/shop\/freizeit\/kinderspiele\/ravensburger-memory-paw-patrol\/"]}]},{"@type":"ImageObject","inLanguage":"de","@id":"https:\/\/www.werecycle.ch\/shop\/freizeit\/kinderspiele\/ravensburger-memory-paw-patrol\/#primaryimage","url":"https:\/\/www.werecycle.ch\/wp-content\/uploads\/2024\/10\/310887.webp","contentUrl":"https:\/\/www.werecycle.ch\/wp-content\/uploads\/2024\/10\/310887.webp","width":1024,"height":1024},{"@type":"BreadcrumbList","@id":"https:\/\/www.werecycle.ch\/shop\/freizeit\/kinderspiele\/ravensburger-memory-paw-patrol\/#breadcrumb","itemListElement":[{"@type":"ListItem","position":1,"name":"Startseite","item":"https:\/\/www.werecycle.ch\/"},{"@type":"ListItem","position":2,"name":"Shop","item":"https:\/\/www.werecycle.ch\/de\/shop\/"},{"@type":"ListItem","position":3,"name":"Memory\u00ae Paw Patrol"}]},{"@type":"WebSite","@id":"https:\/\/www.werecycle.ch\/de\/#website","url":"https:\/\/www.werecycle.ch\/de\/","name":"WeRecycle.ch | Recycling Services AG","description":"","publisher":{"@id":"https:\/\/www.werecycle.ch\/de\/#organization"},"potentialAction":[{"@type":"SearchAction","target":{"@type":"EntryPoint","urlTemplate":"https:\/\/www.werecycle.ch\/de\/?s={search_term_string}"},"query-input":{"@type":"PropertyValueSpecification","valueRequired":true,"valueName":"search_term_string"}}],"inLanguage":"de"},{"@type":"Organization","@id":"https:\/\/www.werecycle.ch\/de\/#organization","name":"WeRecycle.ch | Recycling Services AG","url":"https:\/\/www.werecycle.ch\/de\/","logo":{"@type":"ImageObject","inLanguage":"de","@id":"https:\/\/www.werecycle.ch\/de\/#\/schema\/logo\/image\/","url":"https:\/\/www.werecycle.ch\/wp-content\/uploads\/2022\/09\/logo_werecycle.webp","contentUrl":"https:\/\/www.werecycle.ch\/wp-content\/uploads\/2022\/09\/logo_werecycle.webp","width":1423,"height":427,"caption":"WeRecycle.ch | Recycling Services AG"},"image":{"@id":"https:\/\/www.werecycle.ch\/de\/#\/schema\/logo\/image\/"},"sameAs":["https:\/\/www.facebook.com\/www.werecycle.ch"]}]}},"tiered_pricing_type":"fixed","tiered_pricing_fixed_rules":[],"tiered_pricing_product_settings":{"layout":"default","base_unit_name":{"singular":null,"plural":null},"default_variation":null},"tiered_pricing_minimum_quantity":null,"tiered_pricing_roles_data":[],"tiered_pricing_percentage_rules":[],"_links":{"self":[{"href":"https:\/\/www.werecycle.ch\/de\/wp-json\/wp\/v2\/product\/22097","targetHints":{"allow":["GET"]}}],"collection":[{"href":"https:\/\/www.werecycle.ch\/de\/wp-json\/wp\/v2\/product"}],"about":[{"href":"https:\/\/www.werecycle.ch\/de\/wp-json\/wp\/v2\/types\/product"}],"wp:featuredmedia":[{"embeddable":true,"href":"https:\/\/www.werecycle.ch\/de\/wp-json\/wp\/v2\/media\/22099"}],"wp:attachment":[{"href":"https:\/\/www.werecycle.ch\/de\/wp-json\/wp\/v2\/media?parent=22097"}],"wp:term":[{"taxonomy":"product_brand","embeddable":true,"href":"https:\/\/www.werecycle.ch\/de\/wp-json\/wp\/v2\/product_brand?post=22097"},{"taxonomy":"product_cat","embeddable":true,"href":"https:\/\/www.werecycle.ch\/de\/wp-json\/wp\/v2\/product_cat?post=22097"},{"taxonomy":"product_tag","embeddable":true,"href":"https:\/\/www.werecycle.ch\/de\/wp-json\/wp\/v2\/product_tag?post=22097"}],"curies":[{"name":"wp","href":"https:\/\/api.w.org\/{rel}","templated":true}]}}