{"id":22063,"date":"2024-09-23T08:08:43","date_gmt":"2024-09-23T07:08:43","guid":{"rendered":"https:\/\/www.werecycle.ch\/?post_type=product&#038;p=22063"},"modified":"2025-06-25T10:49:22","modified_gmt":"2025-06-25T09:49:22","slug":"ravensburger-echoes-der-mikrochip","status":"publish","type":"product","link":"https:\/\/www.werecycle.ch\/de\/shop\/freizeit\/gesellschaftsspiele\/ravensburger-echoes-der-mikrochip\/","title":{"rendered":"echoes Der Mikrochip"},"content":{"rendered":"<p>In ferner Zukunft liegt die Zivilisation in Tr\u00fcmmern. Das Echo der Vergangenheit birgt die tragische Geschichte ihres Untergangs. Was ist passiert?<\/p>\n<p>echoes ist ein einzigartiges, kooperatives Audio Mystery Spiel. Die Spieler h\u00f6ren mithilfe der kostenlosen Ravensburger echoes App mysteri\u00f6se Ger\u00e4usche und Stimmen, die mit den Kartenmotiven verbunden sind. Gemeinsam bringen sie die 24 Teile der Geschichte in die richtige Reihenfolge, um den Fall zu l\u00f6sen. Die kostenlose Ravensburger echoes App wird zum Spielen ben\u00f6tigt. Im Lauschen-Modus der App k\u00f6nnen die Spieler die Sounds abspielen. Im L\u00f6sen-Modus \u00fcberpr\u00fcfen die Spieler jeweils vier Karten auf ihre Reihenfolge, um Kapitel f\u00fcr Kapitel zu l\u00f6sen. Zum Schluss m\u00fcssen die Spieler die gesamte Geschichte in die richtige Reihenfolge bringen, um den Fall zu l\u00f6sen.<\/p>\n<p>F\u00fcr ein optimales Spielerlebnis mit Kamera-Erkennung wird ein Ger\u00e4t mit folgenden Anforderungen ben\u00f6tigt: Mindestens iPhone 6s mit iOS 12.0 oder neuer \/ Android-Ger\u00e4t mit mindestens Android 7.0 und kompatibel mit den Google-Play-Diensten f\u00fcr AR (Diese k\u00f6nnen auf manchen Ger\u00e4ten nachtr\u00e4glich installiert werden). Falls das Ger\u00e4t diese nicht erf\u00fcllt, kann per manueller Eingabe gespielt werden.<\/p>\n<p>&nbsp;<\/p>\n<ul>\n<li>Inhalt: 6 Objekte (Kapitelmarker), 18 Objekt-Karten, 1 Ermittlungsbericht<\/li>\n<li>Spieleranzahl 1 \u2013 4<\/li>\n<li>Altersempfehlung: ab 14 Jahren<\/li>\n<li>Spielanleitung: Deutsch<\/li>\n<\/ul>\n","protected":false},"excerpt":{"rendered":"<p>In ferner Zukunft liegt die Welt in Tr\u00fcmmern. Was ist passiert? Lauscht mithilfe der App den Hinweisen aus der Vergangenheit, bringt die Geschichte in die richtige Reihenfolge und erfahrt das Mysterium um den Mikrochip.<\/p>\n<p>Empfohlen ab 14 Jahren f\u00fcr 1 &#8211; 4 Spieler.<\/p>\n","protected":false},"featured_media":22065,"template":"","meta":{"ocean_post_layout":"","ocean_both_sidebars_style":"","ocean_both_sidebars_content_width":0,"ocean_both_sidebars_sidebars_width":0,"ocean_sidebar":"0","ocean_second_sidebar":"0","ocean_disable_margins":"enable","ocean_add_body_class":"","ocean_shortcode_before_top_bar":"","ocean_shortcode_after_top_bar":"","ocean_shortcode_before_header":"","ocean_shortcode_after_header":"","ocean_has_shortcode":"","ocean_shortcode_after_title":"","ocean_shortcode_before_footer_widgets":"","ocean_shortcode_after_footer_widgets":"","ocean_shortcode_before_footer_bottom":"","ocean_shortcode_after_footer_bottom":"","ocean_display_top_bar":"default","ocean_display_header":"default","ocean_header_style":"","ocean_center_header_left_menu":"0","ocean_custom_header_template":"0","ocean_custom_logo":0,"ocean_custom_retina_logo":0,"ocean_custom_logo_max_width":0,"ocean_custom_logo_tablet_max_width":0,"ocean_custom_logo_mobile_max_width":0,"ocean_custom_logo_max_height":0,"ocean_custom_logo_tablet_max_height":0,"ocean_custom_logo_mobile_max_height":0,"ocean_header_custom_menu":"0","ocean_menu_typo_font_family":"0","ocean_menu_typo_font_subset":"","ocean_menu_typo_font_size":0,"ocean_menu_typo_font_size_tablet":0,"ocean_menu_typo_font_size_mobile":0,"ocean_menu_typo_font_size_unit":"px","ocean_menu_typo_font_weight":"","ocean_menu_typo_font_weight_tablet":"","ocean_menu_typo_font_weight_mobile":"","ocean_menu_typo_transform":"","ocean_menu_typo_transform_tablet":"","ocean_menu_typo_transform_mobile":"","ocean_menu_typo_line_height":0,"ocean_menu_typo_line_height_tablet":0,"ocean_menu_typo_line_height_mobile":0,"ocean_menu_typo_line_height_unit":"","ocean_menu_typo_spacing":0,"ocean_menu_typo_spacing_tablet":0,"ocean_menu_typo_spacing_mobile":0,"ocean_menu_typo_spacing_unit":"","ocean_menu_link_color":"","ocean_menu_link_color_hover":"","ocean_menu_link_color_active":"","ocean_menu_link_background":"","ocean_menu_link_hover_background":"","ocean_menu_link_active_background":"","ocean_menu_social_links_bg":"","ocean_menu_social_hover_links_bg":"","ocean_menu_social_links_color":"","ocean_menu_social_hover_links_color":"","ocean_disable_title":"default","ocean_disable_heading":"default","ocean_post_title":"","ocean_post_subheading":"","ocean_post_title_style":"","ocean_post_title_background_color":"","ocean_post_title_background":0,"ocean_post_title_bg_image_position":"","ocean_post_title_bg_image_attachment":"","ocean_post_title_bg_image_repeat":"","ocean_post_title_bg_image_size":"","ocean_post_title_height":0,"ocean_post_title_bg_overlay":0.5,"ocean_post_title_bg_overlay_color":"","ocean_disable_breadcrumbs":"default","ocean_breadcrumbs_color":"","ocean_breadcrumbs_separator_color":"","ocean_breadcrumbs_links_color":"","ocean_breadcrumbs_links_hover_color":"","ocean_display_footer_widgets":"default","ocean_display_footer_bottom":"default","ocean_custom_footer_template":"0","ofc_meta_disable_footer_callout":"","ofc_meta_callout_button_url":"","ofc_meta_callout_button_txt":"","ofc_meta_callout_text":"","osh_disable_topbar_sticky":"default","osh_disable_header_sticky":"default","osh_sticky_header_style":"default","osh_sticky_header_effect":"","osh_custom_sticky_logo":0,"osh_custom_retina_sticky_logo":0,"osh_custom_sticky_logo_height":0,"osh_background_color":"","osh_links_color":"","osh_links_hover_color":"","osh_links_active_color":"","osh_links_bg_color":"","osh_links_hover_bg_color":"","osh_links_active_bg_color":"","osh_menu_social_links_color":"","osh_menu_social_hover_links_color":""},"product_brand":[2616],"product_cat":[2297],"product_tag":[2271,2268,963,2270,1580,2269,104],"class_list":{"0":"post-22063","1":"product","2":"type-product","3":"status-publish","4":"has-post-thumbnail","6":"product_brand-ravensburger","7":"product_cat-gesellschaftsspiele","8":"product_tag-echoes","9":"product_tag-erwachsenenspiele","10":"product_tag-gesellschaftsspiel","11":"product_tag-mystery","12":"product_tag-ravensburger","13":"product_tag-spiel","14":"product_tag-spiele","15":"product_shipping_class-paket","17":"entry","18":"has-media","20":"first","21":"instock","22":"taxable","23":"shipping-taxable","24":"purchasable","25":"product-type-simple","26":"col","27":"span_1_of_3","28":"owp-content-center","29":"item-entry","30":"owp-thumbs-layout-horizontal","31":"owp-btn-normal","32":"owp-tabs-layout-horizontal","33":"circle-sale"},"yoast_head":"<!-- This site is optimized with the Yoast SEO plugin v27.5 - https:\/\/yoast.com\/product\/yoast-seo-wordpress\/ -->\n<title>echoes Der Mikrochip - WeRecycle.ch | WR Group AG<\/title>\n<meta name=\"description\" content=\"In ferner Zukunft liegt die Welt in Tr\u00fcmmern. Was ist passiert? Lauscht mithilfe der App den Hinweisen aus der Vergangenheit, Wer gut hinh\u00f6rt, findet die Hinweise.\" \/>\n<meta name=\"robots\" content=\"index, follow, max-snippet:-1, max-image-preview:large, max-video-preview:-1\" \/>\n<link rel=\"canonical\" href=\"https:\/\/www.werecycle.ch\/de\/shop\/freizeit\/gesellschaftsspiele\/ravensburger-echoes-der-mikrochip\/\" \/>\n<meta property=\"og:locale\" content=\"de_DE\" \/>\n<meta property=\"og:type\" content=\"article\" \/>\n<meta property=\"og:title\" content=\"echoes Der Mikrochip - WeRecycle.ch | WR Group AG\" \/>\n<meta property=\"og:description\" content=\"In ferner Zukunft liegt die Welt in Tr\u00fcmmern. Was ist passiert? Lauscht mithilfe der App den Hinweisen aus der Vergangenheit, Wer gut hinh\u00f6rt, findet die Hinweise.\" \/>\n<meta property=\"og:url\" content=\"https:\/\/www.werecycle.ch\/de\/shop\/freizeit\/gesellschaftsspiele\/ravensburger-echoes-der-mikrochip\/\" \/>\n<meta property=\"og:site_name\" content=\"WeRecycle.ch | WR Group AG\" \/>\n<meta property=\"article:publisher\" content=\"https:\/\/www.facebook.com\/www.werecycle.ch\" \/>\n<meta property=\"article:modified_time\" content=\"2025-06-25T09:49:22+00:00\" \/>\n<meta property=\"og:image\" content=\"https:\/\/www.werecycle.ch\/wp-content\/uploads\/2024\/10\/310816.webp\" \/>\n\t<meta property=\"og:image:width\" content=\"1024\" \/>\n\t<meta property=\"og:image:height\" content=\"1024\" \/>\n\t<meta property=\"og:image:type\" content=\"image\/webp\" \/>\n<meta name=\"twitter:card\" content=\"summary_large_image\" \/>\n<script type=\"application\/ld+json\" class=\"yoast-schema-graph\">{\"@context\":\"https:\\\/\\\/schema.org\",\"@graph\":[{\"@type\":\"WebPage\",\"@id\":\"https:\\\/\\\/www.werecycle.ch\\\/shop\\\/freizeit\\\/gesellschaftsspiele\\\/ravensburger-echoes-der-mikrochip\\\/\",\"url\":\"https:\\\/\\\/www.werecycle.ch\\\/shop\\\/freizeit\\\/gesellschaftsspiele\\\/ravensburger-echoes-der-mikrochip\\\/\",\"name\":\"echoes Der Mikrochip - WeRecycle.ch | WR Group AG\",\"isPartOf\":{\"@id\":\"https:\\\/\\\/www.werecycle.ch\\\/de\\\/#website\"},\"primaryImageOfPage\":{\"@id\":\"https:\\\/\\\/www.werecycle.ch\\\/shop\\\/freizeit\\\/gesellschaftsspiele\\\/ravensburger-echoes-der-mikrochip\\\/#primaryimage\"},\"image\":{\"@id\":\"https:\\\/\\\/www.werecycle.ch\\\/shop\\\/freizeit\\\/gesellschaftsspiele\\\/ravensburger-echoes-der-mikrochip\\\/#primaryimage\"},\"thumbnailUrl\":\"https:\\\/\\\/www.werecycle.ch\\\/wp-content\\\/uploads\\\/2024\\\/10\\\/310816.webp\",\"datePublished\":\"2024-09-23T07:08:43+00:00\",\"dateModified\":\"2025-06-25T09:49:22+00:00\",\"description\":\"In ferner Zukunft liegt die Welt in Tr\u00fcmmern. Was ist passiert? Lauscht mithilfe der App den Hinweisen aus der Vergangenheit, Wer gut hinh\u00f6rt, findet die Hinweise.\",\"breadcrumb\":{\"@id\":\"https:\\\/\\\/www.werecycle.ch\\\/shop\\\/freizeit\\\/gesellschaftsspiele\\\/ravensburger-echoes-der-mikrochip\\\/#breadcrumb\"},\"inLanguage\":\"de\",\"potentialAction\":[{\"@type\":\"ReadAction\",\"target\":[\"https:\\\/\\\/www.werecycle.ch\\\/shop\\\/freizeit\\\/gesellschaftsspiele\\\/ravensburger-echoes-der-mikrochip\\\/\"]}]},{\"@type\":\"ImageObject\",\"inLanguage\":\"de\",\"@id\":\"https:\\\/\\\/www.werecycle.ch\\\/shop\\\/freizeit\\\/gesellschaftsspiele\\\/ravensburger-echoes-der-mikrochip\\\/#primaryimage\",\"url\":\"https:\\\/\\\/www.werecycle.ch\\\/wp-content\\\/uploads\\\/2024\\\/10\\\/310816.webp\",\"contentUrl\":\"https:\\\/\\\/www.werecycle.ch\\\/wp-content\\\/uploads\\\/2024\\\/10\\\/310816.webp\",\"width\":1024,\"height\":1024},{\"@type\":\"BreadcrumbList\",\"@id\":\"https:\\\/\\\/www.werecycle.ch\\\/shop\\\/freizeit\\\/gesellschaftsspiele\\\/ravensburger-echoes-der-mikrochip\\\/#breadcrumb\",\"itemListElement\":[{\"@type\":\"ListItem\",\"position\":1,\"name\":\"Startseite\",\"item\":\"https:\\\/\\\/www.werecycle.ch\\\/\"},{\"@type\":\"ListItem\",\"position\":2,\"name\":\"Shop\",\"item\":\"https:\\\/\\\/www.werecycle.ch\\\/de\\\/shop\\\/\"},{\"@type\":\"ListItem\",\"position\":3,\"name\":\"echoes Der Mikrochip\"}]},{\"@type\":\"WebSite\",\"@id\":\"https:\\\/\\\/www.werecycle.ch\\\/de\\\/#website\",\"url\":\"https:\\\/\\\/www.werecycle.ch\\\/de\\\/\",\"name\":\"WeRecycle.ch | Recycling Services AG\",\"description\":\"\",\"publisher\":{\"@id\":\"https:\\\/\\\/www.werecycle.ch\\\/de\\\/#organization\"},\"potentialAction\":[{\"@type\":\"SearchAction\",\"target\":{\"@type\":\"EntryPoint\",\"urlTemplate\":\"https:\\\/\\\/www.werecycle.ch\\\/de\\\/?s={search_term_string}\"},\"query-input\":{\"@type\":\"PropertyValueSpecification\",\"valueRequired\":true,\"valueName\":\"search_term_string\"}}],\"inLanguage\":\"de\"},{\"@type\":\"Organization\",\"@id\":\"https:\\\/\\\/www.werecycle.ch\\\/de\\\/#organization\",\"name\":\"WeRecycle.ch | Recycling Services AG\",\"url\":\"https:\\\/\\\/www.werecycle.ch\\\/de\\\/\",\"logo\":{\"@type\":\"ImageObject\",\"inLanguage\":\"de\",\"@id\":\"https:\\\/\\\/www.werecycle.ch\\\/de\\\/#\\\/schema\\\/logo\\\/image\\\/\",\"url\":\"https:\\\/\\\/www.werecycle.ch\\\/wp-content\\\/uploads\\\/2022\\\/09\\\/logo_werecycle.webp\",\"contentUrl\":\"https:\\\/\\\/www.werecycle.ch\\\/wp-content\\\/uploads\\\/2022\\\/09\\\/logo_werecycle.webp\",\"width\":1423,\"height\":427,\"caption\":\"WeRecycle.ch | Recycling Services AG\"},\"image\":{\"@id\":\"https:\\\/\\\/www.werecycle.ch\\\/de\\\/#\\\/schema\\\/logo\\\/image\\\/\"},\"sameAs\":[\"https:\\\/\\\/www.facebook.com\\\/www.werecycle.ch\"]}]}<\/script>\n<!-- \/ Yoast SEO plugin. -->","yoast_head_json":{"title":"echoes Der Mikrochip - WeRecycle.ch | WR Group AG","description":"In ferner Zukunft liegt die Welt in Tr\u00fcmmern. Was ist passiert? Lauscht mithilfe der App den Hinweisen aus der Vergangenheit, Wer gut hinh\u00f6rt, findet die Hinweise.","robots":{"index":"index","follow":"follow","max-snippet":"max-snippet:-1","max-image-preview":"max-image-preview:large","max-video-preview":"max-video-preview:-1"},"canonical":"https:\/\/www.werecycle.ch\/de\/shop\/freizeit\/gesellschaftsspiele\/ravensburger-echoes-der-mikrochip\/","og_locale":"de_DE","og_type":"article","og_title":"echoes Der Mikrochip - WeRecycle.ch | WR Group AG","og_description":"In ferner Zukunft liegt die Welt in Tr\u00fcmmern. Was ist passiert? Lauscht mithilfe der App den Hinweisen aus der Vergangenheit, Wer gut hinh\u00f6rt, findet die Hinweise.","og_url":"https:\/\/www.werecycle.ch\/de\/shop\/freizeit\/gesellschaftsspiele\/ravensburger-echoes-der-mikrochip\/","og_site_name":"WeRecycle.ch | WR Group AG","article_publisher":"https:\/\/www.facebook.com\/www.werecycle.ch","article_modified_time":"2025-06-25T09:49:22+00:00","og_image":[{"width":1024,"height":1024,"url":"https:\/\/www.werecycle.ch\/wp-content\/uploads\/2024\/10\/310816.webp","type":"image\/webp"}],"twitter_card":"summary_large_image","schema":{"@context":"https:\/\/schema.org","@graph":[{"@type":"WebPage","@id":"https:\/\/www.werecycle.ch\/shop\/freizeit\/gesellschaftsspiele\/ravensburger-echoes-der-mikrochip\/","url":"https:\/\/www.werecycle.ch\/shop\/freizeit\/gesellschaftsspiele\/ravensburger-echoes-der-mikrochip\/","name":"echoes Der Mikrochip - WeRecycle.ch | WR Group AG","isPartOf":{"@id":"https:\/\/www.werecycle.ch\/de\/#website"},"primaryImageOfPage":{"@id":"https:\/\/www.werecycle.ch\/shop\/freizeit\/gesellschaftsspiele\/ravensburger-echoes-der-mikrochip\/#primaryimage"},"image":{"@id":"https:\/\/www.werecycle.ch\/shop\/freizeit\/gesellschaftsspiele\/ravensburger-echoes-der-mikrochip\/#primaryimage"},"thumbnailUrl":"https:\/\/www.werecycle.ch\/wp-content\/uploads\/2024\/10\/310816.webp","datePublished":"2024-09-23T07:08:43+00:00","dateModified":"2025-06-25T09:49:22+00:00","description":"In ferner Zukunft liegt die Welt in Tr\u00fcmmern. Was ist passiert? Lauscht mithilfe der App den Hinweisen aus der Vergangenheit, Wer gut hinh\u00f6rt, findet die Hinweise.","breadcrumb":{"@id":"https:\/\/www.werecycle.ch\/shop\/freizeit\/gesellschaftsspiele\/ravensburger-echoes-der-mikrochip\/#breadcrumb"},"inLanguage":"de","potentialAction":[{"@type":"ReadAction","target":["https:\/\/www.werecycle.ch\/shop\/freizeit\/gesellschaftsspiele\/ravensburger-echoes-der-mikrochip\/"]}]},{"@type":"ImageObject","inLanguage":"de","@id":"https:\/\/www.werecycle.ch\/shop\/freizeit\/gesellschaftsspiele\/ravensburger-echoes-der-mikrochip\/#primaryimage","url":"https:\/\/www.werecycle.ch\/wp-content\/uploads\/2024\/10\/310816.webp","contentUrl":"https:\/\/www.werecycle.ch\/wp-content\/uploads\/2024\/10\/310816.webp","width":1024,"height":1024},{"@type":"BreadcrumbList","@id":"https:\/\/www.werecycle.ch\/shop\/freizeit\/gesellschaftsspiele\/ravensburger-echoes-der-mikrochip\/#breadcrumb","itemListElement":[{"@type":"ListItem","position":1,"name":"Startseite","item":"https:\/\/www.werecycle.ch\/"},{"@type":"ListItem","position":2,"name":"Shop","item":"https:\/\/www.werecycle.ch\/de\/shop\/"},{"@type":"ListItem","position":3,"name":"echoes Der Mikrochip"}]},{"@type":"WebSite","@id":"https:\/\/www.werecycle.ch\/de\/#website","url":"https:\/\/www.werecycle.ch\/de\/","name":"WeRecycle.ch | Recycling Services AG","description":"","publisher":{"@id":"https:\/\/www.werecycle.ch\/de\/#organization"},"potentialAction":[{"@type":"SearchAction","target":{"@type":"EntryPoint","urlTemplate":"https:\/\/www.werecycle.ch\/de\/?s={search_term_string}"},"query-input":{"@type":"PropertyValueSpecification","valueRequired":true,"valueName":"search_term_string"}}],"inLanguage":"de"},{"@type":"Organization","@id":"https:\/\/www.werecycle.ch\/de\/#organization","name":"WeRecycle.ch | Recycling Services AG","url":"https:\/\/www.werecycle.ch\/de\/","logo":{"@type":"ImageObject","inLanguage":"de","@id":"https:\/\/www.werecycle.ch\/de\/#\/schema\/logo\/image\/","url":"https:\/\/www.werecycle.ch\/wp-content\/uploads\/2022\/09\/logo_werecycle.webp","contentUrl":"https:\/\/www.werecycle.ch\/wp-content\/uploads\/2022\/09\/logo_werecycle.webp","width":1423,"height":427,"caption":"WeRecycle.ch | Recycling Services AG"},"image":{"@id":"https:\/\/www.werecycle.ch\/de\/#\/schema\/logo\/image\/"},"sameAs":["https:\/\/www.facebook.com\/www.werecycle.ch"]}]}},"tiered_pricing_type":"fixed","tiered_pricing_fixed_rules":[],"tiered_pricing_product_settings":{"layout":"default","base_unit_name":{"singular":null,"plural":null},"default_variation":null},"tiered_pricing_minimum_quantity":null,"tiered_pricing_roles_data":[],"tiered_pricing_percentage_rules":[],"_links":{"self":[{"href":"https:\/\/www.werecycle.ch\/de\/wp-json\/wp\/v2\/product\/22063","targetHints":{"allow":["GET"]}}],"collection":[{"href":"https:\/\/www.werecycle.ch\/de\/wp-json\/wp\/v2\/product"}],"about":[{"href":"https:\/\/www.werecycle.ch\/de\/wp-json\/wp\/v2\/types\/product"}],"wp:featuredmedia":[{"embeddable":true,"href":"https:\/\/www.werecycle.ch\/de\/wp-json\/wp\/v2\/media\/22065"}],"wp:attachment":[{"href":"https:\/\/www.werecycle.ch\/de\/wp-json\/wp\/v2\/media?parent=22063"}],"wp:term":[{"taxonomy":"product_brand","embeddable":true,"href":"https:\/\/www.werecycle.ch\/de\/wp-json\/wp\/v2\/product_brand?post=22063"},{"taxonomy":"product_cat","embeddable":true,"href":"https:\/\/www.werecycle.ch\/de\/wp-json\/wp\/v2\/product_cat?post=22063"},{"taxonomy":"product_tag","embeddable":true,"href":"https:\/\/www.werecycle.ch\/de\/wp-json\/wp\/v2\/product_tag?post=22063"}],"curies":[{"name":"wp","href":"https:\/\/api.w.org\/{rel}","templated":true}]}}