{"id":21917,"date":"2024-09-15T12:08:01","date_gmt":"2024-09-15T11:08:01","guid":{"rendered":"https:\/\/www.werecycle.ch\/?post_type=product&#038;p=21917"},"modified":"2025-07-15T14:19:22","modified_gmt":"2025-07-15T13:19:22","slug":"fairzone-hundeseife-kokosoel","status":"publish","type":"product","link":"https:\/\/www.werecycle.ch\/de\/shop\/tierbedarf\/fairzone-hundeseife-kokosoel\/","title":{"rendered":"FAIR ZONE Hundeseife Kokos\u00f6l"},"content":{"rendered":"<p>Diese Hundeseife erm\u00f6glicht eine sanfte, aber gr\u00fcndliche Reinigung deines Vierbeiners! Ausgew\u00e4hlte, hochwertige \u00d6le aus Kokos und Schwarzk\u00fcmmel entfernen Schmutz und R\u00fcckst\u00e4nde, wirken r\u00fcckfettend und versorgen das Fell mit reichhaltiger Pflege, ohne das nat\u00fcrliche Gleichgewicht der Haut zu beeinflussen oder zu st\u00f6ren.<br \/>\nDas Schwarzk\u00fcmmel\u00f6l wirkt wohltuend und verleiht dem Fell einen angenehmen Duft, w\u00e4hrend das Kokos\u00f6l das Fell pflegt und es wieder wunderbar gl\u00e4nzen l\u00e4sst!<br \/>\nDie sanfte Formulierung sowie der Verzicht auf die Verwendung von synthetischen D\u00fcften macht diese Seife zu einem besonders vertr\u00e4glichen Produkt, auch f\u00fcr Vierbeiner mit empfindlicher Haut.<\/p>\n<p>&nbsp;<\/p>\n<ul>\n<li>160 Gramm<\/li>\n<li>Umweltfreundlich<\/li>\n<li>Vegan<\/li>\n<li>Milde Zusammensetzung<\/li>\n<li>Ohne Duftstoffe<\/li>\n<li>Mit reichhaltigen \u00d6len<\/li>\n<li>Reinigt &amp; pflegt<\/li>\n<li>Mit fair gehandelten Inhaltsstoffen<\/li>\n<\/ul>\n","protected":false},"excerpt":{"rendered":"<p>Diese Hundeseife erm\u00f6glicht eine sanfte, aber gr\u00fcndliche Reinigung deines Vierbeiners! Mit ausgew\u00e4hlten, hochwertigen \u00d6len aus Kokos und Schwarzk\u00fcmmel.<\/p>\n","protected":false},"featured_media":21919,"template":"","meta":{"ocean_post_layout":"","ocean_both_sidebars_style":"","ocean_both_sidebars_content_width":0,"ocean_both_sidebars_sidebars_width":0,"ocean_sidebar":"0","ocean_second_sidebar":"0","ocean_disable_margins":"enable","ocean_add_body_class":"","ocean_shortcode_before_top_bar":"","ocean_shortcode_after_top_bar":"","ocean_shortcode_before_header":"","ocean_shortcode_after_header":"","ocean_has_shortcode":"","ocean_shortcode_after_title":"","ocean_shortcode_before_footer_widgets":"","ocean_shortcode_after_footer_widgets":"","ocean_shortcode_before_footer_bottom":"","ocean_shortcode_after_footer_bottom":"","ocean_display_top_bar":"default","ocean_display_header":"default","ocean_header_style":"","ocean_center_header_left_menu":"0","ocean_custom_header_template":"0","ocean_custom_logo":0,"ocean_custom_retina_logo":0,"ocean_custom_logo_max_width":0,"ocean_custom_logo_tablet_max_width":0,"ocean_custom_logo_mobile_max_width":0,"ocean_custom_logo_max_height":0,"ocean_custom_logo_tablet_max_height":0,"ocean_custom_logo_mobile_max_height":0,"ocean_header_custom_menu":"0","ocean_menu_typo_font_family":"0","ocean_menu_typo_font_subset":"","ocean_menu_typo_font_size":0,"ocean_menu_typo_font_size_tablet":0,"ocean_menu_typo_font_size_mobile":0,"ocean_menu_typo_font_size_unit":"px","ocean_menu_typo_font_weight":"","ocean_menu_typo_font_weight_tablet":"","ocean_menu_typo_font_weight_mobile":"","ocean_menu_typo_transform":"","ocean_menu_typo_transform_tablet":"","ocean_menu_typo_transform_mobile":"","ocean_menu_typo_line_height":0,"ocean_menu_typo_line_height_tablet":0,"ocean_menu_typo_line_height_mobile":0,"ocean_menu_typo_line_height_unit":"","ocean_menu_typo_spacing":0,"ocean_menu_typo_spacing_tablet":0,"ocean_menu_typo_spacing_mobile":0,"ocean_menu_typo_spacing_unit":"","ocean_menu_link_color":"","ocean_menu_link_color_hover":"","ocean_menu_link_color_active":"","ocean_menu_link_background":"","ocean_menu_link_hover_background":"","ocean_menu_link_active_background":"","ocean_menu_social_links_bg":"","ocean_menu_social_hover_links_bg":"","ocean_menu_social_links_color":"","ocean_menu_social_hover_links_color":"","ocean_disable_title":"default","ocean_disable_heading":"default","ocean_post_title":"","ocean_post_subheading":"","ocean_post_title_style":"","ocean_post_title_background_color":"","ocean_post_title_background":0,"ocean_post_title_bg_image_position":"","ocean_post_title_bg_image_attachment":"","ocean_post_title_bg_image_repeat":"","ocean_post_title_bg_image_size":"","ocean_post_title_height":0,"ocean_post_title_bg_overlay":0.5,"ocean_post_title_bg_overlay_color":"","ocean_disable_breadcrumbs":"default","ocean_breadcrumbs_color":"","ocean_breadcrumbs_separator_color":"","ocean_breadcrumbs_links_color":"","ocean_breadcrumbs_links_hover_color":"","ocean_display_footer_widgets":"default","ocean_display_footer_bottom":"default","ocean_custom_footer_template":"0","ofc_meta_disable_footer_callout":"","ofc_meta_callout_button_url":"","ofc_meta_callout_button_txt":"","ofc_meta_callout_text":"","osh_disable_topbar_sticky":"default","osh_disable_header_sticky":"default","osh_sticky_header_style":"default","osh_sticky_header_effect":"","osh_custom_sticky_logo":0,"osh_custom_retina_sticky_logo":0,"osh_custom_sticky_logo_height":0,"osh_background_color":"","osh_links_color":"","osh_links_hover_color":"","osh_links_active_color":"","osh_links_bg_color":"","osh_links_hover_bg_color":"","osh_links_active_bg_color":"","osh_menu_social_links_color":"","osh_menu_social_hover_links_color":""},"product_brand":[2637],"product_cat":[1669],"product_tag":[413,1052,1301,1700,1352,2260,822,1549,144,1673],"class_list":{"0":"post-21917","1":"product","2":"type-product","3":"status-publish","4":"has-post-thumbnail","6":"product_brand-fair-zone","7":"product_cat-tierbedarf","8":"product_tag-fair-zone","9":"product_tag-fairtrade","10":"product_tag-haustier","11":"product_tag-hund","12":"product_tag-hunde","13":"product_tag-hundeseife","14":"product_tag-kokos","15":"product_tag-kokosoel","16":"product_tag-seife","17":"product_tag-tierbedarf","18":"product_shipping_class-paket","20":"entry","21":"has-media","23":"first","24":"instock","25":"taxable","26":"shipping-taxable","27":"purchasable","28":"product-type-simple","29":"col","30":"span_1_of_3","31":"owp-content-center","32":"item-entry","33":"owp-thumbs-layout-horizontal","34":"owp-btn-normal","35":"owp-tabs-layout-horizontal","36":"circle-sale"},"yoast_head":"<!-- This site is optimized with the Yoast SEO plugin v27.5 - https:\/\/yoast.com\/product\/yoast-seo-wordpress\/ -->\n<title>FAIR ZONE Hundeseife Kokos\u00f6l - WeRecycle.ch | WR Group AG<\/title>\n<meta name=\"description\" content=\"Diese Hundeseife erm\u00f6glicht eine sanfte, aber gr\u00fcndliche Reinigung deines Vierbeiners! Mit ausgew\u00e4hlten, hochwertigen \u00d6len aus Kokos und Schwarzk\u00fcmmel.\" \/>\n<meta name=\"robots\" content=\"index, follow, max-snippet:-1, max-image-preview:large, max-video-preview:-1\" \/>\n<link rel=\"canonical\" href=\"https:\/\/www.werecycle.ch\/de\/shop\/tierbedarf\/fairzone-hundeseife-kokosoel\/\" \/>\n<meta property=\"og:locale\" content=\"de_DE\" \/>\n<meta property=\"og:type\" content=\"article\" \/>\n<meta property=\"og:title\" content=\"FAIR ZONE Hundeseife Kokos\u00f6l - WeRecycle.ch | WR Group AG\" \/>\n<meta property=\"og:description\" content=\"Diese Hundeseife erm\u00f6glicht eine sanfte, aber gr\u00fcndliche Reinigung deines Vierbeiners! Mit ausgew\u00e4hlten, hochwertigen \u00d6len aus Kokos und Schwarzk\u00fcmmel.\" \/>\n<meta property=\"og:url\" content=\"https:\/\/www.werecycle.ch\/de\/shop\/tierbedarf\/fairzone-hundeseife-kokosoel\/\" \/>\n<meta property=\"og:site_name\" content=\"WeRecycle.ch | WR Group AG\" \/>\n<meta property=\"article:publisher\" content=\"https:\/\/www.facebook.com\/www.werecycle.ch\" \/>\n<meta property=\"article:modified_time\" content=\"2025-07-15T13:19:22+00:00\" \/>\n<meta property=\"og:image\" content=\"https:\/\/www.werecycle.ch\/wp-content\/uploads\/2024\/10\/560349.webp\" \/>\n\t<meta property=\"og:image:width\" content=\"800\" \/>\n\t<meta property=\"og:image:height\" content=\"800\" \/>\n\t<meta property=\"og:image:type\" content=\"image\/webp\" \/>\n<meta name=\"twitter:card\" content=\"summary_large_image\" \/>\n<script type=\"application\/ld+json\" class=\"yoast-schema-graph\">{\"@context\":\"https:\\\/\\\/schema.org\",\"@graph\":[{\"@type\":\"WebPage\",\"@id\":\"https:\\\/\\\/www.werecycle.ch\\\/shop\\\/tierbedarf\\\/fairzone-hundeseife-kokosoel\\\/\",\"url\":\"https:\\\/\\\/www.werecycle.ch\\\/shop\\\/tierbedarf\\\/fairzone-hundeseife-kokosoel\\\/\",\"name\":\"FAIR ZONE Hundeseife Kokos\u00f6l - WeRecycle.ch | WR Group AG\",\"isPartOf\":{\"@id\":\"https:\\\/\\\/www.werecycle.ch\\\/de\\\/#website\"},\"primaryImageOfPage\":{\"@id\":\"https:\\\/\\\/www.werecycle.ch\\\/shop\\\/tierbedarf\\\/fairzone-hundeseife-kokosoel\\\/#primaryimage\"},\"image\":{\"@id\":\"https:\\\/\\\/www.werecycle.ch\\\/shop\\\/tierbedarf\\\/fairzone-hundeseife-kokosoel\\\/#primaryimage\"},\"thumbnailUrl\":\"https:\\\/\\\/www.werecycle.ch\\\/wp-content\\\/uploads\\\/2024\\\/10\\\/560349.webp\",\"datePublished\":\"2024-09-15T11:08:01+00:00\",\"dateModified\":\"2025-07-15T13:19:22+00:00\",\"description\":\"Diese Hundeseife erm\u00f6glicht eine sanfte, aber gr\u00fcndliche Reinigung deines Vierbeiners! Mit ausgew\u00e4hlten, hochwertigen \u00d6len aus Kokos und Schwarzk\u00fcmmel.\",\"breadcrumb\":{\"@id\":\"https:\\\/\\\/www.werecycle.ch\\\/shop\\\/tierbedarf\\\/fairzone-hundeseife-kokosoel\\\/#breadcrumb\"},\"inLanguage\":\"de\",\"potentialAction\":[{\"@type\":\"ReadAction\",\"target\":[\"https:\\\/\\\/www.werecycle.ch\\\/shop\\\/tierbedarf\\\/fairzone-hundeseife-kokosoel\\\/\"]}]},{\"@type\":\"ImageObject\",\"inLanguage\":\"de\",\"@id\":\"https:\\\/\\\/www.werecycle.ch\\\/shop\\\/tierbedarf\\\/fairzone-hundeseife-kokosoel\\\/#primaryimage\",\"url\":\"https:\\\/\\\/www.werecycle.ch\\\/wp-content\\\/uploads\\\/2024\\\/10\\\/560349.webp\",\"contentUrl\":\"https:\\\/\\\/www.werecycle.ch\\\/wp-content\\\/uploads\\\/2024\\\/10\\\/560349.webp\",\"width\":800,\"height\":800},{\"@type\":\"BreadcrumbList\",\"@id\":\"https:\\\/\\\/www.werecycle.ch\\\/shop\\\/tierbedarf\\\/fairzone-hundeseife-kokosoel\\\/#breadcrumb\",\"itemListElement\":[{\"@type\":\"ListItem\",\"position\":1,\"name\":\"Startseite\",\"item\":\"https:\\\/\\\/www.werecycle.ch\\\/\"},{\"@type\":\"ListItem\",\"position\":2,\"name\":\"Shop\",\"item\":\"https:\\\/\\\/www.werecycle.ch\\\/de\\\/shop\\\/\"},{\"@type\":\"ListItem\",\"position\":3,\"name\":\"FAIR ZONE Hundeseife Kokos\u00f6l\"}]},{\"@type\":\"WebSite\",\"@id\":\"https:\\\/\\\/www.werecycle.ch\\\/de\\\/#website\",\"url\":\"https:\\\/\\\/www.werecycle.ch\\\/de\\\/\",\"name\":\"WeRecycle.ch | Recycling Services AG\",\"description\":\"\",\"publisher\":{\"@id\":\"https:\\\/\\\/www.werecycle.ch\\\/de\\\/#organization\"},\"potentialAction\":[{\"@type\":\"SearchAction\",\"target\":{\"@type\":\"EntryPoint\",\"urlTemplate\":\"https:\\\/\\\/www.werecycle.ch\\\/de\\\/?s={search_term_string}\"},\"query-input\":{\"@type\":\"PropertyValueSpecification\",\"valueRequired\":true,\"valueName\":\"search_term_string\"}}],\"inLanguage\":\"de\"},{\"@type\":\"Organization\",\"@id\":\"https:\\\/\\\/www.werecycle.ch\\\/de\\\/#organization\",\"name\":\"WeRecycle.ch | Recycling Services AG\",\"url\":\"https:\\\/\\\/www.werecycle.ch\\\/de\\\/\",\"logo\":{\"@type\":\"ImageObject\",\"inLanguage\":\"de\",\"@id\":\"https:\\\/\\\/www.werecycle.ch\\\/de\\\/#\\\/schema\\\/logo\\\/image\\\/\",\"url\":\"https:\\\/\\\/www.werecycle.ch\\\/wp-content\\\/uploads\\\/2022\\\/09\\\/logo_werecycle.webp\",\"contentUrl\":\"https:\\\/\\\/www.werecycle.ch\\\/wp-content\\\/uploads\\\/2022\\\/09\\\/logo_werecycle.webp\",\"width\":1423,\"height\":427,\"caption\":\"WeRecycle.ch | Recycling Services AG\"},\"image\":{\"@id\":\"https:\\\/\\\/www.werecycle.ch\\\/de\\\/#\\\/schema\\\/logo\\\/image\\\/\"},\"sameAs\":[\"https:\\\/\\\/www.facebook.com\\\/www.werecycle.ch\"]}]}<\/script>\n<!-- \/ Yoast SEO plugin. -->","yoast_head_json":{"title":"FAIR ZONE Hundeseife Kokos\u00f6l - WeRecycle.ch | WR Group AG","description":"Diese Hundeseife erm\u00f6glicht eine sanfte, aber gr\u00fcndliche Reinigung deines Vierbeiners! Mit ausgew\u00e4hlten, hochwertigen \u00d6len aus Kokos und Schwarzk\u00fcmmel.","robots":{"index":"index","follow":"follow","max-snippet":"max-snippet:-1","max-image-preview":"max-image-preview:large","max-video-preview":"max-video-preview:-1"},"canonical":"https:\/\/www.werecycle.ch\/de\/shop\/tierbedarf\/fairzone-hundeseife-kokosoel\/","og_locale":"de_DE","og_type":"article","og_title":"FAIR ZONE Hundeseife Kokos\u00f6l - WeRecycle.ch | WR Group AG","og_description":"Diese Hundeseife erm\u00f6glicht eine sanfte, aber gr\u00fcndliche Reinigung deines Vierbeiners! Mit ausgew\u00e4hlten, hochwertigen \u00d6len aus Kokos und Schwarzk\u00fcmmel.","og_url":"https:\/\/www.werecycle.ch\/de\/shop\/tierbedarf\/fairzone-hundeseife-kokosoel\/","og_site_name":"WeRecycle.ch | WR Group AG","article_publisher":"https:\/\/www.facebook.com\/www.werecycle.ch","article_modified_time":"2025-07-15T13:19:22+00:00","og_image":[{"width":800,"height":800,"url":"https:\/\/www.werecycle.ch\/wp-content\/uploads\/2024\/10\/560349.webp","type":"image\/webp"}],"twitter_card":"summary_large_image","schema":{"@context":"https:\/\/schema.org","@graph":[{"@type":"WebPage","@id":"https:\/\/www.werecycle.ch\/shop\/tierbedarf\/fairzone-hundeseife-kokosoel\/","url":"https:\/\/www.werecycle.ch\/shop\/tierbedarf\/fairzone-hundeseife-kokosoel\/","name":"FAIR ZONE Hundeseife Kokos\u00f6l - WeRecycle.ch | WR Group AG","isPartOf":{"@id":"https:\/\/www.werecycle.ch\/de\/#website"},"primaryImageOfPage":{"@id":"https:\/\/www.werecycle.ch\/shop\/tierbedarf\/fairzone-hundeseife-kokosoel\/#primaryimage"},"image":{"@id":"https:\/\/www.werecycle.ch\/shop\/tierbedarf\/fairzone-hundeseife-kokosoel\/#primaryimage"},"thumbnailUrl":"https:\/\/www.werecycle.ch\/wp-content\/uploads\/2024\/10\/560349.webp","datePublished":"2024-09-15T11:08:01+00:00","dateModified":"2025-07-15T13:19:22+00:00","description":"Diese Hundeseife erm\u00f6glicht eine sanfte, aber gr\u00fcndliche Reinigung deines Vierbeiners! Mit ausgew\u00e4hlten, hochwertigen \u00d6len aus Kokos und Schwarzk\u00fcmmel.","breadcrumb":{"@id":"https:\/\/www.werecycle.ch\/shop\/tierbedarf\/fairzone-hundeseife-kokosoel\/#breadcrumb"},"inLanguage":"de","potentialAction":[{"@type":"ReadAction","target":["https:\/\/www.werecycle.ch\/shop\/tierbedarf\/fairzone-hundeseife-kokosoel\/"]}]},{"@type":"ImageObject","inLanguage":"de","@id":"https:\/\/www.werecycle.ch\/shop\/tierbedarf\/fairzone-hundeseife-kokosoel\/#primaryimage","url":"https:\/\/www.werecycle.ch\/wp-content\/uploads\/2024\/10\/560349.webp","contentUrl":"https:\/\/www.werecycle.ch\/wp-content\/uploads\/2024\/10\/560349.webp","width":800,"height":800},{"@type":"BreadcrumbList","@id":"https:\/\/www.werecycle.ch\/shop\/tierbedarf\/fairzone-hundeseife-kokosoel\/#breadcrumb","itemListElement":[{"@type":"ListItem","position":1,"name":"Startseite","item":"https:\/\/www.werecycle.ch\/"},{"@type":"ListItem","position":2,"name":"Shop","item":"https:\/\/www.werecycle.ch\/de\/shop\/"},{"@type":"ListItem","position":3,"name":"FAIR ZONE Hundeseife Kokos\u00f6l"}]},{"@type":"WebSite","@id":"https:\/\/www.werecycle.ch\/de\/#website","url":"https:\/\/www.werecycle.ch\/de\/","name":"WeRecycle.ch | Recycling Services AG","description":"","publisher":{"@id":"https:\/\/www.werecycle.ch\/de\/#organization"},"potentialAction":[{"@type":"SearchAction","target":{"@type":"EntryPoint","urlTemplate":"https:\/\/www.werecycle.ch\/de\/?s={search_term_string}"},"query-input":{"@type":"PropertyValueSpecification","valueRequired":true,"valueName":"search_term_string"}}],"inLanguage":"de"},{"@type":"Organization","@id":"https:\/\/www.werecycle.ch\/de\/#organization","name":"WeRecycle.ch | Recycling Services AG","url":"https:\/\/www.werecycle.ch\/de\/","logo":{"@type":"ImageObject","inLanguage":"de","@id":"https:\/\/www.werecycle.ch\/de\/#\/schema\/logo\/image\/","url":"https:\/\/www.werecycle.ch\/wp-content\/uploads\/2022\/09\/logo_werecycle.webp","contentUrl":"https:\/\/www.werecycle.ch\/wp-content\/uploads\/2022\/09\/logo_werecycle.webp","width":1423,"height":427,"caption":"WeRecycle.ch | Recycling Services AG"},"image":{"@id":"https:\/\/www.werecycle.ch\/de\/#\/schema\/logo\/image\/"},"sameAs":["https:\/\/www.facebook.com\/www.werecycle.ch"]}]}},"tiered_pricing_type":"fixed","tiered_pricing_fixed_rules":[],"tiered_pricing_product_settings":{"layout":"default","base_unit_name":{"singular":null,"plural":null},"default_variation":null},"tiered_pricing_minimum_quantity":null,"tiered_pricing_roles_data":[],"tiered_pricing_percentage_rules":[],"_links":{"self":[{"href":"https:\/\/www.werecycle.ch\/de\/wp-json\/wp\/v2\/product\/21917","targetHints":{"allow":["GET"]}}],"collection":[{"href":"https:\/\/www.werecycle.ch\/de\/wp-json\/wp\/v2\/product"}],"about":[{"href":"https:\/\/www.werecycle.ch\/de\/wp-json\/wp\/v2\/types\/product"}],"wp:featuredmedia":[{"embeddable":true,"href":"https:\/\/www.werecycle.ch\/de\/wp-json\/wp\/v2\/media\/21919"}],"wp:attachment":[{"href":"https:\/\/www.werecycle.ch\/de\/wp-json\/wp\/v2\/media?parent=21917"}],"wp:term":[{"taxonomy":"product_brand","embeddable":true,"href":"https:\/\/www.werecycle.ch\/de\/wp-json\/wp\/v2\/product_brand?post=21917"},{"taxonomy":"product_cat","embeddable":true,"href":"https:\/\/www.werecycle.ch\/de\/wp-json\/wp\/v2\/product_cat?post=21917"},{"taxonomy":"product_tag","embeddable":true,"href":"https:\/\/www.werecycle.ch\/de\/wp-json\/wp\/v2\/product_tag?post=21917"}],"curies":[{"name":"wp","href":"https:\/\/api.w.org\/{rel}","templated":true}]}}