{"id":21230,"date":"2024-08-18T09:55:56","date_gmt":"2024-08-18T08:55:56","guid":{"rendered":"https:\/\/www.werecycle.ch\/?post_type=product&#038;p=21230"},"modified":"2025-11-04T11:07:50","modified_gmt":"2025-11-04T10:07:50","slug":"spielba-holz-zahlen-magnetisch-60stk","status":"publish","type":"product","link":"https:\/\/www.werecycle.ch\/de\/shop\/freizeit\/kinderspiele\/spielba-holz-zahlen-magnetisch-60stk\/","title":{"rendered":"Holz Zahlen magnetisch 60 Stk."},"content":{"rendered":"<p>Bunte magnetische Zahlen aus Holz f\u00fcr an die Standtafel, K\u00fchlschrank oder sonstige magnetische Oberfl\u00e4chen. Tolle verarbeitete bunte Zahlen. Die Packung enth\u00e4lt auch die Grundrechenarten: Plus, Minus, Durch, Mal.<\/p>\n<p>&nbsp;<\/p>\n<ul>\n<li>Set aus 60 bunten Zahlen + Grundrechenarten<\/li>\n<li>Zahlengr\u00f6ssen: ca. 5 cm<\/li>\n<li>Empfohlen ab 3 Jahren<\/li>\n<li>Hergestellt aus Sperrholz<\/li>\n<li>Bunte, magnetische Zahlen<\/li>\n<li>F\u00fcr einen wertvollen, lehrreichen Spielspass<\/li>\n<li>Eignet sich f\u00fcr die Standtafel, den K\u00fchlschrank oder sonstige magnetische Oberfl\u00e4chen<\/li>\n<\/ul>\n<p>&nbsp;<\/p>\n<p class=\"ProductDescription-ParagraphTitle\">Spielba Holzspielwaren<\/p>\n<p>Spielba steht f\u00fcr \u00fcber 40 Jahre Erfahrung in der Produktion und dem Handel von qualitativ hochwertigen Holzspielwaren. Zusammen mit der Firma Meili Trading AG vertreibt Spielba die begehrten Spielsachen in der ganzen Welt. Kugelbahnen, Autos, Baukl\u00f6tze, Kaufl\u00e4den, Spielk\u00fcchen, Instrumente, Puppenh\u00e4user und vieles mehr wird aus nachhaltig genutztem Recycling-Holz von Kautschukbaum-Plantagen, die nach strengen Richtlinien wieder aufgeforstet werden hergestellt. Es gibt f\u00fcr Kinder jeden Alters, f\u00fcr draussen und drinnen fantasievolle und widerstandsf\u00e4hige Holzspielwaren der Marke Spielba. Die Motorik, die Koordination und weitere Fertigkeiten werden spielerisch gef\u00f6rdert und die Kinder k\u00f6nnen ihrer Fantasie freien Lauf lassen.<\/p>\n","protected":false},"excerpt":{"rendered":"<p>60 St\u00fcck bunte, magnetische Zahlen aus Sperrholz f\u00fcr einen wertvollen, lehrreichen Spielspass.<br \/>\nWunderbar geeignet f\u00fcr K\u00fchlschrank, Standtafel, Wandtafel usw.<\/p>\n","protected":false},"featured_media":21231,"template":"","meta":{"ocean_post_layout":"","ocean_both_sidebars_style":"","ocean_both_sidebars_content_width":0,"ocean_both_sidebars_sidebars_width":0,"ocean_sidebar":"0","ocean_second_sidebar":"0","ocean_disable_margins":"enable","ocean_add_body_class":"","ocean_shortcode_before_top_bar":"","ocean_shortcode_after_top_bar":"","ocean_shortcode_before_header":"","ocean_shortcode_after_header":"","ocean_has_shortcode":"","ocean_shortcode_after_title":"","ocean_shortcode_before_footer_widgets":"","ocean_shortcode_after_footer_widgets":"","ocean_shortcode_before_footer_bottom":"","ocean_shortcode_after_footer_bottom":"","ocean_display_top_bar":"default","ocean_display_header":"default","ocean_header_style":"","ocean_center_header_left_menu":"0","ocean_custom_header_template":"0","ocean_custom_logo":0,"ocean_custom_retina_logo":0,"ocean_custom_logo_max_width":0,"ocean_custom_logo_tablet_max_width":0,"ocean_custom_logo_mobile_max_width":0,"ocean_custom_logo_max_height":0,"ocean_custom_logo_tablet_max_height":0,"ocean_custom_logo_mobile_max_height":0,"ocean_header_custom_menu":"0","ocean_menu_typo_font_family":"0","ocean_menu_typo_font_subset":"","ocean_menu_typo_font_size":0,"ocean_menu_typo_font_size_tablet":0,"ocean_menu_typo_font_size_mobile":0,"ocean_menu_typo_font_size_unit":"px","ocean_menu_typo_font_weight":"","ocean_menu_typo_font_weight_tablet":"","ocean_menu_typo_font_weight_mobile":"","ocean_menu_typo_transform":"","ocean_menu_typo_transform_tablet":"","ocean_menu_typo_transform_mobile":"","ocean_menu_typo_line_height":0,"ocean_menu_typo_line_height_tablet":0,"ocean_menu_typo_line_height_mobile":0,"ocean_menu_typo_line_height_unit":"","ocean_menu_typo_spacing":0,"ocean_menu_typo_spacing_tablet":0,"ocean_menu_typo_spacing_mobile":0,"ocean_menu_typo_spacing_unit":"","ocean_menu_link_color":"","ocean_menu_link_color_hover":"","ocean_menu_link_color_active":"","ocean_menu_link_background":"","ocean_menu_link_hover_background":"","ocean_menu_link_active_background":"","ocean_menu_social_links_bg":"","ocean_menu_social_hover_links_bg":"","ocean_menu_social_links_color":"","ocean_menu_social_hover_links_color":"","ocean_disable_title":"default","ocean_disable_heading":"default","ocean_post_title":"","ocean_post_subheading":"","ocean_post_title_style":"","ocean_post_title_background_color":"","ocean_post_title_background":0,"ocean_post_title_bg_image_position":"","ocean_post_title_bg_image_attachment":"","ocean_post_title_bg_image_repeat":"","ocean_post_title_bg_image_size":"","ocean_post_title_height":0,"ocean_post_title_bg_overlay":0.5,"ocean_post_title_bg_overlay_color":"","ocean_disable_breadcrumbs":"default","ocean_breadcrumbs_color":"","ocean_breadcrumbs_separator_color":"","ocean_breadcrumbs_links_color":"","ocean_breadcrumbs_links_hover_color":"","ocean_display_footer_widgets":"default","ocean_display_footer_bottom":"default","ocean_custom_footer_template":"0","ofc_meta_disable_footer_callout":"","ofc_meta_callout_button_url":"","ofc_meta_callout_button_txt":"","ofc_meta_callout_text":"","osh_disable_topbar_sticky":"default","osh_disable_header_sticky":"default","osh_sticky_header_style":"default","osh_sticky_header_effect":"","osh_custom_sticky_logo":0,"osh_custom_retina_sticky_logo":0,"osh_custom_sticky_logo_height":0,"osh_background_color":"","osh_links_color":"","osh_links_hover_color":"","osh_links_active_color":"","osh_links_bg_color":"","osh_links_hover_bg_color":"","osh_links_active_bg_color":"","osh_menu_social_links_color":"","osh_menu_social_hover_links_color":""},"product_brand":[2684],"product_cat":[286],"product_tag":[156,1927,1926,1523,1974,2205,2203,964,1124],"class_list":{"0":"post-21230","1":"product","2":"type-product","3":"status-publish","4":"has-post-thumbnail","6":"product_brand-spielba","7":"product_cat-kinderspiele","8":"product_tag-holz","9":"product_tag-lernen","10":"product_tag-lernspiel","11":"product_tag-magnet","12":"product_tag-mathematik","13":"product_tag-rechnen","14":"product_tag-sperrholz","15":"product_tag-spielba","16":"product_tag-zahlen","17":"product_shipping_class-paket","19":"entry","20":"has-media","22":"first","23":"instock","24":"taxable","25":"shipping-taxable","26":"purchasable","27":"product-type-simple","28":"col","29":"span_1_of_3","30":"owp-content-center","31":"item-entry","32":"owp-thumbs-layout-horizontal","33":"owp-btn-normal","34":"owp-tabs-layout-horizontal","35":"circle-sale"},"yoast_head":"<!-- This site is optimized with the Yoast SEO plugin v27.5 - https:\/\/yoast.com\/product\/yoast-seo-wordpress\/ -->\n<title>Holz Zahlen magnetisch 60 Stk. - WeRecycle.ch | WR Group AG<\/title>\n<meta name=\"description\" content=\"60 St\u00fcck bunte, magnetische Zahlen aus Sperrholz f\u00fcr einen wertvollen, lehrreichen Spielspass. Wunderbar geeignet f\u00fcr K\u00fchlschrank, Standtafel usw.\" \/>\n<meta name=\"robots\" content=\"index, follow, max-snippet:-1, max-image-preview:large, max-video-preview:-1\" \/>\n<link rel=\"canonical\" href=\"https:\/\/www.werecycle.ch\/de\/shop\/freizeit\/kinderspiele\/spielba-holz-zahlen-magnetisch-60stk\/\" \/>\n<meta property=\"og:locale\" content=\"de_DE\" \/>\n<meta property=\"og:type\" content=\"article\" \/>\n<meta property=\"og:title\" content=\"Holz Zahlen magnetisch 60 Stk. - WeRecycle.ch | WR Group AG\" \/>\n<meta property=\"og:description\" content=\"60 St\u00fcck bunte, magnetische Zahlen aus Sperrholz f\u00fcr einen wertvollen, lehrreichen Spielspass. Wunderbar geeignet f\u00fcr K\u00fchlschrank, Standtafel usw.\" \/>\n<meta property=\"og:url\" content=\"https:\/\/www.werecycle.ch\/de\/shop\/freizeit\/kinderspiele\/spielba-holz-zahlen-magnetisch-60stk\/\" \/>\n<meta property=\"og:site_name\" content=\"WeRecycle.ch | WR Group AG\" \/>\n<meta property=\"article:publisher\" content=\"https:\/\/www.facebook.com\/www.werecycle.ch\" \/>\n<meta property=\"article:modified_time\" content=\"2025-11-04T10:07:50+00:00\" \/>\n<meta property=\"og:image\" content=\"https:\/\/www.werecycle.ch\/wp-content\/uploads\/2024\/09\/452007.webp\" \/>\n\t<meta property=\"og:image:width\" content=\"1200\" \/>\n\t<meta property=\"og:image:height\" content=\"1200\" \/>\n\t<meta property=\"og:image:type\" content=\"image\/webp\" \/>\n<meta name=\"twitter:card\" content=\"summary_large_image\" \/>\n<script type=\"application\/ld+json\" class=\"yoast-schema-graph\">{\"@context\":\"https:\\\/\\\/schema.org\",\"@graph\":[{\"@type\":\"WebPage\",\"@id\":\"https:\\\/\\\/www.werecycle.ch\\\/shop\\\/freizeit\\\/kinderspiele\\\/spielba-holz-zahlen-magnetisch-60stk\\\/\",\"url\":\"https:\\\/\\\/www.werecycle.ch\\\/shop\\\/freizeit\\\/kinderspiele\\\/spielba-holz-zahlen-magnetisch-60stk\\\/\",\"name\":\"Holz Zahlen magnetisch 60 Stk. - WeRecycle.ch | WR Group AG\",\"isPartOf\":{\"@id\":\"https:\\\/\\\/www.werecycle.ch\\\/de\\\/#website\"},\"primaryImageOfPage\":{\"@id\":\"https:\\\/\\\/www.werecycle.ch\\\/shop\\\/freizeit\\\/kinderspiele\\\/spielba-holz-zahlen-magnetisch-60stk\\\/#primaryimage\"},\"image\":{\"@id\":\"https:\\\/\\\/www.werecycle.ch\\\/shop\\\/freizeit\\\/kinderspiele\\\/spielba-holz-zahlen-magnetisch-60stk\\\/#primaryimage\"},\"thumbnailUrl\":\"https:\\\/\\\/www.werecycle.ch\\\/wp-content\\\/uploads\\\/2024\\\/09\\\/452007.webp\",\"datePublished\":\"2024-08-18T08:55:56+00:00\",\"dateModified\":\"2025-11-04T10:07:50+00:00\",\"description\":\"60 St\u00fcck bunte, magnetische Zahlen aus Sperrholz f\u00fcr einen wertvollen, lehrreichen Spielspass. Wunderbar geeignet f\u00fcr K\u00fchlschrank, Standtafel usw.\",\"breadcrumb\":{\"@id\":\"https:\\\/\\\/www.werecycle.ch\\\/shop\\\/freizeit\\\/kinderspiele\\\/spielba-holz-zahlen-magnetisch-60stk\\\/#breadcrumb\"},\"inLanguage\":\"de\",\"potentialAction\":[{\"@type\":\"ReadAction\",\"target\":[\"https:\\\/\\\/www.werecycle.ch\\\/shop\\\/freizeit\\\/kinderspiele\\\/spielba-holz-zahlen-magnetisch-60stk\\\/\"]}]},{\"@type\":\"ImageObject\",\"inLanguage\":\"de\",\"@id\":\"https:\\\/\\\/www.werecycle.ch\\\/shop\\\/freizeit\\\/kinderspiele\\\/spielba-holz-zahlen-magnetisch-60stk\\\/#primaryimage\",\"url\":\"https:\\\/\\\/www.werecycle.ch\\\/wp-content\\\/uploads\\\/2024\\\/09\\\/452007.webp\",\"contentUrl\":\"https:\\\/\\\/www.werecycle.ch\\\/wp-content\\\/uploads\\\/2024\\\/09\\\/452007.webp\",\"width\":1200,\"height\":1200},{\"@type\":\"BreadcrumbList\",\"@id\":\"https:\\\/\\\/www.werecycle.ch\\\/shop\\\/freizeit\\\/kinderspiele\\\/spielba-holz-zahlen-magnetisch-60stk\\\/#breadcrumb\",\"itemListElement\":[{\"@type\":\"ListItem\",\"position\":1,\"name\":\"Startseite\",\"item\":\"https:\\\/\\\/www.werecycle.ch\\\/\"},{\"@type\":\"ListItem\",\"position\":2,\"name\":\"Shop\",\"item\":\"https:\\\/\\\/www.werecycle.ch\\\/de\\\/shop\\\/\"},{\"@type\":\"ListItem\",\"position\":3,\"name\":\"Holz Zahlen magnetisch 60 Stk.\"}]},{\"@type\":\"WebSite\",\"@id\":\"https:\\\/\\\/www.werecycle.ch\\\/de\\\/#website\",\"url\":\"https:\\\/\\\/www.werecycle.ch\\\/de\\\/\",\"name\":\"WeRecycle.ch | Recycling Services AG\",\"description\":\"\",\"publisher\":{\"@id\":\"https:\\\/\\\/www.werecycle.ch\\\/de\\\/#organization\"},\"potentialAction\":[{\"@type\":\"SearchAction\",\"target\":{\"@type\":\"EntryPoint\",\"urlTemplate\":\"https:\\\/\\\/www.werecycle.ch\\\/de\\\/?s={search_term_string}\"},\"query-input\":{\"@type\":\"PropertyValueSpecification\",\"valueRequired\":true,\"valueName\":\"search_term_string\"}}],\"inLanguage\":\"de\"},{\"@type\":\"Organization\",\"@id\":\"https:\\\/\\\/www.werecycle.ch\\\/de\\\/#organization\",\"name\":\"WeRecycle.ch | Recycling Services AG\",\"url\":\"https:\\\/\\\/www.werecycle.ch\\\/de\\\/\",\"logo\":{\"@type\":\"ImageObject\",\"inLanguage\":\"de\",\"@id\":\"https:\\\/\\\/www.werecycle.ch\\\/de\\\/#\\\/schema\\\/logo\\\/image\\\/\",\"url\":\"https:\\\/\\\/www.werecycle.ch\\\/wp-content\\\/uploads\\\/2022\\\/09\\\/logo_werecycle.webp\",\"contentUrl\":\"https:\\\/\\\/www.werecycle.ch\\\/wp-content\\\/uploads\\\/2022\\\/09\\\/logo_werecycle.webp\",\"width\":1423,\"height\":427,\"caption\":\"WeRecycle.ch | Recycling Services AG\"},\"image\":{\"@id\":\"https:\\\/\\\/www.werecycle.ch\\\/de\\\/#\\\/schema\\\/logo\\\/image\\\/\"},\"sameAs\":[\"https:\\\/\\\/www.facebook.com\\\/www.werecycle.ch\"]}]}<\/script>\n<!-- \/ Yoast SEO plugin. -->","yoast_head_json":{"title":"Holz Zahlen magnetisch 60 Stk. - WeRecycle.ch | WR Group AG","description":"60 St\u00fcck bunte, magnetische Zahlen aus Sperrholz f\u00fcr einen wertvollen, lehrreichen Spielspass. Wunderbar geeignet f\u00fcr K\u00fchlschrank, Standtafel usw.","robots":{"index":"index","follow":"follow","max-snippet":"max-snippet:-1","max-image-preview":"max-image-preview:large","max-video-preview":"max-video-preview:-1"},"canonical":"https:\/\/www.werecycle.ch\/de\/shop\/freizeit\/kinderspiele\/spielba-holz-zahlen-magnetisch-60stk\/","og_locale":"de_DE","og_type":"article","og_title":"Holz Zahlen magnetisch 60 Stk. - WeRecycle.ch | WR Group AG","og_description":"60 St\u00fcck bunte, magnetische Zahlen aus Sperrholz f\u00fcr einen wertvollen, lehrreichen Spielspass. Wunderbar geeignet f\u00fcr K\u00fchlschrank, Standtafel usw.","og_url":"https:\/\/www.werecycle.ch\/de\/shop\/freizeit\/kinderspiele\/spielba-holz-zahlen-magnetisch-60stk\/","og_site_name":"WeRecycle.ch | WR Group AG","article_publisher":"https:\/\/www.facebook.com\/www.werecycle.ch","article_modified_time":"2025-11-04T10:07:50+00:00","og_image":[{"width":1200,"height":1200,"url":"https:\/\/www.werecycle.ch\/wp-content\/uploads\/2024\/09\/452007.webp","type":"image\/webp"}],"twitter_card":"summary_large_image","schema":{"@context":"https:\/\/schema.org","@graph":[{"@type":"WebPage","@id":"https:\/\/www.werecycle.ch\/shop\/freizeit\/kinderspiele\/spielba-holz-zahlen-magnetisch-60stk\/","url":"https:\/\/www.werecycle.ch\/shop\/freizeit\/kinderspiele\/spielba-holz-zahlen-magnetisch-60stk\/","name":"Holz Zahlen magnetisch 60 Stk. - WeRecycle.ch | WR Group AG","isPartOf":{"@id":"https:\/\/www.werecycle.ch\/de\/#website"},"primaryImageOfPage":{"@id":"https:\/\/www.werecycle.ch\/shop\/freizeit\/kinderspiele\/spielba-holz-zahlen-magnetisch-60stk\/#primaryimage"},"image":{"@id":"https:\/\/www.werecycle.ch\/shop\/freizeit\/kinderspiele\/spielba-holz-zahlen-magnetisch-60stk\/#primaryimage"},"thumbnailUrl":"https:\/\/www.werecycle.ch\/wp-content\/uploads\/2024\/09\/452007.webp","datePublished":"2024-08-18T08:55:56+00:00","dateModified":"2025-11-04T10:07:50+00:00","description":"60 St\u00fcck bunte, magnetische Zahlen aus Sperrholz f\u00fcr einen wertvollen, lehrreichen Spielspass. Wunderbar geeignet f\u00fcr K\u00fchlschrank, Standtafel usw.","breadcrumb":{"@id":"https:\/\/www.werecycle.ch\/shop\/freizeit\/kinderspiele\/spielba-holz-zahlen-magnetisch-60stk\/#breadcrumb"},"inLanguage":"de","potentialAction":[{"@type":"ReadAction","target":["https:\/\/www.werecycle.ch\/shop\/freizeit\/kinderspiele\/spielba-holz-zahlen-magnetisch-60stk\/"]}]},{"@type":"ImageObject","inLanguage":"de","@id":"https:\/\/www.werecycle.ch\/shop\/freizeit\/kinderspiele\/spielba-holz-zahlen-magnetisch-60stk\/#primaryimage","url":"https:\/\/www.werecycle.ch\/wp-content\/uploads\/2024\/09\/452007.webp","contentUrl":"https:\/\/www.werecycle.ch\/wp-content\/uploads\/2024\/09\/452007.webp","width":1200,"height":1200},{"@type":"BreadcrumbList","@id":"https:\/\/www.werecycle.ch\/shop\/freizeit\/kinderspiele\/spielba-holz-zahlen-magnetisch-60stk\/#breadcrumb","itemListElement":[{"@type":"ListItem","position":1,"name":"Startseite","item":"https:\/\/www.werecycle.ch\/"},{"@type":"ListItem","position":2,"name":"Shop","item":"https:\/\/www.werecycle.ch\/de\/shop\/"},{"@type":"ListItem","position":3,"name":"Holz Zahlen magnetisch 60 Stk."}]},{"@type":"WebSite","@id":"https:\/\/www.werecycle.ch\/de\/#website","url":"https:\/\/www.werecycle.ch\/de\/","name":"WeRecycle.ch | Recycling Services AG","description":"","publisher":{"@id":"https:\/\/www.werecycle.ch\/de\/#organization"},"potentialAction":[{"@type":"SearchAction","target":{"@type":"EntryPoint","urlTemplate":"https:\/\/www.werecycle.ch\/de\/?s={search_term_string}"},"query-input":{"@type":"PropertyValueSpecification","valueRequired":true,"valueName":"search_term_string"}}],"inLanguage":"de"},{"@type":"Organization","@id":"https:\/\/www.werecycle.ch\/de\/#organization","name":"WeRecycle.ch | Recycling Services AG","url":"https:\/\/www.werecycle.ch\/de\/","logo":{"@type":"ImageObject","inLanguage":"de","@id":"https:\/\/www.werecycle.ch\/de\/#\/schema\/logo\/image\/","url":"https:\/\/www.werecycle.ch\/wp-content\/uploads\/2022\/09\/logo_werecycle.webp","contentUrl":"https:\/\/www.werecycle.ch\/wp-content\/uploads\/2022\/09\/logo_werecycle.webp","width":1423,"height":427,"caption":"WeRecycle.ch | Recycling Services AG"},"image":{"@id":"https:\/\/www.werecycle.ch\/de\/#\/schema\/logo\/image\/"},"sameAs":["https:\/\/www.facebook.com\/www.werecycle.ch"]}]}},"tiered_pricing_type":"fixed","tiered_pricing_fixed_rules":[],"tiered_pricing_product_settings":{"layout":"default","base_unit_name":{"singular":null,"plural":null},"default_variation":null},"tiered_pricing_minimum_quantity":null,"tiered_pricing_roles_data":[],"tiered_pricing_percentage_rules":[],"_links":{"self":[{"href":"https:\/\/www.werecycle.ch\/de\/wp-json\/wp\/v2\/product\/21230","targetHints":{"allow":["GET"]}}],"collection":[{"href":"https:\/\/www.werecycle.ch\/de\/wp-json\/wp\/v2\/product"}],"about":[{"href":"https:\/\/www.werecycle.ch\/de\/wp-json\/wp\/v2\/types\/product"}],"wp:featuredmedia":[{"embeddable":true,"href":"https:\/\/www.werecycle.ch\/de\/wp-json\/wp\/v2\/media\/21231"}],"wp:attachment":[{"href":"https:\/\/www.werecycle.ch\/de\/wp-json\/wp\/v2\/media?parent=21230"}],"wp:term":[{"taxonomy":"product_brand","embeddable":true,"href":"https:\/\/www.werecycle.ch\/de\/wp-json\/wp\/v2\/product_brand?post=21230"},{"taxonomy":"product_cat","embeddable":true,"href":"https:\/\/www.werecycle.ch\/de\/wp-json\/wp\/v2\/product_cat?post=21230"},{"taxonomy":"product_tag","embeddable":true,"href":"https:\/\/www.werecycle.ch\/de\/wp-json\/wp\/v2\/product_tag?post=21230"}],"curies":[{"name":"wp","href":"https:\/\/api.w.org\/{rel}","templated":true}]}}