{"id":19629,"date":"2024-07-24T07:24:35","date_gmt":"2024-07-24T06:24:35","guid":{"rendered":"https:\/\/www.werecycle.ch\/?post_type=product&#038;p=19629"},"modified":"2026-01-20T09:28:17","modified_gmt":"2026-01-20T08:28:17","slug":"bluu-calcbusters-6stk","status":"publish","type":"product","link":"https:\/\/www.werecycle.ch\/de\/shop\/haushalt-wohnen\/reinigung\/bluu-calcbusters-6stk\/","title":{"rendered":"bluu calcbusters 6 Stk."},"content":{"rendered":"<div>\n<p>Herk\u00f6mmliche Entkalker-Tabs zielen in erster Linie darauf ab, unangenehmen Duft zu bek\u00e4mpfen und enthalten oft\u00a0Bleichmittel zur Beseitigung von Bakterien. Allerdings k\u00f6nnen sie den\u00a0Kalk nicht effektiv entfernen, da sich Bakterien\u00a0oft in den Kalknestern aufhalten. Dar\u00fcber hinaus\u00a0m\u00fcssen herk\u00f6mmliche Entkalker meistens\u00a0ungesch\u00fctzt\u00a0angefasst werden, was problematisch ist, da sie oft\u00a0sch\u00e4dliche Chemikalien\u00a0enthalten. Zus\u00e4tzlich dazu zeigen\u00a0herk\u00f6mmliche Entkalker oft eine geringere Effizienz und erfordern daher h\u00e4ufigere Anwendungen.<\/p>\n<p>calcbusters dagegen eliminieren nicht nur Kalknester, sondern bek\u00e4mpfen auch Bakterien, Kalkgeister und unangenehme Ger\u00fcche effizient. Und mit ihrer Schutzh\u00fclle kannst Du sie sicher verwenden, ohne direkten Hautkontakt.<\/p>\n<p>calcbusters sind perfekt vordosiert f\u00fcr eine\u00a0optimale Reinigung. Im Gegensatz dazu besteht bei herk\u00f6mmlichen Entkalkern, die manuell abgemessen werden, das Risiko einer\u00a0\u00dcberdosierung.<\/p>\n<p>calcbusters sind in\u00a0dermatologisch getestetem\u00a0EccoClean Paper aus biologisch abbaubarer\u00a0Zellulose\u00a0verpackt, um direkten\u00a0Hautkontakt\u00a0zu\u00a0verhindern. Keine Sorgen mehr \u00fcber sch\u00e4dliche Chemikalien auf der Haut.<\/p>\n<p>calcbusters bieten eine Entkalkungsleistung, die 6x st\u00e4rker ist als Zitronens\u00e4ure und reinigen deine Maschine bis in die Tiefe.<\/p>\n<p>&nbsp;<\/p>\n<ul>\n<li>1 Schachtel enth\u00e4lt 6 calcbusters<\/li>\n<li>Ohne Plastik<\/li>\n<li>Leicht biologisch abbaubar<\/li>\n<li>Hochkonzentriert<\/li>\n<li>100% biologisch abbaubar<\/li>\n<li>Verpackung 100% recyclebar<\/li>\n<li>Fair hergestellt in\u00a0Deutschland<\/li>\n<\/ul>\n<\/div>\n<p>&nbsp;<\/p>\n<p>Anwendung:<\/p>\n<p>Lege einen calcbuster unge\u00f6ffnet ohne zus\u00e4tzliches Waschmittel in das Hauptwaschmittelfach (II).<br \/>\nW\u00e4hle ein Reinigungs- oder Hochtemperaturprogramm aus. Wichtig: ohne Vorwaschprogramm und ohne Kleidung.<br \/>\nStarte die Waschmaschine.<\/p>\n<div>\n<p>Warnhinweis: Produkt darf nicht in die H\u00e4nde von Kindern gelangen<\/p>\n<\/div>\n","protected":false},"excerpt":{"rendered":"<p class=\"productStage__subtitle\">Der Waschmaschinenreiniger &amp; Entkalker von Bluu. calcbusters befreit Deine Waschmaschine von Kalk und \u00fcblen Ger\u00fcchen in der Maschine und Kleidung.<\/p>\n","protected":false},"featured_media":19632,"template":"","meta":{"ocean_post_layout":"","ocean_both_sidebars_style":"","ocean_both_sidebars_content_width":0,"ocean_both_sidebars_sidebars_width":0,"ocean_sidebar":"0","ocean_second_sidebar":"0","ocean_disable_margins":"enable","ocean_add_body_class":"","ocean_shortcode_before_top_bar":"","ocean_shortcode_after_top_bar":"","ocean_shortcode_before_header":"","ocean_shortcode_after_header":"","ocean_has_shortcode":"","ocean_shortcode_after_title":"","ocean_shortcode_before_footer_widgets":"","ocean_shortcode_after_footer_widgets":"","ocean_shortcode_before_footer_bottom":"","ocean_shortcode_after_footer_bottom":"","ocean_display_top_bar":"default","ocean_display_header":"default","ocean_header_style":"","ocean_center_header_left_menu":"0","ocean_custom_header_template":"0","ocean_custom_logo":0,"ocean_custom_retina_logo":0,"ocean_custom_logo_max_width":0,"ocean_custom_logo_tablet_max_width":0,"ocean_custom_logo_mobile_max_width":0,"ocean_custom_logo_max_height":0,"ocean_custom_logo_tablet_max_height":0,"ocean_custom_logo_mobile_max_height":0,"ocean_header_custom_menu":"0","ocean_menu_typo_font_family":"0","ocean_menu_typo_font_subset":"","ocean_menu_typo_font_size":0,"ocean_menu_typo_font_size_tablet":0,"ocean_menu_typo_font_size_mobile":0,"ocean_menu_typo_font_size_unit":"px","ocean_menu_typo_font_weight":"","ocean_menu_typo_font_weight_tablet":"","ocean_menu_typo_font_weight_mobile":"","ocean_menu_typo_transform":"","ocean_menu_typo_transform_tablet":"","ocean_menu_typo_transform_mobile":"","ocean_menu_typo_line_height":0,"ocean_menu_typo_line_height_tablet":0,"ocean_menu_typo_line_height_mobile":0,"ocean_menu_typo_line_height_unit":"","ocean_menu_typo_spacing":0,"ocean_menu_typo_spacing_tablet":0,"ocean_menu_typo_spacing_mobile":0,"ocean_menu_typo_spacing_unit":"","ocean_menu_link_color":"","ocean_menu_link_color_hover":"","ocean_menu_link_color_active":"","ocean_menu_link_background":"","ocean_menu_link_hover_background":"","ocean_menu_link_active_background":"","ocean_menu_social_links_bg":"","ocean_menu_social_hover_links_bg":"","ocean_menu_social_links_color":"","ocean_menu_social_hover_links_color":"","ocean_disable_title":"default","ocean_disable_heading":"default","ocean_post_title":"","ocean_post_subheading":"","ocean_post_title_style":"","ocean_post_title_background_color":"","ocean_post_title_background":0,"ocean_post_title_bg_image_position":"","ocean_post_title_bg_image_attachment":"","ocean_post_title_bg_image_repeat":"","ocean_post_title_bg_image_size":"","ocean_post_title_height":0,"ocean_post_title_bg_overlay":0.5,"ocean_post_title_bg_overlay_color":"","ocean_disable_breadcrumbs":"default","ocean_breadcrumbs_color":"","ocean_breadcrumbs_separator_color":"","ocean_breadcrumbs_links_color":"","ocean_breadcrumbs_links_hover_color":"","ocean_display_footer_widgets":"default","ocean_display_footer_bottom":"default","ocean_custom_footer_template":"0","ofc_meta_disable_footer_callout":"","ofc_meta_callout_button_url":"","ofc_meta_callout_button_txt":"","ofc_meta_callout_text":"","osh_disable_topbar_sticky":"default","osh_disable_header_sticky":"default","osh_sticky_header_style":"default","osh_sticky_header_effect":"","osh_custom_sticky_logo":0,"osh_custom_retina_sticky_logo":0,"osh_custom_sticky_logo_height":0,"osh_background_color":"","osh_links_color":"","osh_links_hover_color":"","osh_links_active_color":"","osh_links_bg_color":"","osh_links_hover_bg_color":"","osh_links_active_bg_color":"","osh_menu_social_links_color":"","osh_menu_social_hover_links_color":""},"product_brand":[2617],"product_cat":[63],"product_tag":[146,226,1789,320,228,373,229],"class_list":{"0":"post-19629","1":"product","2":"type-product","3":"status-publish","4":"has-post-thumbnail","6":"product_brand-bluu","7":"product_cat-reinigung","8":"product_tag-biologisch","9":"product_tag-bluu","10":"product_tag-bluufos","11":"product_tag-geschirrspueltabs","12":"product_tag-reinigung","13":"product_tag-spuelmaschine","14":"product_tag-vegan","15":"product_shipping_class-paket","17":"entry","18":"has-media","20":"first","21":"instock","22":"taxable","23":"shipping-taxable","24":"purchasable","25":"product-type-simple","26":"col","27":"span_1_of_3","28":"owp-content-center","29":"item-entry","30":"owp-thumbs-layout-horizontal","31":"owp-btn-normal","32":"owp-tabs-layout-horizontal","33":"circle-sale"},"yoast_head":"<!-- This site is optimized with the Yoast SEO plugin v27.5 - https:\/\/yoast.com\/product\/yoast-seo-wordpress\/ -->\n<title>bluu calcbusters 6 Stk. - WeRecycle.ch | WR Group AG<\/title>\n<meta name=\"description\" content=\"Der Waschmaschinenreiniger &amp; Entkalker von Bluu. calcbusters befreit Deine Waschmaschine von Kalk und \u00fcblen Ger\u00fcchen in der Maschine und Kleidung.\" \/>\n<meta name=\"robots\" content=\"index, follow, max-snippet:-1, max-image-preview:large, max-video-preview:-1\" \/>\n<link rel=\"canonical\" href=\"https:\/\/www.werecycle.ch\/de\/shop\/haushalt-wohnen\/reinigung\/bluu-calcbusters-6stk\/\" \/>\n<meta property=\"og:locale\" content=\"de_DE\" \/>\n<meta property=\"og:type\" content=\"article\" \/>\n<meta property=\"og:title\" content=\"bluu calcbusters 6 Stk. - WeRecycle.ch | WR Group AG\" \/>\n<meta property=\"og:description\" content=\"Der Waschmaschinenreiniger &amp; Entkalker von Bluu. calcbusters befreit Deine Waschmaschine von Kalk und \u00fcblen Ger\u00fcchen in der Maschine und Kleidung.\" \/>\n<meta property=\"og:url\" content=\"https:\/\/www.werecycle.ch\/de\/shop\/haushalt-wohnen\/reinigung\/bluu-calcbusters-6stk\/\" \/>\n<meta property=\"og:site_name\" content=\"WeRecycle.ch | WR Group AG\" \/>\n<meta property=\"article:publisher\" content=\"https:\/\/www.facebook.com\/www.werecycle.ch\" \/>\n<meta property=\"article:modified_time\" content=\"2026-01-20T08:28:17+00:00\" \/>\n<meta property=\"og:image\" content=\"https:\/\/www.werecycle.ch\/wp-content\/uploads\/2024\/07\/282109.webp\" \/>\n\t<meta property=\"og:image:width\" content=\"1000\" \/>\n\t<meta property=\"og:image:height\" content=\"1000\" \/>\n\t<meta property=\"og:image:type\" content=\"image\/webp\" \/>\n<meta name=\"twitter:card\" content=\"summary_large_image\" \/>\n<script type=\"application\/ld+json\" class=\"yoast-schema-graph\">{\"@context\":\"https:\\\/\\\/schema.org\",\"@graph\":[{\"@type\":\"WebPage\",\"@id\":\"https:\\\/\\\/www.werecycle.ch\\\/shop\\\/haushalt-wohnen\\\/reinigung\\\/bluu-calcbusters-6stk\\\/\",\"url\":\"https:\\\/\\\/www.werecycle.ch\\\/shop\\\/haushalt-wohnen\\\/reinigung\\\/bluu-calcbusters-6stk\\\/\",\"name\":\"bluu calcbusters 6 Stk. - WeRecycle.ch | WR Group AG\",\"isPartOf\":{\"@id\":\"https:\\\/\\\/www.werecycle.ch\\\/de\\\/#website\"},\"primaryImageOfPage\":{\"@id\":\"https:\\\/\\\/www.werecycle.ch\\\/shop\\\/haushalt-wohnen\\\/reinigung\\\/bluu-calcbusters-6stk\\\/#primaryimage\"},\"image\":{\"@id\":\"https:\\\/\\\/www.werecycle.ch\\\/shop\\\/haushalt-wohnen\\\/reinigung\\\/bluu-calcbusters-6stk\\\/#primaryimage\"},\"thumbnailUrl\":\"https:\\\/\\\/www.werecycle.ch\\\/wp-content\\\/uploads\\\/2024\\\/07\\\/282109.webp\",\"datePublished\":\"2024-07-24T06:24:35+00:00\",\"dateModified\":\"2026-01-20T08:28:17+00:00\",\"description\":\"Der Waschmaschinenreiniger & Entkalker von Bluu. calcbusters befreit Deine Waschmaschine von Kalk und \u00fcblen Ger\u00fcchen in der Maschine und Kleidung.\",\"breadcrumb\":{\"@id\":\"https:\\\/\\\/www.werecycle.ch\\\/shop\\\/haushalt-wohnen\\\/reinigung\\\/bluu-calcbusters-6stk\\\/#breadcrumb\"},\"inLanguage\":\"de\",\"potentialAction\":[{\"@type\":\"ReadAction\",\"target\":[\"https:\\\/\\\/www.werecycle.ch\\\/shop\\\/haushalt-wohnen\\\/reinigung\\\/bluu-calcbusters-6stk\\\/\"]}]},{\"@type\":\"ImageObject\",\"inLanguage\":\"de\",\"@id\":\"https:\\\/\\\/www.werecycle.ch\\\/shop\\\/haushalt-wohnen\\\/reinigung\\\/bluu-calcbusters-6stk\\\/#primaryimage\",\"url\":\"https:\\\/\\\/www.werecycle.ch\\\/wp-content\\\/uploads\\\/2024\\\/07\\\/282109.webp\",\"contentUrl\":\"https:\\\/\\\/www.werecycle.ch\\\/wp-content\\\/uploads\\\/2024\\\/07\\\/282109.webp\",\"width\":1000,\"height\":1000},{\"@type\":\"BreadcrumbList\",\"@id\":\"https:\\\/\\\/www.werecycle.ch\\\/shop\\\/haushalt-wohnen\\\/reinigung\\\/bluu-calcbusters-6stk\\\/#breadcrumb\",\"itemListElement\":[{\"@type\":\"ListItem\",\"position\":1,\"name\":\"Startseite\",\"item\":\"https:\\\/\\\/www.werecycle.ch\\\/\"},{\"@type\":\"ListItem\",\"position\":2,\"name\":\"Shop\",\"item\":\"https:\\\/\\\/www.werecycle.ch\\\/de\\\/shop\\\/\"},{\"@type\":\"ListItem\",\"position\":3,\"name\":\"bluu calcbusters 6 Stk.\"}]},{\"@type\":\"WebSite\",\"@id\":\"https:\\\/\\\/www.werecycle.ch\\\/de\\\/#website\",\"url\":\"https:\\\/\\\/www.werecycle.ch\\\/de\\\/\",\"name\":\"WeRecycle.ch | Recycling Services AG\",\"description\":\"\",\"publisher\":{\"@id\":\"https:\\\/\\\/www.werecycle.ch\\\/de\\\/#organization\"},\"potentialAction\":[{\"@type\":\"SearchAction\",\"target\":{\"@type\":\"EntryPoint\",\"urlTemplate\":\"https:\\\/\\\/www.werecycle.ch\\\/de\\\/?s={search_term_string}\"},\"query-input\":{\"@type\":\"PropertyValueSpecification\",\"valueRequired\":true,\"valueName\":\"search_term_string\"}}],\"inLanguage\":\"de\"},{\"@type\":\"Organization\",\"@id\":\"https:\\\/\\\/www.werecycle.ch\\\/de\\\/#organization\",\"name\":\"WeRecycle.ch | Recycling Services AG\",\"url\":\"https:\\\/\\\/www.werecycle.ch\\\/de\\\/\",\"logo\":{\"@type\":\"ImageObject\",\"inLanguage\":\"de\",\"@id\":\"https:\\\/\\\/www.werecycle.ch\\\/de\\\/#\\\/schema\\\/logo\\\/image\\\/\",\"url\":\"https:\\\/\\\/www.werecycle.ch\\\/wp-content\\\/uploads\\\/2022\\\/09\\\/logo_werecycle.webp\",\"contentUrl\":\"https:\\\/\\\/www.werecycle.ch\\\/wp-content\\\/uploads\\\/2022\\\/09\\\/logo_werecycle.webp\",\"width\":1423,\"height\":427,\"caption\":\"WeRecycle.ch | Recycling Services AG\"},\"image\":{\"@id\":\"https:\\\/\\\/www.werecycle.ch\\\/de\\\/#\\\/schema\\\/logo\\\/image\\\/\"},\"sameAs\":[\"https:\\\/\\\/www.facebook.com\\\/www.werecycle.ch\"]}]}<\/script>\n<!-- \/ Yoast SEO plugin. -->","yoast_head_json":{"title":"bluu calcbusters 6 Stk. - WeRecycle.ch | WR Group AG","description":"Der Waschmaschinenreiniger & Entkalker von Bluu. calcbusters befreit Deine Waschmaschine von Kalk und \u00fcblen Ger\u00fcchen in der Maschine und Kleidung.","robots":{"index":"index","follow":"follow","max-snippet":"max-snippet:-1","max-image-preview":"max-image-preview:large","max-video-preview":"max-video-preview:-1"},"canonical":"https:\/\/www.werecycle.ch\/de\/shop\/haushalt-wohnen\/reinigung\/bluu-calcbusters-6stk\/","og_locale":"de_DE","og_type":"article","og_title":"bluu calcbusters 6 Stk. - WeRecycle.ch | WR Group AG","og_description":"Der Waschmaschinenreiniger & Entkalker von Bluu. calcbusters befreit Deine Waschmaschine von Kalk und \u00fcblen Ger\u00fcchen in der Maschine und Kleidung.","og_url":"https:\/\/www.werecycle.ch\/de\/shop\/haushalt-wohnen\/reinigung\/bluu-calcbusters-6stk\/","og_site_name":"WeRecycle.ch | WR Group AG","article_publisher":"https:\/\/www.facebook.com\/www.werecycle.ch","article_modified_time":"2026-01-20T08:28:17+00:00","og_image":[{"width":1000,"height":1000,"url":"https:\/\/www.werecycle.ch\/wp-content\/uploads\/2024\/07\/282109.webp","type":"image\/webp"}],"twitter_card":"summary_large_image","schema":{"@context":"https:\/\/schema.org","@graph":[{"@type":"WebPage","@id":"https:\/\/www.werecycle.ch\/shop\/haushalt-wohnen\/reinigung\/bluu-calcbusters-6stk\/","url":"https:\/\/www.werecycle.ch\/shop\/haushalt-wohnen\/reinigung\/bluu-calcbusters-6stk\/","name":"bluu calcbusters 6 Stk. - WeRecycle.ch | WR Group AG","isPartOf":{"@id":"https:\/\/www.werecycle.ch\/de\/#website"},"primaryImageOfPage":{"@id":"https:\/\/www.werecycle.ch\/shop\/haushalt-wohnen\/reinigung\/bluu-calcbusters-6stk\/#primaryimage"},"image":{"@id":"https:\/\/www.werecycle.ch\/shop\/haushalt-wohnen\/reinigung\/bluu-calcbusters-6stk\/#primaryimage"},"thumbnailUrl":"https:\/\/www.werecycle.ch\/wp-content\/uploads\/2024\/07\/282109.webp","datePublished":"2024-07-24T06:24:35+00:00","dateModified":"2026-01-20T08:28:17+00:00","description":"Der Waschmaschinenreiniger & Entkalker von Bluu. calcbusters befreit Deine Waschmaschine von Kalk und \u00fcblen Ger\u00fcchen in der Maschine und Kleidung.","breadcrumb":{"@id":"https:\/\/www.werecycle.ch\/shop\/haushalt-wohnen\/reinigung\/bluu-calcbusters-6stk\/#breadcrumb"},"inLanguage":"de","potentialAction":[{"@type":"ReadAction","target":["https:\/\/www.werecycle.ch\/shop\/haushalt-wohnen\/reinigung\/bluu-calcbusters-6stk\/"]}]},{"@type":"ImageObject","inLanguage":"de","@id":"https:\/\/www.werecycle.ch\/shop\/haushalt-wohnen\/reinigung\/bluu-calcbusters-6stk\/#primaryimage","url":"https:\/\/www.werecycle.ch\/wp-content\/uploads\/2024\/07\/282109.webp","contentUrl":"https:\/\/www.werecycle.ch\/wp-content\/uploads\/2024\/07\/282109.webp","width":1000,"height":1000},{"@type":"BreadcrumbList","@id":"https:\/\/www.werecycle.ch\/shop\/haushalt-wohnen\/reinigung\/bluu-calcbusters-6stk\/#breadcrumb","itemListElement":[{"@type":"ListItem","position":1,"name":"Startseite","item":"https:\/\/www.werecycle.ch\/"},{"@type":"ListItem","position":2,"name":"Shop","item":"https:\/\/www.werecycle.ch\/de\/shop\/"},{"@type":"ListItem","position":3,"name":"bluu calcbusters 6 Stk."}]},{"@type":"WebSite","@id":"https:\/\/www.werecycle.ch\/de\/#website","url":"https:\/\/www.werecycle.ch\/de\/","name":"WeRecycle.ch | Recycling Services AG","description":"","publisher":{"@id":"https:\/\/www.werecycle.ch\/de\/#organization"},"potentialAction":[{"@type":"SearchAction","target":{"@type":"EntryPoint","urlTemplate":"https:\/\/www.werecycle.ch\/de\/?s={search_term_string}"},"query-input":{"@type":"PropertyValueSpecification","valueRequired":true,"valueName":"search_term_string"}}],"inLanguage":"de"},{"@type":"Organization","@id":"https:\/\/www.werecycle.ch\/de\/#organization","name":"WeRecycle.ch | Recycling Services AG","url":"https:\/\/www.werecycle.ch\/de\/","logo":{"@type":"ImageObject","inLanguage":"de","@id":"https:\/\/www.werecycle.ch\/de\/#\/schema\/logo\/image\/","url":"https:\/\/www.werecycle.ch\/wp-content\/uploads\/2022\/09\/logo_werecycle.webp","contentUrl":"https:\/\/www.werecycle.ch\/wp-content\/uploads\/2022\/09\/logo_werecycle.webp","width":1423,"height":427,"caption":"WeRecycle.ch | Recycling Services AG"},"image":{"@id":"https:\/\/www.werecycle.ch\/de\/#\/schema\/logo\/image\/"},"sameAs":["https:\/\/www.facebook.com\/www.werecycle.ch"]}]}},"tiered_pricing_type":"fixed","tiered_pricing_fixed_rules":[],"tiered_pricing_product_settings":{"layout":"default","base_unit_name":{"singular":null,"plural":null},"default_variation":null},"tiered_pricing_minimum_quantity":null,"tiered_pricing_roles_data":[],"tiered_pricing_percentage_rules":[],"_links":{"self":[{"href":"https:\/\/www.werecycle.ch\/de\/wp-json\/wp\/v2\/product\/19629","targetHints":{"allow":["GET"]}}],"collection":[{"href":"https:\/\/www.werecycle.ch\/de\/wp-json\/wp\/v2\/product"}],"about":[{"href":"https:\/\/www.werecycle.ch\/de\/wp-json\/wp\/v2\/types\/product"}],"wp:featuredmedia":[{"embeddable":true,"href":"https:\/\/www.werecycle.ch\/de\/wp-json\/wp\/v2\/media\/19632"}],"wp:attachment":[{"href":"https:\/\/www.werecycle.ch\/de\/wp-json\/wp\/v2\/media?parent=19629"}],"wp:term":[{"taxonomy":"product_brand","embeddable":true,"href":"https:\/\/www.werecycle.ch\/de\/wp-json\/wp\/v2\/product_brand?post=19629"},{"taxonomy":"product_cat","embeddable":true,"href":"https:\/\/www.werecycle.ch\/de\/wp-json\/wp\/v2\/product_cat?post=19629"},{"taxonomy":"product_tag","embeddable":true,"href":"https:\/\/www.werecycle.ch\/de\/wp-json\/wp\/v2\/product_tag?post=19629"}],"curies":[{"name":"wp","href":"https:\/\/api.w.org\/{rel}","templated":true}]}}