{"id":19176,"date":"2024-06-03T08:58:39","date_gmt":"2024-06-03T07:58:39","guid":{"rendered":"https:\/\/www.werecycle.ch\/?post_type=product&#038;p=19176"},"modified":"2025-11-04T11:08:08","modified_gmt":"2025-11-04T10:08:08","slug":"spielba-musik-tisch","status":"publish","type":"product","link":"https:\/\/www.werecycle.ch\/de\/shop\/freizeit\/kinderspiele\/spielba-musik-tisch\/","title":{"rendered":"Spielba Musik Tisch"},"content":{"rendered":"<p class=\"ProductDescription-Subtitle\">An diesem coolen Baby\/Kleinkind Musik Activity Tisch kann Dein Kind sein Talent entfalten. Die verschiedenen Instrumente trainiert das Gef\u00fchl f\u00fcr T\u00f6ne und Rhythmus im Spiel. Auch die Feinmotorik wird gef\u00f6rdert. Ein tolles Lernspielzeug mit viel Abwechslung!<\/p>\n<p>&nbsp;<\/p>\n<div class=\"ProductDescription-BulletPoints\">\n<ul class=\"cds-List cds-List--Bulleted\">\n<li>Hergestellt aus Massivholz und Metall<\/li>\n<li>Altersempfehlung ab: 12 Monaten<\/li>\n<li>Xylophon mit zwei Schlagst\u00f6cken<\/li>\n<li>F\u00f6rdert spielerisch Feinmotorik, Koordination, Rythmus und Geh\u00f6r<\/li>\n<li>Gr\u00f6sse: 37 x 25 x 7 cm<\/li>\n<\/ul>\n<\/div>\n<p>&nbsp;<\/p>\n<div class=\"ProductDescription-Paragraph\">\n<p class=\"ProductDescription-ParagraphTitle\">Spielba Holzspielwaren<\/p>\n<p>Spielba steht f\u00fcr \u00fcber 40 Jahre Erfahrung in der Produktion und dem Handel von qualitativ hochwertigen Holzspielwaren. Zusammen mit der Firma Meili Trading AG vertreibt Spielba die begehrten Spielsachen in der ganzen Welt. Kugelbahnen, Autos, Baukl\u00f6tze, Kaufl\u00e4den, Spielk\u00fcchen, Instrumente, Puppenh\u00e4user und vieles mehr wird aus nachhaltig genutztem Recycling-Holz von Kautschukbaum-Plantagen, die nach strengen Richtlinien wieder aufgeforstet werden hergestellt. Es gibt f\u00fcr Kinder jeden Alters, f\u00fcr draussen und drinnen fantasievolle und widerstandsf\u00e4hige Holzspielwaren der Marke Spielba. Die Motorik, die Koordination und weitere Fertigkeiten werden spielerisch gef\u00f6rdert und die Kinder k\u00f6nnen ihrer Fantasie freien Lauf lassen.<\/p>\n<\/div>\n","protected":false},"excerpt":{"rendered":"<p>Spielba Musik Tisch mit Xylophon, Trommel und Glocke aus Massivholz und Metall. F\u00f6rdert die Feinmotorik, Koordination, Rythmus und Geh\u00f6r Deines Kindes.<br \/>\nAltersempfehlung: ab 12 Monaten<\/p>\n","protected":false},"featured_media":19178,"template":"","meta":{"ocean_post_layout":"","ocean_both_sidebars_style":"","ocean_both_sidebars_content_width":0,"ocean_both_sidebars_sidebars_width":0,"ocean_sidebar":"0","ocean_second_sidebar":"0","ocean_disable_margins":"enable","ocean_add_body_class":"","ocean_shortcode_before_top_bar":"","ocean_shortcode_after_top_bar":"","ocean_shortcode_before_header":"","ocean_shortcode_after_header":"","ocean_has_shortcode":"","ocean_shortcode_after_title":"","ocean_shortcode_before_footer_widgets":"","ocean_shortcode_after_footer_widgets":"","ocean_shortcode_before_footer_bottom":"","ocean_shortcode_after_footer_bottom":"","ocean_display_top_bar":"default","ocean_display_header":"default","ocean_header_style":"","ocean_center_header_left_menu":"0","ocean_custom_header_template":"0","ocean_custom_logo":0,"ocean_custom_retina_logo":0,"ocean_custom_logo_max_width":0,"ocean_custom_logo_tablet_max_width":0,"ocean_custom_logo_mobile_max_width":0,"ocean_custom_logo_max_height":0,"ocean_custom_logo_tablet_max_height":0,"ocean_custom_logo_mobile_max_height":0,"ocean_header_custom_menu":"0","ocean_menu_typo_font_family":"0","ocean_menu_typo_font_subset":"","ocean_menu_typo_font_size":0,"ocean_menu_typo_font_size_tablet":0,"ocean_menu_typo_font_size_mobile":0,"ocean_menu_typo_font_size_unit":"px","ocean_menu_typo_font_weight":"","ocean_menu_typo_font_weight_tablet":"","ocean_menu_typo_font_weight_mobile":"","ocean_menu_typo_transform":"","ocean_menu_typo_transform_tablet":"","ocean_menu_typo_transform_mobile":"","ocean_menu_typo_line_height":0,"ocean_menu_typo_line_height_tablet":0,"ocean_menu_typo_line_height_mobile":0,"ocean_menu_typo_line_height_unit":"","ocean_menu_typo_spacing":0,"ocean_menu_typo_spacing_tablet":0,"ocean_menu_typo_spacing_mobile":0,"ocean_menu_typo_spacing_unit":"","ocean_menu_link_color":"","ocean_menu_link_color_hover":"","ocean_menu_link_color_active":"","ocean_menu_link_background":"","ocean_menu_link_hover_background":"","ocean_menu_link_active_background":"","ocean_menu_social_links_bg":"","ocean_menu_social_hover_links_bg":"","ocean_menu_social_links_color":"","ocean_menu_social_hover_links_color":"","ocean_disable_title":"default","ocean_disable_heading":"default","ocean_post_title":"","ocean_post_subheading":"","ocean_post_title_style":"","ocean_post_title_background_color":"","ocean_post_title_background":0,"ocean_post_title_bg_image_position":"","ocean_post_title_bg_image_attachment":"","ocean_post_title_bg_image_repeat":"","ocean_post_title_bg_image_size":"","ocean_post_title_height":0,"ocean_post_title_bg_overlay":0.5,"ocean_post_title_bg_overlay_color":"","ocean_disable_breadcrumbs":"default","ocean_breadcrumbs_color":"","ocean_breadcrumbs_separator_color":"","ocean_breadcrumbs_links_color":"","ocean_breadcrumbs_links_hover_color":"","ocean_display_footer_widgets":"default","ocean_display_footer_bottom":"default","ocean_custom_footer_template":"0","ofc_meta_disable_footer_callout":"","ofc_meta_callout_button_url":"","ofc_meta_callout_button_txt":"","ofc_meta_callout_text":"","osh_disable_topbar_sticky":"default","osh_disable_header_sticky":"default","osh_sticky_header_style":"default","osh_sticky_header_effect":"","osh_custom_sticky_logo":0,"osh_custom_retina_sticky_logo":0,"osh_custom_sticky_logo_height":0,"osh_background_color":"","osh_links_color":"","osh_links_hover_color":"","osh_links_active_color":"","osh_links_bg_color":"","osh_links_hover_bg_color":"","osh_links_active_bg_color":"","osh_menu_social_links_color":"","osh_menu_social_hover_links_color":""},"product_brand":[2684],"product_cat":[86,286],"product_tag":[955,962,1975,964,104,1973],"class_list":{"0":"post-19176","1":"product","2":"type-product","3":"status-publish","4":"has-post-thumbnail","6":"product_brand-spielba","7":"product_cat-freizeit","8":"product_cat-kinderspiele","9":"product_tag-holzspiele","10":"product_tag-kinderspiel","11":"product_tag-musik","12":"product_tag-spielba","13":"product_tag-spiele","14":"product_tag-xylophon","15":"product_shipping_class-paket","17":"entry","18":"has-media","20":"first","21":"instock","22":"taxable","23":"shipping-taxable","24":"purchasable","25":"product-type-simple","26":"col","27":"span_1_of_3","28":"owp-content-center","29":"item-entry","30":"owp-thumbs-layout-horizontal","31":"owp-btn-normal","32":"owp-tabs-layout-horizontal","33":"circle-sale"},"yoast_head":"<!-- This site is optimized with the Yoast SEO plugin v27.4 - https:\/\/yoast.com\/product\/yoast-seo-wordpress\/ -->\n<title>Spielba Musik Tisch - WeRecycle.ch | WR Group AG<\/title>\n<meta name=\"description\" content=\"Spielba Kinder Musik Tisch mit Xylophon, Trommel und Glocke aus Massivholz und Metall. F\u00f6rdert die Feinmotorik, Koordination, Rythmus und Geh\u00f6r\" \/>\n<meta name=\"robots\" content=\"index, follow, max-snippet:-1, max-image-preview:large, max-video-preview:-1\" \/>\n<link rel=\"canonical\" href=\"https:\/\/www.werecycle.ch\/de\/shop\/freizeit\/kinderspiele\/spielba-musik-tisch\/\" \/>\n<meta property=\"og:locale\" content=\"de_DE\" \/>\n<meta property=\"og:type\" content=\"article\" \/>\n<meta property=\"og:title\" content=\"Spielba Musik Tisch - WeRecycle.ch | WR Group AG\" \/>\n<meta property=\"og:description\" content=\"Spielba Kinder Musik Tisch mit Xylophon, Trommel und Glocke aus Massivholz und Metall. F\u00f6rdert die Feinmotorik, Koordination, Rythmus und Geh\u00f6r\" \/>\n<meta property=\"og:url\" content=\"https:\/\/www.werecycle.ch\/de\/shop\/freizeit\/kinderspiele\/spielba-musik-tisch\/\" \/>\n<meta property=\"og:site_name\" content=\"WeRecycle.ch | WR Group AG\" \/>\n<meta property=\"article:publisher\" content=\"https:\/\/www.facebook.com\/www.werecycle.ch\" \/>\n<meta property=\"article:modified_time\" content=\"2025-11-04T10:08:08+00:00\" \/>\n<meta property=\"og:image\" content=\"https:\/\/www.werecycle.ch\/wp-content\/uploads\/2024\/07\/171032.webp\" \/>\n\t<meta property=\"og:image:width\" content=\"1500\" \/>\n\t<meta property=\"og:image:height\" content=\"1500\" \/>\n\t<meta property=\"og:image:type\" content=\"image\/webp\" \/>\n<meta name=\"twitter:card\" content=\"summary_large_image\" \/>\n<script type=\"application\/ld+json\" class=\"yoast-schema-graph\">{\"@context\":\"https:\\\/\\\/schema.org\",\"@graph\":[{\"@type\":\"WebPage\",\"@id\":\"https:\\\/\\\/www.werecycle.ch\\\/shop\\\/freizeit\\\/kinderspiele\\\/spielba-musik-tisch\\\/\",\"url\":\"https:\\\/\\\/www.werecycle.ch\\\/shop\\\/freizeit\\\/kinderspiele\\\/spielba-musik-tisch\\\/\",\"name\":\"Spielba Musik Tisch - WeRecycle.ch | WR Group AG\",\"isPartOf\":{\"@id\":\"https:\\\/\\\/www.werecycle.ch\\\/de\\\/#website\"},\"primaryImageOfPage\":{\"@id\":\"https:\\\/\\\/www.werecycle.ch\\\/shop\\\/freizeit\\\/kinderspiele\\\/spielba-musik-tisch\\\/#primaryimage\"},\"image\":{\"@id\":\"https:\\\/\\\/www.werecycle.ch\\\/shop\\\/freizeit\\\/kinderspiele\\\/spielba-musik-tisch\\\/#primaryimage\"},\"thumbnailUrl\":\"https:\\\/\\\/www.werecycle.ch\\\/wp-content\\\/uploads\\\/2024\\\/07\\\/171032.webp\",\"datePublished\":\"2024-06-03T07:58:39+00:00\",\"dateModified\":\"2025-11-04T10:08:08+00:00\",\"description\":\"Spielba Kinder Musik Tisch mit Xylophon, Trommel und Glocke aus Massivholz und Metall. F\u00f6rdert die Feinmotorik, Koordination, Rythmus und Geh\u00f6r\",\"breadcrumb\":{\"@id\":\"https:\\\/\\\/www.werecycle.ch\\\/shop\\\/freizeit\\\/kinderspiele\\\/spielba-musik-tisch\\\/#breadcrumb\"},\"inLanguage\":\"de\",\"potentialAction\":[{\"@type\":\"ReadAction\",\"target\":[\"https:\\\/\\\/www.werecycle.ch\\\/shop\\\/freizeit\\\/kinderspiele\\\/spielba-musik-tisch\\\/\"]}]},{\"@type\":\"ImageObject\",\"inLanguage\":\"de\",\"@id\":\"https:\\\/\\\/www.werecycle.ch\\\/shop\\\/freizeit\\\/kinderspiele\\\/spielba-musik-tisch\\\/#primaryimage\",\"url\":\"https:\\\/\\\/www.werecycle.ch\\\/wp-content\\\/uploads\\\/2024\\\/07\\\/171032.webp\",\"contentUrl\":\"https:\\\/\\\/www.werecycle.ch\\\/wp-content\\\/uploads\\\/2024\\\/07\\\/171032.webp\",\"width\":1500,\"height\":1500},{\"@type\":\"BreadcrumbList\",\"@id\":\"https:\\\/\\\/www.werecycle.ch\\\/shop\\\/freizeit\\\/kinderspiele\\\/spielba-musik-tisch\\\/#breadcrumb\",\"itemListElement\":[{\"@type\":\"ListItem\",\"position\":1,\"name\":\"Startseite\",\"item\":\"https:\\\/\\\/www.werecycle.ch\\\/\"},{\"@type\":\"ListItem\",\"position\":2,\"name\":\"Shop\",\"item\":\"https:\\\/\\\/www.werecycle.ch\\\/de\\\/shop\\\/\"},{\"@type\":\"ListItem\",\"position\":3,\"name\":\"Spielba Musik Tisch\"}]},{\"@type\":\"WebSite\",\"@id\":\"https:\\\/\\\/www.werecycle.ch\\\/de\\\/#website\",\"url\":\"https:\\\/\\\/www.werecycle.ch\\\/de\\\/\",\"name\":\"WeRecycle.ch | Recycling Services AG\",\"description\":\"\",\"publisher\":{\"@id\":\"https:\\\/\\\/www.werecycle.ch\\\/de\\\/#organization\"},\"potentialAction\":[{\"@type\":\"SearchAction\",\"target\":{\"@type\":\"EntryPoint\",\"urlTemplate\":\"https:\\\/\\\/www.werecycle.ch\\\/de\\\/?s={search_term_string}\"},\"query-input\":{\"@type\":\"PropertyValueSpecification\",\"valueRequired\":true,\"valueName\":\"search_term_string\"}}],\"inLanguage\":\"de\"},{\"@type\":\"Organization\",\"@id\":\"https:\\\/\\\/www.werecycle.ch\\\/de\\\/#organization\",\"name\":\"WeRecycle.ch | Recycling Services AG\",\"url\":\"https:\\\/\\\/www.werecycle.ch\\\/de\\\/\",\"logo\":{\"@type\":\"ImageObject\",\"inLanguage\":\"de\",\"@id\":\"https:\\\/\\\/www.werecycle.ch\\\/de\\\/#\\\/schema\\\/logo\\\/image\\\/\",\"url\":\"https:\\\/\\\/www.werecycle.ch\\\/wp-content\\\/uploads\\\/2022\\\/09\\\/logo_werecycle.webp\",\"contentUrl\":\"https:\\\/\\\/www.werecycle.ch\\\/wp-content\\\/uploads\\\/2022\\\/09\\\/logo_werecycle.webp\",\"width\":1423,\"height\":427,\"caption\":\"WeRecycle.ch | Recycling Services AG\"},\"image\":{\"@id\":\"https:\\\/\\\/www.werecycle.ch\\\/de\\\/#\\\/schema\\\/logo\\\/image\\\/\"},\"sameAs\":[\"https:\\\/\\\/www.facebook.com\\\/www.werecycle.ch\"]}]}<\/script>\n<!-- \/ Yoast SEO plugin. -->","yoast_head_json":{"title":"Spielba Musik Tisch - WeRecycle.ch | WR Group AG","description":"Spielba Kinder Musik Tisch mit Xylophon, Trommel und Glocke aus Massivholz und Metall. F\u00f6rdert die Feinmotorik, Koordination, Rythmus und Geh\u00f6r","robots":{"index":"index","follow":"follow","max-snippet":"max-snippet:-1","max-image-preview":"max-image-preview:large","max-video-preview":"max-video-preview:-1"},"canonical":"https:\/\/www.werecycle.ch\/de\/shop\/freizeit\/kinderspiele\/spielba-musik-tisch\/","og_locale":"de_DE","og_type":"article","og_title":"Spielba Musik Tisch - WeRecycle.ch | WR Group AG","og_description":"Spielba Kinder Musik Tisch mit Xylophon, Trommel und Glocke aus Massivholz und Metall. F\u00f6rdert die Feinmotorik, Koordination, Rythmus und Geh\u00f6r","og_url":"https:\/\/www.werecycle.ch\/de\/shop\/freizeit\/kinderspiele\/spielba-musik-tisch\/","og_site_name":"WeRecycle.ch | WR Group AG","article_publisher":"https:\/\/www.facebook.com\/www.werecycle.ch","article_modified_time":"2025-11-04T10:08:08+00:00","og_image":[{"width":1500,"height":1500,"url":"https:\/\/www.werecycle.ch\/wp-content\/uploads\/2024\/07\/171032.webp","type":"image\/webp"}],"twitter_card":"summary_large_image","schema":{"@context":"https:\/\/schema.org","@graph":[{"@type":"WebPage","@id":"https:\/\/www.werecycle.ch\/shop\/freizeit\/kinderspiele\/spielba-musik-tisch\/","url":"https:\/\/www.werecycle.ch\/shop\/freizeit\/kinderspiele\/spielba-musik-tisch\/","name":"Spielba Musik Tisch - WeRecycle.ch | WR Group AG","isPartOf":{"@id":"https:\/\/www.werecycle.ch\/de\/#website"},"primaryImageOfPage":{"@id":"https:\/\/www.werecycle.ch\/shop\/freizeit\/kinderspiele\/spielba-musik-tisch\/#primaryimage"},"image":{"@id":"https:\/\/www.werecycle.ch\/shop\/freizeit\/kinderspiele\/spielba-musik-tisch\/#primaryimage"},"thumbnailUrl":"https:\/\/www.werecycle.ch\/wp-content\/uploads\/2024\/07\/171032.webp","datePublished":"2024-06-03T07:58:39+00:00","dateModified":"2025-11-04T10:08:08+00:00","description":"Spielba Kinder Musik Tisch mit Xylophon, Trommel und Glocke aus Massivholz und Metall. F\u00f6rdert die Feinmotorik, Koordination, Rythmus und Geh\u00f6r","breadcrumb":{"@id":"https:\/\/www.werecycle.ch\/shop\/freizeit\/kinderspiele\/spielba-musik-tisch\/#breadcrumb"},"inLanguage":"de","potentialAction":[{"@type":"ReadAction","target":["https:\/\/www.werecycle.ch\/shop\/freizeit\/kinderspiele\/spielba-musik-tisch\/"]}]},{"@type":"ImageObject","inLanguage":"de","@id":"https:\/\/www.werecycle.ch\/shop\/freizeit\/kinderspiele\/spielba-musik-tisch\/#primaryimage","url":"https:\/\/www.werecycle.ch\/wp-content\/uploads\/2024\/07\/171032.webp","contentUrl":"https:\/\/www.werecycle.ch\/wp-content\/uploads\/2024\/07\/171032.webp","width":1500,"height":1500},{"@type":"BreadcrumbList","@id":"https:\/\/www.werecycle.ch\/shop\/freizeit\/kinderspiele\/spielba-musik-tisch\/#breadcrumb","itemListElement":[{"@type":"ListItem","position":1,"name":"Startseite","item":"https:\/\/www.werecycle.ch\/"},{"@type":"ListItem","position":2,"name":"Shop","item":"https:\/\/www.werecycle.ch\/de\/shop\/"},{"@type":"ListItem","position":3,"name":"Spielba Musik Tisch"}]},{"@type":"WebSite","@id":"https:\/\/www.werecycle.ch\/de\/#website","url":"https:\/\/www.werecycle.ch\/de\/","name":"WeRecycle.ch | Recycling Services AG","description":"","publisher":{"@id":"https:\/\/www.werecycle.ch\/de\/#organization"},"potentialAction":[{"@type":"SearchAction","target":{"@type":"EntryPoint","urlTemplate":"https:\/\/www.werecycle.ch\/de\/?s={search_term_string}"},"query-input":{"@type":"PropertyValueSpecification","valueRequired":true,"valueName":"search_term_string"}}],"inLanguage":"de"},{"@type":"Organization","@id":"https:\/\/www.werecycle.ch\/de\/#organization","name":"WeRecycle.ch | Recycling Services AG","url":"https:\/\/www.werecycle.ch\/de\/","logo":{"@type":"ImageObject","inLanguage":"de","@id":"https:\/\/www.werecycle.ch\/de\/#\/schema\/logo\/image\/","url":"https:\/\/www.werecycle.ch\/wp-content\/uploads\/2022\/09\/logo_werecycle.webp","contentUrl":"https:\/\/www.werecycle.ch\/wp-content\/uploads\/2022\/09\/logo_werecycle.webp","width":1423,"height":427,"caption":"WeRecycle.ch | Recycling Services AG"},"image":{"@id":"https:\/\/www.werecycle.ch\/de\/#\/schema\/logo\/image\/"},"sameAs":["https:\/\/www.facebook.com\/www.werecycle.ch"]}]}},"tiered_pricing_type":"fixed","tiered_pricing_fixed_rules":[],"tiered_pricing_product_settings":{"layout":"default","base_unit_name":{"singular":null,"plural":null},"default_variation":null},"tiered_pricing_minimum_quantity":null,"tiered_pricing_roles_data":[],"tiered_pricing_percentage_rules":[],"_links":{"self":[{"href":"https:\/\/www.werecycle.ch\/de\/wp-json\/wp\/v2\/product\/19176","targetHints":{"allow":["GET"]}}],"collection":[{"href":"https:\/\/www.werecycle.ch\/de\/wp-json\/wp\/v2\/product"}],"about":[{"href":"https:\/\/www.werecycle.ch\/de\/wp-json\/wp\/v2\/types\/product"}],"wp:featuredmedia":[{"embeddable":true,"href":"https:\/\/www.werecycle.ch\/de\/wp-json\/wp\/v2\/media\/19178"}],"wp:attachment":[{"href":"https:\/\/www.werecycle.ch\/de\/wp-json\/wp\/v2\/media?parent=19176"}],"wp:term":[{"taxonomy":"product_brand","embeddable":true,"href":"https:\/\/www.werecycle.ch\/de\/wp-json\/wp\/v2\/product_brand?post=19176"},{"taxonomy":"product_cat","embeddable":true,"href":"https:\/\/www.werecycle.ch\/de\/wp-json\/wp\/v2\/product_cat?post=19176"},{"taxonomy":"product_tag","embeddable":true,"href":"https:\/\/www.werecycle.ch\/de\/wp-json\/wp\/v2\/product_tag?post=19176"}],"curies":[{"name":"wp","href":"https:\/\/api.w.org\/{rel}","templated":true}]}}