{"id":18879,"date":"2024-04-18T12:48:06","date_gmt":"2024-04-18T11:48:06","guid":{"rendered":"https:\/\/www.werecycle.ch\/?post_type=product&#038;p=18879"},"modified":"2024-07-17T08:21:17","modified_gmt":"2024-07-17T07:21:17","slug":"umami-bento-box-steinless-steel-1350ml","status":"publish","type":"product","link":"https:\/\/www.werecycle.ch\/de\/shop\/haushalt-wohnen\/aufbewahrung\/umami-bento-box-steinless-steel-1350ml\/","title":{"rendered":"Umami Bento Box Steinless Steel, 1350 ml"},"content":{"rendered":"<p>Die Stainless Steel Bento Box von Umami repr\u00e4sentiert eine Fusion aus fortschrittlicher Funktionalit\u00e4t und zeitlosem Design, perfekt abgestimmt auf den dynamischen Alltag. Diese Bento Box ist eine umweltfreundliche L\u00f6sung f\u00fcr jeden, der Wert auf Nachhaltigkeit, Stil und die Qualit\u00e4t seiner Mahlzeiten legt. Gefertigt aus hochwertigem, langlebigem Edelstahl.<\/p>\n<p>&nbsp;<\/p>\n<ul>\n<li>Ger\u00e4umige Bento Box<\/li>\n<li>Auslaufsicher<\/li>\n<li>Inkl. Trenner &amp; Gabel<\/li>\n<li>Inhalt: 1,35 Liter<\/li>\n<li>Material: Edelstahl<\/li>\n<li>Mikrowellengeeignet, Sp\u00fclmaschinenfest<\/li>\n<\/ul>\n<p>&nbsp;<\/p>\n","protected":false},"excerpt":{"rendered":"<p>Ger\u00e4umigi Umami Bentobox mit 1350 ml Volumen aus hochwertigem Edelstahl. Absolut auslaufsicher und zudem Mikrowellengeeignet.<\/p>\n","protected":false},"featured_media":18883,"template":"","meta":{"ocean_post_layout":"","ocean_both_sidebars_style":"","ocean_both_sidebars_content_width":0,"ocean_both_sidebars_sidebars_width":0,"ocean_sidebar":"0","ocean_second_sidebar":"0","ocean_disable_margins":"enable","ocean_add_body_class":"","ocean_shortcode_before_top_bar":"","ocean_shortcode_after_top_bar":"","ocean_shortcode_before_header":"","ocean_shortcode_after_header":"","ocean_has_shortcode":"","ocean_shortcode_after_title":"","ocean_shortcode_before_footer_widgets":"","ocean_shortcode_after_footer_widgets":"","ocean_shortcode_before_footer_bottom":"","ocean_shortcode_after_footer_bottom":"","ocean_display_top_bar":"default","ocean_display_header":"default","ocean_header_style":"","ocean_center_header_left_menu":"0","ocean_custom_header_template":"0","ocean_custom_logo":0,"ocean_custom_retina_logo":0,"ocean_custom_logo_max_width":0,"ocean_custom_logo_tablet_max_width":0,"ocean_custom_logo_mobile_max_width":0,"ocean_custom_logo_max_height":0,"ocean_custom_logo_tablet_max_height":0,"ocean_custom_logo_mobile_max_height":0,"ocean_header_custom_menu":"0","ocean_menu_typo_font_family":"0","ocean_menu_typo_font_subset":"","ocean_menu_typo_font_size":0,"ocean_menu_typo_font_size_tablet":0,"ocean_menu_typo_font_size_mobile":0,"ocean_menu_typo_font_size_unit":"px","ocean_menu_typo_font_weight":"","ocean_menu_typo_font_weight_tablet":"","ocean_menu_typo_font_weight_mobile":"","ocean_menu_typo_transform":"","ocean_menu_typo_transform_tablet":"","ocean_menu_typo_transform_mobile":"","ocean_menu_typo_line_height":0,"ocean_menu_typo_line_height_tablet":0,"ocean_menu_typo_line_height_mobile":0,"ocean_menu_typo_line_height_unit":"","ocean_menu_typo_spacing":0,"ocean_menu_typo_spacing_tablet":0,"ocean_menu_typo_spacing_mobile":0,"ocean_menu_typo_spacing_unit":"","ocean_menu_link_color":"","ocean_menu_link_color_hover":"","ocean_menu_link_color_active":"","ocean_menu_link_background":"","ocean_menu_link_hover_background":"","ocean_menu_link_active_background":"","ocean_menu_social_links_bg":"","ocean_menu_social_hover_links_bg":"","ocean_menu_social_links_color":"","ocean_menu_social_hover_links_color":"","ocean_disable_title":"default","ocean_disable_heading":"default","ocean_post_title":"","ocean_post_subheading":"","ocean_post_title_style":"","ocean_post_title_background_color":"","ocean_post_title_background":0,"ocean_post_title_bg_image_position":"","ocean_post_title_bg_image_attachment":"","ocean_post_title_bg_image_repeat":"","ocean_post_title_bg_image_size":"","ocean_post_title_height":0,"ocean_post_title_bg_overlay":0.5,"ocean_post_title_bg_overlay_color":"","ocean_disable_breadcrumbs":"default","ocean_breadcrumbs_color":"","ocean_breadcrumbs_separator_color":"","ocean_breadcrumbs_links_color":"","ocean_breadcrumbs_links_hover_color":"","ocean_display_footer_widgets":"default","ocean_display_footer_bottom":"default","ocean_custom_footer_template":"0","ofc_meta_disable_footer_callout":"","ofc_meta_callout_button_url":"","ofc_meta_callout_button_txt":"","ofc_meta_callout_text":"","osh_disable_topbar_sticky":"default","osh_disable_header_sticky":"default","osh_sticky_header_style":"default","osh_sticky_header_effect":"","osh_custom_sticky_logo":0,"osh_custom_retina_sticky_logo":0,"osh_custom_sticky_logo_height":0,"osh_background_color":"","osh_links_color":"","osh_links_hover_color":"","osh_links_active_color":"","osh_links_bg_color":"","osh_links_hover_bg_color":"","osh_links_active_bg_color":"","osh_menu_social_links_color":"","osh_menu_social_hover_links_color":""},"product_brand":[],"product_cat":[62],"product_tag":[],"class_list":{"0":"post-18879","1":"product","2":"type-product","3":"status-publish","4":"has-post-thumbnail","6":"product_cat-aufbewahrung","7":"product_shipping_class-paket","9":"entry","10":"has-media","12":"first","13":"instock","14":"taxable","15":"shipping-taxable","16":"purchasable","17":"product-type-simple","18":"col","19":"span_1_of_3","20":"owp-content-center","21":"item-entry","22":"owp-thumbs-layout-horizontal","23":"owp-btn-normal","24":"owp-tabs-layout-horizontal","25":"circle-sale"},"yoast_head":"<!-- This site is optimized with the Yoast SEO plugin v27.5 - https:\/\/yoast.com\/product\/yoast-seo-wordpress\/ -->\n<title>Umami Bento Box Steinless Steel, 1350 ml - WeRecycle.ch | WR Group AG<\/title>\n<meta name=\"description\" content=\"Ger\u00e4umigi Umami Bentobox mit 1350 ml Volumen aus hochwertigem Edelstahl. Absolut auslaufsicher und zudem Mikrowellengeeignet. Set inkl. Gabel.\" \/>\n<meta name=\"robots\" content=\"index, follow, max-snippet:-1, max-image-preview:large, max-video-preview:-1\" \/>\n<link rel=\"canonical\" href=\"https:\/\/www.werecycle.ch\/de\/shop\/haushalt-wohnen\/aufbewahrung\/umami-bento-box-steinless-steel-1350ml\/\" \/>\n<meta property=\"og:locale\" content=\"de_DE\" \/>\n<meta property=\"og:type\" content=\"article\" \/>\n<meta property=\"og:title\" content=\"Umami Bento Box Steinless Steel, 1350 ml - WeRecycle.ch | WR Group AG\" \/>\n<meta property=\"og:description\" content=\"Ger\u00e4umigi Umami Bentobox mit 1350 ml Volumen aus hochwertigem Edelstahl. Absolut auslaufsicher und zudem Mikrowellengeeignet. Set inkl. Gabel.\" \/>\n<meta property=\"og:url\" content=\"https:\/\/www.werecycle.ch\/de\/shop\/haushalt-wohnen\/aufbewahrung\/umami-bento-box-steinless-steel-1350ml\/\" \/>\n<meta property=\"og:site_name\" content=\"WeRecycle.ch | WR Group AG\" \/>\n<meta property=\"article:publisher\" content=\"https:\/\/www.facebook.com\/www.werecycle.ch\" \/>\n<meta property=\"article:modified_time\" content=\"2024-07-17T07:21:17+00:00\" \/>\n<meta property=\"og:image\" content=\"https:\/\/www.werecycle.ch\/wp-content\/uploads\/2024\/06\/434208.webp\" \/>\n\t<meta property=\"og:image:width\" content=\"1200\" \/>\n\t<meta property=\"og:image:height\" content=\"1200\" \/>\n\t<meta property=\"og:image:type\" content=\"image\/webp\" \/>\n<meta name=\"twitter:card\" content=\"summary_large_image\" \/>\n<script type=\"application\/ld+json\" class=\"yoast-schema-graph\">{\"@context\":\"https:\\\/\\\/schema.org\",\"@graph\":[{\"@type\":\"WebPage\",\"@id\":\"https:\\\/\\\/www.werecycle.ch\\\/shop\\\/haushalt-wohnen\\\/aufbewahrung\\\/umami-bento-box-steinless-steel-1350ml\\\/\",\"url\":\"https:\\\/\\\/www.werecycle.ch\\\/shop\\\/haushalt-wohnen\\\/aufbewahrung\\\/umami-bento-box-steinless-steel-1350ml\\\/\",\"name\":\"Umami Bento Box Steinless Steel, 1350 ml - WeRecycle.ch | WR Group AG\",\"isPartOf\":{\"@id\":\"https:\\\/\\\/www.werecycle.ch\\\/de\\\/#website\"},\"primaryImageOfPage\":{\"@id\":\"https:\\\/\\\/www.werecycle.ch\\\/shop\\\/haushalt-wohnen\\\/aufbewahrung\\\/umami-bento-box-steinless-steel-1350ml\\\/#primaryimage\"},\"image\":{\"@id\":\"https:\\\/\\\/www.werecycle.ch\\\/shop\\\/haushalt-wohnen\\\/aufbewahrung\\\/umami-bento-box-steinless-steel-1350ml\\\/#primaryimage\"},\"thumbnailUrl\":\"https:\\\/\\\/www.werecycle.ch\\\/wp-content\\\/uploads\\\/2024\\\/06\\\/434208.webp\",\"datePublished\":\"2024-04-18T11:48:06+00:00\",\"dateModified\":\"2024-07-17T07:21:17+00:00\",\"description\":\"Ger\u00e4umigi Umami Bentobox mit 1350 ml Volumen aus hochwertigem Edelstahl. Absolut auslaufsicher und zudem Mikrowellengeeignet. Set inkl. Gabel.\",\"breadcrumb\":{\"@id\":\"https:\\\/\\\/www.werecycle.ch\\\/shop\\\/haushalt-wohnen\\\/aufbewahrung\\\/umami-bento-box-steinless-steel-1350ml\\\/#breadcrumb\"},\"inLanguage\":\"de\",\"potentialAction\":[{\"@type\":\"ReadAction\",\"target\":[\"https:\\\/\\\/www.werecycle.ch\\\/shop\\\/haushalt-wohnen\\\/aufbewahrung\\\/umami-bento-box-steinless-steel-1350ml\\\/\"]}]},{\"@type\":\"ImageObject\",\"inLanguage\":\"de\",\"@id\":\"https:\\\/\\\/www.werecycle.ch\\\/shop\\\/haushalt-wohnen\\\/aufbewahrung\\\/umami-bento-box-steinless-steel-1350ml\\\/#primaryimage\",\"url\":\"https:\\\/\\\/www.werecycle.ch\\\/wp-content\\\/uploads\\\/2024\\\/06\\\/434208.webp\",\"contentUrl\":\"https:\\\/\\\/www.werecycle.ch\\\/wp-content\\\/uploads\\\/2024\\\/06\\\/434208.webp\",\"width\":1200,\"height\":1200},{\"@type\":\"BreadcrumbList\",\"@id\":\"https:\\\/\\\/www.werecycle.ch\\\/shop\\\/haushalt-wohnen\\\/aufbewahrung\\\/umami-bento-box-steinless-steel-1350ml\\\/#breadcrumb\",\"itemListElement\":[{\"@type\":\"ListItem\",\"position\":1,\"name\":\"Startseite\",\"item\":\"https:\\\/\\\/www.werecycle.ch\\\/\"},{\"@type\":\"ListItem\",\"position\":2,\"name\":\"Shop\",\"item\":\"https:\\\/\\\/www.werecycle.ch\\\/de\\\/shop\\\/\"},{\"@type\":\"ListItem\",\"position\":3,\"name\":\"Umami Bento Box Steinless Steel, 1350 ml\"}]},{\"@type\":\"WebSite\",\"@id\":\"https:\\\/\\\/www.werecycle.ch\\\/de\\\/#website\",\"url\":\"https:\\\/\\\/www.werecycle.ch\\\/de\\\/\",\"name\":\"WeRecycle.ch | Recycling Services AG\",\"description\":\"\",\"publisher\":{\"@id\":\"https:\\\/\\\/www.werecycle.ch\\\/de\\\/#organization\"},\"potentialAction\":[{\"@type\":\"SearchAction\",\"target\":{\"@type\":\"EntryPoint\",\"urlTemplate\":\"https:\\\/\\\/www.werecycle.ch\\\/de\\\/?s={search_term_string}\"},\"query-input\":{\"@type\":\"PropertyValueSpecification\",\"valueRequired\":true,\"valueName\":\"search_term_string\"}}],\"inLanguage\":\"de\"},{\"@type\":\"Organization\",\"@id\":\"https:\\\/\\\/www.werecycle.ch\\\/de\\\/#organization\",\"name\":\"WeRecycle.ch | Recycling Services AG\",\"url\":\"https:\\\/\\\/www.werecycle.ch\\\/de\\\/\",\"logo\":{\"@type\":\"ImageObject\",\"inLanguage\":\"de\",\"@id\":\"https:\\\/\\\/www.werecycle.ch\\\/de\\\/#\\\/schema\\\/logo\\\/image\\\/\",\"url\":\"https:\\\/\\\/www.werecycle.ch\\\/wp-content\\\/uploads\\\/2022\\\/09\\\/logo_werecycle.webp\",\"contentUrl\":\"https:\\\/\\\/www.werecycle.ch\\\/wp-content\\\/uploads\\\/2022\\\/09\\\/logo_werecycle.webp\",\"width\":1423,\"height\":427,\"caption\":\"WeRecycle.ch | Recycling Services AG\"},\"image\":{\"@id\":\"https:\\\/\\\/www.werecycle.ch\\\/de\\\/#\\\/schema\\\/logo\\\/image\\\/\"},\"sameAs\":[\"https:\\\/\\\/www.facebook.com\\\/www.werecycle.ch\"]}]}<\/script>\n<!-- \/ Yoast SEO plugin. -->","yoast_head_json":{"title":"Umami Bento Box Steinless Steel, 1350 ml - WeRecycle.ch | WR Group AG","description":"Ger\u00e4umigi Umami Bentobox mit 1350 ml Volumen aus hochwertigem Edelstahl. Absolut auslaufsicher und zudem Mikrowellengeeignet. Set inkl. Gabel.","robots":{"index":"index","follow":"follow","max-snippet":"max-snippet:-1","max-image-preview":"max-image-preview:large","max-video-preview":"max-video-preview:-1"},"canonical":"https:\/\/www.werecycle.ch\/de\/shop\/haushalt-wohnen\/aufbewahrung\/umami-bento-box-steinless-steel-1350ml\/","og_locale":"de_DE","og_type":"article","og_title":"Umami Bento Box Steinless Steel, 1350 ml - WeRecycle.ch | WR Group AG","og_description":"Ger\u00e4umigi Umami Bentobox mit 1350 ml Volumen aus hochwertigem Edelstahl. Absolut auslaufsicher und zudem Mikrowellengeeignet. Set inkl. Gabel.","og_url":"https:\/\/www.werecycle.ch\/de\/shop\/haushalt-wohnen\/aufbewahrung\/umami-bento-box-steinless-steel-1350ml\/","og_site_name":"WeRecycle.ch | WR Group AG","article_publisher":"https:\/\/www.facebook.com\/www.werecycle.ch","article_modified_time":"2024-07-17T07:21:17+00:00","og_image":[{"width":1200,"height":1200,"url":"https:\/\/www.werecycle.ch\/wp-content\/uploads\/2024\/06\/434208.webp","type":"image\/webp"}],"twitter_card":"summary_large_image","schema":{"@context":"https:\/\/schema.org","@graph":[{"@type":"WebPage","@id":"https:\/\/www.werecycle.ch\/shop\/haushalt-wohnen\/aufbewahrung\/umami-bento-box-steinless-steel-1350ml\/","url":"https:\/\/www.werecycle.ch\/shop\/haushalt-wohnen\/aufbewahrung\/umami-bento-box-steinless-steel-1350ml\/","name":"Umami Bento Box Steinless Steel, 1350 ml - WeRecycle.ch | WR Group AG","isPartOf":{"@id":"https:\/\/www.werecycle.ch\/de\/#website"},"primaryImageOfPage":{"@id":"https:\/\/www.werecycle.ch\/shop\/haushalt-wohnen\/aufbewahrung\/umami-bento-box-steinless-steel-1350ml\/#primaryimage"},"image":{"@id":"https:\/\/www.werecycle.ch\/shop\/haushalt-wohnen\/aufbewahrung\/umami-bento-box-steinless-steel-1350ml\/#primaryimage"},"thumbnailUrl":"https:\/\/www.werecycle.ch\/wp-content\/uploads\/2024\/06\/434208.webp","datePublished":"2024-04-18T11:48:06+00:00","dateModified":"2024-07-17T07:21:17+00:00","description":"Ger\u00e4umigi Umami Bentobox mit 1350 ml Volumen aus hochwertigem Edelstahl. Absolut auslaufsicher und zudem Mikrowellengeeignet. Set inkl. Gabel.","breadcrumb":{"@id":"https:\/\/www.werecycle.ch\/shop\/haushalt-wohnen\/aufbewahrung\/umami-bento-box-steinless-steel-1350ml\/#breadcrumb"},"inLanguage":"de","potentialAction":[{"@type":"ReadAction","target":["https:\/\/www.werecycle.ch\/shop\/haushalt-wohnen\/aufbewahrung\/umami-bento-box-steinless-steel-1350ml\/"]}]},{"@type":"ImageObject","inLanguage":"de","@id":"https:\/\/www.werecycle.ch\/shop\/haushalt-wohnen\/aufbewahrung\/umami-bento-box-steinless-steel-1350ml\/#primaryimage","url":"https:\/\/www.werecycle.ch\/wp-content\/uploads\/2024\/06\/434208.webp","contentUrl":"https:\/\/www.werecycle.ch\/wp-content\/uploads\/2024\/06\/434208.webp","width":1200,"height":1200},{"@type":"BreadcrumbList","@id":"https:\/\/www.werecycle.ch\/shop\/haushalt-wohnen\/aufbewahrung\/umami-bento-box-steinless-steel-1350ml\/#breadcrumb","itemListElement":[{"@type":"ListItem","position":1,"name":"Startseite","item":"https:\/\/www.werecycle.ch\/"},{"@type":"ListItem","position":2,"name":"Shop","item":"https:\/\/www.werecycle.ch\/de\/shop\/"},{"@type":"ListItem","position":3,"name":"Umami Bento Box Steinless Steel, 1350 ml"}]},{"@type":"WebSite","@id":"https:\/\/www.werecycle.ch\/de\/#website","url":"https:\/\/www.werecycle.ch\/de\/","name":"WeRecycle.ch | Recycling Services AG","description":"","publisher":{"@id":"https:\/\/www.werecycle.ch\/de\/#organization"},"potentialAction":[{"@type":"SearchAction","target":{"@type":"EntryPoint","urlTemplate":"https:\/\/www.werecycle.ch\/de\/?s={search_term_string}"},"query-input":{"@type":"PropertyValueSpecification","valueRequired":true,"valueName":"search_term_string"}}],"inLanguage":"de"},{"@type":"Organization","@id":"https:\/\/www.werecycle.ch\/de\/#organization","name":"WeRecycle.ch | Recycling Services AG","url":"https:\/\/www.werecycle.ch\/de\/","logo":{"@type":"ImageObject","inLanguage":"de","@id":"https:\/\/www.werecycle.ch\/de\/#\/schema\/logo\/image\/","url":"https:\/\/www.werecycle.ch\/wp-content\/uploads\/2022\/09\/logo_werecycle.webp","contentUrl":"https:\/\/www.werecycle.ch\/wp-content\/uploads\/2022\/09\/logo_werecycle.webp","width":1423,"height":427,"caption":"WeRecycle.ch | Recycling Services AG"},"image":{"@id":"https:\/\/www.werecycle.ch\/de\/#\/schema\/logo\/image\/"},"sameAs":["https:\/\/www.facebook.com\/www.werecycle.ch"]}]}},"tiered_pricing_type":"fixed","tiered_pricing_fixed_rules":[],"tiered_pricing_product_settings":{"layout":"default","base_unit_name":{"singular":null,"plural":null},"default_variation":null},"tiered_pricing_minimum_quantity":null,"tiered_pricing_roles_data":[],"tiered_pricing_percentage_rules":[],"_links":{"self":[{"href":"https:\/\/www.werecycle.ch\/de\/wp-json\/wp\/v2\/product\/18879","targetHints":{"allow":["GET"]}}],"collection":[{"href":"https:\/\/www.werecycle.ch\/de\/wp-json\/wp\/v2\/product"}],"about":[{"href":"https:\/\/www.werecycle.ch\/de\/wp-json\/wp\/v2\/types\/product"}],"wp:featuredmedia":[{"embeddable":true,"href":"https:\/\/www.werecycle.ch\/de\/wp-json\/wp\/v2\/media\/18883"}],"wp:attachment":[{"href":"https:\/\/www.werecycle.ch\/de\/wp-json\/wp\/v2\/media?parent=18879"}],"wp:term":[{"taxonomy":"product_brand","embeddable":true,"href":"https:\/\/www.werecycle.ch\/de\/wp-json\/wp\/v2\/product_brand?post=18879"},{"taxonomy":"product_cat","embeddable":true,"href":"https:\/\/www.werecycle.ch\/de\/wp-json\/wp\/v2\/product_cat?post=18879"},{"taxonomy":"product_tag","embeddable":true,"href":"https:\/\/www.werecycle.ch\/de\/wp-json\/wp\/v2\/product_tag?post=18879"}],"curies":[{"name":"wp","href":"https:\/\/api.w.org\/{rel}","templated":true}]}}