{"id":18502,"date":"2024-03-29T15:23:30","date_gmt":"2024-03-29T14:23:30","guid":{"rendered":"https:\/\/www.werecycle.ch\/?post_type=product&#038;p=18502"},"modified":"2026-04-28T14:37:03","modified_gmt":"2026-04-28T12:37:03","slug":"andermatt-biogarten-obstduenger-beerenduenger-feststoff","status":"publish","type":"product","link":"https:\/\/www.werecycle.ch\/de\/shop\/garten-outdoor\/andermatt-biogarten-obstduenger-beerenduenger-feststoff\/","title":{"rendered":"Bio Obst- &#038; Beerend\u00fcnger 1 kg"},"content":{"rendered":"<p>Der Obst- und Beerend\u00fcnger ist ein ausgewogener Mehrn\u00e4hrstoffd\u00fcnger f\u00fcr vitale Obstb\u00e4ume und Beerenstr\u00e4ucher. Die Pflanzen werden langanhaltend mit wichtigen Hauptn\u00e4hrstoffen versorgt und das Wachstum und die Fruchtentwicklung von Obst und Beeren gef\u00f6rdert. Der Festd\u00fcnger tr\u00e4gt zu widerstandsf\u00e4higen Obstb\u00e4umen und Beeren mit schmackhaften Fr\u00fcchten bei.<\/p>\n<p>Festd\u00fcnger eignen sich f\u00fcr die Anwendung im Freiland, in Beeten oder Rabatten oder bei Neupflanzungen in T\u00f6pfen. Durch ihre mikrogranulierte Form lassen sie sich praktisch streuen und einarbeiten. Die Struktur des D\u00fcngers f\u00f6rdert kontinuierlich die N\u00e4hrstoffverf\u00fcgbarkeit im Boden.<\/p>\n<p>Der Obst- und Beerend\u00fcnger besteht zu 100% aus pflanzlichen Rohstoffen (vegan).<\/p>\n<p>&nbsp;<\/p>\n<ul>\n<li>Inhalt: 1 kg<\/li>\n<li>Verwendungsort: Aussen<\/li>\n<li>Lagerung: k\u00fchl und trocken lagern<\/li>\n<li>Haltbarkeit: unbeschr\u00e4nkt haltbar<\/li>\n<li>Geeignet f\u00fcr Obst und Beeren<\/li>\n<li>Wirkstoff und Gehalt: 7% Organischer Stickstoff (NO), 3% Phosphat (P2O5), 5% Kali (\u200aK2O\u200a), 7, 6%\u200aCalciumoxid (\u200aCaO), 2%\u200a Magnesiumoxid (\u200aMgO), 58% Organische Substanz pflanzlicher und tierischer Herkunft (\u200aOS\u200a), 91% Trockensubstanz (\u200aTS\u200a)<\/li>\n<\/ul>\n<p>&nbsp;<\/p>\n<p>Anwendung<\/p>\n<ul>\n<li>Den D\u00fcnger im Fr\u00fchling vor dem Auspflanzen oder bei bestehenden Kulturen in die oberste Bodenschicht im Wurzelbereich einarbeiten.<\/li>\n<li>Bei der Kombination mit Kompost oder Mist und zur Nachd\u00fcngung k\u00f6nnen die aufgef\u00fchrten D\u00fcngermengen halbiert werden.<\/li>\n<li>F\u00fcr Obst, Beeren und Reben: 100 bis 150 g D\u00fcnger pro m<sup>2<\/sup>. Nachd\u00fcngung im Sommer.<\/li>\n<\/ul>\n","protected":false},"excerpt":{"rendered":"<p>1 kg Bio Obst- und Beerend\u00fcnger aus 100% pflanzlichen Rohstoffen.<br \/>\nAnwendungsbereich: Geeignet f\u00fcr Obst und Beeren<\/p>\n","protected":false},"featured_media":18503,"template":"","meta":{"ocean_post_layout":"","ocean_both_sidebars_style":"","ocean_both_sidebars_content_width":0,"ocean_both_sidebars_sidebars_width":0,"ocean_sidebar":"0","ocean_second_sidebar":"0","ocean_disable_margins":"enable","ocean_add_body_class":"","ocean_shortcode_before_top_bar":"","ocean_shortcode_after_top_bar":"","ocean_shortcode_before_header":"","ocean_shortcode_after_header":"","ocean_has_shortcode":"","ocean_shortcode_after_title":"","ocean_shortcode_before_footer_widgets":"","ocean_shortcode_after_footer_widgets":"","ocean_shortcode_before_footer_bottom":"","ocean_shortcode_after_footer_bottom":"","ocean_display_top_bar":"default","ocean_display_header":"default","ocean_header_style":"","ocean_center_header_left_menu":"0","ocean_custom_header_template":"0","ocean_custom_logo":0,"ocean_custom_retina_logo":0,"ocean_custom_logo_max_width":0,"ocean_custom_logo_tablet_max_width":0,"ocean_custom_logo_mobile_max_width":0,"ocean_custom_logo_max_height":0,"ocean_custom_logo_tablet_max_height":0,"ocean_custom_logo_mobile_max_height":0,"ocean_header_custom_menu":"0","ocean_menu_typo_font_family":"0","ocean_menu_typo_font_subset":"","ocean_menu_typo_font_size":0,"ocean_menu_typo_font_size_tablet":0,"ocean_menu_typo_font_size_mobile":0,"ocean_menu_typo_font_size_unit":"px","ocean_menu_typo_font_weight":"","ocean_menu_typo_font_weight_tablet":"","ocean_menu_typo_font_weight_mobile":"","ocean_menu_typo_transform":"","ocean_menu_typo_transform_tablet":"","ocean_menu_typo_transform_mobile":"","ocean_menu_typo_line_height":0,"ocean_menu_typo_line_height_tablet":0,"ocean_menu_typo_line_height_mobile":0,"ocean_menu_typo_line_height_unit":"","ocean_menu_typo_spacing":0,"ocean_menu_typo_spacing_tablet":0,"ocean_menu_typo_spacing_mobile":0,"ocean_menu_typo_spacing_unit":"","ocean_menu_link_color":"","ocean_menu_link_color_hover":"","ocean_menu_link_color_active":"","ocean_menu_link_background":"","ocean_menu_link_hover_background":"","ocean_menu_link_active_background":"","ocean_menu_social_links_bg":"","ocean_menu_social_hover_links_bg":"","ocean_menu_social_links_color":"","ocean_menu_social_hover_links_color":"","ocean_disable_title":"default","ocean_disable_heading":"default","ocean_post_title":"","ocean_post_subheading":"","ocean_post_title_style":"","ocean_post_title_background_color":"","ocean_post_title_background":0,"ocean_post_title_bg_image_position":"","ocean_post_title_bg_image_attachment":"","ocean_post_title_bg_image_repeat":"","ocean_post_title_bg_image_size":"","ocean_post_title_height":0,"ocean_post_title_bg_overlay":0.5,"ocean_post_title_bg_overlay_color":"","ocean_disable_breadcrumbs":"default","ocean_breadcrumbs_color":"","ocean_breadcrumbs_separator_color":"","ocean_breadcrumbs_links_color":"","ocean_breadcrumbs_links_hover_color":"","ocean_display_footer_widgets":"default","ocean_display_footer_bottom":"default","ocean_custom_footer_template":"0","ofc_meta_disable_footer_callout":"","ofc_meta_callout_button_url":"","ofc_meta_callout_button_txt":"","ofc_meta_callout_text":"","osh_disable_topbar_sticky":"default","osh_disable_header_sticky":"default","osh_sticky_header_style":"default","osh_sticky_header_effect":"","osh_custom_sticky_logo":0,"osh_custom_retina_sticky_logo":0,"osh_custom_sticky_logo_height":0,"osh_background_color":"","osh_links_color":"","osh_links_hover_color":"","osh_links_active_color":"","osh_links_bg_color":"","osh_links_hover_bg_color":"","osh_links_active_bg_color":"","osh_menu_social_links_color":"","osh_menu_social_hover_links_color":""},"product_brand":[2608],"product_cat":[434],"product_tag":[861,1915,1914,1913,867],"class_list":{"0":"post-18502","1":"product","2":"type-product","3":"status-publish","4":"has-post-thumbnail","6":"product_brand-andermatt-biogarten","7":"product_cat-garten-outdoor","8":"product_tag-andermatt-biogarten","9":"product_tag-beeren","10":"product_tag-duengemittel","11":"product_tag-duenger","12":"product_tag-obst","13":"product_shipping_class-paket","15":"entry","16":"has-media","18":"first","19":"instock","20":"taxable","21":"shipping-taxable","22":"purchasable","23":"product-type-simple","24":"col","25":"span_1_of_3","26":"owp-content-center","27":"item-entry","28":"owp-thumbs-layout-horizontal","29":"owp-btn-normal","30":"owp-tabs-layout-horizontal","31":"circle-sale"},"yoast_head":"<!-- This site is optimized with the Yoast SEO plugin v27.5 - https:\/\/yoast.com\/product\/yoast-seo-wordpress\/ -->\n<title>Bio Obst- &amp; Beerend\u00fcnger 1 kg - WeRecycle.ch | WR Group AG<\/title>\n<meta name=\"description\" content=\"1 kg Bio Obst- und Beerend\u00fcnger aus 100% pflanzlichen Rohstoffen. Der vegange D\u00fcnger deckt die N\u00e4hrstoffanspr\u00fcche von Obst &amp; Beeren optimal ab.\" \/>\n<meta name=\"robots\" content=\"index, follow, max-snippet:-1, max-image-preview:large, max-video-preview:-1\" \/>\n<link rel=\"canonical\" href=\"https:\/\/www.werecycle.ch\/de\/shop\/garten-outdoor\/andermatt-biogarten-obstduenger-beerenduenger-feststoff\/\" \/>\n<meta property=\"og:locale\" content=\"de_DE\" \/>\n<meta property=\"og:type\" content=\"article\" \/>\n<meta property=\"og:title\" content=\"Bio Obst- &amp; Beerend\u00fcnger 1 kg - WeRecycle.ch | WR Group AG\" \/>\n<meta property=\"og:description\" content=\"1 kg Bio Obst- und Beerend\u00fcnger aus 100% pflanzlichen Rohstoffen. Der vegange D\u00fcnger deckt die N\u00e4hrstoffanspr\u00fcche von Obst &amp; Beeren optimal ab.\" \/>\n<meta property=\"og:url\" content=\"https:\/\/www.werecycle.ch\/de\/shop\/garten-outdoor\/andermatt-biogarten-obstduenger-beerenduenger-feststoff\/\" \/>\n<meta property=\"og:site_name\" content=\"WeRecycle.ch | WR Group AG\" \/>\n<meta property=\"article:publisher\" content=\"https:\/\/www.facebook.com\/www.werecycle.ch\" \/>\n<meta property=\"article:modified_time\" content=\"2026-04-28T12:37:03+00:00\" \/>\n<meta property=\"og:image\" content=\"https:\/\/www.werecycle.ch\/wp-content\/uploads\/2024\/05\/272526.webp\" \/>\n\t<meta property=\"og:image:width\" content=\"800\" \/>\n\t<meta property=\"og:image:height\" content=\"800\" \/>\n\t<meta property=\"og:image:type\" content=\"image\/webp\" \/>\n<meta name=\"twitter:card\" content=\"summary_large_image\" \/>\n<script type=\"application\/ld+json\" class=\"yoast-schema-graph\">{\"@context\":\"https:\\\/\\\/schema.org\",\"@graph\":[{\"@type\":\"WebPage\",\"@id\":\"https:\\\/\\\/www.werecycle.ch\\\/shop\\\/garten-outdoor\\\/andermatt-biogarten-obstduenger-beerenduenger-feststoff\\\/\",\"url\":\"https:\\\/\\\/www.werecycle.ch\\\/shop\\\/garten-outdoor\\\/andermatt-biogarten-obstduenger-beerenduenger-feststoff\\\/\",\"name\":\"Bio Obst- & Beerend\u00fcnger 1 kg - WeRecycle.ch | WR Group AG\",\"isPartOf\":{\"@id\":\"https:\\\/\\\/www.werecycle.ch\\\/de\\\/#website\"},\"primaryImageOfPage\":{\"@id\":\"https:\\\/\\\/www.werecycle.ch\\\/shop\\\/garten-outdoor\\\/andermatt-biogarten-obstduenger-beerenduenger-feststoff\\\/#primaryimage\"},\"image\":{\"@id\":\"https:\\\/\\\/www.werecycle.ch\\\/shop\\\/garten-outdoor\\\/andermatt-biogarten-obstduenger-beerenduenger-feststoff\\\/#primaryimage\"},\"thumbnailUrl\":\"https:\\\/\\\/www.werecycle.ch\\\/wp-content\\\/uploads\\\/2024\\\/05\\\/272526.webp\",\"datePublished\":\"2024-03-29T14:23:30+00:00\",\"dateModified\":\"2026-04-28T12:37:03+00:00\",\"description\":\"1 kg Bio Obst- und Beerend\u00fcnger aus 100% pflanzlichen Rohstoffen. Der vegange D\u00fcnger deckt die N\u00e4hrstoffanspr\u00fcche von Obst & Beeren optimal ab.\",\"breadcrumb\":{\"@id\":\"https:\\\/\\\/www.werecycle.ch\\\/shop\\\/garten-outdoor\\\/andermatt-biogarten-obstduenger-beerenduenger-feststoff\\\/#breadcrumb\"},\"inLanguage\":\"de\",\"potentialAction\":[{\"@type\":\"ReadAction\",\"target\":[\"https:\\\/\\\/www.werecycle.ch\\\/shop\\\/garten-outdoor\\\/andermatt-biogarten-obstduenger-beerenduenger-feststoff\\\/\"]}]},{\"@type\":\"ImageObject\",\"inLanguage\":\"de\",\"@id\":\"https:\\\/\\\/www.werecycle.ch\\\/shop\\\/garten-outdoor\\\/andermatt-biogarten-obstduenger-beerenduenger-feststoff\\\/#primaryimage\",\"url\":\"https:\\\/\\\/www.werecycle.ch\\\/wp-content\\\/uploads\\\/2024\\\/05\\\/272526.webp\",\"contentUrl\":\"https:\\\/\\\/www.werecycle.ch\\\/wp-content\\\/uploads\\\/2024\\\/05\\\/272526.webp\",\"width\":800,\"height\":800},{\"@type\":\"BreadcrumbList\",\"@id\":\"https:\\\/\\\/www.werecycle.ch\\\/shop\\\/garten-outdoor\\\/andermatt-biogarten-obstduenger-beerenduenger-feststoff\\\/#breadcrumb\",\"itemListElement\":[{\"@type\":\"ListItem\",\"position\":1,\"name\":\"Startseite\",\"item\":\"https:\\\/\\\/www.werecycle.ch\\\/\"},{\"@type\":\"ListItem\",\"position\":2,\"name\":\"Shop\",\"item\":\"https:\\\/\\\/www.werecycle.ch\\\/de\\\/shop\\\/\"},{\"@type\":\"ListItem\",\"position\":3,\"name\":\"Bio Obst- &#038; Beerend\u00fcnger 1 kg\"}]},{\"@type\":\"WebSite\",\"@id\":\"https:\\\/\\\/www.werecycle.ch\\\/de\\\/#website\",\"url\":\"https:\\\/\\\/www.werecycle.ch\\\/de\\\/\",\"name\":\"WeRecycle.ch | Recycling Services AG\",\"description\":\"\",\"publisher\":{\"@id\":\"https:\\\/\\\/www.werecycle.ch\\\/de\\\/#organization\"},\"potentialAction\":[{\"@type\":\"SearchAction\",\"target\":{\"@type\":\"EntryPoint\",\"urlTemplate\":\"https:\\\/\\\/www.werecycle.ch\\\/de\\\/?s={search_term_string}\"},\"query-input\":{\"@type\":\"PropertyValueSpecification\",\"valueRequired\":true,\"valueName\":\"search_term_string\"}}],\"inLanguage\":\"de\"},{\"@type\":\"Organization\",\"@id\":\"https:\\\/\\\/www.werecycle.ch\\\/de\\\/#organization\",\"name\":\"WeRecycle.ch | Recycling Services AG\",\"url\":\"https:\\\/\\\/www.werecycle.ch\\\/de\\\/\",\"logo\":{\"@type\":\"ImageObject\",\"inLanguage\":\"de\",\"@id\":\"https:\\\/\\\/www.werecycle.ch\\\/de\\\/#\\\/schema\\\/logo\\\/image\\\/\",\"url\":\"https:\\\/\\\/www.werecycle.ch\\\/wp-content\\\/uploads\\\/2022\\\/09\\\/logo_werecycle.webp\",\"contentUrl\":\"https:\\\/\\\/www.werecycle.ch\\\/wp-content\\\/uploads\\\/2022\\\/09\\\/logo_werecycle.webp\",\"width\":1423,\"height\":427,\"caption\":\"WeRecycle.ch | Recycling Services AG\"},\"image\":{\"@id\":\"https:\\\/\\\/www.werecycle.ch\\\/de\\\/#\\\/schema\\\/logo\\\/image\\\/\"},\"sameAs\":[\"https:\\\/\\\/www.facebook.com\\\/www.werecycle.ch\"]}]}<\/script>\n<!-- \/ Yoast SEO plugin. -->","yoast_head_json":{"title":"Bio Obst- & Beerend\u00fcnger 1 kg - WeRecycle.ch | WR Group AG","description":"1 kg Bio Obst- und Beerend\u00fcnger aus 100% pflanzlichen Rohstoffen. Der vegange D\u00fcnger deckt die N\u00e4hrstoffanspr\u00fcche von Obst & Beeren optimal ab.","robots":{"index":"index","follow":"follow","max-snippet":"max-snippet:-1","max-image-preview":"max-image-preview:large","max-video-preview":"max-video-preview:-1"},"canonical":"https:\/\/www.werecycle.ch\/de\/shop\/garten-outdoor\/andermatt-biogarten-obstduenger-beerenduenger-feststoff\/","og_locale":"de_DE","og_type":"article","og_title":"Bio Obst- & Beerend\u00fcnger 1 kg - WeRecycle.ch | WR Group AG","og_description":"1 kg Bio Obst- und Beerend\u00fcnger aus 100% pflanzlichen Rohstoffen. Der vegange D\u00fcnger deckt die N\u00e4hrstoffanspr\u00fcche von Obst & Beeren optimal ab.","og_url":"https:\/\/www.werecycle.ch\/de\/shop\/garten-outdoor\/andermatt-biogarten-obstduenger-beerenduenger-feststoff\/","og_site_name":"WeRecycle.ch | WR Group AG","article_publisher":"https:\/\/www.facebook.com\/www.werecycle.ch","article_modified_time":"2026-04-28T12:37:03+00:00","og_image":[{"width":800,"height":800,"url":"https:\/\/www.werecycle.ch\/wp-content\/uploads\/2024\/05\/272526.webp","type":"image\/webp"}],"twitter_card":"summary_large_image","schema":{"@context":"https:\/\/schema.org","@graph":[{"@type":"WebPage","@id":"https:\/\/www.werecycle.ch\/shop\/garten-outdoor\/andermatt-biogarten-obstduenger-beerenduenger-feststoff\/","url":"https:\/\/www.werecycle.ch\/shop\/garten-outdoor\/andermatt-biogarten-obstduenger-beerenduenger-feststoff\/","name":"Bio Obst- & Beerend\u00fcnger 1 kg - WeRecycle.ch | WR Group AG","isPartOf":{"@id":"https:\/\/www.werecycle.ch\/de\/#website"},"primaryImageOfPage":{"@id":"https:\/\/www.werecycle.ch\/shop\/garten-outdoor\/andermatt-biogarten-obstduenger-beerenduenger-feststoff\/#primaryimage"},"image":{"@id":"https:\/\/www.werecycle.ch\/shop\/garten-outdoor\/andermatt-biogarten-obstduenger-beerenduenger-feststoff\/#primaryimage"},"thumbnailUrl":"https:\/\/www.werecycle.ch\/wp-content\/uploads\/2024\/05\/272526.webp","datePublished":"2024-03-29T14:23:30+00:00","dateModified":"2026-04-28T12:37:03+00:00","description":"1 kg Bio Obst- und Beerend\u00fcnger aus 100% pflanzlichen Rohstoffen. Der vegange D\u00fcnger deckt die N\u00e4hrstoffanspr\u00fcche von Obst & Beeren optimal ab.","breadcrumb":{"@id":"https:\/\/www.werecycle.ch\/shop\/garten-outdoor\/andermatt-biogarten-obstduenger-beerenduenger-feststoff\/#breadcrumb"},"inLanguage":"de","potentialAction":[{"@type":"ReadAction","target":["https:\/\/www.werecycle.ch\/shop\/garten-outdoor\/andermatt-biogarten-obstduenger-beerenduenger-feststoff\/"]}]},{"@type":"ImageObject","inLanguage":"de","@id":"https:\/\/www.werecycle.ch\/shop\/garten-outdoor\/andermatt-biogarten-obstduenger-beerenduenger-feststoff\/#primaryimage","url":"https:\/\/www.werecycle.ch\/wp-content\/uploads\/2024\/05\/272526.webp","contentUrl":"https:\/\/www.werecycle.ch\/wp-content\/uploads\/2024\/05\/272526.webp","width":800,"height":800},{"@type":"BreadcrumbList","@id":"https:\/\/www.werecycle.ch\/shop\/garten-outdoor\/andermatt-biogarten-obstduenger-beerenduenger-feststoff\/#breadcrumb","itemListElement":[{"@type":"ListItem","position":1,"name":"Startseite","item":"https:\/\/www.werecycle.ch\/"},{"@type":"ListItem","position":2,"name":"Shop","item":"https:\/\/www.werecycle.ch\/de\/shop\/"},{"@type":"ListItem","position":3,"name":"Bio Obst- &#038; Beerend\u00fcnger 1 kg"}]},{"@type":"WebSite","@id":"https:\/\/www.werecycle.ch\/de\/#website","url":"https:\/\/www.werecycle.ch\/de\/","name":"WeRecycle.ch | Recycling Services AG","description":"","publisher":{"@id":"https:\/\/www.werecycle.ch\/de\/#organization"},"potentialAction":[{"@type":"SearchAction","target":{"@type":"EntryPoint","urlTemplate":"https:\/\/www.werecycle.ch\/de\/?s={search_term_string}"},"query-input":{"@type":"PropertyValueSpecification","valueRequired":true,"valueName":"search_term_string"}}],"inLanguage":"de"},{"@type":"Organization","@id":"https:\/\/www.werecycle.ch\/de\/#organization","name":"WeRecycle.ch | Recycling Services AG","url":"https:\/\/www.werecycle.ch\/de\/","logo":{"@type":"ImageObject","inLanguage":"de","@id":"https:\/\/www.werecycle.ch\/de\/#\/schema\/logo\/image\/","url":"https:\/\/www.werecycle.ch\/wp-content\/uploads\/2022\/09\/logo_werecycle.webp","contentUrl":"https:\/\/www.werecycle.ch\/wp-content\/uploads\/2022\/09\/logo_werecycle.webp","width":1423,"height":427,"caption":"WeRecycle.ch | Recycling Services AG"},"image":{"@id":"https:\/\/www.werecycle.ch\/de\/#\/schema\/logo\/image\/"},"sameAs":["https:\/\/www.facebook.com\/www.werecycle.ch"]}]}},"tiered_pricing_type":"fixed","tiered_pricing_fixed_rules":[],"tiered_pricing_product_settings":{"layout":"default","base_unit_name":{"singular":null,"plural":null},"default_variation":null},"tiered_pricing_minimum_quantity":null,"tiered_pricing_roles_data":[],"tiered_pricing_percentage_rules":[],"_links":{"self":[{"href":"https:\/\/www.werecycle.ch\/de\/wp-json\/wp\/v2\/product\/18502","targetHints":{"allow":["GET"]}}],"collection":[{"href":"https:\/\/www.werecycle.ch\/de\/wp-json\/wp\/v2\/product"}],"about":[{"href":"https:\/\/www.werecycle.ch\/de\/wp-json\/wp\/v2\/types\/product"}],"wp:featuredmedia":[{"embeddable":true,"href":"https:\/\/www.werecycle.ch\/de\/wp-json\/wp\/v2\/media\/18503"}],"wp:attachment":[{"href":"https:\/\/www.werecycle.ch\/de\/wp-json\/wp\/v2\/media?parent=18502"}],"wp:term":[{"taxonomy":"product_brand","embeddable":true,"href":"https:\/\/www.werecycle.ch\/de\/wp-json\/wp\/v2\/product_brand?post=18502"},{"taxonomy":"product_cat","embeddable":true,"href":"https:\/\/www.werecycle.ch\/de\/wp-json\/wp\/v2\/product_cat?post=18502"},{"taxonomy":"product_tag","embeddable":true,"href":"https:\/\/www.werecycle.ch\/de\/wp-json\/wp\/v2\/product_tag?post=18502"}],"curies":[{"name":"wp","href":"https:\/\/api.w.org\/{rel}","templated":true}]}}