{"id":18373,"date":"2024-03-22T12:52:53","date_gmt":"2024-03-22T11:52:53","guid":{"rendered":"https:\/\/www.werecycle.ch\/?post_type=product&#038;p=18373"},"modified":"2024-05-22T13:05:20","modified_gmt":"2024-05-22T12:05:20","slug":"kela-gusseisen-braeter-calido-oval","status":"publish","type":"product","link":"https:\/\/www.werecycle.ch\/de\/shop\/haushalt-wohnen\/kochen-backen\/kela-gusseisen-braeter-calido-oval\/","title":{"rendered":"Gusseisen Br\u00e4ter Calido oval"},"content":{"rendered":"<p>Besonderes Design und besondere Eigenschaften mit der Kochgeschirr Serie Calido von Kela wird nicht nur nur die K\u00fcchenausstattung zum Hingucker, sondern auch die Koch- und Bratergebnisse. Der ovale Br\u00e4ter Calido: Er zeichnet sich aus durch eine Emaille-Beschichtung sowohl innen als auch aussen.<\/p>\n<p>&nbsp;<\/p>\n<ul class=\"cds-List cds-List--Bulleted\">\n<li>Grosse Griffl\u00f6cher garantieren ein bequemes Handling<\/li>\n<li>Kompatible Kochfelder: Backofen\/Elektro\/Gas\/Glaskeramik\/Halogen\/Induktion<\/li>\n<li>Deckelknopf aus massivem Edelstahl (backofengeeeignet)<\/li>\n<li>Innen und aussen: raue Emaille-Beschichtung<\/li>\n<li>Sehr gute W\u00e4rmespeicherung<\/li>\n<li>Handw\u00e4sche empfohlen<\/li>\n<\/ul>\n<p>&nbsp;<\/p>\n<div class=\"ProductDescription-Paragraph\">\n<h4 class=\"ProductDescription-ParagraphTitle\">Reinigung und Pflege von Gusseisen<\/h4>\n<p>Entferne nicht die Patina (die leicht br\u00e4unlich, gl\u00e4nzende Bodenschicht), die sich am Pfannenboden auf der schwarzen Emailleschicht bildet. Sie verbessert die Bratergebnisse und das Abl\u00f6sen von Speiseresten vom Pfannenboden. Lasse das heisse Produkt vor dem Sp\u00fclen immer erst etwas abk\u00fchlen. Wenn m\u00f6glich, solltest du das Produkt in heissem Wasser sp\u00fclen und die Oberfl\u00e4che anschlie\u00dfend mit einem feuchten Tuch abwischen. Dies empfiehlt sich nach dem normalen Braten und wenn nur minimale Essensreste im Kochgeschirr zur\u00fcckgeblieben sind. Zum gr\u00fcndlicheren Sp\u00fclen kannst du hei\u00dfes Sp\u00fclwasser benutzen, das Kochgeschirr dann mit klarem Wasser absp\u00fclen und gut abtrocknen. Dabei bleibt die Patina erhalten. Eine Sp\u00fclb\u00fcrste kann beim Entfernen von Speiseresten und beim Reinigen zwischen den Grillrippen von Vorteil sein. Benutze keine Topfreinigerpads oder andere scheuernde Reiniger auf der Bratoberfl\u00e4che. Bratspuren auf der Au\u00dfenseite der Pfanne k\u00f6nnen mit einem Schwamm gereinigt werden.<\/p>\n<\/div>\n<div class=\"ProductDescription-Paragraph\">\n<h4 class=\"ProductDescription-ParagraphTitle\">F\u00fcr saftigen Braten<\/h4>\n<p>Mit dem Bratentopf gelingt dir Fleisch besonders gut, da in ihn auch ein ganzer Braten hineinpasst. So kannst du einen Braten problemlos anbraten, im Backofen garen oder auf dem Herd schmoren. Auch einige Beigaben zur Intensivierung des Geschmackes finden in dem Topf Platz. Bei der Zubereitung mithilfe eines Br\u00e4ters bleibt das Fleisch sch\u00f6n saftig und ist somit ein wahrer Gaumenschmaus. Achte jedoch darauf, dass das Fleisch vor dem Erhitzen Raumtemperatur erreicht hat, da es sich ansonsten zusammenzieht und der Fleischsaft ausl\u00e4uft. Um festzustellen, ob dein Braten gar ist, verwendest du am besten ein Fleischthermometer, mit dem du die Kerntemperatur des Fleisches messen kannst. Wenn kein solches Thermometer zur Verf\u00fcgung steht, kannst du alternativ auch mit dem Finger auf den Braten dr\u00fccken. Dabei gilt als Faustregel: Je weniger das Fleisch nachgibt, desto durchgegarter ist es.<\/p>\n<\/div>\n","protected":false},"excerpt":{"rendered":"<p>Mit dem Kela Gusseisen Br\u00e4ter Calido in oval wird nicht nur nur die K\u00fcchenausstattung zum Hingucker, sondern auch die Koch- und Bratergebnisse.<\/p>\n","protected":false},"featured_media":18378,"template":"","meta":{"ocean_post_layout":"","ocean_both_sidebars_style":"","ocean_both_sidebars_content_width":0,"ocean_both_sidebars_sidebars_width":0,"ocean_sidebar":"0","ocean_second_sidebar":"0","ocean_disable_margins":"enable","ocean_add_body_class":"","ocean_shortcode_before_top_bar":"","ocean_shortcode_after_top_bar":"","ocean_shortcode_before_header":"","ocean_shortcode_after_header":"","ocean_has_shortcode":"","ocean_shortcode_after_title":"","ocean_shortcode_before_footer_widgets":"","ocean_shortcode_after_footer_widgets":"","ocean_shortcode_before_footer_bottom":"","ocean_shortcode_after_footer_bottom":"","ocean_display_top_bar":"default","ocean_display_header":"default","ocean_header_style":"","ocean_center_header_left_menu":"0","ocean_custom_header_template":"0","ocean_custom_logo":0,"ocean_custom_retina_logo":0,"ocean_custom_logo_max_width":0,"ocean_custom_logo_tablet_max_width":0,"ocean_custom_logo_mobile_max_width":0,"ocean_custom_logo_max_height":0,"ocean_custom_logo_tablet_max_height":0,"ocean_custom_logo_mobile_max_height":0,"ocean_header_custom_menu":"0","ocean_menu_typo_font_family":"0","ocean_menu_typo_font_subset":"","ocean_menu_typo_font_size":0,"ocean_menu_typo_font_size_tablet":0,"ocean_menu_typo_font_size_mobile":0,"ocean_menu_typo_font_size_unit":"px","ocean_menu_typo_font_weight":"","ocean_menu_typo_font_weight_tablet":"","ocean_menu_typo_font_weight_mobile":"","ocean_menu_typo_transform":"","ocean_menu_typo_transform_tablet":"","ocean_menu_typo_transform_mobile":"","ocean_menu_typo_line_height":0,"ocean_menu_typo_line_height_tablet":0,"ocean_menu_typo_line_height_mobile":0,"ocean_menu_typo_line_height_unit":"","ocean_menu_typo_spacing":0,"ocean_menu_typo_spacing_tablet":0,"ocean_menu_typo_spacing_mobile":0,"ocean_menu_typo_spacing_unit":"","ocean_menu_link_color":"","ocean_menu_link_color_hover":"","ocean_menu_link_color_active":"","ocean_menu_link_background":"","ocean_menu_link_hover_background":"","ocean_menu_link_active_background":"","ocean_menu_social_links_bg":"","ocean_menu_social_hover_links_bg":"","ocean_menu_social_links_color":"","ocean_menu_social_hover_links_color":"","ocean_disable_title":"default","ocean_disable_heading":"default","ocean_post_title":"","ocean_post_subheading":"","ocean_post_title_style":"","ocean_post_title_background_color":"","ocean_post_title_background":0,"ocean_post_title_bg_image_position":"","ocean_post_title_bg_image_attachment":"","ocean_post_title_bg_image_repeat":"","ocean_post_title_bg_image_size":"","ocean_post_title_height":0,"ocean_post_title_bg_overlay":0.5,"ocean_post_title_bg_overlay_color":"","ocean_disable_breadcrumbs":"default","ocean_breadcrumbs_color":"","ocean_breadcrumbs_separator_color":"","ocean_breadcrumbs_links_color":"","ocean_breadcrumbs_links_hover_color":"","ocean_display_footer_widgets":"default","ocean_display_footer_bottom":"default","ocean_custom_footer_template":"0","ofc_meta_disable_footer_callout":"","ofc_meta_callout_button_url":"","ofc_meta_callout_button_txt":"","ofc_meta_callout_text":"","osh_disable_topbar_sticky":"default","osh_disable_header_sticky":"default","osh_sticky_header_style":"default","osh_sticky_header_effect":"","osh_custom_sticky_logo":0,"osh_custom_retina_sticky_logo":0,"osh_custom_sticky_logo_height":0,"osh_background_color":"","osh_links_color":"","osh_links_hover_color":"","osh_links_active_color":"","osh_links_bg_color":"","osh_links_hover_bg_color":"","osh_links_active_bg_color":"","osh_menu_social_links_color":"","osh_menu_social_hover_links_color":""},"product_brand":[],"product_cat":[1440],"product_tag":[1909,1910,194,1911,1912,1117,792,1094],"class_list":{"0":"post-18373","1":"product","2":"type-product","3":"status-publish","4":"has-post-thumbnail","6":"product_cat-kochen-backen","7":"product_tag-braeter","8":"product_tag-brattopf","9":"product_tag-edelstahl","10":"product_tag-emaille","11":"product_tag-gusseisen","12":"product_tag-kela","13":"product_tag-kochen","14":"product_tag-topf","15":"product_shipping_class-paket","17":"entry","18":"has-media","20":"first","21":"instock","22":"taxable","23":"shipping-taxable","24":"purchasable","25":"product-type-variable","26":"has-default-attributes","27":"col","28":"span_1_of_3","29":"owp-content-center","30":"item-entry","31":"owp-thumbs-layout-horizontal","32":"owp-btn-normal","33":"owp-tabs-layout-horizontal","34":"circle-sale"},"yoast_head":"<!-- This site is optimized with the Yoast SEO plugin v27.4 - https:\/\/yoast.com\/product\/yoast-seo-wordpress\/ -->\n<title>Gusseisen Br\u00e4ter Calido oval - WeRecycle.ch | WR Group AG<\/title>\n<meta name=\"description\" content=\"Mit dem Kela Gusseisen Br\u00e4ter Calido in oval wird nicht nur nur die K\u00fcchenausstattung zum Hingucker, sondern auch die Koch- und Bratergebnisse.\" \/>\n<meta name=\"robots\" content=\"index, follow, max-snippet:-1, max-image-preview:large, max-video-preview:-1\" \/>\n<link rel=\"canonical\" href=\"https:\/\/www.werecycle.ch\/de\/shop\/haushalt-wohnen\/kochen-backen\/kela-gusseisen-braeter-calido-oval\/\" \/>\n<meta property=\"og:locale\" content=\"de_DE\" \/>\n<meta property=\"og:type\" content=\"article\" \/>\n<meta property=\"og:title\" content=\"Gusseisen Br\u00e4ter Calido oval - WeRecycle.ch | WR Group AG\" \/>\n<meta property=\"og:description\" content=\"Mit dem Kela Gusseisen Br\u00e4ter Calido in oval wird nicht nur nur die K\u00fcchenausstattung zum Hingucker, sondern auch die Koch- und Bratergebnisse.\" \/>\n<meta property=\"og:url\" content=\"https:\/\/www.werecycle.ch\/de\/shop\/haushalt-wohnen\/kochen-backen\/kela-gusseisen-braeter-calido-oval\/\" \/>\n<meta property=\"og:site_name\" content=\"WeRecycle.ch | WR Group AG\" \/>\n<meta property=\"article:publisher\" content=\"https:\/\/www.facebook.com\/www.werecycle.ch\" \/>\n<meta property=\"article:modified_time\" content=\"2024-05-22T12:05:20+00:00\" \/>\n<meta property=\"og:image\" content=\"https:\/\/www.werecycle.ch\/wp-content\/uploads\/2024\/05\/502473.webp\" \/>\n\t<meta property=\"og:image:width\" content=\"1500\" \/>\n\t<meta property=\"og:image:height\" content=\"1500\" \/>\n\t<meta property=\"og:image:type\" content=\"image\/webp\" \/>\n<meta name=\"twitter:card\" content=\"summary_large_image\" \/>\n<script type=\"application\/ld+json\" class=\"yoast-schema-graph\">{\"@context\":\"https:\\\/\\\/schema.org\",\"@graph\":[{\"@type\":\"WebPage\",\"@id\":\"https:\\\/\\\/www.werecycle.ch\\\/shop\\\/haushalt-wohnen\\\/kochen-backen\\\/kela-gusseisen-braeter-calido-oval\\\/\",\"url\":\"https:\\\/\\\/www.werecycle.ch\\\/shop\\\/haushalt-wohnen\\\/kochen-backen\\\/kela-gusseisen-braeter-calido-oval\\\/\",\"name\":\"Gusseisen Br\u00e4ter Calido oval - WeRecycle.ch | WR Group AG\",\"isPartOf\":{\"@id\":\"https:\\\/\\\/www.werecycle.ch\\\/de\\\/#website\"},\"primaryImageOfPage\":{\"@id\":\"https:\\\/\\\/www.werecycle.ch\\\/shop\\\/haushalt-wohnen\\\/kochen-backen\\\/kela-gusseisen-braeter-calido-oval\\\/#primaryimage\"},\"image\":{\"@id\":\"https:\\\/\\\/www.werecycle.ch\\\/shop\\\/haushalt-wohnen\\\/kochen-backen\\\/kela-gusseisen-braeter-calido-oval\\\/#primaryimage\"},\"thumbnailUrl\":\"https:\\\/\\\/www.werecycle.ch\\\/wp-content\\\/uploads\\\/2024\\\/05\\\/502473.webp\",\"datePublished\":\"2024-03-22T11:52:53+00:00\",\"dateModified\":\"2024-05-22T12:05:20+00:00\",\"description\":\"Mit dem Kela Gusseisen Br\u00e4ter Calido in oval wird nicht nur nur die K\u00fcchenausstattung zum Hingucker, sondern auch die Koch- und Bratergebnisse.\",\"breadcrumb\":{\"@id\":\"https:\\\/\\\/www.werecycle.ch\\\/shop\\\/haushalt-wohnen\\\/kochen-backen\\\/kela-gusseisen-braeter-calido-oval\\\/#breadcrumb\"},\"inLanguage\":\"de\",\"potentialAction\":[{\"@type\":\"ReadAction\",\"target\":[\"https:\\\/\\\/www.werecycle.ch\\\/shop\\\/haushalt-wohnen\\\/kochen-backen\\\/kela-gusseisen-braeter-calido-oval\\\/\"]}]},{\"@type\":\"ImageObject\",\"inLanguage\":\"de\",\"@id\":\"https:\\\/\\\/www.werecycle.ch\\\/shop\\\/haushalt-wohnen\\\/kochen-backen\\\/kela-gusseisen-braeter-calido-oval\\\/#primaryimage\",\"url\":\"https:\\\/\\\/www.werecycle.ch\\\/wp-content\\\/uploads\\\/2024\\\/05\\\/502473.webp\",\"contentUrl\":\"https:\\\/\\\/www.werecycle.ch\\\/wp-content\\\/uploads\\\/2024\\\/05\\\/502473.webp\",\"width\":1500,\"height\":1500},{\"@type\":\"BreadcrumbList\",\"@id\":\"https:\\\/\\\/www.werecycle.ch\\\/shop\\\/haushalt-wohnen\\\/kochen-backen\\\/kela-gusseisen-braeter-calido-oval\\\/#breadcrumb\",\"itemListElement\":[{\"@type\":\"ListItem\",\"position\":1,\"name\":\"Startseite\",\"item\":\"https:\\\/\\\/www.werecycle.ch\\\/\"},{\"@type\":\"ListItem\",\"position\":2,\"name\":\"Shop\",\"item\":\"https:\\\/\\\/www.werecycle.ch\\\/de\\\/shop\\\/\"},{\"@type\":\"ListItem\",\"position\":3,\"name\":\"Gusseisen Br\u00e4ter Calido oval\"}]},{\"@type\":\"WebSite\",\"@id\":\"https:\\\/\\\/www.werecycle.ch\\\/de\\\/#website\",\"url\":\"https:\\\/\\\/www.werecycle.ch\\\/de\\\/\",\"name\":\"WeRecycle.ch | Recycling Services AG\",\"description\":\"\",\"publisher\":{\"@id\":\"https:\\\/\\\/www.werecycle.ch\\\/de\\\/#organization\"},\"potentialAction\":[{\"@type\":\"SearchAction\",\"target\":{\"@type\":\"EntryPoint\",\"urlTemplate\":\"https:\\\/\\\/www.werecycle.ch\\\/de\\\/?s={search_term_string}\"},\"query-input\":{\"@type\":\"PropertyValueSpecification\",\"valueRequired\":true,\"valueName\":\"search_term_string\"}}],\"inLanguage\":\"de\"},{\"@type\":\"Organization\",\"@id\":\"https:\\\/\\\/www.werecycle.ch\\\/de\\\/#organization\",\"name\":\"WeRecycle.ch | Recycling Services AG\",\"url\":\"https:\\\/\\\/www.werecycle.ch\\\/de\\\/\",\"logo\":{\"@type\":\"ImageObject\",\"inLanguage\":\"de\",\"@id\":\"https:\\\/\\\/www.werecycle.ch\\\/de\\\/#\\\/schema\\\/logo\\\/image\\\/\",\"url\":\"https:\\\/\\\/www.werecycle.ch\\\/wp-content\\\/uploads\\\/2022\\\/09\\\/logo_werecycle.webp\",\"contentUrl\":\"https:\\\/\\\/www.werecycle.ch\\\/wp-content\\\/uploads\\\/2022\\\/09\\\/logo_werecycle.webp\",\"width\":1423,\"height\":427,\"caption\":\"WeRecycle.ch | Recycling Services AG\"},\"image\":{\"@id\":\"https:\\\/\\\/www.werecycle.ch\\\/de\\\/#\\\/schema\\\/logo\\\/image\\\/\"},\"sameAs\":[\"https:\\\/\\\/www.facebook.com\\\/www.werecycle.ch\"]}]}<\/script>\n<!-- \/ Yoast SEO plugin. -->","yoast_head_json":{"title":"Gusseisen Br\u00e4ter Calido oval - WeRecycle.ch | WR Group AG","description":"Mit dem Kela Gusseisen Br\u00e4ter Calido in oval wird nicht nur nur die K\u00fcchenausstattung zum Hingucker, sondern auch die Koch- und Bratergebnisse.","robots":{"index":"index","follow":"follow","max-snippet":"max-snippet:-1","max-image-preview":"max-image-preview:large","max-video-preview":"max-video-preview:-1"},"canonical":"https:\/\/www.werecycle.ch\/de\/shop\/haushalt-wohnen\/kochen-backen\/kela-gusseisen-braeter-calido-oval\/","og_locale":"de_DE","og_type":"article","og_title":"Gusseisen Br\u00e4ter Calido oval - WeRecycle.ch | WR Group AG","og_description":"Mit dem Kela Gusseisen Br\u00e4ter Calido in oval wird nicht nur nur die K\u00fcchenausstattung zum Hingucker, sondern auch die Koch- und Bratergebnisse.","og_url":"https:\/\/www.werecycle.ch\/de\/shop\/haushalt-wohnen\/kochen-backen\/kela-gusseisen-braeter-calido-oval\/","og_site_name":"WeRecycle.ch | WR Group AG","article_publisher":"https:\/\/www.facebook.com\/www.werecycle.ch","article_modified_time":"2024-05-22T12:05:20+00:00","og_image":[{"width":1500,"height":1500,"url":"https:\/\/www.werecycle.ch\/wp-content\/uploads\/2024\/05\/502473.webp","type":"image\/webp"}],"twitter_card":"summary_large_image","schema":{"@context":"https:\/\/schema.org","@graph":[{"@type":"WebPage","@id":"https:\/\/www.werecycle.ch\/shop\/haushalt-wohnen\/kochen-backen\/kela-gusseisen-braeter-calido-oval\/","url":"https:\/\/www.werecycle.ch\/shop\/haushalt-wohnen\/kochen-backen\/kela-gusseisen-braeter-calido-oval\/","name":"Gusseisen Br\u00e4ter Calido oval - WeRecycle.ch | WR Group AG","isPartOf":{"@id":"https:\/\/www.werecycle.ch\/de\/#website"},"primaryImageOfPage":{"@id":"https:\/\/www.werecycle.ch\/shop\/haushalt-wohnen\/kochen-backen\/kela-gusseisen-braeter-calido-oval\/#primaryimage"},"image":{"@id":"https:\/\/www.werecycle.ch\/shop\/haushalt-wohnen\/kochen-backen\/kela-gusseisen-braeter-calido-oval\/#primaryimage"},"thumbnailUrl":"https:\/\/www.werecycle.ch\/wp-content\/uploads\/2024\/05\/502473.webp","datePublished":"2024-03-22T11:52:53+00:00","dateModified":"2024-05-22T12:05:20+00:00","description":"Mit dem Kela Gusseisen Br\u00e4ter Calido in oval wird nicht nur nur die K\u00fcchenausstattung zum Hingucker, sondern auch die Koch- und Bratergebnisse.","breadcrumb":{"@id":"https:\/\/www.werecycle.ch\/shop\/haushalt-wohnen\/kochen-backen\/kela-gusseisen-braeter-calido-oval\/#breadcrumb"},"inLanguage":"de","potentialAction":[{"@type":"ReadAction","target":["https:\/\/www.werecycle.ch\/shop\/haushalt-wohnen\/kochen-backen\/kela-gusseisen-braeter-calido-oval\/"]}]},{"@type":"ImageObject","inLanguage":"de","@id":"https:\/\/www.werecycle.ch\/shop\/haushalt-wohnen\/kochen-backen\/kela-gusseisen-braeter-calido-oval\/#primaryimage","url":"https:\/\/www.werecycle.ch\/wp-content\/uploads\/2024\/05\/502473.webp","contentUrl":"https:\/\/www.werecycle.ch\/wp-content\/uploads\/2024\/05\/502473.webp","width":1500,"height":1500},{"@type":"BreadcrumbList","@id":"https:\/\/www.werecycle.ch\/shop\/haushalt-wohnen\/kochen-backen\/kela-gusseisen-braeter-calido-oval\/#breadcrumb","itemListElement":[{"@type":"ListItem","position":1,"name":"Startseite","item":"https:\/\/www.werecycle.ch\/"},{"@type":"ListItem","position":2,"name":"Shop","item":"https:\/\/www.werecycle.ch\/de\/shop\/"},{"@type":"ListItem","position":3,"name":"Gusseisen Br\u00e4ter Calido oval"}]},{"@type":"WebSite","@id":"https:\/\/www.werecycle.ch\/de\/#website","url":"https:\/\/www.werecycle.ch\/de\/","name":"WeRecycle.ch | Recycling Services AG","description":"","publisher":{"@id":"https:\/\/www.werecycle.ch\/de\/#organization"},"potentialAction":[{"@type":"SearchAction","target":{"@type":"EntryPoint","urlTemplate":"https:\/\/www.werecycle.ch\/de\/?s={search_term_string}"},"query-input":{"@type":"PropertyValueSpecification","valueRequired":true,"valueName":"search_term_string"}}],"inLanguage":"de"},{"@type":"Organization","@id":"https:\/\/www.werecycle.ch\/de\/#organization","name":"WeRecycle.ch | Recycling Services AG","url":"https:\/\/www.werecycle.ch\/de\/","logo":{"@type":"ImageObject","inLanguage":"de","@id":"https:\/\/www.werecycle.ch\/de\/#\/schema\/logo\/image\/","url":"https:\/\/www.werecycle.ch\/wp-content\/uploads\/2022\/09\/logo_werecycle.webp","contentUrl":"https:\/\/www.werecycle.ch\/wp-content\/uploads\/2022\/09\/logo_werecycle.webp","width":1423,"height":427,"caption":"WeRecycle.ch | Recycling Services AG"},"image":{"@id":"https:\/\/www.werecycle.ch\/de\/#\/schema\/logo\/image\/"},"sameAs":["https:\/\/www.facebook.com\/www.werecycle.ch"]}]}},"tiered_pricing_type":"fixed","tiered_pricing_fixed_rules":[],"tiered_pricing_product_settings":{"layout":"default","base_unit_name":{"singular":null,"plural":null},"default_variation":null},"tiered_pricing_minimum_quantity":null,"tiered_pricing_roles_data":[],"tiered_pricing_percentage_rules":[],"_links":{"self":[{"href":"https:\/\/www.werecycle.ch\/de\/wp-json\/wp\/v2\/product\/18373","targetHints":{"allow":["GET"]}}],"collection":[{"href":"https:\/\/www.werecycle.ch\/de\/wp-json\/wp\/v2\/product"}],"about":[{"href":"https:\/\/www.werecycle.ch\/de\/wp-json\/wp\/v2\/types\/product"}],"wp:featuredmedia":[{"embeddable":true,"href":"https:\/\/www.werecycle.ch\/de\/wp-json\/wp\/v2\/media\/18378"}],"wp:attachment":[{"href":"https:\/\/www.werecycle.ch\/de\/wp-json\/wp\/v2\/media?parent=18373"}],"wp:term":[{"taxonomy":"product_brand","embeddable":true,"href":"https:\/\/www.werecycle.ch\/de\/wp-json\/wp\/v2\/product_brand?post=18373"},{"taxonomy":"product_cat","embeddable":true,"href":"https:\/\/www.werecycle.ch\/de\/wp-json\/wp\/v2\/product_cat?post=18373"},{"taxonomy":"product_tag","embeddable":true,"href":"https:\/\/www.werecycle.ch\/de\/wp-json\/wp\/v2\/product_tag?post=18373"}],"curies":[{"name":"wp","href":"https:\/\/api.w.org\/{rel}","templated":true}]}}