{"id":18236,"date":"2024-05-08T08:55:35","date_gmt":"2024-05-08T07:55:35","guid":{"rendered":"https:\/\/www.werecycle.ch\/?post_type=product&#038;p=18236"},"modified":"2026-03-04T14:35:39","modified_gmt":"2026-03-04T13:35:39","slug":"thermo-foodbehaelter-edelstahl","status":"publish","type":"product","link":"https:\/\/www.werecycle.ch\/de\/shop\/haushalt-wohnen\/aufbewahrung\/thermo-foodbehaelter-edelstahl\/","title":{"rendered":"Thermo Foodbeh\u00e4lter Edelstahl"},"content":{"rendered":"<p>Die KOOR Thermo Foodbeh\u00e4lter erm\u00f6glichen Dir kostensparende und schmackhafte Mahlzeiten f\u00fcr unterwegs. Die schicken Foodpots halten den Inhalt dank doppelwandigem Edelstahl 6 Stunden heiss oder kalt und bewahren so Geschmack und Frische. Sie sind 100% auslaufsicher und die Vacuum Isolation verhindert eine Kondensation am Beh\u00e4lter. Die Thermo Foodbeh\u00e4lter eignen sich perfekt als nachhaltige Alternative, um Deine Lieblingsspeisen zu Hause vorzukochen und unterwegs zu geniessen. Durch die grosse \u00d6ffnung l\u00e4sst er sich einfach aussp\u00fclen und reinigen.<\/p>\n<p>&nbsp;<\/p>\n<ul>\n<li>Doppelwandig<\/li>\n<li>Fassungsverm\u00f6gen: 0.4 l<\/li>\n<li>H\u00e4lt Lebensmittel bis zu 6 Stunden heiss oder kalt<\/li>\n<li>Perfekt f\u00fcr Suppe, Obst, Salate und Snacks<\/li>\n<li>Vacuum Isolation mit doppelwandigem Edelstahl<\/li>\n<li>Auslaufsicherer Deckel mit Silikondichtung<\/li>\n<li>Gewicht: 340 g; H\u00f6he 13 cm; Durchmesser: 11 cm<\/li>\n<\/ul>\n","protected":false},"excerpt":{"rendered":"<p>Doppelwandiger Edelstahl Foodbeh\u00e4lter mit 0,4 Liter Volumen.<br \/>\nH\u00e4lt Lebensmittel bis zu 6 Stunden heiss oder kalt.<\/p>\n","protected":false},"featured_media":18241,"template":"","meta":{"ocean_post_layout":"","ocean_both_sidebars_style":"","ocean_both_sidebars_content_width":0,"ocean_both_sidebars_sidebars_width":0,"ocean_sidebar":"0","ocean_second_sidebar":"0","ocean_disable_margins":"enable","ocean_add_body_class":"","ocean_shortcode_before_top_bar":"","ocean_shortcode_after_top_bar":"","ocean_shortcode_before_header":"","ocean_shortcode_after_header":"","ocean_has_shortcode":"","ocean_shortcode_after_title":"","ocean_shortcode_before_footer_widgets":"","ocean_shortcode_after_footer_widgets":"","ocean_shortcode_before_footer_bottom":"","ocean_shortcode_after_footer_bottom":"","ocean_display_top_bar":"default","ocean_display_header":"default","ocean_header_style":"","ocean_center_header_left_menu":"0","ocean_custom_header_template":"0","ocean_custom_logo":0,"ocean_custom_retina_logo":0,"ocean_custom_logo_max_width":0,"ocean_custom_logo_tablet_max_width":0,"ocean_custom_logo_mobile_max_width":0,"ocean_custom_logo_max_height":0,"ocean_custom_logo_tablet_max_height":0,"ocean_custom_logo_mobile_max_height":0,"ocean_header_custom_menu":"0","ocean_menu_typo_font_family":"0","ocean_menu_typo_font_subset":"","ocean_menu_typo_font_size":0,"ocean_menu_typo_font_size_tablet":0,"ocean_menu_typo_font_size_mobile":0,"ocean_menu_typo_font_size_unit":"px","ocean_menu_typo_font_weight":"","ocean_menu_typo_font_weight_tablet":"","ocean_menu_typo_font_weight_mobile":"","ocean_menu_typo_transform":"","ocean_menu_typo_transform_tablet":"","ocean_menu_typo_transform_mobile":"","ocean_menu_typo_line_height":0,"ocean_menu_typo_line_height_tablet":0,"ocean_menu_typo_line_height_mobile":0,"ocean_menu_typo_line_height_unit":"","ocean_menu_typo_spacing":0,"ocean_menu_typo_spacing_tablet":0,"ocean_menu_typo_spacing_mobile":0,"ocean_menu_typo_spacing_unit":"","ocean_menu_link_color":"","ocean_menu_link_color_hover":"","ocean_menu_link_color_active":"","ocean_menu_link_background":"","ocean_menu_link_hover_background":"","ocean_menu_link_active_background":"","ocean_menu_social_links_bg":"","ocean_menu_social_hover_links_bg":"","ocean_menu_social_links_color":"","ocean_menu_social_hover_links_color":"","ocean_disable_title":"default","ocean_disable_heading":"default","ocean_post_title":"","ocean_post_subheading":"","ocean_post_title_style":"","ocean_post_title_background_color":"","ocean_post_title_background":0,"ocean_post_title_bg_image_position":"","ocean_post_title_bg_image_attachment":"","ocean_post_title_bg_image_repeat":"","ocean_post_title_bg_image_size":"","ocean_post_title_height":0,"ocean_post_title_bg_overlay":0.5,"ocean_post_title_bg_overlay_color":"","ocean_disable_breadcrumbs":"default","ocean_breadcrumbs_color":"","ocean_breadcrumbs_separator_color":"","ocean_breadcrumbs_links_color":"","ocean_breadcrumbs_links_hover_color":"","ocean_display_footer_widgets":"default","ocean_display_footer_bottom":"default","ocean_custom_footer_template":"0","ofc_meta_disable_footer_callout":"","ofc_meta_callout_button_url":"","ofc_meta_callout_button_txt":"","ofc_meta_callout_text":"","osh_disable_topbar_sticky":"default","osh_disable_header_sticky":"default","osh_sticky_header_style":"default","osh_sticky_header_effect":"","osh_custom_sticky_logo":0,"osh_custom_retina_sticky_logo":0,"osh_custom_sticky_logo_height":0,"osh_background_color":"","osh_links_color":"","osh_links_hover_color":"","osh_links_active_color":"","osh_links_bg_color":"","osh_links_hover_bg_color":"","osh_links_active_bg_color":"","osh_menu_social_links_color":"","osh_menu_social_hover_links_color":""},"product_brand":[],"product_cat":[62,434],"product_tag":[733,194,545,564,521,568,740,627,1843],"class_list":{"0":"post-18236","1":"product","2":"type-product","3":"status-publish","4":"has-post-thumbnail","6":"product_cat-aufbewahrung","7":"product_cat-garten-outdoor","8":"product_tag-camping","9":"product_tag-edelstahl","10":"product_tag-essen","11":"product_tag-koor","12":"product_tag-lebensmittel","13":"product_tag-outdoor","14":"product_tag-picknick","15":"product_tag-thermo","16":"product_tag-thermosflasche","18":"entry","19":"has-media","21":"first","22":"instock","23":"taxable","24":"shipping-taxable","25":"purchasable","26":"product-type-variable","27":"has-default-attributes","28":"col","29":"span_1_of_3","30":"owp-content-center","31":"item-entry","32":"owp-thumbs-layout-horizontal","33":"owp-btn-normal","34":"owp-tabs-layout-horizontal","35":"circle-sale"},"yoast_head":"<!-- This site is optimized with the Yoast SEO plugin v27.4 - https:\/\/yoast.com\/product\/yoast-seo-wordpress\/ -->\n<title>Thermo Foodbeh\u00e4lter Edelstahl - WeRecycle.ch | WR Group AG<\/title>\n<meta name=\"description\" content=\"Doppelwandiger Edelstahl Foodbeh\u00e4lter f\u00fcr Suppen, Snacks etc. H\u00e4lt Lebensmittel bis zu 6 Stunden heiss oder kalt. 100% auslaufsicher. 0,4 Liter Volumen\" \/>\n<meta name=\"robots\" content=\"index, follow, max-snippet:-1, max-image-preview:large, max-video-preview:-1\" \/>\n<link rel=\"canonical\" href=\"https:\/\/www.werecycle.ch\/de\/shop\/haushalt-wohnen\/aufbewahrung\/thermo-foodbehaelter-edelstahl\/\" \/>\n<meta property=\"og:locale\" content=\"de_DE\" \/>\n<meta property=\"og:type\" content=\"article\" \/>\n<meta property=\"og:title\" content=\"Thermo Foodbeh\u00e4lter Edelstahl - WeRecycle.ch | WR Group AG\" \/>\n<meta property=\"og:description\" content=\"Doppelwandiger Edelstahl Foodbeh\u00e4lter f\u00fcr Suppen, Snacks etc. H\u00e4lt Lebensmittel bis zu 6 Stunden heiss oder kalt. 100% auslaufsicher. 0,4 Liter Volumen\" \/>\n<meta property=\"og:url\" content=\"https:\/\/www.werecycle.ch\/de\/shop\/haushalt-wohnen\/aufbewahrung\/thermo-foodbehaelter-edelstahl\/\" \/>\n<meta property=\"og:site_name\" content=\"WeRecycle.ch | WR Group AG\" \/>\n<meta property=\"article:publisher\" content=\"https:\/\/www.facebook.com\/www.werecycle.ch\" \/>\n<meta property=\"article:modified_time\" content=\"2026-03-04T13:35:39+00:00\" \/>\n<meta property=\"og:image\" content=\"https:\/\/www.werecycle.ch\/wp-content\/uploads\/2024\/05\/500180.webp\" \/>\n\t<meta property=\"og:image:width\" content=\"1500\" \/>\n\t<meta property=\"og:image:height\" content=\"1500\" \/>\n\t<meta property=\"og:image:type\" content=\"image\/webp\" \/>\n<meta name=\"twitter:card\" content=\"summary_large_image\" \/>\n<script type=\"application\/ld+json\" class=\"yoast-schema-graph\">{\"@context\":\"https:\\\/\\\/schema.org\",\"@graph\":[{\"@type\":\"WebPage\",\"@id\":\"https:\\\/\\\/www.werecycle.ch\\\/shop\\\/haushalt-wohnen\\\/aufbewahrung\\\/thermo-foodbehaelter-edelstahl\\\/\",\"url\":\"https:\\\/\\\/www.werecycle.ch\\\/shop\\\/haushalt-wohnen\\\/aufbewahrung\\\/thermo-foodbehaelter-edelstahl\\\/\",\"name\":\"Thermo Foodbeh\u00e4lter Edelstahl - WeRecycle.ch | WR Group AG\",\"isPartOf\":{\"@id\":\"https:\\\/\\\/www.werecycle.ch\\\/de\\\/#website\"},\"primaryImageOfPage\":{\"@id\":\"https:\\\/\\\/www.werecycle.ch\\\/shop\\\/haushalt-wohnen\\\/aufbewahrung\\\/thermo-foodbehaelter-edelstahl\\\/#primaryimage\"},\"image\":{\"@id\":\"https:\\\/\\\/www.werecycle.ch\\\/shop\\\/haushalt-wohnen\\\/aufbewahrung\\\/thermo-foodbehaelter-edelstahl\\\/#primaryimage\"},\"thumbnailUrl\":\"https:\\\/\\\/www.werecycle.ch\\\/wp-content\\\/uploads\\\/2024\\\/05\\\/500180.webp\",\"datePublished\":\"2024-05-08T07:55:35+00:00\",\"dateModified\":\"2026-03-04T13:35:39+00:00\",\"description\":\"Doppelwandiger Edelstahl Foodbeh\u00e4lter f\u00fcr Suppen, Snacks etc. H\u00e4lt Lebensmittel bis zu 6 Stunden heiss oder kalt. 100% auslaufsicher. 0,4 Liter Volumen\",\"breadcrumb\":{\"@id\":\"https:\\\/\\\/www.werecycle.ch\\\/shop\\\/haushalt-wohnen\\\/aufbewahrung\\\/thermo-foodbehaelter-edelstahl\\\/#breadcrumb\"},\"inLanguage\":\"de\",\"potentialAction\":[{\"@type\":\"ReadAction\",\"target\":[\"https:\\\/\\\/www.werecycle.ch\\\/shop\\\/haushalt-wohnen\\\/aufbewahrung\\\/thermo-foodbehaelter-edelstahl\\\/\"]}]},{\"@type\":\"ImageObject\",\"inLanguage\":\"de\",\"@id\":\"https:\\\/\\\/www.werecycle.ch\\\/shop\\\/haushalt-wohnen\\\/aufbewahrung\\\/thermo-foodbehaelter-edelstahl\\\/#primaryimage\",\"url\":\"https:\\\/\\\/www.werecycle.ch\\\/wp-content\\\/uploads\\\/2024\\\/05\\\/500180.webp\",\"contentUrl\":\"https:\\\/\\\/www.werecycle.ch\\\/wp-content\\\/uploads\\\/2024\\\/05\\\/500180.webp\",\"width\":1500,\"height\":1500},{\"@type\":\"BreadcrumbList\",\"@id\":\"https:\\\/\\\/www.werecycle.ch\\\/shop\\\/haushalt-wohnen\\\/aufbewahrung\\\/thermo-foodbehaelter-edelstahl\\\/#breadcrumb\",\"itemListElement\":[{\"@type\":\"ListItem\",\"position\":1,\"name\":\"Startseite\",\"item\":\"https:\\\/\\\/www.werecycle.ch\\\/\"},{\"@type\":\"ListItem\",\"position\":2,\"name\":\"Shop\",\"item\":\"https:\\\/\\\/www.werecycle.ch\\\/de\\\/shop\\\/\"},{\"@type\":\"ListItem\",\"position\":3,\"name\":\"Thermo Foodbeh\u00e4lter Edelstahl\"}]},{\"@type\":\"WebSite\",\"@id\":\"https:\\\/\\\/www.werecycle.ch\\\/de\\\/#website\",\"url\":\"https:\\\/\\\/www.werecycle.ch\\\/de\\\/\",\"name\":\"WeRecycle.ch | Recycling Services AG\",\"description\":\"\",\"publisher\":{\"@id\":\"https:\\\/\\\/www.werecycle.ch\\\/de\\\/#organization\"},\"potentialAction\":[{\"@type\":\"SearchAction\",\"target\":{\"@type\":\"EntryPoint\",\"urlTemplate\":\"https:\\\/\\\/www.werecycle.ch\\\/de\\\/?s={search_term_string}\"},\"query-input\":{\"@type\":\"PropertyValueSpecification\",\"valueRequired\":true,\"valueName\":\"search_term_string\"}}],\"inLanguage\":\"de\"},{\"@type\":\"Organization\",\"@id\":\"https:\\\/\\\/www.werecycle.ch\\\/de\\\/#organization\",\"name\":\"WeRecycle.ch | Recycling Services AG\",\"url\":\"https:\\\/\\\/www.werecycle.ch\\\/de\\\/\",\"logo\":{\"@type\":\"ImageObject\",\"inLanguage\":\"de\",\"@id\":\"https:\\\/\\\/www.werecycle.ch\\\/de\\\/#\\\/schema\\\/logo\\\/image\\\/\",\"url\":\"https:\\\/\\\/www.werecycle.ch\\\/wp-content\\\/uploads\\\/2022\\\/09\\\/logo_werecycle.webp\",\"contentUrl\":\"https:\\\/\\\/www.werecycle.ch\\\/wp-content\\\/uploads\\\/2022\\\/09\\\/logo_werecycle.webp\",\"width\":1423,\"height\":427,\"caption\":\"WeRecycle.ch | Recycling Services AG\"},\"image\":{\"@id\":\"https:\\\/\\\/www.werecycle.ch\\\/de\\\/#\\\/schema\\\/logo\\\/image\\\/\"},\"sameAs\":[\"https:\\\/\\\/www.facebook.com\\\/www.werecycle.ch\"]}]}<\/script>\n<!-- \/ Yoast SEO plugin. -->","yoast_head_json":{"title":"Thermo Foodbeh\u00e4lter Edelstahl - WeRecycle.ch | WR Group AG","description":"Doppelwandiger Edelstahl Foodbeh\u00e4lter f\u00fcr Suppen, Snacks etc. H\u00e4lt Lebensmittel bis zu 6 Stunden heiss oder kalt. 100% auslaufsicher. 0,4 Liter Volumen","robots":{"index":"index","follow":"follow","max-snippet":"max-snippet:-1","max-image-preview":"max-image-preview:large","max-video-preview":"max-video-preview:-1"},"canonical":"https:\/\/www.werecycle.ch\/de\/shop\/haushalt-wohnen\/aufbewahrung\/thermo-foodbehaelter-edelstahl\/","og_locale":"de_DE","og_type":"article","og_title":"Thermo Foodbeh\u00e4lter Edelstahl - WeRecycle.ch | WR Group AG","og_description":"Doppelwandiger Edelstahl Foodbeh\u00e4lter f\u00fcr Suppen, Snacks etc. H\u00e4lt Lebensmittel bis zu 6 Stunden heiss oder kalt. 100% auslaufsicher. 0,4 Liter Volumen","og_url":"https:\/\/www.werecycle.ch\/de\/shop\/haushalt-wohnen\/aufbewahrung\/thermo-foodbehaelter-edelstahl\/","og_site_name":"WeRecycle.ch | WR Group AG","article_publisher":"https:\/\/www.facebook.com\/www.werecycle.ch","article_modified_time":"2026-03-04T13:35:39+00:00","og_image":[{"width":1500,"height":1500,"url":"https:\/\/www.werecycle.ch\/wp-content\/uploads\/2024\/05\/500180.webp","type":"image\/webp"}],"twitter_card":"summary_large_image","schema":{"@context":"https:\/\/schema.org","@graph":[{"@type":"WebPage","@id":"https:\/\/www.werecycle.ch\/shop\/haushalt-wohnen\/aufbewahrung\/thermo-foodbehaelter-edelstahl\/","url":"https:\/\/www.werecycle.ch\/shop\/haushalt-wohnen\/aufbewahrung\/thermo-foodbehaelter-edelstahl\/","name":"Thermo Foodbeh\u00e4lter Edelstahl - WeRecycle.ch | WR Group AG","isPartOf":{"@id":"https:\/\/www.werecycle.ch\/de\/#website"},"primaryImageOfPage":{"@id":"https:\/\/www.werecycle.ch\/shop\/haushalt-wohnen\/aufbewahrung\/thermo-foodbehaelter-edelstahl\/#primaryimage"},"image":{"@id":"https:\/\/www.werecycle.ch\/shop\/haushalt-wohnen\/aufbewahrung\/thermo-foodbehaelter-edelstahl\/#primaryimage"},"thumbnailUrl":"https:\/\/www.werecycle.ch\/wp-content\/uploads\/2024\/05\/500180.webp","datePublished":"2024-05-08T07:55:35+00:00","dateModified":"2026-03-04T13:35:39+00:00","description":"Doppelwandiger Edelstahl Foodbeh\u00e4lter f\u00fcr Suppen, Snacks etc. H\u00e4lt Lebensmittel bis zu 6 Stunden heiss oder kalt. 100% auslaufsicher. 0,4 Liter Volumen","breadcrumb":{"@id":"https:\/\/www.werecycle.ch\/shop\/haushalt-wohnen\/aufbewahrung\/thermo-foodbehaelter-edelstahl\/#breadcrumb"},"inLanguage":"de","potentialAction":[{"@type":"ReadAction","target":["https:\/\/www.werecycle.ch\/shop\/haushalt-wohnen\/aufbewahrung\/thermo-foodbehaelter-edelstahl\/"]}]},{"@type":"ImageObject","inLanguage":"de","@id":"https:\/\/www.werecycle.ch\/shop\/haushalt-wohnen\/aufbewahrung\/thermo-foodbehaelter-edelstahl\/#primaryimage","url":"https:\/\/www.werecycle.ch\/wp-content\/uploads\/2024\/05\/500180.webp","contentUrl":"https:\/\/www.werecycle.ch\/wp-content\/uploads\/2024\/05\/500180.webp","width":1500,"height":1500},{"@type":"BreadcrumbList","@id":"https:\/\/www.werecycle.ch\/shop\/haushalt-wohnen\/aufbewahrung\/thermo-foodbehaelter-edelstahl\/#breadcrumb","itemListElement":[{"@type":"ListItem","position":1,"name":"Startseite","item":"https:\/\/www.werecycle.ch\/"},{"@type":"ListItem","position":2,"name":"Shop","item":"https:\/\/www.werecycle.ch\/de\/shop\/"},{"@type":"ListItem","position":3,"name":"Thermo Foodbeh\u00e4lter Edelstahl"}]},{"@type":"WebSite","@id":"https:\/\/www.werecycle.ch\/de\/#website","url":"https:\/\/www.werecycle.ch\/de\/","name":"WeRecycle.ch | Recycling Services AG","description":"","publisher":{"@id":"https:\/\/www.werecycle.ch\/de\/#organization"},"potentialAction":[{"@type":"SearchAction","target":{"@type":"EntryPoint","urlTemplate":"https:\/\/www.werecycle.ch\/de\/?s={search_term_string}"},"query-input":{"@type":"PropertyValueSpecification","valueRequired":true,"valueName":"search_term_string"}}],"inLanguage":"de"},{"@type":"Organization","@id":"https:\/\/www.werecycle.ch\/de\/#organization","name":"WeRecycle.ch | Recycling Services AG","url":"https:\/\/www.werecycle.ch\/de\/","logo":{"@type":"ImageObject","inLanguage":"de","@id":"https:\/\/www.werecycle.ch\/de\/#\/schema\/logo\/image\/","url":"https:\/\/www.werecycle.ch\/wp-content\/uploads\/2022\/09\/logo_werecycle.webp","contentUrl":"https:\/\/www.werecycle.ch\/wp-content\/uploads\/2022\/09\/logo_werecycle.webp","width":1423,"height":427,"caption":"WeRecycle.ch | Recycling Services AG"},"image":{"@id":"https:\/\/www.werecycle.ch\/de\/#\/schema\/logo\/image\/"},"sameAs":["https:\/\/www.facebook.com\/www.werecycle.ch"]}]}},"tiered_pricing_type":"fixed","tiered_pricing_fixed_rules":[],"tiered_pricing_product_settings":{"layout":"default","base_unit_name":{"singular":null,"plural":null},"default_variation":null},"tiered_pricing_minimum_quantity":null,"tiered_pricing_roles_data":[],"tiered_pricing_percentage_rules":[],"_links":{"self":[{"href":"https:\/\/www.werecycle.ch\/de\/wp-json\/wp\/v2\/product\/18236","targetHints":{"allow":["GET"]}}],"collection":[{"href":"https:\/\/www.werecycle.ch\/de\/wp-json\/wp\/v2\/product"}],"about":[{"href":"https:\/\/www.werecycle.ch\/de\/wp-json\/wp\/v2\/types\/product"}],"wp:featuredmedia":[{"embeddable":true,"href":"https:\/\/www.werecycle.ch\/de\/wp-json\/wp\/v2\/media\/18241"}],"wp:attachment":[{"href":"https:\/\/www.werecycle.ch\/de\/wp-json\/wp\/v2\/media?parent=18236"}],"wp:term":[{"taxonomy":"product_brand","embeddable":true,"href":"https:\/\/www.werecycle.ch\/de\/wp-json\/wp\/v2\/product_brand?post=18236"},{"taxonomy":"product_cat","embeddable":true,"href":"https:\/\/www.werecycle.ch\/de\/wp-json\/wp\/v2\/product_cat?post=18236"},{"taxonomy":"product_tag","embeddable":true,"href":"https:\/\/www.werecycle.ch\/de\/wp-json\/wp\/v2\/product_tag?post=18236"}],"curies":[{"name":"wp","href":"https:\/\/api.w.org\/{rel}","templated":true}]}}