{"id":17627,"date":"2024-03-05T08:38:26","date_gmt":"2024-03-05T07:38:26","guid":{"rendered":"https:\/\/www.werecycle.ch\/?post_type=product&#038;p=17627"},"modified":"2024-12-02T11:10:36","modified_gmt":"2024-12-02T10:10:36","slug":"schmuck-aufbewahrungsbox-kork-rechteckig","status":"publish","type":"product","link":"https:\/\/www.werecycle.ch\/de\/shop\/bekleidung\/mode-accessoires\/schmuck-aufbewahrungsbox-kork-rechteckig\/","title":{"rendered":"Schmuck Aufbewahrungsbox Rechteckig"},"content":{"rendered":"<p>Entdecke den Charme der vielseitigen Aufbewahrungsbox aus Kork, einer nat\u00fcrlichen und stilvollen L\u00f6sung f\u00fcr die Organisation Deiner wertvollen Schmuckst\u00fccke. Egal, ob Du Ringe, Halsketten oder andere kleine pers\u00f6nliche Gegenst\u00e4nde aufbewahrst, diese Korkbox bietet den perfekten Zufluchtsort. Die weiche Innenseite schont empfindlichen Schmuck und verhindert Kratzer und Besch\u00e4digungen. Nicht nur f\u00fcr den pers\u00f6nlichen Gebrauch, diese Korkschachtel kann auch als umweltfreundliche Verpackungsm\u00f6glichkeit f\u00fcr Geschenke oder Produkte dienen und verleiht ihnen einen Hauch nachhaltiger Eleganz. Mit ihrem kompakten Design und ihrer nat\u00fcrlichen \u00c4sthetik ist diese Korkbox ein Muss f\u00fcr jeden, der auf umweltbewusste Weise ein wenig Ordnung in sein Leben bringen m\u00f6chte.<\/p>\n<p>&nbsp;<\/p>\n<ul>\n<li>100% nat\u00fcrliches Material<\/li>\n<li>abnehmbarer Deckel<\/li>\n<li>Form: rechteckig<\/li>\n<li>Material: Kork<\/li>\n<li>Fair hergestellt in Portugal<\/li>\n<li>Gr\u00f6sse: 6 x 6 x 3 cm<\/li>\n<\/ul>\n","protected":false},"excerpt":{"rendered":"<p>Stilvolle Aufbewahrungsbox aus Kork f\u00fcr Schmuck oder andere Kleinigkeiten. Rechteckige Form mit abnehmbarem Deckel. Fair hergestellt in Portugal aus 100% nat\u00fcrlichem Kork.<\/p>\n","protected":false},"featured_media":17629,"template":"","meta":{"ocean_post_layout":"","ocean_both_sidebars_style":"","ocean_both_sidebars_content_width":0,"ocean_both_sidebars_sidebars_width":0,"ocean_sidebar":"0","ocean_second_sidebar":"0","ocean_disable_margins":"enable","ocean_add_body_class":"","ocean_shortcode_before_top_bar":"","ocean_shortcode_after_top_bar":"","ocean_shortcode_before_header":"","ocean_shortcode_after_header":"","ocean_has_shortcode":"","ocean_shortcode_after_title":"","ocean_shortcode_before_footer_widgets":"","ocean_shortcode_after_footer_widgets":"","ocean_shortcode_before_footer_bottom":"","ocean_shortcode_after_footer_bottom":"","ocean_display_top_bar":"default","ocean_display_header":"default","ocean_header_style":"","ocean_center_header_left_menu":"0","ocean_custom_header_template":"0","ocean_custom_logo":0,"ocean_custom_retina_logo":0,"ocean_custom_logo_max_width":0,"ocean_custom_logo_tablet_max_width":0,"ocean_custom_logo_mobile_max_width":0,"ocean_custom_logo_max_height":0,"ocean_custom_logo_tablet_max_height":0,"ocean_custom_logo_mobile_max_height":0,"ocean_header_custom_menu":"0","ocean_menu_typo_font_family":"0","ocean_menu_typo_font_subset":"","ocean_menu_typo_font_size":0,"ocean_menu_typo_font_size_tablet":0,"ocean_menu_typo_font_size_mobile":0,"ocean_menu_typo_font_size_unit":"px","ocean_menu_typo_font_weight":"","ocean_menu_typo_font_weight_tablet":"","ocean_menu_typo_font_weight_mobile":"","ocean_menu_typo_transform":"","ocean_menu_typo_transform_tablet":"","ocean_menu_typo_transform_mobile":"","ocean_menu_typo_line_height":0,"ocean_menu_typo_line_height_tablet":0,"ocean_menu_typo_line_height_mobile":0,"ocean_menu_typo_line_height_unit":"","ocean_menu_typo_spacing":0,"ocean_menu_typo_spacing_tablet":0,"ocean_menu_typo_spacing_mobile":0,"ocean_menu_typo_spacing_unit":"","ocean_menu_link_color":"","ocean_menu_link_color_hover":"","ocean_menu_link_color_active":"","ocean_menu_link_background":"","ocean_menu_link_hover_background":"","ocean_menu_link_active_background":"","ocean_menu_social_links_bg":"","ocean_menu_social_hover_links_bg":"","ocean_menu_social_links_color":"","ocean_menu_social_hover_links_color":"","ocean_disable_title":"default","ocean_disable_heading":"default","ocean_post_title":"","ocean_post_subheading":"","ocean_post_title_style":"","ocean_post_title_background_color":"","ocean_post_title_background":0,"ocean_post_title_bg_image_position":"","ocean_post_title_bg_image_attachment":"","ocean_post_title_bg_image_repeat":"","ocean_post_title_bg_image_size":"","ocean_post_title_height":0,"ocean_post_title_bg_overlay":0.5,"ocean_post_title_bg_overlay_color":"","ocean_disable_breadcrumbs":"default","ocean_breadcrumbs_color":"","ocean_breadcrumbs_separator_color":"","ocean_breadcrumbs_links_color":"","ocean_breadcrumbs_links_hover_color":"","ocean_display_footer_widgets":"default","ocean_display_footer_bottom":"default","ocean_custom_footer_template":"0","ofc_meta_disable_footer_callout":"","ofc_meta_callout_button_url":"","ofc_meta_callout_button_txt":"","ofc_meta_callout_text":"","osh_disable_topbar_sticky":"default","osh_disable_header_sticky":"default","osh_sticky_header_style":"default","osh_sticky_header_effect":"","osh_custom_sticky_logo":0,"osh_custom_retina_sticky_logo":0,"osh_custom_sticky_logo_height":0,"osh_background_color":"","osh_links_color":"","osh_links_hover_color":"","osh_links_active_color":"","osh_links_bg_color":"","osh_links_hover_bg_color":"","osh_links_active_bg_color":"","osh_menu_social_links_color":"","osh_menu_social_hover_links_color":""},"product_brand":[],"product_cat":[66,72],"product_tag":[],"class_list":{"0":"post-17627","1":"product","2":"type-product","3":"status-publish","4":"has-post-thumbnail","6":"product_cat-accessoires","7":"product_cat-mode-accessoires","8":"product_shipping_class-paket","10":"entry","11":"has-media","13":"first","14":"instock","15":"taxable","16":"shipping-taxable","17":"purchasable","18":"product-type-simple","19":"col","20":"span_1_of_3","21":"owp-content-center","22":"item-entry","23":"owp-thumbs-layout-horizontal","24":"owp-btn-normal","25":"owp-tabs-layout-horizontal","26":"circle-sale"},"yoast_head":"<!-- This site is optimized with the Yoast SEO plugin v27.4 - https:\/\/yoast.com\/product\/yoast-seo-wordpress\/ -->\n<title>Schmuck Aufbewahrungsbox Rechteckig - WeRecycle.ch | WR Group AG<\/title>\n<meta name=\"description\" content=\"Stilvolle Aufbewahrungsbox aus Kork f\u00fcr Schmuck oder andere Kleinigkeiten. Rechteckige Form mit abnehmbarem Deckel. Fair hergestellt aus 100% nat\u00fcrlichem Kork.\" \/>\n<meta name=\"robots\" content=\"index, follow, max-snippet:-1, max-image-preview:large, max-video-preview:-1\" \/>\n<link rel=\"canonical\" href=\"https:\/\/www.werecycle.ch\/de\/shop\/bekleidung\/mode-accessoires\/schmuck-aufbewahrungsbox-kork-rechteckig\/\" \/>\n<meta property=\"og:locale\" content=\"de_DE\" \/>\n<meta property=\"og:type\" content=\"article\" \/>\n<meta property=\"og:title\" content=\"Schmuck Aufbewahrungsbox Rechteckig - WeRecycle.ch | WR Group AG\" \/>\n<meta property=\"og:description\" content=\"Stilvolle Aufbewahrungsbox aus Kork f\u00fcr Schmuck oder andere Kleinigkeiten. Rechteckige Form mit abnehmbarem Deckel. Fair hergestellt aus 100% nat\u00fcrlichem Kork.\" \/>\n<meta property=\"og:url\" content=\"https:\/\/www.werecycle.ch\/de\/shop\/bekleidung\/mode-accessoires\/schmuck-aufbewahrungsbox-kork-rechteckig\/\" \/>\n<meta property=\"og:site_name\" content=\"WeRecycle.ch | WR Group AG\" \/>\n<meta property=\"article:publisher\" content=\"https:\/\/www.facebook.com\/www.werecycle.ch\" \/>\n<meta property=\"article:modified_time\" content=\"2024-12-02T10:10:36+00:00\" \/>\n<meta property=\"og:image\" content=\"https:\/\/www.werecycle.ch\/wp-content\/uploads\/2024\/04\/701052.webp\" \/>\n\t<meta property=\"og:image:width\" content=\"1000\" \/>\n\t<meta property=\"og:image:height\" content=\"1000\" \/>\n\t<meta property=\"og:image:type\" content=\"image\/webp\" \/>\n<meta name=\"twitter:card\" content=\"summary_large_image\" \/>\n<script type=\"application\/ld+json\" class=\"yoast-schema-graph\">{\"@context\":\"https:\\\/\\\/schema.org\",\"@graph\":[{\"@type\":\"WebPage\",\"@id\":\"https:\\\/\\\/www.werecycle.ch\\\/shop\\\/bekleidung\\\/mode-accessoires\\\/schmuck-aufbewahrungsbox-kork-rechteckig\\\/\",\"url\":\"https:\\\/\\\/www.werecycle.ch\\\/shop\\\/bekleidung\\\/mode-accessoires\\\/schmuck-aufbewahrungsbox-kork-rechteckig\\\/\",\"name\":\"Schmuck Aufbewahrungsbox Rechteckig - WeRecycle.ch | WR Group AG\",\"isPartOf\":{\"@id\":\"https:\\\/\\\/www.werecycle.ch\\\/de\\\/#website\"},\"primaryImageOfPage\":{\"@id\":\"https:\\\/\\\/www.werecycle.ch\\\/shop\\\/bekleidung\\\/mode-accessoires\\\/schmuck-aufbewahrungsbox-kork-rechteckig\\\/#primaryimage\"},\"image\":{\"@id\":\"https:\\\/\\\/www.werecycle.ch\\\/shop\\\/bekleidung\\\/mode-accessoires\\\/schmuck-aufbewahrungsbox-kork-rechteckig\\\/#primaryimage\"},\"thumbnailUrl\":\"https:\\\/\\\/www.werecycle.ch\\\/wp-content\\\/uploads\\\/2024\\\/04\\\/701052.webp\",\"datePublished\":\"2024-03-05T07:38:26+00:00\",\"dateModified\":\"2024-12-02T10:10:36+00:00\",\"description\":\"Stilvolle Aufbewahrungsbox aus Kork f\u00fcr Schmuck oder andere Kleinigkeiten. Rechteckige Form mit abnehmbarem Deckel. Fair hergestellt aus 100% nat\u00fcrlichem Kork.\",\"breadcrumb\":{\"@id\":\"https:\\\/\\\/www.werecycle.ch\\\/shop\\\/bekleidung\\\/mode-accessoires\\\/schmuck-aufbewahrungsbox-kork-rechteckig\\\/#breadcrumb\"},\"inLanguage\":\"de\",\"potentialAction\":[{\"@type\":\"ReadAction\",\"target\":[\"https:\\\/\\\/www.werecycle.ch\\\/shop\\\/bekleidung\\\/mode-accessoires\\\/schmuck-aufbewahrungsbox-kork-rechteckig\\\/\"]}]},{\"@type\":\"ImageObject\",\"inLanguage\":\"de\",\"@id\":\"https:\\\/\\\/www.werecycle.ch\\\/shop\\\/bekleidung\\\/mode-accessoires\\\/schmuck-aufbewahrungsbox-kork-rechteckig\\\/#primaryimage\",\"url\":\"https:\\\/\\\/www.werecycle.ch\\\/wp-content\\\/uploads\\\/2024\\\/04\\\/701052.webp\",\"contentUrl\":\"https:\\\/\\\/www.werecycle.ch\\\/wp-content\\\/uploads\\\/2024\\\/04\\\/701052.webp\",\"width\":1000,\"height\":1000},{\"@type\":\"BreadcrumbList\",\"@id\":\"https:\\\/\\\/www.werecycle.ch\\\/shop\\\/bekleidung\\\/mode-accessoires\\\/schmuck-aufbewahrungsbox-kork-rechteckig\\\/#breadcrumb\",\"itemListElement\":[{\"@type\":\"ListItem\",\"position\":1,\"name\":\"Startseite\",\"item\":\"https:\\\/\\\/www.werecycle.ch\\\/\"},{\"@type\":\"ListItem\",\"position\":2,\"name\":\"Shop\",\"item\":\"https:\\\/\\\/www.werecycle.ch\\\/de\\\/shop\\\/\"},{\"@type\":\"ListItem\",\"position\":3,\"name\":\"Schmuck Aufbewahrungsbox Rechteckig\"}]},{\"@type\":\"WebSite\",\"@id\":\"https:\\\/\\\/www.werecycle.ch\\\/de\\\/#website\",\"url\":\"https:\\\/\\\/www.werecycle.ch\\\/de\\\/\",\"name\":\"WeRecycle.ch | Recycling Services AG\",\"description\":\"\",\"publisher\":{\"@id\":\"https:\\\/\\\/www.werecycle.ch\\\/de\\\/#organization\"},\"potentialAction\":[{\"@type\":\"SearchAction\",\"target\":{\"@type\":\"EntryPoint\",\"urlTemplate\":\"https:\\\/\\\/www.werecycle.ch\\\/de\\\/?s={search_term_string}\"},\"query-input\":{\"@type\":\"PropertyValueSpecification\",\"valueRequired\":true,\"valueName\":\"search_term_string\"}}],\"inLanguage\":\"de\"},{\"@type\":\"Organization\",\"@id\":\"https:\\\/\\\/www.werecycle.ch\\\/de\\\/#organization\",\"name\":\"WeRecycle.ch | Recycling Services AG\",\"url\":\"https:\\\/\\\/www.werecycle.ch\\\/de\\\/\",\"logo\":{\"@type\":\"ImageObject\",\"inLanguage\":\"de\",\"@id\":\"https:\\\/\\\/www.werecycle.ch\\\/de\\\/#\\\/schema\\\/logo\\\/image\\\/\",\"url\":\"https:\\\/\\\/www.werecycle.ch\\\/wp-content\\\/uploads\\\/2022\\\/09\\\/logo_werecycle.webp\",\"contentUrl\":\"https:\\\/\\\/www.werecycle.ch\\\/wp-content\\\/uploads\\\/2022\\\/09\\\/logo_werecycle.webp\",\"width\":1423,\"height\":427,\"caption\":\"WeRecycle.ch | Recycling Services AG\"},\"image\":{\"@id\":\"https:\\\/\\\/www.werecycle.ch\\\/de\\\/#\\\/schema\\\/logo\\\/image\\\/\"},\"sameAs\":[\"https:\\\/\\\/www.facebook.com\\\/www.werecycle.ch\"]}]}<\/script>\n<!-- \/ Yoast SEO plugin. -->","yoast_head_json":{"title":"Schmuck Aufbewahrungsbox Rechteckig - WeRecycle.ch | WR Group AG","description":"Stilvolle Aufbewahrungsbox aus Kork f\u00fcr Schmuck oder andere Kleinigkeiten. Rechteckige Form mit abnehmbarem Deckel. Fair hergestellt aus 100% nat\u00fcrlichem Kork.","robots":{"index":"index","follow":"follow","max-snippet":"max-snippet:-1","max-image-preview":"max-image-preview:large","max-video-preview":"max-video-preview:-1"},"canonical":"https:\/\/www.werecycle.ch\/de\/shop\/bekleidung\/mode-accessoires\/schmuck-aufbewahrungsbox-kork-rechteckig\/","og_locale":"de_DE","og_type":"article","og_title":"Schmuck Aufbewahrungsbox Rechteckig - WeRecycle.ch | WR Group AG","og_description":"Stilvolle Aufbewahrungsbox aus Kork f\u00fcr Schmuck oder andere Kleinigkeiten. Rechteckige Form mit abnehmbarem Deckel. Fair hergestellt aus 100% nat\u00fcrlichem Kork.","og_url":"https:\/\/www.werecycle.ch\/de\/shop\/bekleidung\/mode-accessoires\/schmuck-aufbewahrungsbox-kork-rechteckig\/","og_site_name":"WeRecycle.ch | WR Group AG","article_publisher":"https:\/\/www.facebook.com\/www.werecycle.ch","article_modified_time":"2024-12-02T10:10:36+00:00","og_image":[{"width":1000,"height":1000,"url":"https:\/\/www.werecycle.ch\/wp-content\/uploads\/2024\/04\/701052.webp","type":"image\/webp"}],"twitter_card":"summary_large_image","schema":{"@context":"https:\/\/schema.org","@graph":[{"@type":"WebPage","@id":"https:\/\/www.werecycle.ch\/shop\/bekleidung\/mode-accessoires\/schmuck-aufbewahrungsbox-kork-rechteckig\/","url":"https:\/\/www.werecycle.ch\/shop\/bekleidung\/mode-accessoires\/schmuck-aufbewahrungsbox-kork-rechteckig\/","name":"Schmuck Aufbewahrungsbox Rechteckig - WeRecycle.ch | WR Group AG","isPartOf":{"@id":"https:\/\/www.werecycle.ch\/de\/#website"},"primaryImageOfPage":{"@id":"https:\/\/www.werecycle.ch\/shop\/bekleidung\/mode-accessoires\/schmuck-aufbewahrungsbox-kork-rechteckig\/#primaryimage"},"image":{"@id":"https:\/\/www.werecycle.ch\/shop\/bekleidung\/mode-accessoires\/schmuck-aufbewahrungsbox-kork-rechteckig\/#primaryimage"},"thumbnailUrl":"https:\/\/www.werecycle.ch\/wp-content\/uploads\/2024\/04\/701052.webp","datePublished":"2024-03-05T07:38:26+00:00","dateModified":"2024-12-02T10:10:36+00:00","description":"Stilvolle Aufbewahrungsbox aus Kork f\u00fcr Schmuck oder andere Kleinigkeiten. Rechteckige Form mit abnehmbarem Deckel. Fair hergestellt aus 100% nat\u00fcrlichem Kork.","breadcrumb":{"@id":"https:\/\/www.werecycle.ch\/shop\/bekleidung\/mode-accessoires\/schmuck-aufbewahrungsbox-kork-rechteckig\/#breadcrumb"},"inLanguage":"de","potentialAction":[{"@type":"ReadAction","target":["https:\/\/www.werecycle.ch\/shop\/bekleidung\/mode-accessoires\/schmuck-aufbewahrungsbox-kork-rechteckig\/"]}]},{"@type":"ImageObject","inLanguage":"de","@id":"https:\/\/www.werecycle.ch\/shop\/bekleidung\/mode-accessoires\/schmuck-aufbewahrungsbox-kork-rechteckig\/#primaryimage","url":"https:\/\/www.werecycle.ch\/wp-content\/uploads\/2024\/04\/701052.webp","contentUrl":"https:\/\/www.werecycle.ch\/wp-content\/uploads\/2024\/04\/701052.webp","width":1000,"height":1000},{"@type":"BreadcrumbList","@id":"https:\/\/www.werecycle.ch\/shop\/bekleidung\/mode-accessoires\/schmuck-aufbewahrungsbox-kork-rechteckig\/#breadcrumb","itemListElement":[{"@type":"ListItem","position":1,"name":"Startseite","item":"https:\/\/www.werecycle.ch\/"},{"@type":"ListItem","position":2,"name":"Shop","item":"https:\/\/www.werecycle.ch\/de\/shop\/"},{"@type":"ListItem","position":3,"name":"Schmuck Aufbewahrungsbox Rechteckig"}]},{"@type":"WebSite","@id":"https:\/\/www.werecycle.ch\/de\/#website","url":"https:\/\/www.werecycle.ch\/de\/","name":"WeRecycle.ch | Recycling Services AG","description":"","publisher":{"@id":"https:\/\/www.werecycle.ch\/de\/#organization"},"potentialAction":[{"@type":"SearchAction","target":{"@type":"EntryPoint","urlTemplate":"https:\/\/www.werecycle.ch\/de\/?s={search_term_string}"},"query-input":{"@type":"PropertyValueSpecification","valueRequired":true,"valueName":"search_term_string"}}],"inLanguage":"de"},{"@type":"Organization","@id":"https:\/\/www.werecycle.ch\/de\/#organization","name":"WeRecycle.ch | Recycling Services AG","url":"https:\/\/www.werecycle.ch\/de\/","logo":{"@type":"ImageObject","inLanguage":"de","@id":"https:\/\/www.werecycle.ch\/de\/#\/schema\/logo\/image\/","url":"https:\/\/www.werecycle.ch\/wp-content\/uploads\/2022\/09\/logo_werecycle.webp","contentUrl":"https:\/\/www.werecycle.ch\/wp-content\/uploads\/2022\/09\/logo_werecycle.webp","width":1423,"height":427,"caption":"WeRecycle.ch | Recycling Services AG"},"image":{"@id":"https:\/\/www.werecycle.ch\/de\/#\/schema\/logo\/image\/"},"sameAs":["https:\/\/www.facebook.com\/www.werecycle.ch"]}]}},"tiered_pricing_type":"fixed","tiered_pricing_fixed_rules":[],"tiered_pricing_product_settings":{"layout":"default","base_unit_name":{"singular":null,"plural":null},"default_variation":null},"tiered_pricing_minimum_quantity":null,"tiered_pricing_roles_data":[],"tiered_pricing_percentage_rules":[],"_links":{"self":[{"href":"https:\/\/www.werecycle.ch\/de\/wp-json\/wp\/v2\/product\/17627","targetHints":{"allow":["GET"]}}],"collection":[{"href":"https:\/\/www.werecycle.ch\/de\/wp-json\/wp\/v2\/product"}],"about":[{"href":"https:\/\/www.werecycle.ch\/de\/wp-json\/wp\/v2\/types\/product"}],"wp:featuredmedia":[{"embeddable":true,"href":"https:\/\/www.werecycle.ch\/de\/wp-json\/wp\/v2\/media\/17629"}],"wp:attachment":[{"href":"https:\/\/www.werecycle.ch\/de\/wp-json\/wp\/v2\/media?parent=17627"}],"wp:term":[{"taxonomy":"product_brand","embeddable":true,"href":"https:\/\/www.werecycle.ch\/de\/wp-json\/wp\/v2\/product_brand?post=17627"},{"taxonomy":"product_cat","embeddable":true,"href":"https:\/\/www.werecycle.ch\/de\/wp-json\/wp\/v2\/product_cat?post=17627"},{"taxonomy":"product_tag","embeddable":true,"href":"https:\/\/www.werecycle.ch\/de\/wp-json\/wp\/v2\/product_tag?post=17627"}],"curies":[{"name":"wp","href":"https:\/\/api.w.org\/{rel}","templated":true}]}}