{"id":17089,"date":"2023-11-01T08:33:52","date_gmt":"2023-11-01T07:33:52","guid":{"rendered":"https:\/\/www.werecycle.ch\/?post_type=product&#038;p=17089"},"modified":"2024-07-16T15:48:47","modified_gmt":"2024-07-16T14:48:47","slug":"hunde-spielzeug-knotenseil-ball-mehrfarbig","status":"publish","type":"product","link":"https:\/\/www.werecycle.ch\/de\/shop\/tierbedarf\/hunde-spielzeug-knotenseil-ball-mehrfarbig\/","title":{"rendered":"Hunde-Spielzeug Knotenseil-Ball Mehrfarbig"},"content":{"rendered":"<p>Spielseile eignen sich zum gemeinsamen Spiel und zur selbstst\u00e4ndigen Besch\u00e4ftigung ihres Hundes. Ob zum Austoben bei Zieh- und Zerrspielen oder zum Fordern bei Apportier- oder Suchspielen. Dieses Spielseil aus der Serie \u00abRope Toy\u00bb besteht aus einem geknotetem Seil aus Baumwolle und tr\u00e4gt zur Zahnpflege bei.<\/p>\n<p>Die sch\u00f6nste Zeit f\u00fcr einen Hund ist die, die er spielerisch mit Dir verbringen kann. Gemeinsame Aktivit\u00e4ten vertiefen die Beziehung und schaffen Vertrauen. Hunde wollen zudem k\u00f6rperlich und geistig gefordert werden, dadurch bleiben sie ausdauernd und behalten ihre Reaktionsf\u00e4higkeit und Schnelligkeit. Eine sinnvolle Herausforderung sind Intelligenzspiele, welche die Aktivit\u00e4t Deines Hundes f\u00f6rdert und ihn fit halten. Spass ist garantiert \u2013 f\u00fcr beide Teilnehmer.<\/p>\n<p>&nbsp;<\/p>\n<ul class=\"cds-List cds-List--Bulleted\">\n<li>Baumwolle<\/li>\n<li>Ideal als Wurfspielzeug aber auch zur Zahnpflege w\u00e4hrend dem Spiel<\/li>\n<li>Durchmesser: ca. 7,5 cm<\/li>\n<li>Farbe: Mehrfarbig<\/li>\n<\/ul>\n","protected":false},"excerpt":{"rendered":"<p>Mehrfarbiger Spielseil-Ball f\u00fcr Hunde aus Baumwolle f\u00fcr gemeinsame Spiel und Zahnpflege w\u00e4hrend dem Spiel.<\/p>\n","protected":false},"featured_media":17090,"template":"","meta":{"ocean_post_layout":"","ocean_both_sidebars_style":"","ocean_both_sidebars_content_width":0,"ocean_both_sidebars_sidebars_width":0,"ocean_sidebar":"0","ocean_second_sidebar":"0","ocean_disable_margins":"enable","ocean_add_body_class":"","ocean_shortcode_before_top_bar":"","ocean_shortcode_after_top_bar":"","ocean_shortcode_before_header":"","ocean_shortcode_after_header":"","ocean_has_shortcode":"","ocean_shortcode_after_title":"","ocean_shortcode_before_footer_widgets":"","ocean_shortcode_after_footer_widgets":"","ocean_shortcode_before_footer_bottom":"","ocean_shortcode_after_footer_bottom":"","ocean_display_top_bar":"default","ocean_display_header":"default","ocean_header_style":"","ocean_center_header_left_menu":"0","ocean_custom_header_template":"0","ocean_custom_logo":0,"ocean_custom_retina_logo":0,"ocean_custom_logo_max_width":0,"ocean_custom_logo_tablet_max_width":0,"ocean_custom_logo_mobile_max_width":0,"ocean_custom_logo_max_height":0,"ocean_custom_logo_tablet_max_height":0,"ocean_custom_logo_mobile_max_height":0,"ocean_header_custom_menu":"0","ocean_menu_typo_font_family":"0","ocean_menu_typo_font_subset":"","ocean_menu_typo_font_size":0,"ocean_menu_typo_font_size_tablet":0,"ocean_menu_typo_font_size_mobile":0,"ocean_menu_typo_font_size_unit":"px","ocean_menu_typo_font_weight":"","ocean_menu_typo_font_weight_tablet":"","ocean_menu_typo_font_weight_mobile":"","ocean_menu_typo_transform":"","ocean_menu_typo_transform_tablet":"","ocean_menu_typo_transform_mobile":"","ocean_menu_typo_line_height":0,"ocean_menu_typo_line_height_tablet":0,"ocean_menu_typo_line_height_mobile":0,"ocean_menu_typo_line_height_unit":"","ocean_menu_typo_spacing":0,"ocean_menu_typo_spacing_tablet":0,"ocean_menu_typo_spacing_mobile":0,"ocean_menu_typo_spacing_unit":"","ocean_menu_link_color":"","ocean_menu_link_color_hover":"","ocean_menu_link_color_active":"","ocean_menu_link_background":"","ocean_menu_link_hover_background":"","ocean_menu_link_active_background":"","ocean_menu_social_links_bg":"","ocean_menu_social_hover_links_bg":"","ocean_menu_social_links_color":"","ocean_menu_social_hover_links_color":"","ocean_disable_title":"default","ocean_disable_heading":"default","ocean_post_title":"","ocean_post_subheading":"","ocean_post_title_style":"","ocean_post_title_background_color":"","ocean_post_title_background":0,"ocean_post_title_bg_image_position":"","ocean_post_title_bg_image_attachment":"","ocean_post_title_bg_image_repeat":"","ocean_post_title_bg_image_size":"","ocean_post_title_height":0,"ocean_post_title_bg_overlay":0.5,"ocean_post_title_bg_overlay_color":"","ocean_disable_breadcrumbs":"default","ocean_breadcrumbs_color":"","ocean_breadcrumbs_separator_color":"","ocean_breadcrumbs_links_color":"","ocean_breadcrumbs_links_hover_color":"","ocean_display_footer_widgets":"default","ocean_display_footer_bottom":"default","ocean_custom_footer_template":"0","ofc_meta_disable_footer_callout":"","ofc_meta_callout_button_url":"","ofc_meta_callout_button_txt":"","ofc_meta_callout_text":"","osh_disable_topbar_sticky":"default","osh_disable_header_sticky":"default","osh_sticky_header_style":"default","osh_sticky_header_effect":"","osh_custom_sticky_logo":0,"osh_custom_retina_sticky_logo":0,"osh_custom_sticky_logo_height":0,"osh_background_color":"","osh_links_color":"","osh_links_hover_color":"","osh_links_active_color":"","osh_links_bg_color":"","osh_links_hover_bg_color":"","osh_links_active_bg_color":"","osh_menu_social_links_color":"","osh_menu_social_hover_links_color":""},"product_brand":[],"product_cat":[1669],"product_tag":[613,1301,1700,1352,1714,1673],"class_list":{"0":"post-17089","1":"product","2":"type-product","3":"status-publish","4":"has-post-thumbnail","6":"product_cat-tierbedarf","7":"product_tag-baumwolle","8":"product_tag-haustier","9":"product_tag-hund","10":"product_tag-hunde","11":"product_tag-hundespielzeug","12":"product_tag-tierbedarf","14":"entry","15":"has-media","17":"first","18":"instock","19":"taxable","20":"shipping-taxable","21":"purchasable","22":"product-type-simple","23":"col","24":"span_1_of_3","25":"owp-content-center","26":"item-entry","27":"owp-thumbs-layout-horizontal","28":"owp-btn-normal","29":"owp-tabs-layout-horizontal","30":"circle-sale"},"yoast_head":"<!-- This site is optimized with the Yoast SEO plugin v27.5 - https:\/\/yoast.com\/product\/yoast-seo-wordpress\/ -->\n<title>Hunde-Spielzeug Knotenseil-Ball Mehrfarbig - WeRecycle.ch | WR Group AG<\/title>\n<meta name=\"description\" content=\"Mehrfarbiger Spielseil-Ball f\u00fcr Hunde aus Baumwolle f\u00fcr gemeinsame Spiel und zur Zahnreinigung w\u00e4hrend dem Spiel. Durchmesser: ca. 7,5 cm\" \/>\n<meta name=\"robots\" content=\"index, follow, max-snippet:-1, max-image-preview:large, max-video-preview:-1\" \/>\n<link rel=\"canonical\" href=\"https:\/\/www.werecycle.ch\/de\/shop\/tierbedarf\/hunde-spielzeug-knotenseil-ball-mehrfarbig\/\" \/>\n<meta property=\"og:locale\" content=\"de_DE\" \/>\n<meta property=\"og:type\" content=\"article\" \/>\n<meta property=\"og:title\" content=\"Hunde-Spielzeug Knotenseil-Ball Mehrfarbig - WeRecycle.ch | WR Group AG\" \/>\n<meta property=\"og:description\" content=\"Mehrfarbiger Spielseil-Ball f\u00fcr Hunde aus Baumwolle f\u00fcr gemeinsame Spiel und zur Zahnreinigung w\u00e4hrend dem Spiel. Durchmesser: ca. 7,5 cm\" \/>\n<meta property=\"og:url\" content=\"https:\/\/www.werecycle.ch\/de\/shop\/tierbedarf\/hunde-spielzeug-knotenseil-ball-mehrfarbig\/\" \/>\n<meta property=\"og:site_name\" content=\"WeRecycle.ch | WR Group AG\" \/>\n<meta property=\"article:publisher\" content=\"https:\/\/www.facebook.com\/www.werecycle.ch\" \/>\n<meta property=\"article:modified_time\" content=\"2024-07-16T14:48:47+00:00\" \/>\n<meta property=\"og:image\" content=\"https:\/\/www.werecycle.ch\/wp-content\/uploads\/2024\/03\/509325.webp\" \/>\n\t<meta property=\"og:image:width\" content=\"1000\" \/>\n\t<meta property=\"og:image:height\" content=\"1000\" \/>\n\t<meta property=\"og:image:type\" content=\"image\/webp\" \/>\n<meta name=\"twitter:card\" content=\"summary_large_image\" \/>\n<script type=\"application\/ld+json\" class=\"yoast-schema-graph\">{\"@context\":\"https:\\\/\\\/schema.org\",\"@graph\":[{\"@type\":\"WebPage\",\"@id\":\"https:\\\/\\\/www.werecycle.ch\\\/shop\\\/tierbedarf\\\/hunde-spielzeug-knotenseil-ball-mehrfarbig\\\/\",\"url\":\"https:\\\/\\\/www.werecycle.ch\\\/shop\\\/tierbedarf\\\/hunde-spielzeug-knotenseil-ball-mehrfarbig\\\/\",\"name\":\"Hunde-Spielzeug Knotenseil-Ball Mehrfarbig - WeRecycle.ch | WR Group AG\",\"isPartOf\":{\"@id\":\"https:\\\/\\\/www.werecycle.ch\\\/de\\\/#website\"},\"primaryImageOfPage\":{\"@id\":\"https:\\\/\\\/www.werecycle.ch\\\/shop\\\/tierbedarf\\\/hunde-spielzeug-knotenseil-ball-mehrfarbig\\\/#primaryimage\"},\"image\":{\"@id\":\"https:\\\/\\\/www.werecycle.ch\\\/shop\\\/tierbedarf\\\/hunde-spielzeug-knotenseil-ball-mehrfarbig\\\/#primaryimage\"},\"thumbnailUrl\":\"https:\\\/\\\/www.werecycle.ch\\\/wp-content\\\/uploads\\\/2024\\\/03\\\/509325.webp\",\"datePublished\":\"2023-11-01T07:33:52+00:00\",\"dateModified\":\"2024-07-16T14:48:47+00:00\",\"description\":\"Mehrfarbiger Spielseil-Ball f\u00fcr Hunde aus Baumwolle f\u00fcr gemeinsame Spiel und zur Zahnreinigung w\u00e4hrend dem Spiel. Durchmesser: ca. 7,5 cm\",\"breadcrumb\":{\"@id\":\"https:\\\/\\\/www.werecycle.ch\\\/shop\\\/tierbedarf\\\/hunde-spielzeug-knotenseil-ball-mehrfarbig\\\/#breadcrumb\"},\"inLanguage\":\"de\",\"potentialAction\":[{\"@type\":\"ReadAction\",\"target\":[\"https:\\\/\\\/www.werecycle.ch\\\/shop\\\/tierbedarf\\\/hunde-spielzeug-knotenseil-ball-mehrfarbig\\\/\"]}]},{\"@type\":\"ImageObject\",\"inLanguage\":\"de\",\"@id\":\"https:\\\/\\\/www.werecycle.ch\\\/shop\\\/tierbedarf\\\/hunde-spielzeug-knotenseil-ball-mehrfarbig\\\/#primaryimage\",\"url\":\"https:\\\/\\\/www.werecycle.ch\\\/wp-content\\\/uploads\\\/2024\\\/03\\\/509325.webp\",\"contentUrl\":\"https:\\\/\\\/www.werecycle.ch\\\/wp-content\\\/uploads\\\/2024\\\/03\\\/509325.webp\",\"width\":1000,\"height\":1000},{\"@type\":\"BreadcrumbList\",\"@id\":\"https:\\\/\\\/www.werecycle.ch\\\/shop\\\/tierbedarf\\\/hunde-spielzeug-knotenseil-ball-mehrfarbig\\\/#breadcrumb\",\"itemListElement\":[{\"@type\":\"ListItem\",\"position\":1,\"name\":\"Startseite\",\"item\":\"https:\\\/\\\/www.werecycle.ch\\\/\"},{\"@type\":\"ListItem\",\"position\":2,\"name\":\"Shop\",\"item\":\"https:\\\/\\\/www.werecycle.ch\\\/de\\\/shop\\\/\"},{\"@type\":\"ListItem\",\"position\":3,\"name\":\"Hunde-Spielzeug Knotenseil-Ball Mehrfarbig\"}]},{\"@type\":\"WebSite\",\"@id\":\"https:\\\/\\\/www.werecycle.ch\\\/de\\\/#website\",\"url\":\"https:\\\/\\\/www.werecycle.ch\\\/de\\\/\",\"name\":\"WeRecycle.ch | Recycling Services AG\",\"description\":\"\",\"publisher\":{\"@id\":\"https:\\\/\\\/www.werecycle.ch\\\/de\\\/#organization\"},\"potentialAction\":[{\"@type\":\"SearchAction\",\"target\":{\"@type\":\"EntryPoint\",\"urlTemplate\":\"https:\\\/\\\/www.werecycle.ch\\\/de\\\/?s={search_term_string}\"},\"query-input\":{\"@type\":\"PropertyValueSpecification\",\"valueRequired\":true,\"valueName\":\"search_term_string\"}}],\"inLanguage\":\"de\"},{\"@type\":\"Organization\",\"@id\":\"https:\\\/\\\/www.werecycle.ch\\\/de\\\/#organization\",\"name\":\"WeRecycle.ch | Recycling Services AG\",\"url\":\"https:\\\/\\\/www.werecycle.ch\\\/de\\\/\",\"logo\":{\"@type\":\"ImageObject\",\"inLanguage\":\"de\",\"@id\":\"https:\\\/\\\/www.werecycle.ch\\\/de\\\/#\\\/schema\\\/logo\\\/image\\\/\",\"url\":\"https:\\\/\\\/www.werecycle.ch\\\/wp-content\\\/uploads\\\/2022\\\/09\\\/logo_werecycle.webp\",\"contentUrl\":\"https:\\\/\\\/www.werecycle.ch\\\/wp-content\\\/uploads\\\/2022\\\/09\\\/logo_werecycle.webp\",\"width\":1423,\"height\":427,\"caption\":\"WeRecycle.ch | Recycling Services AG\"},\"image\":{\"@id\":\"https:\\\/\\\/www.werecycle.ch\\\/de\\\/#\\\/schema\\\/logo\\\/image\\\/\"},\"sameAs\":[\"https:\\\/\\\/www.facebook.com\\\/www.werecycle.ch\"]}]}<\/script>\n<!-- \/ Yoast SEO plugin. -->","yoast_head_json":{"title":"Hunde-Spielzeug Knotenseil-Ball Mehrfarbig - WeRecycle.ch | WR Group AG","description":"Mehrfarbiger Spielseil-Ball f\u00fcr Hunde aus Baumwolle f\u00fcr gemeinsame Spiel und zur Zahnreinigung w\u00e4hrend dem Spiel. Durchmesser: ca. 7,5 cm","robots":{"index":"index","follow":"follow","max-snippet":"max-snippet:-1","max-image-preview":"max-image-preview:large","max-video-preview":"max-video-preview:-1"},"canonical":"https:\/\/www.werecycle.ch\/de\/shop\/tierbedarf\/hunde-spielzeug-knotenseil-ball-mehrfarbig\/","og_locale":"de_DE","og_type":"article","og_title":"Hunde-Spielzeug Knotenseil-Ball Mehrfarbig - WeRecycle.ch | WR Group AG","og_description":"Mehrfarbiger Spielseil-Ball f\u00fcr Hunde aus Baumwolle f\u00fcr gemeinsame Spiel und zur Zahnreinigung w\u00e4hrend dem Spiel. Durchmesser: ca. 7,5 cm","og_url":"https:\/\/www.werecycle.ch\/de\/shop\/tierbedarf\/hunde-spielzeug-knotenseil-ball-mehrfarbig\/","og_site_name":"WeRecycle.ch | WR Group AG","article_publisher":"https:\/\/www.facebook.com\/www.werecycle.ch","article_modified_time":"2024-07-16T14:48:47+00:00","og_image":[{"width":1000,"height":1000,"url":"https:\/\/www.werecycle.ch\/wp-content\/uploads\/2024\/03\/509325.webp","type":"image\/webp"}],"twitter_card":"summary_large_image","schema":{"@context":"https:\/\/schema.org","@graph":[{"@type":"WebPage","@id":"https:\/\/www.werecycle.ch\/shop\/tierbedarf\/hunde-spielzeug-knotenseil-ball-mehrfarbig\/","url":"https:\/\/www.werecycle.ch\/shop\/tierbedarf\/hunde-spielzeug-knotenseil-ball-mehrfarbig\/","name":"Hunde-Spielzeug Knotenseil-Ball Mehrfarbig - WeRecycle.ch | WR Group AG","isPartOf":{"@id":"https:\/\/www.werecycle.ch\/de\/#website"},"primaryImageOfPage":{"@id":"https:\/\/www.werecycle.ch\/shop\/tierbedarf\/hunde-spielzeug-knotenseil-ball-mehrfarbig\/#primaryimage"},"image":{"@id":"https:\/\/www.werecycle.ch\/shop\/tierbedarf\/hunde-spielzeug-knotenseil-ball-mehrfarbig\/#primaryimage"},"thumbnailUrl":"https:\/\/www.werecycle.ch\/wp-content\/uploads\/2024\/03\/509325.webp","datePublished":"2023-11-01T07:33:52+00:00","dateModified":"2024-07-16T14:48:47+00:00","description":"Mehrfarbiger Spielseil-Ball f\u00fcr Hunde aus Baumwolle f\u00fcr gemeinsame Spiel und zur Zahnreinigung w\u00e4hrend dem Spiel. Durchmesser: ca. 7,5 cm","breadcrumb":{"@id":"https:\/\/www.werecycle.ch\/shop\/tierbedarf\/hunde-spielzeug-knotenseil-ball-mehrfarbig\/#breadcrumb"},"inLanguage":"de","potentialAction":[{"@type":"ReadAction","target":["https:\/\/www.werecycle.ch\/shop\/tierbedarf\/hunde-spielzeug-knotenseil-ball-mehrfarbig\/"]}]},{"@type":"ImageObject","inLanguage":"de","@id":"https:\/\/www.werecycle.ch\/shop\/tierbedarf\/hunde-spielzeug-knotenseil-ball-mehrfarbig\/#primaryimage","url":"https:\/\/www.werecycle.ch\/wp-content\/uploads\/2024\/03\/509325.webp","contentUrl":"https:\/\/www.werecycle.ch\/wp-content\/uploads\/2024\/03\/509325.webp","width":1000,"height":1000},{"@type":"BreadcrumbList","@id":"https:\/\/www.werecycle.ch\/shop\/tierbedarf\/hunde-spielzeug-knotenseil-ball-mehrfarbig\/#breadcrumb","itemListElement":[{"@type":"ListItem","position":1,"name":"Startseite","item":"https:\/\/www.werecycle.ch\/"},{"@type":"ListItem","position":2,"name":"Shop","item":"https:\/\/www.werecycle.ch\/de\/shop\/"},{"@type":"ListItem","position":3,"name":"Hunde-Spielzeug Knotenseil-Ball Mehrfarbig"}]},{"@type":"WebSite","@id":"https:\/\/www.werecycle.ch\/de\/#website","url":"https:\/\/www.werecycle.ch\/de\/","name":"WeRecycle.ch | Recycling Services AG","description":"","publisher":{"@id":"https:\/\/www.werecycle.ch\/de\/#organization"},"potentialAction":[{"@type":"SearchAction","target":{"@type":"EntryPoint","urlTemplate":"https:\/\/www.werecycle.ch\/de\/?s={search_term_string}"},"query-input":{"@type":"PropertyValueSpecification","valueRequired":true,"valueName":"search_term_string"}}],"inLanguage":"de"},{"@type":"Organization","@id":"https:\/\/www.werecycle.ch\/de\/#organization","name":"WeRecycle.ch | Recycling Services AG","url":"https:\/\/www.werecycle.ch\/de\/","logo":{"@type":"ImageObject","inLanguage":"de","@id":"https:\/\/www.werecycle.ch\/de\/#\/schema\/logo\/image\/","url":"https:\/\/www.werecycle.ch\/wp-content\/uploads\/2022\/09\/logo_werecycle.webp","contentUrl":"https:\/\/www.werecycle.ch\/wp-content\/uploads\/2022\/09\/logo_werecycle.webp","width":1423,"height":427,"caption":"WeRecycle.ch | Recycling Services AG"},"image":{"@id":"https:\/\/www.werecycle.ch\/de\/#\/schema\/logo\/image\/"},"sameAs":["https:\/\/www.facebook.com\/www.werecycle.ch"]}]}},"tiered_pricing_type":"fixed","tiered_pricing_fixed_rules":[],"tiered_pricing_product_settings":{"layout":"default","base_unit_name":{"singular":null,"plural":null},"default_variation":null},"tiered_pricing_minimum_quantity":null,"tiered_pricing_roles_data":[],"tiered_pricing_percentage_rules":[],"_links":{"self":[{"href":"https:\/\/www.werecycle.ch\/de\/wp-json\/wp\/v2\/product\/17089","targetHints":{"allow":["GET"]}}],"collection":[{"href":"https:\/\/www.werecycle.ch\/de\/wp-json\/wp\/v2\/product"}],"about":[{"href":"https:\/\/www.werecycle.ch\/de\/wp-json\/wp\/v2\/types\/product"}],"wp:featuredmedia":[{"embeddable":true,"href":"https:\/\/www.werecycle.ch\/de\/wp-json\/wp\/v2\/media\/17090"}],"wp:attachment":[{"href":"https:\/\/www.werecycle.ch\/de\/wp-json\/wp\/v2\/media?parent=17089"}],"wp:term":[{"taxonomy":"product_brand","embeddable":true,"href":"https:\/\/www.werecycle.ch\/de\/wp-json\/wp\/v2\/product_brand?post=17089"},{"taxonomy":"product_cat","embeddable":true,"href":"https:\/\/www.werecycle.ch\/de\/wp-json\/wp\/v2\/product_cat?post=17089"},{"taxonomy":"product_tag","embeddable":true,"href":"https:\/\/www.werecycle.ch\/de\/wp-json\/wp\/v2\/product_tag?post=17089"}],"curies":[{"name":"wp","href":"https:\/\/api.w.org\/{rel}","templated":true}]}}