{"id":16975,"date":"2024-02-20T09:51:24","date_gmt":"2024-02-20T08:51:24","guid":{"rendered":"https:\/\/www.werecycle.ch\/?post_type=product&#038;p=16975"},"modified":"2024-07-17T09:53:26","modified_gmt":"2024-07-17T08:53:26","slug":"koziol-vorratsdose-connect-dry-m","status":"publish","type":"product","link":"https:\/\/www.werecycle.ch\/de\/shop\/haushalt-wohnen\/aufbewahrung\/koziol-vorratsdose-connect-dry-m\/","title":{"rendered":"Koziol Vorratsdose Connect Dry M"},"content":{"rendered":"<p>Von Mehl, Zucker und Nudeln \u00fcber Cornflakes und N\u00fcsse, die Connect Dry Vorratsdose hat f\u00fcr alles Platz, was luftdicht und aromaschonend aufbewahrt werden soll. Die Dosen kommen in hochtransparentem Material, so sieht man gleich, was drinnen ist und muss nicht lange suchen. Die farbigen Deckel helfen zus\u00e4tzlich bei der Unterscheidung. Alle Dosen sind stapelbar und miteinander kombinierbar.<\/p>\n<p>Der biozirk\u00fcl\u00e4re Kunststoff wird aus entsorgtem Sonnenblumen- und Raps\u00f6l generiert. Diese \u00d6le werden in einem bestimmten Recyclingverfahren in Kunststoff umgewandelt.<\/p>\n<p>&nbsp;<\/p>\n<ul class=\"cds-List cds-List--Bulleted\">\n<li>Luftdichte Vorratsdose<\/li>\n<li>Mit Sichtfenster<\/li>\n<li>Material: Biozirkul\u00e4rer Kunststoff<\/li>\n<li>Sp\u00fclmaschinenfest: Ja<\/li>\n<li>Gr\u00f6sse (B\/H\/L): 12,5 x 18,7 x 13,2 cm<\/li>\n<li>Volumen: 1,5 Liter<\/li>\n<\/ul>\n<p>&nbsp;<\/p>\n<div class=\"ProductDescription-Paragraph\">\n<h4 class=\"ProductDescription-ParagraphTitle\">Koziol: Ein Familienunternehmen mit Tradition<\/h4>\n<p>Die Firma Koziol produziert ausschliesslich in Deutschland und setzt zu 100% auf thermoplastische Kunststoffe. In Erbach entstehen innovative, kunstvolle und spannende Ideen unter Verwendung von umweltfreundlichen Materialien. Alle Produktionsabf\u00e4lle werden vollumf\u00e4nglich recycelt. Koziol steht f\u00fcr sch\u00f6nes und witziges Design und stellt Gebrauchsartikel in allen Formen und Farben her.<\/p>\n<\/div>\n<div class=\"ProductDescription-Paragraph\">\n<h4 class=\"ProductDescription-ParagraphTitle\">Wiederverwendbar<\/h4>\n<p>Wiederverwendbare Produkte zeichnen sich aus durch Mehrfachverwendung und Langlebigkeit. G\u00e4ngige Einwegprodukte aus dem allt\u00e4glichen Leben k\u00f6nnen so durch wiederverwendbare Alternativen sinnvoll ersetzt werden. Diese m\u00fcssen auch nach mehrfachem Gebrauch nicht weggeworfen werden.<\/p>\n<\/div>\n","protected":false},"excerpt":{"rendered":"<p>Stapelbare Vorratsdose aus bruchsicherem, biozirkul\u00e4rem Kunststoff (Kunststoff aus entsorgtem Sonnenblumen- und Raps\u00f6l). Volumen: 1,5 Liter<\/p>\n","protected":false},"featured_media":16981,"template":"","meta":{"ocean_post_layout":"","ocean_both_sidebars_style":"","ocean_both_sidebars_content_width":0,"ocean_both_sidebars_sidebars_width":0,"ocean_sidebar":"0","ocean_second_sidebar":"0","ocean_disable_margins":"enable","ocean_add_body_class":"","ocean_shortcode_before_top_bar":"","ocean_shortcode_after_top_bar":"","ocean_shortcode_before_header":"","ocean_shortcode_after_header":"","ocean_has_shortcode":"","ocean_shortcode_after_title":"","ocean_shortcode_before_footer_widgets":"","ocean_shortcode_after_footer_widgets":"","ocean_shortcode_before_footer_bottom":"","ocean_shortcode_after_footer_bottom":"","ocean_display_top_bar":"default","ocean_display_header":"default","ocean_header_style":"","ocean_center_header_left_menu":"0","ocean_custom_header_template":"0","ocean_custom_logo":0,"ocean_custom_retina_logo":0,"ocean_custom_logo_max_width":0,"ocean_custom_logo_tablet_max_width":0,"ocean_custom_logo_mobile_max_width":0,"ocean_custom_logo_max_height":0,"ocean_custom_logo_tablet_max_height":0,"ocean_custom_logo_mobile_max_height":0,"ocean_header_custom_menu":"0","ocean_menu_typo_font_family":"0","ocean_menu_typo_font_subset":"","ocean_menu_typo_font_size":0,"ocean_menu_typo_font_size_tablet":0,"ocean_menu_typo_font_size_mobile":0,"ocean_menu_typo_font_size_unit":"px","ocean_menu_typo_font_weight":"","ocean_menu_typo_font_weight_tablet":"","ocean_menu_typo_font_weight_mobile":"","ocean_menu_typo_transform":"","ocean_menu_typo_transform_tablet":"","ocean_menu_typo_transform_mobile":"","ocean_menu_typo_line_height":0,"ocean_menu_typo_line_height_tablet":0,"ocean_menu_typo_line_height_mobile":0,"ocean_menu_typo_line_height_unit":"","ocean_menu_typo_spacing":0,"ocean_menu_typo_spacing_tablet":0,"ocean_menu_typo_spacing_mobile":0,"ocean_menu_typo_spacing_unit":"","ocean_menu_link_color":"","ocean_menu_link_color_hover":"","ocean_menu_link_color_active":"","ocean_menu_link_background":"","ocean_menu_link_hover_background":"","ocean_menu_link_active_background":"","ocean_menu_social_links_bg":"","ocean_menu_social_hover_links_bg":"","ocean_menu_social_links_color":"","ocean_menu_social_hover_links_color":"","ocean_disable_title":"default","ocean_disable_heading":"default","ocean_post_title":"","ocean_post_subheading":"","ocean_post_title_style":"","ocean_post_title_background_color":"","ocean_post_title_background":0,"ocean_post_title_bg_image_position":"","ocean_post_title_bg_image_attachment":"","ocean_post_title_bg_image_repeat":"","ocean_post_title_bg_image_size":"","ocean_post_title_height":0,"ocean_post_title_bg_overlay":0.5,"ocean_post_title_bg_overlay_color":"","ocean_disable_breadcrumbs":"default","ocean_breadcrumbs_color":"","ocean_breadcrumbs_separator_color":"","ocean_breadcrumbs_links_color":"","ocean_breadcrumbs_links_hover_color":"","ocean_display_footer_widgets":"default","ocean_display_footer_bottom":"default","ocean_custom_footer_template":"0","ofc_meta_disable_footer_callout":"","ofc_meta_callout_button_url":"","ofc_meta_callout_button_txt":"","ofc_meta_callout_text":"","osh_disable_topbar_sticky":"default","osh_disable_header_sticky":"default","osh_sticky_header_style":"default","osh_sticky_header_effect":"","osh_custom_sticky_logo":0,"osh_custom_retina_sticky_logo":0,"osh_custom_sticky_logo_height":0,"osh_background_color":"","osh_links_color":"","osh_links_hover_color":"","osh_links_active_color":"","osh_links_bg_color":"","osh_links_hover_bg_color":"","osh_links_active_bg_color":"","osh_menu_social_links_color":"","osh_menu_social_hover_links_color":""},"product_brand":[],"product_cat":[62,61,1440],"product_tag":[520,546,543,545,541,534,1057,394,1773,544],"class_list":{"0":"post-16975","1":"product","2":"type-product","3":"status-publish","4":"has-post-thumbnail","6":"product_cat-aufbewahrung","7":"product_cat-haushalt-wohnen","8":"product_cat-kochen-backen","9":"product_tag-aufbewahrung","10":"product_tag-biokunststoff","11":"product_tag-biozirkulaerer-kunststoff","12":"product_tag-essen","13":"product_tag-koziol","14":"product_tag-kueche","15":"product_tag-upcycling","16":"product_tag-upycling","17":"product_tag-vorratsdose","18":"product_tag-wiederverwendbar","19":"product_shipping_class-paket","21":"entry","22":"has-media","24":"first","25":"instock","26":"taxable","27":"shipping-taxable","28":"purchasable","29":"product-type-variable","30":"has-default-attributes","31":"col","32":"span_1_of_3","33":"owp-content-center","34":"item-entry","35":"owp-thumbs-layout-horizontal","36":"owp-btn-normal","37":"owp-tabs-layout-horizontal","38":"circle-sale"},"yoast_head":"<!-- This site is optimized with the Yoast SEO plugin v27.5 - https:\/\/yoast.com\/product\/yoast-seo-wordpress\/ -->\n<title>Koziol Vorratsdose Connect Dry M - WeRecycle.ch | WR Group AG<\/title>\n<meta name=\"description\" content=\"Stapelbare Vorratsdose aus bruchsicherem, biozirkul\u00e4rem Kunststoff (Kunststoff aus entsorgtem Sonnenblumen- und Raps\u00f6l). Volumen: 1,5 Liter\" \/>\n<meta name=\"robots\" content=\"index, follow, max-snippet:-1, max-image-preview:large, max-video-preview:-1\" \/>\n<link rel=\"canonical\" href=\"https:\/\/www.werecycle.ch\/de\/shop\/haushalt-wohnen\/aufbewahrung\/koziol-vorratsdose-connect-dry-m\/\" \/>\n<meta property=\"og:locale\" content=\"de_DE\" \/>\n<meta property=\"og:type\" content=\"article\" \/>\n<meta property=\"og:title\" content=\"Koziol Vorratsdose Connect Dry M - WeRecycle.ch | WR Group AG\" \/>\n<meta property=\"og:description\" content=\"Stapelbare Vorratsdose aus bruchsicherem, biozirkul\u00e4rem Kunststoff (Kunststoff aus entsorgtem Sonnenblumen- und Raps\u00f6l). Volumen: 1,5 Liter\" \/>\n<meta property=\"og:url\" content=\"https:\/\/www.werecycle.ch\/de\/shop\/haushalt-wohnen\/aufbewahrung\/koziol-vorratsdose-connect-dry-m\/\" \/>\n<meta property=\"og:site_name\" content=\"WeRecycle.ch | WR Group AG\" \/>\n<meta property=\"article:publisher\" content=\"https:\/\/www.facebook.com\/www.werecycle.ch\" \/>\n<meta property=\"article:modified_time\" content=\"2024-07-17T08:53:26+00:00\" \/>\n<meta property=\"og:image\" content=\"https:\/\/www.werecycle.ch\/wp-content\/uploads\/2024\/02\/502701.webp\" \/>\n\t<meta property=\"og:image:width\" content=\"1500\" \/>\n\t<meta property=\"og:image:height\" content=\"1500\" \/>\n\t<meta property=\"og:image:type\" content=\"image\/webp\" \/>\n<meta name=\"twitter:card\" content=\"summary_large_image\" \/>\n<script type=\"application\/ld+json\" class=\"yoast-schema-graph\">{\"@context\":\"https:\\\/\\\/schema.org\",\"@graph\":[{\"@type\":\"WebPage\",\"@id\":\"https:\\\/\\\/www.werecycle.ch\\\/shop\\\/haushalt-wohnen\\\/aufbewahrung\\\/koziol-vorratsdose-connect-dry-m\\\/\",\"url\":\"https:\\\/\\\/www.werecycle.ch\\\/shop\\\/haushalt-wohnen\\\/aufbewahrung\\\/koziol-vorratsdose-connect-dry-m\\\/\",\"name\":\"Koziol Vorratsdose Connect Dry M - WeRecycle.ch | WR Group AG\",\"isPartOf\":{\"@id\":\"https:\\\/\\\/www.werecycle.ch\\\/de\\\/#website\"},\"primaryImageOfPage\":{\"@id\":\"https:\\\/\\\/www.werecycle.ch\\\/shop\\\/haushalt-wohnen\\\/aufbewahrung\\\/koziol-vorratsdose-connect-dry-m\\\/#primaryimage\"},\"image\":{\"@id\":\"https:\\\/\\\/www.werecycle.ch\\\/shop\\\/haushalt-wohnen\\\/aufbewahrung\\\/koziol-vorratsdose-connect-dry-m\\\/#primaryimage\"},\"thumbnailUrl\":\"https:\\\/\\\/www.werecycle.ch\\\/wp-content\\\/uploads\\\/2024\\\/02\\\/502701.webp\",\"datePublished\":\"2024-02-20T08:51:24+00:00\",\"dateModified\":\"2024-07-17T08:53:26+00:00\",\"description\":\"Stapelbare Vorratsdose aus bruchsicherem, biozirkul\u00e4rem Kunststoff (Kunststoff aus entsorgtem Sonnenblumen- und Raps\u00f6l). Volumen: 1,5 Liter\",\"breadcrumb\":{\"@id\":\"https:\\\/\\\/www.werecycle.ch\\\/shop\\\/haushalt-wohnen\\\/aufbewahrung\\\/koziol-vorratsdose-connect-dry-m\\\/#breadcrumb\"},\"inLanguage\":\"de\",\"potentialAction\":[{\"@type\":\"ReadAction\",\"target\":[\"https:\\\/\\\/www.werecycle.ch\\\/shop\\\/haushalt-wohnen\\\/aufbewahrung\\\/koziol-vorratsdose-connect-dry-m\\\/\"]}]},{\"@type\":\"ImageObject\",\"inLanguage\":\"de\",\"@id\":\"https:\\\/\\\/www.werecycle.ch\\\/shop\\\/haushalt-wohnen\\\/aufbewahrung\\\/koziol-vorratsdose-connect-dry-m\\\/#primaryimage\",\"url\":\"https:\\\/\\\/www.werecycle.ch\\\/wp-content\\\/uploads\\\/2024\\\/02\\\/502701.webp\",\"contentUrl\":\"https:\\\/\\\/www.werecycle.ch\\\/wp-content\\\/uploads\\\/2024\\\/02\\\/502701.webp\",\"width\":1500,\"height\":1500},{\"@type\":\"BreadcrumbList\",\"@id\":\"https:\\\/\\\/www.werecycle.ch\\\/shop\\\/haushalt-wohnen\\\/aufbewahrung\\\/koziol-vorratsdose-connect-dry-m\\\/#breadcrumb\",\"itemListElement\":[{\"@type\":\"ListItem\",\"position\":1,\"name\":\"Startseite\",\"item\":\"https:\\\/\\\/www.werecycle.ch\\\/\"},{\"@type\":\"ListItem\",\"position\":2,\"name\":\"Shop\",\"item\":\"https:\\\/\\\/www.werecycle.ch\\\/de\\\/shop\\\/\"},{\"@type\":\"ListItem\",\"position\":3,\"name\":\"Koziol Vorratsdose Connect Dry M\"}]},{\"@type\":\"WebSite\",\"@id\":\"https:\\\/\\\/www.werecycle.ch\\\/de\\\/#website\",\"url\":\"https:\\\/\\\/www.werecycle.ch\\\/de\\\/\",\"name\":\"WeRecycle.ch | Recycling Services AG\",\"description\":\"\",\"publisher\":{\"@id\":\"https:\\\/\\\/www.werecycle.ch\\\/de\\\/#organization\"},\"potentialAction\":[{\"@type\":\"SearchAction\",\"target\":{\"@type\":\"EntryPoint\",\"urlTemplate\":\"https:\\\/\\\/www.werecycle.ch\\\/de\\\/?s={search_term_string}\"},\"query-input\":{\"@type\":\"PropertyValueSpecification\",\"valueRequired\":true,\"valueName\":\"search_term_string\"}}],\"inLanguage\":\"de\"},{\"@type\":\"Organization\",\"@id\":\"https:\\\/\\\/www.werecycle.ch\\\/de\\\/#organization\",\"name\":\"WeRecycle.ch | Recycling Services AG\",\"url\":\"https:\\\/\\\/www.werecycle.ch\\\/de\\\/\",\"logo\":{\"@type\":\"ImageObject\",\"inLanguage\":\"de\",\"@id\":\"https:\\\/\\\/www.werecycle.ch\\\/de\\\/#\\\/schema\\\/logo\\\/image\\\/\",\"url\":\"https:\\\/\\\/www.werecycle.ch\\\/wp-content\\\/uploads\\\/2022\\\/09\\\/logo_werecycle.webp\",\"contentUrl\":\"https:\\\/\\\/www.werecycle.ch\\\/wp-content\\\/uploads\\\/2022\\\/09\\\/logo_werecycle.webp\",\"width\":1423,\"height\":427,\"caption\":\"WeRecycle.ch | Recycling Services AG\"},\"image\":{\"@id\":\"https:\\\/\\\/www.werecycle.ch\\\/de\\\/#\\\/schema\\\/logo\\\/image\\\/\"},\"sameAs\":[\"https:\\\/\\\/www.facebook.com\\\/www.werecycle.ch\"]}]}<\/script>\n<!-- \/ Yoast SEO plugin. -->","yoast_head_json":{"title":"Koziol Vorratsdose Connect Dry M - WeRecycle.ch | WR Group AG","description":"Stapelbare Vorratsdose aus bruchsicherem, biozirkul\u00e4rem Kunststoff (Kunststoff aus entsorgtem Sonnenblumen- und Raps\u00f6l). Volumen: 1,5 Liter","robots":{"index":"index","follow":"follow","max-snippet":"max-snippet:-1","max-image-preview":"max-image-preview:large","max-video-preview":"max-video-preview:-1"},"canonical":"https:\/\/www.werecycle.ch\/de\/shop\/haushalt-wohnen\/aufbewahrung\/koziol-vorratsdose-connect-dry-m\/","og_locale":"de_DE","og_type":"article","og_title":"Koziol Vorratsdose Connect Dry M - WeRecycle.ch | WR Group AG","og_description":"Stapelbare Vorratsdose aus bruchsicherem, biozirkul\u00e4rem Kunststoff (Kunststoff aus entsorgtem Sonnenblumen- und Raps\u00f6l). Volumen: 1,5 Liter","og_url":"https:\/\/www.werecycle.ch\/de\/shop\/haushalt-wohnen\/aufbewahrung\/koziol-vorratsdose-connect-dry-m\/","og_site_name":"WeRecycle.ch | WR Group AG","article_publisher":"https:\/\/www.facebook.com\/www.werecycle.ch","article_modified_time":"2024-07-17T08:53:26+00:00","og_image":[{"width":1500,"height":1500,"url":"https:\/\/www.werecycle.ch\/wp-content\/uploads\/2024\/02\/502701.webp","type":"image\/webp"}],"twitter_card":"summary_large_image","schema":{"@context":"https:\/\/schema.org","@graph":[{"@type":"WebPage","@id":"https:\/\/www.werecycle.ch\/shop\/haushalt-wohnen\/aufbewahrung\/koziol-vorratsdose-connect-dry-m\/","url":"https:\/\/www.werecycle.ch\/shop\/haushalt-wohnen\/aufbewahrung\/koziol-vorratsdose-connect-dry-m\/","name":"Koziol Vorratsdose Connect Dry M - WeRecycle.ch | WR Group AG","isPartOf":{"@id":"https:\/\/www.werecycle.ch\/de\/#website"},"primaryImageOfPage":{"@id":"https:\/\/www.werecycle.ch\/shop\/haushalt-wohnen\/aufbewahrung\/koziol-vorratsdose-connect-dry-m\/#primaryimage"},"image":{"@id":"https:\/\/www.werecycle.ch\/shop\/haushalt-wohnen\/aufbewahrung\/koziol-vorratsdose-connect-dry-m\/#primaryimage"},"thumbnailUrl":"https:\/\/www.werecycle.ch\/wp-content\/uploads\/2024\/02\/502701.webp","datePublished":"2024-02-20T08:51:24+00:00","dateModified":"2024-07-17T08:53:26+00:00","description":"Stapelbare Vorratsdose aus bruchsicherem, biozirkul\u00e4rem Kunststoff (Kunststoff aus entsorgtem Sonnenblumen- und Raps\u00f6l). Volumen: 1,5 Liter","breadcrumb":{"@id":"https:\/\/www.werecycle.ch\/shop\/haushalt-wohnen\/aufbewahrung\/koziol-vorratsdose-connect-dry-m\/#breadcrumb"},"inLanguage":"de","potentialAction":[{"@type":"ReadAction","target":["https:\/\/www.werecycle.ch\/shop\/haushalt-wohnen\/aufbewahrung\/koziol-vorratsdose-connect-dry-m\/"]}]},{"@type":"ImageObject","inLanguage":"de","@id":"https:\/\/www.werecycle.ch\/shop\/haushalt-wohnen\/aufbewahrung\/koziol-vorratsdose-connect-dry-m\/#primaryimage","url":"https:\/\/www.werecycle.ch\/wp-content\/uploads\/2024\/02\/502701.webp","contentUrl":"https:\/\/www.werecycle.ch\/wp-content\/uploads\/2024\/02\/502701.webp","width":1500,"height":1500},{"@type":"BreadcrumbList","@id":"https:\/\/www.werecycle.ch\/shop\/haushalt-wohnen\/aufbewahrung\/koziol-vorratsdose-connect-dry-m\/#breadcrumb","itemListElement":[{"@type":"ListItem","position":1,"name":"Startseite","item":"https:\/\/www.werecycle.ch\/"},{"@type":"ListItem","position":2,"name":"Shop","item":"https:\/\/www.werecycle.ch\/de\/shop\/"},{"@type":"ListItem","position":3,"name":"Koziol Vorratsdose Connect Dry M"}]},{"@type":"WebSite","@id":"https:\/\/www.werecycle.ch\/de\/#website","url":"https:\/\/www.werecycle.ch\/de\/","name":"WeRecycle.ch | Recycling Services AG","description":"","publisher":{"@id":"https:\/\/www.werecycle.ch\/de\/#organization"},"potentialAction":[{"@type":"SearchAction","target":{"@type":"EntryPoint","urlTemplate":"https:\/\/www.werecycle.ch\/de\/?s={search_term_string}"},"query-input":{"@type":"PropertyValueSpecification","valueRequired":true,"valueName":"search_term_string"}}],"inLanguage":"de"},{"@type":"Organization","@id":"https:\/\/www.werecycle.ch\/de\/#organization","name":"WeRecycle.ch | Recycling Services AG","url":"https:\/\/www.werecycle.ch\/de\/","logo":{"@type":"ImageObject","inLanguage":"de","@id":"https:\/\/www.werecycle.ch\/de\/#\/schema\/logo\/image\/","url":"https:\/\/www.werecycle.ch\/wp-content\/uploads\/2022\/09\/logo_werecycle.webp","contentUrl":"https:\/\/www.werecycle.ch\/wp-content\/uploads\/2022\/09\/logo_werecycle.webp","width":1423,"height":427,"caption":"WeRecycle.ch | Recycling Services AG"},"image":{"@id":"https:\/\/www.werecycle.ch\/de\/#\/schema\/logo\/image\/"},"sameAs":["https:\/\/www.facebook.com\/www.werecycle.ch"]}]}},"tiered_pricing_type":"fixed","tiered_pricing_fixed_rules":[],"tiered_pricing_product_settings":{"layout":"default","base_unit_name":{"singular":null,"plural":null},"default_variation":null},"tiered_pricing_minimum_quantity":null,"tiered_pricing_roles_data":[],"tiered_pricing_percentage_rules":[],"_links":{"self":[{"href":"https:\/\/www.werecycle.ch\/de\/wp-json\/wp\/v2\/product\/16975","targetHints":{"allow":["GET"]}}],"collection":[{"href":"https:\/\/www.werecycle.ch\/de\/wp-json\/wp\/v2\/product"}],"about":[{"href":"https:\/\/www.werecycle.ch\/de\/wp-json\/wp\/v2\/types\/product"}],"wp:featuredmedia":[{"embeddable":true,"href":"https:\/\/www.werecycle.ch\/de\/wp-json\/wp\/v2\/media\/16981"}],"wp:attachment":[{"href":"https:\/\/www.werecycle.ch\/de\/wp-json\/wp\/v2\/media?parent=16975"}],"wp:term":[{"taxonomy":"product_brand","embeddable":true,"href":"https:\/\/www.werecycle.ch\/de\/wp-json\/wp\/v2\/product_brand?post=16975"},{"taxonomy":"product_cat","embeddable":true,"href":"https:\/\/www.werecycle.ch\/de\/wp-json\/wp\/v2\/product_cat?post=16975"},{"taxonomy":"product_tag","embeddable":true,"href":"https:\/\/www.werecycle.ch\/de\/wp-json\/wp\/v2\/product_tag?post=16975"}],"curies":[{"name":"wp","href":"https:\/\/api.w.org\/{rel}","templated":true}]}}