{"id":16838,"date":"2023-11-21T13:33:39","date_gmt":"2023-11-21T12:33:39","guid":{"rendered":"https:\/\/www.werecycle.ch\/?post_type=product&#038;p=16838"},"modified":"2025-06-25T12:36:01","modified_gmt":"2025-06-25T11:36:01","slug":"ecocreate-kinder-bastelset-princess","status":"publish","type":"product","link":"https:\/\/www.werecycle.ch\/de\/shop\/freizeit\/kinderspiele\/ecocreate-kinder-bastelset-princess\/","title":{"rendered":"EcoCreate Kinder Bastelset Princess"},"content":{"rendered":"<p>Im EcoCreate Bastelset \u201ePrincess\u201c von Ravensburger ist alles enthalten, um aus nicht mehr ben\u00f6tigtem Material (z.B. leere Getr\u00e4nkekartons oder Toilettenpapierrollen) von zu Hause, tolle und einzigartige DIY Projekte zu basteln. Die gebastelten Upcycling-Objekte haben dabei einen Zweitnutzen und sind Teil eines Spiels oder Accessoires. Die einfach gehaltene Anleitung f\u00fchrt Schritt f\u00fcr Schritt durch jedes Projekt und garantiert ein sch\u00f6nes Endergebnis.<\/p>\n<p>Upcycling und basteln in einem:Mit EcoCreate k\u00f6nnen Kinder mit nicht mehr ben\u00f6tigten Materialien von zu Hause und den im Produkt enthaltenen Bastelmaterialien tolle Upcycling Projekte basteln. Im Set \u201ePrincess\u201c ist alles enthalten, um wundersch\u00f6ne Accessoires der Prinzessinnenwelt zu kreieren. Von zu Hause werden daf\u00fcr leere Eierkartons, Milcht\u00fcten sowie Toilettenpapierrollen ben\u00f6tigt. Im Anschluss an den Bastelspass, k\u00f6nnen die gebastelten Objekte als besondere Dekoration im Kinderzimmer verwendet werden oder dienen als n\u00fctzliche und schicke Accessoires.<\/p>\n<p>&nbsp;<\/p>\n<p>Inhalt:<\/p>\n<ul>\n<li>Anleitung<\/li>\n<li>Ausschneideb\u00f6gen<\/li>\n<li>Edelsteine<\/li>\n<li>Glitter<\/li>\n<li>Wolle<\/li>\n<li>Farbn\u00e4pfchen<\/li>\n<li>Pinsel<\/li>\n<li>Bastelkleber<\/li>\n<\/ul>\n<p>&nbsp;<\/p>\n<p>Sicherheitshinweis: ACHTUNG! F\u00fcr Kinder unter 5 Jahren nicht geeignet. Erstickungsgefahr, da kleine Teile verschluckt werden k\u00f6nnen. Dieses Spielzeug hat funktionsbedingte scharfe Spitzen. Benutzung unter Aufsicht von Erwachsenen. Anweisung vor Gebrauch lesen, befolgen und nachschlagebereit halten.<\/p>\n","protected":false},"excerpt":{"rendered":"<p>Im EcoCreate Bastelset \u201ePrincess\u201c von Ravensburger ist alles enthalten, um aus nicht mehr ben\u00f6tigtem Material von zu Hause, tolle und einzigartige Projekte zu basteln.<\/p>\n","protected":false},"featured_media":16839,"template":"","meta":{"ocean_post_layout":"","ocean_both_sidebars_style":"","ocean_both_sidebars_content_width":0,"ocean_both_sidebars_sidebars_width":0,"ocean_sidebar":"0","ocean_second_sidebar":"0","ocean_disable_margins":"enable","ocean_add_body_class":"","ocean_shortcode_before_top_bar":"","ocean_shortcode_after_top_bar":"","ocean_shortcode_before_header":"","ocean_shortcode_after_header":"","ocean_has_shortcode":"","ocean_shortcode_after_title":"","ocean_shortcode_before_footer_widgets":"","ocean_shortcode_after_footer_widgets":"","ocean_shortcode_before_footer_bottom":"","ocean_shortcode_after_footer_bottom":"","ocean_display_top_bar":"default","ocean_display_header":"default","ocean_header_style":"","ocean_center_header_left_menu":"0","ocean_custom_header_template":"0","ocean_custom_logo":0,"ocean_custom_retina_logo":0,"ocean_custom_logo_max_width":0,"ocean_custom_logo_tablet_max_width":0,"ocean_custom_logo_mobile_max_width":0,"ocean_custom_logo_max_height":0,"ocean_custom_logo_tablet_max_height":0,"ocean_custom_logo_mobile_max_height":0,"ocean_header_custom_menu":"0","ocean_menu_typo_font_family":"0","ocean_menu_typo_font_subset":"","ocean_menu_typo_font_size":0,"ocean_menu_typo_font_size_tablet":0,"ocean_menu_typo_font_size_mobile":0,"ocean_menu_typo_font_size_unit":"px","ocean_menu_typo_font_weight":"","ocean_menu_typo_font_weight_tablet":"","ocean_menu_typo_font_weight_mobile":"","ocean_menu_typo_transform":"","ocean_menu_typo_transform_tablet":"","ocean_menu_typo_transform_mobile":"","ocean_menu_typo_line_height":0,"ocean_menu_typo_line_height_tablet":0,"ocean_menu_typo_line_height_mobile":0,"ocean_menu_typo_line_height_unit":"","ocean_menu_typo_spacing":0,"ocean_menu_typo_spacing_tablet":0,"ocean_menu_typo_spacing_mobile":0,"ocean_menu_typo_spacing_unit":"","ocean_menu_link_color":"","ocean_menu_link_color_hover":"","ocean_menu_link_color_active":"","ocean_menu_link_background":"","ocean_menu_link_hover_background":"","ocean_menu_link_active_background":"","ocean_menu_social_links_bg":"","ocean_menu_social_hover_links_bg":"","ocean_menu_social_links_color":"","ocean_menu_social_hover_links_color":"","ocean_disable_title":"default","ocean_disable_heading":"default","ocean_post_title":"","ocean_post_subheading":"","ocean_post_title_style":"","ocean_post_title_background_color":"","ocean_post_title_background":0,"ocean_post_title_bg_image_position":"","ocean_post_title_bg_image_attachment":"","ocean_post_title_bg_image_repeat":"","ocean_post_title_bg_image_size":"","ocean_post_title_height":0,"ocean_post_title_bg_overlay":0.5,"ocean_post_title_bg_overlay_color":"","ocean_disable_breadcrumbs":"default","ocean_breadcrumbs_color":"","ocean_breadcrumbs_separator_color":"","ocean_breadcrumbs_links_color":"","ocean_breadcrumbs_links_hover_color":"","ocean_display_footer_widgets":"default","ocean_display_footer_bottom":"default","ocean_custom_footer_template":"0","ofc_meta_disable_footer_callout":"","ofc_meta_callout_button_url":"","ofc_meta_callout_button_txt":"","ofc_meta_callout_text":"","osh_disable_topbar_sticky":"default","osh_disable_header_sticky":"default","osh_sticky_header_style":"default","osh_sticky_header_effect":"","osh_custom_sticky_logo":0,"osh_custom_retina_sticky_logo":0,"osh_custom_sticky_logo_height":0,"osh_background_color":"","osh_links_color":"","osh_links_hover_color":"","osh_links_active_color":"","osh_links_bg_color":"","osh_links_hover_bg_color":"","osh_links_active_bg_color":"","osh_menu_social_links_color":"","osh_menu_social_hover_links_color":""},"product_brand":[2616],"product_cat":[86,286],"product_tag":[1073,1754,962,1580,104,1057],"class_list":{"0":"post-16838","1":"product","2":"type-product","3":"status-publish","4":"has-post-thumbnail","6":"product_brand-ravensburger","7":"product_cat-freizeit","8":"product_cat-kinderspiele","9":"product_tag-basteln","10":"product_tag-ecocreate","11":"product_tag-kinderspiel","12":"product_tag-ravensburger","13":"product_tag-spiele","14":"product_tag-upcycling","15":"product_shipping_class-paket","17":"entry","18":"has-media","20":"first","21":"instock","22":"taxable","23":"shipping-taxable","24":"purchasable","25":"product-type-simple","26":"col","27":"span_1_of_3","28":"owp-content-center","29":"item-entry","30":"owp-thumbs-layout-horizontal","31":"owp-btn-normal","32":"owp-tabs-layout-horizontal","33":"circle-sale"},"yoast_head":"<!-- This site is optimized with the Yoast SEO plugin v27.4 - https:\/\/yoast.com\/product\/yoast-seo-wordpress\/ -->\n<title>EcoCreate Kinder Bastelset Princess - WeRecycle.ch | WR Group AG<\/title>\n<meta name=\"description\" content=\"Im EcoCreate Bastelset \u201ePrincess\u201c von Ravensburger ist alles enthalten, um aus nicht mehr ben\u00f6tigtem Material von zu Hause einzigartige Projekte zu basteln.\" \/>\n<meta name=\"robots\" content=\"index, follow, max-snippet:-1, max-image-preview:large, max-video-preview:-1\" \/>\n<link rel=\"canonical\" href=\"https:\/\/www.werecycle.ch\/de\/shop\/freizeit\/kinderspiele\/ecocreate-kinder-bastelset-princess\/\" \/>\n<meta property=\"og:locale\" content=\"de_DE\" \/>\n<meta property=\"og:type\" content=\"article\" \/>\n<meta property=\"og:title\" content=\"EcoCreate Kinder Bastelset Princess - WeRecycle.ch | WR Group AG\" \/>\n<meta property=\"og:description\" content=\"Im EcoCreate Bastelset \u201ePrincess\u201c von Ravensburger ist alles enthalten, um aus nicht mehr ben\u00f6tigtem Material von zu Hause einzigartige Projekte zu basteln.\" \/>\n<meta property=\"og:url\" content=\"https:\/\/www.werecycle.ch\/de\/shop\/freizeit\/kinderspiele\/ecocreate-kinder-bastelset-princess\/\" \/>\n<meta property=\"og:site_name\" content=\"WeRecycle.ch | WR Group AG\" \/>\n<meta property=\"article:publisher\" content=\"https:\/\/www.facebook.com\/www.werecycle.ch\" \/>\n<meta property=\"article:modified_time\" content=\"2025-06-25T11:36:01+00:00\" \/>\n<meta property=\"og:image\" content=\"https:\/\/www.werecycle.ch\/wp-content\/uploads\/2024\/02\/318131.webp\" \/>\n\t<meta property=\"og:image:width\" content=\"1000\" \/>\n\t<meta property=\"og:image:height\" content=\"1000\" \/>\n\t<meta property=\"og:image:type\" content=\"image\/webp\" \/>\n<meta name=\"twitter:card\" content=\"summary_large_image\" \/>\n<script type=\"application\/ld+json\" class=\"yoast-schema-graph\">{\"@context\":\"https:\\\/\\\/schema.org\",\"@graph\":[{\"@type\":\"WebPage\",\"@id\":\"https:\\\/\\\/www.werecycle.ch\\\/shop\\\/freizeit\\\/kinderspiele\\\/ecocreate-kinder-bastelset-princess\\\/\",\"url\":\"https:\\\/\\\/www.werecycle.ch\\\/shop\\\/freizeit\\\/kinderspiele\\\/ecocreate-kinder-bastelset-princess\\\/\",\"name\":\"EcoCreate Kinder Bastelset Princess - WeRecycle.ch | WR Group AG\",\"isPartOf\":{\"@id\":\"https:\\\/\\\/www.werecycle.ch\\\/de\\\/#website\"},\"primaryImageOfPage\":{\"@id\":\"https:\\\/\\\/www.werecycle.ch\\\/shop\\\/freizeit\\\/kinderspiele\\\/ecocreate-kinder-bastelset-princess\\\/#primaryimage\"},\"image\":{\"@id\":\"https:\\\/\\\/www.werecycle.ch\\\/shop\\\/freizeit\\\/kinderspiele\\\/ecocreate-kinder-bastelset-princess\\\/#primaryimage\"},\"thumbnailUrl\":\"https:\\\/\\\/www.werecycle.ch\\\/wp-content\\\/uploads\\\/2024\\\/02\\\/318131.webp\",\"datePublished\":\"2023-11-21T12:33:39+00:00\",\"dateModified\":\"2025-06-25T11:36:01+00:00\",\"description\":\"Im EcoCreate Bastelset \u201ePrincess\u201c von Ravensburger ist alles enthalten, um aus nicht mehr ben\u00f6tigtem Material von zu Hause einzigartige Projekte zu basteln.\",\"breadcrumb\":{\"@id\":\"https:\\\/\\\/www.werecycle.ch\\\/shop\\\/freizeit\\\/kinderspiele\\\/ecocreate-kinder-bastelset-princess\\\/#breadcrumb\"},\"inLanguage\":\"de\",\"potentialAction\":[{\"@type\":\"ReadAction\",\"target\":[\"https:\\\/\\\/www.werecycle.ch\\\/shop\\\/freizeit\\\/kinderspiele\\\/ecocreate-kinder-bastelset-princess\\\/\"]}]},{\"@type\":\"ImageObject\",\"inLanguage\":\"de\",\"@id\":\"https:\\\/\\\/www.werecycle.ch\\\/shop\\\/freizeit\\\/kinderspiele\\\/ecocreate-kinder-bastelset-princess\\\/#primaryimage\",\"url\":\"https:\\\/\\\/www.werecycle.ch\\\/wp-content\\\/uploads\\\/2024\\\/02\\\/318131.webp\",\"contentUrl\":\"https:\\\/\\\/www.werecycle.ch\\\/wp-content\\\/uploads\\\/2024\\\/02\\\/318131.webp\",\"width\":1000,\"height\":1000},{\"@type\":\"BreadcrumbList\",\"@id\":\"https:\\\/\\\/www.werecycle.ch\\\/shop\\\/freizeit\\\/kinderspiele\\\/ecocreate-kinder-bastelset-princess\\\/#breadcrumb\",\"itemListElement\":[{\"@type\":\"ListItem\",\"position\":1,\"name\":\"Startseite\",\"item\":\"https:\\\/\\\/www.werecycle.ch\\\/\"},{\"@type\":\"ListItem\",\"position\":2,\"name\":\"Shop\",\"item\":\"https:\\\/\\\/www.werecycle.ch\\\/de\\\/shop\\\/\"},{\"@type\":\"ListItem\",\"position\":3,\"name\":\"EcoCreate Kinder Bastelset Princess\"}]},{\"@type\":\"WebSite\",\"@id\":\"https:\\\/\\\/www.werecycle.ch\\\/de\\\/#website\",\"url\":\"https:\\\/\\\/www.werecycle.ch\\\/de\\\/\",\"name\":\"WeRecycle.ch | Recycling Services AG\",\"description\":\"\",\"publisher\":{\"@id\":\"https:\\\/\\\/www.werecycle.ch\\\/de\\\/#organization\"},\"potentialAction\":[{\"@type\":\"SearchAction\",\"target\":{\"@type\":\"EntryPoint\",\"urlTemplate\":\"https:\\\/\\\/www.werecycle.ch\\\/de\\\/?s={search_term_string}\"},\"query-input\":{\"@type\":\"PropertyValueSpecification\",\"valueRequired\":true,\"valueName\":\"search_term_string\"}}],\"inLanguage\":\"de\"},{\"@type\":\"Organization\",\"@id\":\"https:\\\/\\\/www.werecycle.ch\\\/de\\\/#organization\",\"name\":\"WeRecycle.ch | Recycling Services AG\",\"url\":\"https:\\\/\\\/www.werecycle.ch\\\/de\\\/\",\"logo\":{\"@type\":\"ImageObject\",\"inLanguage\":\"de\",\"@id\":\"https:\\\/\\\/www.werecycle.ch\\\/de\\\/#\\\/schema\\\/logo\\\/image\\\/\",\"url\":\"https:\\\/\\\/www.werecycle.ch\\\/wp-content\\\/uploads\\\/2022\\\/09\\\/logo_werecycle.webp\",\"contentUrl\":\"https:\\\/\\\/www.werecycle.ch\\\/wp-content\\\/uploads\\\/2022\\\/09\\\/logo_werecycle.webp\",\"width\":1423,\"height\":427,\"caption\":\"WeRecycle.ch | Recycling Services AG\"},\"image\":{\"@id\":\"https:\\\/\\\/www.werecycle.ch\\\/de\\\/#\\\/schema\\\/logo\\\/image\\\/\"},\"sameAs\":[\"https:\\\/\\\/www.facebook.com\\\/www.werecycle.ch\"]}]}<\/script>\n<!-- \/ Yoast SEO plugin. -->","yoast_head_json":{"title":"EcoCreate Kinder Bastelset Princess - WeRecycle.ch | WR Group AG","description":"Im EcoCreate Bastelset \u201ePrincess\u201c von Ravensburger ist alles enthalten, um aus nicht mehr ben\u00f6tigtem Material von zu Hause einzigartige Projekte zu basteln.","robots":{"index":"index","follow":"follow","max-snippet":"max-snippet:-1","max-image-preview":"max-image-preview:large","max-video-preview":"max-video-preview:-1"},"canonical":"https:\/\/www.werecycle.ch\/de\/shop\/freizeit\/kinderspiele\/ecocreate-kinder-bastelset-princess\/","og_locale":"de_DE","og_type":"article","og_title":"EcoCreate Kinder Bastelset Princess - WeRecycle.ch | WR Group AG","og_description":"Im EcoCreate Bastelset \u201ePrincess\u201c von Ravensburger ist alles enthalten, um aus nicht mehr ben\u00f6tigtem Material von zu Hause einzigartige Projekte zu basteln.","og_url":"https:\/\/www.werecycle.ch\/de\/shop\/freizeit\/kinderspiele\/ecocreate-kinder-bastelset-princess\/","og_site_name":"WeRecycle.ch | WR Group AG","article_publisher":"https:\/\/www.facebook.com\/www.werecycle.ch","article_modified_time":"2025-06-25T11:36:01+00:00","og_image":[{"width":1000,"height":1000,"url":"https:\/\/www.werecycle.ch\/wp-content\/uploads\/2024\/02\/318131.webp","type":"image\/webp"}],"twitter_card":"summary_large_image","schema":{"@context":"https:\/\/schema.org","@graph":[{"@type":"WebPage","@id":"https:\/\/www.werecycle.ch\/shop\/freizeit\/kinderspiele\/ecocreate-kinder-bastelset-princess\/","url":"https:\/\/www.werecycle.ch\/shop\/freizeit\/kinderspiele\/ecocreate-kinder-bastelset-princess\/","name":"EcoCreate Kinder Bastelset Princess - WeRecycle.ch | WR Group AG","isPartOf":{"@id":"https:\/\/www.werecycle.ch\/de\/#website"},"primaryImageOfPage":{"@id":"https:\/\/www.werecycle.ch\/shop\/freizeit\/kinderspiele\/ecocreate-kinder-bastelset-princess\/#primaryimage"},"image":{"@id":"https:\/\/www.werecycle.ch\/shop\/freizeit\/kinderspiele\/ecocreate-kinder-bastelset-princess\/#primaryimage"},"thumbnailUrl":"https:\/\/www.werecycle.ch\/wp-content\/uploads\/2024\/02\/318131.webp","datePublished":"2023-11-21T12:33:39+00:00","dateModified":"2025-06-25T11:36:01+00:00","description":"Im EcoCreate Bastelset \u201ePrincess\u201c von Ravensburger ist alles enthalten, um aus nicht mehr ben\u00f6tigtem Material von zu Hause einzigartige Projekte zu basteln.","breadcrumb":{"@id":"https:\/\/www.werecycle.ch\/shop\/freizeit\/kinderspiele\/ecocreate-kinder-bastelset-princess\/#breadcrumb"},"inLanguage":"de","potentialAction":[{"@type":"ReadAction","target":["https:\/\/www.werecycle.ch\/shop\/freizeit\/kinderspiele\/ecocreate-kinder-bastelset-princess\/"]}]},{"@type":"ImageObject","inLanguage":"de","@id":"https:\/\/www.werecycle.ch\/shop\/freizeit\/kinderspiele\/ecocreate-kinder-bastelset-princess\/#primaryimage","url":"https:\/\/www.werecycle.ch\/wp-content\/uploads\/2024\/02\/318131.webp","contentUrl":"https:\/\/www.werecycle.ch\/wp-content\/uploads\/2024\/02\/318131.webp","width":1000,"height":1000},{"@type":"BreadcrumbList","@id":"https:\/\/www.werecycle.ch\/shop\/freizeit\/kinderspiele\/ecocreate-kinder-bastelset-princess\/#breadcrumb","itemListElement":[{"@type":"ListItem","position":1,"name":"Startseite","item":"https:\/\/www.werecycle.ch\/"},{"@type":"ListItem","position":2,"name":"Shop","item":"https:\/\/www.werecycle.ch\/de\/shop\/"},{"@type":"ListItem","position":3,"name":"EcoCreate Kinder Bastelset Princess"}]},{"@type":"WebSite","@id":"https:\/\/www.werecycle.ch\/de\/#website","url":"https:\/\/www.werecycle.ch\/de\/","name":"WeRecycle.ch | Recycling Services AG","description":"","publisher":{"@id":"https:\/\/www.werecycle.ch\/de\/#organization"},"potentialAction":[{"@type":"SearchAction","target":{"@type":"EntryPoint","urlTemplate":"https:\/\/www.werecycle.ch\/de\/?s={search_term_string}"},"query-input":{"@type":"PropertyValueSpecification","valueRequired":true,"valueName":"search_term_string"}}],"inLanguage":"de"},{"@type":"Organization","@id":"https:\/\/www.werecycle.ch\/de\/#organization","name":"WeRecycle.ch | Recycling Services AG","url":"https:\/\/www.werecycle.ch\/de\/","logo":{"@type":"ImageObject","inLanguage":"de","@id":"https:\/\/www.werecycle.ch\/de\/#\/schema\/logo\/image\/","url":"https:\/\/www.werecycle.ch\/wp-content\/uploads\/2022\/09\/logo_werecycle.webp","contentUrl":"https:\/\/www.werecycle.ch\/wp-content\/uploads\/2022\/09\/logo_werecycle.webp","width":1423,"height":427,"caption":"WeRecycle.ch | Recycling Services AG"},"image":{"@id":"https:\/\/www.werecycle.ch\/de\/#\/schema\/logo\/image\/"},"sameAs":["https:\/\/www.facebook.com\/www.werecycle.ch"]}]}},"tiered_pricing_type":"fixed","tiered_pricing_fixed_rules":[],"tiered_pricing_product_settings":{"layout":"default","base_unit_name":{"singular":null,"plural":null},"default_variation":null},"tiered_pricing_minimum_quantity":null,"tiered_pricing_roles_data":[],"tiered_pricing_percentage_rules":[],"_links":{"self":[{"href":"https:\/\/www.werecycle.ch\/de\/wp-json\/wp\/v2\/product\/16838","targetHints":{"allow":["GET"]}}],"collection":[{"href":"https:\/\/www.werecycle.ch\/de\/wp-json\/wp\/v2\/product"}],"about":[{"href":"https:\/\/www.werecycle.ch\/de\/wp-json\/wp\/v2\/types\/product"}],"wp:featuredmedia":[{"embeddable":true,"href":"https:\/\/www.werecycle.ch\/de\/wp-json\/wp\/v2\/media\/16839"}],"wp:attachment":[{"href":"https:\/\/www.werecycle.ch\/de\/wp-json\/wp\/v2\/media?parent=16838"}],"wp:term":[{"taxonomy":"product_brand","embeddable":true,"href":"https:\/\/www.werecycle.ch\/de\/wp-json\/wp\/v2\/product_brand?post=16838"},{"taxonomy":"product_cat","embeddable":true,"href":"https:\/\/www.werecycle.ch\/de\/wp-json\/wp\/v2\/product_cat?post=16838"},{"taxonomy":"product_tag","embeddable":true,"href":"https:\/\/www.werecycle.ch\/de\/wp-json\/wp\/v2\/product_tag?post=16838"}],"curies":[{"name":"wp","href":"https:\/\/api.w.org\/{rel}","templated":true}]}}