{"id":16519,"date":"2023-11-09T09:33:10","date_gmt":"2023-11-09T08:33:10","guid":{"rendered":"https:\/\/www.werecycle.ch\/?post_type=product&#038;p=16519"},"modified":"2026-03-25T14:16:36","modified_gmt":"2026-03-25T13:16:36","slug":"faltbarer-silikon-hundenapf-reisenapf","status":"publish","type":"product","link":"https:\/\/www.werecycle.ch\/de\/shop\/tierbedarf\/faltbarer-silikon-hundenapf-reisenapf\/","title":{"rendered":"Faltbarer Hundenapf Silikon"},"content":{"rendered":"<p>Faltbarer Hundenapf f\u00fcr unterwegs aus lebensmittelechtem Silikon.<\/p>\n<p>Damit hast Du den Napf f\u00fcr Futter oder Wasser immer mit dabei \u2013 fast ohne Platzbedarf und mit nur 50 Gramm ein echtes Leichtgewicht (z.B. beim Wandern oder im Reisegep\u00e4ck). Mit dem praktischem Karabinerhaken kannst Du den Napf einfach am Rucksack oder sogar am Hundehalsband befestigen. Leicht zu reinigen, absolut geruchsneutral und lebensmittelecht.<\/p>\n<p>Das hochwertige Silikon bietet einen zus\u00e4tzlichen Anti-Rutsch-Effekt, sodass der Napf beim Fressen und Trinken einen sicheren Halt bietet. Nach dem F\u00fcttern oder dem Trinken kann der Napf mit Hilfe des Karabiners einfach aufgeh\u00e4ngt werden und verhindert, dass Ihr Rucksack und dessen Inhalte innen schmutzig oder nass werden.<\/p>\n<p>&nbsp;<\/p>\n<ul>\n<li>Inhalt: 350 ml<\/li>\n<li>Material: Silikon<\/li>\n<li>Masse: \u2205 13 cm (oben), 9 cm (Boden), 5,5 cm (H\u00f6he offen)<\/li>\n<li>Gefaltet nur 1 cm hoch<\/li>\n<li>Gewicht: 50 Gramm<\/li>\n<li>Farben: schwarz \/ weiss<\/li>\n<li>inkl. Karabinerhaken<\/li>\n<\/ul>\n","protected":false},"excerpt":{"rendered":"<p>Faltbarer Reisenapf f\u00fcr Hunde aus lebensmittelechtem Silikon mit Karabinerhaken zur Befestigung und einfachen Transport.<\/p>\n","protected":false},"featured_media":16522,"template":"","meta":{"ocean_post_layout":"","ocean_both_sidebars_style":"","ocean_both_sidebars_content_width":0,"ocean_both_sidebars_sidebars_width":0,"ocean_sidebar":"0","ocean_second_sidebar":"0","ocean_disable_margins":"enable","ocean_add_body_class":"","ocean_shortcode_before_top_bar":"","ocean_shortcode_after_top_bar":"","ocean_shortcode_before_header":"","ocean_shortcode_after_header":"","ocean_has_shortcode":"","ocean_shortcode_after_title":"","ocean_shortcode_before_footer_widgets":"","ocean_shortcode_after_footer_widgets":"","ocean_shortcode_before_footer_bottom":"","ocean_shortcode_after_footer_bottom":"","ocean_display_top_bar":"default","ocean_display_header":"default","ocean_header_style":"","ocean_center_header_left_menu":"0","ocean_custom_header_template":"0","ocean_custom_logo":0,"ocean_custom_retina_logo":0,"ocean_custom_logo_max_width":0,"ocean_custom_logo_tablet_max_width":0,"ocean_custom_logo_mobile_max_width":0,"ocean_custom_logo_max_height":0,"ocean_custom_logo_tablet_max_height":0,"ocean_custom_logo_mobile_max_height":0,"ocean_header_custom_menu":"0","ocean_menu_typo_font_family":"0","ocean_menu_typo_font_subset":"","ocean_menu_typo_font_size":0,"ocean_menu_typo_font_size_tablet":0,"ocean_menu_typo_font_size_mobile":0,"ocean_menu_typo_font_size_unit":"px","ocean_menu_typo_font_weight":"","ocean_menu_typo_font_weight_tablet":"","ocean_menu_typo_font_weight_mobile":"","ocean_menu_typo_transform":"","ocean_menu_typo_transform_tablet":"","ocean_menu_typo_transform_mobile":"","ocean_menu_typo_line_height":0,"ocean_menu_typo_line_height_tablet":0,"ocean_menu_typo_line_height_mobile":0,"ocean_menu_typo_line_height_unit":"","ocean_menu_typo_spacing":0,"ocean_menu_typo_spacing_tablet":0,"ocean_menu_typo_spacing_mobile":0,"ocean_menu_typo_spacing_unit":"","ocean_menu_link_color":"","ocean_menu_link_color_hover":"","ocean_menu_link_color_active":"","ocean_menu_link_background":"","ocean_menu_link_hover_background":"","ocean_menu_link_active_background":"","ocean_menu_social_links_bg":"","ocean_menu_social_hover_links_bg":"","ocean_menu_social_links_color":"","ocean_menu_social_hover_links_color":"","ocean_disable_title":"default","ocean_disable_heading":"default","ocean_post_title":"","ocean_post_subheading":"","ocean_post_title_style":"","ocean_post_title_background_color":"","ocean_post_title_background":0,"ocean_post_title_bg_image_position":"","ocean_post_title_bg_image_attachment":"","ocean_post_title_bg_image_repeat":"","ocean_post_title_bg_image_size":"","ocean_post_title_height":0,"ocean_post_title_bg_overlay":0.5,"ocean_post_title_bg_overlay_color":"","ocean_disable_breadcrumbs":"default","ocean_breadcrumbs_color":"","ocean_breadcrumbs_separator_color":"","ocean_breadcrumbs_links_color":"","ocean_breadcrumbs_links_hover_color":"","ocean_display_footer_widgets":"default","ocean_display_footer_bottom":"default","ocean_custom_footer_template":"0","ofc_meta_disable_footer_callout":"","ofc_meta_callout_button_url":"","ofc_meta_callout_button_txt":"","ofc_meta_callout_text":"","osh_disable_topbar_sticky":"default","osh_disable_header_sticky":"default","osh_sticky_header_style":"default","osh_sticky_header_effect":"","osh_custom_sticky_logo":0,"osh_custom_retina_sticky_logo":0,"osh_custom_sticky_logo_height":0,"osh_background_color":"","osh_links_color":"","osh_links_hover_color":"","osh_links_active_color":"","osh_links_bg_color":"","osh_links_hover_bg_color":"","osh_links_active_bg_color":"","osh_menu_social_links_color":"","osh_menu_social_hover_links_color":""},"product_brand":[2704],"product_cat":[1669],"product_tag":[1679,1352,1717,1437,916,1673],"class_list":{"0":"post-16519","1":"product","2":"type-product","3":"status-publish","4":"has-post-thumbnail","6":"product_brand-sh-line","7":"product_cat-tierbedarf","8":"product_tag-futternapf","9":"product_tag-hunde","10":"product_tag-hundenapf","11":"product_tag-reisen","12":"product_tag-silikon","13":"product_tag-tierbedarf","15":"entry","16":"has-media","18":"first","19":"instock","20":"taxable","21":"shipping-taxable","22":"purchasable","23":"product-type-variable","24":"has-default-attributes","25":"col","26":"span_1_of_3","27":"owp-content-center","28":"item-entry","29":"owp-thumbs-layout-horizontal","30":"owp-btn-normal","31":"owp-tabs-layout-horizontal","32":"circle-sale"},"yoast_head":"<!-- This site is optimized with the Yoast SEO plugin v27.4 - https:\/\/yoast.com\/product\/yoast-seo-wordpress\/ -->\n<title>Faltbarer Hundenapf Silikon - WeRecycle.ch | WR Group AG<\/title>\n<meta name=\"description\" content=\"Faltbarer Futternapf \/ Wassernapf mit 350 ml Inhalt f\u00fcr Reisen, Wanderungen etc. aus lebensmittelechtem Silikon mit Karabinerhaken zur Befestigung.\" \/>\n<meta name=\"robots\" content=\"index, follow, max-snippet:-1, max-image-preview:large, max-video-preview:-1\" \/>\n<link rel=\"canonical\" href=\"https:\/\/www.werecycle.ch\/de\/shop\/tierbedarf\/faltbarer-silikon-hundenapf-reisenapf\/\" \/>\n<meta property=\"og:locale\" content=\"de_DE\" \/>\n<meta property=\"og:type\" content=\"article\" \/>\n<meta property=\"og:title\" content=\"Faltbarer Hundenapf Silikon - WeRecycle.ch | WR Group AG\" \/>\n<meta property=\"og:description\" content=\"Faltbarer Futternapf \/ Wassernapf mit 350 ml Inhalt f\u00fcr Reisen, Wanderungen etc. aus lebensmittelechtem Silikon mit Karabinerhaken zur Befestigung.\" \/>\n<meta property=\"og:url\" content=\"https:\/\/www.werecycle.ch\/de\/shop\/tierbedarf\/faltbarer-silikon-hundenapf-reisenapf\/\" \/>\n<meta property=\"og:site_name\" content=\"WeRecycle.ch | WR Group AG\" \/>\n<meta property=\"article:publisher\" content=\"https:\/\/www.facebook.com\/www.werecycle.ch\" \/>\n<meta property=\"article:modified_time\" content=\"2026-03-25T13:16:36+00:00\" \/>\n<meta property=\"og:image\" content=\"https:\/\/www.werecycle.ch\/wp-content\/uploads\/2024\/02\/220601.webp\" \/>\n\t<meta property=\"og:image:width\" content=\"640\" \/>\n\t<meta property=\"og:image:height\" content=\"640\" \/>\n\t<meta property=\"og:image:type\" content=\"image\/webp\" \/>\n<meta name=\"twitter:card\" content=\"summary_large_image\" \/>\n<script type=\"application\/ld+json\" class=\"yoast-schema-graph\">{\"@context\":\"https:\\\/\\\/schema.org\",\"@graph\":[{\"@type\":\"WebPage\",\"@id\":\"https:\\\/\\\/www.werecycle.ch\\\/shop\\\/tierbedarf\\\/faltbarer-silikon-hundenapf-reisenapf\\\/\",\"url\":\"https:\\\/\\\/www.werecycle.ch\\\/shop\\\/tierbedarf\\\/faltbarer-silikon-hundenapf-reisenapf\\\/\",\"name\":\"Faltbarer Hundenapf Silikon - WeRecycle.ch | WR Group AG\",\"isPartOf\":{\"@id\":\"https:\\\/\\\/www.werecycle.ch\\\/de\\\/#website\"},\"primaryImageOfPage\":{\"@id\":\"https:\\\/\\\/www.werecycle.ch\\\/shop\\\/tierbedarf\\\/faltbarer-silikon-hundenapf-reisenapf\\\/#primaryimage\"},\"image\":{\"@id\":\"https:\\\/\\\/www.werecycle.ch\\\/shop\\\/tierbedarf\\\/faltbarer-silikon-hundenapf-reisenapf\\\/#primaryimage\"},\"thumbnailUrl\":\"https:\\\/\\\/www.werecycle.ch\\\/wp-content\\\/uploads\\\/2024\\\/02\\\/220601.webp\",\"datePublished\":\"2023-11-09T08:33:10+00:00\",\"dateModified\":\"2026-03-25T13:16:36+00:00\",\"description\":\"Faltbarer Futternapf \\\/ Wassernapf mit 350 ml Inhalt f\u00fcr Reisen, Wanderungen etc. aus lebensmittelechtem Silikon mit Karabinerhaken zur Befestigung.\",\"breadcrumb\":{\"@id\":\"https:\\\/\\\/www.werecycle.ch\\\/shop\\\/tierbedarf\\\/faltbarer-silikon-hundenapf-reisenapf\\\/#breadcrumb\"},\"inLanguage\":\"de\",\"potentialAction\":[{\"@type\":\"ReadAction\",\"target\":[\"https:\\\/\\\/www.werecycle.ch\\\/shop\\\/tierbedarf\\\/faltbarer-silikon-hundenapf-reisenapf\\\/\"]}]},{\"@type\":\"ImageObject\",\"inLanguage\":\"de\",\"@id\":\"https:\\\/\\\/www.werecycle.ch\\\/shop\\\/tierbedarf\\\/faltbarer-silikon-hundenapf-reisenapf\\\/#primaryimage\",\"url\":\"https:\\\/\\\/www.werecycle.ch\\\/wp-content\\\/uploads\\\/2024\\\/02\\\/220601.webp\",\"contentUrl\":\"https:\\\/\\\/www.werecycle.ch\\\/wp-content\\\/uploads\\\/2024\\\/02\\\/220601.webp\",\"width\":640,\"height\":640},{\"@type\":\"BreadcrumbList\",\"@id\":\"https:\\\/\\\/www.werecycle.ch\\\/shop\\\/tierbedarf\\\/faltbarer-silikon-hundenapf-reisenapf\\\/#breadcrumb\",\"itemListElement\":[{\"@type\":\"ListItem\",\"position\":1,\"name\":\"Startseite\",\"item\":\"https:\\\/\\\/www.werecycle.ch\\\/\"},{\"@type\":\"ListItem\",\"position\":2,\"name\":\"Shop\",\"item\":\"https:\\\/\\\/www.werecycle.ch\\\/de\\\/shop\\\/\"},{\"@type\":\"ListItem\",\"position\":3,\"name\":\"Faltbarer Hundenapf Silikon\"}]},{\"@type\":\"WebSite\",\"@id\":\"https:\\\/\\\/www.werecycle.ch\\\/de\\\/#website\",\"url\":\"https:\\\/\\\/www.werecycle.ch\\\/de\\\/\",\"name\":\"WeRecycle.ch | Recycling Services AG\",\"description\":\"\",\"publisher\":{\"@id\":\"https:\\\/\\\/www.werecycle.ch\\\/de\\\/#organization\"},\"potentialAction\":[{\"@type\":\"SearchAction\",\"target\":{\"@type\":\"EntryPoint\",\"urlTemplate\":\"https:\\\/\\\/www.werecycle.ch\\\/de\\\/?s={search_term_string}\"},\"query-input\":{\"@type\":\"PropertyValueSpecification\",\"valueRequired\":true,\"valueName\":\"search_term_string\"}}],\"inLanguage\":\"de\"},{\"@type\":\"Organization\",\"@id\":\"https:\\\/\\\/www.werecycle.ch\\\/de\\\/#organization\",\"name\":\"WeRecycle.ch | Recycling Services AG\",\"url\":\"https:\\\/\\\/www.werecycle.ch\\\/de\\\/\",\"logo\":{\"@type\":\"ImageObject\",\"inLanguage\":\"de\",\"@id\":\"https:\\\/\\\/www.werecycle.ch\\\/de\\\/#\\\/schema\\\/logo\\\/image\\\/\",\"url\":\"https:\\\/\\\/www.werecycle.ch\\\/wp-content\\\/uploads\\\/2022\\\/09\\\/logo_werecycle.webp\",\"contentUrl\":\"https:\\\/\\\/www.werecycle.ch\\\/wp-content\\\/uploads\\\/2022\\\/09\\\/logo_werecycle.webp\",\"width\":1423,\"height\":427,\"caption\":\"WeRecycle.ch | Recycling Services AG\"},\"image\":{\"@id\":\"https:\\\/\\\/www.werecycle.ch\\\/de\\\/#\\\/schema\\\/logo\\\/image\\\/\"},\"sameAs\":[\"https:\\\/\\\/www.facebook.com\\\/www.werecycle.ch\"]}]}<\/script>\n<!-- \/ Yoast SEO plugin. -->","yoast_head_json":{"title":"Faltbarer Hundenapf Silikon - WeRecycle.ch | WR Group AG","description":"Faltbarer Futternapf \/ Wassernapf mit 350 ml Inhalt f\u00fcr Reisen, Wanderungen etc. aus lebensmittelechtem Silikon mit Karabinerhaken zur Befestigung.","robots":{"index":"index","follow":"follow","max-snippet":"max-snippet:-1","max-image-preview":"max-image-preview:large","max-video-preview":"max-video-preview:-1"},"canonical":"https:\/\/www.werecycle.ch\/de\/shop\/tierbedarf\/faltbarer-silikon-hundenapf-reisenapf\/","og_locale":"de_DE","og_type":"article","og_title":"Faltbarer Hundenapf Silikon - WeRecycle.ch | WR Group AG","og_description":"Faltbarer Futternapf \/ Wassernapf mit 350 ml Inhalt f\u00fcr Reisen, Wanderungen etc. aus lebensmittelechtem Silikon mit Karabinerhaken zur Befestigung.","og_url":"https:\/\/www.werecycle.ch\/de\/shop\/tierbedarf\/faltbarer-silikon-hundenapf-reisenapf\/","og_site_name":"WeRecycle.ch | WR Group AG","article_publisher":"https:\/\/www.facebook.com\/www.werecycle.ch","article_modified_time":"2026-03-25T13:16:36+00:00","og_image":[{"width":640,"height":640,"url":"https:\/\/www.werecycle.ch\/wp-content\/uploads\/2024\/02\/220601.webp","type":"image\/webp"}],"twitter_card":"summary_large_image","schema":{"@context":"https:\/\/schema.org","@graph":[{"@type":"WebPage","@id":"https:\/\/www.werecycle.ch\/shop\/tierbedarf\/faltbarer-silikon-hundenapf-reisenapf\/","url":"https:\/\/www.werecycle.ch\/shop\/tierbedarf\/faltbarer-silikon-hundenapf-reisenapf\/","name":"Faltbarer Hundenapf Silikon - WeRecycle.ch | WR Group AG","isPartOf":{"@id":"https:\/\/www.werecycle.ch\/de\/#website"},"primaryImageOfPage":{"@id":"https:\/\/www.werecycle.ch\/shop\/tierbedarf\/faltbarer-silikon-hundenapf-reisenapf\/#primaryimage"},"image":{"@id":"https:\/\/www.werecycle.ch\/shop\/tierbedarf\/faltbarer-silikon-hundenapf-reisenapf\/#primaryimage"},"thumbnailUrl":"https:\/\/www.werecycle.ch\/wp-content\/uploads\/2024\/02\/220601.webp","datePublished":"2023-11-09T08:33:10+00:00","dateModified":"2026-03-25T13:16:36+00:00","description":"Faltbarer Futternapf \/ Wassernapf mit 350 ml Inhalt f\u00fcr Reisen, Wanderungen etc. aus lebensmittelechtem Silikon mit Karabinerhaken zur Befestigung.","breadcrumb":{"@id":"https:\/\/www.werecycle.ch\/shop\/tierbedarf\/faltbarer-silikon-hundenapf-reisenapf\/#breadcrumb"},"inLanguage":"de","potentialAction":[{"@type":"ReadAction","target":["https:\/\/www.werecycle.ch\/shop\/tierbedarf\/faltbarer-silikon-hundenapf-reisenapf\/"]}]},{"@type":"ImageObject","inLanguage":"de","@id":"https:\/\/www.werecycle.ch\/shop\/tierbedarf\/faltbarer-silikon-hundenapf-reisenapf\/#primaryimage","url":"https:\/\/www.werecycle.ch\/wp-content\/uploads\/2024\/02\/220601.webp","contentUrl":"https:\/\/www.werecycle.ch\/wp-content\/uploads\/2024\/02\/220601.webp","width":640,"height":640},{"@type":"BreadcrumbList","@id":"https:\/\/www.werecycle.ch\/shop\/tierbedarf\/faltbarer-silikon-hundenapf-reisenapf\/#breadcrumb","itemListElement":[{"@type":"ListItem","position":1,"name":"Startseite","item":"https:\/\/www.werecycle.ch\/"},{"@type":"ListItem","position":2,"name":"Shop","item":"https:\/\/www.werecycle.ch\/de\/shop\/"},{"@type":"ListItem","position":3,"name":"Faltbarer Hundenapf Silikon"}]},{"@type":"WebSite","@id":"https:\/\/www.werecycle.ch\/de\/#website","url":"https:\/\/www.werecycle.ch\/de\/","name":"WeRecycle.ch | Recycling Services AG","description":"","publisher":{"@id":"https:\/\/www.werecycle.ch\/de\/#organization"},"potentialAction":[{"@type":"SearchAction","target":{"@type":"EntryPoint","urlTemplate":"https:\/\/www.werecycle.ch\/de\/?s={search_term_string}"},"query-input":{"@type":"PropertyValueSpecification","valueRequired":true,"valueName":"search_term_string"}}],"inLanguage":"de"},{"@type":"Organization","@id":"https:\/\/www.werecycle.ch\/de\/#organization","name":"WeRecycle.ch | Recycling Services AG","url":"https:\/\/www.werecycle.ch\/de\/","logo":{"@type":"ImageObject","inLanguage":"de","@id":"https:\/\/www.werecycle.ch\/de\/#\/schema\/logo\/image\/","url":"https:\/\/www.werecycle.ch\/wp-content\/uploads\/2022\/09\/logo_werecycle.webp","contentUrl":"https:\/\/www.werecycle.ch\/wp-content\/uploads\/2022\/09\/logo_werecycle.webp","width":1423,"height":427,"caption":"WeRecycle.ch | Recycling Services AG"},"image":{"@id":"https:\/\/www.werecycle.ch\/de\/#\/schema\/logo\/image\/"},"sameAs":["https:\/\/www.facebook.com\/www.werecycle.ch"]}]}},"tiered_pricing_type":"fixed","tiered_pricing_fixed_rules":[],"tiered_pricing_product_settings":{"layout":"default","base_unit_name":{"singular":null,"plural":null},"default_variation":null},"tiered_pricing_minimum_quantity":null,"tiered_pricing_roles_data":[],"tiered_pricing_percentage_rules":[],"_links":{"self":[{"href":"https:\/\/www.werecycle.ch\/de\/wp-json\/wp\/v2\/product\/16519","targetHints":{"allow":["GET"]}}],"collection":[{"href":"https:\/\/www.werecycle.ch\/de\/wp-json\/wp\/v2\/product"}],"about":[{"href":"https:\/\/www.werecycle.ch\/de\/wp-json\/wp\/v2\/types\/product"}],"wp:featuredmedia":[{"embeddable":true,"href":"https:\/\/www.werecycle.ch\/de\/wp-json\/wp\/v2\/media\/16522"}],"wp:attachment":[{"href":"https:\/\/www.werecycle.ch\/de\/wp-json\/wp\/v2\/media?parent=16519"}],"wp:term":[{"taxonomy":"product_brand","embeddable":true,"href":"https:\/\/www.werecycle.ch\/de\/wp-json\/wp\/v2\/product_brand?post=16519"},{"taxonomy":"product_cat","embeddable":true,"href":"https:\/\/www.werecycle.ch\/de\/wp-json\/wp\/v2\/product_cat?post=16519"},{"taxonomy":"product_tag","embeddable":true,"href":"https:\/\/www.werecycle.ch\/de\/wp-json\/wp\/v2\/product_tag?post=16519"}],"curies":[{"name":"wp","href":"https:\/\/api.w.org\/{rel}","templated":true}]}}