{"id":16177,"date":"2024-01-26T15:02:44","date_gmt":"2024-01-26T14:02:44","guid":{"rendered":"https:\/\/www.werecycle.ch\/?post_type=product&#038;p=16177"},"modified":"2024-06-20T14:00:37","modified_gmt":"2024-06-20T13:00:37","slug":"katzen-futternapf-wassernapf-keramik","status":"publish","type":"product","link":"https:\/\/www.werecycle.ch\/de\/shop\/tierbedarf\/katzen-futternapf-wassernapf-keramik\/","title":{"rendered":"Futternapf \/ Wassernapf Keramik"},"content":{"rendered":"<p>Der Katzennapf der Serie ist aufgrund seiner niedrigen R\u00e4nder und der ovalen Form sehr gut an die Bed\u00fcrfnisse der empfindlichen Schnurrhaare von Katzen angepasst. So werden diese nicht abgeknickt und ihre Samtpfote kann artgerecht ihr Futter zu sich nehmen. Die aus Keramik hergestellten N\u00e4pfe besitzen eine ansprechende nat\u00fcrliche Steinoptik, sind mit Bedacht auf die Umwelt schwermetallfrei glasiert und lebensmittelecht und somit v\u00f6llig unbedenklich f\u00fcr Tiere.<\/p>\n<p>Die N\u00e4pfe sind handbemalt, somit ist jeder Napf ein Unikat. Sie eignen sich optimal f\u00fcr Nass- und Trockenfutter. Kleiner Tipp: Die runden Diner Stone N\u00e4pfe eignen sich im \u00dcbrigen sehr gut als zus\u00e4tzliche Wassern\u00e4pfe f\u00fcr Katzen, da Samtpfoten in ihrem Zuhause verschiedene Wasserstellen lieben.<\/p>\n<p>&nbsp;<\/p>\n<ul class=\"cds-List cds-List--Bulleted\">\n<li>Futternapf f\u00fcr Katzen<\/li>\n<li>Volumen: 0,3 l<\/li>\n<li>Material: Keramik<\/li>\n<li>Farbe: Hellbraun<\/li>\n<li>Abmessungen: 12 x 15,5 x 4,3 cm<\/li>\n<li>Aufgrund der niedrigen R\u00e4nder sehr gut an die Bed\u00fcrfnisse der empfindlichen Schnurrhaare von Katzen angepasst<\/li>\n<li>Ansprechende, nat\u00fcrliche Steinoptik<\/li>\n<li>Handbemalt, dadurch ist jeder Napf ein Unikat<\/li>\n<\/ul>\n","protected":false},"excerpt":{"rendered":"<p>Handbemalter Keramik Futternapf f\u00fcr Katzen, der perfekt an die Bed\u00fcrfnisse Deines Lieblings angepasst ist.<\/p>\n","protected":false},"featured_media":16182,"template":"","meta":{"ocean_post_layout":"","ocean_both_sidebars_style":"","ocean_both_sidebars_content_width":0,"ocean_both_sidebars_sidebars_width":0,"ocean_sidebar":"0","ocean_second_sidebar":"0","ocean_disable_margins":"enable","ocean_add_body_class":"","ocean_shortcode_before_top_bar":"","ocean_shortcode_after_top_bar":"","ocean_shortcode_before_header":"","ocean_shortcode_after_header":"","ocean_has_shortcode":"","ocean_shortcode_after_title":"","ocean_shortcode_before_footer_widgets":"","ocean_shortcode_after_footer_widgets":"","ocean_shortcode_before_footer_bottom":"","ocean_shortcode_after_footer_bottom":"","ocean_display_top_bar":"default","ocean_display_header":"default","ocean_header_style":"","ocean_center_header_left_menu":"0","ocean_custom_header_template":"0","ocean_custom_logo":0,"ocean_custom_retina_logo":0,"ocean_custom_logo_max_width":0,"ocean_custom_logo_tablet_max_width":0,"ocean_custom_logo_mobile_max_width":0,"ocean_custom_logo_max_height":0,"ocean_custom_logo_tablet_max_height":0,"ocean_custom_logo_mobile_max_height":0,"ocean_header_custom_menu":"0","ocean_menu_typo_font_family":"0","ocean_menu_typo_font_subset":"","ocean_menu_typo_font_size":0,"ocean_menu_typo_font_size_tablet":0,"ocean_menu_typo_font_size_mobile":0,"ocean_menu_typo_font_size_unit":"px","ocean_menu_typo_font_weight":"","ocean_menu_typo_font_weight_tablet":"","ocean_menu_typo_font_weight_mobile":"","ocean_menu_typo_transform":"","ocean_menu_typo_transform_tablet":"","ocean_menu_typo_transform_mobile":"","ocean_menu_typo_line_height":0,"ocean_menu_typo_line_height_tablet":0,"ocean_menu_typo_line_height_mobile":0,"ocean_menu_typo_line_height_unit":"","ocean_menu_typo_spacing":0,"ocean_menu_typo_spacing_tablet":0,"ocean_menu_typo_spacing_mobile":0,"ocean_menu_typo_spacing_unit":"","ocean_menu_link_color":"","ocean_menu_link_color_hover":"","ocean_menu_link_color_active":"","ocean_menu_link_background":"","ocean_menu_link_hover_background":"","ocean_menu_link_active_background":"","ocean_menu_social_links_bg":"","ocean_menu_social_hover_links_bg":"","ocean_menu_social_links_color":"","ocean_menu_social_hover_links_color":"","ocean_disable_title":"default","ocean_disable_heading":"default","ocean_post_title":"","ocean_post_subheading":"","ocean_post_title_style":"","ocean_post_title_background_color":"","ocean_post_title_background":0,"ocean_post_title_bg_image_position":"","ocean_post_title_bg_image_attachment":"","ocean_post_title_bg_image_repeat":"","ocean_post_title_bg_image_size":"","ocean_post_title_height":0,"ocean_post_title_bg_overlay":0.5,"ocean_post_title_bg_overlay_color":"","ocean_disable_breadcrumbs":"default","ocean_breadcrumbs_color":"","ocean_breadcrumbs_separator_color":"","ocean_breadcrumbs_links_color":"","ocean_breadcrumbs_links_hover_color":"","ocean_display_footer_widgets":"default","ocean_display_footer_bottom":"default","ocean_custom_footer_template":"0","ofc_meta_disable_footer_callout":"","ofc_meta_callout_button_url":"","ofc_meta_callout_button_txt":"","ofc_meta_callout_text":"","osh_disable_topbar_sticky":"default","osh_disable_header_sticky":"default","osh_sticky_header_style":"default","osh_sticky_header_effect":"","osh_custom_sticky_logo":0,"osh_custom_retina_sticky_logo":0,"osh_custom_sticky_logo_height":0,"osh_background_color":"","osh_links_color":"","osh_links_hover_color":"","osh_links_active_color":"","osh_links_bg_color":"","osh_links_hover_bg_color":"","osh_links_active_bg_color":"","osh_menu_social_links_color":"","osh_menu_social_hover_links_color":""},"product_brand":[],"product_cat":[1669],"product_tag":[1678,1679,1301,1351,756,1673,1680],"class_list":{"0":"post-16177","1":"product","2":"type-product","3":"status-publish","4":"has-post-thumbnail","6":"product_cat-tierbedarf","7":"product_tag-fressnapf","8":"product_tag-futternapf","9":"product_tag-haustier","10":"product_tag-katzen","11":"product_tag-recycling","12":"product_tag-tierbedarf","13":"product_tag-wassernapf","14":"product_shipping_class-paket","16":"entry","17":"has-media","19":"first","20":"instock","21":"taxable","22":"shipping-taxable","23":"purchasable","24":"product-type-simple","25":"col","26":"span_1_of_3","27":"owp-content-center","28":"item-entry","29":"owp-thumbs-layout-horizontal","30":"owp-btn-normal","31":"owp-tabs-layout-horizontal","32":"circle-sale"},"yoast_head":"<!-- This site is optimized with the Yoast SEO plugin v27.5 - https:\/\/yoast.com\/product\/yoast-seo-wordpress\/ -->\n<title>Futternapf \/ Wassernapf Keramik - WeRecycle.ch | WR Group AG<\/title>\n<meta name=\"description\" content=\"Handbemalter Futternapf f\u00fcr Katzen aus Keramik. Durch die niedrige Form ist er perfekt an die empfindlichen Schnurrhaare Deiner Katze angepasst.\" \/>\n<meta name=\"robots\" content=\"index, follow, max-snippet:-1, max-image-preview:large, max-video-preview:-1\" \/>\n<link rel=\"canonical\" href=\"https:\/\/www.werecycle.ch\/de\/shop\/tierbedarf\/katzen-futternapf-wassernapf-keramik\/\" \/>\n<meta property=\"og:locale\" content=\"de_DE\" \/>\n<meta property=\"og:type\" content=\"article\" \/>\n<meta property=\"og:title\" content=\"Futternapf \/ Wassernapf Keramik - WeRecycle.ch | WR Group AG\" \/>\n<meta property=\"og:description\" content=\"Handbemalter Futternapf f\u00fcr Katzen aus Keramik. Durch die niedrige Form ist er perfekt an die empfindlichen Schnurrhaare Deiner Katze angepasst.\" \/>\n<meta property=\"og:url\" content=\"https:\/\/www.werecycle.ch\/de\/shop\/tierbedarf\/katzen-futternapf-wassernapf-keramik\/\" \/>\n<meta property=\"og:site_name\" content=\"WeRecycle.ch | WR Group AG\" \/>\n<meta property=\"article:publisher\" content=\"https:\/\/www.facebook.com\/www.werecycle.ch\" \/>\n<meta property=\"article:modified_time\" content=\"2024-06-20T13:00:37+00:00\" \/>\n<meta property=\"og:image\" content=\"https:\/\/www.werecycle.ch\/wp-content\/uploads\/2024\/01\/506212.webp\" \/>\n\t<meta property=\"og:image:width\" content=\"1500\" \/>\n\t<meta property=\"og:image:height\" content=\"1500\" \/>\n\t<meta property=\"og:image:type\" content=\"image\/webp\" \/>\n<meta name=\"twitter:card\" content=\"summary_large_image\" \/>\n<script type=\"application\/ld+json\" class=\"yoast-schema-graph\">{\"@context\":\"https:\\\/\\\/schema.org\",\"@graph\":[{\"@type\":\"WebPage\",\"@id\":\"https:\\\/\\\/www.werecycle.ch\\\/shop\\\/tierbedarf\\\/katzen-futternapf-wassernapf-keramik\\\/\",\"url\":\"https:\\\/\\\/www.werecycle.ch\\\/shop\\\/tierbedarf\\\/katzen-futternapf-wassernapf-keramik\\\/\",\"name\":\"Futternapf \\\/ Wassernapf Keramik - WeRecycle.ch | WR Group AG\",\"isPartOf\":{\"@id\":\"https:\\\/\\\/www.werecycle.ch\\\/de\\\/#website\"},\"primaryImageOfPage\":{\"@id\":\"https:\\\/\\\/www.werecycle.ch\\\/shop\\\/tierbedarf\\\/katzen-futternapf-wassernapf-keramik\\\/#primaryimage\"},\"image\":{\"@id\":\"https:\\\/\\\/www.werecycle.ch\\\/shop\\\/tierbedarf\\\/katzen-futternapf-wassernapf-keramik\\\/#primaryimage\"},\"thumbnailUrl\":\"https:\\\/\\\/www.werecycle.ch\\\/wp-content\\\/uploads\\\/2024\\\/01\\\/506212.webp\",\"datePublished\":\"2024-01-26T14:02:44+00:00\",\"dateModified\":\"2024-06-20T13:00:37+00:00\",\"description\":\"Handbemalter Futternapf f\u00fcr Katzen aus Keramik. Durch die niedrige Form ist er perfekt an die empfindlichen Schnurrhaare Deiner Katze angepasst.\",\"breadcrumb\":{\"@id\":\"https:\\\/\\\/www.werecycle.ch\\\/shop\\\/tierbedarf\\\/katzen-futternapf-wassernapf-keramik\\\/#breadcrumb\"},\"inLanguage\":\"de\",\"potentialAction\":[{\"@type\":\"ReadAction\",\"target\":[\"https:\\\/\\\/www.werecycle.ch\\\/shop\\\/tierbedarf\\\/katzen-futternapf-wassernapf-keramik\\\/\"]}]},{\"@type\":\"ImageObject\",\"inLanguage\":\"de\",\"@id\":\"https:\\\/\\\/www.werecycle.ch\\\/shop\\\/tierbedarf\\\/katzen-futternapf-wassernapf-keramik\\\/#primaryimage\",\"url\":\"https:\\\/\\\/www.werecycle.ch\\\/wp-content\\\/uploads\\\/2024\\\/01\\\/506212.webp\",\"contentUrl\":\"https:\\\/\\\/www.werecycle.ch\\\/wp-content\\\/uploads\\\/2024\\\/01\\\/506212.webp\",\"width\":1500,\"height\":1500},{\"@type\":\"BreadcrumbList\",\"@id\":\"https:\\\/\\\/www.werecycle.ch\\\/shop\\\/tierbedarf\\\/katzen-futternapf-wassernapf-keramik\\\/#breadcrumb\",\"itemListElement\":[{\"@type\":\"ListItem\",\"position\":1,\"name\":\"Startseite\",\"item\":\"https:\\\/\\\/www.werecycle.ch\\\/\"},{\"@type\":\"ListItem\",\"position\":2,\"name\":\"Shop\",\"item\":\"https:\\\/\\\/www.werecycle.ch\\\/de\\\/shop\\\/\"},{\"@type\":\"ListItem\",\"position\":3,\"name\":\"Futternapf \\\/ Wassernapf Keramik\"}]},{\"@type\":\"WebSite\",\"@id\":\"https:\\\/\\\/www.werecycle.ch\\\/de\\\/#website\",\"url\":\"https:\\\/\\\/www.werecycle.ch\\\/de\\\/\",\"name\":\"WeRecycle.ch | Recycling Services AG\",\"description\":\"\",\"publisher\":{\"@id\":\"https:\\\/\\\/www.werecycle.ch\\\/de\\\/#organization\"},\"potentialAction\":[{\"@type\":\"SearchAction\",\"target\":{\"@type\":\"EntryPoint\",\"urlTemplate\":\"https:\\\/\\\/www.werecycle.ch\\\/de\\\/?s={search_term_string}\"},\"query-input\":{\"@type\":\"PropertyValueSpecification\",\"valueRequired\":true,\"valueName\":\"search_term_string\"}}],\"inLanguage\":\"de\"},{\"@type\":\"Organization\",\"@id\":\"https:\\\/\\\/www.werecycle.ch\\\/de\\\/#organization\",\"name\":\"WeRecycle.ch | Recycling Services AG\",\"url\":\"https:\\\/\\\/www.werecycle.ch\\\/de\\\/\",\"logo\":{\"@type\":\"ImageObject\",\"inLanguage\":\"de\",\"@id\":\"https:\\\/\\\/www.werecycle.ch\\\/de\\\/#\\\/schema\\\/logo\\\/image\\\/\",\"url\":\"https:\\\/\\\/www.werecycle.ch\\\/wp-content\\\/uploads\\\/2022\\\/09\\\/logo_werecycle.webp\",\"contentUrl\":\"https:\\\/\\\/www.werecycle.ch\\\/wp-content\\\/uploads\\\/2022\\\/09\\\/logo_werecycle.webp\",\"width\":1423,\"height\":427,\"caption\":\"WeRecycle.ch | Recycling Services AG\"},\"image\":{\"@id\":\"https:\\\/\\\/www.werecycle.ch\\\/de\\\/#\\\/schema\\\/logo\\\/image\\\/\"},\"sameAs\":[\"https:\\\/\\\/www.facebook.com\\\/www.werecycle.ch\"]}]}<\/script>\n<!-- \/ Yoast SEO plugin. -->","yoast_head_json":{"title":"Futternapf \/ Wassernapf Keramik - WeRecycle.ch | WR Group AG","description":"Handbemalter Futternapf f\u00fcr Katzen aus Keramik. Durch die niedrige Form ist er perfekt an die empfindlichen Schnurrhaare Deiner Katze angepasst.","robots":{"index":"index","follow":"follow","max-snippet":"max-snippet:-1","max-image-preview":"max-image-preview:large","max-video-preview":"max-video-preview:-1"},"canonical":"https:\/\/www.werecycle.ch\/de\/shop\/tierbedarf\/katzen-futternapf-wassernapf-keramik\/","og_locale":"de_DE","og_type":"article","og_title":"Futternapf \/ Wassernapf Keramik - WeRecycle.ch | WR Group AG","og_description":"Handbemalter Futternapf f\u00fcr Katzen aus Keramik. Durch die niedrige Form ist er perfekt an die empfindlichen Schnurrhaare Deiner Katze angepasst.","og_url":"https:\/\/www.werecycle.ch\/de\/shop\/tierbedarf\/katzen-futternapf-wassernapf-keramik\/","og_site_name":"WeRecycle.ch | WR Group AG","article_publisher":"https:\/\/www.facebook.com\/www.werecycle.ch","article_modified_time":"2024-06-20T13:00:37+00:00","og_image":[{"width":1500,"height":1500,"url":"https:\/\/www.werecycle.ch\/wp-content\/uploads\/2024\/01\/506212.webp","type":"image\/webp"}],"twitter_card":"summary_large_image","schema":{"@context":"https:\/\/schema.org","@graph":[{"@type":"WebPage","@id":"https:\/\/www.werecycle.ch\/shop\/tierbedarf\/katzen-futternapf-wassernapf-keramik\/","url":"https:\/\/www.werecycle.ch\/shop\/tierbedarf\/katzen-futternapf-wassernapf-keramik\/","name":"Futternapf \/ Wassernapf Keramik - WeRecycle.ch | WR Group AG","isPartOf":{"@id":"https:\/\/www.werecycle.ch\/de\/#website"},"primaryImageOfPage":{"@id":"https:\/\/www.werecycle.ch\/shop\/tierbedarf\/katzen-futternapf-wassernapf-keramik\/#primaryimage"},"image":{"@id":"https:\/\/www.werecycle.ch\/shop\/tierbedarf\/katzen-futternapf-wassernapf-keramik\/#primaryimage"},"thumbnailUrl":"https:\/\/www.werecycle.ch\/wp-content\/uploads\/2024\/01\/506212.webp","datePublished":"2024-01-26T14:02:44+00:00","dateModified":"2024-06-20T13:00:37+00:00","description":"Handbemalter Futternapf f\u00fcr Katzen aus Keramik. Durch die niedrige Form ist er perfekt an die empfindlichen Schnurrhaare Deiner Katze angepasst.","breadcrumb":{"@id":"https:\/\/www.werecycle.ch\/shop\/tierbedarf\/katzen-futternapf-wassernapf-keramik\/#breadcrumb"},"inLanguage":"de","potentialAction":[{"@type":"ReadAction","target":["https:\/\/www.werecycle.ch\/shop\/tierbedarf\/katzen-futternapf-wassernapf-keramik\/"]}]},{"@type":"ImageObject","inLanguage":"de","@id":"https:\/\/www.werecycle.ch\/shop\/tierbedarf\/katzen-futternapf-wassernapf-keramik\/#primaryimage","url":"https:\/\/www.werecycle.ch\/wp-content\/uploads\/2024\/01\/506212.webp","contentUrl":"https:\/\/www.werecycle.ch\/wp-content\/uploads\/2024\/01\/506212.webp","width":1500,"height":1500},{"@type":"BreadcrumbList","@id":"https:\/\/www.werecycle.ch\/shop\/tierbedarf\/katzen-futternapf-wassernapf-keramik\/#breadcrumb","itemListElement":[{"@type":"ListItem","position":1,"name":"Startseite","item":"https:\/\/www.werecycle.ch\/"},{"@type":"ListItem","position":2,"name":"Shop","item":"https:\/\/www.werecycle.ch\/de\/shop\/"},{"@type":"ListItem","position":3,"name":"Futternapf \/ Wassernapf Keramik"}]},{"@type":"WebSite","@id":"https:\/\/www.werecycle.ch\/de\/#website","url":"https:\/\/www.werecycle.ch\/de\/","name":"WeRecycle.ch | Recycling Services AG","description":"","publisher":{"@id":"https:\/\/www.werecycle.ch\/de\/#organization"},"potentialAction":[{"@type":"SearchAction","target":{"@type":"EntryPoint","urlTemplate":"https:\/\/www.werecycle.ch\/de\/?s={search_term_string}"},"query-input":{"@type":"PropertyValueSpecification","valueRequired":true,"valueName":"search_term_string"}}],"inLanguage":"de"},{"@type":"Organization","@id":"https:\/\/www.werecycle.ch\/de\/#organization","name":"WeRecycle.ch | Recycling Services AG","url":"https:\/\/www.werecycle.ch\/de\/","logo":{"@type":"ImageObject","inLanguage":"de","@id":"https:\/\/www.werecycle.ch\/de\/#\/schema\/logo\/image\/","url":"https:\/\/www.werecycle.ch\/wp-content\/uploads\/2022\/09\/logo_werecycle.webp","contentUrl":"https:\/\/www.werecycle.ch\/wp-content\/uploads\/2022\/09\/logo_werecycle.webp","width":1423,"height":427,"caption":"WeRecycle.ch | Recycling Services AG"},"image":{"@id":"https:\/\/www.werecycle.ch\/de\/#\/schema\/logo\/image\/"},"sameAs":["https:\/\/www.facebook.com\/www.werecycle.ch"]}]}},"tiered_pricing_type":"fixed","tiered_pricing_fixed_rules":[],"tiered_pricing_product_settings":{"layout":"default","base_unit_name":{"singular":null,"plural":null},"default_variation":null},"tiered_pricing_minimum_quantity":null,"tiered_pricing_roles_data":[],"tiered_pricing_percentage_rules":[],"_links":{"self":[{"href":"https:\/\/www.werecycle.ch\/de\/wp-json\/wp\/v2\/product\/16177","targetHints":{"allow":["GET"]}}],"collection":[{"href":"https:\/\/www.werecycle.ch\/de\/wp-json\/wp\/v2\/product"}],"about":[{"href":"https:\/\/www.werecycle.ch\/de\/wp-json\/wp\/v2\/types\/product"}],"wp:featuredmedia":[{"embeddable":true,"href":"https:\/\/www.werecycle.ch\/de\/wp-json\/wp\/v2\/media\/16182"}],"wp:attachment":[{"href":"https:\/\/www.werecycle.ch\/de\/wp-json\/wp\/v2\/media?parent=16177"}],"wp:term":[{"taxonomy":"product_brand","embeddable":true,"href":"https:\/\/www.werecycle.ch\/de\/wp-json\/wp\/v2\/product_brand?post=16177"},{"taxonomy":"product_cat","embeddable":true,"href":"https:\/\/www.werecycle.ch\/de\/wp-json\/wp\/v2\/product_cat?post=16177"},{"taxonomy":"product_tag","embeddable":true,"href":"https:\/\/www.werecycle.ch\/de\/wp-json\/wp\/v2\/product_tag?post=16177"}],"curies":[{"name":"wp","href":"https:\/\/api.w.org\/{rel}","templated":true}]}}