{"id":15918,"date":"2023-11-23T13:52:32","date_gmt":"2023-11-23T12:52:32","guid":{"rendered":"https:\/\/www.werecycle.ch\/?post_type=product&#038;p=15918"},"modified":"2025-07-01T08:33:03","modified_gmt":"2025-07-01T07:33:03","slug":"wunderle-wundertuete-hattu-moehrchen","status":"publish","type":"product","link":"https:\/\/www.werecycle.ch\/de\/shop\/geschenke\/wunderle-wundertuete-hattu-moehrchen\/","title":{"rendered":"Wundert\u00fcte Hattu M\u00f6hrchen"},"content":{"rendered":"<p>Hast du schon mal von der M\u00f6hren-Party geh\u00f6rt? Nein? Dann wird es h\u00f6chste Zeit! Unsere &#8222;Hattu M\u00f6hrchen?&#8220; Wundert\u00fcte bringt den Gem\u00fcsegarten direkt zu dir nach Hause. Keine Angst, wir haben keine riesigen M\u00f6hren reingesteckt &#8211; die w\u00fcrden nicht passen! Aber wir garantieren dir kleine, spassige \u00dcberraschungen rund um das orangefarbene Wundergem\u00fcse.<\/p>\n<p>Also, schnapp dir einen Blumentopf, lass die Samen tanzen und beobachte, wie die Party in deinem Garten oder auf deinem Balkon steigt! Und das Beste daran? Unsere Wundert\u00fcten werden liebevoll in Deutschland von Menschen mit Behinderung hergestellt. Ein Geschenk, das in vielerlei Hinsicht Gutes tut!<\/p>\n<p>Die T\u00fcten wurden in Handarbeit in einer Werkstatt f\u00fcr Menschen mit Behinderung gefertigt. Man kann also etwas Sch\u00f6nes verschenken und gleichzeitig noch etwas Gutes tun.<\/p>\n<p>Inhalt:<\/p>\n<ul>\n<li>Karotten Saatgut<\/li>\n<li>Anzuchterde<\/li>\n<li>\u00f6kologische D\u00fcngeportion<\/li>\n<li>Pflanzt\u00fcte<\/li>\n<li>M\u00f6hrchenkarte<\/li>\n<\/ul>\n<p>&nbsp;<\/p>\n<p>Gr\u00f6sse:<\/p>\n<ul>\n<li>Breite: ca. 14 cm<\/li>\n<li>H\u00f6he: ca. 22 cm<\/li>\n<li>Gewicht 200 g<\/li>\n<\/ul>\n<p>Inhalt kann variieren<\/p>\n","protected":false},"excerpt":{"rendered":"<p>Mit der liebevoll gearbeiteten M\u00f6hrchen Wundert\u00fcte steht einer reichen M\u00f6hrenernte nichts mehr im Wege. Einfach ab Ende Februar ins Fr\u00fchbeet oder bei entsprechender Witterung direkt ins Gem\u00fcsebet und fr\u00f6hlich drauf los g\u00e4rtnern.<\/p>\n","protected":false},"featured_media":15919,"template":"","meta":{"ocean_post_layout":"","ocean_both_sidebars_style":"","ocean_both_sidebars_content_width":0,"ocean_both_sidebars_sidebars_width":0,"ocean_sidebar":"0","ocean_second_sidebar":"0","ocean_disable_margins":"enable","ocean_add_body_class":"","ocean_shortcode_before_top_bar":"","ocean_shortcode_after_top_bar":"","ocean_shortcode_before_header":"","ocean_shortcode_after_header":"","ocean_has_shortcode":"","ocean_shortcode_after_title":"","ocean_shortcode_before_footer_widgets":"","ocean_shortcode_after_footer_widgets":"","ocean_shortcode_before_footer_bottom":"","ocean_shortcode_after_footer_bottom":"","ocean_display_top_bar":"default","ocean_display_header":"default","ocean_header_style":"","ocean_center_header_left_menu":"0","ocean_custom_header_template":"0","ocean_custom_logo":0,"ocean_custom_retina_logo":0,"ocean_custom_logo_max_width":0,"ocean_custom_logo_tablet_max_width":0,"ocean_custom_logo_mobile_max_width":0,"ocean_custom_logo_max_height":0,"ocean_custom_logo_tablet_max_height":0,"ocean_custom_logo_mobile_max_height":0,"ocean_header_custom_menu":"0","ocean_menu_typo_font_family":"0","ocean_menu_typo_font_subset":"","ocean_menu_typo_font_size":0,"ocean_menu_typo_font_size_tablet":0,"ocean_menu_typo_font_size_mobile":0,"ocean_menu_typo_font_size_unit":"px","ocean_menu_typo_font_weight":"","ocean_menu_typo_font_weight_tablet":"","ocean_menu_typo_font_weight_mobile":"","ocean_menu_typo_transform":"","ocean_menu_typo_transform_tablet":"","ocean_menu_typo_transform_mobile":"","ocean_menu_typo_line_height":0,"ocean_menu_typo_line_height_tablet":0,"ocean_menu_typo_line_height_mobile":0,"ocean_menu_typo_line_height_unit":"","ocean_menu_typo_spacing":0,"ocean_menu_typo_spacing_tablet":0,"ocean_menu_typo_spacing_mobile":0,"ocean_menu_typo_spacing_unit":"","ocean_menu_link_color":"","ocean_menu_link_color_hover":"","ocean_menu_link_color_active":"","ocean_menu_link_background":"","ocean_menu_link_hover_background":"","ocean_menu_link_active_background":"","ocean_menu_social_links_bg":"","ocean_menu_social_hover_links_bg":"","ocean_menu_social_links_color":"","ocean_menu_social_hover_links_color":"","ocean_disable_title":"default","ocean_disable_heading":"default","ocean_post_title":"","ocean_post_subheading":"","ocean_post_title_style":"","ocean_post_title_background_color":"","ocean_post_title_background":0,"ocean_post_title_bg_image_position":"","ocean_post_title_bg_image_attachment":"","ocean_post_title_bg_image_repeat":"","ocean_post_title_bg_image_size":"","ocean_post_title_height":0,"ocean_post_title_bg_overlay":0.5,"ocean_post_title_bg_overlay_color":"","ocean_disable_breadcrumbs":"default","ocean_breadcrumbs_color":"","ocean_breadcrumbs_separator_color":"","ocean_breadcrumbs_links_color":"","ocean_breadcrumbs_links_hover_color":"","ocean_display_footer_widgets":"default","ocean_display_footer_bottom":"default","ocean_custom_footer_template":"0","ofc_meta_disable_footer_callout":"","ofc_meta_callout_button_url":"","ofc_meta_callout_button_txt":"","ofc_meta_callout_text":"","osh_disable_topbar_sticky":"default","osh_disable_header_sticky":"default","osh_sticky_header_style":"default","osh_sticky_header_effect":"","osh_custom_sticky_logo":0,"osh_custom_retina_sticky_logo":0,"osh_custom_sticky_logo_height":0,"osh_background_color":"","osh_links_color":"","osh_links_hover_color":"","osh_links_active_color":"","osh_links_bg_color":"","osh_links_hover_bg_color":"","osh_links_active_bg_color":"","osh_menu_social_links_color":"","osh_menu_social_hover_links_color":""},"product_brand":[2597],"product_cat":[89],"product_tag":[1652,1651,318,1648,1649,1650,1594,1183,1181],"class_list":{"0":"post-15918","1":"product","2":"type-product","3":"status-publish","4":"has-post-thumbnail","6":"product_brand-wunderle","7":"product_cat-geschenke","8":"product_tag-anzucht","9":"product_tag-fruehling","10":"product_tag-geschenk","11":"product_tag-karotte","12":"product_tag-moehrchen","13":"product_tag-ostern","14":"product_tag-pflanzset","15":"product_tag-wunderle","16":"product_tag-wundertuete","18":"entry","19":"has-media","21":"first","22":"instock","23":"taxable","24":"shipping-taxable","25":"purchasable","26":"product-type-simple","27":"col","28":"span_1_of_3","29":"owp-content-center","30":"item-entry","31":"owp-thumbs-layout-horizontal","32":"owp-btn-normal","33":"owp-tabs-layout-horizontal","34":"circle-sale"},"yoast_head":"<!-- This site is optimized with the Yoast SEO plugin v27.5 - https:\/\/yoast.com\/product\/yoast-seo-wordpress\/ -->\n<title>Wundert\u00fcte Hattu M\u00f6hrchen - WeRecycle.ch | WR Group AG<\/title>\n<meta name=\"description\" content=\"Hattu M\u00f6hrchen? Muttu s\u00e4en! Mit der liebevoll gearbeiteten M\u00f6hrchen Wundert\u00fcte steht einer reichen M\u00f6hrenernte nichts mehr im Wege. Eine tolle Geschenksidee.\" \/>\n<meta name=\"robots\" content=\"index, follow, max-snippet:-1, max-image-preview:large, max-video-preview:-1\" \/>\n<link rel=\"canonical\" href=\"https:\/\/www.werecycle.ch\/de\/shop\/geschenke\/wunderle-wundertuete-hattu-moehrchen\/\" \/>\n<meta property=\"og:locale\" content=\"de_DE\" \/>\n<meta property=\"og:type\" content=\"article\" \/>\n<meta property=\"og:title\" content=\"Wundert\u00fcte Hattu M\u00f6hrchen - WeRecycle.ch | WR Group AG\" \/>\n<meta property=\"og:description\" content=\"Hattu M\u00f6hrchen? Muttu s\u00e4en! Mit der liebevoll gearbeiteten M\u00f6hrchen Wundert\u00fcte steht einer reichen M\u00f6hrenernte nichts mehr im Wege. Eine tolle Geschenksidee.\" \/>\n<meta property=\"og:url\" content=\"https:\/\/www.werecycle.ch\/de\/shop\/geschenke\/wunderle-wundertuete-hattu-moehrchen\/\" \/>\n<meta property=\"og:site_name\" content=\"WeRecycle.ch | WR Group AG\" \/>\n<meta property=\"article:publisher\" content=\"https:\/\/www.facebook.com\/www.werecycle.ch\" \/>\n<meta property=\"article:modified_time\" content=\"2025-07-01T07:33:03+00:00\" \/>\n<meta property=\"og:image\" content=\"https:\/\/www.werecycle.ch\/wp-content\/uploads\/2024\/01\/603486.webp\" \/>\n\t<meta property=\"og:image:width\" content=\"2000\" \/>\n\t<meta property=\"og:image:height\" content=\"2000\" \/>\n\t<meta property=\"og:image:type\" content=\"image\/webp\" \/>\n<meta name=\"twitter:card\" content=\"summary_large_image\" \/>\n<script type=\"application\/ld+json\" class=\"yoast-schema-graph\">{\"@context\":\"https:\\\/\\\/schema.org\",\"@graph\":[{\"@type\":\"WebPage\",\"@id\":\"https:\\\/\\\/www.werecycle.ch\\\/shop\\\/geschenke\\\/wunderle-wundertuete-hattu-moehrchen\\\/\",\"url\":\"https:\\\/\\\/www.werecycle.ch\\\/shop\\\/geschenke\\\/wunderle-wundertuete-hattu-moehrchen\\\/\",\"name\":\"Wundert\u00fcte Hattu M\u00f6hrchen - WeRecycle.ch | WR Group AG\",\"isPartOf\":{\"@id\":\"https:\\\/\\\/www.werecycle.ch\\\/de\\\/#website\"},\"primaryImageOfPage\":{\"@id\":\"https:\\\/\\\/www.werecycle.ch\\\/shop\\\/geschenke\\\/wunderle-wundertuete-hattu-moehrchen\\\/#primaryimage\"},\"image\":{\"@id\":\"https:\\\/\\\/www.werecycle.ch\\\/shop\\\/geschenke\\\/wunderle-wundertuete-hattu-moehrchen\\\/#primaryimage\"},\"thumbnailUrl\":\"https:\\\/\\\/www.werecycle.ch\\\/wp-content\\\/uploads\\\/2024\\\/01\\\/603486.webp\",\"datePublished\":\"2023-11-23T12:52:32+00:00\",\"dateModified\":\"2025-07-01T07:33:03+00:00\",\"description\":\"Hattu M\u00f6hrchen? Muttu s\u00e4en! Mit der liebevoll gearbeiteten M\u00f6hrchen Wundert\u00fcte steht einer reichen M\u00f6hrenernte nichts mehr im Wege. Eine tolle Geschenksidee.\",\"breadcrumb\":{\"@id\":\"https:\\\/\\\/www.werecycle.ch\\\/shop\\\/geschenke\\\/wunderle-wundertuete-hattu-moehrchen\\\/#breadcrumb\"},\"inLanguage\":\"de\",\"potentialAction\":[{\"@type\":\"ReadAction\",\"target\":[\"https:\\\/\\\/www.werecycle.ch\\\/shop\\\/geschenke\\\/wunderle-wundertuete-hattu-moehrchen\\\/\"]}]},{\"@type\":\"ImageObject\",\"inLanguage\":\"de\",\"@id\":\"https:\\\/\\\/www.werecycle.ch\\\/shop\\\/geschenke\\\/wunderle-wundertuete-hattu-moehrchen\\\/#primaryimage\",\"url\":\"https:\\\/\\\/www.werecycle.ch\\\/wp-content\\\/uploads\\\/2024\\\/01\\\/603486.webp\",\"contentUrl\":\"https:\\\/\\\/www.werecycle.ch\\\/wp-content\\\/uploads\\\/2024\\\/01\\\/603486.webp\",\"width\":2000,\"height\":2000},{\"@type\":\"BreadcrumbList\",\"@id\":\"https:\\\/\\\/www.werecycle.ch\\\/shop\\\/geschenke\\\/wunderle-wundertuete-hattu-moehrchen\\\/#breadcrumb\",\"itemListElement\":[{\"@type\":\"ListItem\",\"position\":1,\"name\":\"Startseite\",\"item\":\"https:\\\/\\\/www.werecycle.ch\\\/\"},{\"@type\":\"ListItem\",\"position\":2,\"name\":\"Shop\",\"item\":\"https:\\\/\\\/www.werecycle.ch\\\/de\\\/shop\\\/\"},{\"@type\":\"ListItem\",\"position\":3,\"name\":\"Wundert\u00fcte Hattu M\u00f6hrchen\"}]},{\"@type\":\"WebSite\",\"@id\":\"https:\\\/\\\/www.werecycle.ch\\\/de\\\/#website\",\"url\":\"https:\\\/\\\/www.werecycle.ch\\\/de\\\/\",\"name\":\"WeRecycle.ch | Recycling Services AG\",\"description\":\"\",\"publisher\":{\"@id\":\"https:\\\/\\\/www.werecycle.ch\\\/de\\\/#organization\"},\"potentialAction\":[{\"@type\":\"SearchAction\",\"target\":{\"@type\":\"EntryPoint\",\"urlTemplate\":\"https:\\\/\\\/www.werecycle.ch\\\/de\\\/?s={search_term_string}\"},\"query-input\":{\"@type\":\"PropertyValueSpecification\",\"valueRequired\":true,\"valueName\":\"search_term_string\"}}],\"inLanguage\":\"de\"},{\"@type\":\"Organization\",\"@id\":\"https:\\\/\\\/www.werecycle.ch\\\/de\\\/#organization\",\"name\":\"WeRecycle.ch | Recycling Services AG\",\"url\":\"https:\\\/\\\/www.werecycle.ch\\\/de\\\/\",\"logo\":{\"@type\":\"ImageObject\",\"inLanguage\":\"de\",\"@id\":\"https:\\\/\\\/www.werecycle.ch\\\/de\\\/#\\\/schema\\\/logo\\\/image\\\/\",\"url\":\"https:\\\/\\\/www.werecycle.ch\\\/wp-content\\\/uploads\\\/2022\\\/09\\\/logo_werecycle.webp\",\"contentUrl\":\"https:\\\/\\\/www.werecycle.ch\\\/wp-content\\\/uploads\\\/2022\\\/09\\\/logo_werecycle.webp\",\"width\":1423,\"height\":427,\"caption\":\"WeRecycle.ch | Recycling Services AG\"},\"image\":{\"@id\":\"https:\\\/\\\/www.werecycle.ch\\\/de\\\/#\\\/schema\\\/logo\\\/image\\\/\"},\"sameAs\":[\"https:\\\/\\\/www.facebook.com\\\/www.werecycle.ch\"]}]}<\/script>\n<!-- \/ Yoast SEO plugin. -->","yoast_head_json":{"title":"Wundert\u00fcte Hattu M\u00f6hrchen - WeRecycle.ch | WR Group AG","description":"Hattu M\u00f6hrchen? Muttu s\u00e4en! Mit der liebevoll gearbeiteten M\u00f6hrchen Wundert\u00fcte steht einer reichen M\u00f6hrenernte nichts mehr im Wege. Eine tolle Geschenksidee.","robots":{"index":"index","follow":"follow","max-snippet":"max-snippet:-1","max-image-preview":"max-image-preview:large","max-video-preview":"max-video-preview:-1"},"canonical":"https:\/\/www.werecycle.ch\/de\/shop\/geschenke\/wunderle-wundertuete-hattu-moehrchen\/","og_locale":"de_DE","og_type":"article","og_title":"Wundert\u00fcte Hattu M\u00f6hrchen - WeRecycle.ch | WR Group AG","og_description":"Hattu M\u00f6hrchen? Muttu s\u00e4en! Mit der liebevoll gearbeiteten M\u00f6hrchen Wundert\u00fcte steht einer reichen M\u00f6hrenernte nichts mehr im Wege. Eine tolle Geschenksidee.","og_url":"https:\/\/www.werecycle.ch\/de\/shop\/geschenke\/wunderle-wundertuete-hattu-moehrchen\/","og_site_name":"WeRecycle.ch | WR Group AG","article_publisher":"https:\/\/www.facebook.com\/www.werecycle.ch","article_modified_time":"2025-07-01T07:33:03+00:00","og_image":[{"width":2000,"height":2000,"url":"https:\/\/www.werecycle.ch\/wp-content\/uploads\/2024\/01\/603486.webp","type":"image\/webp"}],"twitter_card":"summary_large_image","schema":{"@context":"https:\/\/schema.org","@graph":[{"@type":"WebPage","@id":"https:\/\/www.werecycle.ch\/shop\/geschenke\/wunderle-wundertuete-hattu-moehrchen\/","url":"https:\/\/www.werecycle.ch\/shop\/geschenke\/wunderle-wundertuete-hattu-moehrchen\/","name":"Wundert\u00fcte Hattu M\u00f6hrchen - WeRecycle.ch | WR Group AG","isPartOf":{"@id":"https:\/\/www.werecycle.ch\/de\/#website"},"primaryImageOfPage":{"@id":"https:\/\/www.werecycle.ch\/shop\/geschenke\/wunderle-wundertuete-hattu-moehrchen\/#primaryimage"},"image":{"@id":"https:\/\/www.werecycle.ch\/shop\/geschenke\/wunderle-wundertuete-hattu-moehrchen\/#primaryimage"},"thumbnailUrl":"https:\/\/www.werecycle.ch\/wp-content\/uploads\/2024\/01\/603486.webp","datePublished":"2023-11-23T12:52:32+00:00","dateModified":"2025-07-01T07:33:03+00:00","description":"Hattu M\u00f6hrchen? Muttu s\u00e4en! Mit der liebevoll gearbeiteten M\u00f6hrchen Wundert\u00fcte steht einer reichen M\u00f6hrenernte nichts mehr im Wege. Eine tolle Geschenksidee.","breadcrumb":{"@id":"https:\/\/www.werecycle.ch\/shop\/geschenke\/wunderle-wundertuete-hattu-moehrchen\/#breadcrumb"},"inLanguage":"de","potentialAction":[{"@type":"ReadAction","target":["https:\/\/www.werecycle.ch\/shop\/geschenke\/wunderle-wundertuete-hattu-moehrchen\/"]}]},{"@type":"ImageObject","inLanguage":"de","@id":"https:\/\/www.werecycle.ch\/shop\/geschenke\/wunderle-wundertuete-hattu-moehrchen\/#primaryimage","url":"https:\/\/www.werecycle.ch\/wp-content\/uploads\/2024\/01\/603486.webp","contentUrl":"https:\/\/www.werecycle.ch\/wp-content\/uploads\/2024\/01\/603486.webp","width":2000,"height":2000},{"@type":"BreadcrumbList","@id":"https:\/\/www.werecycle.ch\/shop\/geschenke\/wunderle-wundertuete-hattu-moehrchen\/#breadcrumb","itemListElement":[{"@type":"ListItem","position":1,"name":"Startseite","item":"https:\/\/www.werecycle.ch\/"},{"@type":"ListItem","position":2,"name":"Shop","item":"https:\/\/www.werecycle.ch\/de\/shop\/"},{"@type":"ListItem","position":3,"name":"Wundert\u00fcte Hattu M\u00f6hrchen"}]},{"@type":"WebSite","@id":"https:\/\/www.werecycle.ch\/de\/#website","url":"https:\/\/www.werecycle.ch\/de\/","name":"WeRecycle.ch | Recycling Services AG","description":"","publisher":{"@id":"https:\/\/www.werecycle.ch\/de\/#organization"},"potentialAction":[{"@type":"SearchAction","target":{"@type":"EntryPoint","urlTemplate":"https:\/\/www.werecycle.ch\/de\/?s={search_term_string}"},"query-input":{"@type":"PropertyValueSpecification","valueRequired":true,"valueName":"search_term_string"}}],"inLanguage":"de"},{"@type":"Organization","@id":"https:\/\/www.werecycle.ch\/de\/#organization","name":"WeRecycle.ch | Recycling Services AG","url":"https:\/\/www.werecycle.ch\/de\/","logo":{"@type":"ImageObject","inLanguage":"de","@id":"https:\/\/www.werecycle.ch\/de\/#\/schema\/logo\/image\/","url":"https:\/\/www.werecycle.ch\/wp-content\/uploads\/2022\/09\/logo_werecycle.webp","contentUrl":"https:\/\/www.werecycle.ch\/wp-content\/uploads\/2022\/09\/logo_werecycle.webp","width":1423,"height":427,"caption":"WeRecycle.ch | Recycling Services AG"},"image":{"@id":"https:\/\/www.werecycle.ch\/de\/#\/schema\/logo\/image\/"},"sameAs":["https:\/\/www.facebook.com\/www.werecycle.ch"]}]}},"tiered_pricing_type":"fixed","tiered_pricing_fixed_rules":[],"tiered_pricing_product_settings":{"layout":"default","base_unit_name":{"singular":null,"plural":null},"default_variation":null},"tiered_pricing_minimum_quantity":null,"tiered_pricing_roles_data":[],"tiered_pricing_percentage_rules":[],"_links":{"self":[{"href":"https:\/\/www.werecycle.ch\/de\/wp-json\/wp\/v2\/product\/15918","targetHints":{"allow":["GET"]}}],"collection":[{"href":"https:\/\/www.werecycle.ch\/de\/wp-json\/wp\/v2\/product"}],"about":[{"href":"https:\/\/www.werecycle.ch\/de\/wp-json\/wp\/v2\/types\/product"}],"wp:featuredmedia":[{"embeddable":true,"href":"https:\/\/www.werecycle.ch\/de\/wp-json\/wp\/v2\/media\/15919"}],"wp:attachment":[{"href":"https:\/\/www.werecycle.ch\/de\/wp-json\/wp\/v2\/media?parent=15918"}],"wp:term":[{"taxonomy":"product_brand","embeddable":true,"href":"https:\/\/www.werecycle.ch\/de\/wp-json\/wp\/v2\/product_brand?post=15918"},{"taxonomy":"product_cat","embeddable":true,"href":"https:\/\/www.werecycle.ch\/de\/wp-json\/wp\/v2\/product_cat?post=15918"},{"taxonomy":"product_tag","embeddable":true,"href":"https:\/\/www.werecycle.ch\/de\/wp-json\/wp\/v2\/product_tag?post=15918"}],"curies":[{"name":"wp","href":"https:\/\/api.w.org\/{rel}","templated":true}]}}