{"id":14766,"date":"2023-10-06T11:40:24","date_gmt":"2023-10-06T10:40:24","guid":{"rendered":"https:\/\/www.werecycle.ch\/?post_type=product&#038;p=14766"},"modified":"2024-12-14T14:59:27","modified_gmt":"2024-12-14T13:59:27","slug":"damen-portemonnaie-kork-geometric","status":"publish","type":"product","link":"https:\/\/www.werecycle.ch\/de\/shop\/bekleidung\/mode-accessoires\/damen-portemonnaie-kork-geometric\/","title":{"rendered":"Damen Portemonnaie Kork Geometric"},"content":{"rendered":"<p><span class=\"\">Innovativer und schicker Stil \u2013 das Dreiecksmuster zusammen mit dem nat\u00fcrlichen Korkmaterial macht diese umweltfreundliche Geldb\u00f6rse trendig und einzigartig. <\/span><span class=\"\">Die weiche Textur zeichnet sich durch ein leichtes und nachhaltiges Design aus. <\/span>Dieses stilvolle Kork Portemonnaie hat ein sehr attraktives und funktionales Design. <span class=\"VIpgJd-yAWNEb-VIpgJd-fmcmS-sn54Q\">Es verf\u00fcgt \u00fcber mehrere Innenf\u00e4cher mit Karten- und Ausweisf\u00e4chern, ein M\u00fcnzfach mit Reissverschluss und bietet zus\u00e4tzlich Platz f\u00fcr Schl\u00fcssel und sogar ein kleines Handy.<\/span><\/p>\n<p>&nbsp;<\/p>\n<ul>\n<li>100% nachhaltiges Korkprodukt<\/li>\n<li>Innenseite: M\u00fcnzfach mit Reissverschluss, Notenf\u00e4cher, Kartenf\u00e4cher<\/li>\n<li>Durchgehender Reissverschluss<\/li>\n<li>Robust, leicht und wasserabweisend<\/li>\n<li>Umweltfreundlich und nat\u00fcrlich<\/li>\n<li>Hochwertige Verarbeitung<\/li>\n<li>Fair produziert in Portugal<\/li>\n<li>Material: Kork, Textil<\/li>\n<li>Gr\u00f6sse: 19,5 x 10 x 2,5 cm<\/li>\n<\/ul>\n<p>&nbsp;<\/p>\n<p>Naturkork ist zu 100 Prozent nachhaltig und recycelbar. Aus der Rinde einer einzigen Korkeiche k\u00f6nnen nach jeder Ernte rund 3.000 Naturkorken hergestellt werden. Kork ist kein Holz, sondern wird aus der Rinde der Korkeiche gewonnen. Sobald die Eiche ca. 25 Jahre alt ist, kann in einem Abstand von 9 Jahren die Rinde der Eiche geerntet werden. Im Laufe des Lebens einer Korkeiche, kann ein einzelner Baum bis zu 1000 kg Kork produzieren. Die B\u00e4ume k\u00f6nnen bis zu 250 Jahre alt werden.<\/p>\n<p>Ein weiterer spannender Fakt \u00fcber die Rinde: Sie sch\u00fctzt die Korkeiche vor Waldbr\u00e4nden, denn Kork ist nur schwer entflammbar. Diese Strategie hilft den Korkw\u00e4ldern seit Jahrhunderten in\u00a0sehr\u00a0warmen und trockenen Region zu \u00fcberleben.<\/p>\n","protected":false},"excerpt":{"rendered":"<p>Damen Portemonnaie aus nat\u00fcrlichem Kork f\u00fcr Bargeld, Bank-\/Kreditkarten, Smartphone usw. mit durchgehendem Reissverschluss.<\/p>\n","protected":false},"featured_media":14771,"template":"","meta":{"ocean_post_layout":"","ocean_both_sidebars_style":"","ocean_both_sidebars_content_width":0,"ocean_both_sidebars_sidebars_width":0,"ocean_sidebar":"0","ocean_second_sidebar":"0","ocean_disable_margins":"enable","ocean_add_body_class":"","ocean_shortcode_before_top_bar":"","ocean_shortcode_after_top_bar":"","ocean_shortcode_before_header":"","ocean_shortcode_after_header":"","ocean_has_shortcode":"","ocean_shortcode_after_title":"","ocean_shortcode_before_footer_widgets":"","ocean_shortcode_after_footer_widgets":"","ocean_shortcode_before_footer_bottom":"","ocean_shortcode_after_footer_bottom":"","ocean_display_top_bar":"default","ocean_display_header":"default","ocean_header_style":"","ocean_center_header_left_menu":"0","ocean_custom_header_template":"0","ocean_custom_logo":0,"ocean_custom_retina_logo":0,"ocean_custom_logo_max_width":0,"ocean_custom_logo_tablet_max_width":0,"ocean_custom_logo_mobile_max_width":0,"ocean_custom_logo_max_height":0,"ocean_custom_logo_tablet_max_height":0,"ocean_custom_logo_mobile_max_height":0,"ocean_header_custom_menu":"0","ocean_menu_typo_font_family":"0","ocean_menu_typo_font_subset":"","ocean_menu_typo_font_size":0,"ocean_menu_typo_font_size_tablet":0,"ocean_menu_typo_font_size_mobile":0,"ocean_menu_typo_font_size_unit":"px","ocean_menu_typo_font_weight":"","ocean_menu_typo_font_weight_tablet":"","ocean_menu_typo_font_weight_mobile":"","ocean_menu_typo_transform":"","ocean_menu_typo_transform_tablet":"","ocean_menu_typo_transform_mobile":"","ocean_menu_typo_line_height":0,"ocean_menu_typo_line_height_tablet":0,"ocean_menu_typo_line_height_mobile":0,"ocean_menu_typo_line_height_unit":"","ocean_menu_typo_spacing":0,"ocean_menu_typo_spacing_tablet":0,"ocean_menu_typo_spacing_mobile":0,"ocean_menu_typo_spacing_unit":"","ocean_menu_link_color":"","ocean_menu_link_color_hover":"","ocean_menu_link_color_active":"","ocean_menu_link_background":"","ocean_menu_link_hover_background":"","ocean_menu_link_active_background":"","ocean_menu_social_links_bg":"","ocean_menu_social_hover_links_bg":"","ocean_menu_social_links_color":"","ocean_menu_social_hover_links_color":"","ocean_disable_title":"default","ocean_disable_heading":"default","ocean_post_title":"","ocean_post_subheading":"","ocean_post_title_style":"","ocean_post_title_background_color":"","ocean_post_title_background":0,"ocean_post_title_bg_image_position":"","ocean_post_title_bg_image_attachment":"","ocean_post_title_bg_image_repeat":"","ocean_post_title_bg_image_size":"","ocean_post_title_height":0,"ocean_post_title_bg_overlay":0.5,"ocean_post_title_bg_overlay_color":"","ocean_disable_breadcrumbs":"default","ocean_breadcrumbs_color":"","ocean_breadcrumbs_separator_color":"","ocean_breadcrumbs_links_color":"","ocean_breadcrumbs_links_hover_color":"","ocean_display_footer_widgets":"default","ocean_display_footer_bottom":"default","ocean_custom_footer_template":"0","ofc_meta_disable_footer_callout":"","ofc_meta_callout_button_url":"","ofc_meta_callout_button_txt":"","ofc_meta_callout_text":"","osh_disable_topbar_sticky":"default","osh_disable_header_sticky":"default","osh_sticky_header_style":"default","osh_sticky_header_effect":"","osh_custom_sticky_logo":0,"osh_custom_retina_sticky_logo":0,"osh_custom_sticky_logo_height":0,"osh_background_color":"","osh_links_color":"","osh_links_hover_color":"","osh_links_active_color":"","osh_links_bg_color":"","osh_links_hover_bg_color":"","osh_links_active_bg_color":"","osh_menu_social_links_color":"","osh_menu_social_hover_links_color":""},"product_brand":[],"product_cat":[89,72],"product_tag":[1055,1468,106,468,845,234],"class_list":{"0":"post-14766","1":"product","2":"type-product","3":"status-publish","4":"has-post-thumbnail","6":"product_cat-geschenke","7":"product_cat-mode-accessoires","8":"product_tag-geldboerse","9":"product_tag-geometric","10":"product_tag-kork","11":"product_tag-nachhaltig","12":"product_tag-nachhaltigkeit","13":"product_tag-portemonnaie","15":"entry","16":"has-media","18":"first","19":"instock","20":"taxable","21":"shipping-taxable","22":"purchasable","23":"product-type-simple","24":"col","25":"span_1_of_3","26":"owp-content-center","27":"item-entry","28":"owp-thumbs-layout-horizontal","29":"owp-btn-normal","30":"owp-tabs-layout-horizontal","31":"circle-sale"},"yoast_head":"<!-- This site is optimized with the Yoast SEO plugin v27.4 - https:\/\/yoast.com\/product\/yoast-seo-wordpress\/ -->\n<title>Damen Portemonnaie Kork Geometric - WeRecycle.ch | WR Group AG<\/title>\n<meta name=\"description\" content=\"Damen Portemonnaie aus nat\u00fcrlichem Kork f\u00fcr Bargeld, Bank-\/Kreditkarten, Smartphone usw. mit durchgehendem Reissverschluss. Fair hergestellt in Portugal.\" \/>\n<meta name=\"robots\" content=\"index, follow, max-snippet:-1, max-image-preview:large, max-video-preview:-1\" \/>\n<link rel=\"canonical\" href=\"https:\/\/www.werecycle.ch\/de\/shop\/bekleidung\/mode-accessoires\/damen-portemonnaie-kork-geometric\/\" \/>\n<meta property=\"og:locale\" content=\"de_DE\" \/>\n<meta property=\"og:type\" content=\"article\" \/>\n<meta property=\"og:title\" content=\"Damen Portemonnaie Kork Geometric - WeRecycle.ch | WR Group AG\" \/>\n<meta property=\"og:description\" content=\"Damen Portemonnaie aus nat\u00fcrlichem Kork f\u00fcr Bargeld, Bank-\/Kreditkarten, Smartphone usw. mit durchgehendem Reissverschluss. Fair hergestellt in Portugal.\" \/>\n<meta property=\"og:url\" content=\"https:\/\/www.werecycle.ch\/de\/shop\/bekleidung\/mode-accessoires\/damen-portemonnaie-kork-geometric\/\" \/>\n<meta property=\"og:site_name\" content=\"WeRecycle.ch | WR Group AG\" \/>\n<meta property=\"article:publisher\" content=\"https:\/\/www.facebook.com\/www.werecycle.ch\" \/>\n<meta property=\"article:modified_time\" content=\"2024-12-14T13:59:27+00:00\" \/>\n<meta property=\"og:image\" content=\"https:\/\/www.werecycle.ch\/wp-content\/uploads\/2023\/12\/702029.webp\" \/>\n\t<meta property=\"og:image:width\" content=\"1500\" \/>\n\t<meta property=\"og:image:height\" content=\"1500\" \/>\n\t<meta property=\"og:image:type\" content=\"image\/webp\" \/>\n<meta name=\"twitter:card\" content=\"summary_large_image\" \/>\n<script type=\"application\/ld+json\" class=\"yoast-schema-graph\">{\"@context\":\"https:\\\/\\\/schema.org\",\"@graph\":[{\"@type\":\"WebPage\",\"@id\":\"https:\\\/\\\/www.werecycle.ch\\\/shop\\\/bekleidung\\\/mode-accessoires\\\/damen-portemonnaie-kork-geometric\\\/\",\"url\":\"https:\\\/\\\/www.werecycle.ch\\\/shop\\\/bekleidung\\\/mode-accessoires\\\/damen-portemonnaie-kork-geometric\\\/\",\"name\":\"Damen Portemonnaie Kork Geometric - WeRecycle.ch | WR Group AG\",\"isPartOf\":{\"@id\":\"https:\\\/\\\/www.werecycle.ch\\\/de\\\/#website\"},\"primaryImageOfPage\":{\"@id\":\"https:\\\/\\\/www.werecycle.ch\\\/shop\\\/bekleidung\\\/mode-accessoires\\\/damen-portemonnaie-kork-geometric\\\/#primaryimage\"},\"image\":{\"@id\":\"https:\\\/\\\/www.werecycle.ch\\\/shop\\\/bekleidung\\\/mode-accessoires\\\/damen-portemonnaie-kork-geometric\\\/#primaryimage\"},\"thumbnailUrl\":\"https:\\\/\\\/www.werecycle.ch\\\/wp-content\\\/uploads\\\/2023\\\/12\\\/702029.webp\",\"datePublished\":\"2023-10-06T10:40:24+00:00\",\"dateModified\":\"2024-12-14T13:59:27+00:00\",\"description\":\"Damen Portemonnaie aus nat\u00fcrlichem Kork f\u00fcr Bargeld, Bank-\\\/Kreditkarten, Smartphone usw. mit durchgehendem Reissverschluss. Fair hergestellt in Portugal.\",\"breadcrumb\":{\"@id\":\"https:\\\/\\\/www.werecycle.ch\\\/shop\\\/bekleidung\\\/mode-accessoires\\\/damen-portemonnaie-kork-geometric\\\/#breadcrumb\"},\"inLanguage\":\"de\",\"potentialAction\":[{\"@type\":\"ReadAction\",\"target\":[\"https:\\\/\\\/www.werecycle.ch\\\/shop\\\/bekleidung\\\/mode-accessoires\\\/damen-portemonnaie-kork-geometric\\\/\"]}]},{\"@type\":\"ImageObject\",\"inLanguage\":\"de\",\"@id\":\"https:\\\/\\\/www.werecycle.ch\\\/shop\\\/bekleidung\\\/mode-accessoires\\\/damen-portemonnaie-kork-geometric\\\/#primaryimage\",\"url\":\"https:\\\/\\\/www.werecycle.ch\\\/wp-content\\\/uploads\\\/2023\\\/12\\\/702029.webp\",\"contentUrl\":\"https:\\\/\\\/www.werecycle.ch\\\/wp-content\\\/uploads\\\/2023\\\/12\\\/702029.webp\",\"width\":1500,\"height\":1500},{\"@type\":\"BreadcrumbList\",\"@id\":\"https:\\\/\\\/www.werecycle.ch\\\/shop\\\/bekleidung\\\/mode-accessoires\\\/damen-portemonnaie-kork-geometric\\\/#breadcrumb\",\"itemListElement\":[{\"@type\":\"ListItem\",\"position\":1,\"name\":\"Startseite\",\"item\":\"https:\\\/\\\/www.werecycle.ch\\\/\"},{\"@type\":\"ListItem\",\"position\":2,\"name\":\"Shop\",\"item\":\"https:\\\/\\\/www.werecycle.ch\\\/de\\\/shop\\\/\"},{\"@type\":\"ListItem\",\"position\":3,\"name\":\"Damen Portemonnaie Kork Geometric\"}]},{\"@type\":\"WebSite\",\"@id\":\"https:\\\/\\\/www.werecycle.ch\\\/de\\\/#website\",\"url\":\"https:\\\/\\\/www.werecycle.ch\\\/de\\\/\",\"name\":\"WeRecycle.ch | Recycling Services AG\",\"description\":\"\",\"publisher\":{\"@id\":\"https:\\\/\\\/www.werecycle.ch\\\/de\\\/#organization\"},\"potentialAction\":[{\"@type\":\"SearchAction\",\"target\":{\"@type\":\"EntryPoint\",\"urlTemplate\":\"https:\\\/\\\/www.werecycle.ch\\\/de\\\/?s={search_term_string}\"},\"query-input\":{\"@type\":\"PropertyValueSpecification\",\"valueRequired\":true,\"valueName\":\"search_term_string\"}}],\"inLanguage\":\"de\"},{\"@type\":\"Organization\",\"@id\":\"https:\\\/\\\/www.werecycle.ch\\\/de\\\/#organization\",\"name\":\"WeRecycle.ch | Recycling Services AG\",\"url\":\"https:\\\/\\\/www.werecycle.ch\\\/de\\\/\",\"logo\":{\"@type\":\"ImageObject\",\"inLanguage\":\"de\",\"@id\":\"https:\\\/\\\/www.werecycle.ch\\\/de\\\/#\\\/schema\\\/logo\\\/image\\\/\",\"url\":\"https:\\\/\\\/www.werecycle.ch\\\/wp-content\\\/uploads\\\/2022\\\/09\\\/logo_werecycle.webp\",\"contentUrl\":\"https:\\\/\\\/www.werecycle.ch\\\/wp-content\\\/uploads\\\/2022\\\/09\\\/logo_werecycle.webp\",\"width\":1423,\"height\":427,\"caption\":\"WeRecycle.ch | Recycling Services AG\"},\"image\":{\"@id\":\"https:\\\/\\\/www.werecycle.ch\\\/de\\\/#\\\/schema\\\/logo\\\/image\\\/\"},\"sameAs\":[\"https:\\\/\\\/www.facebook.com\\\/www.werecycle.ch\"]}]}<\/script>\n<!-- \/ Yoast SEO plugin. -->","yoast_head_json":{"title":"Damen Portemonnaie Kork Geometric - WeRecycle.ch | WR Group AG","description":"Damen Portemonnaie aus nat\u00fcrlichem Kork f\u00fcr Bargeld, Bank-\/Kreditkarten, Smartphone usw. mit durchgehendem Reissverschluss. Fair hergestellt in Portugal.","robots":{"index":"index","follow":"follow","max-snippet":"max-snippet:-1","max-image-preview":"max-image-preview:large","max-video-preview":"max-video-preview:-1"},"canonical":"https:\/\/www.werecycle.ch\/de\/shop\/bekleidung\/mode-accessoires\/damen-portemonnaie-kork-geometric\/","og_locale":"de_DE","og_type":"article","og_title":"Damen Portemonnaie Kork Geometric - WeRecycle.ch | WR Group AG","og_description":"Damen Portemonnaie aus nat\u00fcrlichem Kork f\u00fcr Bargeld, Bank-\/Kreditkarten, Smartphone usw. mit durchgehendem Reissverschluss. Fair hergestellt in Portugal.","og_url":"https:\/\/www.werecycle.ch\/de\/shop\/bekleidung\/mode-accessoires\/damen-portemonnaie-kork-geometric\/","og_site_name":"WeRecycle.ch | WR Group AG","article_publisher":"https:\/\/www.facebook.com\/www.werecycle.ch","article_modified_time":"2024-12-14T13:59:27+00:00","og_image":[{"width":1500,"height":1500,"url":"https:\/\/www.werecycle.ch\/wp-content\/uploads\/2023\/12\/702029.webp","type":"image\/webp"}],"twitter_card":"summary_large_image","schema":{"@context":"https:\/\/schema.org","@graph":[{"@type":"WebPage","@id":"https:\/\/www.werecycle.ch\/shop\/bekleidung\/mode-accessoires\/damen-portemonnaie-kork-geometric\/","url":"https:\/\/www.werecycle.ch\/shop\/bekleidung\/mode-accessoires\/damen-portemonnaie-kork-geometric\/","name":"Damen Portemonnaie Kork Geometric - WeRecycle.ch | WR Group AG","isPartOf":{"@id":"https:\/\/www.werecycle.ch\/de\/#website"},"primaryImageOfPage":{"@id":"https:\/\/www.werecycle.ch\/shop\/bekleidung\/mode-accessoires\/damen-portemonnaie-kork-geometric\/#primaryimage"},"image":{"@id":"https:\/\/www.werecycle.ch\/shop\/bekleidung\/mode-accessoires\/damen-portemonnaie-kork-geometric\/#primaryimage"},"thumbnailUrl":"https:\/\/www.werecycle.ch\/wp-content\/uploads\/2023\/12\/702029.webp","datePublished":"2023-10-06T10:40:24+00:00","dateModified":"2024-12-14T13:59:27+00:00","description":"Damen Portemonnaie aus nat\u00fcrlichem Kork f\u00fcr Bargeld, Bank-\/Kreditkarten, Smartphone usw. mit durchgehendem Reissverschluss. Fair hergestellt in Portugal.","breadcrumb":{"@id":"https:\/\/www.werecycle.ch\/shop\/bekleidung\/mode-accessoires\/damen-portemonnaie-kork-geometric\/#breadcrumb"},"inLanguage":"de","potentialAction":[{"@type":"ReadAction","target":["https:\/\/www.werecycle.ch\/shop\/bekleidung\/mode-accessoires\/damen-portemonnaie-kork-geometric\/"]}]},{"@type":"ImageObject","inLanguage":"de","@id":"https:\/\/www.werecycle.ch\/shop\/bekleidung\/mode-accessoires\/damen-portemonnaie-kork-geometric\/#primaryimage","url":"https:\/\/www.werecycle.ch\/wp-content\/uploads\/2023\/12\/702029.webp","contentUrl":"https:\/\/www.werecycle.ch\/wp-content\/uploads\/2023\/12\/702029.webp","width":1500,"height":1500},{"@type":"BreadcrumbList","@id":"https:\/\/www.werecycle.ch\/shop\/bekleidung\/mode-accessoires\/damen-portemonnaie-kork-geometric\/#breadcrumb","itemListElement":[{"@type":"ListItem","position":1,"name":"Startseite","item":"https:\/\/www.werecycle.ch\/"},{"@type":"ListItem","position":2,"name":"Shop","item":"https:\/\/www.werecycle.ch\/de\/shop\/"},{"@type":"ListItem","position":3,"name":"Damen Portemonnaie Kork Geometric"}]},{"@type":"WebSite","@id":"https:\/\/www.werecycle.ch\/de\/#website","url":"https:\/\/www.werecycle.ch\/de\/","name":"WeRecycle.ch | Recycling Services AG","description":"","publisher":{"@id":"https:\/\/www.werecycle.ch\/de\/#organization"},"potentialAction":[{"@type":"SearchAction","target":{"@type":"EntryPoint","urlTemplate":"https:\/\/www.werecycle.ch\/de\/?s={search_term_string}"},"query-input":{"@type":"PropertyValueSpecification","valueRequired":true,"valueName":"search_term_string"}}],"inLanguage":"de"},{"@type":"Organization","@id":"https:\/\/www.werecycle.ch\/de\/#organization","name":"WeRecycle.ch | Recycling Services AG","url":"https:\/\/www.werecycle.ch\/de\/","logo":{"@type":"ImageObject","inLanguage":"de","@id":"https:\/\/www.werecycle.ch\/de\/#\/schema\/logo\/image\/","url":"https:\/\/www.werecycle.ch\/wp-content\/uploads\/2022\/09\/logo_werecycle.webp","contentUrl":"https:\/\/www.werecycle.ch\/wp-content\/uploads\/2022\/09\/logo_werecycle.webp","width":1423,"height":427,"caption":"WeRecycle.ch | Recycling Services AG"},"image":{"@id":"https:\/\/www.werecycle.ch\/de\/#\/schema\/logo\/image\/"},"sameAs":["https:\/\/www.facebook.com\/www.werecycle.ch"]}]}},"tiered_pricing_type":"fixed","tiered_pricing_fixed_rules":[],"tiered_pricing_product_settings":{"layout":"default","base_unit_name":{"singular":null,"plural":null},"default_variation":null},"tiered_pricing_minimum_quantity":null,"tiered_pricing_roles_data":[],"tiered_pricing_percentage_rules":[],"_links":{"self":[{"href":"https:\/\/www.werecycle.ch\/de\/wp-json\/wp\/v2\/product\/14766","targetHints":{"allow":["GET"]}}],"collection":[{"href":"https:\/\/www.werecycle.ch\/de\/wp-json\/wp\/v2\/product"}],"about":[{"href":"https:\/\/www.werecycle.ch\/de\/wp-json\/wp\/v2\/types\/product"}],"wp:featuredmedia":[{"embeddable":true,"href":"https:\/\/www.werecycle.ch\/de\/wp-json\/wp\/v2\/media\/14771"}],"wp:attachment":[{"href":"https:\/\/www.werecycle.ch\/de\/wp-json\/wp\/v2\/media?parent=14766"}],"wp:term":[{"taxonomy":"product_brand","embeddable":true,"href":"https:\/\/www.werecycle.ch\/de\/wp-json\/wp\/v2\/product_brand?post=14766"},{"taxonomy":"product_cat","embeddable":true,"href":"https:\/\/www.werecycle.ch\/de\/wp-json\/wp\/v2\/product_cat?post=14766"},{"taxonomy":"product_tag","embeddable":true,"href":"https:\/\/www.werecycle.ch\/de\/wp-json\/wp\/v2\/product_tag?post=14766"}],"curies":[{"name":"wp","href":"https:\/\/api.w.org\/{rel}","templated":true}]}}