{"id":14737,"date":"2023-10-05T15:07:16","date_gmt":"2023-10-05T14:07:16","guid":{"rendered":"https:\/\/www.werecycle.ch\/?post_type=product&#038;p=14737"},"modified":"2024-12-03T00:01:06","modified_gmt":"2024-12-02T23:01:06","slug":"kinder-postschalter-kiosk-buche","status":"publish","type":"product","link":"https:\/\/www.werecycle.ch\/de\/shop\/freizeit\/kinderspiele\/kinder-postschalter-kiosk-buche\/","title":{"rendered":"Kinder Postschalter \/ Kiosk Buchenholz"},"content":{"rendered":"<div class=\"part text tall\">\n<div class=\"text-section text-section--p text-section--norm\">\n<p class=\"norm\">Der N\u00e4chste bitte! Mit dieser Spielpost holst Du auch gerade den Kiosk ins Kinderzimmer. Je nach Wunsch des &#8222;Schalterpersonals&#8220; kann die Blende gedreht werden, von der Post zum Kiosk und umgekehrt. Seitliche Bilder zum Austauschen oder selber gestalten. Zusammenfaltbares Modell mit Schiebefenster aus Kunststoffglas. Marken, Stempel, Einzahlungsscheine, Geld&#8230; &#8211; alles was ein guter Postbeamter ben\u00f6tigt, liegt bei.<\/p>\n<\/div>\n<\/div>\n<div class=\"part payp tall pile\"><\/div>\n<ul>\n<li>Material: Schweizer Massivholz Buche FSC, Birkensperrholz (zertifiziert)<\/li>\n<li>Hergestellt in der Schweiz durch das Atelier Passage<\/li>\n<li>Gefertigt in sozialen Arbeitsstellen<\/li>\n<li>Altersempfehlung: ab 3 Jahren<\/li>\n<li>Masse (L\/B\/H): 65,0 x 32,0 x 51,0 cm<\/li>\n<li>Gewicht: 4,5 kg<\/li>\n<\/ul>\n<p>&nbsp;<\/p>\n<p>Das Atelier Passage begleitet Menschen mit gesundheitlichen Einschr\u00e4nkungen im Rahmen der beruflichen Integration auf ihrem Weg zur\u00fcck ins Berufsleben. In den Werkst\u00e4tten des Atelier Passage werden Arbeitspl\u00e4tze in den Arbeitsbereichen Holzmanufaktur und Dienstleistungen f\u00fcr Menschen mit vorwiegend psychisch bedingten Leistungseinschr\u00e4nkungen angeboten. Die Einschr\u00e4nkungen betreffen zum Beispiel die Belastbarkeit, die Sozialkompetenz, die Konstanz der Leistungen oder das mangelnde Selbstvertrauen.<\/p>\n<p>Die Arbeit im Atelier Passage unterst\u00fctzt die Betreuung durch externe Stellen in dem gemeinsamen Ziel der vermehrten Selbst\u00e4ndigkeit und dem verbesserten psychosozialen Gleichgewicht der Mitarbeitenden.<\/p>\n","protected":false},"excerpt":{"rendered":"<p>Postschalter und Kiosk in einem aus massivem Buchenholz. Deine Kinder \/ Enkel werden es lieben!<br \/>\nInkl. allem was dazugeh\u00f6rt f\u00fcr Postgesch\u00e4fte wie Einzahlungen, Briefmarken, Bargeld usw.<\/p>\n<p>Nachhaltiges Spielvergn\u00fcgen aus lokaler, sozialer Herstellung.<\/p>\n","protected":false},"featured_media":14738,"template":"","meta":{"ocean_post_layout":"","ocean_both_sidebars_style":"","ocean_both_sidebars_content_width":0,"ocean_both_sidebars_sidebars_width":0,"ocean_sidebar":"0","ocean_second_sidebar":"0","ocean_disable_margins":"enable","ocean_add_body_class":"","ocean_shortcode_before_top_bar":"","ocean_shortcode_after_top_bar":"","ocean_shortcode_before_header":"","ocean_shortcode_after_header":"","ocean_has_shortcode":"","ocean_shortcode_after_title":"","ocean_shortcode_before_footer_widgets":"","ocean_shortcode_after_footer_widgets":"","ocean_shortcode_before_footer_bottom":"","ocean_shortcode_after_footer_bottom":"","ocean_display_top_bar":"default","ocean_display_header":"default","ocean_header_style":"","ocean_center_header_left_menu":"0","ocean_custom_header_template":"0","ocean_custom_logo":0,"ocean_custom_retina_logo":0,"ocean_custom_logo_max_width":0,"ocean_custom_logo_tablet_max_width":0,"ocean_custom_logo_mobile_max_width":0,"ocean_custom_logo_max_height":0,"ocean_custom_logo_tablet_max_height":0,"ocean_custom_logo_mobile_max_height":0,"ocean_header_custom_menu":"0","ocean_menu_typo_font_family":"0","ocean_menu_typo_font_subset":"","ocean_menu_typo_font_size":0,"ocean_menu_typo_font_size_tablet":0,"ocean_menu_typo_font_size_mobile":0,"ocean_menu_typo_font_size_unit":"px","ocean_menu_typo_font_weight":"","ocean_menu_typo_font_weight_tablet":"","ocean_menu_typo_font_weight_mobile":"","ocean_menu_typo_transform":"","ocean_menu_typo_transform_tablet":"","ocean_menu_typo_transform_mobile":"","ocean_menu_typo_line_height":0,"ocean_menu_typo_line_height_tablet":0,"ocean_menu_typo_line_height_mobile":0,"ocean_menu_typo_line_height_unit":"","ocean_menu_typo_spacing":0,"ocean_menu_typo_spacing_tablet":0,"ocean_menu_typo_spacing_mobile":0,"ocean_menu_typo_spacing_unit":"","ocean_menu_link_color":"","ocean_menu_link_color_hover":"","ocean_menu_link_color_active":"","ocean_menu_link_background":"","ocean_menu_link_hover_background":"","ocean_menu_link_active_background":"","ocean_menu_social_links_bg":"","ocean_menu_social_hover_links_bg":"","ocean_menu_social_links_color":"","ocean_menu_social_hover_links_color":"","ocean_disable_title":"default","ocean_disable_heading":"default","ocean_post_title":"","ocean_post_subheading":"","ocean_post_title_style":"","ocean_post_title_background_color":"","ocean_post_title_background":0,"ocean_post_title_bg_image_position":"","ocean_post_title_bg_image_attachment":"","ocean_post_title_bg_image_repeat":"","ocean_post_title_bg_image_size":"","ocean_post_title_height":0,"ocean_post_title_bg_overlay":0.5,"ocean_post_title_bg_overlay_color":"","ocean_disable_breadcrumbs":"default","ocean_breadcrumbs_color":"","ocean_breadcrumbs_separator_color":"","ocean_breadcrumbs_links_color":"","ocean_breadcrumbs_links_hover_color":"","ocean_display_footer_widgets":"default","ocean_display_footer_bottom":"default","ocean_custom_footer_template":"0","ofc_meta_disable_footer_callout":"","ofc_meta_callout_button_url":"","ofc_meta_callout_button_txt":"","ofc_meta_callout_text":"","osh_disable_topbar_sticky":"default","osh_disable_header_sticky":"default","osh_sticky_header_style":"default","osh_sticky_header_effect":"","osh_custom_sticky_logo":0,"osh_custom_retina_sticky_logo":0,"osh_custom_sticky_logo_height":0,"osh_background_color":"","osh_links_color":"","osh_links_hover_color":"","osh_links_active_color":"","osh_links_bg_color":"","osh_links_hover_bg_color":"","osh_links_active_bg_color":"","osh_menu_social_links_color":"","osh_menu_social_hover_links_color":""},"product_brand":[],"product_cat":[86,89,286],"product_tag":[1146,1118,1119,1410,477,156,955,102,962,1145,104],"class_list":{"0":"post-14737","1":"product","2":"type-product","3":"status-publish","4":"has-post-thumbnail","6":"product_cat-freizeit","7":"product_cat-geschenke","8":"product_cat-kinderspiele","9":"product_tag-atelier-passage","10":"product_tag-buche","11":"product_tag-buchenholz","12":"product_tag-esche","13":"product_tag-fsc","14":"product_tag-holz","15":"product_tag-holzspiele","16":"product_tag-kinder","17":"product_tag-kinderspiel","18":"product_tag-sozial","19":"product_tag-spiele","20":"product_shipping_class-paket","22":"entry","23":"has-media","25":"first","26":"instock","27":"taxable","28":"shipping-taxable","29":"purchasable","30":"product-type-simple","31":"col","32":"span_1_of_3","33":"owp-content-center","34":"item-entry","35":"owp-thumbs-layout-horizontal","36":"owp-btn-normal","37":"owp-tabs-layout-horizontal","38":"circle-sale"},"yoast_head":"<!-- This site is optimized with the Yoast SEO plugin v27.4 - https:\/\/yoast.com\/product\/yoast-seo-wordpress\/ -->\n<title>Kinder Postschalter \/ Kiosk Buchenholz - WeRecycle.ch | WR Group AG<\/title>\n<meta name=\"description\" content=\"Postschalter &amp; Kiosk aus massivem Buchenholz. Deine Kinder \/ Enkel werden es lieben! Inkl. allem was dazugeh\u00f6rt f\u00fcr Postgesch\u00e4fte wie Einzahlungen, Bargeld usw.\" \/>\n<meta name=\"robots\" content=\"index, follow, max-snippet:-1, max-image-preview:large, max-video-preview:-1\" \/>\n<link rel=\"canonical\" href=\"https:\/\/www.werecycle.ch\/de\/shop\/freizeit\/kinderspiele\/kinder-postschalter-kiosk-buche\/\" \/>\n<meta property=\"og:locale\" content=\"de_DE\" \/>\n<meta property=\"og:type\" content=\"article\" \/>\n<meta property=\"og:title\" content=\"Kinder Postschalter \/ Kiosk Buchenholz - WeRecycle.ch | WR Group AG\" \/>\n<meta property=\"og:description\" content=\"Postschalter &amp; Kiosk aus massivem Buchenholz. Deine Kinder \/ Enkel werden es lieben! Inkl. allem was dazugeh\u00f6rt f\u00fcr Postgesch\u00e4fte wie Einzahlungen, Bargeld usw.\" \/>\n<meta property=\"og:url\" content=\"https:\/\/www.werecycle.ch\/de\/shop\/freizeit\/kinderspiele\/kinder-postschalter-kiosk-buche\/\" \/>\n<meta property=\"og:site_name\" content=\"WeRecycle.ch | WR Group AG\" \/>\n<meta property=\"article:publisher\" content=\"https:\/\/www.facebook.com\/www.werecycle.ch\" \/>\n<meta property=\"article:modified_time\" content=\"2024-12-02T23:01:06+00:00\" \/>\n<meta property=\"og:image\" content=\"https:\/\/www.werecycle.ch\/wp-content\/uploads\/2023\/12\/360626.webp\" \/>\n\t<meta property=\"og:image:width\" content=\"1100\" \/>\n\t<meta property=\"og:image:height\" content=\"1100\" \/>\n\t<meta property=\"og:image:type\" content=\"image\/webp\" \/>\n<meta name=\"twitter:card\" content=\"summary_large_image\" \/>\n<script type=\"application\/ld+json\" class=\"yoast-schema-graph\">{\"@context\":\"https:\\\/\\\/schema.org\",\"@graph\":[{\"@type\":\"WebPage\",\"@id\":\"https:\\\/\\\/www.werecycle.ch\\\/shop\\\/freizeit\\\/kinderspiele\\\/kinder-postschalter-kiosk-buche\\\/\",\"url\":\"https:\\\/\\\/www.werecycle.ch\\\/shop\\\/freizeit\\\/kinderspiele\\\/kinder-postschalter-kiosk-buche\\\/\",\"name\":\"Kinder Postschalter \\\/ Kiosk Buchenholz - WeRecycle.ch | WR Group AG\",\"isPartOf\":{\"@id\":\"https:\\\/\\\/www.werecycle.ch\\\/de\\\/#website\"},\"primaryImageOfPage\":{\"@id\":\"https:\\\/\\\/www.werecycle.ch\\\/shop\\\/freizeit\\\/kinderspiele\\\/kinder-postschalter-kiosk-buche\\\/#primaryimage\"},\"image\":{\"@id\":\"https:\\\/\\\/www.werecycle.ch\\\/shop\\\/freizeit\\\/kinderspiele\\\/kinder-postschalter-kiosk-buche\\\/#primaryimage\"},\"thumbnailUrl\":\"https:\\\/\\\/www.werecycle.ch\\\/wp-content\\\/uploads\\\/2023\\\/12\\\/360626.webp\",\"datePublished\":\"2023-10-05T14:07:16+00:00\",\"dateModified\":\"2024-12-02T23:01:06+00:00\",\"description\":\"Postschalter & Kiosk aus massivem Buchenholz. Deine Kinder \\\/ Enkel werden es lieben! Inkl. allem was dazugeh\u00f6rt f\u00fcr Postgesch\u00e4fte wie Einzahlungen, Bargeld usw.\",\"breadcrumb\":{\"@id\":\"https:\\\/\\\/www.werecycle.ch\\\/shop\\\/freizeit\\\/kinderspiele\\\/kinder-postschalter-kiosk-buche\\\/#breadcrumb\"},\"inLanguage\":\"de\",\"potentialAction\":[{\"@type\":\"ReadAction\",\"target\":[\"https:\\\/\\\/www.werecycle.ch\\\/shop\\\/freizeit\\\/kinderspiele\\\/kinder-postschalter-kiosk-buche\\\/\"]}]},{\"@type\":\"ImageObject\",\"inLanguage\":\"de\",\"@id\":\"https:\\\/\\\/www.werecycle.ch\\\/shop\\\/freizeit\\\/kinderspiele\\\/kinder-postschalter-kiosk-buche\\\/#primaryimage\",\"url\":\"https:\\\/\\\/www.werecycle.ch\\\/wp-content\\\/uploads\\\/2023\\\/12\\\/360626.webp\",\"contentUrl\":\"https:\\\/\\\/www.werecycle.ch\\\/wp-content\\\/uploads\\\/2023\\\/12\\\/360626.webp\",\"width\":1100,\"height\":1100},{\"@type\":\"BreadcrumbList\",\"@id\":\"https:\\\/\\\/www.werecycle.ch\\\/shop\\\/freizeit\\\/kinderspiele\\\/kinder-postschalter-kiosk-buche\\\/#breadcrumb\",\"itemListElement\":[{\"@type\":\"ListItem\",\"position\":1,\"name\":\"Startseite\",\"item\":\"https:\\\/\\\/www.werecycle.ch\\\/\"},{\"@type\":\"ListItem\",\"position\":2,\"name\":\"Shop\",\"item\":\"https:\\\/\\\/www.werecycle.ch\\\/de\\\/shop\\\/\"},{\"@type\":\"ListItem\",\"position\":3,\"name\":\"Kinder Postschalter \\\/ Kiosk Buchenholz\"}]},{\"@type\":\"WebSite\",\"@id\":\"https:\\\/\\\/www.werecycle.ch\\\/de\\\/#website\",\"url\":\"https:\\\/\\\/www.werecycle.ch\\\/de\\\/\",\"name\":\"WeRecycle.ch | Recycling Services AG\",\"description\":\"\",\"publisher\":{\"@id\":\"https:\\\/\\\/www.werecycle.ch\\\/de\\\/#organization\"},\"potentialAction\":[{\"@type\":\"SearchAction\",\"target\":{\"@type\":\"EntryPoint\",\"urlTemplate\":\"https:\\\/\\\/www.werecycle.ch\\\/de\\\/?s={search_term_string}\"},\"query-input\":{\"@type\":\"PropertyValueSpecification\",\"valueRequired\":true,\"valueName\":\"search_term_string\"}}],\"inLanguage\":\"de\"},{\"@type\":\"Organization\",\"@id\":\"https:\\\/\\\/www.werecycle.ch\\\/de\\\/#organization\",\"name\":\"WeRecycle.ch | Recycling Services AG\",\"url\":\"https:\\\/\\\/www.werecycle.ch\\\/de\\\/\",\"logo\":{\"@type\":\"ImageObject\",\"inLanguage\":\"de\",\"@id\":\"https:\\\/\\\/www.werecycle.ch\\\/de\\\/#\\\/schema\\\/logo\\\/image\\\/\",\"url\":\"https:\\\/\\\/www.werecycle.ch\\\/wp-content\\\/uploads\\\/2022\\\/09\\\/logo_werecycle.webp\",\"contentUrl\":\"https:\\\/\\\/www.werecycle.ch\\\/wp-content\\\/uploads\\\/2022\\\/09\\\/logo_werecycle.webp\",\"width\":1423,\"height\":427,\"caption\":\"WeRecycle.ch | Recycling Services AG\"},\"image\":{\"@id\":\"https:\\\/\\\/www.werecycle.ch\\\/de\\\/#\\\/schema\\\/logo\\\/image\\\/\"},\"sameAs\":[\"https:\\\/\\\/www.facebook.com\\\/www.werecycle.ch\"]}]}<\/script>\n<!-- \/ Yoast SEO plugin. -->","yoast_head_json":{"title":"Kinder Postschalter \/ Kiosk Buchenholz - WeRecycle.ch | WR Group AG","description":"Postschalter & Kiosk aus massivem Buchenholz. Deine Kinder \/ Enkel werden es lieben! Inkl. allem was dazugeh\u00f6rt f\u00fcr Postgesch\u00e4fte wie Einzahlungen, Bargeld usw.","robots":{"index":"index","follow":"follow","max-snippet":"max-snippet:-1","max-image-preview":"max-image-preview:large","max-video-preview":"max-video-preview:-1"},"canonical":"https:\/\/www.werecycle.ch\/de\/shop\/freizeit\/kinderspiele\/kinder-postschalter-kiosk-buche\/","og_locale":"de_DE","og_type":"article","og_title":"Kinder Postschalter \/ Kiosk Buchenholz - WeRecycle.ch | WR Group AG","og_description":"Postschalter & Kiosk aus massivem Buchenholz. Deine Kinder \/ Enkel werden es lieben! Inkl. allem was dazugeh\u00f6rt f\u00fcr Postgesch\u00e4fte wie Einzahlungen, Bargeld usw.","og_url":"https:\/\/www.werecycle.ch\/de\/shop\/freizeit\/kinderspiele\/kinder-postschalter-kiosk-buche\/","og_site_name":"WeRecycle.ch | WR Group AG","article_publisher":"https:\/\/www.facebook.com\/www.werecycle.ch","article_modified_time":"2024-12-02T23:01:06+00:00","og_image":[{"width":1100,"height":1100,"url":"https:\/\/www.werecycle.ch\/wp-content\/uploads\/2023\/12\/360626.webp","type":"image\/webp"}],"twitter_card":"summary_large_image","schema":{"@context":"https:\/\/schema.org","@graph":[{"@type":"WebPage","@id":"https:\/\/www.werecycle.ch\/shop\/freizeit\/kinderspiele\/kinder-postschalter-kiosk-buche\/","url":"https:\/\/www.werecycle.ch\/shop\/freizeit\/kinderspiele\/kinder-postschalter-kiosk-buche\/","name":"Kinder Postschalter \/ Kiosk Buchenholz - WeRecycle.ch | WR Group AG","isPartOf":{"@id":"https:\/\/www.werecycle.ch\/de\/#website"},"primaryImageOfPage":{"@id":"https:\/\/www.werecycle.ch\/shop\/freizeit\/kinderspiele\/kinder-postschalter-kiosk-buche\/#primaryimage"},"image":{"@id":"https:\/\/www.werecycle.ch\/shop\/freizeit\/kinderspiele\/kinder-postschalter-kiosk-buche\/#primaryimage"},"thumbnailUrl":"https:\/\/www.werecycle.ch\/wp-content\/uploads\/2023\/12\/360626.webp","datePublished":"2023-10-05T14:07:16+00:00","dateModified":"2024-12-02T23:01:06+00:00","description":"Postschalter & Kiosk aus massivem Buchenholz. Deine Kinder \/ Enkel werden es lieben! Inkl. allem was dazugeh\u00f6rt f\u00fcr Postgesch\u00e4fte wie Einzahlungen, Bargeld usw.","breadcrumb":{"@id":"https:\/\/www.werecycle.ch\/shop\/freizeit\/kinderspiele\/kinder-postschalter-kiosk-buche\/#breadcrumb"},"inLanguage":"de","potentialAction":[{"@type":"ReadAction","target":["https:\/\/www.werecycle.ch\/shop\/freizeit\/kinderspiele\/kinder-postschalter-kiosk-buche\/"]}]},{"@type":"ImageObject","inLanguage":"de","@id":"https:\/\/www.werecycle.ch\/shop\/freizeit\/kinderspiele\/kinder-postschalter-kiosk-buche\/#primaryimage","url":"https:\/\/www.werecycle.ch\/wp-content\/uploads\/2023\/12\/360626.webp","contentUrl":"https:\/\/www.werecycle.ch\/wp-content\/uploads\/2023\/12\/360626.webp","width":1100,"height":1100},{"@type":"BreadcrumbList","@id":"https:\/\/www.werecycle.ch\/shop\/freizeit\/kinderspiele\/kinder-postschalter-kiosk-buche\/#breadcrumb","itemListElement":[{"@type":"ListItem","position":1,"name":"Startseite","item":"https:\/\/www.werecycle.ch\/"},{"@type":"ListItem","position":2,"name":"Shop","item":"https:\/\/www.werecycle.ch\/de\/shop\/"},{"@type":"ListItem","position":3,"name":"Kinder Postschalter \/ Kiosk Buchenholz"}]},{"@type":"WebSite","@id":"https:\/\/www.werecycle.ch\/de\/#website","url":"https:\/\/www.werecycle.ch\/de\/","name":"WeRecycle.ch | Recycling Services AG","description":"","publisher":{"@id":"https:\/\/www.werecycle.ch\/de\/#organization"},"potentialAction":[{"@type":"SearchAction","target":{"@type":"EntryPoint","urlTemplate":"https:\/\/www.werecycle.ch\/de\/?s={search_term_string}"},"query-input":{"@type":"PropertyValueSpecification","valueRequired":true,"valueName":"search_term_string"}}],"inLanguage":"de"},{"@type":"Organization","@id":"https:\/\/www.werecycle.ch\/de\/#organization","name":"WeRecycle.ch | Recycling Services AG","url":"https:\/\/www.werecycle.ch\/de\/","logo":{"@type":"ImageObject","inLanguage":"de","@id":"https:\/\/www.werecycle.ch\/de\/#\/schema\/logo\/image\/","url":"https:\/\/www.werecycle.ch\/wp-content\/uploads\/2022\/09\/logo_werecycle.webp","contentUrl":"https:\/\/www.werecycle.ch\/wp-content\/uploads\/2022\/09\/logo_werecycle.webp","width":1423,"height":427,"caption":"WeRecycle.ch | Recycling Services AG"},"image":{"@id":"https:\/\/www.werecycle.ch\/de\/#\/schema\/logo\/image\/"},"sameAs":["https:\/\/www.facebook.com\/www.werecycle.ch"]}]}},"tiered_pricing_type":"fixed","tiered_pricing_fixed_rules":[],"tiered_pricing_product_settings":{"layout":"default","base_unit_name":{"singular":null,"plural":null},"default_variation":null},"tiered_pricing_minimum_quantity":null,"tiered_pricing_roles_data":[],"tiered_pricing_percentage_rules":[],"_links":{"self":[{"href":"https:\/\/www.werecycle.ch\/de\/wp-json\/wp\/v2\/product\/14737","targetHints":{"allow":["GET"]}}],"collection":[{"href":"https:\/\/www.werecycle.ch\/de\/wp-json\/wp\/v2\/product"}],"about":[{"href":"https:\/\/www.werecycle.ch\/de\/wp-json\/wp\/v2\/types\/product"}],"wp:featuredmedia":[{"embeddable":true,"href":"https:\/\/www.werecycle.ch\/de\/wp-json\/wp\/v2\/media\/14738"}],"wp:attachment":[{"href":"https:\/\/www.werecycle.ch\/de\/wp-json\/wp\/v2\/media?parent=14737"}],"wp:term":[{"taxonomy":"product_brand","embeddable":true,"href":"https:\/\/www.werecycle.ch\/de\/wp-json\/wp\/v2\/product_brand?post=14737"},{"taxonomy":"product_cat","embeddable":true,"href":"https:\/\/www.werecycle.ch\/de\/wp-json\/wp\/v2\/product_cat?post=14737"},{"taxonomy":"product_tag","embeddable":true,"href":"https:\/\/www.werecycle.ch\/de\/wp-json\/wp\/v2\/product_tag?post=14737"}],"curies":[{"name":"wp","href":"https:\/\/api.w.org\/{rel}","templated":true}]}}