{"id":13530,"date":"2023-08-31T15:26:07","date_gmt":"2023-08-31T13:26:07","guid":{"rendered":"https:\/\/www.werecycle.ch\/?post_type=product&#038;p=13530"},"modified":"2025-07-15T13:32:25","modified_gmt":"2025-07-15T12:32:25","slug":"bettyhula-geschenkset-rum-blackcurrant-5-teilig","status":"publish","type":"product","link":"https:\/\/www.werecycle.ch\/de\/shop\/wohlbefinden-wellness\/koerperpflege\/bettyhula-geschenkset-rum-blackcurrant-5-teilig\/","title":{"rendered":"Bettyhula Geschenkset Rum &amp; Blackcurrant 5-teilig"},"content":{"rendered":"<div class=\"tab-menu--product js--tab-menu\">\n<div class=\"tab--container-list\">\n<div class=\"tab--container has--content is--active\">\n<div class=\"tab--content\">\n<div class=\"content--description\">\n<div class=\"product--description js-ott-is-expanded\">\n<div class=\"product--description js-ott-is-expanded\">\n<div class=\"product--description js-ott-is-expanded\">\n<div>RUM &amp; SCHWARZE JOHANNISBEERE: Inspiriert von den pazifischen Inseln entf\u00fchrt dieser Duft mit seinem s\u00fcssen, fruchtigen Urlaubsaroma an einen sonnenverw\u00f6hnten Strand.<\/div>\n<div><\/div>\n<div><\/div>\n<div>Inhalt:<\/div>\n<ul>\n<li>1x Shea Butter Peeling 200ml<\/li>\n<li>1x K\u00f6rperpuder 100g<\/li>\n<li>1x Lippenbalsam 15g<\/li>\n<li>1x Handcreme 70ml<\/li>\n<li>1x Prosecco<\/li>\n<\/ul>\n<div><\/div>\n<div>Das Lebensgef\u00fchl von Hawaii&#8230; Bei Betty Hula glauben wir an ehrliche, nat\u00fcrliche Sch\u00f6nheit. Alle unsere Produkte wurden im Vereinigten K\u00f6nigreich mit traditionellen Techniken und den hochwertigsten, nat\u00fcrlichen und veganfreundlichen Zutaten handgefertigt (Naturkosmetik bestehend aus nat\u00fcrlichen Zutaten). Unser stilvolles Sortiment ist mit einer Auswahl an k\u00f6stlichen und exotischen hawaiianisch inspirierten D\u00fcften geschn\u00fcrt.<\/div>\n<div><\/div>\n<div>Die Kollektion kombiniert hawaiianisch inspirierte, exotische D\u00fcfte mit traditionellen Rezepturen und Verpackungen, die haupts\u00e4chlich aus recyclbaren Glasgef\u00e4ssen bestehen. Alle Produkte sind frei von: Parabenen, Mineral\u00f6len, Sulfaten und k\u00fcnstlichen Farbstoffen.<\/div>\n<div><\/div>\n<div>Unser preisgekr\u00f6ntes, innovatives Sortiment interpretiert traditionelle Rezepte zeitgem\u00e4\u00df und kombiniert stilvolle, handgefertigte, haupts\u00e4chlich Vintage-Glasverpackungen.<\/div>\n<\/div>\n<\/div>\n<\/div>\n<\/div>\n<\/div>\n<\/div>\n<\/div>\n<\/div>\n","protected":false},"excerpt":{"rendered":"<p>5-teiliges Geschenkset von Betty Hula. Verschenke nachhaltige Pflege und Entspannung.<\/p>\n<p><span style=\"color: #0fc789;\"><strong>AUSVERKAUF\u00a0<\/strong><\/span><\/p>\n<p><strong>Artikel lieferbar solange Vorrat.<br \/>\n<\/strong>Die R\u00fcckgabe ist ausgeschlossen.<\/p>\n","protected":false},"featured_media":13533,"template":"","meta":{"ocean_post_layout":"","ocean_both_sidebars_style":"","ocean_both_sidebars_content_width":0,"ocean_both_sidebars_sidebars_width":0,"ocean_sidebar":"0","ocean_second_sidebar":"0","ocean_disable_margins":"enable","ocean_add_body_class":"","ocean_shortcode_before_top_bar":"","ocean_shortcode_after_top_bar":"","ocean_shortcode_before_header":"","ocean_shortcode_after_header":"","ocean_has_shortcode":"","ocean_shortcode_after_title":"","ocean_shortcode_before_footer_widgets":"","ocean_shortcode_after_footer_widgets":"","ocean_shortcode_before_footer_bottom":"","ocean_shortcode_after_footer_bottom":"","ocean_display_top_bar":"default","ocean_display_header":"default","ocean_header_style":"","ocean_center_header_left_menu":"0","ocean_custom_header_template":"0","ocean_custom_logo":0,"ocean_custom_retina_logo":0,"ocean_custom_logo_max_width":0,"ocean_custom_logo_tablet_max_width":0,"ocean_custom_logo_mobile_max_width":0,"ocean_custom_logo_max_height":0,"ocean_custom_logo_tablet_max_height":0,"ocean_custom_logo_mobile_max_height":0,"ocean_header_custom_menu":"0","ocean_menu_typo_font_family":"0","ocean_menu_typo_font_subset":"","ocean_menu_typo_font_size":0,"ocean_menu_typo_font_size_tablet":0,"ocean_menu_typo_font_size_mobile":0,"ocean_menu_typo_font_size_unit":"px","ocean_menu_typo_font_weight":"","ocean_menu_typo_font_weight_tablet":"","ocean_menu_typo_font_weight_mobile":"","ocean_menu_typo_transform":"","ocean_menu_typo_transform_tablet":"","ocean_menu_typo_transform_mobile":"","ocean_menu_typo_line_height":0,"ocean_menu_typo_line_height_tablet":0,"ocean_menu_typo_line_height_mobile":0,"ocean_menu_typo_line_height_unit":"","ocean_menu_typo_spacing":0,"ocean_menu_typo_spacing_tablet":0,"ocean_menu_typo_spacing_mobile":0,"ocean_menu_typo_spacing_unit":"","ocean_menu_link_color":"","ocean_menu_link_color_hover":"","ocean_menu_link_color_active":"","ocean_menu_link_background":"","ocean_menu_link_hover_background":"","ocean_menu_link_active_background":"","ocean_menu_social_links_bg":"","ocean_menu_social_hover_links_bg":"","ocean_menu_social_links_color":"","ocean_menu_social_hover_links_color":"","ocean_disable_title":"default","ocean_disable_heading":"default","ocean_post_title":"","ocean_post_subheading":"","ocean_post_title_style":"","ocean_post_title_background_color":"","ocean_post_title_background":0,"ocean_post_title_bg_image_position":"","ocean_post_title_bg_image_attachment":"","ocean_post_title_bg_image_repeat":"","ocean_post_title_bg_image_size":"","ocean_post_title_height":0,"ocean_post_title_bg_overlay":0.5,"ocean_post_title_bg_overlay_color":"","ocean_disable_breadcrumbs":"default","ocean_breadcrumbs_color":"","ocean_breadcrumbs_separator_color":"","ocean_breadcrumbs_links_color":"","ocean_breadcrumbs_links_hover_color":"","ocean_display_footer_widgets":"default","ocean_display_footer_bottom":"default","ocean_custom_footer_template":"0","ofc_meta_disable_footer_callout":"","ofc_meta_callout_button_url":"","ofc_meta_callout_button_txt":"","ofc_meta_callout_text":"","osh_disable_topbar_sticky":"default","osh_disable_header_sticky":"default","osh_sticky_header_style":"default","osh_sticky_header_effect":"","osh_custom_sticky_logo":0,"osh_custom_retina_sticky_logo":0,"osh_custom_sticky_logo_height":0,"osh_background_color":"","osh_links_color":"","osh_links_hover_color":"","osh_links_active_color":"","osh_links_bg_color":"","osh_links_hover_bg_color":"","osh_links_active_bg_color":"","osh_menu_social_links_color":"","osh_menu_social_hover_links_color":""},"product_brand":[2623],"product_cat":[785,89,78,60],"product_tag":[1361,318,1325,846,183,163,1364,921,1362,1257,2605,946],"class_list":{"0":"post-13530","1":"product","2":"type-product","3":"status-publish","4":"has-post-thumbnail","6":"product_brand-bettyhula","7":"product_cat-ausverkauf","8":"product_cat-geschenke","9":"product_cat-koerperpflege","10":"product_cat-wohlbefinden-wellness","11":"product_tag-bettyhula","12":"product_tag-geschenk","13":"product_tag-geschenke","14":"product_tag-geschenkidee","15":"product_tag-geschenkset","16":"product_tag-handcreme","17":"product_tag-handpflege","18":"product_tag-koerperpflege","19":"product_tag-koerperpuder","20":"product_tag-lippenpflege","21":"product_tag-naturkosmetik","22":"product_tag-pflege","23":"product_shipping_class-paket","25":"entry","26":"has-media","28":"first","29":"instock","30":"sale","31":"taxable","32":"shipping-taxable","33":"purchasable","34":"product-type-simple","35":"col","36":"span_1_of_3","37":"owp-content-center","38":"item-entry","39":"owp-thumbs-layout-horizontal","40":"owp-btn-normal","41":"owp-tabs-layout-horizontal","42":"circle-sale"},"yoast_head":"<!-- This site is optimized with the Yoast SEO plugin v27.5 - https:\/\/yoast.com\/product\/yoast-seo-wordpress\/ -->\n<title>Bettyhula Geschenkset Rum &amp; Blackcurrant 5-teilig - WeRecycle.ch | WR Group AG<\/title>\n<meta name=\"description\" content=\"5-teiliges Geschenkset von Betty Hula. Bestehend aus Peeling, K\u00f6rperpuder, Lippenbalsam, Handcreme &amp; Prosecco. Verschenke nachhaltige Pflege &amp; Entspannung.\" \/>\n<meta name=\"robots\" content=\"index, follow, max-snippet:-1, max-image-preview:large, max-video-preview:-1\" \/>\n<link rel=\"canonical\" href=\"https:\/\/www.werecycle.ch\/de\/shop\/wohlbefinden-wellness\/koerperpflege\/bettyhula-geschenkset-rum-blackcurrant-5-teilig\/\" \/>\n<meta property=\"og:locale\" content=\"de_DE\" \/>\n<meta property=\"og:type\" content=\"article\" \/>\n<meta property=\"og:title\" content=\"Bettyhula Geschenkset Rum &amp; Blackcurrant 5-teilig - WeRecycle.ch | WR Group AG\" \/>\n<meta property=\"og:description\" content=\"5-teiliges Geschenkset von Betty Hula. Bestehend aus Peeling, K\u00f6rperpuder, Lippenbalsam, Handcreme &amp; Prosecco. Verschenke nachhaltige Pflege &amp; Entspannung.\" \/>\n<meta property=\"og:url\" content=\"https:\/\/www.werecycle.ch\/de\/shop\/wohlbefinden-wellness\/koerperpflege\/bettyhula-geschenkset-rum-blackcurrant-5-teilig\/\" \/>\n<meta property=\"og:site_name\" content=\"WeRecycle.ch | WR Group AG\" \/>\n<meta property=\"article:publisher\" content=\"https:\/\/www.facebook.com\/www.werecycle.ch\" \/>\n<meta property=\"article:modified_time\" content=\"2025-07-15T12:32:25+00:00\" \/>\n<meta property=\"og:image\" content=\"https:\/\/www.werecycle.ch\/wp-content\/uploads\/2023\/08\/211094.webp\" \/>\n\t<meta property=\"og:image:width\" content=\"1500\" \/>\n\t<meta property=\"og:image:height\" content=\"1500\" \/>\n\t<meta property=\"og:image:type\" content=\"image\/webp\" \/>\n<meta name=\"twitter:card\" content=\"summary_large_image\" \/>\n<script type=\"application\/ld+json\" class=\"yoast-schema-graph\">{\"@context\":\"https:\\\/\\\/schema.org\",\"@graph\":[{\"@type\":\"WebPage\",\"@id\":\"https:\\\/\\\/www.werecycle.ch\\\/shop\\\/wohlbefinden-wellness\\\/koerperpflege\\\/bettyhula-geschenkset-rum-blackcurrant-5-teilig\\\/\",\"url\":\"https:\\\/\\\/www.werecycle.ch\\\/shop\\\/wohlbefinden-wellness\\\/koerperpflege\\\/bettyhula-geschenkset-rum-blackcurrant-5-teilig\\\/\",\"name\":\"Bettyhula Geschenkset Rum &amp; Blackcurrant 5-teilig - WeRecycle.ch | WR Group AG\",\"isPartOf\":{\"@id\":\"https:\\\/\\\/www.werecycle.ch\\\/de\\\/#website\"},\"primaryImageOfPage\":{\"@id\":\"https:\\\/\\\/www.werecycle.ch\\\/shop\\\/wohlbefinden-wellness\\\/koerperpflege\\\/bettyhula-geschenkset-rum-blackcurrant-5-teilig\\\/#primaryimage\"},\"image\":{\"@id\":\"https:\\\/\\\/www.werecycle.ch\\\/shop\\\/wohlbefinden-wellness\\\/koerperpflege\\\/bettyhula-geschenkset-rum-blackcurrant-5-teilig\\\/#primaryimage\"},\"thumbnailUrl\":\"https:\\\/\\\/www.werecycle.ch\\\/wp-content\\\/uploads\\\/2023\\\/08\\\/211094.webp\",\"datePublished\":\"2023-08-31T13:26:07+00:00\",\"dateModified\":\"2025-07-15T12:32:25+00:00\",\"description\":\"5-teiliges Geschenkset von Betty Hula. Bestehend aus Peeling, K\u00f6rperpuder, Lippenbalsam, Handcreme & Prosecco. Verschenke nachhaltige Pflege & Entspannung.\",\"breadcrumb\":{\"@id\":\"https:\\\/\\\/www.werecycle.ch\\\/shop\\\/wohlbefinden-wellness\\\/koerperpflege\\\/bettyhula-geschenkset-rum-blackcurrant-5-teilig\\\/#breadcrumb\"},\"inLanguage\":\"de\",\"potentialAction\":[{\"@type\":\"ReadAction\",\"target\":[\"https:\\\/\\\/www.werecycle.ch\\\/shop\\\/wohlbefinden-wellness\\\/koerperpflege\\\/bettyhula-geschenkset-rum-blackcurrant-5-teilig\\\/\"]}]},{\"@type\":\"ImageObject\",\"inLanguage\":\"de\",\"@id\":\"https:\\\/\\\/www.werecycle.ch\\\/shop\\\/wohlbefinden-wellness\\\/koerperpflege\\\/bettyhula-geschenkset-rum-blackcurrant-5-teilig\\\/#primaryimage\",\"url\":\"https:\\\/\\\/www.werecycle.ch\\\/wp-content\\\/uploads\\\/2023\\\/08\\\/211094.webp\",\"contentUrl\":\"https:\\\/\\\/www.werecycle.ch\\\/wp-content\\\/uploads\\\/2023\\\/08\\\/211094.webp\",\"width\":1500,\"height\":1500},{\"@type\":\"BreadcrumbList\",\"@id\":\"https:\\\/\\\/www.werecycle.ch\\\/shop\\\/wohlbefinden-wellness\\\/koerperpflege\\\/bettyhula-geschenkset-rum-blackcurrant-5-teilig\\\/#breadcrumb\",\"itemListElement\":[{\"@type\":\"ListItem\",\"position\":1,\"name\":\"Startseite\",\"item\":\"https:\\\/\\\/www.werecycle.ch\\\/\"},{\"@type\":\"ListItem\",\"position\":2,\"name\":\"Shop\",\"item\":\"https:\\\/\\\/www.werecycle.ch\\\/de\\\/shop\\\/\"},{\"@type\":\"ListItem\",\"position\":3,\"name\":\"Bettyhula Geschenkset Rum &amp; Blackcurrant 5-teilig\"}]},{\"@type\":\"WebSite\",\"@id\":\"https:\\\/\\\/www.werecycle.ch\\\/de\\\/#website\",\"url\":\"https:\\\/\\\/www.werecycle.ch\\\/de\\\/\",\"name\":\"WeRecycle.ch | Recycling Services AG\",\"description\":\"\",\"publisher\":{\"@id\":\"https:\\\/\\\/www.werecycle.ch\\\/de\\\/#organization\"},\"potentialAction\":[{\"@type\":\"SearchAction\",\"target\":{\"@type\":\"EntryPoint\",\"urlTemplate\":\"https:\\\/\\\/www.werecycle.ch\\\/de\\\/?s={search_term_string}\"},\"query-input\":{\"@type\":\"PropertyValueSpecification\",\"valueRequired\":true,\"valueName\":\"search_term_string\"}}],\"inLanguage\":\"de\"},{\"@type\":\"Organization\",\"@id\":\"https:\\\/\\\/www.werecycle.ch\\\/de\\\/#organization\",\"name\":\"WeRecycle.ch | Recycling Services AG\",\"url\":\"https:\\\/\\\/www.werecycle.ch\\\/de\\\/\",\"logo\":{\"@type\":\"ImageObject\",\"inLanguage\":\"de\",\"@id\":\"https:\\\/\\\/www.werecycle.ch\\\/de\\\/#\\\/schema\\\/logo\\\/image\\\/\",\"url\":\"https:\\\/\\\/www.werecycle.ch\\\/wp-content\\\/uploads\\\/2022\\\/09\\\/logo_werecycle.webp\",\"contentUrl\":\"https:\\\/\\\/www.werecycle.ch\\\/wp-content\\\/uploads\\\/2022\\\/09\\\/logo_werecycle.webp\",\"width\":1423,\"height\":427,\"caption\":\"WeRecycle.ch | Recycling Services AG\"},\"image\":{\"@id\":\"https:\\\/\\\/www.werecycle.ch\\\/de\\\/#\\\/schema\\\/logo\\\/image\\\/\"},\"sameAs\":[\"https:\\\/\\\/www.facebook.com\\\/www.werecycle.ch\"]}]}<\/script>\n<!-- \/ Yoast SEO plugin. -->","yoast_head_json":{"title":"Bettyhula Geschenkset Rum &amp; Blackcurrant 5-teilig - WeRecycle.ch | WR Group AG","description":"5-teiliges Geschenkset von Betty Hula. Bestehend aus Peeling, K\u00f6rperpuder, Lippenbalsam, Handcreme & Prosecco. Verschenke nachhaltige Pflege & Entspannung.","robots":{"index":"index","follow":"follow","max-snippet":"max-snippet:-1","max-image-preview":"max-image-preview:large","max-video-preview":"max-video-preview:-1"},"canonical":"https:\/\/www.werecycle.ch\/de\/shop\/wohlbefinden-wellness\/koerperpflege\/bettyhula-geschenkset-rum-blackcurrant-5-teilig\/","og_locale":"de_DE","og_type":"article","og_title":"Bettyhula Geschenkset Rum &amp; Blackcurrant 5-teilig - WeRecycle.ch | WR Group AG","og_description":"5-teiliges Geschenkset von Betty Hula. Bestehend aus Peeling, K\u00f6rperpuder, Lippenbalsam, Handcreme & Prosecco. Verschenke nachhaltige Pflege & Entspannung.","og_url":"https:\/\/www.werecycle.ch\/de\/shop\/wohlbefinden-wellness\/koerperpflege\/bettyhula-geschenkset-rum-blackcurrant-5-teilig\/","og_site_name":"WeRecycle.ch | WR Group AG","article_publisher":"https:\/\/www.facebook.com\/www.werecycle.ch","article_modified_time":"2025-07-15T12:32:25+00:00","og_image":[{"width":1500,"height":1500,"url":"https:\/\/www.werecycle.ch\/wp-content\/uploads\/2023\/08\/211094.webp","type":"image\/webp"}],"twitter_card":"summary_large_image","schema":{"@context":"https:\/\/schema.org","@graph":[{"@type":"WebPage","@id":"https:\/\/www.werecycle.ch\/shop\/wohlbefinden-wellness\/koerperpflege\/bettyhula-geschenkset-rum-blackcurrant-5-teilig\/","url":"https:\/\/www.werecycle.ch\/shop\/wohlbefinden-wellness\/koerperpflege\/bettyhula-geschenkset-rum-blackcurrant-5-teilig\/","name":"Bettyhula Geschenkset Rum &amp; Blackcurrant 5-teilig - WeRecycle.ch | WR Group AG","isPartOf":{"@id":"https:\/\/www.werecycle.ch\/de\/#website"},"primaryImageOfPage":{"@id":"https:\/\/www.werecycle.ch\/shop\/wohlbefinden-wellness\/koerperpflege\/bettyhula-geschenkset-rum-blackcurrant-5-teilig\/#primaryimage"},"image":{"@id":"https:\/\/www.werecycle.ch\/shop\/wohlbefinden-wellness\/koerperpflege\/bettyhula-geschenkset-rum-blackcurrant-5-teilig\/#primaryimage"},"thumbnailUrl":"https:\/\/www.werecycle.ch\/wp-content\/uploads\/2023\/08\/211094.webp","datePublished":"2023-08-31T13:26:07+00:00","dateModified":"2025-07-15T12:32:25+00:00","description":"5-teiliges Geschenkset von Betty Hula. Bestehend aus Peeling, K\u00f6rperpuder, Lippenbalsam, Handcreme & Prosecco. Verschenke nachhaltige Pflege & Entspannung.","breadcrumb":{"@id":"https:\/\/www.werecycle.ch\/shop\/wohlbefinden-wellness\/koerperpflege\/bettyhula-geschenkset-rum-blackcurrant-5-teilig\/#breadcrumb"},"inLanguage":"de","potentialAction":[{"@type":"ReadAction","target":["https:\/\/www.werecycle.ch\/shop\/wohlbefinden-wellness\/koerperpflege\/bettyhula-geschenkset-rum-blackcurrant-5-teilig\/"]}]},{"@type":"ImageObject","inLanguage":"de","@id":"https:\/\/www.werecycle.ch\/shop\/wohlbefinden-wellness\/koerperpflege\/bettyhula-geschenkset-rum-blackcurrant-5-teilig\/#primaryimage","url":"https:\/\/www.werecycle.ch\/wp-content\/uploads\/2023\/08\/211094.webp","contentUrl":"https:\/\/www.werecycle.ch\/wp-content\/uploads\/2023\/08\/211094.webp","width":1500,"height":1500},{"@type":"BreadcrumbList","@id":"https:\/\/www.werecycle.ch\/shop\/wohlbefinden-wellness\/koerperpflege\/bettyhula-geschenkset-rum-blackcurrant-5-teilig\/#breadcrumb","itemListElement":[{"@type":"ListItem","position":1,"name":"Startseite","item":"https:\/\/www.werecycle.ch\/"},{"@type":"ListItem","position":2,"name":"Shop","item":"https:\/\/www.werecycle.ch\/de\/shop\/"},{"@type":"ListItem","position":3,"name":"Bettyhula Geschenkset Rum &amp; Blackcurrant 5-teilig"}]},{"@type":"WebSite","@id":"https:\/\/www.werecycle.ch\/de\/#website","url":"https:\/\/www.werecycle.ch\/de\/","name":"WeRecycle.ch | Recycling Services AG","description":"","publisher":{"@id":"https:\/\/www.werecycle.ch\/de\/#organization"},"potentialAction":[{"@type":"SearchAction","target":{"@type":"EntryPoint","urlTemplate":"https:\/\/www.werecycle.ch\/de\/?s={search_term_string}"},"query-input":{"@type":"PropertyValueSpecification","valueRequired":true,"valueName":"search_term_string"}}],"inLanguage":"de"},{"@type":"Organization","@id":"https:\/\/www.werecycle.ch\/de\/#organization","name":"WeRecycle.ch | Recycling Services AG","url":"https:\/\/www.werecycle.ch\/de\/","logo":{"@type":"ImageObject","inLanguage":"de","@id":"https:\/\/www.werecycle.ch\/de\/#\/schema\/logo\/image\/","url":"https:\/\/www.werecycle.ch\/wp-content\/uploads\/2022\/09\/logo_werecycle.webp","contentUrl":"https:\/\/www.werecycle.ch\/wp-content\/uploads\/2022\/09\/logo_werecycle.webp","width":1423,"height":427,"caption":"WeRecycle.ch | Recycling Services AG"},"image":{"@id":"https:\/\/www.werecycle.ch\/de\/#\/schema\/logo\/image\/"},"sameAs":["https:\/\/www.facebook.com\/www.werecycle.ch"]}]}},"tiered_pricing_type":"fixed","tiered_pricing_fixed_rules":[],"tiered_pricing_product_settings":{"layout":"default","base_unit_name":{"singular":null,"plural":null},"default_variation":null},"tiered_pricing_minimum_quantity":null,"tiered_pricing_roles_data":[],"tiered_pricing_percentage_rules":[],"_links":{"self":[{"href":"https:\/\/www.werecycle.ch\/de\/wp-json\/wp\/v2\/product\/13530","targetHints":{"allow":["GET"]}}],"collection":[{"href":"https:\/\/www.werecycle.ch\/de\/wp-json\/wp\/v2\/product"}],"about":[{"href":"https:\/\/www.werecycle.ch\/de\/wp-json\/wp\/v2\/types\/product"}],"wp:featuredmedia":[{"embeddable":true,"href":"https:\/\/www.werecycle.ch\/de\/wp-json\/wp\/v2\/media\/13533"}],"wp:attachment":[{"href":"https:\/\/www.werecycle.ch\/de\/wp-json\/wp\/v2\/media?parent=13530"}],"wp:term":[{"taxonomy":"product_brand","embeddable":true,"href":"https:\/\/www.werecycle.ch\/de\/wp-json\/wp\/v2\/product_brand?post=13530"},{"taxonomy":"product_cat","embeddable":true,"href":"https:\/\/www.werecycle.ch\/de\/wp-json\/wp\/v2\/product_cat?post=13530"},{"taxonomy":"product_tag","embeddable":true,"href":"https:\/\/www.werecycle.ch\/de\/wp-json\/wp\/v2\/product_tag?post=13530"}],"curies":[{"name":"wp","href":"https:\/\/api.w.org\/{rel}","templated":true}]}}