{"id":13286,"date":"2023-09-20T13:52:52","date_gmt":"2023-09-20T11:52:52","guid":{"rendered":"https:\/\/www.werecycle.ch\/?post_type=product&#038;p=13286"},"modified":"2025-10-22T09:10:59","modified_gmt":"2025-10-22T08:10:59","slug":"raeder-komplettset-fuer-kunststoffcontainer-120-140-liter","status":"publish","type":"product","link":"https:\/\/www.werecycle.ch\/de\/shop\/recycling-entsorgung\/container\/raeder-komplettset-fuer-kunststoffcontainer-120-140-liter\/","title":{"rendered":"R\u00e4der Komplettset f\u00fcr Kunststoffcontainer 120-140 Liter"},"content":{"rendered":"<p>R\u00e4der Komplettset zu Contena Ochsner Kunststoffcontainer<\/p>\n<p>&nbsp;<\/p>\n<ul>\n<li>2 x Ersatzrad aus Vollgummi<\/li>\n<li>1 x Achse<\/li>\n<li>passend zu Contena Ochsner Kunststoffcontainer<\/li>\n<li>passend f\u00fcr 120 Liter, 140 Liter<\/li>\n<li>L\u00e4nge: 46 cm<\/li>\n<li>R\u00e4der \u00d8 200 mm<\/li>\n<\/ul>\n<p>&nbsp;<\/p>\n<p>Alte R\u00e4der von der Achse l\u00f6sen:<\/p>\n<p>Mach mit einem Schlitz-Schraubendreher in die daf\u00fcr vorgesehene Kappe auf der Aussenseite des Rades ein kleines Loch. Danach kann die Feder zur\u00fcckgedr\u00fcckt und das Rad abgezogen werden.<\/p>\n","protected":false},"excerpt":{"rendered":"<p>R\u00e4der Komplettset f\u00fcr Contena Ochsner Kunststoff-Container 120 &#8211; 140 Liter.<\/p>\n","protected":false},"featured_media":13282,"template":"","meta":{"ocean_post_layout":"","ocean_both_sidebars_style":"","ocean_both_sidebars_content_width":0,"ocean_both_sidebars_sidebars_width":0,"ocean_sidebar":"0","ocean_second_sidebar":"0","ocean_disable_margins":"enable","ocean_add_body_class":"","ocean_shortcode_before_top_bar":"","ocean_shortcode_after_top_bar":"","ocean_shortcode_before_header":"","ocean_shortcode_after_header":"","ocean_has_shortcode":"","ocean_shortcode_after_title":"","ocean_shortcode_before_footer_widgets":"","ocean_shortcode_after_footer_widgets":"","ocean_shortcode_before_footer_bottom":"","ocean_shortcode_after_footer_bottom":"","ocean_display_top_bar":"default","ocean_display_header":"default","ocean_header_style":"","ocean_center_header_left_menu":"0","ocean_custom_header_template":"0","ocean_custom_logo":0,"ocean_custom_retina_logo":0,"ocean_custom_logo_max_width":0,"ocean_custom_logo_tablet_max_width":0,"ocean_custom_logo_mobile_max_width":0,"ocean_custom_logo_max_height":0,"ocean_custom_logo_tablet_max_height":0,"ocean_custom_logo_mobile_max_height":0,"ocean_header_custom_menu":"0","ocean_menu_typo_font_family":"0","ocean_menu_typo_font_subset":"","ocean_menu_typo_font_size":0,"ocean_menu_typo_font_size_tablet":0,"ocean_menu_typo_font_size_mobile":0,"ocean_menu_typo_font_size_unit":"px","ocean_menu_typo_font_weight":"","ocean_menu_typo_font_weight_tablet":"","ocean_menu_typo_font_weight_mobile":"","ocean_menu_typo_transform":"","ocean_menu_typo_transform_tablet":"","ocean_menu_typo_transform_mobile":"","ocean_menu_typo_line_height":0,"ocean_menu_typo_line_height_tablet":0,"ocean_menu_typo_line_height_mobile":0,"ocean_menu_typo_line_height_unit":"","ocean_menu_typo_spacing":0,"ocean_menu_typo_spacing_tablet":0,"ocean_menu_typo_spacing_mobile":0,"ocean_menu_typo_spacing_unit":"","ocean_menu_link_color":"","ocean_menu_link_color_hover":"","ocean_menu_link_color_active":"","ocean_menu_link_background":"","ocean_menu_link_hover_background":"","ocean_menu_link_active_background":"","ocean_menu_social_links_bg":"","ocean_menu_social_hover_links_bg":"","ocean_menu_social_links_color":"","ocean_menu_social_hover_links_color":"","ocean_disable_title":"default","ocean_disable_heading":"default","ocean_post_title":"","ocean_post_subheading":"","ocean_post_title_style":"","ocean_post_title_background_color":"","ocean_post_title_background":0,"ocean_post_title_bg_image_position":"","ocean_post_title_bg_image_attachment":"","ocean_post_title_bg_image_repeat":"","ocean_post_title_bg_image_size":"","ocean_post_title_height":0,"ocean_post_title_bg_overlay":0.5,"ocean_post_title_bg_overlay_color":"","ocean_disable_breadcrumbs":"default","ocean_breadcrumbs_color":"","ocean_breadcrumbs_separator_color":"","ocean_breadcrumbs_links_color":"","ocean_breadcrumbs_links_hover_color":"","ocean_display_footer_widgets":"default","ocean_display_footer_bottom":"default","ocean_custom_footer_template":"0","ofc_meta_disable_footer_callout":"","ofc_meta_callout_button_url":"","ofc_meta_callout_button_txt":"","ofc_meta_callout_text":"","osh_disable_topbar_sticky":"default","osh_disable_header_sticky":"default","osh_sticky_header_style":"default","osh_sticky_header_effect":"","osh_custom_sticky_logo":0,"osh_custom_retina_sticky_logo":0,"osh_custom_sticky_logo_height":0,"osh_background_color":"","osh_links_color":"","osh_links_hover_color":"","osh_links_active_color":"","osh_links_bg_color":"","osh_links_hover_bg_color":"","osh_links_active_bg_color":"","osh_menu_social_links_color":"","osh_menu_social_hover_links_color":""},"product_brand":[2554],"product_cat":[100],"product_tag":[1378,112,1374,1377,1375,1376],"class_list":{"0":"post-13286","1":"product","2":"type-product","3":"status-publish","4":"has-post-thumbnail","6":"product_brand-contena-ochsner","7":"product_cat-container","8":"product_tag-achse","9":"product_tag-container","10":"product_tag-ersatzteil","11":"product_tag-gummi","12":"product_tag-rad","13":"product_tag-radset","14":"product_shipping_class-paket","16":"entry","17":"has-media","19":"first","20":"instock","21":"taxable","22":"shipping-taxable","23":"purchasable","24":"product-type-simple","25":"col","26":"span_1_of_3","27":"owp-content-center","28":"item-entry","29":"owp-thumbs-layout-horizontal","30":"owp-btn-normal","31":"owp-tabs-layout-horizontal","32":"circle-sale"},"yoast_head":"<!-- This site is optimized with the Yoast SEO plugin v27.4 - https:\/\/yoast.com\/product\/yoast-seo-wordpress\/ -->\n<title>R\u00e4der Komplettset f\u00fcr Kunststoffcontainer 120-140 Liter - WeRecycle.ch | WR Group AG<\/title>\n<meta name=\"description\" content=\"R\u00e4der Komplettset f\u00fcr Contena Ochsner Kunststoffcontainer 120 Liter bis 140 Liter. L\u00e4nge: 46 cm, Durchmesser: \u00d8 200 mm - Original Ersatzteil vom Hersteller.\" \/>\n<meta name=\"robots\" content=\"index, follow, max-snippet:-1, max-image-preview:large, max-video-preview:-1\" \/>\n<link rel=\"canonical\" href=\"https:\/\/www.werecycle.ch\/de\/shop\/recycling-entsorgung\/container\/raeder-komplettset-fuer-kunststoffcontainer-120-140-liter\/\" \/>\n<meta property=\"og:locale\" content=\"de_DE\" \/>\n<meta property=\"og:type\" content=\"article\" \/>\n<meta property=\"og:title\" content=\"R\u00e4der Komplettset f\u00fcr Kunststoffcontainer 120-140 Liter - WeRecycle.ch | WR Group AG\" \/>\n<meta property=\"og:description\" content=\"R\u00e4der Komplettset f\u00fcr Contena Ochsner Kunststoffcontainer 120 Liter bis 140 Liter. L\u00e4nge: 46 cm, Durchmesser: \u00d8 200 mm - Original Ersatzteil vom Hersteller.\" \/>\n<meta property=\"og:url\" content=\"https:\/\/www.werecycle.ch\/de\/shop\/recycling-entsorgung\/container\/raeder-komplettset-fuer-kunststoffcontainer-120-140-liter\/\" \/>\n<meta property=\"og:site_name\" content=\"WeRecycle.ch | WR Group AG\" \/>\n<meta property=\"article:publisher\" content=\"https:\/\/www.facebook.com\/www.werecycle.ch\" \/>\n<meta property=\"article:modified_time\" content=\"2025-10-22T08:10:59+00:00\" \/>\n<meta property=\"og:image\" content=\"https:\/\/www.werecycle.ch\/wp-content\/uploads\/2023\/10\/129003.webp\" \/>\n\t<meta property=\"og:image:width\" content=\"1200\" \/>\n\t<meta property=\"og:image:height\" content=\"1200\" \/>\n\t<meta property=\"og:image:type\" content=\"image\/webp\" \/>\n<meta name=\"twitter:card\" content=\"summary_large_image\" \/>\n<script type=\"application\/ld+json\" class=\"yoast-schema-graph\">{\"@context\":\"https:\\\/\\\/schema.org\",\"@graph\":[{\"@type\":\"WebPage\",\"@id\":\"https:\\\/\\\/www.werecycle.ch\\\/shop\\\/recycling-entsorgung\\\/container\\\/raeder-komplettset-fuer-kunststoffcontainer-120-140-liter\\\/\",\"url\":\"https:\\\/\\\/www.werecycle.ch\\\/shop\\\/recycling-entsorgung\\\/container\\\/raeder-komplettset-fuer-kunststoffcontainer-120-140-liter\\\/\",\"name\":\"R\u00e4der Komplettset f\u00fcr Kunststoffcontainer 120-140 Liter - WeRecycle.ch | WR Group AG\",\"isPartOf\":{\"@id\":\"https:\\\/\\\/www.werecycle.ch\\\/de\\\/#website\"},\"primaryImageOfPage\":{\"@id\":\"https:\\\/\\\/www.werecycle.ch\\\/shop\\\/recycling-entsorgung\\\/container\\\/raeder-komplettset-fuer-kunststoffcontainer-120-140-liter\\\/#primaryimage\"},\"image\":{\"@id\":\"https:\\\/\\\/www.werecycle.ch\\\/shop\\\/recycling-entsorgung\\\/container\\\/raeder-komplettset-fuer-kunststoffcontainer-120-140-liter\\\/#primaryimage\"},\"thumbnailUrl\":\"https:\\\/\\\/www.werecycle.ch\\\/wp-content\\\/uploads\\\/2023\\\/10\\\/129003.webp\",\"datePublished\":\"2023-09-20T11:52:52+00:00\",\"dateModified\":\"2025-10-22T08:10:59+00:00\",\"description\":\"R\u00e4der Komplettset f\u00fcr Contena Ochsner Kunststoffcontainer 120 Liter bis 140 Liter. L\u00e4nge: 46 cm, Durchmesser: \u00d8 200 mm - Original Ersatzteil vom Hersteller.\",\"breadcrumb\":{\"@id\":\"https:\\\/\\\/www.werecycle.ch\\\/shop\\\/recycling-entsorgung\\\/container\\\/raeder-komplettset-fuer-kunststoffcontainer-120-140-liter\\\/#breadcrumb\"},\"inLanguage\":\"de\",\"potentialAction\":[{\"@type\":\"ReadAction\",\"target\":[\"https:\\\/\\\/www.werecycle.ch\\\/shop\\\/recycling-entsorgung\\\/container\\\/raeder-komplettset-fuer-kunststoffcontainer-120-140-liter\\\/\"]}]},{\"@type\":\"ImageObject\",\"inLanguage\":\"de\",\"@id\":\"https:\\\/\\\/www.werecycle.ch\\\/shop\\\/recycling-entsorgung\\\/container\\\/raeder-komplettset-fuer-kunststoffcontainer-120-140-liter\\\/#primaryimage\",\"url\":\"https:\\\/\\\/www.werecycle.ch\\\/wp-content\\\/uploads\\\/2023\\\/10\\\/129003.webp\",\"contentUrl\":\"https:\\\/\\\/www.werecycle.ch\\\/wp-content\\\/uploads\\\/2023\\\/10\\\/129003.webp\",\"width\":1200,\"height\":1200},{\"@type\":\"BreadcrumbList\",\"@id\":\"https:\\\/\\\/www.werecycle.ch\\\/shop\\\/recycling-entsorgung\\\/container\\\/raeder-komplettset-fuer-kunststoffcontainer-120-140-liter\\\/#breadcrumb\",\"itemListElement\":[{\"@type\":\"ListItem\",\"position\":1,\"name\":\"Startseite\",\"item\":\"https:\\\/\\\/www.werecycle.ch\\\/\"},{\"@type\":\"ListItem\",\"position\":2,\"name\":\"Shop\",\"item\":\"https:\\\/\\\/www.werecycle.ch\\\/de\\\/shop\\\/\"},{\"@type\":\"ListItem\",\"position\":3,\"name\":\"R\u00e4der Komplettset f\u00fcr Kunststoffcontainer 120-140 Liter\"}]},{\"@type\":\"WebSite\",\"@id\":\"https:\\\/\\\/www.werecycle.ch\\\/de\\\/#website\",\"url\":\"https:\\\/\\\/www.werecycle.ch\\\/de\\\/\",\"name\":\"WeRecycle.ch | Recycling Services AG\",\"description\":\"\",\"publisher\":{\"@id\":\"https:\\\/\\\/www.werecycle.ch\\\/de\\\/#organization\"},\"potentialAction\":[{\"@type\":\"SearchAction\",\"target\":{\"@type\":\"EntryPoint\",\"urlTemplate\":\"https:\\\/\\\/www.werecycle.ch\\\/de\\\/?s={search_term_string}\"},\"query-input\":{\"@type\":\"PropertyValueSpecification\",\"valueRequired\":true,\"valueName\":\"search_term_string\"}}],\"inLanguage\":\"de\"},{\"@type\":\"Organization\",\"@id\":\"https:\\\/\\\/www.werecycle.ch\\\/de\\\/#organization\",\"name\":\"WeRecycle.ch | Recycling Services AG\",\"url\":\"https:\\\/\\\/www.werecycle.ch\\\/de\\\/\",\"logo\":{\"@type\":\"ImageObject\",\"inLanguage\":\"de\",\"@id\":\"https:\\\/\\\/www.werecycle.ch\\\/de\\\/#\\\/schema\\\/logo\\\/image\\\/\",\"url\":\"https:\\\/\\\/www.werecycle.ch\\\/wp-content\\\/uploads\\\/2022\\\/09\\\/logo_werecycle.webp\",\"contentUrl\":\"https:\\\/\\\/www.werecycle.ch\\\/wp-content\\\/uploads\\\/2022\\\/09\\\/logo_werecycle.webp\",\"width\":1423,\"height\":427,\"caption\":\"WeRecycle.ch | Recycling Services AG\"},\"image\":{\"@id\":\"https:\\\/\\\/www.werecycle.ch\\\/de\\\/#\\\/schema\\\/logo\\\/image\\\/\"},\"sameAs\":[\"https:\\\/\\\/www.facebook.com\\\/www.werecycle.ch\"]}]}<\/script>\n<!-- \/ Yoast SEO plugin. -->","yoast_head_json":{"title":"R\u00e4der Komplettset f\u00fcr Kunststoffcontainer 120-140 Liter - WeRecycle.ch | WR Group AG","description":"R\u00e4der Komplettset f\u00fcr Contena Ochsner Kunststoffcontainer 120 Liter bis 140 Liter. L\u00e4nge: 46 cm, Durchmesser: \u00d8 200 mm - Original Ersatzteil vom Hersteller.","robots":{"index":"index","follow":"follow","max-snippet":"max-snippet:-1","max-image-preview":"max-image-preview:large","max-video-preview":"max-video-preview:-1"},"canonical":"https:\/\/www.werecycle.ch\/de\/shop\/recycling-entsorgung\/container\/raeder-komplettset-fuer-kunststoffcontainer-120-140-liter\/","og_locale":"de_DE","og_type":"article","og_title":"R\u00e4der Komplettset f\u00fcr Kunststoffcontainer 120-140 Liter - WeRecycle.ch | WR Group AG","og_description":"R\u00e4der Komplettset f\u00fcr Contena Ochsner Kunststoffcontainer 120 Liter bis 140 Liter. L\u00e4nge: 46 cm, Durchmesser: \u00d8 200 mm - Original Ersatzteil vom Hersteller.","og_url":"https:\/\/www.werecycle.ch\/de\/shop\/recycling-entsorgung\/container\/raeder-komplettset-fuer-kunststoffcontainer-120-140-liter\/","og_site_name":"WeRecycle.ch | WR Group AG","article_publisher":"https:\/\/www.facebook.com\/www.werecycle.ch","article_modified_time":"2025-10-22T08:10:59+00:00","og_image":[{"width":1200,"height":1200,"url":"https:\/\/www.werecycle.ch\/wp-content\/uploads\/2023\/10\/129003.webp","type":"image\/webp"}],"twitter_card":"summary_large_image","schema":{"@context":"https:\/\/schema.org","@graph":[{"@type":"WebPage","@id":"https:\/\/www.werecycle.ch\/shop\/recycling-entsorgung\/container\/raeder-komplettset-fuer-kunststoffcontainer-120-140-liter\/","url":"https:\/\/www.werecycle.ch\/shop\/recycling-entsorgung\/container\/raeder-komplettset-fuer-kunststoffcontainer-120-140-liter\/","name":"R\u00e4der Komplettset f\u00fcr Kunststoffcontainer 120-140 Liter - WeRecycle.ch | WR Group AG","isPartOf":{"@id":"https:\/\/www.werecycle.ch\/de\/#website"},"primaryImageOfPage":{"@id":"https:\/\/www.werecycle.ch\/shop\/recycling-entsorgung\/container\/raeder-komplettset-fuer-kunststoffcontainer-120-140-liter\/#primaryimage"},"image":{"@id":"https:\/\/www.werecycle.ch\/shop\/recycling-entsorgung\/container\/raeder-komplettset-fuer-kunststoffcontainer-120-140-liter\/#primaryimage"},"thumbnailUrl":"https:\/\/www.werecycle.ch\/wp-content\/uploads\/2023\/10\/129003.webp","datePublished":"2023-09-20T11:52:52+00:00","dateModified":"2025-10-22T08:10:59+00:00","description":"R\u00e4der Komplettset f\u00fcr Contena Ochsner Kunststoffcontainer 120 Liter bis 140 Liter. L\u00e4nge: 46 cm, Durchmesser: \u00d8 200 mm - Original Ersatzteil vom Hersteller.","breadcrumb":{"@id":"https:\/\/www.werecycle.ch\/shop\/recycling-entsorgung\/container\/raeder-komplettset-fuer-kunststoffcontainer-120-140-liter\/#breadcrumb"},"inLanguage":"de","potentialAction":[{"@type":"ReadAction","target":["https:\/\/www.werecycle.ch\/shop\/recycling-entsorgung\/container\/raeder-komplettset-fuer-kunststoffcontainer-120-140-liter\/"]}]},{"@type":"ImageObject","inLanguage":"de","@id":"https:\/\/www.werecycle.ch\/shop\/recycling-entsorgung\/container\/raeder-komplettset-fuer-kunststoffcontainer-120-140-liter\/#primaryimage","url":"https:\/\/www.werecycle.ch\/wp-content\/uploads\/2023\/10\/129003.webp","contentUrl":"https:\/\/www.werecycle.ch\/wp-content\/uploads\/2023\/10\/129003.webp","width":1200,"height":1200},{"@type":"BreadcrumbList","@id":"https:\/\/www.werecycle.ch\/shop\/recycling-entsorgung\/container\/raeder-komplettset-fuer-kunststoffcontainer-120-140-liter\/#breadcrumb","itemListElement":[{"@type":"ListItem","position":1,"name":"Startseite","item":"https:\/\/www.werecycle.ch\/"},{"@type":"ListItem","position":2,"name":"Shop","item":"https:\/\/www.werecycle.ch\/de\/shop\/"},{"@type":"ListItem","position":3,"name":"R\u00e4der Komplettset f\u00fcr Kunststoffcontainer 120-140 Liter"}]},{"@type":"WebSite","@id":"https:\/\/www.werecycle.ch\/de\/#website","url":"https:\/\/www.werecycle.ch\/de\/","name":"WeRecycle.ch | Recycling Services AG","description":"","publisher":{"@id":"https:\/\/www.werecycle.ch\/de\/#organization"},"potentialAction":[{"@type":"SearchAction","target":{"@type":"EntryPoint","urlTemplate":"https:\/\/www.werecycle.ch\/de\/?s={search_term_string}"},"query-input":{"@type":"PropertyValueSpecification","valueRequired":true,"valueName":"search_term_string"}}],"inLanguage":"de"},{"@type":"Organization","@id":"https:\/\/www.werecycle.ch\/de\/#organization","name":"WeRecycle.ch | Recycling Services AG","url":"https:\/\/www.werecycle.ch\/de\/","logo":{"@type":"ImageObject","inLanguage":"de","@id":"https:\/\/www.werecycle.ch\/de\/#\/schema\/logo\/image\/","url":"https:\/\/www.werecycle.ch\/wp-content\/uploads\/2022\/09\/logo_werecycle.webp","contentUrl":"https:\/\/www.werecycle.ch\/wp-content\/uploads\/2022\/09\/logo_werecycle.webp","width":1423,"height":427,"caption":"WeRecycle.ch | Recycling Services AG"},"image":{"@id":"https:\/\/www.werecycle.ch\/de\/#\/schema\/logo\/image\/"},"sameAs":["https:\/\/www.facebook.com\/www.werecycle.ch"]}]}},"tiered_pricing_type":"fixed","tiered_pricing_fixed_rules":[],"tiered_pricing_product_settings":{"layout":"default","base_unit_name":{"singular":null,"plural":null},"default_variation":null},"tiered_pricing_minimum_quantity":null,"tiered_pricing_roles_data":[],"tiered_pricing_percentage_rules":[],"_links":{"self":[{"href":"https:\/\/www.werecycle.ch\/de\/wp-json\/wp\/v2\/product\/13286","targetHints":{"allow":["GET"]}}],"collection":[{"href":"https:\/\/www.werecycle.ch\/de\/wp-json\/wp\/v2\/product"}],"about":[{"href":"https:\/\/www.werecycle.ch\/de\/wp-json\/wp\/v2\/types\/product"}],"wp:featuredmedia":[{"embeddable":true,"href":"https:\/\/www.werecycle.ch\/de\/wp-json\/wp\/v2\/media\/13282"}],"wp:attachment":[{"href":"https:\/\/www.werecycle.ch\/de\/wp-json\/wp\/v2\/media?parent=13286"}],"wp:term":[{"taxonomy":"product_brand","embeddable":true,"href":"https:\/\/www.werecycle.ch\/de\/wp-json\/wp\/v2\/product_brand?post=13286"},{"taxonomy":"product_cat","embeddable":true,"href":"https:\/\/www.werecycle.ch\/de\/wp-json\/wp\/v2\/product_cat?post=13286"},{"taxonomy":"product_tag","embeddable":true,"href":"https:\/\/www.werecycle.ch\/de\/wp-json\/wp\/v2\/product_tag?post=13286"}],"curies":[{"name":"wp","href":"https:\/\/api.w.org\/{rel}","templated":true}]}}