{"id":13226,"date":"2023-09-19T11:10:13","date_gmt":"2023-09-19T10:10:13","guid":{"rendered":"https:\/\/www.werecycle.ch\/?post_type=product&#038;p=13226"},"modified":"2024-10-03T13:17:30","modified_gmt":"2024-10-03T12:17:30","slug":"nici-green-waermflasche-schaf-sheepmila","status":"publish","type":"product","link":"https:\/\/www.werecycle.ch\/de\/shop\/freizeit\/kinderspiele\/nici-green-waermflasche-schaf-sheepmila\/","title":{"rendered":"NICI Green W\u00e4rmflasche Schaf Sheepmila"},"content":{"rendered":"<p>Der farbenfroh bedruckte W\u00e4rmflaschenbezug aus kuschelig-weichem NICI Pl\u00fcschmaterial tr\u00f6stet mit dem niedlichen Sch\u00e4fchen Sheepmila aus NICIs Farm Friends Kollektion bei Bauchweh oder anderen Wehwehchen. Die herausnehmbare W\u00e4rmflasche mit einem Inhaltsvolumen von 500ml kann im Handumdrehen mit heissem Wasser bef\u00fcllt werden und zaubert eine wohlige W\u00e4rme. Wird die W\u00e4rmflasche nicht mehr ben\u00f6tigt, kann sie mithilfe einer Schlaufe weggeh\u00e4ngt werden<\/p>\n<p>Die Dackel W\u00e4rmflasche ist Teil der NICI GREEN Produktwelt. F\u00fcr NICI GREEN Produkte werden ausschliesslich Pl\u00fcsch- und F\u00fcllstoffe verwendet, die aus recycelten Materialien bestehen. Hierf\u00fcr werden vor allem alte PET-Flaschen zu RPET verarbeitet.<\/p>\n<p>&nbsp;<\/p>\n<ul>\n<li>H\u00f6he: 26 cm<\/li>\n<li>Breite: 17 cm<\/li>\n<li>Tiefe: 5,5 cm<\/li>\n<li>F\u00fcllmenge: 500 ml<\/li>\n<li>Material: Recycling Pl\u00fcsch\/Polyester, Thermoplastischer Gummi<\/li>\n<li>F\u00fcllmaterial: Recycling F\u00fcllwatte aus Polyester<\/li>\n<li>Pflegehinweis: Waschbar im Schonwaschgang bei 30 Grad<\/li>\n<\/ul>\n<p>&nbsp;<\/p>\n<p><strong>Warnhinweis:<\/strong><\/p>\n<p>Benutzen Sie niemals kochend heisses Wasser. F\u00fcllen Sie die W\u00e4rmflasche nur maximal zu Zweidrittel. \u00dcberf\u00fcllen Sie die W\u00e4rmflasche nicht, da dies die Flasche zum Platzen bringen k\u00f6nnte. Flasche am Hals aufrecht halten und langsam bef\u00fcllen, sodass kein heisses Wasser austreten kann. Bitte langsam bef\u00fcllen, um heisse Wasserspritzer zu vermeiden. Pressen Sie nach dem Bef\u00fcllen vorsichtig die Luft aus der Flasche, bis Wasser in der \u00d6ffnung erscheint. Schlie\u00dfen Sie die W\u00e4rmflasche sorgf\u00e4ltig. Verschliessen Sie den Schraubverschluss fest mit Ihren Fingern um sicherzugehen, dass kein Wasser entweichen kann.\u00a0 Achten Sie darauf, dass sich im Einguss der W\u00e4rmflasche kein Wasser mehr befindet, nachdem diese verschlossen wurde. F\u00fcllen Sie kein hei\u00dfes Wasser direkt vom Wasserhahn in die W\u00e4rmflasche, dies kann zu einer Qualit\u00e4tsminderung des Produktes f\u00fchren. Nach Gebrauch entleeren. Bei offenem Verschluss k\u00fchl, trocken und dunkel aufbewahren. Vermeiden Sie direkte Sonneneinstrahlung. Legen Sie nichts auf die Flasche. Vermeiden Sie den direkten Kontakt der W\u00e4rmflasche mit heissen Oberfl\u00e4chen. Vermeiden Sie Kontakt der W\u00e4rmflasche mit \u00d6l und Fett. Setzen Sie sich nicht auf die W\u00e4rmflasche und verwenden Sie diese nicht als Kissen.\u00a0 Sollte die M\u00f6glichkeit eines anhaltenden Hautkontakts bestehen, geeignete H\u00fclle verwenden, um Verbrennungen vorzubeugen. \u00dcberpr\u00fcfen Sie regelm\u00e4ssig W\u00e4rmflasche und Verschluss auf Besch\u00e4digung und Verschleiss.<\/p>\n","protected":false},"excerpt":{"rendered":"<p>Flauschig weiche W\u00e4rme mit Sheepmila, der W\u00e4rmflasche der NICI Green Kollektion.<\/p>\n","protected":false},"featured_media":13229,"template":"","meta":{"ocean_post_layout":"","ocean_both_sidebars_style":"","ocean_both_sidebars_content_width":0,"ocean_both_sidebars_sidebars_width":0,"ocean_sidebar":"0","ocean_second_sidebar":"0","ocean_disable_margins":"enable","ocean_add_body_class":"","ocean_shortcode_before_top_bar":"","ocean_shortcode_after_top_bar":"","ocean_shortcode_before_header":"","ocean_shortcode_after_header":"","ocean_has_shortcode":"","ocean_shortcode_after_title":"","ocean_shortcode_before_footer_widgets":"","ocean_shortcode_after_footer_widgets":"","ocean_shortcode_before_footer_bottom":"","ocean_shortcode_after_footer_bottom":"","ocean_display_top_bar":"default","ocean_display_header":"default","ocean_header_style":"","ocean_center_header_left_menu":"0","ocean_custom_header_template":"0","ocean_custom_logo":0,"ocean_custom_retina_logo":0,"ocean_custom_logo_max_width":0,"ocean_custom_logo_tablet_max_width":0,"ocean_custom_logo_mobile_max_width":0,"ocean_custom_logo_max_height":0,"ocean_custom_logo_tablet_max_height":0,"ocean_custom_logo_mobile_max_height":0,"ocean_header_custom_menu":"0","ocean_menu_typo_font_family":"0","ocean_menu_typo_font_subset":"","ocean_menu_typo_font_size":0,"ocean_menu_typo_font_size_tablet":0,"ocean_menu_typo_font_size_mobile":0,"ocean_menu_typo_font_size_unit":"px","ocean_menu_typo_font_weight":"","ocean_menu_typo_font_weight_tablet":"","ocean_menu_typo_font_weight_mobile":"","ocean_menu_typo_transform":"","ocean_menu_typo_transform_tablet":"","ocean_menu_typo_transform_mobile":"","ocean_menu_typo_line_height":0,"ocean_menu_typo_line_height_tablet":0,"ocean_menu_typo_line_height_mobile":0,"ocean_menu_typo_line_height_unit":"","ocean_menu_typo_spacing":0,"ocean_menu_typo_spacing_tablet":0,"ocean_menu_typo_spacing_mobile":0,"ocean_menu_typo_spacing_unit":"","ocean_menu_link_color":"","ocean_menu_link_color_hover":"","ocean_menu_link_color_active":"","ocean_menu_link_background":"","ocean_menu_link_hover_background":"","ocean_menu_link_active_background":"","ocean_menu_social_links_bg":"","ocean_menu_social_hover_links_bg":"","ocean_menu_social_links_color":"","ocean_menu_social_hover_links_color":"","ocean_disable_title":"default","ocean_disable_heading":"default","ocean_post_title":"","ocean_post_subheading":"","ocean_post_title_style":"","ocean_post_title_background_color":"","ocean_post_title_background":0,"ocean_post_title_bg_image_position":"","ocean_post_title_bg_image_attachment":"","ocean_post_title_bg_image_repeat":"","ocean_post_title_bg_image_size":"","ocean_post_title_height":0,"ocean_post_title_bg_overlay":0.5,"ocean_post_title_bg_overlay_color":"","ocean_disable_breadcrumbs":"default","ocean_breadcrumbs_color":"","ocean_breadcrumbs_separator_color":"","ocean_breadcrumbs_links_color":"","ocean_breadcrumbs_links_hover_color":"","ocean_display_footer_widgets":"default","ocean_display_footer_bottom":"default","ocean_custom_footer_template":"0","ofc_meta_disable_footer_callout":"","ofc_meta_callout_button_url":"","ofc_meta_callout_button_txt":"","ofc_meta_callout_text":"","osh_disable_topbar_sticky":"default","osh_disable_header_sticky":"default","osh_sticky_header_style":"default","osh_sticky_header_effect":"","osh_custom_sticky_logo":0,"osh_custom_retina_sticky_logo":0,"osh_custom_sticky_logo_height":0,"osh_background_color":"","osh_links_color":"","osh_links_hover_color":"","osh_links_active_color":"","osh_links_bg_color":"","osh_links_hover_bg_color":"","osh_links_active_bg_color":"","osh_menu_social_links_color":"","osh_menu_social_hover_links_color":""},"product_brand":[],"product_cat":[66,89,286],"product_tag":[1178,1367,1368,1369,756,629,1171,1172,1179],"class_list":{"0":"post-13226","1":"product","2":"type-product","3":"status-publish","4":"has-post-thumbnail","6":"product_cat-accessoires","7":"product_cat-geschenke","8":"product_cat-kinderspiele","9":"product_tag-herbst","10":"product_tag-nici","11":"product_tag-pluesch","12":"product_tag-plueschtier","13":"product_tag-recycling","14":"product_tag-rpet","15":"product_tag-waermeflasche","16":"product_tag-waermflasche","17":"product_tag-winter","19":"entry","20":"has-media","22":"first","23":"instock","24":"taxable","25":"shipping-taxable","26":"purchasable","27":"product-type-simple","28":"col","29":"span_1_of_3","30":"owp-content-center","31":"item-entry","32":"owp-thumbs-layout-horizontal","33":"owp-btn-normal","34":"owp-tabs-layout-horizontal","35":"circle-sale"},"yoast_head":"<!-- This site is optimized with the Yoast SEO plugin v27.4 - https:\/\/yoast.com\/product\/yoast-seo-wordpress\/ -->\n<title>NICI Green W\u00e4rmflasche Schaf Sheepmila - WeRecycle.ch | WR Group AG<\/title>\n<meta name=\"description\" content=\"NICI Schaf Sheepmila als kuschelig weiche W\u00e4rmflasche mit 500 ml Inhalt. Hergestellt aus Pl\u00fcsch\/Polyester aus Recycling PET - w\u00e4rmt Dich und freut die Umwelt.\" \/>\n<meta name=\"robots\" content=\"index, follow, max-snippet:-1, max-image-preview:large, max-video-preview:-1\" \/>\n<link rel=\"canonical\" href=\"https:\/\/www.werecycle.ch\/de\/shop\/freizeit\/kinderspiele\/nici-green-waermflasche-schaf-sheepmila\/\" \/>\n<meta property=\"og:locale\" content=\"de_DE\" \/>\n<meta property=\"og:type\" content=\"article\" \/>\n<meta property=\"og:title\" content=\"NICI Green W\u00e4rmflasche Schaf Sheepmila - WeRecycle.ch | WR Group AG\" \/>\n<meta property=\"og:description\" content=\"NICI Schaf Sheepmila als kuschelig weiche W\u00e4rmflasche mit 500 ml Inhalt. Hergestellt aus Pl\u00fcsch\/Polyester aus Recycling PET - w\u00e4rmt Dich und freut die Umwelt.\" \/>\n<meta property=\"og:url\" content=\"https:\/\/www.werecycle.ch\/de\/shop\/freizeit\/kinderspiele\/nici-green-waermflasche-schaf-sheepmila\/\" \/>\n<meta property=\"og:site_name\" content=\"WeRecycle.ch | WR Group AG\" \/>\n<meta property=\"article:publisher\" content=\"https:\/\/www.facebook.com\/www.werecycle.ch\" \/>\n<meta property=\"article:modified_time\" content=\"2024-10-03T12:17:30+00:00\" \/>\n<meta property=\"og:image\" content=\"https:\/\/www.werecycle.ch\/wp-content\/uploads\/2023\/10\/399038.webp\" \/>\n\t<meta property=\"og:image:width\" content=\"1500\" \/>\n\t<meta property=\"og:image:height\" content=\"1500\" \/>\n\t<meta property=\"og:image:type\" content=\"image\/webp\" \/>\n<meta name=\"twitter:card\" content=\"summary_large_image\" \/>\n<script type=\"application\/ld+json\" class=\"yoast-schema-graph\">{\"@context\":\"https:\\\/\\\/schema.org\",\"@graph\":[{\"@type\":\"WebPage\",\"@id\":\"https:\\\/\\\/www.werecycle.ch\\\/shop\\\/freizeit\\\/kinderspiele\\\/nici-green-waermflasche-schaf-sheepmila\\\/\",\"url\":\"https:\\\/\\\/www.werecycle.ch\\\/shop\\\/freizeit\\\/kinderspiele\\\/nici-green-waermflasche-schaf-sheepmila\\\/\",\"name\":\"NICI Green W\u00e4rmflasche Schaf Sheepmila - WeRecycle.ch | WR Group AG\",\"isPartOf\":{\"@id\":\"https:\\\/\\\/www.werecycle.ch\\\/de\\\/#website\"},\"primaryImageOfPage\":{\"@id\":\"https:\\\/\\\/www.werecycle.ch\\\/shop\\\/freizeit\\\/kinderspiele\\\/nici-green-waermflasche-schaf-sheepmila\\\/#primaryimage\"},\"image\":{\"@id\":\"https:\\\/\\\/www.werecycle.ch\\\/shop\\\/freizeit\\\/kinderspiele\\\/nici-green-waermflasche-schaf-sheepmila\\\/#primaryimage\"},\"thumbnailUrl\":\"https:\\\/\\\/www.werecycle.ch\\\/wp-content\\\/uploads\\\/2023\\\/10\\\/399038.webp\",\"datePublished\":\"2023-09-19T10:10:13+00:00\",\"dateModified\":\"2024-10-03T12:17:30+00:00\",\"description\":\"NICI Schaf Sheepmila als kuschelig weiche W\u00e4rmflasche mit 500 ml Inhalt. Hergestellt aus Pl\u00fcsch\\\/Polyester aus Recycling PET - w\u00e4rmt Dich und freut die Umwelt.\",\"breadcrumb\":{\"@id\":\"https:\\\/\\\/www.werecycle.ch\\\/shop\\\/freizeit\\\/kinderspiele\\\/nici-green-waermflasche-schaf-sheepmila\\\/#breadcrumb\"},\"inLanguage\":\"de\",\"potentialAction\":[{\"@type\":\"ReadAction\",\"target\":[\"https:\\\/\\\/www.werecycle.ch\\\/shop\\\/freizeit\\\/kinderspiele\\\/nici-green-waermflasche-schaf-sheepmila\\\/\"]}]},{\"@type\":\"ImageObject\",\"inLanguage\":\"de\",\"@id\":\"https:\\\/\\\/www.werecycle.ch\\\/shop\\\/freizeit\\\/kinderspiele\\\/nici-green-waermflasche-schaf-sheepmila\\\/#primaryimage\",\"url\":\"https:\\\/\\\/www.werecycle.ch\\\/wp-content\\\/uploads\\\/2023\\\/10\\\/399038.webp\",\"contentUrl\":\"https:\\\/\\\/www.werecycle.ch\\\/wp-content\\\/uploads\\\/2023\\\/10\\\/399038.webp\",\"width\":1500,\"height\":1500},{\"@type\":\"BreadcrumbList\",\"@id\":\"https:\\\/\\\/www.werecycle.ch\\\/shop\\\/freizeit\\\/kinderspiele\\\/nici-green-waermflasche-schaf-sheepmila\\\/#breadcrumb\",\"itemListElement\":[{\"@type\":\"ListItem\",\"position\":1,\"name\":\"Startseite\",\"item\":\"https:\\\/\\\/www.werecycle.ch\\\/\"},{\"@type\":\"ListItem\",\"position\":2,\"name\":\"Shop\",\"item\":\"https:\\\/\\\/www.werecycle.ch\\\/de\\\/shop\\\/\"},{\"@type\":\"ListItem\",\"position\":3,\"name\":\"NICI Green W\u00e4rmflasche Schaf Sheepmila\"}]},{\"@type\":\"WebSite\",\"@id\":\"https:\\\/\\\/www.werecycle.ch\\\/de\\\/#website\",\"url\":\"https:\\\/\\\/www.werecycle.ch\\\/de\\\/\",\"name\":\"WeRecycle.ch | Recycling Services AG\",\"description\":\"\",\"publisher\":{\"@id\":\"https:\\\/\\\/www.werecycle.ch\\\/de\\\/#organization\"},\"potentialAction\":[{\"@type\":\"SearchAction\",\"target\":{\"@type\":\"EntryPoint\",\"urlTemplate\":\"https:\\\/\\\/www.werecycle.ch\\\/de\\\/?s={search_term_string}\"},\"query-input\":{\"@type\":\"PropertyValueSpecification\",\"valueRequired\":true,\"valueName\":\"search_term_string\"}}],\"inLanguage\":\"de\"},{\"@type\":\"Organization\",\"@id\":\"https:\\\/\\\/www.werecycle.ch\\\/de\\\/#organization\",\"name\":\"WeRecycle.ch | Recycling Services AG\",\"url\":\"https:\\\/\\\/www.werecycle.ch\\\/de\\\/\",\"logo\":{\"@type\":\"ImageObject\",\"inLanguage\":\"de\",\"@id\":\"https:\\\/\\\/www.werecycle.ch\\\/de\\\/#\\\/schema\\\/logo\\\/image\\\/\",\"url\":\"https:\\\/\\\/www.werecycle.ch\\\/wp-content\\\/uploads\\\/2022\\\/09\\\/logo_werecycle.webp\",\"contentUrl\":\"https:\\\/\\\/www.werecycle.ch\\\/wp-content\\\/uploads\\\/2022\\\/09\\\/logo_werecycle.webp\",\"width\":1423,\"height\":427,\"caption\":\"WeRecycle.ch | Recycling Services AG\"},\"image\":{\"@id\":\"https:\\\/\\\/www.werecycle.ch\\\/de\\\/#\\\/schema\\\/logo\\\/image\\\/\"},\"sameAs\":[\"https:\\\/\\\/www.facebook.com\\\/www.werecycle.ch\"]}]}<\/script>\n<!-- \/ Yoast SEO plugin. -->","yoast_head_json":{"title":"NICI Green W\u00e4rmflasche Schaf Sheepmila - WeRecycle.ch | WR Group AG","description":"NICI Schaf Sheepmila als kuschelig weiche W\u00e4rmflasche mit 500 ml Inhalt. Hergestellt aus Pl\u00fcsch\/Polyester aus Recycling PET - w\u00e4rmt Dich und freut die Umwelt.","robots":{"index":"index","follow":"follow","max-snippet":"max-snippet:-1","max-image-preview":"max-image-preview:large","max-video-preview":"max-video-preview:-1"},"canonical":"https:\/\/www.werecycle.ch\/de\/shop\/freizeit\/kinderspiele\/nici-green-waermflasche-schaf-sheepmila\/","og_locale":"de_DE","og_type":"article","og_title":"NICI Green W\u00e4rmflasche Schaf Sheepmila - WeRecycle.ch | WR Group AG","og_description":"NICI Schaf Sheepmila als kuschelig weiche W\u00e4rmflasche mit 500 ml Inhalt. Hergestellt aus Pl\u00fcsch\/Polyester aus Recycling PET - w\u00e4rmt Dich und freut die Umwelt.","og_url":"https:\/\/www.werecycle.ch\/de\/shop\/freizeit\/kinderspiele\/nici-green-waermflasche-schaf-sheepmila\/","og_site_name":"WeRecycle.ch | WR Group AG","article_publisher":"https:\/\/www.facebook.com\/www.werecycle.ch","article_modified_time":"2024-10-03T12:17:30+00:00","og_image":[{"width":1500,"height":1500,"url":"https:\/\/www.werecycle.ch\/wp-content\/uploads\/2023\/10\/399038.webp","type":"image\/webp"}],"twitter_card":"summary_large_image","schema":{"@context":"https:\/\/schema.org","@graph":[{"@type":"WebPage","@id":"https:\/\/www.werecycle.ch\/shop\/freizeit\/kinderspiele\/nici-green-waermflasche-schaf-sheepmila\/","url":"https:\/\/www.werecycle.ch\/shop\/freizeit\/kinderspiele\/nici-green-waermflasche-schaf-sheepmila\/","name":"NICI Green W\u00e4rmflasche Schaf Sheepmila - WeRecycle.ch | WR Group AG","isPartOf":{"@id":"https:\/\/www.werecycle.ch\/de\/#website"},"primaryImageOfPage":{"@id":"https:\/\/www.werecycle.ch\/shop\/freizeit\/kinderspiele\/nici-green-waermflasche-schaf-sheepmila\/#primaryimage"},"image":{"@id":"https:\/\/www.werecycle.ch\/shop\/freizeit\/kinderspiele\/nici-green-waermflasche-schaf-sheepmila\/#primaryimage"},"thumbnailUrl":"https:\/\/www.werecycle.ch\/wp-content\/uploads\/2023\/10\/399038.webp","datePublished":"2023-09-19T10:10:13+00:00","dateModified":"2024-10-03T12:17:30+00:00","description":"NICI Schaf Sheepmila als kuschelig weiche W\u00e4rmflasche mit 500 ml Inhalt. Hergestellt aus Pl\u00fcsch\/Polyester aus Recycling PET - w\u00e4rmt Dich und freut die Umwelt.","breadcrumb":{"@id":"https:\/\/www.werecycle.ch\/shop\/freizeit\/kinderspiele\/nici-green-waermflasche-schaf-sheepmila\/#breadcrumb"},"inLanguage":"de","potentialAction":[{"@type":"ReadAction","target":["https:\/\/www.werecycle.ch\/shop\/freizeit\/kinderspiele\/nici-green-waermflasche-schaf-sheepmila\/"]}]},{"@type":"ImageObject","inLanguage":"de","@id":"https:\/\/www.werecycle.ch\/shop\/freizeit\/kinderspiele\/nici-green-waermflasche-schaf-sheepmila\/#primaryimage","url":"https:\/\/www.werecycle.ch\/wp-content\/uploads\/2023\/10\/399038.webp","contentUrl":"https:\/\/www.werecycle.ch\/wp-content\/uploads\/2023\/10\/399038.webp","width":1500,"height":1500},{"@type":"BreadcrumbList","@id":"https:\/\/www.werecycle.ch\/shop\/freizeit\/kinderspiele\/nici-green-waermflasche-schaf-sheepmila\/#breadcrumb","itemListElement":[{"@type":"ListItem","position":1,"name":"Startseite","item":"https:\/\/www.werecycle.ch\/"},{"@type":"ListItem","position":2,"name":"Shop","item":"https:\/\/www.werecycle.ch\/de\/shop\/"},{"@type":"ListItem","position":3,"name":"NICI Green W\u00e4rmflasche Schaf Sheepmila"}]},{"@type":"WebSite","@id":"https:\/\/www.werecycle.ch\/de\/#website","url":"https:\/\/www.werecycle.ch\/de\/","name":"WeRecycle.ch | Recycling Services AG","description":"","publisher":{"@id":"https:\/\/www.werecycle.ch\/de\/#organization"},"potentialAction":[{"@type":"SearchAction","target":{"@type":"EntryPoint","urlTemplate":"https:\/\/www.werecycle.ch\/de\/?s={search_term_string}"},"query-input":{"@type":"PropertyValueSpecification","valueRequired":true,"valueName":"search_term_string"}}],"inLanguage":"de"},{"@type":"Organization","@id":"https:\/\/www.werecycle.ch\/de\/#organization","name":"WeRecycle.ch | Recycling Services AG","url":"https:\/\/www.werecycle.ch\/de\/","logo":{"@type":"ImageObject","inLanguage":"de","@id":"https:\/\/www.werecycle.ch\/de\/#\/schema\/logo\/image\/","url":"https:\/\/www.werecycle.ch\/wp-content\/uploads\/2022\/09\/logo_werecycle.webp","contentUrl":"https:\/\/www.werecycle.ch\/wp-content\/uploads\/2022\/09\/logo_werecycle.webp","width":1423,"height":427,"caption":"WeRecycle.ch | Recycling Services AG"},"image":{"@id":"https:\/\/www.werecycle.ch\/de\/#\/schema\/logo\/image\/"},"sameAs":["https:\/\/www.facebook.com\/www.werecycle.ch"]}]}},"tiered_pricing_type":"fixed","tiered_pricing_fixed_rules":[],"tiered_pricing_product_settings":{"layout":"default","base_unit_name":{"singular":null,"plural":null},"default_variation":null},"tiered_pricing_minimum_quantity":null,"tiered_pricing_roles_data":[],"tiered_pricing_percentage_rules":[],"_links":{"self":[{"href":"https:\/\/www.werecycle.ch\/de\/wp-json\/wp\/v2\/product\/13226","targetHints":{"allow":["GET"]}}],"collection":[{"href":"https:\/\/www.werecycle.ch\/de\/wp-json\/wp\/v2\/product"}],"about":[{"href":"https:\/\/www.werecycle.ch\/de\/wp-json\/wp\/v2\/types\/product"}],"wp:featuredmedia":[{"embeddable":true,"href":"https:\/\/www.werecycle.ch\/de\/wp-json\/wp\/v2\/media\/13229"}],"wp:attachment":[{"href":"https:\/\/www.werecycle.ch\/de\/wp-json\/wp\/v2\/media?parent=13226"}],"wp:term":[{"taxonomy":"product_brand","embeddable":true,"href":"https:\/\/www.werecycle.ch\/de\/wp-json\/wp\/v2\/product_brand?post=13226"},{"taxonomy":"product_cat","embeddable":true,"href":"https:\/\/www.werecycle.ch\/de\/wp-json\/wp\/v2\/product_cat?post=13226"},{"taxonomy":"product_tag","embeddable":true,"href":"https:\/\/www.werecycle.ch\/de\/wp-json\/wp\/v2\/product_tag?post=13226"}],"curies":[{"name":"wp","href":"https:\/\/api.w.org\/{rel}","templated":true}]}}